{"id":62811,"date":"2025-09-01T03:05:17","date_gmt":"2025-09-01T01:05:17","guid":{"rendered":"https:\/\/zdesmedicpro-velepro.kuhada.net\/?post_type=product&#038;p=62811"},"modified":"2026-04-14T09:30:05","modified_gmt":"2026-04-14T07:30:05","slug":"glicerol-biljni-glicerin-500-ml","status":"publish","type":"product","link":"https:\/\/medicpro.hr\/veleprodaja\/proizvod\/glicerol-biljni-glicerin-500-ml\/","title":{"rendered":"GLICEROL &#8211; BILJNI GLICERIN 500 ml"},"content":{"rendered":"<ul>\n<li>Glicerol &#8211; biljni glicerin je teku\u0107ina bez boje i mirisa, potpuno topiva u vodi.<\/li>\n<li>Uporaba: \u0161iroka potro\u0161nja.<\/li>\n<li>Sastav: 100% glicerol.<\/li>\n<li>\u010cuvati na hladnom i suhom mjestu u dobro zatvorenim spremnicima.<\/li>\n<li>P102: \u010duvati izvan dohvata djece.<\/li>\n<li>Sinonimi: 1,2,3-propantriol.<\/li>\n<li>Kod rukovanja nositi za\u0161titne nao\u010dale protiv prskanja, rukavice (ina\u010de nije potrebno u normalnim okolnostima).<\/li>\n<li>U slu\u010daju udisanja: unesre\u0107enu osobu izvesti na svje\u017ei zrak.<\/li>\n<li>U slu\u010daju dodira s ko\u017eom: skinuti one\u010di\u0161\u0107enu odje\u0107u. U slu\u010daju nadra\u017eenosti ko\u017ee posavjetovati se s lije\u010dnikom.<\/li>\n<li>U slu\u010daju dodira s o\u010dima: ispirati otvoreno oko nekoliko minuta pod mlazom teku\u0107e vode. U slu\u010daju daljnje nadra\u017eenosti oka potra\u017eiti lije\u010dni\u010dku pomo\u0107.<\/li>\n<li>U slu\u010daju gutanja: piti puno vode i osigurati svje\u017ei zrak. Odmah pozvati lije\u010dnika. Zatra\u017eiti hitan lije\u010dni\u010dki savjet. Nikada ne davati ni\u0161ta na usta osobi u nesvijesti.<\/li>\n<li>CAS broj: 56-81-5.<\/li>\n<li>EC broj: 200-289-5.<\/li>\n<li>Cijena se odnosi na pakiranje od 500 ml.<\/li>\n<\/ul>\n","protected":false},"excerpt":{"rendered":"<p>Glicerol &#8211; biljni glicerin je teku\u0107ina bez boje i mirisa, potpuno topiva u vodi. Uporaba: \u0161iroka potro\u0161nja. Sastav: 100% glicerol.<\/p>\n","protected":false},"featured_media":62852,"comment_status":"closed","ping_status":"closed","template":"","meta":[],"product_brand":[],"product_cat":[704],"product_tag":[],"class_list":{"0":"post-62811","1":"product","2":"type-product","3":"status-publish","4":"has-post-thumbnail","6":"product_cat-medicinske-tekucine","8":"first","9":"instock","10":"taxable","11":"shipping-taxable","12":"purchasable","13":"product-type-simple"},"acf":[],"yoast_head":"<!-- This site is optimized with the Yoast SEO plugin v27.3 - https:\/\/yoast.com\/product\/yoast-seo-wordpress\/ -->\n<title>GLICEROL - BILJNI GLICERIN 500 ml - Medicpro<\/title>\n<meta name=\"robots\" content=\"index, follow, max-snippet:-1, max-image-preview:large, max-video-preview:-1\" \/>\n<link rel=\"canonical\" href=\"https:\/\/medicpro.hr\/veleprodaja\/proizvod\/glicerol-biljni-glicerin-500-ml\/\" \/>\n<meta property=\"og:locale\" content=\"hr_HR\" \/>\n<meta property=\"og:type\" content=\"article\" \/>\n<meta property=\"og:title\" content=\"GLICEROL - BILJNI GLICERIN 500 ml - Medicpro\" \/>\n<meta property=\"og:description\" content=\"Glicerol &#8211; biljni glicerin je teku\u0107ina bez boje i mirisa, potpuno topiva u vodi. Uporaba: \u0161iroka potro\u0161nja. Sastav: 100% glicerol.\" \/>\n<meta property=\"og:url\" content=\"https:\/\/medicpro.hr\/veleprodaja\/proizvod\/glicerol-biljni-glicerin-500-ml\/\" \/>\n<meta property=\"og:site_name\" content=\"Medicpro\" \/>\n<meta property=\"article:modified_time\" content=\"2026-04-14T07:30:05+00:00\" \/>\n<meta property=\"og:image\" content=\"https:\/\/medicpro.hr\/veleprodaja\/wp-content\/uploads\/2025\/09\/glicerol-biljni-glicerin-500-ml-1.png\" \/>\n\t<meta property=\"og:image:width\" content=\"1890\" \/>\n\t<meta property=\"og:image:height\" content=\"1890\" \/>\n\t<meta property=\"og:image:type\" content=\"image\/png\" \/>\n<meta name=\"twitter:card\" content=\"summary_large_image\" \/>\n<meta name=\"twitter:label1\" content=\"Procijenjeno vrijeme \u010ditanja\" \/>\n\t<meta name=\"twitter:data1\" content=\"1 minuta\" \/>\n<script type=\"application\/ld+json\" class=\"yoast-schema-graph\">{\"@context\":\"https:\\\/\\\/schema.org\",\"@graph\":[{\"@type\":\"WebPage\",\"@id\":\"https:\\\/\\\/medicpro.hr\\\/veleprodaja\\\/proizvod\\\/glicerol-biljni-glicerin-500-ml\\\/\",\"url\":\"https:\\\/\\\/medicpro.hr\\\/veleprodaja\\\/proizvod\\\/glicerol-biljni-glicerin-500-ml\\\/\",\"name\":\"GLICEROL - BILJNI GLICERIN 500 ml - Medicpro\",\"isPartOf\":{\"@id\":\"https:\\\/\\\/medicpro.hr\\\/veleprodaja\\\/#website\"},\"primaryImageOfPage\":{\"@id\":\"https:\\\/\\\/medicpro.hr\\\/veleprodaja\\\/proizvod\\\/glicerol-biljni-glicerin-500-ml\\\/#primaryimage\"},\"image\":{\"@id\":\"https:\\\/\\\/medicpro.hr\\\/veleprodaja\\\/proizvod\\\/glicerol-biljni-glicerin-500-ml\\\/#primaryimage\"},\"thumbnailUrl\":\"https:\\\/\\\/medicpro.hr\\\/veleprodaja\\\/wp-content\\\/uploads\\\/2025\\\/09\\\/glicerol-biljni-glicerin-500-ml-1.png\",\"datePublished\":\"2025-09-01T01:05:17+00:00\",\"dateModified\":\"2026-04-14T07:30:05+00:00\",\"breadcrumb\":{\"@id\":\"https:\\\/\\\/medicpro.hr\\\/veleprodaja\\\/proizvod\\\/glicerol-biljni-glicerin-500-ml\\\/#breadcrumb\"},\"inLanguage\":\"hr\",\"potentialAction\":[{\"@type\":\"ReadAction\",\"target\":[\"https:\\\/\\\/medicpro.hr\\\/veleprodaja\\\/proizvod\\\/glicerol-biljni-glicerin-500-ml\\\/\"]}]},{\"@type\":\"ImageObject\",\"inLanguage\":\"hr\",\"@id\":\"https:\\\/\\\/medicpro.hr\\\/veleprodaja\\\/proizvod\\\/glicerol-biljni-glicerin-500-ml\\\/#primaryimage\",\"url\":\"https:\\\/\\\/medicpro.hr\\\/veleprodaja\\\/wp-content\\\/uploads\\\/2025\\\/09\\\/glicerol-biljni-glicerin-500-ml-1.png\",\"contentUrl\":\"https:\\\/\\\/medicpro.hr\\\/veleprodaja\\\/wp-content\\\/uploads\\\/2025\\\/09\\\/glicerol-biljni-glicerin-500-ml-1.png\",\"width\":1890,\"height\":1890},{\"@type\":\"BreadcrumbList\",\"@id\":\"https:\\\/\\\/medicpro.hr\\\/veleprodaja\\\/proizvod\\\/glicerol-biljni-glicerin-500-ml\\\/#breadcrumb\",\"itemListElement\":[{\"@type\":\"ListItem\",\"position\":1,\"name\":\"Po\u010detna stranica\",\"item\":\"https:\\\/\\\/medicpro.hr\\\/veleprodaja\\\/\"},{\"@type\":\"ListItem\",\"position\":2,\"name\":\"Veleprodaja\",\"item\":\"https:\\\/\\\/medicpro.hr\\\/veleprodaja\\\/trgovina\\\/\"},{\"@type\":\"ListItem\",\"position\":3,\"name\":\"GLICEROL &#8211; BILJNI GLICERIN 500 ml\"}]},{\"@type\":\"WebSite\",\"@id\":\"https:\\\/\\\/medicpro.hr\\\/veleprodaja\\\/#website\",\"url\":\"https:\\\/\\\/medicpro.hr\\\/veleprodaja\\\/\",\"name\":\"Medicpro.hr\",\"description\":\"Medicinski potro\u0161ni materijal i oprema\",\"publisher\":{\"@id\":\"https:\\\/\\\/medicpro.hr\\\/veleprodaja\\\/#organization\"},\"potentialAction\":[{\"@type\":\"SearchAction\",\"target\":{\"@type\":\"EntryPoint\",\"urlTemplate\":\"https:\\\/\\\/medicpro.hr\\\/veleprodaja\\\/?s={search_term_string}\"},\"query-input\":{\"@type\":\"PropertyValueSpecification\",\"valueRequired\":true,\"valueName\":\"search_term_string\"}}],\"inLanguage\":\"hr\"},{\"@type\":\"Organization\",\"@id\":\"https:\\\/\\\/medicpro.hr\\\/veleprodaja\\\/#organization\",\"name\":\"Medicpro d.o.o.\",\"url\":\"https:\\\/\\\/medicpro.hr\\\/veleprodaja\\\/\",\"logo\":{\"@type\":\"ImageObject\",\"inLanguage\":\"hr\",\"@id\":\"https:\\\/\\\/medicpro.hr\\\/veleprodaja\\\/#\\\/schema\\\/logo\\\/image\\\/\",\"url\":\"https:\\\/\\\/medicpro.hr\\\/veleprodaja\\\/wp-content\\\/uploads\\\/2025\\\/05\\\/medicpro_logo.svg\",\"contentUrl\":\"https:\\\/\\\/medicpro.hr\\\/veleprodaja\\\/wp-content\\\/uploads\\\/2025\\\/05\\\/medicpro_logo.svg\",\"width\":226,\"height\":42,\"caption\":\"Medicpro d.o.o.\"},\"image\":{\"@id\":\"https:\\\/\\\/medicpro.hr\\\/veleprodaja\\\/#\\\/schema\\\/logo\\\/image\\\/\"}}]}<\/script>\n<!-- \/ Yoast SEO plugin. -->","yoast_head_json":{"title":"GLICEROL - BILJNI GLICERIN 500 ml - Medicpro","robots":{"index":"index","follow":"follow","max-snippet":"max-snippet:-1","max-image-preview":"max-image-preview:large","max-video-preview":"max-video-preview:-1"},"canonical":"https:\/\/medicpro.hr\/veleprodaja\/proizvod\/glicerol-biljni-glicerin-500-ml\/","og_locale":"hr_HR","og_type":"article","og_title":"GLICEROL - BILJNI GLICERIN 500 ml - Medicpro","og_description":"Glicerol &#8211; biljni glicerin je teku\u0107ina bez boje i mirisa, potpuno topiva u vodi. Uporaba: \u0161iroka potro\u0161nja. Sastav: 100% glicerol.","og_url":"https:\/\/medicpro.hr\/veleprodaja\/proizvod\/glicerol-biljni-glicerin-500-ml\/","og_site_name":"Medicpro","article_modified_time":"2026-04-14T07:30:05+00:00","og_image":[{"width":1890,"height":1890,"url":"https:\/\/medicpro.hr\/veleprodaja\/wp-content\/uploads\/2025\/09\/glicerol-biljni-glicerin-500-ml-1.png","type":"image\/png"}],"twitter_card":"summary_large_image","twitter_misc":{"Procijenjeno vrijeme \u010ditanja":"1 minuta"},"schema":{"@context":"https:\/\/schema.org","@graph":[{"@type":"WebPage","@id":"https:\/\/medicpro.hr\/veleprodaja\/proizvod\/glicerol-biljni-glicerin-500-ml\/","url":"https:\/\/medicpro.hr\/veleprodaja\/proizvod\/glicerol-biljni-glicerin-500-ml\/","name":"GLICEROL - BILJNI GLICERIN 500 ml - Medicpro","isPartOf":{"@id":"https:\/\/medicpro.hr\/veleprodaja\/#website"},"primaryImageOfPage":{"@id":"https:\/\/medicpro.hr\/veleprodaja\/proizvod\/glicerol-biljni-glicerin-500-ml\/#primaryimage"},"image":{"@id":"https:\/\/medicpro.hr\/veleprodaja\/proizvod\/glicerol-biljni-glicerin-500-ml\/#primaryimage"},"thumbnailUrl":"https:\/\/medicpro.hr\/veleprodaja\/wp-content\/uploads\/2025\/09\/glicerol-biljni-glicerin-500-ml-1.png","datePublished":"2025-09-01T01:05:17+00:00","dateModified":"2026-04-14T07:30:05+00:00","breadcrumb":{"@id":"https:\/\/medicpro.hr\/veleprodaja\/proizvod\/glicerol-biljni-glicerin-500-ml\/#breadcrumb"},"inLanguage":"hr","potentialAction":[{"@type":"ReadAction","target":["https:\/\/medicpro.hr\/veleprodaja\/proizvod\/glicerol-biljni-glicerin-500-ml\/"]}]},{"@type":"ImageObject","inLanguage":"hr","@id":"https:\/\/medicpro.hr\/veleprodaja\/proizvod\/glicerol-biljni-glicerin-500-ml\/#primaryimage","url":"https:\/\/medicpro.hr\/veleprodaja\/wp-content\/uploads\/2025\/09\/glicerol-biljni-glicerin-500-ml-1.png","contentUrl":"https:\/\/medicpro.hr\/veleprodaja\/wp-content\/uploads\/2025\/09\/glicerol-biljni-glicerin-500-ml-1.png","width":1890,"height":1890},{"@type":"BreadcrumbList","@id":"https:\/\/medicpro.hr\/veleprodaja\/proizvod\/glicerol-biljni-glicerin-500-ml\/#breadcrumb","itemListElement":[{"@type":"ListItem","position":1,"name":"Po\u010detna stranica","item":"https:\/\/medicpro.hr\/veleprodaja\/"},{"@type":"ListItem","position":2,"name":"Veleprodaja","item":"https:\/\/medicpro.hr\/veleprodaja\/trgovina\/"},{"@type":"ListItem","position":3,"name":"GLICEROL &#8211; BILJNI GLICERIN 500 ml"}]},{"@type":"WebSite","@id":"https:\/\/medicpro.hr\/veleprodaja\/#website","url":"https:\/\/medicpro.hr\/veleprodaja\/","name":"Medicpro.hr","description":"Medicinski potro\u0161ni materijal i oprema","publisher":{"@id":"https:\/\/medicpro.hr\/veleprodaja\/#organization"},"potentialAction":[{"@type":"SearchAction","target":{"@type":"EntryPoint","urlTemplate":"https:\/\/medicpro.hr\/veleprodaja\/?s={search_term_string}"},"query-input":{"@type":"PropertyValueSpecification","valueRequired":true,"valueName":"search_term_string"}}],"inLanguage":"hr"},{"@type":"Organization","@id":"https:\/\/medicpro.hr\/veleprodaja\/#organization","name":"Medicpro d.o.o.","url":"https:\/\/medicpro.hr\/veleprodaja\/","logo":{"@type":"ImageObject","inLanguage":"hr","@id":"https:\/\/medicpro.hr\/veleprodaja\/#\/schema\/logo\/image\/","url":"https:\/\/medicpro.hr\/veleprodaja\/wp-content\/uploads\/2025\/05\/medicpro_logo.svg","contentUrl":"https:\/\/medicpro.hr\/veleprodaja\/wp-content\/uploads\/2025\/05\/medicpro_logo.svg","width":226,"height":42,"caption":"Medicpro d.o.o."},"image":{"@id":"https:\/\/medicpro.hr\/veleprodaja\/#\/schema\/logo\/image\/"}}]}},"_links":{"self":[{"href":"https:\/\/medicpro.hr\/veleprodaja\/wp-json\/wp\/v2\/product\/62811","targetHints":{"allow":["GET"]}}],"collection":[{"href":"https:\/\/medicpro.hr\/veleprodaja\/wp-json\/wp\/v2\/product"}],"about":[{"href":"https:\/\/medicpro.hr\/veleprodaja\/wp-json\/wp\/v2\/types\/product"}],"replies":[{"embeddable":true,"href":"https:\/\/medicpro.hr\/veleprodaja\/wp-json\/wp\/v2\/comments?post=62811"}],"wp:featuredmedia":[{"embeddable":true,"href":"https:\/\/medicpro.hr\/veleprodaja\/wp-json\/wp\/v2\/media\/62852"}],"wp:attachment":[{"href":"https:\/\/medicpro.hr\/veleprodaja\/wp-json\/wp\/v2\/media?parent=62811"}],"wp:term":[{"taxonomy":"product_brand","embeddable":true,"href":"https:\/\/medicpro.hr\/veleprodaja\/wp-json\/wp\/v2\/product_brand?post=62811"},{"taxonomy":"product_cat","embeddable":true,"href":"https:\/\/medicpro.hr\/veleprodaja\/wp-json\/wp\/v2\/product_cat?post=62811"},{"taxonomy":"product_tag","embeddable":true,"href":"https:\/\/medicpro.hr\/veleprodaja\/wp-json\/wp\/v2\/product_tag?post=62811"}],"curies":[{"name":"wp","href":"https:\/\/api.w.org\/{rel}","templated":true}]}}