{"id":62803,"date":"2025-09-01T03:05:16","date_gmt":"2025-09-01T01:05:16","guid":{"rendered":"https:\/\/zdesmedicpro-velepro.kuhada.net\/?post_type=product&#038;p=62803"},"modified":"2026-04-14T09:30:10","modified_gmt":"2026-04-14T07:30:10","slug":"glicerol-glicerin-1-kg","status":"publish","type":"product","link":"https:\/\/medicpro.hr\/veleprodaja\/proizvod\/glicerol-glicerin-1-kg\/","title":{"rendered":"GLICEROL &#8211; GLICERIN 1 kg"},"content":{"rendered":"<ul>\n<li>Glicerol je bezbojna teku\u0107ina bez mirisa.<\/li>\n<li>Sinonimi: glicerin, 1,2,3-propanetriol.<\/li>\n<li>Koristi se za sintezu kemikalija za industrijsku i profesionalnu uporabu.<\/li>\n<li>Sastav: &gt;99% glicerol.<\/li>\n<li><strong>Najva\u017eniji simptomi i u\u010dinci, akutni i odgo\u0111eni:<\/strong>\n<ul>\n<li>Nakon udisanja: pare i aerosoli pri povi\u0161enim temperaturama uzrokuju dra\u017eenje di\u0161nog sustava. Ka\u0161alj, kihanje, \u0161mrkanje, ote\u017eano disanje.<\/li>\n<li>Nakon dodira s ko\u017eom: dugotrajna i ponavljaju\u0107a izlo\u017eenost kod osjetljivih ljudi uzrokuju crvenilo, svrbe\u017e i pucanje ko\u017ee.<\/li>\n<li>Nakon dodira s o\u010dima: u kontaktu s o\u010dima mo\u017ee uzrokovati crvenilo, bolnost i suzenje.<\/li>\n<li>Nakon gutanja: uzrokuje slabost, mu\u010dninu, povra\u0107anje i proljev. Mo\u017ee uzrokovati glavobolju. Kod gutanja ve\u0107ih koli\u010dina: poreme\u0107aji sr\u010danog ritma, izmijenjena krvna slika\/sastav krvi.<\/li>\n<\/ul>\n<\/li>\n<li>Osigurati optimalnu ventilaciju. Dr\u017eati udaljeno od izvora otvorene vatre, topline i direktnog sun\u010devog utjecaja. Skladi\u0161titi na suhom i hladnom mjestu.<\/li>\n<li>Osobne mjere za\u0161tite: koristiti za\u0161titne nao\u010dale ako postoji opasnost od prskanja u o\u010di te za\u0161titne rukavice.<\/li>\n<li>CAS broj: 56-81-5.<\/li>\n<li>EC broj: 200-289-5.<\/li>\n<li>Cijena se odnosi na pakiranje od 1 kg.<\/li>\n<li>1 kg glicerola je cca 0,8 litara.<\/li>\n<\/ul>\n","protected":false},"excerpt":{"rendered":"<p>Glicerol je bezbojna teku\u0107ina bez mirisa. Sinonimi: glicerin, 1,2,3-propanetriol. Koristi se za sintezu kemikalija za industrijsku i profesionalnu uporabu. Sastav:<\/p>\n","protected":false},"featured_media":62845,"comment_status":"closed","ping_status":"closed","template":"","meta":[],"product_brand":[],"product_cat":[704],"product_tag":[],"class_list":{"0":"post-62803","1":"product","2":"type-product","3":"status-publish","4":"has-post-thumbnail","6":"product_cat-medicinske-tekucine","8":"first","9":"instock","10":"taxable","11":"shipping-taxable","12":"purchasable","13":"product-type-simple"},"acf":[],"yoast_head":"<!-- This site is optimized with the Yoast SEO plugin v27.3 - https:\/\/yoast.com\/product\/yoast-seo-wordpress\/ -->\n<title>GLICEROL - GLICERIN 1 kg - Medicpro<\/title>\n<meta name=\"robots\" content=\"index, follow, max-snippet:-1, max-image-preview:large, max-video-preview:-1\" \/>\n<link rel=\"canonical\" href=\"https:\/\/medicpro.hr\/veleprodaja\/proizvod\/glicerol-glicerin-1-kg\/\" \/>\n<meta property=\"og:locale\" content=\"hr_HR\" \/>\n<meta property=\"og:type\" content=\"article\" \/>\n<meta property=\"og:title\" content=\"GLICEROL - GLICERIN 1 kg - Medicpro\" \/>\n<meta property=\"og:description\" content=\"Glicerol je bezbojna teku\u0107ina bez mirisa. Sinonimi: glicerin, 1,2,3-propanetriol. Koristi se za sintezu kemikalija za industrijsku i profesionalnu uporabu. Sastav:\" \/>\n<meta property=\"og:url\" content=\"https:\/\/medicpro.hr\/veleprodaja\/proizvod\/glicerol-glicerin-1-kg\/\" \/>\n<meta property=\"og:site_name\" content=\"Medicpro\" \/>\n<meta property=\"article:modified_time\" content=\"2026-04-14T07:30:10+00:00\" \/>\n<meta property=\"og:image\" content=\"https:\/\/medicpro.hr\/veleprodaja\/wp-content\/uploads\/2025\/09\/glicerol-glicerin-1-kg.png\" \/>\n\t<meta property=\"og:image:width\" content=\"1890\" \/>\n\t<meta property=\"og:image:height\" content=\"1890\" \/>\n\t<meta property=\"og:image:type\" content=\"image\/png\" \/>\n<meta name=\"twitter:card\" content=\"summary_large_image\" \/>\n<meta name=\"twitter:label1\" content=\"Procijenjeno vrijeme \u010ditanja\" \/>\n\t<meta name=\"twitter:data1\" content=\"1 minuta\" \/>\n<script type=\"application\/ld+json\" class=\"yoast-schema-graph\">{\"@context\":\"https:\\\/\\\/schema.org\",\"@graph\":[{\"@type\":\"WebPage\",\"@id\":\"https:\\\/\\\/medicpro.hr\\\/veleprodaja\\\/proizvod\\\/glicerol-glicerin-1-kg\\\/\",\"url\":\"https:\\\/\\\/medicpro.hr\\\/veleprodaja\\\/proizvod\\\/glicerol-glicerin-1-kg\\\/\",\"name\":\"GLICEROL - GLICERIN 1 kg - Medicpro\",\"isPartOf\":{\"@id\":\"https:\\\/\\\/medicpro.hr\\\/veleprodaja\\\/#website\"},\"primaryImageOfPage\":{\"@id\":\"https:\\\/\\\/medicpro.hr\\\/veleprodaja\\\/proizvod\\\/glicerol-glicerin-1-kg\\\/#primaryimage\"},\"image\":{\"@id\":\"https:\\\/\\\/medicpro.hr\\\/veleprodaja\\\/proizvod\\\/glicerol-glicerin-1-kg\\\/#primaryimage\"},\"thumbnailUrl\":\"https:\\\/\\\/medicpro.hr\\\/veleprodaja\\\/wp-content\\\/uploads\\\/2025\\\/09\\\/glicerol-glicerin-1-kg.png\",\"datePublished\":\"2025-09-01T01:05:16+00:00\",\"dateModified\":\"2026-04-14T07:30:10+00:00\",\"breadcrumb\":{\"@id\":\"https:\\\/\\\/medicpro.hr\\\/veleprodaja\\\/proizvod\\\/glicerol-glicerin-1-kg\\\/#breadcrumb\"},\"inLanguage\":\"hr\",\"potentialAction\":[{\"@type\":\"ReadAction\",\"target\":[\"https:\\\/\\\/medicpro.hr\\\/veleprodaja\\\/proizvod\\\/glicerol-glicerin-1-kg\\\/\"]}]},{\"@type\":\"ImageObject\",\"inLanguage\":\"hr\",\"@id\":\"https:\\\/\\\/medicpro.hr\\\/veleprodaja\\\/proizvod\\\/glicerol-glicerin-1-kg\\\/#primaryimage\",\"url\":\"https:\\\/\\\/medicpro.hr\\\/veleprodaja\\\/wp-content\\\/uploads\\\/2025\\\/09\\\/glicerol-glicerin-1-kg.png\",\"contentUrl\":\"https:\\\/\\\/medicpro.hr\\\/veleprodaja\\\/wp-content\\\/uploads\\\/2025\\\/09\\\/glicerol-glicerin-1-kg.png\",\"width\":1890,\"height\":1890},{\"@type\":\"BreadcrumbList\",\"@id\":\"https:\\\/\\\/medicpro.hr\\\/veleprodaja\\\/proizvod\\\/glicerol-glicerin-1-kg\\\/#breadcrumb\",\"itemListElement\":[{\"@type\":\"ListItem\",\"position\":1,\"name\":\"Po\u010detna stranica\",\"item\":\"https:\\\/\\\/medicpro.hr\\\/veleprodaja\\\/\"},{\"@type\":\"ListItem\",\"position\":2,\"name\":\"Veleprodaja\",\"item\":\"https:\\\/\\\/medicpro.hr\\\/veleprodaja\\\/trgovina\\\/\"},{\"@type\":\"ListItem\",\"position\":3,\"name\":\"GLICEROL &#8211; GLICERIN 1 kg\"}]},{\"@type\":\"WebSite\",\"@id\":\"https:\\\/\\\/medicpro.hr\\\/veleprodaja\\\/#website\",\"url\":\"https:\\\/\\\/medicpro.hr\\\/veleprodaja\\\/\",\"name\":\"Medicpro.hr\",\"description\":\"Medicinski potro\u0161ni materijal i oprema\",\"publisher\":{\"@id\":\"https:\\\/\\\/medicpro.hr\\\/veleprodaja\\\/#organization\"},\"potentialAction\":[{\"@type\":\"SearchAction\",\"target\":{\"@type\":\"EntryPoint\",\"urlTemplate\":\"https:\\\/\\\/medicpro.hr\\\/veleprodaja\\\/?s={search_term_string}\"},\"query-input\":{\"@type\":\"PropertyValueSpecification\",\"valueRequired\":true,\"valueName\":\"search_term_string\"}}],\"inLanguage\":\"hr\"},{\"@type\":\"Organization\",\"@id\":\"https:\\\/\\\/medicpro.hr\\\/veleprodaja\\\/#organization\",\"name\":\"Medicpro d.o.o.\",\"url\":\"https:\\\/\\\/medicpro.hr\\\/veleprodaja\\\/\",\"logo\":{\"@type\":\"ImageObject\",\"inLanguage\":\"hr\",\"@id\":\"https:\\\/\\\/medicpro.hr\\\/veleprodaja\\\/#\\\/schema\\\/logo\\\/image\\\/\",\"url\":\"https:\\\/\\\/medicpro.hr\\\/veleprodaja\\\/wp-content\\\/uploads\\\/2025\\\/05\\\/medicpro_logo.svg\",\"contentUrl\":\"https:\\\/\\\/medicpro.hr\\\/veleprodaja\\\/wp-content\\\/uploads\\\/2025\\\/05\\\/medicpro_logo.svg\",\"width\":226,\"height\":42,\"caption\":\"Medicpro d.o.o.\"},\"image\":{\"@id\":\"https:\\\/\\\/medicpro.hr\\\/veleprodaja\\\/#\\\/schema\\\/logo\\\/image\\\/\"}}]}<\/script>\n<!-- \/ Yoast SEO plugin. -->","yoast_head_json":{"title":"GLICEROL - GLICERIN 1 kg - Medicpro","robots":{"index":"index","follow":"follow","max-snippet":"max-snippet:-1","max-image-preview":"max-image-preview:large","max-video-preview":"max-video-preview:-1"},"canonical":"https:\/\/medicpro.hr\/veleprodaja\/proizvod\/glicerol-glicerin-1-kg\/","og_locale":"hr_HR","og_type":"article","og_title":"GLICEROL - GLICERIN 1 kg - Medicpro","og_description":"Glicerol je bezbojna teku\u0107ina bez mirisa. Sinonimi: glicerin, 1,2,3-propanetriol. Koristi se za sintezu kemikalija za industrijsku i profesionalnu uporabu. Sastav:","og_url":"https:\/\/medicpro.hr\/veleprodaja\/proizvod\/glicerol-glicerin-1-kg\/","og_site_name":"Medicpro","article_modified_time":"2026-04-14T07:30:10+00:00","og_image":[{"width":1890,"height":1890,"url":"https:\/\/medicpro.hr\/veleprodaja\/wp-content\/uploads\/2025\/09\/glicerol-glicerin-1-kg.png","type":"image\/png"}],"twitter_card":"summary_large_image","twitter_misc":{"Procijenjeno vrijeme \u010ditanja":"1 minuta"},"schema":{"@context":"https:\/\/schema.org","@graph":[{"@type":"WebPage","@id":"https:\/\/medicpro.hr\/veleprodaja\/proizvod\/glicerol-glicerin-1-kg\/","url":"https:\/\/medicpro.hr\/veleprodaja\/proizvod\/glicerol-glicerin-1-kg\/","name":"GLICEROL - GLICERIN 1 kg - Medicpro","isPartOf":{"@id":"https:\/\/medicpro.hr\/veleprodaja\/#website"},"primaryImageOfPage":{"@id":"https:\/\/medicpro.hr\/veleprodaja\/proizvod\/glicerol-glicerin-1-kg\/#primaryimage"},"image":{"@id":"https:\/\/medicpro.hr\/veleprodaja\/proizvod\/glicerol-glicerin-1-kg\/#primaryimage"},"thumbnailUrl":"https:\/\/medicpro.hr\/veleprodaja\/wp-content\/uploads\/2025\/09\/glicerol-glicerin-1-kg.png","datePublished":"2025-09-01T01:05:16+00:00","dateModified":"2026-04-14T07:30:10+00:00","breadcrumb":{"@id":"https:\/\/medicpro.hr\/veleprodaja\/proizvod\/glicerol-glicerin-1-kg\/#breadcrumb"},"inLanguage":"hr","potentialAction":[{"@type":"ReadAction","target":["https:\/\/medicpro.hr\/veleprodaja\/proizvod\/glicerol-glicerin-1-kg\/"]}]},{"@type":"ImageObject","inLanguage":"hr","@id":"https:\/\/medicpro.hr\/veleprodaja\/proizvod\/glicerol-glicerin-1-kg\/#primaryimage","url":"https:\/\/medicpro.hr\/veleprodaja\/wp-content\/uploads\/2025\/09\/glicerol-glicerin-1-kg.png","contentUrl":"https:\/\/medicpro.hr\/veleprodaja\/wp-content\/uploads\/2025\/09\/glicerol-glicerin-1-kg.png","width":1890,"height":1890},{"@type":"BreadcrumbList","@id":"https:\/\/medicpro.hr\/veleprodaja\/proizvod\/glicerol-glicerin-1-kg\/#breadcrumb","itemListElement":[{"@type":"ListItem","position":1,"name":"Po\u010detna stranica","item":"https:\/\/medicpro.hr\/veleprodaja\/"},{"@type":"ListItem","position":2,"name":"Veleprodaja","item":"https:\/\/medicpro.hr\/veleprodaja\/trgovina\/"},{"@type":"ListItem","position":3,"name":"GLICEROL &#8211; GLICERIN 1 kg"}]},{"@type":"WebSite","@id":"https:\/\/medicpro.hr\/veleprodaja\/#website","url":"https:\/\/medicpro.hr\/veleprodaja\/","name":"Medicpro.hr","description":"Medicinski potro\u0161ni materijal i oprema","publisher":{"@id":"https:\/\/medicpro.hr\/veleprodaja\/#organization"},"potentialAction":[{"@type":"SearchAction","target":{"@type":"EntryPoint","urlTemplate":"https:\/\/medicpro.hr\/veleprodaja\/?s={search_term_string}"},"query-input":{"@type":"PropertyValueSpecification","valueRequired":true,"valueName":"search_term_string"}}],"inLanguage":"hr"},{"@type":"Organization","@id":"https:\/\/medicpro.hr\/veleprodaja\/#organization","name":"Medicpro d.o.o.","url":"https:\/\/medicpro.hr\/veleprodaja\/","logo":{"@type":"ImageObject","inLanguage":"hr","@id":"https:\/\/medicpro.hr\/veleprodaja\/#\/schema\/logo\/image\/","url":"https:\/\/medicpro.hr\/veleprodaja\/wp-content\/uploads\/2025\/05\/medicpro_logo.svg","contentUrl":"https:\/\/medicpro.hr\/veleprodaja\/wp-content\/uploads\/2025\/05\/medicpro_logo.svg","width":226,"height":42,"caption":"Medicpro d.o.o."},"image":{"@id":"https:\/\/medicpro.hr\/veleprodaja\/#\/schema\/logo\/image\/"}}]}},"_links":{"self":[{"href":"https:\/\/medicpro.hr\/veleprodaja\/wp-json\/wp\/v2\/product\/62803","targetHints":{"allow":["GET"]}}],"collection":[{"href":"https:\/\/medicpro.hr\/veleprodaja\/wp-json\/wp\/v2\/product"}],"about":[{"href":"https:\/\/medicpro.hr\/veleprodaja\/wp-json\/wp\/v2\/types\/product"}],"replies":[{"embeddable":true,"href":"https:\/\/medicpro.hr\/veleprodaja\/wp-json\/wp\/v2\/comments?post=62803"}],"wp:featuredmedia":[{"embeddable":true,"href":"https:\/\/medicpro.hr\/veleprodaja\/wp-json\/wp\/v2\/media\/62845"}],"wp:attachment":[{"href":"https:\/\/medicpro.hr\/veleprodaja\/wp-json\/wp\/v2\/media?parent=62803"}],"wp:term":[{"taxonomy":"product_brand","embeddable":true,"href":"https:\/\/medicpro.hr\/veleprodaja\/wp-json\/wp\/v2\/product_brand?post=62803"},{"taxonomy":"product_cat","embeddable":true,"href":"https:\/\/medicpro.hr\/veleprodaja\/wp-json\/wp\/v2\/product_cat?post=62803"},{"taxonomy":"product_tag","embeddable":true,"href":"https:\/\/medicpro.hr\/veleprodaja\/wp-json\/wp\/v2\/product_tag?post=62803"}],"curies":[{"name":"wp","href":"https:\/\/api.w.org\/{rel}","templated":true}]}}