{"id":62802,"date":"2025-09-01T03:05:16","date_gmt":"2025-09-01T01:05:16","guid":{"rendered":"https:\/\/zdesmedicpro-velepro.kuhada.net\/?post_type=product&#038;p=62802"},"modified":"2026-03-06T13:15:58","modified_gmt":"2026-03-06T12:15:58","slug":"tlakomjer-leo-pedijatrijski-odrasli","status":"publish","type":"product","link":"https:\/\/medicpro.hr\/veleprodaja\/proizvod\/tlakomjer-leo-pedijatrijski-odrasli\/","title":{"rendered":"TLAKOMJER LEO PEDIJATRIJSKI\/ODRASLI"},"content":{"rendered":"<ul>\n<li>Profesionalni<strong> automatski digitalni tlakomjer<\/strong> dizajniran za to\u010dno i pouzdano mjerenje krvnog tlaka.<\/li>\n<li>Tlakomjer je prilago\u0111en za kori\u0161tenje kod <strong>novoro\u0111en\u010dadi, djece i odraslih.<\/strong><\/li>\n<li>Omogu\u0107ava jednostavno automatsko mjerenje jednim pritiskom na tipku.<\/li>\n<li>Sadr\u017ei <strong>veliki zaslon u boji<\/strong> za jasnu i \u010ditku prezentaciju rezultata.<\/li>\n<li>Omogu\u0107ava spremanje podataka za do <strong>tri korisnika<\/strong>, gdje je mogu\u0107e spremiti podatke za do 100 mjerenja.<\/li>\n<li>Opremljen je <strong>alarmom<\/strong> s mogu\u0107no\u0161\u0107u pode\u0161avanja grani\u010dnih vrijednosti tlaka, \u0161to mo\u017ee biti korisno za pravovremeno upozorenje na povi\u0161ene ili sni\u017eene vrijednosti tlaka.<\/li>\n<\/ul>\n<p>&nbsp;<\/p>\n<ul>\n<li>Dostupna je dodatna <a href=\"https:\/\/medicpro.hr\/veleprodaja\/proizvod\/manzeta-za-veterinarski-tlakomjer-18-26-cm\/\">man\u017eeta za tlakomjer<\/a>.<\/li>\n<\/ul>\n<p>&nbsp;<\/p>\n<p><strong>Tehni\u010dke specifikacije:<\/strong><\/p>\n<ul>\n<li>Mjeri tlak <strong>oscilometrijskom metodom.<\/strong><\/li>\n<li>Omogu\u0107ava prikaz rezultata u kPa ili mmHg.<\/li>\n<li>Raspon mjerenja: 0\u2013297 mmHg (0\u201339,6 kPa).<\/li>\n<li>To\u010dnost tlakomjera: \u00b13 mmHg (\u00b10,4 kPa).<\/li>\n<li>Dimenzije ure\u0111aja: 130 \u00d7 110 \u00d7 80 mm.<\/li>\n<li>Napajanje: 4\u00d7 AA baterije ili mre\u017eni adapter (nije uklju\u010den).<\/li>\n<\/ul>\n<p>&nbsp;<\/p>\n<ul>\n<li>Pakiranje sadr\u017ei standardnu man\u017eetu (za nadlaktice opsega 25-35 cm), USB kabel, softver za povezivanje s ra\u010dunalom te upute.<\/li>\n<li>Softver za povezivanje s ra\u010dunalom omogu\u0107ava pregled podataka, analizu rezultata, pra\u0107enje trendova putem grafikona te ispis izvje\u0161taja.<\/li>\n<\/ul>\n","protected":false},"excerpt":{"rendered":"<p>Profesionalni automatski digitalni tlakomjer dizajniran za to\u010dno i pouzdano mjerenje krvnog tlaka. Tlakomjer je prilago\u0111en za kori\u0161tenje kod novoro\u0111en\u010dadi, djece<\/p>\n","protected":false},"featured_media":62844,"comment_status":"closed","ping_status":"closed","template":"","meta":[],"product_brand":[],"product_cat":[702,782],"product_tag":[],"class_list":{"0":"post-62802","1":"product","2":"type-product","3":"status-publish","4":"has-post-thumbnail","6":"product_cat-dijagnostika","7":"product_cat-tlakomjeri","9":"first","10":"instock","11":"taxable","12":"shipping-taxable","13":"purchasable","14":"product-type-simple"},"acf":[],"yoast_head":"<!-- This site is optimized with the Yoast SEO plugin v27.3 - https:\/\/yoast.com\/product\/yoast-seo-wordpress\/ -->\n<title>TLAKOMJER LEO PEDIJATRIJSKI\/ODRASLI - Medicpro<\/title>\n<meta name=\"robots\" content=\"index, follow, max-snippet:-1, max-image-preview:large, max-video-preview:-1\" \/>\n<link rel=\"canonical\" href=\"https:\/\/medicpro.hr\/veleprodaja\/proizvod\/tlakomjer-leo-pedijatrijski-odrasli\/\" \/>\n<meta property=\"og:locale\" content=\"hr_HR\" \/>\n<meta property=\"og:type\" content=\"article\" \/>\n<meta property=\"og:title\" content=\"TLAKOMJER LEO PEDIJATRIJSKI\/ODRASLI - Medicpro\" \/>\n<meta property=\"og:description\" content=\"Profesionalni automatski digitalni tlakomjer dizajniran za to\u010dno i pouzdano mjerenje krvnog tlaka. Tlakomjer je prilago\u0111en za kori\u0161tenje kod novoro\u0111en\u010dadi, djece\" \/>\n<meta property=\"og:url\" content=\"https:\/\/medicpro.hr\/veleprodaja\/proizvod\/tlakomjer-leo-pedijatrijski-odrasli\/\" \/>\n<meta property=\"og:site_name\" content=\"Medicpro\" \/>\n<meta property=\"article:modified_time\" content=\"2026-03-06T12:15:58+00:00\" \/>\n<meta property=\"og:image\" content=\"https:\/\/medicpro.hr\/veleprodaja\/wp-content\/uploads\/2025\/09\/tlakomjer-leo-pedijatrijski-odrasli.jpg\" \/>\n\t<meta property=\"og:image:width\" content=\"853\" \/>\n\t<meta property=\"og:image:height\" content=\"640\" \/>\n\t<meta property=\"og:image:type\" content=\"image\/jpeg\" \/>\n<meta name=\"twitter:card\" content=\"summary_large_image\" \/>\n<meta name=\"twitter:label1\" content=\"Procijenjeno vrijeme \u010ditanja\" \/>\n\t<meta name=\"twitter:data1\" content=\"1 minuta\" \/>\n<script type=\"application\/ld+json\" class=\"yoast-schema-graph\">{\"@context\":\"https:\\\/\\\/schema.org\",\"@graph\":[{\"@type\":\"WebPage\",\"@id\":\"https:\\\/\\\/medicpro.hr\\\/veleprodaja\\\/proizvod\\\/tlakomjer-leo-pedijatrijski-odrasli\\\/\",\"url\":\"https:\\\/\\\/medicpro.hr\\\/veleprodaja\\\/proizvod\\\/tlakomjer-leo-pedijatrijski-odrasli\\\/\",\"name\":\"TLAKOMJER LEO PEDIJATRIJSKI\\\/ODRASLI - Medicpro\",\"isPartOf\":{\"@id\":\"https:\\\/\\\/medicpro.hr\\\/veleprodaja\\\/#website\"},\"primaryImageOfPage\":{\"@id\":\"https:\\\/\\\/medicpro.hr\\\/veleprodaja\\\/proizvod\\\/tlakomjer-leo-pedijatrijski-odrasli\\\/#primaryimage\"},\"image\":{\"@id\":\"https:\\\/\\\/medicpro.hr\\\/veleprodaja\\\/proizvod\\\/tlakomjer-leo-pedijatrijski-odrasli\\\/#primaryimage\"},\"thumbnailUrl\":\"https:\\\/\\\/medicpro.hr\\\/veleprodaja\\\/wp-content\\\/uploads\\\/2025\\\/09\\\/tlakomjer-leo-pedijatrijski-odrasli.jpg\",\"datePublished\":\"2025-09-01T01:05:16+00:00\",\"dateModified\":\"2026-03-06T12:15:58+00:00\",\"breadcrumb\":{\"@id\":\"https:\\\/\\\/medicpro.hr\\\/veleprodaja\\\/proizvod\\\/tlakomjer-leo-pedijatrijski-odrasli\\\/#breadcrumb\"},\"inLanguage\":\"hr\",\"potentialAction\":[{\"@type\":\"ReadAction\",\"target\":[\"https:\\\/\\\/medicpro.hr\\\/veleprodaja\\\/proizvod\\\/tlakomjer-leo-pedijatrijski-odrasli\\\/\"]}]},{\"@type\":\"ImageObject\",\"inLanguage\":\"hr\",\"@id\":\"https:\\\/\\\/medicpro.hr\\\/veleprodaja\\\/proizvod\\\/tlakomjer-leo-pedijatrijski-odrasli\\\/#primaryimage\",\"url\":\"https:\\\/\\\/medicpro.hr\\\/veleprodaja\\\/wp-content\\\/uploads\\\/2025\\\/09\\\/tlakomjer-leo-pedijatrijski-odrasli.jpg\",\"contentUrl\":\"https:\\\/\\\/medicpro.hr\\\/veleprodaja\\\/wp-content\\\/uploads\\\/2025\\\/09\\\/tlakomjer-leo-pedijatrijski-odrasli.jpg\",\"width\":853,\"height\":640},{\"@type\":\"BreadcrumbList\",\"@id\":\"https:\\\/\\\/medicpro.hr\\\/veleprodaja\\\/proizvod\\\/tlakomjer-leo-pedijatrijski-odrasli\\\/#breadcrumb\",\"itemListElement\":[{\"@type\":\"ListItem\",\"position\":1,\"name\":\"Po\u010detna stranica\",\"item\":\"https:\\\/\\\/medicpro.hr\\\/veleprodaja\\\/\"},{\"@type\":\"ListItem\",\"position\":2,\"name\":\"Veleprodaja\",\"item\":\"https:\\\/\\\/medicpro.hr\\\/veleprodaja\\\/trgovina\\\/\"},{\"@type\":\"ListItem\",\"position\":3,\"name\":\"TLAKOMJER LEO PEDIJATRIJSKI\\\/ODRASLI\"}]},{\"@type\":\"WebSite\",\"@id\":\"https:\\\/\\\/medicpro.hr\\\/veleprodaja\\\/#website\",\"url\":\"https:\\\/\\\/medicpro.hr\\\/veleprodaja\\\/\",\"name\":\"Medicpro.hr\",\"description\":\"Medicinski potro\u0161ni materijal i oprema\",\"publisher\":{\"@id\":\"https:\\\/\\\/medicpro.hr\\\/veleprodaja\\\/#organization\"},\"potentialAction\":[{\"@type\":\"SearchAction\",\"target\":{\"@type\":\"EntryPoint\",\"urlTemplate\":\"https:\\\/\\\/medicpro.hr\\\/veleprodaja\\\/?s={search_term_string}\"},\"query-input\":{\"@type\":\"PropertyValueSpecification\",\"valueRequired\":true,\"valueName\":\"search_term_string\"}}],\"inLanguage\":\"hr\"},{\"@type\":\"Organization\",\"@id\":\"https:\\\/\\\/medicpro.hr\\\/veleprodaja\\\/#organization\",\"name\":\"Medicpro d.o.o.\",\"url\":\"https:\\\/\\\/medicpro.hr\\\/veleprodaja\\\/\",\"logo\":{\"@type\":\"ImageObject\",\"inLanguage\":\"hr\",\"@id\":\"https:\\\/\\\/medicpro.hr\\\/veleprodaja\\\/#\\\/schema\\\/logo\\\/image\\\/\",\"url\":\"https:\\\/\\\/medicpro.hr\\\/veleprodaja\\\/wp-content\\\/uploads\\\/2025\\\/05\\\/medicpro_logo.svg\",\"contentUrl\":\"https:\\\/\\\/medicpro.hr\\\/veleprodaja\\\/wp-content\\\/uploads\\\/2025\\\/05\\\/medicpro_logo.svg\",\"width\":226,\"height\":42,\"caption\":\"Medicpro d.o.o.\"},\"image\":{\"@id\":\"https:\\\/\\\/medicpro.hr\\\/veleprodaja\\\/#\\\/schema\\\/logo\\\/image\\\/\"}}]}<\/script>\n<!-- \/ Yoast SEO plugin. -->","yoast_head_json":{"title":"TLAKOMJER LEO PEDIJATRIJSKI\/ODRASLI - Medicpro","robots":{"index":"index","follow":"follow","max-snippet":"max-snippet:-1","max-image-preview":"max-image-preview:large","max-video-preview":"max-video-preview:-1"},"canonical":"https:\/\/medicpro.hr\/veleprodaja\/proizvod\/tlakomjer-leo-pedijatrijski-odrasli\/","og_locale":"hr_HR","og_type":"article","og_title":"TLAKOMJER LEO PEDIJATRIJSKI\/ODRASLI - Medicpro","og_description":"Profesionalni automatski digitalni tlakomjer dizajniran za to\u010dno i pouzdano mjerenje krvnog tlaka. Tlakomjer je prilago\u0111en za kori\u0161tenje kod novoro\u0111en\u010dadi, djece","og_url":"https:\/\/medicpro.hr\/veleprodaja\/proizvod\/tlakomjer-leo-pedijatrijski-odrasli\/","og_site_name":"Medicpro","article_modified_time":"2026-03-06T12:15:58+00:00","og_image":[{"width":853,"height":640,"url":"https:\/\/medicpro.hr\/veleprodaja\/wp-content\/uploads\/2025\/09\/tlakomjer-leo-pedijatrijski-odrasli.jpg","type":"image\/jpeg"}],"twitter_card":"summary_large_image","twitter_misc":{"Procijenjeno vrijeme \u010ditanja":"1 minuta"},"schema":{"@context":"https:\/\/schema.org","@graph":[{"@type":"WebPage","@id":"https:\/\/medicpro.hr\/veleprodaja\/proizvod\/tlakomjer-leo-pedijatrijski-odrasli\/","url":"https:\/\/medicpro.hr\/veleprodaja\/proizvod\/tlakomjer-leo-pedijatrijski-odrasli\/","name":"TLAKOMJER LEO PEDIJATRIJSKI\/ODRASLI - Medicpro","isPartOf":{"@id":"https:\/\/medicpro.hr\/veleprodaja\/#website"},"primaryImageOfPage":{"@id":"https:\/\/medicpro.hr\/veleprodaja\/proizvod\/tlakomjer-leo-pedijatrijski-odrasli\/#primaryimage"},"image":{"@id":"https:\/\/medicpro.hr\/veleprodaja\/proizvod\/tlakomjer-leo-pedijatrijski-odrasli\/#primaryimage"},"thumbnailUrl":"https:\/\/medicpro.hr\/veleprodaja\/wp-content\/uploads\/2025\/09\/tlakomjer-leo-pedijatrijski-odrasli.jpg","datePublished":"2025-09-01T01:05:16+00:00","dateModified":"2026-03-06T12:15:58+00:00","breadcrumb":{"@id":"https:\/\/medicpro.hr\/veleprodaja\/proizvod\/tlakomjer-leo-pedijatrijski-odrasli\/#breadcrumb"},"inLanguage":"hr","potentialAction":[{"@type":"ReadAction","target":["https:\/\/medicpro.hr\/veleprodaja\/proizvod\/tlakomjer-leo-pedijatrijski-odrasli\/"]}]},{"@type":"ImageObject","inLanguage":"hr","@id":"https:\/\/medicpro.hr\/veleprodaja\/proizvod\/tlakomjer-leo-pedijatrijski-odrasli\/#primaryimage","url":"https:\/\/medicpro.hr\/veleprodaja\/wp-content\/uploads\/2025\/09\/tlakomjer-leo-pedijatrijski-odrasli.jpg","contentUrl":"https:\/\/medicpro.hr\/veleprodaja\/wp-content\/uploads\/2025\/09\/tlakomjer-leo-pedijatrijski-odrasli.jpg","width":853,"height":640},{"@type":"BreadcrumbList","@id":"https:\/\/medicpro.hr\/veleprodaja\/proizvod\/tlakomjer-leo-pedijatrijski-odrasli\/#breadcrumb","itemListElement":[{"@type":"ListItem","position":1,"name":"Po\u010detna stranica","item":"https:\/\/medicpro.hr\/veleprodaja\/"},{"@type":"ListItem","position":2,"name":"Veleprodaja","item":"https:\/\/medicpro.hr\/veleprodaja\/trgovina\/"},{"@type":"ListItem","position":3,"name":"TLAKOMJER LEO PEDIJATRIJSKI\/ODRASLI"}]},{"@type":"WebSite","@id":"https:\/\/medicpro.hr\/veleprodaja\/#website","url":"https:\/\/medicpro.hr\/veleprodaja\/","name":"Medicpro.hr","description":"Medicinski potro\u0161ni materijal i oprema","publisher":{"@id":"https:\/\/medicpro.hr\/veleprodaja\/#organization"},"potentialAction":[{"@type":"SearchAction","target":{"@type":"EntryPoint","urlTemplate":"https:\/\/medicpro.hr\/veleprodaja\/?s={search_term_string}"},"query-input":{"@type":"PropertyValueSpecification","valueRequired":true,"valueName":"search_term_string"}}],"inLanguage":"hr"},{"@type":"Organization","@id":"https:\/\/medicpro.hr\/veleprodaja\/#organization","name":"Medicpro d.o.o.","url":"https:\/\/medicpro.hr\/veleprodaja\/","logo":{"@type":"ImageObject","inLanguage":"hr","@id":"https:\/\/medicpro.hr\/veleprodaja\/#\/schema\/logo\/image\/","url":"https:\/\/medicpro.hr\/veleprodaja\/wp-content\/uploads\/2025\/05\/medicpro_logo.svg","contentUrl":"https:\/\/medicpro.hr\/veleprodaja\/wp-content\/uploads\/2025\/05\/medicpro_logo.svg","width":226,"height":42,"caption":"Medicpro d.o.o."},"image":{"@id":"https:\/\/medicpro.hr\/veleprodaja\/#\/schema\/logo\/image\/"}}]}},"_links":{"self":[{"href":"https:\/\/medicpro.hr\/veleprodaja\/wp-json\/wp\/v2\/product\/62802","targetHints":{"allow":["GET"]}}],"collection":[{"href":"https:\/\/medicpro.hr\/veleprodaja\/wp-json\/wp\/v2\/product"}],"about":[{"href":"https:\/\/medicpro.hr\/veleprodaja\/wp-json\/wp\/v2\/types\/product"}],"replies":[{"embeddable":true,"href":"https:\/\/medicpro.hr\/veleprodaja\/wp-json\/wp\/v2\/comments?post=62802"}],"wp:featuredmedia":[{"embeddable":true,"href":"https:\/\/medicpro.hr\/veleprodaja\/wp-json\/wp\/v2\/media\/62844"}],"wp:attachment":[{"href":"https:\/\/medicpro.hr\/veleprodaja\/wp-json\/wp\/v2\/media?parent=62802"}],"wp:term":[{"taxonomy":"product_brand","embeddable":true,"href":"https:\/\/medicpro.hr\/veleprodaja\/wp-json\/wp\/v2\/product_brand?post=62802"},{"taxonomy":"product_cat","embeddable":true,"href":"https:\/\/medicpro.hr\/veleprodaja\/wp-json\/wp\/v2\/product_cat?post=62802"},{"taxonomy":"product_tag","embeddable":true,"href":"https:\/\/medicpro.hr\/veleprodaja\/wp-json\/wp\/v2\/product_tag?post=62802"}],"curies":[{"name":"wp","href":"https:\/\/api.w.org\/{rel}","templated":true}]}}