{"id":62719,"date":"2025-09-01T03:04:43","date_gmt":"2025-09-01T01:04:43","guid":{"rendered":"https:\/\/zdesmedicpro-velepro.kuhada.net\/?post_type=product&#038;p=62719"},"modified":"2025-09-12T11:02:39","modified_gmt":"2025-09-12T09:02:39","slug":"stalak-za-dezinficijens-i-rukavice","status":"publish","type":"product","link":"https:\/\/medicpro.hr\/veleprodaja\/proizvod\/stalak-za-dezinficijens-i-rukavice\/","title":{"rendered":"STALAK ZA DEZINFICIJENS I RUKAVICE"},"content":{"rendered":"<ul>\n<li>\u010cvrst i otporan stalak <strong>izra\u0111en od \u010deli\u010dne konstrukcije premazane epoksidnom bojom<\/strong>.<\/li>\n<li>Boja: crna.<\/li>\n<li>Promjer baze: 60 cm.<\/li>\n<li>Sastoji se od:\n<ul>\n<li>dr\u017ea\u010da za natpis,<\/li>\n<li>dr\u017ea\u010da za kutiju s rukavicama i<\/li>\n<li>dr\u017ea\u010da za dozator dezinficijensa za ruke.<\/li>\n<\/ul>\n<\/li>\n<li><strong>Baza se isporu\u010duje rastavljena<\/strong>, s no\u017eicama.<\/li>\n<li>Proizvedeno u Italiji.<\/li>\n<\/ul>\n","protected":false},"excerpt":{"rendered":"<p>\u010cvrst i otporan stalak izra\u0111en od \u010deli\u010dne konstrukcije premazane epoksidnom bojom. Boja: crna. Promjer baze: 60 cm. Sastoji se od:<\/p>\n","protected":false},"featured_media":54976,"comment_status":"closed","ping_status":"closed","template":"","meta":[],"product_brand":[],"product_cat":[715,716],"product_tag":[],"class_list":{"0":"post-62719","1":"product","2":"type-product","3":"status-publish","4":"has-post-thumbnail","6":"product_cat-oprema-za-ordinacije","7":"product_cat-ostala-oprema-za-ordinacije","9":"first","10":"onbackorder","11":"taxable","12":"shipping-taxable","13":"purchasable","14":"product-type-simple"},"acf":[],"yoast_head":"<!-- This site is optimized with the Yoast SEO plugin v27.3 - https:\/\/yoast.com\/product\/yoast-seo-wordpress\/ -->\n<title>STALAK ZA DEZINFICIJENS I RUKAVICE - Medicpro<\/title>\n<meta name=\"robots\" content=\"index, follow, max-snippet:-1, max-image-preview:large, max-video-preview:-1\" \/>\n<link rel=\"canonical\" href=\"https:\/\/medicpro.hr\/veleprodaja\/proizvod\/stalak-za-dezinficijens-i-rukavice\/\" \/>\n<meta property=\"og:locale\" content=\"hr_HR\" \/>\n<meta property=\"og:type\" content=\"article\" \/>\n<meta property=\"og:title\" content=\"STALAK ZA DEZINFICIJENS I RUKAVICE - Medicpro\" \/>\n<meta property=\"og:description\" content=\"\u010cvrst i otporan stalak izra\u0111en od \u010deli\u010dne konstrukcije premazane epoksidnom bojom. Boja: crna. Promjer baze: 60 cm. Sastoji se od:\" \/>\n<meta property=\"og:url\" content=\"https:\/\/medicpro.hr\/veleprodaja\/proizvod\/stalak-za-dezinficijens-i-rukavice\/\" \/>\n<meta property=\"og:site_name\" content=\"Medicpro\" \/>\n<meta property=\"article:modified_time\" content=\"2025-09-12T09:02:39+00:00\" \/>\n<meta property=\"og:image\" content=\"https:\/\/medicpro.hr\/veleprodaja\/wp-content\/uploads\/2025\/06\/stalak-za-dezinficijens-i-rukavice-2.jpg\" \/>\n\t<meta property=\"og:image:width\" content=\"853\" \/>\n\t<meta property=\"og:image:height\" content=\"640\" \/>\n\t<meta property=\"og:image:type\" content=\"image\/jpeg\" \/>\n<meta name=\"twitter:card\" content=\"summary_large_image\" \/>\n<script type=\"application\/ld+json\" class=\"yoast-schema-graph\">{\"@context\":\"https:\\\/\\\/schema.org\",\"@graph\":[{\"@type\":\"WebPage\",\"@id\":\"https:\\\/\\\/medicpro.hr\\\/veleprodaja\\\/proizvod\\\/stalak-za-dezinficijens-i-rukavice\\\/\",\"url\":\"https:\\\/\\\/medicpro.hr\\\/veleprodaja\\\/proizvod\\\/stalak-za-dezinficijens-i-rukavice\\\/\",\"name\":\"STALAK ZA DEZINFICIJENS I RUKAVICE - Medicpro\",\"isPartOf\":{\"@id\":\"https:\\\/\\\/medicpro.hr\\\/veleprodaja\\\/#website\"},\"primaryImageOfPage\":{\"@id\":\"https:\\\/\\\/medicpro.hr\\\/veleprodaja\\\/proizvod\\\/stalak-za-dezinficijens-i-rukavice\\\/#primaryimage\"},\"image\":{\"@id\":\"https:\\\/\\\/medicpro.hr\\\/veleprodaja\\\/proizvod\\\/stalak-za-dezinficijens-i-rukavice\\\/#primaryimage\"},\"thumbnailUrl\":\"https:\\\/\\\/medicpro.hr\\\/veleprodaja\\\/wp-content\\\/uploads\\\/2025\\\/06\\\/stalak-za-dezinficijens-i-rukavice-2.jpg\",\"datePublished\":\"2025-09-01T01:04:43+00:00\",\"dateModified\":\"2025-09-12T09:02:39+00:00\",\"breadcrumb\":{\"@id\":\"https:\\\/\\\/medicpro.hr\\\/veleprodaja\\\/proizvod\\\/stalak-za-dezinficijens-i-rukavice\\\/#breadcrumb\"},\"inLanguage\":\"hr\",\"potentialAction\":[{\"@type\":\"ReadAction\",\"target\":[\"https:\\\/\\\/medicpro.hr\\\/veleprodaja\\\/proizvod\\\/stalak-za-dezinficijens-i-rukavice\\\/\"]}]},{\"@type\":\"ImageObject\",\"inLanguage\":\"hr\",\"@id\":\"https:\\\/\\\/medicpro.hr\\\/veleprodaja\\\/proizvod\\\/stalak-za-dezinficijens-i-rukavice\\\/#primaryimage\",\"url\":\"https:\\\/\\\/medicpro.hr\\\/veleprodaja\\\/wp-content\\\/uploads\\\/2025\\\/06\\\/stalak-za-dezinficijens-i-rukavice-2.jpg\",\"contentUrl\":\"https:\\\/\\\/medicpro.hr\\\/veleprodaja\\\/wp-content\\\/uploads\\\/2025\\\/06\\\/stalak-za-dezinficijens-i-rukavice-2.jpg\",\"width\":853,\"height\":640},{\"@type\":\"BreadcrumbList\",\"@id\":\"https:\\\/\\\/medicpro.hr\\\/veleprodaja\\\/proizvod\\\/stalak-za-dezinficijens-i-rukavice\\\/#breadcrumb\",\"itemListElement\":[{\"@type\":\"ListItem\",\"position\":1,\"name\":\"Po\u010detna stranica\",\"item\":\"https:\\\/\\\/medicpro.hr\\\/veleprodaja\\\/\"},{\"@type\":\"ListItem\",\"position\":2,\"name\":\"Veleprodaja\",\"item\":\"https:\\\/\\\/medicpro.hr\\\/veleprodaja\\\/trgovina\\\/\"},{\"@type\":\"ListItem\",\"position\":3,\"name\":\"STALAK ZA DEZINFICIJENS I RUKAVICE\"}]},{\"@type\":\"WebSite\",\"@id\":\"https:\\\/\\\/medicpro.hr\\\/veleprodaja\\\/#website\",\"url\":\"https:\\\/\\\/medicpro.hr\\\/veleprodaja\\\/\",\"name\":\"Medicpro.hr\",\"description\":\"Medicinski potro\u0161ni materijal i oprema\",\"publisher\":{\"@id\":\"https:\\\/\\\/medicpro.hr\\\/veleprodaja\\\/#organization\"},\"potentialAction\":[{\"@type\":\"SearchAction\",\"target\":{\"@type\":\"EntryPoint\",\"urlTemplate\":\"https:\\\/\\\/medicpro.hr\\\/veleprodaja\\\/?s={search_term_string}\"},\"query-input\":{\"@type\":\"PropertyValueSpecification\",\"valueRequired\":true,\"valueName\":\"search_term_string\"}}],\"inLanguage\":\"hr\"},{\"@type\":\"Organization\",\"@id\":\"https:\\\/\\\/medicpro.hr\\\/veleprodaja\\\/#organization\",\"name\":\"Medicpro d.o.o.\",\"url\":\"https:\\\/\\\/medicpro.hr\\\/veleprodaja\\\/\",\"logo\":{\"@type\":\"ImageObject\",\"inLanguage\":\"hr\",\"@id\":\"https:\\\/\\\/medicpro.hr\\\/veleprodaja\\\/#\\\/schema\\\/logo\\\/image\\\/\",\"url\":\"https:\\\/\\\/medicpro.hr\\\/veleprodaja\\\/wp-content\\\/uploads\\\/2025\\\/05\\\/medicpro_logo.svg\",\"contentUrl\":\"https:\\\/\\\/medicpro.hr\\\/veleprodaja\\\/wp-content\\\/uploads\\\/2025\\\/05\\\/medicpro_logo.svg\",\"width\":226,\"height\":42,\"caption\":\"Medicpro d.o.o.\"},\"image\":{\"@id\":\"https:\\\/\\\/medicpro.hr\\\/veleprodaja\\\/#\\\/schema\\\/logo\\\/image\\\/\"}}]}<\/script>\n<!-- \/ Yoast SEO plugin. -->","yoast_head_json":{"title":"STALAK ZA DEZINFICIJENS I RUKAVICE - Medicpro","robots":{"index":"index","follow":"follow","max-snippet":"max-snippet:-1","max-image-preview":"max-image-preview:large","max-video-preview":"max-video-preview:-1"},"canonical":"https:\/\/medicpro.hr\/veleprodaja\/proizvod\/stalak-za-dezinficijens-i-rukavice\/","og_locale":"hr_HR","og_type":"article","og_title":"STALAK ZA DEZINFICIJENS I RUKAVICE - Medicpro","og_description":"\u010cvrst i otporan stalak izra\u0111en od \u010deli\u010dne konstrukcije premazane epoksidnom bojom. Boja: crna. Promjer baze: 60 cm. Sastoji se od:","og_url":"https:\/\/medicpro.hr\/veleprodaja\/proizvod\/stalak-za-dezinficijens-i-rukavice\/","og_site_name":"Medicpro","article_modified_time":"2025-09-12T09:02:39+00:00","og_image":[{"width":853,"height":640,"url":"https:\/\/medicpro.hr\/veleprodaja\/wp-content\/uploads\/2025\/06\/stalak-za-dezinficijens-i-rukavice-2.jpg","type":"image\/jpeg"}],"twitter_card":"summary_large_image","schema":{"@context":"https:\/\/schema.org","@graph":[{"@type":"WebPage","@id":"https:\/\/medicpro.hr\/veleprodaja\/proizvod\/stalak-za-dezinficijens-i-rukavice\/","url":"https:\/\/medicpro.hr\/veleprodaja\/proizvod\/stalak-za-dezinficijens-i-rukavice\/","name":"STALAK ZA DEZINFICIJENS I RUKAVICE - Medicpro","isPartOf":{"@id":"https:\/\/medicpro.hr\/veleprodaja\/#website"},"primaryImageOfPage":{"@id":"https:\/\/medicpro.hr\/veleprodaja\/proizvod\/stalak-za-dezinficijens-i-rukavice\/#primaryimage"},"image":{"@id":"https:\/\/medicpro.hr\/veleprodaja\/proizvod\/stalak-za-dezinficijens-i-rukavice\/#primaryimage"},"thumbnailUrl":"https:\/\/medicpro.hr\/veleprodaja\/wp-content\/uploads\/2025\/06\/stalak-za-dezinficijens-i-rukavice-2.jpg","datePublished":"2025-09-01T01:04:43+00:00","dateModified":"2025-09-12T09:02:39+00:00","breadcrumb":{"@id":"https:\/\/medicpro.hr\/veleprodaja\/proizvod\/stalak-za-dezinficijens-i-rukavice\/#breadcrumb"},"inLanguage":"hr","potentialAction":[{"@type":"ReadAction","target":["https:\/\/medicpro.hr\/veleprodaja\/proizvod\/stalak-za-dezinficijens-i-rukavice\/"]}]},{"@type":"ImageObject","inLanguage":"hr","@id":"https:\/\/medicpro.hr\/veleprodaja\/proizvod\/stalak-za-dezinficijens-i-rukavice\/#primaryimage","url":"https:\/\/medicpro.hr\/veleprodaja\/wp-content\/uploads\/2025\/06\/stalak-za-dezinficijens-i-rukavice-2.jpg","contentUrl":"https:\/\/medicpro.hr\/veleprodaja\/wp-content\/uploads\/2025\/06\/stalak-za-dezinficijens-i-rukavice-2.jpg","width":853,"height":640},{"@type":"BreadcrumbList","@id":"https:\/\/medicpro.hr\/veleprodaja\/proizvod\/stalak-za-dezinficijens-i-rukavice\/#breadcrumb","itemListElement":[{"@type":"ListItem","position":1,"name":"Po\u010detna stranica","item":"https:\/\/medicpro.hr\/veleprodaja\/"},{"@type":"ListItem","position":2,"name":"Veleprodaja","item":"https:\/\/medicpro.hr\/veleprodaja\/trgovina\/"},{"@type":"ListItem","position":3,"name":"STALAK ZA DEZINFICIJENS I RUKAVICE"}]},{"@type":"WebSite","@id":"https:\/\/medicpro.hr\/veleprodaja\/#website","url":"https:\/\/medicpro.hr\/veleprodaja\/","name":"Medicpro.hr","description":"Medicinski potro\u0161ni materijal i oprema","publisher":{"@id":"https:\/\/medicpro.hr\/veleprodaja\/#organization"},"potentialAction":[{"@type":"SearchAction","target":{"@type":"EntryPoint","urlTemplate":"https:\/\/medicpro.hr\/veleprodaja\/?s={search_term_string}"},"query-input":{"@type":"PropertyValueSpecification","valueRequired":true,"valueName":"search_term_string"}}],"inLanguage":"hr"},{"@type":"Organization","@id":"https:\/\/medicpro.hr\/veleprodaja\/#organization","name":"Medicpro d.o.o.","url":"https:\/\/medicpro.hr\/veleprodaja\/","logo":{"@type":"ImageObject","inLanguage":"hr","@id":"https:\/\/medicpro.hr\/veleprodaja\/#\/schema\/logo\/image\/","url":"https:\/\/medicpro.hr\/veleprodaja\/wp-content\/uploads\/2025\/05\/medicpro_logo.svg","contentUrl":"https:\/\/medicpro.hr\/veleprodaja\/wp-content\/uploads\/2025\/05\/medicpro_logo.svg","width":226,"height":42,"caption":"Medicpro d.o.o."},"image":{"@id":"https:\/\/medicpro.hr\/veleprodaja\/#\/schema\/logo\/image\/"}}]}},"_links":{"self":[{"href":"https:\/\/medicpro.hr\/veleprodaja\/wp-json\/wp\/v2\/product\/62719","targetHints":{"allow":["GET"]}}],"collection":[{"href":"https:\/\/medicpro.hr\/veleprodaja\/wp-json\/wp\/v2\/product"}],"about":[{"href":"https:\/\/medicpro.hr\/veleprodaja\/wp-json\/wp\/v2\/types\/product"}],"replies":[{"embeddable":true,"href":"https:\/\/medicpro.hr\/veleprodaja\/wp-json\/wp\/v2\/comments?post=62719"}],"wp:featuredmedia":[{"embeddable":true,"href":"https:\/\/medicpro.hr\/veleprodaja\/wp-json\/wp\/v2\/media\/54976"}],"wp:attachment":[{"href":"https:\/\/medicpro.hr\/veleprodaja\/wp-json\/wp\/v2\/media?parent=62719"}],"wp:term":[{"taxonomy":"product_brand","embeddable":true,"href":"https:\/\/medicpro.hr\/veleprodaja\/wp-json\/wp\/v2\/product_brand?post=62719"},{"taxonomy":"product_cat","embeddable":true,"href":"https:\/\/medicpro.hr\/veleprodaja\/wp-json\/wp\/v2\/product_cat?post=62719"},{"taxonomy":"product_tag","embeddable":true,"href":"https:\/\/medicpro.hr\/veleprodaja\/wp-json\/wp\/v2\/product_tag?post=62719"}],"curies":[{"name":"wp","href":"https:\/\/api.w.org\/{rel}","templated":true}]}}