{"id":62688,"date":"2025-09-01T03:04:36","date_gmt":"2025-09-01T01:04:36","guid":{"rendered":"https:\/\/zdesmedicpro-velepro.kuhada.net\/?post_type=product&#038;p=62688"},"modified":"2025-09-12T11:02:39","modified_gmt":"2025-09-12T09:02:39","slug":"zamrzivac-hippocrates-100-f","status":"publish","type":"product","link":"https:\/\/medicpro.hr\/veleprodaja\/proizvod\/zamrzivac-hippocrates-100-f\/","title":{"rendered":"ZAMRZIVA\u010c HIPPOCRATES 100 F"},"content":{"rendered":"<p>HIPPOCRATES 100F<\/p>\n<ul>\n<li>Profesionalni ure\u0111aj za zamrzavanje namijenjen za medicinske i farmaceutske svrhe.<\/li>\n<li>Dolazi s punim vratima.<\/li>\n<li><strong>Tehni\u010dki podaci<\/strong>:\n<ul>\n<li>Volumen: 110 L.<\/li>\n<li>Vanjske dimenzije: 621 x 685 x 1125 mm (minimalna visina s nogicama).<\/li>\n<li>Unutarnje dimenzije: 471 x 510 x 465 mm.<\/li>\n<li>Debljina izolacije: 75 mm.<\/li>\n<li>Masa: 83 kg.<\/li>\n<li>Materijal: Lim plastificiran (bijela boja) izvana, nehr\u0111aju\u0107i \u010delik iznutra.<\/li>\n<li>Radna tvar: Bez CFC-a, R290.<\/li>\n<\/ul>\n<\/li>\n<li><strong>Performanse<\/strong>:\n<ul>\n<li>Temperaturni raspon: -30\u00b0C do -10\u00b0C.<\/li>\n<li>Maksimalna okolna temperatura: 30\u00b0C.<\/li>\n<li>Napajanje: 220-240 V\/50 Hz.<\/li>\n<li>Temperaturna stabilnost: \u00b11\u00b0C.<\/li>\n<li>Upravljanje: Carel digitalno upravljanje s naponskom za\u0161titom.<\/li>\n<li>Sustav hla\u0111enja: dinami\u010dno hla\u0111enje zrakom.<\/li>\n<\/ul>\n<\/li>\n<li><strong>Unutra\u0161njost<\/strong>:\n<ul>\n<li>Broj polica: 3.<\/li>\n<li>Nosivost po polici: 20 kg.<\/li>\n<li>Mogu\u0107a kombinacija rasporeda polica: da.<\/li>\n<\/ul>\n<\/li>\n<li><strong>Zna\u010dajke<\/strong>:\n<ul>\n<li>Odmrzavanje: sustav vru\u0107om rashladnom tvari.<\/li>\n<li>Alarmi: temperaturni alarm i alarm otvorenih vrata.<\/li>\n<li>Ulaz za kontrolne sonde: da (jedan sa svake strane).<\/li>\n<li>Senzor vrata: cirkulacija zraka prestaje kada su vrata otvorena.<\/li>\n<li>Bluetooth veza: da.<\/li>\n<li>Temperaturni graf: da.<\/li>\n<li>LED svjetlo: da.<\/li>\n<li>Opcija vrata: lijeva ili desna strana.<\/li>\n<li>Mehanizam za samo zatvaranje vrata: da.<\/li>\n<li>Noge: podesive (od pocin\u010danog \u010delika).<\/li>\n<li>DB9 konektor: da.<\/li>\n<li>Brava za zaklju\u010davanje: da.<\/li>\n<li>Baterija (opcija): da (za pohranu podataka i alarm; maksimalno 36 sati).<\/li>\n<\/ul>\n<\/li>\n<li><strong>Uskla\u0111enost sa standardima i zakonima<\/strong>:\n<ul>\n<li>Certifikati: CE, ISO 9001, ISO 14001, ISO 13485, ISO 45001.<\/li>\n<\/ul>\n<\/li>\n<li>Napomena: police nisu uklju\u010dene u cijenu ure\u0111aja i naru\u010duju se zasebno:\u00a0<a href=\"https:\/\/medicpro.hr\/proizvod\/polica-za-hippocrates-hladnjake\/\">https:\/\/medicpro.hr\/proizvod\/polica-za-hippocrates-hladnjake\/<\/a>.<\/li>\n<li>Backup baterija nije uklju\u010dena u cijenu ure\u0111aja i naru\u010duje se zasebno:\u00a0<a href=\"https:\/\/medicpro.hr\/proizvod\/baterija-za-hippocrates-hladnjake-backup\/\">https:\/\/medicpro.hr\/proizvod\/baterija-za-hippocrates-hladnjake-backup\/<\/a>.<\/li>\n<\/ul>\n","protected":false},"excerpt":{"rendered":"<p>HIPPOCRATES 100F Profesionalni ure\u0111aj za zamrzavanje namijenjen za medicinske i farmaceutske svrhe. Dolazi s punim vratima. Tehni\u010dki podaci: Volumen: 110<\/p>\n","protected":false},"featured_media":54911,"comment_status":"closed","ping_status":"closed","template":"","meta":[],"product_brand":[],"product_cat":[819,820,821],"product_tag":[],"class_list":{"0":"post-62688","1":"product","2":"type-product","3":"status-publish","4":"has-post-thumbnail","6":"product_cat-rashladni-uredaji","7":"product_cat-hladnjaci","8":"product_cat-hippocrates-hladnjaci","10":"first","11":"onbackorder","12":"taxable","13":"shipping-taxable","14":"purchasable","15":"product-type-simple"},"acf":[],"yoast_head":"<!-- This site is optimized with the Yoast SEO plugin v27.3 - https:\/\/yoast.com\/product\/yoast-seo-wordpress\/ -->\n<title>ZAMRZIVA\u010c HIPPOCRATES 100 F - Medicpro<\/title>\n<meta name=\"robots\" content=\"index, follow, max-snippet:-1, max-image-preview:large, max-video-preview:-1\" \/>\n<link rel=\"canonical\" href=\"https:\/\/medicpro.hr\/veleprodaja\/proizvod\/zamrzivac-hippocrates-100-f\/\" \/>\n<meta property=\"og:locale\" content=\"hr_HR\" \/>\n<meta property=\"og:type\" content=\"article\" \/>\n<meta property=\"og:title\" content=\"ZAMRZIVA\u010c HIPPOCRATES 100 F - Medicpro\" \/>\n<meta property=\"og:description\" content=\"HIPPOCRATES 100F Profesionalni ure\u0111aj za zamrzavanje namijenjen za medicinske i farmaceutske svrhe. Dolazi s punim vratima. Tehni\u010dki podaci: Volumen: 110\" \/>\n<meta property=\"og:url\" content=\"https:\/\/medicpro.hr\/veleprodaja\/proizvod\/zamrzivac-hippocrates-100-f\/\" \/>\n<meta property=\"og:site_name\" content=\"Medicpro\" \/>\n<meta property=\"article:modified_time\" content=\"2025-09-12T09:02:39+00:00\" \/>\n<meta property=\"og:image\" content=\"https:\/\/medicpro.hr\/veleprodaja\/wp-content\/uploads\/2025\/06\/21-6.png\" \/>\n\t<meta property=\"og:image:width\" content=\"1890\" \/>\n\t<meta property=\"og:image:height\" content=\"1890\" \/>\n\t<meta property=\"og:image:type\" content=\"image\/png\" \/>\n<meta name=\"twitter:card\" content=\"summary_large_image\" \/>\n<meta name=\"twitter:label1\" content=\"Procijenjeno vrijeme \u010ditanja\" \/>\n\t<meta name=\"twitter:data1\" content=\"2 minute\" \/>\n<script type=\"application\/ld+json\" class=\"yoast-schema-graph\">{\"@context\":\"https:\\\/\\\/schema.org\",\"@graph\":[{\"@type\":\"WebPage\",\"@id\":\"https:\\\/\\\/medicpro.hr\\\/veleprodaja\\\/proizvod\\\/zamrzivac-hippocrates-100-f\\\/\",\"url\":\"https:\\\/\\\/medicpro.hr\\\/veleprodaja\\\/proizvod\\\/zamrzivac-hippocrates-100-f\\\/\",\"name\":\"ZAMRZIVA\u010c HIPPOCRATES 100 F - Medicpro\",\"isPartOf\":{\"@id\":\"https:\\\/\\\/medicpro.hr\\\/veleprodaja\\\/#website\"},\"primaryImageOfPage\":{\"@id\":\"https:\\\/\\\/medicpro.hr\\\/veleprodaja\\\/proizvod\\\/zamrzivac-hippocrates-100-f\\\/#primaryimage\"},\"image\":{\"@id\":\"https:\\\/\\\/medicpro.hr\\\/veleprodaja\\\/proizvod\\\/zamrzivac-hippocrates-100-f\\\/#primaryimage\"},\"thumbnailUrl\":\"https:\\\/\\\/medicpro.hr\\\/veleprodaja\\\/wp-content\\\/uploads\\\/2025\\\/06\\\/21-6.png\",\"datePublished\":\"2025-09-01T01:04:36+00:00\",\"dateModified\":\"2025-09-12T09:02:39+00:00\",\"breadcrumb\":{\"@id\":\"https:\\\/\\\/medicpro.hr\\\/veleprodaja\\\/proizvod\\\/zamrzivac-hippocrates-100-f\\\/#breadcrumb\"},\"inLanguage\":\"hr\",\"potentialAction\":[{\"@type\":\"ReadAction\",\"target\":[\"https:\\\/\\\/medicpro.hr\\\/veleprodaja\\\/proizvod\\\/zamrzivac-hippocrates-100-f\\\/\"]}]},{\"@type\":\"ImageObject\",\"inLanguage\":\"hr\",\"@id\":\"https:\\\/\\\/medicpro.hr\\\/veleprodaja\\\/proizvod\\\/zamrzivac-hippocrates-100-f\\\/#primaryimage\",\"url\":\"https:\\\/\\\/medicpro.hr\\\/veleprodaja\\\/wp-content\\\/uploads\\\/2025\\\/06\\\/21-6.png\",\"contentUrl\":\"https:\\\/\\\/medicpro.hr\\\/veleprodaja\\\/wp-content\\\/uploads\\\/2025\\\/06\\\/21-6.png\",\"width\":1890,\"height\":1890},{\"@type\":\"BreadcrumbList\",\"@id\":\"https:\\\/\\\/medicpro.hr\\\/veleprodaja\\\/proizvod\\\/zamrzivac-hippocrates-100-f\\\/#breadcrumb\",\"itemListElement\":[{\"@type\":\"ListItem\",\"position\":1,\"name\":\"Po\u010detna stranica\",\"item\":\"https:\\\/\\\/medicpro.hr\\\/veleprodaja\\\/\"},{\"@type\":\"ListItem\",\"position\":2,\"name\":\"Veleprodaja\",\"item\":\"https:\\\/\\\/medicpro.hr\\\/veleprodaja\\\/trgovina\\\/\"},{\"@type\":\"ListItem\",\"position\":3,\"name\":\"ZAMRZIVA\u010c HIPPOCRATES 100 F\"}]},{\"@type\":\"WebSite\",\"@id\":\"https:\\\/\\\/medicpro.hr\\\/veleprodaja\\\/#website\",\"url\":\"https:\\\/\\\/medicpro.hr\\\/veleprodaja\\\/\",\"name\":\"Medicpro.hr\",\"description\":\"Medicinski potro\u0161ni materijal i oprema\",\"publisher\":{\"@id\":\"https:\\\/\\\/medicpro.hr\\\/veleprodaja\\\/#organization\"},\"potentialAction\":[{\"@type\":\"SearchAction\",\"target\":{\"@type\":\"EntryPoint\",\"urlTemplate\":\"https:\\\/\\\/medicpro.hr\\\/veleprodaja\\\/?s={search_term_string}\"},\"query-input\":{\"@type\":\"PropertyValueSpecification\",\"valueRequired\":true,\"valueName\":\"search_term_string\"}}],\"inLanguage\":\"hr\"},{\"@type\":\"Organization\",\"@id\":\"https:\\\/\\\/medicpro.hr\\\/veleprodaja\\\/#organization\",\"name\":\"Medicpro d.o.o.\",\"url\":\"https:\\\/\\\/medicpro.hr\\\/veleprodaja\\\/\",\"logo\":{\"@type\":\"ImageObject\",\"inLanguage\":\"hr\",\"@id\":\"https:\\\/\\\/medicpro.hr\\\/veleprodaja\\\/#\\\/schema\\\/logo\\\/image\\\/\",\"url\":\"https:\\\/\\\/medicpro.hr\\\/veleprodaja\\\/wp-content\\\/uploads\\\/2025\\\/05\\\/medicpro_logo.svg\",\"contentUrl\":\"https:\\\/\\\/medicpro.hr\\\/veleprodaja\\\/wp-content\\\/uploads\\\/2025\\\/05\\\/medicpro_logo.svg\",\"width\":226,\"height\":42,\"caption\":\"Medicpro d.o.o.\"},\"image\":{\"@id\":\"https:\\\/\\\/medicpro.hr\\\/veleprodaja\\\/#\\\/schema\\\/logo\\\/image\\\/\"}}]}<\/script>\n<!-- \/ Yoast SEO plugin. -->","yoast_head_json":{"title":"ZAMRZIVA\u010c HIPPOCRATES 100 F - Medicpro","robots":{"index":"index","follow":"follow","max-snippet":"max-snippet:-1","max-image-preview":"max-image-preview:large","max-video-preview":"max-video-preview:-1"},"canonical":"https:\/\/medicpro.hr\/veleprodaja\/proizvod\/zamrzivac-hippocrates-100-f\/","og_locale":"hr_HR","og_type":"article","og_title":"ZAMRZIVA\u010c HIPPOCRATES 100 F - Medicpro","og_description":"HIPPOCRATES 100F Profesionalni ure\u0111aj za zamrzavanje namijenjen za medicinske i farmaceutske svrhe. Dolazi s punim vratima. Tehni\u010dki podaci: Volumen: 110","og_url":"https:\/\/medicpro.hr\/veleprodaja\/proizvod\/zamrzivac-hippocrates-100-f\/","og_site_name":"Medicpro","article_modified_time":"2025-09-12T09:02:39+00:00","og_image":[{"width":1890,"height":1890,"url":"https:\/\/medicpro.hr\/veleprodaja\/wp-content\/uploads\/2025\/06\/21-6.png","type":"image\/png"}],"twitter_card":"summary_large_image","twitter_misc":{"Procijenjeno vrijeme \u010ditanja":"2 minute"},"schema":{"@context":"https:\/\/schema.org","@graph":[{"@type":"WebPage","@id":"https:\/\/medicpro.hr\/veleprodaja\/proizvod\/zamrzivac-hippocrates-100-f\/","url":"https:\/\/medicpro.hr\/veleprodaja\/proizvod\/zamrzivac-hippocrates-100-f\/","name":"ZAMRZIVA\u010c HIPPOCRATES 100 F - Medicpro","isPartOf":{"@id":"https:\/\/medicpro.hr\/veleprodaja\/#website"},"primaryImageOfPage":{"@id":"https:\/\/medicpro.hr\/veleprodaja\/proizvod\/zamrzivac-hippocrates-100-f\/#primaryimage"},"image":{"@id":"https:\/\/medicpro.hr\/veleprodaja\/proizvod\/zamrzivac-hippocrates-100-f\/#primaryimage"},"thumbnailUrl":"https:\/\/medicpro.hr\/veleprodaja\/wp-content\/uploads\/2025\/06\/21-6.png","datePublished":"2025-09-01T01:04:36+00:00","dateModified":"2025-09-12T09:02:39+00:00","breadcrumb":{"@id":"https:\/\/medicpro.hr\/veleprodaja\/proizvod\/zamrzivac-hippocrates-100-f\/#breadcrumb"},"inLanguage":"hr","potentialAction":[{"@type":"ReadAction","target":["https:\/\/medicpro.hr\/veleprodaja\/proizvod\/zamrzivac-hippocrates-100-f\/"]}]},{"@type":"ImageObject","inLanguage":"hr","@id":"https:\/\/medicpro.hr\/veleprodaja\/proizvod\/zamrzivac-hippocrates-100-f\/#primaryimage","url":"https:\/\/medicpro.hr\/veleprodaja\/wp-content\/uploads\/2025\/06\/21-6.png","contentUrl":"https:\/\/medicpro.hr\/veleprodaja\/wp-content\/uploads\/2025\/06\/21-6.png","width":1890,"height":1890},{"@type":"BreadcrumbList","@id":"https:\/\/medicpro.hr\/veleprodaja\/proizvod\/zamrzivac-hippocrates-100-f\/#breadcrumb","itemListElement":[{"@type":"ListItem","position":1,"name":"Po\u010detna stranica","item":"https:\/\/medicpro.hr\/veleprodaja\/"},{"@type":"ListItem","position":2,"name":"Veleprodaja","item":"https:\/\/medicpro.hr\/veleprodaja\/trgovina\/"},{"@type":"ListItem","position":3,"name":"ZAMRZIVA\u010c HIPPOCRATES 100 F"}]},{"@type":"WebSite","@id":"https:\/\/medicpro.hr\/veleprodaja\/#website","url":"https:\/\/medicpro.hr\/veleprodaja\/","name":"Medicpro.hr","description":"Medicinski potro\u0161ni materijal i oprema","publisher":{"@id":"https:\/\/medicpro.hr\/veleprodaja\/#organization"},"potentialAction":[{"@type":"SearchAction","target":{"@type":"EntryPoint","urlTemplate":"https:\/\/medicpro.hr\/veleprodaja\/?s={search_term_string}"},"query-input":{"@type":"PropertyValueSpecification","valueRequired":true,"valueName":"search_term_string"}}],"inLanguage":"hr"},{"@type":"Organization","@id":"https:\/\/medicpro.hr\/veleprodaja\/#organization","name":"Medicpro d.o.o.","url":"https:\/\/medicpro.hr\/veleprodaja\/","logo":{"@type":"ImageObject","inLanguage":"hr","@id":"https:\/\/medicpro.hr\/veleprodaja\/#\/schema\/logo\/image\/","url":"https:\/\/medicpro.hr\/veleprodaja\/wp-content\/uploads\/2025\/05\/medicpro_logo.svg","contentUrl":"https:\/\/medicpro.hr\/veleprodaja\/wp-content\/uploads\/2025\/05\/medicpro_logo.svg","width":226,"height":42,"caption":"Medicpro d.o.o."},"image":{"@id":"https:\/\/medicpro.hr\/veleprodaja\/#\/schema\/logo\/image\/"}}]}},"_links":{"self":[{"href":"https:\/\/medicpro.hr\/veleprodaja\/wp-json\/wp\/v2\/product\/62688","targetHints":{"allow":["GET"]}}],"collection":[{"href":"https:\/\/medicpro.hr\/veleprodaja\/wp-json\/wp\/v2\/product"}],"about":[{"href":"https:\/\/medicpro.hr\/veleprodaja\/wp-json\/wp\/v2\/types\/product"}],"replies":[{"embeddable":true,"href":"https:\/\/medicpro.hr\/veleprodaja\/wp-json\/wp\/v2\/comments?post=62688"}],"wp:featuredmedia":[{"embeddable":true,"href":"https:\/\/medicpro.hr\/veleprodaja\/wp-json\/wp\/v2\/media\/54911"}],"wp:attachment":[{"href":"https:\/\/medicpro.hr\/veleprodaja\/wp-json\/wp\/v2\/media?parent=62688"}],"wp:term":[{"taxonomy":"product_brand","embeddable":true,"href":"https:\/\/medicpro.hr\/veleprodaja\/wp-json\/wp\/v2\/product_brand?post=62688"},{"taxonomy":"product_cat","embeddable":true,"href":"https:\/\/medicpro.hr\/veleprodaja\/wp-json\/wp\/v2\/product_cat?post=62688"},{"taxonomy":"product_tag","embeddable":true,"href":"https:\/\/medicpro.hr\/veleprodaja\/wp-json\/wp\/v2\/product_tag?post=62688"}],"curies":[{"name":"wp","href":"https:\/\/api.w.org\/{rel}","templated":true}]}}