{"id":62665,"date":"2026-03-19T07:25:50","date_gmt":"2026-03-19T06:25:50","guid":{"rendered":"https:\/\/zdesmedicpro-velepro.kuhada.net\/?post_type=product&#038;p=62665"},"modified":"2026-03-31T09:33:59","modified_gmt":"2026-03-31T07:33:59","slug":"tape-za-bandazu-5cm-x-7m-eab-spandex-bijeli","status":"publish","type":"product","link":"https:\/\/medicpro.hr\/veleprodaja\/proizvod\/tape-za-bandazu-5cm-x-7m-eab-spandex-bijeli\/","title":{"rendered":"TAPE ZA BANDA\u017dU 5cm x 7m, EAB SPANDEX, BIJELI"},"content":{"rendered":"<ul>\n<li>Lagana elasti\u010dna adhezivna traka dizajnirana za <strong>pru\u017eanje podr\u0161ke ozlije\u0111enim zglobovima, mi\u0161i\u0107ima i ligamentima<\/strong>.<\/li>\n<li>Izra\u0111en od rastezljive i elasti\u010dne tkanine koja se prilago\u0111ava obliku tijela, osiguravaju\u0107i udobnost i stabilnost.<\/li>\n<li><strong>Pru\u017ea umjerenu do maksimalnu kompresiju, smanjuje oteklinu i stabilizira ozlije\u0111ene dijelove<\/strong>.<\/li>\n<li>Materijal:<strong> 100% pamuk<\/strong>, s ljepilom <strong>bez lateksa<\/strong>.<\/li>\n<li><strong>Dimenzije<\/strong>:\n<ul>\n<li>5cm x 7m,<\/li>\n<li><a href=\"https:\/\/medicpro.hr\/veleprodaja\/proizvod\/tape-za-bandazu-75cm-x-7m-eab-spandex-crni\/\">7,5cm x 7m<\/a>,<\/li>\n<li><a href=\"https:\/\/medicpro.hr\/veleprodaja\/proizvod\/tape-za-bandazu-10cm-x-7m-eab-spandex-crni\/\">10cm x 7m<\/a>.<\/li>\n<\/ul>\n<\/li>\n<li>U skladu s me\u0111unarodnim standardima.<\/li>\n<li>Cijena se odnosi na jedan komad.<\/li>\n<\/ul>\n","protected":false},"excerpt":{"rendered":"<p>Lagana elasti\u010dna adhezivna traka dizajnirana za pru\u017eanje podr\u0161ke ozlije\u0111enim zglobovima, mi\u0161i\u0107ima i ligamentima. Izra\u0111en od rastezljive i elasti\u010dne tkanine koja<\/p>\n","protected":false},"featured_media":54844,"comment_status":"closed","ping_status":"closed","template":"","meta":[],"product_brand":[],"product_cat":[765,838,839,805],"product_tag":[],"class_list":{"0":"post-62665","1":"product","2":"type-product","3":"status-publish","4":"has-post-thumbnail","6":"product_cat-kutak-za-sportase","7":"product_cat-d3-tape-kutak-za-sportase","8":"product_cat-sportske-bandaze-d3-tape-kutak-za-sportase","9":"product_cat-sportske-bandaze","11":"first","12":"instock","13":"taxable","14":"shipping-taxable","15":"purchasable","16":"product-type-simple"},"acf":[],"yoast_head":"<!-- This site is optimized with the Yoast SEO plugin v27.3 - https:\/\/yoast.com\/product\/yoast-seo-wordpress\/ -->\n<title>TAPE ZA BANDA\u017dU 5cm x 7m, EAB SPANDEX, BIJELI - Medicpro<\/title>\n<meta name=\"robots\" content=\"index, follow, max-snippet:-1, max-image-preview:large, max-video-preview:-1\" \/>\n<link rel=\"canonical\" href=\"https:\/\/medicpro.hr\/veleprodaja\/proizvod\/tape-za-bandazu-5cm-x-7m-eab-spandex-bijeli\/\" \/>\n<meta property=\"og:locale\" content=\"hr_HR\" \/>\n<meta property=\"og:type\" content=\"article\" \/>\n<meta property=\"og:title\" content=\"TAPE ZA BANDA\u017dU 5cm x 7m, EAB SPANDEX, BIJELI - Medicpro\" \/>\n<meta property=\"og:description\" content=\"Lagana elasti\u010dna adhezivna traka dizajnirana za pru\u017eanje podr\u0161ke ozlije\u0111enim zglobovima, mi\u0161i\u0107ima i ligamentima. Izra\u0111en od rastezljive i elasti\u010dne tkanine koja\" \/>\n<meta property=\"og:url\" content=\"https:\/\/medicpro.hr\/veleprodaja\/proizvod\/tape-za-bandazu-5cm-x-7m-eab-spandex-bijeli\/\" \/>\n<meta property=\"og:site_name\" content=\"Medicpro\" \/>\n<meta property=\"article:modified_time\" content=\"2026-03-31T07:33:59+00:00\" \/>\n<meta property=\"og:image\" content=\"https:\/\/medicpro.hr\/veleprodaja\/wp-content\/uploads\/2025\/06\/tape-za-bandazu-5-cm-x-7-m-eab-spandex-bijeli-2.png\" \/>\n\t<meta property=\"og:image:width\" content=\"1890\" \/>\n\t<meta property=\"og:image:height\" content=\"1890\" \/>\n\t<meta property=\"og:image:type\" content=\"image\/png\" \/>\n<meta name=\"twitter:card\" content=\"summary_large_image\" \/>\n<meta name=\"twitter:label1\" content=\"Procijenjeno vrijeme \u010ditanja\" \/>\n\t<meta name=\"twitter:data1\" content=\"1 minuta\" \/>\n<script type=\"application\/ld+json\" class=\"yoast-schema-graph\">{\"@context\":\"https:\\\/\\\/schema.org\",\"@graph\":[{\"@type\":\"WebPage\",\"@id\":\"https:\\\/\\\/medicpro.hr\\\/veleprodaja\\\/proizvod\\\/tape-za-bandazu-5cm-x-7m-eab-spandex-bijeli\\\/\",\"url\":\"https:\\\/\\\/medicpro.hr\\\/veleprodaja\\\/proizvod\\\/tape-za-bandazu-5cm-x-7m-eab-spandex-bijeli\\\/\",\"name\":\"TAPE ZA BANDA\u017dU 5cm x 7m, EAB SPANDEX, BIJELI - Medicpro\",\"isPartOf\":{\"@id\":\"https:\\\/\\\/medicpro.hr\\\/veleprodaja\\\/#website\"},\"primaryImageOfPage\":{\"@id\":\"https:\\\/\\\/medicpro.hr\\\/veleprodaja\\\/proizvod\\\/tape-za-bandazu-5cm-x-7m-eab-spandex-bijeli\\\/#primaryimage\"},\"image\":{\"@id\":\"https:\\\/\\\/medicpro.hr\\\/veleprodaja\\\/proizvod\\\/tape-za-bandazu-5cm-x-7m-eab-spandex-bijeli\\\/#primaryimage\"},\"thumbnailUrl\":\"https:\\\/\\\/medicpro.hr\\\/veleprodaja\\\/wp-content\\\/uploads\\\/2025\\\/06\\\/tape-za-bandazu-5-cm-x-7-m-eab-spandex-bijeli-2.png\",\"datePublished\":\"2026-03-19T06:25:50+00:00\",\"dateModified\":\"2026-03-31T07:33:59+00:00\",\"breadcrumb\":{\"@id\":\"https:\\\/\\\/medicpro.hr\\\/veleprodaja\\\/proizvod\\\/tape-za-bandazu-5cm-x-7m-eab-spandex-bijeli\\\/#breadcrumb\"},\"inLanguage\":\"hr\",\"potentialAction\":[{\"@type\":\"ReadAction\",\"target\":[\"https:\\\/\\\/medicpro.hr\\\/veleprodaja\\\/proizvod\\\/tape-za-bandazu-5cm-x-7m-eab-spandex-bijeli\\\/\"]}]},{\"@type\":\"ImageObject\",\"inLanguage\":\"hr\",\"@id\":\"https:\\\/\\\/medicpro.hr\\\/veleprodaja\\\/proizvod\\\/tape-za-bandazu-5cm-x-7m-eab-spandex-bijeli\\\/#primaryimage\",\"url\":\"https:\\\/\\\/medicpro.hr\\\/veleprodaja\\\/wp-content\\\/uploads\\\/2025\\\/06\\\/tape-za-bandazu-5-cm-x-7-m-eab-spandex-bijeli-2.png\",\"contentUrl\":\"https:\\\/\\\/medicpro.hr\\\/veleprodaja\\\/wp-content\\\/uploads\\\/2025\\\/06\\\/tape-za-bandazu-5-cm-x-7-m-eab-spandex-bijeli-2.png\",\"width\":1890,\"height\":1890},{\"@type\":\"BreadcrumbList\",\"@id\":\"https:\\\/\\\/medicpro.hr\\\/veleprodaja\\\/proizvod\\\/tape-za-bandazu-5cm-x-7m-eab-spandex-bijeli\\\/#breadcrumb\",\"itemListElement\":[{\"@type\":\"ListItem\",\"position\":1,\"name\":\"Po\u010detna stranica\",\"item\":\"https:\\\/\\\/medicpro.hr\\\/veleprodaja\\\/\"},{\"@type\":\"ListItem\",\"position\":2,\"name\":\"Veleprodaja\",\"item\":\"https:\\\/\\\/medicpro.hr\\\/veleprodaja\\\/trgovina\\\/\"},{\"@type\":\"ListItem\",\"position\":3,\"name\":\"TAPE ZA BANDA\u017dU 5cm x 7m, EAB SPANDEX, BIJELI\"}]},{\"@type\":\"WebSite\",\"@id\":\"https:\\\/\\\/medicpro.hr\\\/veleprodaja\\\/#website\",\"url\":\"https:\\\/\\\/medicpro.hr\\\/veleprodaja\\\/\",\"name\":\"Medicpro.hr\",\"description\":\"Medicinski potro\u0161ni materijal i oprema\",\"publisher\":{\"@id\":\"https:\\\/\\\/medicpro.hr\\\/veleprodaja\\\/#organization\"},\"potentialAction\":[{\"@type\":\"SearchAction\",\"target\":{\"@type\":\"EntryPoint\",\"urlTemplate\":\"https:\\\/\\\/medicpro.hr\\\/veleprodaja\\\/?s={search_term_string}\"},\"query-input\":{\"@type\":\"PropertyValueSpecification\",\"valueRequired\":true,\"valueName\":\"search_term_string\"}}],\"inLanguage\":\"hr\"},{\"@type\":\"Organization\",\"@id\":\"https:\\\/\\\/medicpro.hr\\\/veleprodaja\\\/#organization\",\"name\":\"Medicpro d.o.o.\",\"url\":\"https:\\\/\\\/medicpro.hr\\\/veleprodaja\\\/\",\"logo\":{\"@type\":\"ImageObject\",\"inLanguage\":\"hr\",\"@id\":\"https:\\\/\\\/medicpro.hr\\\/veleprodaja\\\/#\\\/schema\\\/logo\\\/image\\\/\",\"url\":\"https:\\\/\\\/medicpro.hr\\\/veleprodaja\\\/wp-content\\\/uploads\\\/2025\\\/05\\\/medicpro_logo.svg\",\"contentUrl\":\"https:\\\/\\\/medicpro.hr\\\/veleprodaja\\\/wp-content\\\/uploads\\\/2025\\\/05\\\/medicpro_logo.svg\",\"width\":226,\"height\":42,\"caption\":\"Medicpro d.o.o.\"},\"image\":{\"@id\":\"https:\\\/\\\/medicpro.hr\\\/veleprodaja\\\/#\\\/schema\\\/logo\\\/image\\\/\"}}]}<\/script>\n<!-- \/ Yoast SEO plugin. -->","yoast_head_json":{"title":"TAPE ZA BANDA\u017dU 5cm x 7m, EAB SPANDEX, BIJELI - Medicpro","robots":{"index":"index","follow":"follow","max-snippet":"max-snippet:-1","max-image-preview":"max-image-preview:large","max-video-preview":"max-video-preview:-1"},"canonical":"https:\/\/medicpro.hr\/veleprodaja\/proizvod\/tape-za-bandazu-5cm-x-7m-eab-spandex-bijeli\/","og_locale":"hr_HR","og_type":"article","og_title":"TAPE ZA BANDA\u017dU 5cm x 7m, EAB SPANDEX, BIJELI - Medicpro","og_description":"Lagana elasti\u010dna adhezivna traka dizajnirana za pru\u017eanje podr\u0161ke ozlije\u0111enim zglobovima, mi\u0161i\u0107ima i ligamentima. Izra\u0111en od rastezljive i elasti\u010dne tkanine koja","og_url":"https:\/\/medicpro.hr\/veleprodaja\/proizvod\/tape-za-bandazu-5cm-x-7m-eab-spandex-bijeli\/","og_site_name":"Medicpro","article_modified_time":"2026-03-31T07:33:59+00:00","og_image":[{"width":1890,"height":1890,"url":"https:\/\/medicpro.hr\/veleprodaja\/wp-content\/uploads\/2025\/06\/tape-za-bandazu-5-cm-x-7-m-eab-spandex-bijeli-2.png","type":"image\/png"}],"twitter_card":"summary_large_image","twitter_misc":{"Procijenjeno vrijeme \u010ditanja":"1 minuta"},"schema":{"@context":"https:\/\/schema.org","@graph":[{"@type":"WebPage","@id":"https:\/\/medicpro.hr\/veleprodaja\/proizvod\/tape-za-bandazu-5cm-x-7m-eab-spandex-bijeli\/","url":"https:\/\/medicpro.hr\/veleprodaja\/proizvod\/tape-za-bandazu-5cm-x-7m-eab-spandex-bijeli\/","name":"TAPE ZA BANDA\u017dU 5cm x 7m, EAB SPANDEX, BIJELI - Medicpro","isPartOf":{"@id":"https:\/\/medicpro.hr\/veleprodaja\/#website"},"primaryImageOfPage":{"@id":"https:\/\/medicpro.hr\/veleprodaja\/proizvod\/tape-za-bandazu-5cm-x-7m-eab-spandex-bijeli\/#primaryimage"},"image":{"@id":"https:\/\/medicpro.hr\/veleprodaja\/proizvod\/tape-za-bandazu-5cm-x-7m-eab-spandex-bijeli\/#primaryimage"},"thumbnailUrl":"https:\/\/medicpro.hr\/veleprodaja\/wp-content\/uploads\/2025\/06\/tape-za-bandazu-5-cm-x-7-m-eab-spandex-bijeli-2.png","datePublished":"2026-03-19T06:25:50+00:00","dateModified":"2026-03-31T07:33:59+00:00","breadcrumb":{"@id":"https:\/\/medicpro.hr\/veleprodaja\/proizvod\/tape-za-bandazu-5cm-x-7m-eab-spandex-bijeli\/#breadcrumb"},"inLanguage":"hr","potentialAction":[{"@type":"ReadAction","target":["https:\/\/medicpro.hr\/veleprodaja\/proizvod\/tape-za-bandazu-5cm-x-7m-eab-spandex-bijeli\/"]}]},{"@type":"ImageObject","inLanguage":"hr","@id":"https:\/\/medicpro.hr\/veleprodaja\/proizvod\/tape-za-bandazu-5cm-x-7m-eab-spandex-bijeli\/#primaryimage","url":"https:\/\/medicpro.hr\/veleprodaja\/wp-content\/uploads\/2025\/06\/tape-za-bandazu-5-cm-x-7-m-eab-spandex-bijeli-2.png","contentUrl":"https:\/\/medicpro.hr\/veleprodaja\/wp-content\/uploads\/2025\/06\/tape-za-bandazu-5-cm-x-7-m-eab-spandex-bijeli-2.png","width":1890,"height":1890},{"@type":"BreadcrumbList","@id":"https:\/\/medicpro.hr\/veleprodaja\/proizvod\/tape-za-bandazu-5cm-x-7m-eab-spandex-bijeli\/#breadcrumb","itemListElement":[{"@type":"ListItem","position":1,"name":"Po\u010detna stranica","item":"https:\/\/medicpro.hr\/veleprodaja\/"},{"@type":"ListItem","position":2,"name":"Veleprodaja","item":"https:\/\/medicpro.hr\/veleprodaja\/trgovina\/"},{"@type":"ListItem","position":3,"name":"TAPE ZA BANDA\u017dU 5cm x 7m, EAB SPANDEX, BIJELI"}]},{"@type":"WebSite","@id":"https:\/\/medicpro.hr\/veleprodaja\/#website","url":"https:\/\/medicpro.hr\/veleprodaja\/","name":"Medicpro.hr","description":"Medicinski potro\u0161ni materijal i oprema","publisher":{"@id":"https:\/\/medicpro.hr\/veleprodaja\/#organization"},"potentialAction":[{"@type":"SearchAction","target":{"@type":"EntryPoint","urlTemplate":"https:\/\/medicpro.hr\/veleprodaja\/?s={search_term_string}"},"query-input":{"@type":"PropertyValueSpecification","valueRequired":true,"valueName":"search_term_string"}}],"inLanguage":"hr"},{"@type":"Organization","@id":"https:\/\/medicpro.hr\/veleprodaja\/#organization","name":"Medicpro d.o.o.","url":"https:\/\/medicpro.hr\/veleprodaja\/","logo":{"@type":"ImageObject","inLanguage":"hr","@id":"https:\/\/medicpro.hr\/veleprodaja\/#\/schema\/logo\/image\/","url":"https:\/\/medicpro.hr\/veleprodaja\/wp-content\/uploads\/2025\/05\/medicpro_logo.svg","contentUrl":"https:\/\/medicpro.hr\/veleprodaja\/wp-content\/uploads\/2025\/05\/medicpro_logo.svg","width":226,"height":42,"caption":"Medicpro d.o.o."},"image":{"@id":"https:\/\/medicpro.hr\/veleprodaja\/#\/schema\/logo\/image\/"}}]}},"_links":{"self":[{"href":"https:\/\/medicpro.hr\/veleprodaja\/wp-json\/wp\/v2\/product\/62665","targetHints":{"allow":["GET"]}}],"collection":[{"href":"https:\/\/medicpro.hr\/veleprodaja\/wp-json\/wp\/v2\/product"}],"about":[{"href":"https:\/\/medicpro.hr\/veleprodaja\/wp-json\/wp\/v2\/types\/product"}],"replies":[{"embeddable":true,"href":"https:\/\/medicpro.hr\/veleprodaja\/wp-json\/wp\/v2\/comments?post=62665"}],"wp:featuredmedia":[{"embeddable":true,"href":"https:\/\/medicpro.hr\/veleprodaja\/wp-json\/wp\/v2\/media\/54844"}],"wp:attachment":[{"href":"https:\/\/medicpro.hr\/veleprodaja\/wp-json\/wp\/v2\/media?parent=62665"}],"wp:term":[{"taxonomy":"product_brand","embeddable":true,"href":"https:\/\/medicpro.hr\/veleprodaja\/wp-json\/wp\/v2\/product_brand?post=62665"},{"taxonomy":"product_cat","embeddable":true,"href":"https:\/\/medicpro.hr\/veleprodaja\/wp-json\/wp\/v2\/product_cat?post=62665"},{"taxonomy":"product_tag","embeddable":true,"href":"https:\/\/medicpro.hr\/veleprodaja\/wp-json\/wp\/v2\/product_tag?post=62665"}],"curies":[{"name":"wp","href":"https:\/\/api.w.org\/{rel}","templated":true}]}}