{"id":62655,"date":"2025-09-01T03:04:31","date_gmt":"2025-09-01T01:04:31","guid":{"rendered":"https:\/\/zdesmedicpro-velepro.kuhada.net\/?post_type=product&#038;p=62655"},"modified":"2026-03-31T09:33:59","modified_gmt":"2026-03-31T07:33:59","slug":"krema-plava-za-zastitu-misica-i-koze-200-ml","status":"publish","type":"product","link":"https:\/\/medicpro.hr\/veleprodaja\/proizvod\/krema-plava-za-zastitu-misica-i-koze-200-ml\/","title":{"rendered":"KREMA PLAVA ZA ZA\u0160TITU MI\u0160I\u0106A I KO\u017dE 200 ml"},"content":{"rendered":"<ul>\n<li><strong>Za\u0161titna krema za sprje\u010davanje trenja i iritacije ko\u017ee tijekom fizi\u010dkih aktivnosti<\/strong>.<\/li>\n<li>Pru\u017ea dugotrajnu za\u0161titu od ogrebotina i \u017euljeva.<\/li>\n<li>Napravljena od <strong>100% vazelina<\/strong>, transparentna, <strong>bez mirisa<\/strong>.<\/li>\n<li>Lako se nanosi i brzo upija, ne ostavljaju\u0107i mastan osje\u0107aj na ko\u017ei.<\/li>\n<li><strong>Osigurava dugotrajan sloj za\u0161tite<\/strong>, ostaje na ko\u017ei i u uvjetima znojenja ili izlaganja vodi.<\/li>\n<li>Dostupna i u pakiranju od 400 ml (na upit).<\/li>\n<li>Dostupne i druge kreme za razli\u010dite namjene:\n<ul>\n<li><a href=\"https:\/\/medicpro.hr\/veleprodaja\/proizvod\/krema-zlatna-za-oporavak-misica-nakon-aktivnosti-200-ml\/\">krema za oporavak mi\u0161i\u0107a nakon aktivnosti<\/a>,<\/li>\n<li><a href=\"https:\/\/medicpro.hr\/veleprodaja\/proizvod\/krema-platinum-za-rehabilitaciju-i-opustanje-misica-200-ml\/\">krema za rehabilitaciju i oporavak mi\u0161i\u0107a<\/a>,<\/li>\n<li><a href=\"https:\/\/medicpro.hr\/veleprodaja\/proizvod\/krema-crvena-za-zagrijavanje-misica-200-ml\/\">krema za zagrijavanje mi\u0161i\u0107a<\/a>.<\/li>\n<\/ul>\n<\/li>\n<li>U skladu s me\u0111unarodnim standardima.<\/li>\n<li>Cijena se odnosi na jedan komad.<\/li>\n<\/ul>\n","protected":false},"excerpt":{"rendered":"<p>Za\u0161titna krema za sprje\u010davanje trenja i iritacije ko\u017ee tijekom fizi\u010dkih aktivnosti. Pru\u017ea dugotrajnu za\u0161titu od ogrebotina i \u017euljeva. Napravljena od<\/p>\n","protected":false},"featured_media":54822,"comment_status":"closed","ping_status":"closed","template":"","meta":[],"product_brand":[],"product_cat":[765,838,841],"product_tag":[],"class_list":{"0":"post-62655","1":"product","2":"type-product","3":"status-publish","4":"has-post-thumbnail","6":"product_cat-kutak-za-sportase","7":"product_cat-d3-tape-kutak-za-sportase","8":"product_cat-kreme-za-misice-oblozi-i-sprejevi-d3-tape-kutak-za-sportase","10":"first","11":"instock","12":"taxable","13":"shipping-taxable","14":"purchasable","15":"product-type-simple"},"acf":[],"yoast_head":"<!-- This site is optimized with the Yoast SEO plugin v27.3 - https:\/\/yoast.com\/product\/yoast-seo-wordpress\/ -->\n<title>KREMA PLAVA ZA ZA\u0160TITU MI\u0160I\u0106A I KO\u017dE 200 ml - Medicpro<\/title>\n<meta name=\"robots\" content=\"index, follow, max-snippet:-1, max-image-preview:large, max-video-preview:-1\" \/>\n<link rel=\"canonical\" href=\"https:\/\/medicpro.hr\/veleprodaja\/proizvod\/krema-plava-za-zastitu-misica-i-koze-200-ml\/\" \/>\n<meta property=\"og:locale\" content=\"hr_HR\" \/>\n<meta property=\"og:type\" content=\"article\" \/>\n<meta property=\"og:title\" content=\"KREMA PLAVA ZA ZA\u0160TITU MI\u0160I\u0106A I KO\u017dE 200 ml - Medicpro\" \/>\n<meta property=\"og:description\" content=\"Za\u0161titna krema za sprje\u010davanje trenja i iritacije ko\u017ee tijekom fizi\u010dkih aktivnosti. Pru\u017ea dugotrajnu za\u0161titu od ogrebotina i \u017euljeva. Napravljena od\" \/>\n<meta property=\"og:url\" content=\"https:\/\/medicpro.hr\/veleprodaja\/proizvod\/krema-plava-za-zastitu-misica-i-koze-200-ml\/\" \/>\n<meta property=\"og:site_name\" content=\"Medicpro\" \/>\n<meta property=\"article:modified_time\" content=\"2026-03-31T07:33:59+00:00\" \/>\n<meta property=\"og:image\" content=\"https:\/\/medicpro.hr\/veleprodaja\/wp-content\/uploads\/2025\/06\/krema-za-zastitu-misica-i-koze-200-ml-2.png\" \/>\n\t<meta property=\"og:image:width\" content=\"1890\" \/>\n\t<meta property=\"og:image:height\" content=\"1890\" \/>\n\t<meta property=\"og:image:type\" content=\"image\/png\" \/>\n<meta name=\"twitter:card\" content=\"summary_large_image\" \/>\n<meta name=\"twitter:label1\" content=\"Procijenjeno vrijeme \u010ditanja\" \/>\n\t<meta name=\"twitter:data1\" content=\"1 minuta\" \/>\n<script type=\"application\/ld+json\" class=\"yoast-schema-graph\">{\"@context\":\"https:\\\/\\\/schema.org\",\"@graph\":[{\"@type\":\"WebPage\",\"@id\":\"https:\\\/\\\/medicpro.hr\\\/veleprodaja\\\/proizvod\\\/krema-plava-za-zastitu-misica-i-koze-200-ml\\\/\",\"url\":\"https:\\\/\\\/medicpro.hr\\\/veleprodaja\\\/proizvod\\\/krema-plava-za-zastitu-misica-i-koze-200-ml\\\/\",\"name\":\"KREMA PLAVA ZA ZA\u0160TITU MI\u0160I\u0106A I KO\u017dE 200 ml - Medicpro\",\"isPartOf\":{\"@id\":\"https:\\\/\\\/medicpro.hr\\\/veleprodaja\\\/#website\"},\"primaryImageOfPage\":{\"@id\":\"https:\\\/\\\/medicpro.hr\\\/veleprodaja\\\/proizvod\\\/krema-plava-za-zastitu-misica-i-koze-200-ml\\\/#primaryimage\"},\"image\":{\"@id\":\"https:\\\/\\\/medicpro.hr\\\/veleprodaja\\\/proizvod\\\/krema-plava-za-zastitu-misica-i-koze-200-ml\\\/#primaryimage\"},\"thumbnailUrl\":\"https:\\\/\\\/medicpro.hr\\\/veleprodaja\\\/wp-content\\\/uploads\\\/2025\\\/06\\\/krema-za-zastitu-misica-i-koze-200-ml-2.png\",\"datePublished\":\"2025-09-01T01:04:31+00:00\",\"dateModified\":\"2026-03-31T07:33:59+00:00\",\"breadcrumb\":{\"@id\":\"https:\\\/\\\/medicpro.hr\\\/veleprodaja\\\/proizvod\\\/krema-plava-za-zastitu-misica-i-koze-200-ml\\\/#breadcrumb\"},\"inLanguage\":\"hr\",\"potentialAction\":[{\"@type\":\"ReadAction\",\"target\":[\"https:\\\/\\\/medicpro.hr\\\/veleprodaja\\\/proizvod\\\/krema-plava-za-zastitu-misica-i-koze-200-ml\\\/\"]}]},{\"@type\":\"ImageObject\",\"inLanguage\":\"hr\",\"@id\":\"https:\\\/\\\/medicpro.hr\\\/veleprodaja\\\/proizvod\\\/krema-plava-za-zastitu-misica-i-koze-200-ml\\\/#primaryimage\",\"url\":\"https:\\\/\\\/medicpro.hr\\\/veleprodaja\\\/wp-content\\\/uploads\\\/2025\\\/06\\\/krema-za-zastitu-misica-i-koze-200-ml-2.png\",\"contentUrl\":\"https:\\\/\\\/medicpro.hr\\\/veleprodaja\\\/wp-content\\\/uploads\\\/2025\\\/06\\\/krema-za-zastitu-misica-i-koze-200-ml-2.png\",\"width\":1890,\"height\":1890},{\"@type\":\"BreadcrumbList\",\"@id\":\"https:\\\/\\\/medicpro.hr\\\/veleprodaja\\\/proizvod\\\/krema-plava-za-zastitu-misica-i-koze-200-ml\\\/#breadcrumb\",\"itemListElement\":[{\"@type\":\"ListItem\",\"position\":1,\"name\":\"Po\u010detna stranica\",\"item\":\"https:\\\/\\\/medicpro.hr\\\/veleprodaja\\\/\"},{\"@type\":\"ListItem\",\"position\":2,\"name\":\"Veleprodaja\",\"item\":\"https:\\\/\\\/medicpro.hr\\\/veleprodaja\\\/trgovina\\\/\"},{\"@type\":\"ListItem\",\"position\":3,\"name\":\"KREMA PLAVA ZA ZA\u0160TITU MI\u0160I\u0106A I KO\u017dE 200 ml\"}]},{\"@type\":\"WebSite\",\"@id\":\"https:\\\/\\\/medicpro.hr\\\/veleprodaja\\\/#website\",\"url\":\"https:\\\/\\\/medicpro.hr\\\/veleprodaja\\\/\",\"name\":\"Medicpro.hr\",\"description\":\"Medicinski potro\u0161ni materijal i oprema\",\"publisher\":{\"@id\":\"https:\\\/\\\/medicpro.hr\\\/veleprodaja\\\/#organization\"},\"potentialAction\":[{\"@type\":\"SearchAction\",\"target\":{\"@type\":\"EntryPoint\",\"urlTemplate\":\"https:\\\/\\\/medicpro.hr\\\/veleprodaja\\\/?s={search_term_string}\"},\"query-input\":{\"@type\":\"PropertyValueSpecification\",\"valueRequired\":true,\"valueName\":\"search_term_string\"}}],\"inLanguage\":\"hr\"},{\"@type\":\"Organization\",\"@id\":\"https:\\\/\\\/medicpro.hr\\\/veleprodaja\\\/#organization\",\"name\":\"Medicpro d.o.o.\",\"url\":\"https:\\\/\\\/medicpro.hr\\\/veleprodaja\\\/\",\"logo\":{\"@type\":\"ImageObject\",\"inLanguage\":\"hr\",\"@id\":\"https:\\\/\\\/medicpro.hr\\\/veleprodaja\\\/#\\\/schema\\\/logo\\\/image\\\/\",\"url\":\"https:\\\/\\\/medicpro.hr\\\/veleprodaja\\\/wp-content\\\/uploads\\\/2025\\\/05\\\/medicpro_logo.svg\",\"contentUrl\":\"https:\\\/\\\/medicpro.hr\\\/veleprodaja\\\/wp-content\\\/uploads\\\/2025\\\/05\\\/medicpro_logo.svg\",\"width\":226,\"height\":42,\"caption\":\"Medicpro d.o.o.\"},\"image\":{\"@id\":\"https:\\\/\\\/medicpro.hr\\\/veleprodaja\\\/#\\\/schema\\\/logo\\\/image\\\/\"}}]}<\/script>\n<!-- \/ Yoast SEO plugin. -->","yoast_head_json":{"title":"KREMA PLAVA ZA ZA\u0160TITU MI\u0160I\u0106A I KO\u017dE 200 ml - Medicpro","robots":{"index":"index","follow":"follow","max-snippet":"max-snippet:-1","max-image-preview":"max-image-preview:large","max-video-preview":"max-video-preview:-1"},"canonical":"https:\/\/medicpro.hr\/veleprodaja\/proizvod\/krema-plava-za-zastitu-misica-i-koze-200-ml\/","og_locale":"hr_HR","og_type":"article","og_title":"KREMA PLAVA ZA ZA\u0160TITU MI\u0160I\u0106A I KO\u017dE 200 ml - Medicpro","og_description":"Za\u0161titna krema za sprje\u010davanje trenja i iritacije ko\u017ee tijekom fizi\u010dkih aktivnosti. Pru\u017ea dugotrajnu za\u0161titu od ogrebotina i \u017euljeva. Napravljena od","og_url":"https:\/\/medicpro.hr\/veleprodaja\/proizvod\/krema-plava-za-zastitu-misica-i-koze-200-ml\/","og_site_name":"Medicpro","article_modified_time":"2026-03-31T07:33:59+00:00","og_image":[{"width":1890,"height":1890,"url":"https:\/\/medicpro.hr\/veleprodaja\/wp-content\/uploads\/2025\/06\/krema-za-zastitu-misica-i-koze-200-ml-2.png","type":"image\/png"}],"twitter_card":"summary_large_image","twitter_misc":{"Procijenjeno vrijeme \u010ditanja":"1 minuta"},"schema":{"@context":"https:\/\/schema.org","@graph":[{"@type":"WebPage","@id":"https:\/\/medicpro.hr\/veleprodaja\/proizvod\/krema-plava-za-zastitu-misica-i-koze-200-ml\/","url":"https:\/\/medicpro.hr\/veleprodaja\/proizvod\/krema-plava-za-zastitu-misica-i-koze-200-ml\/","name":"KREMA PLAVA ZA ZA\u0160TITU MI\u0160I\u0106A I KO\u017dE 200 ml - Medicpro","isPartOf":{"@id":"https:\/\/medicpro.hr\/veleprodaja\/#website"},"primaryImageOfPage":{"@id":"https:\/\/medicpro.hr\/veleprodaja\/proizvod\/krema-plava-za-zastitu-misica-i-koze-200-ml\/#primaryimage"},"image":{"@id":"https:\/\/medicpro.hr\/veleprodaja\/proizvod\/krema-plava-za-zastitu-misica-i-koze-200-ml\/#primaryimage"},"thumbnailUrl":"https:\/\/medicpro.hr\/veleprodaja\/wp-content\/uploads\/2025\/06\/krema-za-zastitu-misica-i-koze-200-ml-2.png","datePublished":"2025-09-01T01:04:31+00:00","dateModified":"2026-03-31T07:33:59+00:00","breadcrumb":{"@id":"https:\/\/medicpro.hr\/veleprodaja\/proizvod\/krema-plava-za-zastitu-misica-i-koze-200-ml\/#breadcrumb"},"inLanguage":"hr","potentialAction":[{"@type":"ReadAction","target":["https:\/\/medicpro.hr\/veleprodaja\/proizvod\/krema-plava-za-zastitu-misica-i-koze-200-ml\/"]}]},{"@type":"ImageObject","inLanguage":"hr","@id":"https:\/\/medicpro.hr\/veleprodaja\/proizvod\/krema-plava-za-zastitu-misica-i-koze-200-ml\/#primaryimage","url":"https:\/\/medicpro.hr\/veleprodaja\/wp-content\/uploads\/2025\/06\/krema-za-zastitu-misica-i-koze-200-ml-2.png","contentUrl":"https:\/\/medicpro.hr\/veleprodaja\/wp-content\/uploads\/2025\/06\/krema-za-zastitu-misica-i-koze-200-ml-2.png","width":1890,"height":1890},{"@type":"BreadcrumbList","@id":"https:\/\/medicpro.hr\/veleprodaja\/proizvod\/krema-plava-za-zastitu-misica-i-koze-200-ml\/#breadcrumb","itemListElement":[{"@type":"ListItem","position":1,"name":"Po\u010detna stranica","item":"https:\/\/medicpro.hr\/veleprodaja\/"},{"@type":"ListItem","position":2,"name":"Veleprodaja","item":"https:\/\/medicpro.hr\/veleprodaja\/trgovina\/"},{"@type":"ListItem","position":3,"name":"KREMA PLAVA ZA ZA\u0160TITU MI\u0160I\u0106A I KO\u017dE 200 ml"}]},{"@type":"WebSite","@id":"https:\/\/medicpro.hr\/veleprodaja\/#website","url":"https:\/\/medicpro.hr\/veleprodaja\/","name":"Medicpro.hr","description":"Medicinski potro\u0161ni materijal i oprema","publisher":{"@id":"https:\/\/medicpro.hr\/veleprodaja\/#organization"},"potentialAction":[{"@type":"SearchAction","target":{"@type":"EntryPoint","urlTemplate":"https:\/\/medicpro.hr\/veleprodaja\/?s={search_term_string}"},"query-input":{"@type":"PropertyValueSpecification","valueRequired":true,"valueName":"search_term_string"}}],"inLanguage":"hr"},{"@type":"Organization","@id":"https:\/\/medicpro.hr\/veleprodaja\/#organization","name":"Medicpro d.o.o.","url":"https:\/\/medicpro.hr\/veleprodaja\/","logo":{"@type":"ImageObject","inLanguage":"hr","@id":"https:\/\/medicpro.hr\/veleprodaja\/#\/schema\/logo\/image\/","url":"https:\/\/medicpro.hr\/veleprodaja\/wp-content\/uploads\/2025\/05\/medicpro_logo.svg","contentUrl":"https:\/\/medicpro.hr\/veleprodaja\/wp-content\/uploads\/2025\/05\/medicpro_logo.svg","width":226,"height":42,"caption":"Medicpro d.o.o."},"image":{"@id":"https:\/\/medicpro.hr\/veleprodaja\/#\/schema\/logo\/image\/"}}]}},"_links":{"self":[{"href":"https:\/\/medicpro.hr\/veleprodaja\/wp-json\/wp\/v2\/product\/62655","targetHints":{"allow":["GET"]}}],"collection":[{"href":"https:\/\/medicpro.hr\/veleprodaja\/wp-json\/wp\/v2\/product"}],"about":[{"href":"https:\/\/medicpro.hr\/veleprodaja\/wp-json\/wp\/v2\/types\/product"}],"replies":[{"embeddable":true,"href":"https:\/\/medicpro.hr\/veleprodaja\/wp-json\/wp\/v2\/comments?post=62655"}],"wp:featuredmedia":[{"embeddable":true,"href":"https:\/\/medicpro.hr\/veleprodaja\/wp-json\/wp\/v2\/media\/54822"}],"wp:attachment":[{"href":"https:\/\/medicpro.hr\/veleprodaja\/wp-json\/wp\/v2\/media?parent=62655"}],"wp:term":[{"taxonomy":"product_brand","embeddable":true,"href":"https:\/\/medicpro.hr\/veleprodaja\/wp-json\/wp\/v2\/product_brand?post=62655"},{"taxonomy":"product_cat","embeddable":true,"href":"https:\/\/medicpro.hr\/veleprodaja\/wp-json\/wp\/v2\/product_cat?post=62655"},{"taxonomy":"product_tag","embeddable":true,"href":"https:\/\/medicpro.hr\/veleprodaja\/wp-json\/wp\/v2\/product_tag?post=62655"}],"curies":[{"name":"wp","href":"https:\/\/api.w.org\/{rel}","templated":true}]}}