{"id":62644,"date":"2025-09-01T03:04:22","date_gmt":"2025-09-01T01:04:22","guid":{"rendered":"https:\/\/zdesmedicpro-velepro.kuhada.net\/?post_type=product&#038;p=62644"},"modified":"2026-01-26T10:03:59","modified_gmt":"2026-01-26T09:03:59","slug":"traka-kinezioloska-5cm-x-6m-ljubicasta","status":"publish","type":"product","link":"https:\/\/medicpro.hr\/veleprodaja\/proizvod\/traka-kinezioloska-5cm-x-6m-ljubicasta\/","title":{"rendered":"TRAKA KINEZIOLO\u0160KA 5cm x 6m, LJUBI\u010cASTA"},"content":{"rendered":"<ul>\n<li>Kineziolo\u0161ka traka <strong>za ubla\u017eavanje bolova i napetosti u mi\u0161i\u0107ima i zglobovima, br\u017ei oporavak od ozljeda te pobolj\u0161anje mi\u0161i\u0107nih funkcija<\/strong>.<\/li>\n<li>Djeluje poput &#8220;druge ko\u017ee&#8221; poti\u010du\u0107i cirkulaciju krvi, \u0161to omogu\u0107uje br\u017ei oporavak i pobolj\u0161ava funkcionalnost tijela.<\/li>\n<li><strong>Izra\u0111ena je od mje\u0161avine pamuka (95%) i spandeksa (5%), s visokom rastezljivosti (elasti\u010dni omjer 1:1,25-1,35)<\/strong>.<\/li>\n<li>Mo\u017ee se koristiti <strong>kod profesionalnih i rekreativnih sportskih aktivnosti, odre\u0111enih bolnih stanja, ali i preventivno za za\u0161titu tijekom tjelesne aktivnosti<\/strong>.<\/li>\n<li>Ostaje na ko\u017ei do 5 dana, \u010dak i tijekom intenzivnih aktivnosti.<\/li>\n<li><strong>Jednostavno se re\u017ee na \u017eeljenu duljinu, a mo\u017ee se koristiti na svim dijelovima tijela<\/strong>.<\/li>\n<li>Dostupna u bojama:\n<ul>\n<li><a href=\"https:\/\/medicpro.hr\/veleprodaja\/proizvod\/traka-kinezioloska-5cm-x-6m-crna\/\">crna<\/a>,<\/li>\n<li><a href=\"https:\/\/medicpro.hr\/veleprodaja\/proizvod\/traka-kinezioloska-5cm-x-6m-plava\/\">plava<\/a>,<\/li>\n<li><a href=\"https:\/\/medicpro.hr\/veleprodaja\/proizvod\/traka-kinezioloska-5cm-x-6m-roza\/\">roza<\/a>,<\/li>\n<li><a href=\"https:\/\/medicpro.hr\/veleprodaja\/proizvod\/traka-kinezioloska-5cm-x-6m-ljubicasta\/\">ljubi\u010dasta<\/a>,<\/li>\n<li><a href=\"https:\/\/medicpro.hr\/veleprodaja\/proizvod\/traka-kinezioloska-5cm-x-6m-bijela\/\">bijela<\/a>,<\/li>\n<li><a href=\"https:\/\/medicpro.hr\/veleprodaja\/proizvod\/traka-kinezioloska-5cm-x-6m-zuta\/\">\u017euta<\/a>,<\/li>\n<li><a href=\"https:\/\/medicpro.hr\/veleprodaja\/proizvod\/traka-kinezioloska-5cm-x-6m-narancasta\/\">naran\u010dasta<\/a>,<\/li>\n<li><a href=\"https:\/\/medicpro.hr\/veleprodaja\/proizvod\/traka-kinezioloska-5cm-x-6m-svijetlo-plava\/\">svijetlo plava<\/a>,<\/li>\n<li><a href=\"https:\/\/medicpro.hr\/veleprodaja\/proizvod\/traka-kinezioloska-5cm-x-6m-kristalno-plava\/\">kristalno plava<\/a>.<\/li>\n<\/ul>\n<\/li>\n<li>Mogu\u0107e ih je nabaviti i u du\u017eini od 35m: <a href=\"https:\/\/medicpro.hr\/veleprodaja\/proizvod\/traka-kinezioloska-bez-5cm-x-35m\/\">be\u017e<\/a>, <a href=\"https:\/\/medicpro.hr\/veleprodaja\/proizvod\/traka-kinezioloska-crna-5cm-x-35m\/\">crna<\/a>.<\/li>\n<li>Dostupne su i vodootporne kineziolo\u0161ke trake:\n<ul>\n<li><a href=\"https:\/\/medicpro.hr\/veleprodaja\/proizvod\/traka-kinezioloska-5cm-x-6m-vodootporna-plava\/\">plava<\/a>,<\/li>\n<li><a href=\"https:\/\/medicpro.hr\/veleprodaja\/proizvod\/traka-kinezioloska-5cm-x-6m-vodootporna-crna\/\">crna<\/a>,<\/li>\n<li><a href=\"https:\/\/medicpro.hr\/veleprodaja\/proizvod\/traka-kinezioloska-5cm-x-6m-vodootporna-ljubicasta\/\">ljubi\u010dasta<\/a>,<\/li>\n<li><a href=\"https:\/\/medicpro.hr\/veleprodaja\/proizvod\/traka-kinezioloska-5cm-x-6m-vodootporna-puder-plava\/\">puder plava<\/a>,<\/li>\n<li><a href=\"https:\/\/medicpro.hr\/veleprodaja\/proizvod\/traka-kinezioloska-5cm-x-6m-vodootporna-bez\/\">be\u017e<\/a>,<\/li>\n<li><a href=\"https:\/\/medicpro.hr\/veleprodaja\/proizvod\/traka-kinezioloska-5cm-x-6m-vodootporna-roza\/\">roza<\/a>,<\/li>\n<li><a href=\"https:\/\/medicpro.hr\/veleprodaja\/proizvod\/traka-kinezioloska-5cm-x-6m-vodootporna-boja-limete\/\">boja limete<\/a>.<\/li>\n<\/ul>\n<\/li>\n<li>U skladu s me\u0111unarodnim standardima.<\/li>\n<li>Cijena se odnosi na jedan komad.<\/li>\n<\/ul>\n","protected":false},"excerpt":{"rendered":"<p>Kineziolo\u0161ka traka za ubla\u017eavanje bolova i napetosti u mi\u0161i\u0107ima i zglobovima, br\u017ei oporavak od ozljeda te pobolj\u0161anje mi\u0161i\u0107nih funkcija. Djeluje<\/p>\n","protected":false},"featured_media":54808,"comment_status":"closed","ping_status":"closed","template":"","meta":[],"product_brand":[],"product_cat":[765,838,840,766],"product_tag":[],"class_list":{"0":"post-62644","1":"product","2":"type-product","3":"status-publish","4":"has-post-thumbnail","6":"product_cat-kutak-za-sportase","7":"product_cat-d3-tape-kutak-za-sportase","8":"product_cat-kinezioloske-trake-d3-tape-kutak-za-sportase","9":"product_cat-kinezioloske-trake","11":"first","12":"instock","13":"taxable","14":"shipping-taxable","15":"purchasable","16":"product-type-simple"},"acf":[],"yoast_head":"<!-- This site is optimized with the Yoast SEO plugin v27.3 - https:\/\/yoast.com\/product\/yoast-seo-wordpress\/ -->\n<title>TRAKA KINEZIOLO\u0160KA 5cm x 6m, LJUBI\u010cASTA - Medicpro<\/title>\n<meta name=\"robots\" content=\"index, follow, max-snippet:-1, max-image-preview:large, max-video-preview:-1\" \/>\n<link rel=\"canonical\" href=\"https:\/\/medicpro.hr\/veleprodaja\/proizvod\/traka-kinezioloska-5cm-x-6m-ljubicasta\/\" \/>\n<meta property=\"og:locale\" content=\"hr_HR\" \/>\n<meta property=\"og:type\" content=\"article\" \/>\n<meta property=\"og:title\" content=\"TRAKA KINEZIOLO\u0160KA 5cm x 6m, LJUBI\u010cASTA - Medicpro\" \/>\n<meta property=\"og:description\" content=\"Kineziolo\u0161ka traka za ubla\u017eavanje bolova i napetosti u mi\u0161i\u0107ima i zglobovima, br\u017ei oporavak od ozljeda te pobolj\u0161anje mi\u0161i\u0107nih funkcija. Djeluje\" \/>\n<meta property=\"og:url\" content=\"https:\/\/medicpro.hr\/veleprodaja\/proizvod\/traka-kinezioloska-5cm-x-6m-ljubicasta\/\" \/>\n<meta property=\"og:site_name\" content=\"Medicpro\" \/>\n<meta property=\"article:modified_time\" content=\"2026-01-26T09:03:59+00:00\" \/>\n<meta property=\"og:image\" content=\"https:\/\/medicpro.hr\/veleprodaja\/wp-content\/uploads\/2025\/06\/traka-kinezioloska-5-cm-x-6-m-ljubicasta-3.png\" \/>\n\t<meta property=\"og:image:width\" content=\"1890\" \/>\n\t<meta property=\"og:image:height\" content=\"1890\" \/>\n\t<meta property=\"og:image:type\" content=\"image\/png\" \/>\n<meta name=\"twitter:card\" content=\"summary_large_image\" \/>\n<meta name=\"twitter:label1\" content=\"Procijenjeno vrijeme \u010ditanja\" \/>\n\t<meta name=\"twitter:data1\" content=\"1 minuta\" \/>\n<script type=\"application\/ld+json\" class=\"yoast-schema-graph\">{\"@context\":\"https:\\\/\\\/schema.org\",\"@graph\":[{\"@type\":\"WebPage\",\"@id\":\"https:\\\/\\\/medicpro.hr\\\/veleprodaja\\\/proizvod\\\/traka-kinezioloska-5cm-x-6m-ljubicasta\\\/\",\"url\":\"https:\\\/\\\/medicpro.hr\\\/veleprodaja\\\/proizvod\\\/traka-kinezioloska-5cm-x-6m-ljubicasta\\\/\",\"name\":\"TRAKA KINEZIOLO\u0160KA 5cm x 6m, LJUBI\u010cASTA - Medicpro\",\"isPartOf\":{\"@id\":\"https:\\\/\\\/medicpro.hr\\\/veleprodaja\\\/#website\"},\"primaryImageOfPage\":{\"@id\":\"https:\\\/\\\/medicpro.hr\\\/veleprodaja\\\/proizvod\\\/traka-kinezioloska-5cm-x-6m-ljubicasta\\\/#primaryimage\"},\"image\":{\"@id\":\"https:\\\/\\\/medicpro.hr\\\/veleprodaja\\\/proizvod\\\/traka-kinezioloska-5cm-x-6m-ljubicasta\\\/#primaryimage\"},\"thumbnailUrl\":\"https:\\\/\\\/medicpro.hr\\\/veleprodaja\\\/wp-content\\\/uploads\\\/2025\\\/06\\\/traka-kinezioloska-5-cm-x-6-m-ljubicasta-3.png\",\"datePublished\":\"2025-09-01T01:04:22+00:00\",\"dateModified\":\"2026-01-26T09:03:59+00:00\",\"breadcrumb\":{\"@id\":\"https:\\\/\\\/medicpro.hr\\\/veleprodaja\\\/proizvod\\\/traka-kinezioloska-5cm-x-6m-ljubicasta\\\/#breadcrumb\"},\"inLanguage\":\"hr\",\"potentialAction\":[{\"@type\":\"ReadAction\",\"target\":[\"https:\\\/\\\/medicpro.hr\\\/veleprodaja\\\/proizvod\\\/traka-kinezioloska-5cm-x-6m-ljubicasta\\\/\"]}]},{\"@type\":\"ImageObject\",\"inLanguage\":\"hr\",\"@id\":\"https:\\\/\\\/medicpro.hr\\\/veleprodaja\\\/proizvod\\\/traka-kinezioloska-5cm-x-6m-ljubicasta\\\/#primaryimage\",\"url\":\"https:\\\/\\\/medicpro.hr\\\/veleprodaja\\\/wp-content\\\/uploads\\\/2025\\\/06\\\/traka-kinezioloska-5-cm-x-6-m-ljubicasta-3.png\",\"contentUrl\":\"https:\\\/\\\/medicpro.hr\\\/veleprodaja\\\/wp-content\\\/uploads\\\/2025\\\/06\\\/traka-kinezioloska-5-cm-x-6-m-ljubicasta-3.png\",\"width\":1890,\"height\":1890},{\"@type\":\"BreadcrumbList\",\"@id\":\"https:\\\/\\\/medicpro.hr\\\/veleprodaja\\\/proizvod\\\/traka-kinezioloska-5cm-x-6m-ljubicasta\\\/#breadcrumb\",\"itemListElement\":[{\"@type\":\"ListItem\",\"position\":1,\"name\":\"Po\u010detna stranica\",\"item\":\"https:\\\/\\\/medicpro.hr\\\/veleprodaja\\\/\"},{\"@type\":\"ListItem\",\"position\":2,\"name\":\"Veleprodaja\",\"item\":\"https:\\\/\\\/medicpro.hr\\\/veleprodaja\\\/trgovina\\\/\"},{\"@type\":\"ListItem\",\"position\":3,\"name\":\"TRAKA KINEZIOLO\u0160KA 5cm x 6m, LJUBI\u010cASTA\"}]},{\"@type\":\"WebSite\",\"@id\":\"https:\\\/\\\/medicpro.hr\\\/veleprodaja\\\/#website\",\"url\":\"https:\\\/\\\/medicpro.hr\\\/veleprodaja\\\/\",\"name\":\"Medicpro.hr\",\"description\":\"Medicinski potro\u0161ni materijal i oprema\",\"publisher\":{\"@id\":\"https:\\\/\\\/medicpro.hr\\\/veleprodaja\\\/#organization\"},\"potentialAction\":[{\"@type\":\"SearchAction\",\"target\":{\"@type\":\"EntryPoint\",\"urlTemplate\":\"https:\\\/\\\/medicpro.hr\\\/veleprodaja\\\/?s={search_term_string}\"},\"query-input\":{\"@type\":\"PropertyValueSpecification\",\"valueRequired\":true,\"valueName\":\"search_term_string\"}}],\"inLanguage\":\"hr\"},{\"@type\":\"Organization\",\"@id\":\"https:\\\/\\\/medicpro.hr\\\/veleprodaja\\\/#organization\",\"name\":\"Medicpro d.o.o.\",\"url\":\"https:\\\/\\\/medicpro.hr\\\/veleprodaja\\\/\",\"logo\":{\"@type\":\"ImageObject\",\"inLanguage\":\"hr\",\"@id\":\"https:\\\/\\\/medicpro.hr\\\/veleprodaja\\\/#\\\/schema\\\/logo\\\/image\\\/\",\"url\":\"https:\\\/\\\/medicpro.hr\\\/veleprodaja\\\/wp-content\\\/uploads\\\/2025\\\/05\\\/medicpro_logo.svg\",\"contentUrl\":\"https:\\\/\\\/medicpro.hr\\\/veleprodaja\\\/wp-content\\\/uploads\\\/2025\\\/05\\\/medicpro_logo.svg\",\"width\":226,\"height\":42,\"caption\":\"Medicpro d.o.o.\"},\"image\":{\"@id\":\"https:\\\/\\\/medicpro.hr\\\/veleprodaja\\\/#\\\/schema\\\/logo\\\/image\\\/\"}}]}<\/script>\n<!-- \/ Yoast SEO plugin. -->","yoast_head_json":{"title":"TRAKA KINEZIOLO\u0160KA 5cm x 6m, LJUBI\u010cASTA - Medicpro","robots":{"index":"index","follow":"follow","max-snippet":"max-snippet:-1","max-image-preview":"max-image-preview:large","max-video-preview":"max-video-preview:-1"},"canonical":"https:\/\/medicpro.hr\/veleprodaja\/proizvod\/traka-kinezioloska-5cm-x-6m-ljubicasta\/","og_locale":"hr_HR","og_type":"article","og_title":"TRAKA KINEZIOLO\u0160KA 5cm x 6m, LJUBI\u010cASTA - Medicpro","og_description":"Kineziolo\u0161ka traka za ubla\u017eavanje bolova i napetosti u mi\u0161i\u0107ima i zglobovima, br\u017ei oporavak od ozljeda te pobolj\u0161anje mi\u0161i\u0107nih funkcija. Djeluje","og_url":"https:\/\/medicpro.hr\/veleprodaja\/proizvod\/traka-kinezioloska-5cm-x-6m-ljubicasta\/","og_site_name":"Medicpro","article_modified_time":"2026-01-26T09:03:59+00:00","og_image":[{"width":1890,"height":1890,"url":"https:\/\/medicpro.hr\/veleprodaja\/wp-content\/uploads\/2025\/06\/traka-kinezioloska-5-cm-x-6-m-ljubicasta-3.png","type":"image\/png"}],"twitter_card":"summary_large_image","twitter_misc":{"Procijenjeno vrijeme \u010ditanja":"1 minuta"},"schema":{"@context":"https:\/\/schema.org","@graph":[{"@type":"WebPage","@id":"https:\/\/medicpro.hr\/veleprodaja\/proizvod\/traka-kinezioloska-5cm-x-6m-ljubicasta\/","url":"https:\/\/medicpro.hr\/veleprodaja\/proizvod\/traka-kinezioloska-5cm-x-6m-ljubicasta\/","name":"TRAKA KINEZIOLO\u0160KA 5cm x 6m, LJUBI\u010cASTA - Medicpro","isPartOf":{"@id":"https:\/\/medicpro.hr\/veleprodaja\/#website"},"primaryImageOfPage":{"@id":"https:\/\/medicpro.hr\/veleprodaja\/proizvod\/traka-kinezioloska-5cm-x-6m-ljubicasta\/#primaryimage"},"image":{"@id":"https:\/\/medicpro.hr\/veleprodaja\/proizvod\/traka-kinezioloska-5cm-x-6m-ljubicasta\/#primaryimage"},"thumbnailUrl":"https:\/\/medicpro.hr\/veleprodaja\/wp-content\/uploads\/2025\/06\/traka-kinezioloska-5-cm-x-6-m-ljubicasta-3.png","datePublished":"2025-09-01T01:04:22+00:00","dateModified":"2026-01-26T09:03:59+00:00","breadcrumb":{"@id":"https:\/\/medicpro.hr\/veleprodaja\/proizvod\/traka-kinezioloska-5cm-x-6m-ljubicasta\/#breadcrumb"},"inLanguage":"hr","potentialAction":[{"@type":"ReadAction","target":["https:\/\/medicpro.hr\/veleprodaja\/proizvod\/traka-kinezioloska-5cm-x-6m-ljubicasta\/"]}]},{"@type":"ImageObject","inLanguage":"hr","@id":"https:\/\/medicpro.hr\/veleprodaja\/proizvod\/traka-kinezioloska-5cm-x-6m-ljubicasta\/#primaryimage","url":"https:\/\/medicpro.hr\/veleprodaja\/wp-content\/uploads\/2025\/06\/traka-kinezioloska-5-cm-x-6-m-ljubicasta-3.png","contentUrl":"https:\/\/medicpro.hr\/veleprodaja\/wp-content\/uploads\/2025\/06\/traka-kinezioloska-5-cm-x-6-m-ljubicasta-3.png","width":1890,"height":1890},{"@type":"BreadcrumbList","@id":"https:\/\/medicpro.hr\/veleprodaja\/proizvod\/traka-kinezioloska-5cm-x-6m-ljubicasta\/#breadcrumb","itemListElement":[{"@type":"ListItem","position":1,"name":"Po\u010detna stranica","item":"https:\/\/medicpro.hr\/veleprodaja\/"},{"@type":"ListItem","position":2,"name":"Veleprodaja","item":"https:\/\/medicpro.hr\/veleprodaja\/trgovina\/"},{"@type":"ListItem","position":3,"name":"TRAKA KINEZIOLO\u0160KA 5cm x 6m, LJUBI\u010cASTA"}]},{"@type":"WebSite","@id":"https:\/\/medicpro.hr\/veleprodaja\/#website","url":"https:\/\/medicpro.hr\/veleprodaja\/","name":"Medicpro.hr","description":"Medicinski potro\u0161ni materijal i oprema","publisher":{"@id":"https:\/\/medicpro.hr\/veleprodaja\/#organization"},"potentialAction":[{"@type":"SearchAction","target":{"@type":"EntryPoint","urlTemplate":"https:\/\/medicpro.hr\/veleprodaja\/?s={search_term_string}"},"query-input":{"@type":"PropertyValueSpecification","valueRequired":true,"valueName":"search_term_string"}}],"inLanguage":"hr"},{"@type":"Organization","@id":"https:\/\/medicpro.hr\/veleprodaja\/#organization","name":"Medicpro d.o.o.","url":"https:\/\/medicpro.hr\/veleprodaja\/","logo":{"@type":"ImageObject","inLanguage":"hr","@id":"https:\/\/medicpro.hr\/veleprodaja\/#\/schema\/logo\/image\/","url":"https:\/\/medicpro.hr\/veleprodaja\/wp-content\/uploads\/2025\/05\/medicpro_logo.svg","contentUrl":"https:\/\/medicpro.hr\/veleprodaja\/wp-content\/uploads\/2025\/05\/medicpro_logo.svg","width":226,"height":42,"caption":"Medicpro d.o.o."},"image":{"@id":"https:\/\/medicpro.hr\/veleprodaja\/#\/schema\/logo\/image\/"}}]}},"_links":{"self":[{"href":"https:\/\/medicpro.hr\/veleprodaja\/wp-json\/wp\/v2\/product\/62644","targetHints":{"allow":["GET"]}}],"collection":[{"href":"https:\/\/medicpro.hr\/veleprodaja\/wp-json\/wp\/v2\/product"}],"about":[{"href":"https:\/\/medicpro.hr\/veleprodaja\/wp-json\/wp\/v2\/types\/product"}],"replies":[{"embeddable":true,"href":"https:\/\/medicpro.hr\/veleprodaja\/wp-json\/wp\/v2\/comments?post=62644"}],"wp:featuredmedia":[{"embeddable":true,"href":"https:\/\/medicpro.hr\/veleprodaja\/wp-json\/wp\/v2\/media\/54808"}],"wp:attachment":[{"href":"https:\/\/medicpro.hr\/veleprodaja\/wp-json\/wp\/v2\/media?parent=62644"}],"wp:term":[{"taxonomy":"product_brand","embeddable":true,"href":"https:\/\/medicpro.hr\/veleprodaja\/wp-json\/wp\/v2\/product_brand?post=62644"},{"taxonomy":"product_cat","embeddable":true,"href":"https:\/\/medicpro.hr\/veleprodaja\/wp-json\/wp\/v2\/product_cat?post=62644"},{"taxonomy":"product_tag","embeddable":true,"href":"https:\/\/medicpro.hr\/veleprodaja\/wp-json\/wp\/v2\/product_tag?post=62644"}],"curies":[{"name":"wp","href":"https:\/\/api.w.org\/{rel}","templated":true}]}}