{"id":62632,"date":"2025-09-01T03:04:21","date_gmt":"2025-09-01T01:04:21","guid":{"rendered":"https:\/\/zdesmedicpro-velepro.kuhada.net\/?post_type=product&#038;p=62632"},"modified":"2026-01-19T10:48:28","modified_gmt":"2026-01-19T09:48:28","slug":"torba-za-hitnu-pomoc-65x35x35-crvena","status":"publish","type":"product","link":"https:\/\/medicpro.hr\/veleprodaja\/proizvod\/torba-za-hitnu-pomoc-65x35x35-crvena\/","title":{"rendered":"TORBA ZA HITNU POMO\u0106, 65x35x35, CRVENA"},"content":{"rendered":"<ul>\n<li><strong>Profesionalna prostrana torba za hitne slu\u010dajeve.<\/strong><\/li>\n<li>Opremljena je vanjskim d\u017eepovima i unutarnjim pregradama te sadr\u017ei dvije prozirne odvojive torbice.<\/li>\n<li>Unutarnji podesivi pretinci omogu\u0107uju personaliziranu organizaciju prostora.<\/li>\n<li>Izra\u0111ena je od \u010dvrstog vodootpornog 600D poliestera oblo\u017eenog PVC-om.<\/li>\n<li>Unutarnja podstava mo\u017ee se ukloniti radi lak\u0161eg odr\u017eavanja.<\/li>\n<li>Sadr\u017ei vodootporno gumeno dno za sprje\u010davanje prodora vode.<\/li>\n<li>Dvostruke \u017eute reflektiraju\u0107e trake jam\u010de dobru vidljivost u mraku.<\/li>\n<li>5 vanjskih d\u017eepova.<\/li>\n<li>6 unutarnjih pretinaca.<\/li>\n<li>Dimenzije: 55 x 35 x 32 cm.<\/li>\n<li>Boja: crvena.<\/li>\n<\/ul>\n","protected":false},"excerpt":{"rendered":"<p>Profesionalna prostrana torba za hitne slu\u010dajeve. Opremljena je vanjskim d\u017eepovima i unutarnjim pregradama te sadr\u017ei dvije prozirne odvojive torbice. Unutarnji<\/p>\n","protected":false},"featured_media":54776,"comment_status":"closed","ping_status":"closed","template":"","meta":[],"product_brand":[],"product_cat":[708,718],"product_tag":[],"class_list":{"0":"post-62632","1":"product","2":"type-product","3":"status-publish","4":"has-post-thumbnail","6":"product_cat-prva-pomoc-i-reanimacija","7":"product_cat-ostala-oprema-za-prvu-pomoc","9":"first","10":"onbackorder","11":"taxable","12":"shipping-taxable","13":"purchasable","14":"product-type-simple"},"acf":[],"yoast_head":"<!-- This site is optimized with the Yoast SEO plugin v27.3 - https:\/\/yoast.com\/product\/yoast-seo-wordpress\/ -->\n<title>TORBA ZA HITNU POMO\u0106, 65x35x35, CRVENA - Medicpro<\/title>\n<meta name=\"robots\" content=\"index, follow, max-snippet:-1, max-image-preview:large, max-video-preview:-1\" \/>\n<link rel=\"canonical\" href=\"https:\/\/medicpro.hr\/veleprodaja\/proizvod\/torba-za-hitnu-pomoc-65x35x35-crvena\/\" \/>\n<meta property=\"og:locale\" content=\"hr_HR\" \/>\n<meta property=\"og:type\" content=\"article\" \/>\n<meta property=\"og:title\" content=\"TORBA ZA HITNU POMO\u0106, 65x35x35, CRVENA - Medicpro\" \/>\n<meta property=\"og:description\" content=\"Profesionalna prostrana torba za hitne slu\u010dajeve. Opremljena je vanjskim d\u017eepovima i unutarnjim pregradama te sadr\u017ei dvije prozirne odvojive torbice. Unutarnji\" \/>\n<meta property=\"og:url\" content=\"https:\/\/medicpro.hr\/veleprodaja\/proizvod\/torba-za-hitnu-pomoc-65x35x35-crvena\/\" \/>\n<meta property=\"og:site_name\" content=\"Medicpro\" \/>\n<meta property=\"article:modified_time\" content=\"2026-01-19T09:48:28+00:00\" \/>\n<meta property=\"og:image\" content=\"https:\/\/medicpro.hr\/veleprodaja\/wp-content\/uploads\/2025\/06\/Torba-za-hitnu-pomoc_27153-3.jpg\" \/>\n\t<meta property=\"og:image:width\" content=\"853\" \/>\n\t<meta property=\"og:image:height\" content=\"640\" \/>\n\t<meta property=\"og:image:type\" content=\"image\/jpeg\" \/>\n<meta name=\"twitter:card\" content=\"summary_large_image\" \/>\n<script type=\"application\/ld+json\" class=\"yoast-schema-graph\">{\"@context\":\"https:\\\/\\\/schema.org\",\"@graph\":[{\"@type\":\"WebPage\",\"@id\":\"https:\\\/\\\/medicpro.hr\\\/veleprodaja\\\/proizvod\\\/torba-za-hitnu-pomoc-65x35x35-crvena\\\/\",\"url\":\"https:\\\/\\\/medicpro.hr\\\/veleprodaja\\\/proizvod\\\/torba-za-hitnu-pomoc-65x35x35-crvena\\\/\",\"name\":\"TORBA ZA HITNU POMO\u0106, 65x35x35, CRVENA - Medicpro\",\"isPartOf\":{\"@id\":\"https:\\\/\\\/medicpro.hr\\\/veleprodaja\\\/#website\"},\"primaryImageOfPage\":{\"@id\":\"https:\\\/\\\/medicpro.hr\\\/veleprodaja\\\/proizvod\\\/torba-za-hitnu-pomoc-65x35x35-crvena\\\/#primaryimage\"},\"image\":{\"@id\":\"https:\\\/\\\/medicpro.hr\\\/veleprodaja\\\/proizvod\\\/torba-za-hitnu-pomoc-65x35x35-crvena\\\/#primaryimage\"},\"thumbnailUrl\":\"https:\\\/\\\/medicpro.hr\\\/veleprodaja\\\/wp-content\\\/uploads\\\/2025\\\/06\\\/Torba-za-hitnu-pomoc_27153-3.jpg\",\"datePublished\":\"2025-09-01T01:04:21+00:00\",\"dateModified\":\"2026-01-19T09:48:28+00:00\",\"breadcrumb\":{\"@id\":\"https:\\\/\\\/medicpro.hr\\\/veleprodaja\\\/proizvod\\\/torba-za-hitnu-pomoc-65x35x35-crvena\\\/#breadcrumb\"},\"inLanguage\":\"hr\",\"potentialAction\":[{\"@type\":\"ReadAction\",\"target\":[\"https:\\\/\\\/medicpro.hr\\\/veleprodaja\\\/proizvod\\\/torba-za-hitnu-pomoc-65x35x35-crvena\\\/\"]}]},{\"@type\":\"ImageObject\",\"inLanguage\":\"hr\",\"@id\":\"https:\\\/\\\/medicpro.hr\\\/veleprodaja\\\/proizvod\\\/torba-za-hitnu-pomoc-65x35x35-crvena\\\/#primaryimage\",\"url\":\"https:\\\/\\\/medicpro.hr\\\/veleprodaja\\\/wp-content\\\/uploads\\\/2025\\\/06\\\/Torba-za-hitnu-pomoc_27153-3.jpg\",\"contentUrl\":\"https:\\\/\\\/medicpro.hr\\\/veleprodaja\\\/wp-content\\\/uploads\\\/2025\\\/06\\\/Torba-za-hitnu-pomoc_27153-3.jpg\",\"width\":853,\"height\":640},{\"@type\":\"BreadcrumbList\",\"@id\":\"https:\\\/\\\/medicpro.hr\\\/veleprodaja\\\/proizvod\\\/torba-za-hitnu-pomoc-65x35x35-crvena\\\/#breadcrumb\",\"itemListElement\":[{\"@type\":\"ListItem\",\"position\":1,\"name\":\"Po\u010detna stranica\",\"item\":\"https:\\\/\\\/medicpro.hr\\\/veleprodaja\\\/\"},{\"@type\":\"ListItem\",\"position\":2,\"name\":\"Veleprodaja\",\"item\":\"https:\\\/\\\/medicpro.hr\\\/veleprodaja\\\/trgovina\\\/\"},{\"@type\":\"ListItem\",\"position\":3,\"name\":\"TORBA ZA HITNU POMO\u0106, 65x35x35, CRVENA\"}]},{\"@type\":\"WebSite\",\"@id\":\"https:\\\/\\\/medicpro.hr\\\/veleprodaja\\\/#website\",\"url\":\"https:\\\/\\\/medicpro.hr\\\/veleprodaja\\\/\",\"name\":\"Medicpro.hr\",\"description\":\"Medicinski potro\u0161ni materijal i oprema\",\"publisher\":{\"@id\":\"https:\\\/\\\/medicpro.hr\\\/veleprodaja\\\/#organization\"},\"potentialAction\":[{\"@type\":\"SearchAction\",\"target\":{\"@type\":\"EntryPoint\",\"urlTemplate\":\"https:\\\/\\\/medicpro.hr\\\/veleprodaja\\\/?s={search_term_string}\"},\"query-input\":{\"@type\":\"PropertyValueSpecification\",\"valueRequired\":true,\"valueName\":\"search_term_string\"}}],\"inLanguage\":\"hr\"},{\"@type\":\"Organization\",\"@id\":\"https:\\\/\\\/medicpro.hr\\\/veleprodaja\\\/#organization\",\"name\":\"Medicpro d.o.o.\",\"url\":\"https:\\\/\\\/medicpro.hr\\\/veleprodaja\\\/\",\"logo\":{\"@type\":\"ImageObject\",\"inLanguage\":\"hr\",\"@id\":\"https:\\\/\\\/medicpro.hr\\\/veleprodaja\\\/#\\\/schema\\\/logo\\\/image\\\/\",\"url\":\"https:\\\/\\\/medicpro.hr\\\/veleprodaja\\\/wp-content\\\/uploads\\\/2025\\\/05\\\/medicpro_logo.svg\",\"contentUrl\":\"https:\\\/\\\/medicpro.hr\\\/veleprodaja\\\/wp-content\\\/uploads\\\/2025\\\/05\\\/medicpro_logo.svg\",\"width\":226,\"height\":42,\"caption\":\"Medicpro d.o.o.\"},\"image\":{\"@id\":\"https:\\\/\\\/medicpro.hr\\\/veleprodaja\\\/#\\\/schema\\\/logo\\\/image\\\/\"}}]}<\/script>\n<!-- \/ Yoast SEO plugin. -->","yoast_head_json":{"title":"TORBA ZA HITNU POMO\u0106, 65x35x35, CRVENA - Medicpro","robots":{"index":"index","follow":"follow","max-snippet":"max-snippet:-1","max-image-preview":"max-image-preview:large","max-video-preview":"max-video-preview:-1"},"canonical":"https:\/\/medicpro.hr\/veleprodaja\/proizvod\/torba-za-hitnu-pomoc-65x35x35-crvena\/","og_locale":"hr_HR","og_type":"article","og_title":"TORBA ZA HITNU POMO\u0106, 65x35x35, CRVENA - Medicpro","og_description":"Profesionalna prostrana torba za hitne slu\u010dajeve. Opremljena je vanjskim d\u017eepovima i unutarnjim pregradama te sadr\u017ei dvije prozirne odvojive torbice. Unutarnji","og_url":"https:\/\/medicpro.hr\/veleprodaja\/proizvod\/torba-za-hitnu-pomoc-65x35x35-crvena\/","og_site_name":"Medicpro","article_modified_time":"2026-01-19T09:48:28+00:00","og_image":[{"width":853,"height":640,"url":"https:\/\/medicpro.hr\/veleprodaja\/wp-content\/uploads\/2025\/06\/Torba-za-hitnu-pomoc_27153-3.jpg","type":"image\/jpeg"}],"twitter_card":"summary_large_image","schema":{"@context":"https:\/\/schema.org","@graph":[{"@type":"WebPage","@id":"https:\/\/medicpro.hr\/veleprodaja\/proizvod\/torba-za-hitnu-pomoc-65x35x35-crvena\/","url":"https:\/\/medicpro.hr\/veleprodaja\/proizvod\/torba-za-hitnu-pomoc-65x35x35-crvena\/","name":"TORBA ZA HITNU POMO\u0106, 65x35x35, CRVENA - Medicpro","isPartOf":{"@id":"https:\/\/medicpro.hr\/veleprodaja\/#website"},"primaryImageOfPage":{"@id":"https:\/\/medicpro.hr\/veleprodaja\/proizvod\/torba-za-hitnu-pomoc-65x35x35-crvena\/#primaryimage"},"image":{"@id":"https:\/\/medicpro.hr\/veleprodaja\/proizvod\/torba-za-hitnu-pomoc-65x35x35-crvena\/#primaryimage"},"thumbnailUrl":"https:\/\/medicpro.hr\/veleprodaja\/wp-content\/uploads\/2025\/06\/Torba-za-hitnu-pomoc_27153-3.jpg","datePublished":"2025-09-01T01:04:21+00:00","dateModified":"2026-01-19T09:48:28+00:00","breadcrumb":{"@id":"https:\/\/medicpro.hr\/veleprodaja\/proizvod\/torba-za-hitnu-pomoc-65x35x35-crvena\/#breadcrumb"},"inLanguage":"hr","potentialAction":[{"@type":"ReadAction","target":["https:\/\/medicpro.hr\/veleprodaja\/proizvod\/torba-za-hitnu-pomoc-65x35x35-crvena\/"]}]},{"@type":"ImageObject","inLanguage":"hr","@id":"https:\/\/medicpro.hr\/veleprodaja\/proizvod\/torba-za-hitnu-pomoc-65x35x35-crvena\/#primaryimage","url":"https:\/\/medicpro.hr\/veleprodaja\/wp-content\/uploads\/2025\/06\/Torba-za-hitnu-pomoc_27153-3.jpg","contentUrl":"https:\/\/medicpro.hr\/veleprodaja\/wp-content\/uploads\/2025\/06\/Torba-za-hitnu-pomoc_27153-3.jpg","width":853,"height":640},{"@type":"BreadcrumbList","@id":"https:\/\/medicpro.hr\/veleprodaja\/proizvod\/torba-za-hitnu-pomoc-65x35x35-crvena\/#breadcrumb","itemListElement":[{"@type":"ListItem","position":1,"name":"Po\u010detna stranica","item":"https:\/\/medicpro.hr\/veleprodaja\/"},{"@type":"ListItem","position":2,"name":"Veleprodaja","item":"https:\/\/medicpro.hr\/veleprodaja\/trgovina\/"},{"@type":"ListItem","position":3,"name":"TORBA ZA HITNU POMO\u0106, 65x35x35, CRVENA"}]},{"@type":"WebSite","@id":"https:\/\/medicpro.hr\/veleprodaja\/#website","url":"https:\/\/medicpro.hr\/veleprodaja\/","name":"Medicpro.hr","description":"Medicinski potro\u0161ni materijal i oprema","publisher":{"@id":"https:\/\/medicpro.hr\/veleprodaja\/#organization"},"potentialAction":[{"@type":"SearchAction","target":{"@type":"EntryPoint","urlTemplate":"https:\/\/medicpro.hr\/veleprodaja\/?s={search_term_string}"},"query-input":{"@type":"PropertyValueSpecification","valueRequired":true,"valueName":"search_term_string"}}],"inLanguage":"hr"},{"@type":"Organization","@id":"https:\/\/medicpro.hr\/veleprodaja\/#organization","name":"Medicpro d.o.o.","url":"https:\/\/medicpro.hr\/veleprodaja\/","logo":{"@type":"ImageObject","inLanguage":"hr","@id":"https:\/\/medicpro.hr\/veleprodaja\/#\/schema\/logo\/image\/","url":"https:\/\/medicpro.hr\/veleprodaja\/wp-content\/uploads\/2025\/05\/medicpro_logo.svg","contentUrl":"https:\/\/medicpro.hr\/veleprodaja\/wp-content\/uploads\/2025\/05\/medicpro_logo.svg","width":226,"height":42,"caption":"Medicpro d.o.o."},"image":{"@id":"https:\/\/medicpro.hr\/veleprodaja\/#\/schema\/logo\/image\/"}}]}},"_links":{"self":[{"href":"https:\/\/medicpro.hr\/veleprodaja\/wp-json\/wp\/v2\/product\/62632","targetHints":{"allow":["GET"]}}],"collection":[{"href":"https:\/\/medicpro.hr\/veleprodaja\/wp-json\/wp\/v2\/product"}],"about":[{"href":"https:\/\/medicpro.hr\/veleprodaja\/wp-json\/wp\/v2\/types\/product"}],"replies":[{"embeddable":true,"href":"https:\/\/medicpro.hr\/veleprodaja\/wp-json\/wp\/v2\/comments?post=62632"}],"wp:featuredmedia":[{"embeddable":true,"href":"https:\/\/medicpro.hr\/veleprodaja\/wp-json\/wp\/v2\/media\/54776"}],"wp:attachment":[{"href":"https:\/\/medicpro.hr\/veleprodaja\/wp-json\/wp\/v2\/media?parent=62632"}],"wp:term":[{"taxonomy":"product_brand","embeddable":true,"href":"https:\/\/medicpro.hr\/veleprodaja\/wp-json\/wp\/v2\/product_brand?post=62632"},{"taxonomy":"product_cat","embeddable":true,"href":"https:\/\/medicpro.hr\/veleprodaja\/wp-json\/wp\/v2\/product_cat?post=62632"},{"taxonomy":"product_tag","embeddable":true,"href":"https:\/\/medicpro.hr\/veleprodaja\/wp-json\/wp\/v2\/product_tag?post=62632"}],"curies":[{"name":"wp","href":"https:\/\/api.w.org\/{rel}","templated":true}]}}