{"id":62595,"date":"2026-04-01T13:47:12","date_gmt":"2026-04-01T11:47:12","guid":{"rendered":"https:\/\/zdesmedicpro-velepro.kuhada.net\/?post_type=product&#038;p=62595"},"modified":"2026-04-02T12:52:22","modified_gmt":"2026-04-02T10:52:22","slug":"rukavice-kirurske-sterilne-bez-pudera-sempermed-supreme-br-7","status":"publish","type":"product","link":"https:\/\/medicpro.hr\/veleprodaja\/proizvod\/rukavice-kirurske-sterilne-bez-pudera-sempermed-supreme-br-7\/","title":{"rendered":"RUKAVICE KIRUR\u0160KE STERILNE, BEZ PUDERA, SEMPERMED SUPREME, br. 7"},"content":{"rendered":"","protected":false},"excerpt":{"rendered":"<p>Sterilne kirur\u0161ke rukavice bez pudera veli\u010dine 7.<br \/>\n&#8211; Izra\u0111ene su od prirodnog lateksa, pru\u017eaju izvrsnu udobnost i taktilnu osjetljivost.<br \/>\n&#8211; Opremljene su Quick-don\u2122 sinteti\u010dkim unutarnjim premazom, \u0161to omogu\u0107ava lako obla\u010denje i skidanje.<br \/>\n&#8211; Potpuno anatomski oblik s prirodno zakrivljenim prstima smanjuje umor prilikom dugotrajne upotrebe.<br \/>\n&#8211; Povr\u0161ina rukavica je mikro-gruba, \u0161to pobolj\u0161ava prianjanje i sigurnost tijekom operacija.<br \/>\n&#8211; Rukavice su oprane vi\u0161e puta kako bi se smanjila koli\u010dina ostataka lateks proteina, \u010dime se smanjuje rizik od alergijskih reakcija.<br \/>\n&#8211; Du\u017eina rukavica iznosi minimalno 280 mm.<br \/>\n&#8211; Pakirane su u medicinske peel pakete, a svaka kutija sadr\u017ei 50 pari rukavica.<br \/>\n&#8211; Cijena se odnosi na pakiranje od 50 pari rukavica.<\/p>\n","protected":false},"featured_media":0,"comment_status":"closed","ping_status":"closed","template":"","meta":[],"product_brand":[],"product_cat":[794,796],"product_tag":[],"class_list":{"0":"post-62595","1":"product","2":"type-product","3":"status-publish","5":"product_cat-rukavice","6":"product_cat-sterilne-kirurske-rukavice","8":"first","9":"instock","10":"taxable","11":"shipping-taxable","12":"purchasable","13":"product-type-simple"},"acf":[],"yoast_head":"<!-- This site is optimized with the Yoast SEO plugin v27.3 - https:\/\/yoast.com\/product\/yoast-seo-wordpress\/ -->\n<title>RUKAVICE KIRUR\u0160KE STERILNE, BEZ PUDERA, SEMPERMED SUPREME, br. 7 - Medicpro<\/title>\n<meta name=\"robots\" content=\"index, follow, max-snippet:-1, max-image-preview:large, max-video-preview:-1\" \/>\n<link rel=\"canonical\" href=\"https:\/\/medicpro.hr\/veleprodaja\/proizvod\/rukavice-kirurske-sterilne-bez-pudera-sempermed-supreme-br-7\/\" \/>\n<meta property=\"og:locale\" content=\"hr_HR\" \/>\n<meta property=\"og:type\" content=\"article\" \/>\n<meta property=\"og:title\" content=\"RUKAVICE KIRUR\u0160KE STERILNE, BEZ PUDERA, SEMPERMED SUPREME, br. 7 - Medicpro\" \/>\n<meta property=\"og:description\" content=\"Sterilne kirur\u0161ke rukavice bez pudera veli\u010dine 7. - Izra\u0111ene su od prirodnog lateksa, pru\u017eaju izvrsnu udobnost i taktilnu osjetljivost. - Opremljene su Quick-don\u2122 sinteti\u010dkim unutarnjim premazom, \u0161to omogu\u0107ava lako obla\u010denje i skidanje. - Potpuno anatomski oblik s prirodno zakrivljenim prstima smanjuje umor prilikom dugotrajne upotrebe. - Povr\u0161ina rukavica je mikro-gruba, \u0161to pobolj\u0161ava prianjanje i sigurnost tijekom operacija. - Rukavice su oprane vi\u0161e puta kako bi se smanjila koli\u010dina ostataka lateks proteina, \u010dime se smanjuje rizik od alergijskih reakcija. - Du\u017eina rukavica iznosi minimalno 280 mm. - Pakirane su u medicinske peel pakete, a svaka kutija sadr\u017ei 50 pari rukavica. - Cijena se odnosi na pakiranje od 50 pari rukavica.\" \/>\n<meta property=\"og:url\" content=\"https:\/\/medicpro.hr\/veleprodaja\/proizvod\/rukavice-kirurske-sterilne-bez-pudera-sempermed-supreme-br-7\/\" \/>\n<meta property=\"og:site_name\" content=\"Medicpro\" \/>\n<meta property=\"article:modified_time\" content=\"2026-04-02T10:52:22+00:00\" \/>\n<meta name=\"twitter:card\" content=\"summary_large_image\" \/>\n<script type=\"application\/ld+json\" class=\"yoast-schema-graph\">{\"@context\":\"https:\\\/\\\/schema.org\",\"@graph\":[{\"@type\":\"WebPage\",\"@id\":\"https:\\\/\\\/medicpro.hr\\\/veleprodaja\\\/proizvod\\\/rukavice-kirurske-sterilne-bez-pudera-sempermed-supreme-br-7\\\/\",\"url\":\"https:\\\/\\\/medicpro.hr\\\/veleprodaja\\\/proizvod\\\/rukavice-kirurske-sterilne-bez-pudera-sempermed-supreme-br-7\\\/\",\"name\":\"RUKAVICE KIRUR\u0160KE STERILNE, BEZ PUDERA, SEMPERMED SUPREME, br. 7 - Medicpro\",\"isPartOf\":{\"@id\":\"https:\\\/\\\/medicpro.hr\\\/veleprodaja\\\/#website\"},\"datePublished\":\"2026-04-01T11:47:12+00:00\",\"dateModified\":\"2026-04-02T10:52:22+00:00\",\"breadcrumb\":{\"@id\":\"https:\\\/\\\/medicpro.hr\\\/veleprodaja\\\/proizvod\\\/rukavice-kirurske-sterilne-bez-pudera-sempermed-supreme-br-7\\\/#breadcrumb\"},\"inLanguage\":\"hr\",\"potentialAction\":[{\"@type\":\"ReadAction\",\"target\":[\"https:\\\/\\\/medicpro.hr\\\/veleprodaja\\\/proizvod\\\/rukavice-kirurske-sterilne-bez-pudera-sempermed-supreme-br-7\\\/\"]}]},{\"@type\":\"BreadcrumbList\",\"@id\":\"https:\\\/\\\/medicpro.hr\\\/veleprodaja\\\/proizvod\\\/rukavice-kirurske-sterilne-bez-pudera-sempermed-supreme-br-7\\\/#breadcrumb\",\"itemListElement\":[{\"@type\":\"ListItem\",\"position\":1,\"name\":\"Po\u010detna stranica\",\"item\":\"https:\\\/\\\/medicpro.hr\\\/veleprodaja\\\/\"},{\"@type\":\"ListItem\",\"position\":2,\"name\":\"Veleprodaja\",\"item\":\"https:\\\/\\\/medicpro.hr\\\/veleprodaja\\\/trgovina\\\/\"},{\"@type\":\"ListItem\",\"position\":3,\"name\":\"RUKAVICE KIRUR\u0160KE STERILNE, BEZ PUDERA, SEMPERMED SUPREME, br. 7\"}]},{\"@type\":\"WebSite\",\"@id\":\"https:\\\/\\\/medicpro.hr\\\/veleprodaja\\\/#website\",\"url\":\"https:\\\/\\\/medicpro.hr\\\/veleprodaja\\\/\",\"name\":\"Medicpro.hr\",\"description\":\"Medicinski potro\u0161ni materijal i oprema\",\"publisher\":{\"@id\":\"https:\\\/\\\/medicpro.hr\\\/veleprodaja\\\/#organization\"},\"potentialAction\":[{\"@type\":\"SearchAction\",\"target\":{\"@type\":\"EntryPoint\",\"urlTemplate\":\"https:\\\/\\\/medicpro.hr\\\/veleprodaja\\\/?s={search_term_string}\"},\"query-input\":{\"@type\":\"PropertyValueSpecification\",\"valueRequired\":true,\"valueName\":\"search_term_string\"}}],\"inLanguage\":\"hr\"},{\"@type\":\"Organization\",\"@id\":\"https:\\\/\\\/medicpro.hr\\\/veleprodaja\\\/#organization\",\"name\":\"Medicpro d.o.o.\",\"url\":\"https:\\\/\\\/medicpro.hr\\\/veleprodaja\\\/\",\"logo\":{\"@type\":\"ImageObject\",\"inLanguage\":\"hr\",\"@id\":\"https:\\\/\\\/medicpro.hr\\\/veleprodaja\\\/#\\\/schema\\\/logo\\\/image\\\/\",\"url\":\"https:\\\/\\\/medicpro.hr\\\/veleprodaja\\\/wp-content\\\/uploads\\\/2025\\\/05\\\/medicpro_logo.svg\",\"contentUrl\":\"https:\\\/\\\/medicpro.hr\\\/veleprodaja\\\/wp-content\\\/uploads\\\/2025\\\/05\\\/medicpro_logo.svg\",\"width\":226,\"height\":42,\"caption\":\"Medicpro d.o.o.\"},\"image\":{\"@id\":\"https:\\\/\\\/medicpro.hr\\\/veleprodaja\\\/#\\\/schema\\\/logo\\\/image\\\/\"}}]}<\/script>\n<!-- \/ Yoast SEO plugin. -->","yoast_head_json":{"title":"RUKAVICE KIRUR\u0160KE STERILNE, BEZ PUDERA, SEMPERMED SUPREME, br. 7 - Medicpro","robots":{"index":"index","follow":"follow","max-snippet":"max-snippet:-1","max-image-preview":"max-image-preview:large","max-video-preview":"max-video-preview:-1"},"canonical":"https:\/\/medicpro.hr\/veleprodaja\/proizvod\/rukavice-kirurske-sterilne-bez-pudera-sempermed-supreme-br-7\/","og_locale":"hr_HR","og_type":"article","og_title":"RUKAVICE KIRUR\u0160KE STERILNE, BEZ PUDERA, SEMPERMED SUPREME, br. 7 - Medicpro","og_description":"Sterilne kirur\u0161ke rukavice bez pudera veli\u010dine 7. - Izra\u0111ene su od prirodnog lateksa, pru\u017eaju izvrsnu udobnost i taktilnu osjetljivost. - Opremljene su Quick-don\u2122 sinteti\u010dkim unutarnjim premazom, \u0161to omogu\u0107ava lako obla\u010denje i skidanje. - Potpuno anatomski oblik s prirodno zakrivljenim prstima smanjuje umor prilikom dugotrajne upotrebe. - Povr\u0161ina rukavica je mikro-gruba, \u0161to pobolj\u0161ava prianjanje i sigurnost tijekom operacija. - Rukavice su oprane vi\u0161e puta kako bi se smanjila koli\u010dina ostataka lateks proteina, \u010dime se smanjuje rizik od alergijskih reakcija. - Du\u017eina rukavica iznosi minimalno 280 mm. - Pakirane su u medicinske peel pakete, a svaka kutija sadr\u017ei 50 pari rukavica. - Cijena se odnosi na pakiranje od 50 pari rukavica.","og_url":"https:\/\/medicpro.hr\/veleprodaja\/proizvod\/rukavice-kirurske-sterilne-bez-pudera-sempermed-supreme-br-7\/","og_site_name":"Medicpro","article_modified_time":"2026-04-02T10:52:22+00:00","twitter_card":"summary_large_image","schema":{"@context":"https:\/\/schema.org","@graph":[{"@type":"WebPage","@id":"https:\/\/medicpro.hr\/veleprodaja\/proizvod\/rukavice-kirurske-sterilne-bez-pudera-sempermed-supreme-br-7\/","url":"https:\/\/medicpro.hr\/veleprodaja\/proizvod\/rukavice-kirurske-sterilne-bez-pudera-sempermed-supreme-br-7\/","name":"RUKAVICE KIRUR\u0160KE STERILNE, BEZ PUDERA, SEMPERMED SUPREME, br. 7 - Medicpro","isPartOf":{"@id":"https:\/\/medicpro.hr\/veleprodaja\/#website"},"datePublished":"2026-04-01T11:47:12+00:00","dateModified":"2026-04-02T10:52:22+00:00","breadcrumb":{"@id":"https:\/\/medicpro.hr\/veleprodaja\/proizvod\/rukavice-kirurske-sterilne-bez-pudera-sempermed-supreme-br-7\/#breadcrumb"},"inLanguage":"hr","potentialAction":[{"@type":"ReadAction","target":["https:\/\/medicpro.hr\/veleprodaja\/proizvod\/rukavice-kirurske-sterilne-bez-pudera-sempermed-supreme-br-7\/"]}]},{"@type":"BreadcrumbList","@id":"https:\/\/medicpro.hr\/veleprodaja\/proizvod\/rukavice-kirurske-sterilne-bez-pudera-sempermed-supreme-br-7\/#breadcrumb","itemListElement":[{"@type":"ListItem","position":1,"name":"Po\u010detna stranica","item":"https:\/\/medicpro.hr\/veleprodaja\/"},{"@type":"ListItem","position":2,"name":"Veleprodaja","item":"https:\/\/medicpro.hr\/veleprodaja\/trgovina\/"},{"@type":"ListItem","position":3,"name":"RUKAVICE KIRUR\u0160KE STERILNE, BEZ PUDERA, SEMPERMED SUPREME, br. 7"}]},{"@type":"WebSite","@id":"https:\/\/medicpro.hr\/veleprodaja\/#website","url":"https:\/\/medicpro.hr\/veleprodaja\/","name":"Medicpro.hr","description":"Medicinski potro\u0161ni materijal i oprema","publisher":{"@id":"https:\/\/medicpro.hr\/veleprodaja\/#organization"},"potentialAction":[{"@type":"SearchAction","target":{"@type":"EntryPoint","urlTemplate":"https:\/\/medicpro.hr\/veleprodaja\/?s={search_term_string}"},"query-input":{"@type":"PropertyValueSpecification","valueRequired":true,"valueName":"search_term_string"}}],"inLanguage":"hr"},{"@type":"Organization","@id":"https:\/\/medicpro.hr\/veleprodaja\/#organization","name":"Medicpro d.o.o.","url":"https:\/\/medicpro.hr\/veleprodaja\/","logo":{"@type":"ImageObject","inLanguage":"hr","@id":"https:\/\/medicpro.hr\/veleprodaja\/#\/schema\/logo\/image\/","url":"https:\/\/medicpro.hr\/veleprodaja\/wp-content\/uploads\/2025\/05\/medicpro_logo.svg","contentUrl":"https:\/\/medicpro.hr\/veleprodaja\/wp-content\/uploads\/2025\/05\/medicpro_logo.svg","width":226,"height":42,"caption":"Medicpro d.o.o."},"image":{"@id":"https:\/\/medicpro.hr\/veleprodaja\/#\/schema\/logo\/image\/"}}]}},"_links":{"self":[{"href":"https:\/\/medicpro.hr\/veleprodaja\/wp-json\/wp\/v2\/product\/62595","targetHints":{"allow":["GET"]}}],"collection":[{"href":"https:\/\/medicpro.hr\/veleprodaja\/wp-json\/wp\/v2\/product"}],"about":[{"href":"https:\/\/medicpro.hr\/veleprodaja\/wp-json\/wp\/v2\/types\/product"}],"replies":[{"embeddable":true,"href":"https:\/\/medicpro.hr\/veleprodaja\/wp-json\/wp\/v2\/comments?post=62595"}],"wp:attachment":[{"href":"https:\/\/medicpro.hr\/veleprodaja\/wp-json\/wp\/v2\/media?parent=62595"}],"wp:term":[{"taxonomy":"product_brand","embeddable":true,"href":"https:\/\/medicpro.hr\/veleprodaja\/wp-json\/wp\/v2\/product_brand?post=62595"},{"taxonomy":"product_cat","embeddable":true,"href":"https:\/\/medicpro.hr\/veleprodaja\/wp-json\/wp\/v2\/product_cat?post=62595"},{"taxonomy":"product_tag","embeddable":true,"href":"https:\/\/medicpro.hr\/veleprodaja\/wp-json\/wp\/v2\/product_tag?post=62595"}],"curies":[{"name":"wp","href":"https:\/\/api.w.org\/{rel}","templated":true}]}}