{"id":62587,"date":"2025-09-01T03:04:13","date_gmt":"2025-09-01T01:04:13","guid":{"rendered":"https:\/\/zdesmedicpro-velepro.kuhada.net\/?post_type=product&#038;p=62587"},"modified":"2026-02-02T14:27:33","modified_gmt":"2026-02-02T13:27:33","slug":"rashladni-uredaj-za-hladenje-otpada-waste-cooler-1","status":"publish","type":"product","link":"https:\/\/medicpro.hr\/veleprodaja\/proizvod\/rashladni-uredaj-za-hladenje-otpada-waste-cooler-1\/","title":{"rendered":"RASHLADNI URE\u0110AJ ZA HLA\u0110ENJE OTPADA WASTE COOLER 1"},"content":{"rendered":"<ul>\n<li>Vrhunsko i inovativno rje\u0161enje za hla\u0111enje otpada.<\/li>\n<li>Prednosti:\n<ul>\n<li><strong>Prevencija neugodnih mirisa<\/strong>: hla\u0111enjem usporava razgradnju otpada i smanjuje osloba\u0111anje neugodnih mirisa.<\/li>\n<li><strong>Pojednostavljeno upravljanje otpadom<\/strong>: prakti\u010dna rampa s magnetskim dr\u017ea\u010dem olak\u0161ava ubacivanje kante u rashladnu komoru.<\/li>\n<li><strong>Jednostavno rukovanje<\/strong>: poklopac s plinskim amortizerom omogu\u0107uje lako ubacivanje otpada u kantu.<\/li>\n<li><strong>Higijenska rje\u0161enja<\/strong>: nezamjenjiv alat za komercijalne i industrijske okoline, osigurava u\u010dinkovito i higijensko hla\u0111enje otpada.<\/li>\n<\/ul>\n<\/li>\n<li><strong>Tehni\u010dki podaci<\/strong>:\n<ul>\n<li>Vanjske dimenzije (\u0160 x D x V): 78 x 92 x 130 cm sa nogicama.<\/li>\n<li>Unutarnje dimenzije (\u0160 x D x V): 68 x 81 x 109 cm.<\/li>\n<li>Dubina sa otvorenim vratima: 205 cm.<\/li>\n<li>Debljina izolacije: 5 cm.<\/li>\n<li>Te\u017eina: 90 kg.<\/li>\n<li><\/li>\n<li>Vanjski materijal: nehr\u0111aju\u0107i lim.<\/li>\n<li>Unutarnji materijal: nehr\u0111aju\u0107i lim.<\/li>\n<\/ul>\n<\/li>\n<li><strong>Zna\u010dajke<\/strong>:\n<ul>\n<li>Vrata: 1.<\/li>\n<li>Brava: Da.<\/li>\n<li>Nogice: od nehr\u0111aju\u0107eg \u010delika (podesiva visina 10 mm).<\/li>\n<li>Rashladna jedinica: dodatna.<\/li>\n<li>Vrsta rashladne jedinice: vertikalna.<\/li>\n<li>Volumen: 600 L.<\/li>\n<li>Horizontalna dodatna vrata s plinskim amortizerom: 1x.<\/li>\n<li>Podizna rampa sa magnetom za pri\u010dvr\u0161\u0107ivanje: 1x.<\/li>\n<\/ul>\n<\/li>\n<li><strong>Uskla\u0111enost sa standardima i zakonima<\/strong>:\n<ul>\n<li>Certifikati: CE, ISO 9001, ISO 14001.<\/li>\n<\/ul>\n<\/li>\n<li>Napomena: rashladna jedinica nije uklju\u010dena u cijenu ure\u0111aja, a mo\u017ee se naru\u010diti na:\n<ul>\n<li><a href=\"https:\/\/medicpro.hr\/veleprodaja\/proizvod\/rashladna-jedinica-cu-waste-3-8-vr\/\">https:\/\/medicpro.hr\/veleprodaja\/proizvod\/rashladna-jedinica-cu-waste-3-8-vr\/<\/a>.<\/li>\n<\/ul>\n<\/li>\n<\/ul>\n","protected":false},"excerpt":{"rendered":"<p>Vrhunsko i inovativno rje\u0161enje za hla\u0111enje otpada. Prednosti: Prevencija neugodnih mirisa: hla\u0111enjem usporava razgradnju otpada i smanjuje osloba\u0111anje neugodnih mirisa.<\/p>\n","protected":false},"featured_media":54682,"comment_status":"closed","ping_status":"closed","template":"","meta":[],"product_brand":[],"product_cat":[819,826,827],"product_tag":[],"class_list":{"0":"post-62587","1":"product","2":"type-product","3":"status-publish","4":"has-post-thumbnail","6":"product_cat-rashladni-uredaji","7":"product_cat-hladenje-otpada","8":"product_cat-hladenje-otpada-waste-cooler","10":"first","11":"onbackorder","12":"taxable","13":"shipping-taxable","14":"purchasable","15":"product-type-simple"},"acf":[],"yoast_head":"<!-- This site is optimized with the Yoast SEO plugin v27.3 - https:\/\/yoast.com\/product\/yoast-seo-wordpress\/ -->\n<title>RASHLADNI URE\u0110AJ ZA HLA\u0110ENJE OTPADA WASTE COOLER 1 - Medicpro<\/title>\n<meta name=\"robots\" content=\"index, follow, max-snippet:-1, max-image-preview:large, max-video-preview:-1\" \/>\n<link rel=\"canonical\" href=\"https:\/\/medicpro.hr\/veleprodaja\/proizvod\/rashladni-uredaj-za-hladenje-otpada-waste-cooler-1\/\" \/>\n<meta property=\"og:locale\" content=\"hr_HR\" \/>\n<meta property=\"og:type\" content=\"article\" \/>\n<meta property=\"og:title\" content=\"RASHLADNI URE\u0110AJ ZA HLA\u0110ENJE OTPADA WASTE COOLER 1 - Medicpro\" \/>\n<meta property=\"og:description\" content=\"Vrhunsko i inovativno rje\u0161enje za hla\u0111enje otpada. Prednosti: Prevencija neugodnih mirisa: hla\u0111enjem usporava razgradnju otpada i smanjuje osloba\u0111anje neugodnih mirisa.\" \/>\n<meta property=\"og:url\" content=\"https:\/\/medicpro.hr\/veleprodaja\/proizvod\/rashladni-uredaj-za-hladenje-otpada-waste-cooler-1\/\" \/>\n<meta property=\"og:site_name\" content=\"Medicpro\" \/>\n<meta property=\"article:modified_time\" content=\"2026-02-02T13:27:33+00:00\" \/>\n<meta property=\"og:image\" content=\"https:\/\/medicpro.hr\/veleprodaja\/wp-content\/uploads\/2025\/06\/Waste-Cooler-1-3.png\" \/>\n\t<meta property=\"og:image:width\" content=\"940\" \/>\n\t<meta property=\"og:image:height\" content=\"788\" \/>\n\t<meta property=\"og:image:type\" content=\"image\/png\" \/>\n<meta name=\"twitter:card\" content=\"summary_large_image\" \/>\n<meta name=\"twitter:label1\" content=\"Procijenjeno vrijeme \u010ditanja\" \/>\n\t<meta name=\"twitter:data1\" content=\"1 minuta\" \/>\n<script type=\"application\/ld+json\" class=\"yoast-schema-graph\">{\"@context\":\"https:\\\/\\\/schema.org\",\"@graph\":[{\"@type\":\"WebPage\",\"@id\":\"https:\\\/\\\/medicpro.hr\\\/veleprodaja\\\/proizvod\\\/rashladni-uredaj-za-hladenje-otpada-waste-cooler-1\\\/\",\"url\":\"https:\\\/\\\/medicpro.hr\\\/veleprodaja\\\/proizvod\\\/rashladni-uredaj-za-hladenje-otpada-waste-cooler-1\\\/\",\"name\":\"RASHLADNI URE\u0110AJ ZA HLA\u0110ENJE OTPADA WASTE COOLER 1 - Medicpro\",\"isPartOf\":{\"@id\":\"https:\\\/\\\/medicpro.hr\\\/veleprodaja\\\/#website\"},\"primaryImageOfPage\":{\"@id\":\"https:\\\/\\\/medicpro.hr\\\/veleprodaja\\\/proizvod\\\/rashladni-uredaj-za-hladenje-otpada-waste-cooler-1\\\/#primaryimage\"},\"image\":{\"@id\":\"https:\\\/\\\/medicpro.hr\\\/veleprodaja\\\/proizvod\\\/rashladni-uredaj-za-hladenje-otpada-waste-cooler-1\\\/#primaryimage\"},\"thumbnailUrl\":\"https:\\\/\\\/medicpro.hr\\\/veleprodaja\\\/wp-content\\\/uploads\\\/2025\\\/06\\\/Waste-Cooler-1-3.png\",\"datePublished\":\"2025-09-01T01:04:13+00:00\",\"dateModified\":\"2026-02-02T13:27:33+00:00\",\"breadcrumb\":{\"@id\":\"https:\\\/\\\/medicpro.hr\\\/veleprodaja\\\/proizvod\\\/rashladni-uredaj-za-hladenje-otpada-waste-cooler-1\\\/#breadcrumb\"},\"inLanguage\":\"hr\",\"potentialAction\":[{\"@type\":\"ReadAction\",\"target\":[\"https:\\\/\\\/medicpro.hr\\\/veleprodaja\\\/proizvod\\\/rashladni-uredaj-za-hladenje-otpada-waste-cooler-1\\\/\"]}]},{\"@type\":\"ImageObject\",\"inLanguage\":\"hr\",\"@id\":\"https:\\\/\\\/medicpro.hr\\\/veleprodaja\\\/proizvod\\\/rashladni-uredaj-za-hladenje-otpada-waste-cooler-1\\\/#primaryimage\",\"url\":\"https:\\\/\\\/medicpro.hr\\\/veleprodaja\\\/wp-content\\\/uploads\\\/2025\\\/06\\\/Waste-Cooler-1-3.png\",\"contentUrl\":\"https:\\\/\\\/medicpro.hr\\\/veleprodaja\\\/wp-content\\\/uploads\\\/2025\\\/06\\\/Waste-Cooler-1-3.png\",\"width\":940,\"height\":788},{\"@type\":\"BreadcrumbList\",\"@id\":\"https:\\\/\\\/medicpro.hr\\\/veleprodaja\\\/proizvod\\\/rashladni-uredaj-za-hladenje-otpada-waste-cooler-1\\\/#breadcrumb\",\"itemListElement\":[{\"@type\":\"ListItem\",\"position\":1,\"name\":\"Po\u010detna stranica\",\"item\":\"https:\\\/\\\/medicpro.hr\\\/veleprodaja\\\/\"},{\"@type\":\"ListItem\",\"position\":2,\"name\":\"Veleprodaja\",\"item\":\"https:\\\/\\\/medicpro.hr\\\/veleprodaja\\\/trgovina\\\/\"},{\"@type\":\"ListItem\",\"position\":3,\"name\":\"RASHLADNI URE\u0110AJ ZA HLA\u0110ENJE OTPADA WASTE COOLER 1\"}]},{\"@type\":\"WebSite\",\"@id\":\"https:\\\/\\\/medicpro.hr\\\/veleprodaja\\\/#website\",\"url\":\"https:\\\/\\\/medicpro.hr\\\/veleprodaja\\\/\",\"name\":\"Medicpro.hr\",\"description\":\"Medicinski potro\u0161ni materijal i oprema\",\"publisher\":{\"@id\":\"https:\\\/\\\/medicpro.hr\\\/veleprodaja\\\/#organization\"},\"potentialAction\":[{\"@type\":\"SearchAction\",\"target\":{\"@type\":\"EntryPoint\",\"urlTemplate\":\"https:\\\/\\\/medicpro.hr\\\/veleprodaja\\\/?s={search_term_string}\"},\"query-input\":{\"@type\":\"PropertyValueSpecification\",\"valueRequired\":true,\"valueName\":\"search_term_string\"}}],\"inLanguage\":\"hr\"},{\"@type\":\"Organization\",\"@id\":\"https:\\\/\\\/medicpro.hr\\\/veleprodaja\\\/#organization\",\"name\":\"Medicpro d.o.o.\",\"url\":\"https:\\\/\\\/medicpro.hr\\\/veleprodaja\\\/\",\"logo\":{\"@type\":\"ImageObject\",\"inLanguage\":\"hr\",\"@id\":\"https:\\\/\\\/medicpro.hr\\\/veleprodaja\\\/#\\\/schema\\\/logo\\\/image\\\/\",\"url\":\"https:\\\/\\\/medicpro.hr\\\/veleprodaja\\\/wp-content\\\/uploads\\\/2025\\\/05\\\/medicpro_logo.svg\",\"contentUrl\":\"https:\\\/\\\/medicpro.hr\\\/veleprodaja\\\/wp-content\\\/uploads\\\/2025\\\/05\\\/medicpro_logo.svg\",\"width\":226,\"height\":42,\"caption\":\"Medicpro d.o.o.\"},\"image\":{\"@id\":\"https:\\\/\\\/medicpro.hr\\\/veleprodaja\\\/#\\\/schema\\\/logo\\\/image\\\/\"}}]}<\/script>\n<!-- \/ Yoast SEO plugin. -->","yoast_head_json":{"title":"RASHLADNI URE\u0110AJ ZA HLA\u0110ENJE OTPADA WASTE COOLER 1 - Medicpro","robots":{"index":"index","follow":"follow","max-snippet":"max-snippet:-1","max-image-preview":"max-image-preview:large","max-video-preview":"max-video-preview:-1"},"canonical":"https:\/\/medicpro.hr\/veleprodaja\/proizvod\/rashladni-uredaj-za-hladenje-otpada-waste-cooler-1\/","og_locale":"hr_HR","og_type":"article","og_title":"RASHLADNI URE\u0110AJ ZA HLA\u0110ENJE OTPADA WASTE COOLER 1 - Medicpro","og_description":"Vrhunsko i inovativno rje\u0161enje za hla\u0111enje otpada. Prednosti: Prevencija neugodnih mirisa: hla\u0111enjem usporava razgradnju otpada i smanjuje osloba\u0111anje neugodnih mirisa.","og_url":"https:\/\/medicpro.hr\/veleprodaja\/proizvod\/rashladni-uredaj-za-hladenje-otpada-waste-cooler-1\/","og_site_name":"Medicpro","article_modified_time":"2026-02-02T13:27:33+00:00","og_image":[{"width":940,"height":788,"url":"https:\/\/medicpro.hr\/veleprodaja\/wp-content\/uploads\/2025\/06\/Waste-Cooler-1-3.png","type":"image\/png"}],"twitter_card":"summary_large_image","twitter_misc":{"Procijenjeno vrijeme \u010ditanja":"1 minuta"},"schema":{"@context":"https:\/\/schema.org","@graph":[{"@type":"WebPage","@id":"https:\/\/medicpro.hr\/veleprodaja\/proizvod\/rashladni-uredaj-za-hladenje-otpada-waste-cooler-1\/","url":"https:\/\/medicpro.hr\/veleprodaja\/proizvod\/rashladni-uredaj-za-hladenje-otpada-waste-cooler-1\/","name":"RASHLADNI URE\u0110AJ ZA HLA\u0110ENJE OTPADA WASTE COOLER 1 - Medicpro","isPartOf":{"@id":"https:\/\/medicpro.hr\/veleprodaja\/#website"},"primaryImageOfPage":{"@id":"https:\/\/medicpro.hr\/veleprodaja\/proizvod\/rashladni-uredaj-za-hladenje-otpada-waste-cooler-1\/#primaryimage"},"image":{"@id":"https:\/\/medicpro.hr\/veleprodaja\/proizvod\/rashladni-uredaj-za-hladenje-otpada-waste-cooler-1\/#primaryimage"},"thumbnailUrl":"https:\/\/medicpro.hr\/veleprodaja\/wp-content\/uploads\/2025\/06\/Waste-Cooler-1-3.png","datePublished":"2025-09-01T01:04:13+00:00","dateModified":"2026-02-02T13:27:33+00:00","breadcrumb":{"@id":"https:\/\/medicpro.hr\/veleprodaja\/proizvod\/rashladni-uredaj-za-hladenje-otpada-waste-cooler-1\/#breadcrumb"},"inLanguage":"hr","potentialAction":[{"@type":"ReadAction","target":["https:\/\/medicpro.hr\/veleprodaja\/proizvod\/rashladni-uredaj-za-hladenje-otpada-waste-cooler-1\/"]}]},{"@type":"ImageObject","inLanguage":"hr","@id":"https:\/\/medicpro.hr\/veleprodaja\/proizvod\/rashladni-uredaj-za-hladenje-otpada-waste-cooler-1\/#primaryimage","url":"https:\/\/medicpro.hr\/veleprodaja\/wp-content\/uploads\/2025\/06\/Waste-Cooler-1-3.png","contentUrl":"https:\/\/medicpro.hr\/veleprodaja\/wp-content\/uploads\/2025\/06\/Waste-Cooler-1-3.png","width":940,"height":788},{"@type":"BreadcrumbList","@id":"https:\/\/medicpro.hr\/veleprodaja\/proizvod\/rashladni-uredaj-za-hladenje-otpada-waste-cooler-1\/#breadcrumb","itemListElement":[{"@type":"ListItem","position":1,"name":"Po\u010detna stranica","item":"https:\/\/medicpro.hr\/veleprodaja\/"},{"@type":"ListItem","position":2,"name":"Veleprodaja","item":"https:\/\/medicpro.hr\/veleprodaja\/trgovina\/"},{"@type":"ListItem","position":3,"name":"RASHLADNI URE\u0110AJ ZA HLA\u0110ENJE OTPADA WASTE COOLER 1"}]},{"@type":"WebSite","@id":"https:\/\/medicpro.hr\/veleprodaja\/#website","url":"https:\/\/medicpro.hr\/veleprodaja\/","name":"Medicpro.hr","description":"Medicinski potro\u0161ni materijal i oprema","publisher":{"@id":"https:\/\/medicpro.hr\/veleprodaja\/#organization"},"potentialAction":[{"@type":"SearchAction","target":{"@type":"EntryPoint","urlTemplate":"https:\/\/medicpro.hr\/veleprodaja\/?s={search_term_string}"},"query-input":{"@type":"PropertyValueSpecification","valueRequired":true,"valueName":"search_term_string"}}],"inLanguage":"hr"},{"@type":"Organization","@id":"https:\/\/medicpro.hr\/veleprodaja\/#organization","name":"Medicpro d.o.o.","url":"https:\/\/medicpro.hr\/veleprodaja\/","logo":{"@type":"ImageObject","inLanguage":"hr","@id":"https:\/\/medicpro.hr\/veleprodaja\/#\/schema\/logo\/image\/","url":"https:\/\/medicpro.hr\/veleprodaja\/wp-content\/uploads\/2025\/05\/medicpro_logo.svg","contentUrl":"https:\/\/medicpro.hr\/veleprodaja\/wp-content\/uploads\/2025\/05\/medicpro_logo.svg","width":226,"height":42,"caption":"Medicpro d.o.o."},"image":{"@id":"https:\/\/medicpro.hr\/veleprodaja\/#\/schema\/logo\/image\/"}}]}},"_links":{"self":[{"href":"https:\/\/medicpro.hr\/veleprodaja\/wp-json\/wp\/v2\/product\/62587","targetHints":{"allow":["GET"]}}],"collection":[{"href":"https:\/\/medicpro.hr\/veleprodaja\/wp-json\/wp\/v2\/product"}],"about":[{"href":"https:\/\/medicpro.hr\/veleprodaja\/wp-json\/wp\/v2\/types\/product"}],"replies":[{"embeddable":true,"href":"https:\/\/medicpro.hr\/veleprodaja\/wp-json\/wp\/v2\/comments?post=62587"}],"wp:featuredmedia":[{"embeddable":true,"href":"https:\/\/medicpro.hr\/veleprodaja\/wp-json\/wp\/v2\/media\/54682"}],"wp:attachment":[{"href":"https:\/\/medicpro.hr\/veleprodaja\/wp-json\/wp\/v2\/media?parent=62587"}],"wp:term":[{"taxonomy":"product_brand","embeddable":true,"href":"https:\/\/medicpro.hr\/veleprodaja\/wp-json\/wp\/v2\/product_brand?post=62587"},{"taxonomy":"product_cat","embeddable":true,"href":"https:\/\/medicpro.hr\/veleprodaja\/wp-json\/wp\/v2\/product_cat?post=62587"},{"taxonomy":"product_tag","embeddable":true,"href":"https:\/\/medicpro.hr\/veleprodaja\/wp-json\/wp\/v2\/product_tag?post=62587"}],"curies":[{"name":"wp","href":"https:\/\/api.w.org\/{rel}","templated":true}]}}