{"id":62554,"date":"2025-09-01T03:04:08","date_gmt":"2025-09-01T01:04:08","guid":{"rendered":"https:\/\/zdesmedicpro-velepro.kuhada.net\/?post_type=product&#038;p=62554"},"modified":"2025-09-12T11:02:35","modified_gmt":"2025-09-12T09:02:35","slug":"spirometar-one-flow-fvc-screen-clement-clarke","status":"publish","type":"product","link":"https:\/\/medicpro.hr\/veleprodaja\/proizvod\/spirometar-one-flow-fvc-screen-clement-clarke\/","title":{"rendered":"SPIROMETAR ONE FLOW FVC SCREEN, CLEMENT CLARKE"},"content":{"rendered":"<p>Spirometar ONE FLOW FVC SCREEN je ure\u0111aj za mjerenje plu\u0107ne funkcije.<br \/>\n&#8211; Omogu\u0107uje odre\u0111ivanje va\u017enih parametara kao \u0161to su prisilni vitalni kapacitet (FVC) i prisilni ekspiracijski volumen u prvoj sekundi (FEV1).<br \/>\n&#8211; Ure\u0111aj koristi pneumotahografsku tehnologiju za precizno mjerenje protoka i volumena zraka tijekom udisaja i izdisaja.<br \/>\n&#8211; Kompaktan i prijenosan dizajn omogu\u0107ava jednostavno kori\u0161tenje u razli\u010ditim okru\u017eenjima, uklju\u010duju\u0107i ordinacije i bolnice.<br \/>\n&#8211; Uklju\u010duje lako \u010ditljiv zaslon koji prikazuje rezultate mjerenja u stvarnom vremenu.<br \/>\n&#8211; Spreman za upotrebu s minimalnim vremenom pripreme, \u0161to ga \u010dini prakti\u010dnim rje\u0161enjem za brzu dijagnostiku.<br \/>\n&#8211; Korisnici mogu pratiti promjene u plu\u0107noj funkciji tijekom vremena, \u0161to je korisno za procjenu napretka u terapiji.<br \/>\n&#8211; Cijena se odnosi na jedan komad ure\u0111aja.<\/p>\n","protected":false},"excerpt":{"rendered":"<p>Spirometar ONE FLOW FVC SCREEN je ure\u0111aj za mjerenje plu\u0107ne funkcije. &#8211; Omogu\u0107uje odre\u0111ivanje va\u017enih parametara kao \u0161to su prisilni<\/p>\n","protected":false},"featured_media":0,"comment_status":"closed","ping_status":"closed","template":"","meta":[],"product_brand":[],"product_cat":[702,730],"product_tag":[],"class_list":{"0":"post-62554","1":"product","2":"type-product","3":"status-publish","5":"product_cat-dijagnostika","6":"product_cat-spirometri","8":"first","9":"onbackorder","10":"taxable","11":"shipping-taxable","12":"purchasable","13":"product-type-simple"},"acf":[],"yoast_head":"<!-- This site is optimized with the Yoast SEO plugin v27.3 - https:\/\/yoast.com\/product\/yoast-seo-wordpress\/ -->\n<title>SPIROMETAR ONE FLOW FVC SCREEN, CLEMENT CLARKE - Medicpro<\/title>\n<meta name=\"robots\" content=\"index, follow, max-snippet:-1, max-image-preview:large, max-video-preview:-1\" \/>\n<link rel=\"canonical\" href=\"https:\/\/medicpro.hr\/veleprodaja\/proizvod\/spirometar-one-flow-fvc-screen-clement-clarke\/\" \/>\n<meta property=\"og:locale\" content=\"hr_HR\" \/>\n<meta property=\"og:type\" content=\"article\" \/>\n<meta property=\"og:title\" content=\"SPIROMETAR ONE FLOW FVC SCREEN, CLEMENT CLARKE - Medicpro\" \/>\n<meta property=\"og:description\" content=\"Spirometar ONE FLOW FVC SCREEN je ure\u0111aj za mjerenje plu\u0107ne funkcije. &#8211; Omogu\u0107uje odre\u0111ivanje va\u017enih parametara kao \u0161to su prisilni\" \/>\n<meta property=\"og:url\" content=\"https:\/\/medicpro.hr\/veleprodaja\/proizvod\/spirometar-one-flow-fvc-screen-clement-clarke\/\" \/>\n<meta property=\"og:site_name\" content=\"Medicpro\" \/>\n<meta property=\"article:modified_time\" content=\"2025-09-12T09:02:35+00:00\" \/>\n<meta name=\"twitter:card\" content=\"summary_large_image\" \/>\n<meta name=\"twitter:label1\" content=\"Procijenjeno vrijeme \u010ditanja\" \/>\n\t<meta name=\"twitter:data1\" content=\"1 minuta\" \/>\n<script type=\"application\/ld+json\" class=\"yoast-schema-graph\">{\"@context\":\"https:\\\/\\\/schema.org\",\"@graph\":[{\"@type\":\"WebPage\",\"@id\":\"https:\\\/\\\/medicpro.hr\\\/veleprodaja\\\/proizvod\\\/spirometar-one-flow-fvc-screen-clement-clarke\\\/\",\"url\":\"https:\\\/\\\/medicpro.hr\\\/veleprodaja\\\/proizvod\\\/spirometar-one-flow-fvc-screen-clement-clarke\\\/\",\"name\":\"SPIROMETAR ONE FLOW FVC SCREEN, CLEMENT CLARKE - Medicpro\",\"isPartOf\":{\"@id\":\"https:\\\/\\\/medicpro.hr\\\/veleprodaja\\\/#website\"},\"datePublished\":\"2025-09-01T01:04:08+00:00\",\"dateModified\":\"2025-09-12T09:02:35+00:00\",\"breadcrumb\":{\"@id\":\"https:\\\/\\\/medicpro.hr\\\/veleprodaja\\\/proizvod\\\/spirometar-one-flow-fvc-screen-clement-clarke\\\/#breadcrumb\"},\"inLanguage\":\"hr\",\"potentialAction\":[{\"@type\":\"ReadAction\",\"target\":[\"https:\\\/\\\/medicpro.hr\\\/veleprodaja\\\/proizvod\\\/spirometar-one-flow-fvc-screen-clement-clarke\\\/\"]}]},{\"@type\":\"BreadcrumbList\",\"@id\":\"https:\\\/\\\/medicpro.hr\\\/veleprodaja\\\/proizvod\\\/spirometar-one-flow-fvc-screen-clement-clarke\\\/#breadcrumb\",\"itemListElement\":[{\"@type\":\"ListItem\",\"position\":1,\"name\":\"Po\u010detna stranica\",\"item\":\"https:\\\/\\\/medicpro.hr\\\/veleprodaja\\\/\"},{\"@type\":\"ListItem\",\"position\":2,\"name\":\"Veleprodaja\",\"item\":\"https:\\\/\\\/medicpro.hr\\\/veleprodaja\\\/trgovina\\\/\"},{\"@type\":\"ListItem\",\"position\":3,\"name\":\"SPIROMETAR ONE FLOW FVC SCREEN, CLEMENT CLARKE\"}]},{\"@type\":\"WebSite\",\"@id\":\"https:\\\/\\\/medicpro.hr\\\/veleprodaja\\\/#website\",\"url\":\"https:\\\/\\\/medicpro.hr\\\/veleprodaja\\\/\",\"name\":\"Medicpro.hr\",\"description\":\"Medicinski potro\u0161ni materijal i oprema\",\"publisher\":{\"@id\":\"https:\\\/\\\/medicpro.hr\\\/veleprodaja\\\/#organization\"},\"potentialAction\":[{\"@type\":\"SearchAction\",\"target\":{\"@type\":\"EntryPoint\",\"urlTemplate\":\"https:\\\/\\\/medicpro.hr\\\/veleprodaja\\\/?s={search_term_string}\"},\"query-input\":{\"@type\":\"PropertyValueSpecification\",\"valueRequired\":true,\"valueName\":\"search_term_string\"}}],\"inLanguage\":\"hr\"},{\"@type\":\"Organization\",\"@id\":\"https:\\\/\\\/medicpro.hr\\\/veleprodaja\\\/#organization\",\"name\":\"Medicpro d.o.o.\",\"url\":\"https:\\\/\\\/medicpro.hr\\\/veleprodaja\\\/\",\"logo\":{\"@type\":\"ImageObject\",\"inLanguage\":\"hr\",\"@id\":\"https:\\\/\\\/medicpro.hr\\\/veleprodaja\\\/#\\\/schema\\\/logo\\\/image\\\/\",\"url\":\"https:\\\/\\\/medicpro.hr\\\/veleprodaja\\\/wp-content\\\/uploads\\\/2025\\\/05\\\/medicpro_logo.svg\",\"contentUrl\":\"https:\\\/\\\/medicpro.hr\\\/veleprodaja\\\/wp-content\\\/uploads\\\/2025\\\/05\\\/medicpro_logo.svg\",\"width\":226,\"height\":42,\"caption\":\"Medicpro d.o.o.\"},\"image\":{\"@id\":\"https:\\\/\\\/medicpro.hr\\\/veleprodaja\\\/#\\\/schema\\\/logo\\\/image\\\/\"}}]}<\/script>\n<!-- \/ Yoast SEO plugin. -->","yoast_head_json":{"title":"SPIROMETAR ONE FLOW FVC SCREEN, CLEMENT CLARKE - Medicpro","robots":{"index":"index","follow":"follow","max-snippet":"max-snippet:-1","max-image-preview":"max-image-preview:large","max-video-preview":"max-video-preview:-1"},"canonical":"https:\/\/medicpro.hr\/veleprodaja\/proizvod\/spirometar-one-flow-fvc-screen-clement-clarke\/","og_locale":"hr_HR","og_type":"article","og_title":"SPIROMETAR ONE FLOW FVC SCREEN, CLEMENT CLARKE - Medicpro","og_description":"Spirometar ONE FLOW FVC SCREEN je ure\u0111aj za mjerenje plu\u0107ne funkcije. &#8211; Omogu\u0107uje odre\u0111ivanje va\u017enih parametara kao \u0161to su prisilni","og_url":"https:\/\/medicpro.hr\/veleprodaja\/proizvod\/spirometar-one-flow-fvc-screen-clement-clarke\/","og_site_name":"Medicpro","article_modified_time":"2025-09-12T09:02:35+00:00","twitter_card":"summary_large_image","twitter_misc":{"Procijenjeno vrijeme \u010ditanja":"1 minuta"},"schema":{"@context":"https:\/\/schema.org","@graph":[{"@type":"WebPage","@id":"https:\/\/medicpro.hr\/veleprodaja\/proizvod\/spirometar-one-flow-fvc-screen-clement-clarke\/","url":"https:\/\/medicpro.hr\/veleprodaja\/proizvod\/spirometar-one-flow-fvc-screen-clement-clarke\/","name":"SPIROMETAR ONE FLOW FVC SCREEN, CLEMENT CLARKE - Medicpro","isPartOf":{"@id":"https:\/\/medicpro.hr\/veleprodaja\/#website"},"datePublished":"2025-09-01T01:04:08+00:00","dateModified":"2025-09-12T09:02:35+00:00","breadcrumb":{"@id":"https:\/\/medicpro.hr\/veleprodaja\/proizvod\/spirometar-one-flow-fvc-screen-clement-clarke\/#breadcrumb"},"inLanguage":"hr","potentialAction":[{"@type":"ReadAction","target":["https:\/\/medicpro.hr\/veleprodaja\/proizvod\/spirometar-one-flow-fvc-screen-clement-clarke\/"]}]},{"@type":"BreadcrumbList","@id":"https:\/\/medicpro.hr\/veleprodaja\/proizvod\/spirometar-one-flow-fvc-screen-clement-clarke\/#breadcrumb","itemListElement":[{"@type":"ListItem","position":1,"name":"Po\u010detna stranica","item":"https:\/\/medicpro.hr\/veleprodaja\/"},{"@type":"ListItem","position":2,"name":"Veleprodaja","item":"https:\/\/medicpro.hr\/veleprodaja\/trgovina\/"},{"@type":"ListItem","position":3,"name":"SPIROMETAR ONE FLOW FVC SCREEN, CLEMENT CLARKE"}]},{"@type":"WebSite","@id":"https:\/\/medicpro.hr\/veleprodaja\/#website","url":"https:\/\/medicpro.hr\/veleprodaja\/","name":"Medicpro.hr","description":"Medicinski potro\u0161ni materijal i oprema","publisher":{"@id":"https:\/\/medicpro.hr\/veleprodaja\/#organization"},"potentialAction":[{"@type":"SearchAction","target":{"@type":"EntryPoint","urlTemplate":"https:\/\/medicpro.hr\/veleprodaja\/?s={search_term_string}"},"query-input":{"@type":"PropertyValueSpecification","valueRequired":true,"valueName":"search_term_string"}}],"inLanguage":"hr"},{"@type":"Organization","@id":"https:\/\/medicpro.hr\/veleprodaja\/#organization","name":"Medicpro d.o.o.","url":"https:\/\/medicpro.hr\/veleprodaja\/","logo":{"@type":"ImageObject","inLanguage":"hr","@id":"https:\/\/medicpro.hr\/veleprodaja\/#\/schema\/logo\/image\/","url":"https:\/\/medicpro.hr\/veleprodaja\/wp-content\/uploads\/2025\/05\/medicpro_logo.svg","contentUrl":"https:\/\/medicpro.hr\/veleprodaja\/wp-content\/uploads\/2025\/05\/medicpro_logo.svg","width":226,"height":42,"caption":"Medicpro d.o.o."},"image":{"@id":"https:\/\/medicpro.hr\/veleprodaja\/#\/schema\/logo\/image\/"}}]}},"_links":{"self":[{"href":"https:\/\/medicpro.hr\/veleprodaja\/wp-json\/wp\/v2\/product\/62554","targetHints":{"allow":["GET"]}}],"collection":[{"href":"https:\/\/medicpro.hr\/veleprodaja\/wp-json\/wp\/v2\/product"}],"about":[{"href":"https:\/\/medicpro.hr\/veleprodaja\/wp-json\/wp\/v2\/types\/product"}],"replies":[{"embeddable":true,"href":"https:\/\/medicpro.hr\/veleprodaja\/wp-json\/wp\/v2\/comments?post=62554"}],"wp:attachment":[{"href":"https:\/\/medicpro.hr\/veleprodaja\/wp-json\/wp\/v2\/media?parent=62554"}],"wp:term":[{"taxonomy":"product_brand","embeddable":true,"href":"https:\/\/medicpro.hr\/veleprodaja\/wp-json\/wp\/v2\/product_brand?post=62554"},{"taxonomy":"product_cat","embeddable":true,"href":"https:\/\/medicpro.hr\/veleprodaja\/wp-json\/wp\/v2\/product_cat?post=62554"},{"taxonomy":"product_tag","embeddable":true,"href":"https:\/\/medicpro.hr\/veleprodaja\/wp-json\/wp\/v2\/product_tag?post=62554"}],"curies":[{"name":"wp","href":"https:\/\/api.w.org\/{rel}","templated":true}]}}