{"id":62547,"date":"2025-09-01T03:04:08","date_gmt":"2025-09-01T01:04:08","guid":{"rendered":"https:\/\/zdesmedicpro-velepro.kuhada.net\/?post_type=product&#038;p=62547"},"modified":"2026-03-31T09:34:03","modified_gmt":"2026-03-31T07:34:03","slug":"kiselina-5-sulfosalicilna-20-otopina-100-ml","status":"publish","type":"product","link":"https:\/\/medicpro.hr\/veleprodaja\/proizvod\/kiselina-5-sulfosalicilna-20-otopina-100-ml\/","title":{"rendered":"KISELINA 5 &#8211; SULFOSALICILNA 20% OTOPINA 100 ml"},"content":{"rendered":"<ul>\n<li>5-Sulfosalicilna kiselina 20% otopina je bezbojna teku\u0107ina.<\/li>\n<li>Upotrebljava se kao laboratorijska kemikalija za dokazivanje bjelan\u010devina.<\/li>\n<li>Relativna gusto\u0107a: 1.08 g\/ml.<\/li>\n<li>Kod rukovanja ovim proizvodom preporu\u010duje se koristiti za\u0161titne rukavice i za\u0161titnu odje\u0107u.<\/li>\n<li><strong>U slu\u010daju kontaminacije, potrebno je odmah skinuti svu zaga\u0111enu odje\u0107u te dijelove tijela koji su do\u0161li u kontakt s otopinom isprati vodom i sapunom najmanje 10 minuta. Potra\u017eite savjet lije\u010dnika.<\/strong><\/li>\n<li><strong>U slu\u010daju dodira s o\u010dima, ispirati o\u010di teku\u0107om vodom najmanje 15 minuta i tako\u0111er potra\u017eiti medicinsku pomo\u0107.<\/strong><\/li>\n<li>Potrebno je izbjegavati udisanje para i direktan kontakt s ko\u017eom.<\/li>\n<li>Cijena se odnosi na pakiranje od 100 ml.<\/li>\n<\/ul>\n","protected":false},"excerpt":{"rendered":"<p>5-Sulfosalicilna kiselina 20% otopina je bezbojna teku\u0107ina. Upotrebljava se kao laboratorijska kemikalija za dokazivanje bjelan\u010devina. Relativna gusto\u0107a: 1.08 g\/ml. Kod<\/p>\n","protected":false},"featured_media":54584,"comment_status":"closed","ping_status":"closed","template":"","meta":[],"product_brand":[],"product_cat":[704],"product_tag":[],"class_list":{"0":"post-62547","1":"product","2":"type-product","3":"status-publish","4":"has-post-thumbnail","6":"product_cat-medicinske-tekucine","8":"first","9":"onbackorder","10":"taxable","11":"shipping-taxable","12":"purchasable","13":"product-type-simple"},"acf":[],"yoast_head":"<!-- This site is optimized with the Yoast SEO plugin v27.3 - https:\/\/yoast.com\/product\/yoast-seo-wordpress\/ -->\n<title>KISELINA 5 - SULFOSALICILNA 20% OTOPINA 100 ml - Medicpro<\/title>\n<meta name=\"robots\" content=\"index, follow, max-snippet:-1, max-image-preview:large, max-video-preview:-1\" \/>\n<link rel=\"canonical\" href=\"https:\/\/medicpro.hr\/veleprodaja\/proizvod\/kiselina-5-sulfosalicilna-20-otopina-100-ml\/\" \/>\n<meta property=\"og:locale\" content=\"hr_HR\" \/>\n<meta property=\"og:type\" content=\"article\" \/>\n<meta property=\"og:title\" content=\"KISELINA 5 - SULFOSALICILNA 20% OTOPINA 100 ml - Medicpro\" \/>\n<meta property=\"og:description\" content=\"5-Sulfosalicilna kiselina 20% otopina je bezbojna teku\u0107ina. Upotrebljava se kao laboratorijska kemikalija za dokazivanje bjelan\u010devina. Relativna gusto\u0107a: 1.08 g\/ml. Kod\" \/>\n<meta property=\"og:url\" content=\"https:\/\/medicpro.hr\/veleprodaja\/proizvod\/kiselina-5-sulfosalicilna-20-otopina-100-ml\/\" \/>\n<meta property=\"og:site_name\" content=\"Medicpro\" \/>\n<meta property=\"article:modified_time\" content=\"2026-03-31T07:34:03+00:00\" \/>\n<meta property=\"og:image\" content=\"https:\/\/medicpro.hr\/veleprodaja\/wp-content\/uploads\/2025\/06\/otopina-sulfosalicilna-1-3.png\" \/>\n\t<meta property=\"og:image:width\" content=\"940\" \/>\n\t<meta property=\"og:image:height\" content=\"788\" \/>\n\t<meta property=\"og:image:type\" content=\"image\/png\" \/>\n<meta name=\"twitter:card\" content=\"summary_large_image\" \/>\n<meta name=\"twitter:label1\" content=\"Procijenjeno vrijeme \u010ditanja\" \/>\n\t<meta name=\"twitter:data1\" content=\"1 minuta\" \/>\n<script type=\"application\/ld+json\" class=\"yoast-schema-graph\">{\"@context\":\"https:\\\/\\\/schema.org\",\"@graph\":[{\"@type\":\"WebPage\",\"@id\":\"https:\\\/\\\/medicpro.hr\\\/veleprodaja\\\/proizvod\\\/kiselina-5-sulfosalicilna-20-otopina-100-ml\\\/\",\"url\":\"https:\\\/\\\/medicpro.hr\\\/veleprodaja\\\/proizvod\\\/kiselina-5-sulfosalicilna-20-otopina-100-ml\\\/\",\"name\":\"KISELINA 5 - SULFOSALICILNA 20% OTOPINA 100 ml - Medicpro\",\"isPartOf\":{\"@id\":\"https:\\\/\\\/medicpro.hr\\\/veleprodaja\\\/#website\"},\"primaryImageOfPage\":{\"@id\":\"https:\\\/\\\/medicpro.hr\\\/veleprodaja\\\/proizvod\\\/kiselina-5-sulfosalicilna-20-otopina-100-ml\\\/#primaryimage\"},\"image\":{\"@id\":\"https:\\\/\\\/medicpro.hr\\\/veleprodaja\\\/proizvod\\\/kiselina-5-sulfosalicilna-20-otopina-100-ml\\\/#primaryimage\"},\"thumbnailUrl\":\"https:\\\/\\\/medicpro.hr\\\/veleprodaja\\\/wp-content\\\/uploads\\\/2025\\\/06\\\/otopina-sulfosalicilna-1-3.png\",\"datePublished\":\"2025-09-01T01:04:08+00:00\",\"dateModified\":\"2026-03-31T07:34:03+00:00\",\"breadcrumb\":{\"@id\":\"https:\\\/\\\/medicpro.hr\\\/veleprodaja\\\/proizvod\\\/kiselina-5-sulfosalicilna-20-otopina-100-ml\\\/#breadcrumb\"},\"inLanguage\":\"hr\",\"potentialAction\":[{\"@type\":\"ReadAction\",\"target\":[\"https:\\\/\\\/medicpro.hr\\\/veleprodaja\\\/proizvod\\\/kiselina-5-sulfosalicilna-20-otopina-100-ml\\\/\"]}]},{\"@type\":\"ImageObject\",\"inLanguage\":\"hr\",\"@id\":\"https:\\\/\\\/medicpro.hr\\\/veleprodaja\\\/proizvod\\\/kiselina-5-sulfosalicilna-20-otopina-100-ml\\\/#primaryimage\",\"url\":\"https:\\\/\\\/medicpro.hr\\\/veleprodaja\\\/wp-content\\\/uploads\\\/2025\\\/06\\\/otopina-sulfosalicilna-1-3.png\",\"contentUrl\":\"https:\\\/\\\/medicpro.hr\\\/veleprodaja\\\/wp-content\\\/uploads\\\/2025\\\/06\\\/otopina-sulfosalicilna-1-3.png\",\"width\":940,\"height\":788},{\"@type\":\"BreadcrumbList\",\"@id\":\"https:\\\/\\\/medicpro.hr\\\/veleprodaja\\\/proizvod\\\/kiselina-5-sulfosalicilna-20-otopina-100-ml\\\/#breadcrumb\",\"itemListElement\":[{\"@type\":\"ListItem\",\"position\":1,\"name\":\"Po\u010detna stranica\",\"item\":\"https:\\\/\\\/medicpro.hr\\\/veleprodaja\\\/\"},{\"@type\":\"ListItem\",\"position\":2,\"name\":\"Veleprodaja\",\"item\":\"https:\\\/\\\/medicpro.hr\\\/veleprodaja\\\/trgovina\\\/\"},{\"@type\":\"ListItem\",\"position\":3,\"name\":\"KISELINA 5 &#8211; SULFOSALICILNA 20% OTOPINA 100 ml\"}]},{\"@type\":\"WebSite\",\"@id\":\"https:\\\/\\\/medicpro.hr\\\/veleprodaja\\\/#website\",\"url\":\"https:\\\/\\\/medicpro.hr\\\/veleprodaja\\\/\",\"name\":\"Medicpro.hr\",\"description\":\"Medicinski potro\u0161ni materijal i oprema\",\"publisher\":{\"@id\":\"https:\\\/\\\/medicpro.hr\\\/veleprodaja\\\/#organization\"},\"potentialAction\":[{\"@type\":\"SearchAction\",\"target\":{\"@type\":\"EntryPoint\",\"urlTemplate\":\"https:\\\/\\\/medicpro.hr\\\/veleprodaja\\\/?s={search_term_string}\"},\"query-input\":{\"@type\":\"PropertyValueSpecification\",\"valueRequired\":true,\"valueName\":\"search_term_string\"}}],\"inLanguage\":\"hr\"},{\"@type\":\"Organization\",\"@id\":\"https:\\\/\\\/medicpro.hr\\\/veleprodaja\\\/#organization\",\"name\":\"Medicpro d.o.o.\",\"url\":\"https:\\\/\\\/medicpro.hr\\\/veleprodaja\\\/\",\"logo\":{\"@type\":\"ImageObject\",\"inLanguage\":\"hr\",\"@id\":\"https:\\\/\\\/medicpro.hr\\\/veleprodaja\\\/#\\\/schema\\\/logo\\\/image\\\/\",\"url\":\"https:\\\/\\\/medicpro.hr\\\/veleprodaja\\\/wp-content\\\/uploads\\\/2025\\\/05\\\/medicpro_logo.svg\",\"contentUrl\":\"https:\\\/\\\/medicpro.hr\\\/veleprodaja\\\/wp-content\\\/uploads\\\/2025\\\/05\\\/medicpro_logo.svg\",\"width\":226,\"height\":42,\"caption\":\"Medicpro d.o.o.\"},\"image\":{\"@id\":\"https:\\\/\\\/medicpro.hr\\\/veleprodaja\\\/#\\\/schema\\\/logo\\\/image\\\/\"}}]}<\/script>\n<!-- \/ Yoast SEO plugin. -->","yoast_head_json":{"title":"KISELINA 5 - SULFOSALICILNA 20% OTOPINA 100 ml - Medicpro","robots":{"index":"index","follow":"follow","max-snippet":"max-snippet:-1","max-image-preview":"max-image-preview:large","max-video-preview":"max-video-preview:-1"},"canonical":"https:\/\/medicpro.hr\/veleprodaja\/proizvod\/kiselina-5-sulfosalicilna-20-otopina-100-ml\/","og_locale":"hr_HR","og_type":"article","og_title":"KISELINA 5 - SULFOSALICILNA 20% OTOPINA 100 ml - Medicpro","og_description":"5-Sulfosalicilna kiselina 20% otopina je bezbojna teku\u0107ina. Upotrebljava se kao laboratorijska kemikalija za dokazivanje bjelan\u010devina. Relativna gusto\u0107a: 1.08 g\/ml. Kod","og_url":"https:\/\/medicpro.hr\/veleprodaja\/proizvod\/kiselina-5-sulfosalicilna-20-otopina-100-ml\/","og_site_name":"Medicpro","article_modified_time":"2026-03-31T07:34:03+00:00","og_image":[{"width":940,"height":788,"url":"https:\/\/medicpro.hr\/veleprodaja\/wp-content\/uploads\/2025\/06\/otopina-sulfosalicilna-1-3.png","type":"image\/png"}],"twitter_card":"summary_large_image","twitter_misc":{"Procijenjeno vrijeme \u010ditanja":"1 minuta"},"schema":{"@context":"https:\/\/schema.org","@graph":[{"@type":"WebPage","@id":"https:\/\/medicpro.hr\/veleprodaja\/proizvod\/kiselina-5-sulfosalicilna-20-otopina-100-ml\/","url":"https:\/\/medicpro.hr\/veleprodaja\/proizvod\/kiselina-5-sulfosalicilna-20-otopina-100-ml\/","name":"KISELINA 5 - SULFOSALICILNA 20% OTOPINA 100 ml - Medicpro","isPartOf":{"@id":"https:\/\/medicpro.hr\/veleprodaja\/#website"},"primaryImageOfPage":{"@id":"https:\/\/medicpro.hr\/veleprodaja\/proizvod\/kiselina-5-sulfosalicilna-20-otopina-100-ml\/#primaryimage"},"image":{"@id":"https:\/\/medicpro.hr\/veleprodaja\/proizvod\/kiselina-5-sulfosalicilna-20-otopina-100-ml\/#primaryimage"},"thumbnailUrl":"https:\/\/medicpro.hr\/veleprodaja\/wp-content\/uploads\/2025\/06\/otopina-sulfosalicilna-1-3.png","datePublished":"2025-09-01T01:04:08+00:00","dateModified":"2026-03-31T07:34:03+00:00","breadcrumb":{"@id":"https:\/\/medicpro.hr\/veleprodaja\/proizvod\/kiselina-5-sulfosalicilna-20-otopina-100-ml\/#breadcrumb"},"inLanguage":"hr","potentialAction":[{"@type":"ReadAction","target":["https:\/\/medicpro.hr\/veleprodaja\/proizvod\/kiselina-5-sulfosalicilna-20-otopina-100-ml\/"]}]},{"@type":"ImageObject","inLanguage":"hr","@id":"https:\/\/medicpro.hr\/veleprodaja\/proizvod\/kiselina-5-sulfosalicilna-20-otopina-100-ml\/#primaryimage","url":"https:\/\/medicpro.hr\/veleprodaja\/wp-content\/uploads\/2025\/06\/otopina-sulfosalicilna-1-3.png","contentUrl":"https:\/\/medicpro.hr\/veleprodaja\/wp-content\/uploads\/2025\/06\/otopina-sulfosalicilna-1-3.png","width":940,"height":788},{"@type":"BreadcrumbList","@id":"https:\/\/medicpro.hr\/veleprodaja\/proizvod\/kiselina-5-sulfosalicilna-20-otopina-100-ml\/#breadcrumb","itemListElement":[{"@type":"ListItem","position":1,"name":"Po\u010detna stranica","item":"https:\/\/medicpro.hr\/veleprodaja\/"},{"@type":"ListItem","position":2,"name":"Veleprodaja","item":"https:\/\/medicpro.hr\/veleprodaja\/trgovina\/"},{"@type":"ListItem","position":3,"name":"KISELINA 5 &#8211; SULFOSALICILNA 20% OTOPINA 100 ml"}]},{"@type":"WebSite","@id":"https:\/\/medicpro.hr\/veleprodaja\/#website","url":"https:\/\/medicpro.hr\/veleprodaja\/","name":"Medicpro.hr","description":"Medicinski potro\u0161ni materijal i oprema","publisher":{"@id":"https:\/\/medicpro.hr\/veleprodaja\/#organization"},"potentialAction":[{"@type":"SearchAction","target":{"@type":"EntryPoint","urlTemplate":"https:\/\/medicpro.hr\/veleprodaja\/?s={search_term_string}"},"query-input":{"@type":"PropertyValueSpecification","valueRequired":true,"valueName":"search_term_string"}}],"inLanguage":"hr"},{"@type":"Organization","@id":"https:\/\/medicpro.hr\/veleprodaja\/#organization","name":"Medicpro d.o.o.","url":"https:\/\/medicpro.hr\/veleprodaja\/","logo":{"@type":"ImageObject","inLanguage":"hr","@id":"https:\/\/medicpro.hr\/veleprodaja\/#\/schema\/logo\/image\/","url":"https:\/\/medicpro.hr\/veleprodaja\/wp-content\/uploads\/2025\/05\/medicpro_logo.svg","contentUrl":"https:\/\/medicpro.hr\/veleprodaja\/wp-content\/uploads\/2025\/05\/medicpro_logo.svg","width":226,"height":42,"caption":"Medicpro d.o.o."},"image":{"@id":"https:\/\/medicpro.hr\/veleprodaja\/#\/schema\/logo\/image\/"}}]}},"_links":{"self":[{"href":"https:\/\/medicpro.hr\/veleprodaja\/wp-json\/wp\/v2\/product\/62547","targetHints":{"allow":["GET"]}}],"collection":[{"href":"https:\/\/medicpro.hr\/veleprodaja\/wp-json\/wp\/v2\/product"}],"about":[{"href":"https:\/\/medicpro.hr\/veleprodaja\/wp-json\/wp\/v2\/types\/product"}],"replies":[{"embeddable":true,"href":"https:\/\/medicpro.hr\/veleprodaja\/wp-json\/wp\/v2\/comments?post=62547"}],"wp:featuredmedia":[{"embeddable":true,"href":"https:\/\/medicpro.hr\/veleprodaja\/wp-json\/wp\/v2\/media\/54584"}],"wp:attachment":[{"href":"https:\/\/medicpro.hr\/veleprodaja\/wp-json\/wp\/v2\/media?parent=62547"}],"wp:term":[{"taxonomy":"product_brand","embeddable":true,"href":"https:\/\/medicpro.hr\/veleprodaja\/wp-json\/wp\/v2\/product_brand?post=62547"},{"taxonomy":"product_cat","embeddable":true,"href":"https:\/\/medicpro.hr\/veleprodaja\/wp-json\/wp\/v2\/product_cat?post=62547"},{"taxonomy":"product_tag","embeddable":true,"href":"https:\/\/medicpro.hr\/veleprodaja\/wp-json\/wp\/v2\/product_tag?post=62547"}],"curies":[{"name":"wp","href":"https:\/\/api.w.org\/{rel}","templated":true}]}}