{"id":62492,"date":"2025-09-01T03:04:00","date_gmt":"2025-09-01T01:04:00","guid":{"rendered":"https:\/\/zdesmedicpro-velepro.kuhada.net\/?post_type=product&#038;p=62492"},"modified":"2026-02-25T11:07:25","modified_gmt":"2026-02-25T10:07:25","slug":"abugnost-mop-test-plocica-za-otkrivanje-opijata-heroina-morfina-kodeina-1x10","status":"publish","type":"product","link":"https:\/\/medicpro.hr\/veleprodaja\/proizvod\/abugnost-mop-test-plocica-za-otkrivanje-opijata-heroina-morfina-kodeina-1x10\/","title":{"rendered":"ABUGNOST MOP TEST PLO\u010cICA ZA OTKRIVANJE OPIJATA (HEROINA, MORFINA, KODEINA), 1&#215;10"},"content":{"rendered":"<ul>\n<li>Test plo\u010dica za otkrivanje opijata (heroina, morfina, kodeina) u urinu.<\/li>\n<li>Abugnost test plo\u010dica slu\u017ei za jednostavno i brzo otkrivanje glavnih metabolita te sastojaka <strong>opijata (morfin, heroin, kodein)<\/strong> pri koncentraciji od 300 ng\/ml.<\/li>\n<li>Rezultati se mogu o\u010ditati ve\u0107 nakon 5 minuta.<\/li>\n<li>Uz test dolaze upute za upotrebu.<\/li>\n<li>U pakiranju se nalazi 10 testova.<\/li>\n<li>Cijena se odnosi na pakiranje od 10 testova.<\/li>\n<\/ul>\n<p>&nbsp;<\/p>\n","protected":false},"excerpt":{"rendered":"<p>Test plo\u010dica za otkrivanje opijata (heroina, morfina, kodeina) u urinu. Abugnost test plo\u010dica slu\u017ei za jednostavno i brzo otkrivanje glavnih<\/p>\n","protected":false},"featured_media":54501,"comment_status":"closed","ping_status":"closed","template":"","meta":[],"product_brand":[],"product_cat":[702,703],"product_tag":[],"class_list":{"0":"post-62492","1":"product","2":"type-product","3":"status-publish","4":"has-post-thumbnail","6":"product_cat-dijagnostika","7":"product_cat-trake-i-sredstva-za-dijagnostiku","9":"first","10":"onbackorder","11":"taxable","12":"shipping-taxable","13":"purchasable","14":"product-type-simple"},"acf":[],"yoast_head":"<!-- This site is optimized with the Yoast SEO plugin v27.3 - https:\/\/yoast.com\/product\/yoast-seo-wordpress\/ -->\n<title>ABUGNOST MOP TEST PLO\u010cICA ZA OTKRIVANJE OPIJATA (HEROINA, MORFINA, KODEINA), 1x10 - Medicpro<\/title>\n<meta name=\"robots\" content=\"index, follow, max-snippet:-1, max-image-preview:large, max-video-preview:-1\" \/>\n<link rel=\"canonical\" href=\"https:\/\/medicpro.hr\/veleprodaja\/proizvod\/abugnost-mop-test-plocica-za-otkrivanje-opijata-heroina-morfina-kodeina-1x10\/\" \/>\n<meta property=\"og:locale\" content=\"hr_HR\" \/>\n<meta property=\"og:type\" content=\"article\" \/>\n<meta property=\"og:title\" content=\"ABUGNOST MOP TEST PLO\u010cICA ZA OTKRIVANJE OPIJATA (HEROINA, MORFINA, KODEINA), 1x10 - Medicpro\" \/>\n<meta property=\"og:description\" content=\"Test plo\u010dica za otkrivanje opijata (heroina, morfina, kodeina) u urinu. Abugnost test plo\u010dica slu\u017ei za jednostavno i brzo otkrivanje glavnih\" \/>\n<meta property=\"og:url\" content=\"https:\/\/medicpro.hr\/veleprodaja\/proizvod\/abugnost-mop-test-plocica-za-otkrivanje-opijata-heroina-morfina-kodeina-1x10\/\" \/>\n<meta property=\"og:site_name\" content=\"Medicpro\" \/>\n<meta property=\"article:modified_time\" content=\"2026-02-25T10:07:25+00:00\" \/>\n<meta property=\"og:image\" content=\"https:\/\/medicpro.hr\/veleprodaja\/wp-content\/uploads\/2025\/06\/AbuGnost_MOP-1-1.jpg\" \/>\n\t<meta property=\"og:image:width\" content=\"1600\" \/>\n\t<meta property=\"og:image:height\" content=\"1067\" \/>\n\t<meta property=\"og:image:type\" content=\"image\/jpeg\" \/>\n<meta name=\"twitter:card\" content=\"summary_large_image\" \/>\n<script type=\"application\/ld+json\" class=\"yoast-schema-graph\">{\"@context\":\"https:\\\/\\\/schema.org\",\"@graph\":[{\"@type\":\"WebPage\",\"@id\":\"https:\\\/\\\/medicpro.hr\\\/veleprodaja\\\/proizvod\\\/abugnost-mop-test-plocica-za-otkrivanje-opijata-heroina-morfina-kodeina-1x10\\\/\",\"url\":\"https:\\\/\\\/medicpro.hr\\\/veleprodaja\\\/proizvod\\\/abugnost-mop-test-plocica-za-otkrivanje-opijata-heroina-morfina-kodeina-1x10\\\/\",\"name\":\"ABUGNOST MOP TEST PLO\u010cICA ZA OTKRIVANJE OPIJATA (HEROINA, MORFINA, KODEINA), 1x10 - Medicpro\",\"isPartOf\":{\"@id\":\"https:\\\/\\\/medicpro.hr\\\/veleprodaja\\\/#website\"},\"primaryImageOfPage\":{\"@id\":\"https:\\\/\\\/medicpro.hr\\\/veleprodaja\\\/proizvod\\\/abugnost-mop-test-plocica-za-otkrivanje-opijata-heroina-morfina-kodeina-1x10\\\/#primaryimage\"},\"image\":{\"@id\":\"https:\\\/\\\/medicpro.hr\\\/veleprodaja\\\/proizvod\\\/abugnost-mop-test-plocica-za-otkrivanje-opijata-heroina-morfina-kodeina-1x10\\\/#primaryimage\"},\"thumbnailUrl\":\"https:\\\/\\\/medicpro.hr\\\/veleprodaja\\\/wp-content\\\/uploads\\\/2025\\\/06\\\/AbuGnost_MOP-1-1.jpg\",\"datePublished\":\"2025-09-01T01:04:00+00:00\",\"dateModified\":\"2026-02-25T10:07:25+00:00\",\"breadcrumb\":{\"@id\":\"https:\\\/\\\/medicpro.hr\\\/veleprodaja\\\/proizvod\\\/abugnost-mop-test-plocica-za-otkrivanje-opijata-heroina-morfina-kodeina-1x10\\\/#breadcrumb\"},\"inLanguage\":\"hr\",\"potentialAction\":[{\"@type\":\"ReadAction\",\"target\":[\"https:\\\/\\\/medicpro.hr\\\/veleprodaja\\\/proizvod\\\/abugnost-mop-test-plocica-za-otkrivanje-opijata-heroina-morfina-kodeina-1x10\\\/\"]}]},{\"@type\":\"ImageObject\",\"inLanguage\":\"hr\",\"@id\":\"https:\\\/\\\/medicpro.hr\\\/veleprodaja\\\/proizvod\\\/abugnost-mop-test-plocica-za-otkrivanje-opijata-heroina-morfina-kodeina-1x10\\\/#primaryimage\",\"url\":\"https:\\\/\\\/medicpro.hr\\\/veleprodaja\\\/wp-content\\\/uploads\\\/2025\\\/06\\\/AbuGnost_MOP-1-1.jpg\",\"contentUrl\":\"https:\\\/\\\/medicpro.hr\\\/veleprodaja\\\/wp-content\\\/uploads\\\/2025\\\/06\\\/AbuGnost_MOP-1-1.jpg\",\"width\":1600,\"height\":1067},{\"@type\":\"BreadcrumbList\",\"@id\":\"https:\\\/\\\/medicpro.hr\\\/veleprodaja\\\/proizvod\\\/abugnost-mop-test-plocica-za-otkrivanje-opijata-heroina-morfina-kodeina-1x10\\\/#breadcrumb\",\"itemListElement\":[{\"@type\":\"ListItem\",\"position\":1,\"name\":\"Po\u010detna stranica\",\"item\":\"https:\\\/\\\/medicpro.hr\\\/veleprodaja\\\/\"},{\"@type\":\"ListItem\",\"position\":2,\"name\":\"Veleprodaja\",\"item\":\"https:\\\/\\\/medicpro.hr\\\/veleprodaja\\\/trgovina\\\/\"},{\"@type\":\"ListItem\",\"position\":3,\"name\":\"ABUGNOST MOP TEST PLO\u010cICA ZA OTKRIVANJE OPIJATA (HEROINA, MORFINA, KODEINA), 1&#215;10\"}]},{\"@type\":\"WebSite\",\"@id\":\"https:\\\/\\\/medicpro.hr\\\/veleprodaja\\\/#website\",\"url\":\"https:\\\/\\\/medicpro.hr\\\/veleprodaja\\\/\",\"name\":\"Medicpro.hr\",\"description\":\"Medicinski potro\u0161ni materijal i oprema\",\"publisher\":{\"@id\":\"https:\\\/\\\/medicpro.hr\\\/veleprodaja\\\/#organization\"},\"potentialAction\":[{\"@type\":\"SearchAction\",\"target\":{\"@type\":\"EntryPoint\",\"urlTemplate\":\"https:\\\/\\\/medicpro.hr\\\/veleprodaja\\\/?s={search_term_string}\"},\"query-input\":{\"@type\":\"PropertyValueSpecification\",\"valueRequired\":true,\"valueName\":\"search_term_string\"}}],\"inLanguage\":\"hr\"},{\"@type\":\"Organization\",\"@id\":\"https:\\\/\\\/medicpro.hr\\\/veleprodaja\\\/#organization\",\"name\":\"Medicpro d.o.o.\",\"url\":\"https:\\\/\\\/medicpro.hr\\\/veleprodaja\\\/\",\"logo\":{\"@type\":\"ImageObject\",\"inLanguage\":\"hr\",\"@id\":\"https:\\\/\\\/medicpro.hr\\\/veleprodaja\\\/#\\\/schema\\\/logo\\\/image\\\/\",\"url\":\"https:\\\/\\\/medicpro.hr\\\/veleprodaja\\\/wp-content\\\/uploads\\\/2025\\\/05\\\/medicpro_logo.svg\",\"contentUrl\":\"https:\\\/\\\/medicpro.hr\\\/veleprodaja\\\/wp-content\\\/uploads\\\/2025\\\/05\\\/medicpro_logo.svg\",\"width\":226,\"height\":42,\"caption\":\"Medicpro d.o.o.\"},\"image\":{\"@id\":\"https:\\\/\\\/medicpro.hr\\\/veleprodaja\\\/#\\\/schema\\\/logo\\\/image\\\/\"}}]}<\/script>\n<!-- \/ Yoast SEO plugin. -->","yoast_head_json":{"title":"ABUGNOST MOP TEST PLO\u010cICA ZA OTKRIVANJE OPIJATA (HEROINA, MORFINA, KODEINA), 1x10 - Medicpro","robots":{"index":"index","follow":"follow","max-snippet":"max-snippet:-1","max-image-preview":"max-image-preview:large","max-video-preview":"max-video-preview:-1"},"canonical":"https:\/\/medicpro.hr\/veleprodaja\/proizvod\/abugnost-mop-test-plocica-za-otkrivanje-opijata-heroina-morfina-kodeina-1x10\/","og_locale":"hr_HR","og_type":"article","og_title":"ABUGNOST MOP TEST PLO\u010cICA ZA OTKRIVANJE OPIJATA (HEROINA, MORFINA, KODEINA), 1x10 - Medicpro","og_description":"Test plo\u010dica za otkrivanje opijata (heroina, morfina, kodeina) u urinu. Abugnost test plo\u010dica slu\u017ei za jednostavno i brzo otkrivanje glavnih","og_url":"https:\/\/medicpro.hr\/veleprodaja\/proizvod\/abugnost-mop-test-plocica-za-otkrivanje-opijata-heroina-morfina-kodeina-1x10\/","og_site_name":"Medicpro","article_modified_time":"2026-02-25T10:07:25+00:00","og_image":[{"width":1600,"height":1067,"url":"https:\/\/medicpro.hr\/veleprodaja\/wp-content\/uploads\/2025\/06\/AbuGnost_MOP-1-1.jpg","type":"image\/jpeg"}],"twitter_card":"summary_large_image","schema":{"@context":"https:\/\/schema.org","@graph":[{"@type":"WebPage","@id":"https:\/\/medicpro.hr\/veleprodaja\/proizvod\/abugnost-mop-test-plocica-za-otkrivanje-opijata-heroina-morfina-kodeina-1x10\/","url":"https:\/\/medicpro.hr\/veleprodaja\/proizvod\/abugnost-mop-test-plocica-za-otkrivanje-opijata-heroina-morfina-kodeina-1x10\/","name":"ABUGNOST MOP TEST PLO\u010cICA ZA OTKRIVANJE OPIJATA (HEROINA, MORFINA, KODEINA), 1x10 - Medicpro","isPartOf":{"@id":"https:\/\/medicpro.hr\/veleprodaja\/#website"},"primaryImageOfPage":{"@id":"https:\/\/medicpro.hr\/veleprodaja\/proizvod\/abugnost-mop-test-plocica-za-otkrivanje-opijata-heroina-morfina-kodeina-1x10\/#primaryimage"},"image":{"@id":"https:\/\/medicpro.hr\/veleprodaja\/proizvod\/abugnost-mop-test-plocica-za-otkrivanje-opijata-heroina-morfina-kodeina-1x10\/#primaryimage"},"thumbnailUrl":"https:\/\/medicpro.hr\/veleprodaja\/wp-content\/uploads\/2025\/06\/AbuGnost_MOP-1-1.jpg","datePublished":"2025-09-01T01:04:00+00:00","dateModified":"2026-02-25T10:07:25+00:00","breadcrumb":{"@id":"https:\/\/medicpro.hr\/veleprodaja\/proizvod\/abugnost-mop-test-plocica-za-otkrivanje-opijata-heroina-morfina-kodeina-1x10\/#breadcrumb"},"inLanguage":"hr","potentialAction":[{"@type":"ReadAction","target":["https:\/\/medicpro.hr\/veleprodaja\/proizvod\/abugnost-mop-test-plocica-za-otkrivanje-opijata-heroina-morfina-kodeina-1x10\/"]}]},{"@type":"ImageObject","inLanguage":"hr","@id":"https:\/\/medicpro.hr\/veleprodaja\/proizvod\/abugnost-mop-test-plocica-za-otkrivanje-opijata-heroina-morfina-kodeina-1x10\/#primaryimage","url":"https:\/\/medicpro.hr\/veleprodaja\/wp-content\/uploads\/2025\/06\/AbuGnost_MOP-1-1.jpg","contentUrl":"https:\/\/medicpro.hr\/veleprodaja\/wp-content\/uploads\/2025\/06\/AbuGnost_MOP-1-1.jpg","width":1600,"height":1067},{"@type":"BreadcrumbList","@id":"https:\/\/medicpro.hr\/veleprodaja\/proizvod\/abugnost-mop-test-plocica-za-otkrivanje-opijata-heroina-morfina-kodeina-1x10\/#breadcrumb","itemListElement":[{"@type":"ListItem","position":1,"name":"Po\u010detna stranica","item":"https:\/\/medicpro.hr\/veleprodaja\/"},{"@type":"ListItem","position":2,"name":"Veleprodaja","item":"https:\/\/medicpro.hr\/veleprodaja\/trgovina\/"},{"@type":"ListItem","position":3,"name":"ABUGNOST MOP TEST PLO\u010cICA ZA OTKRIVANJE OPIJATA (HEROINA, MORFINA, KODEINA), 1&#215;10"}]},{"@type":"WebSite","@id":"https:\/\/medicpro.hr\/veleprodaja\/#website","url":"https:\/\/medicpro.hr\/veleprodaja\/","name":"Medicpro.hr","description":"Medicinski potro\u0161ni materijal i oprema","publisher":{"@id":"https:\/\/medicpro.hr\/veleprodaja\/#organization"},"potentialAction":[{"@type":"SearchAction","target":{"@type":"EntryPoint","urlTemplate":"https:\/\/medicpro.hr\/veleprodaja\/?s={search_term_string}"},"query-input":{"@type":"PropertyValueSpecification","valueRequired":true,"valueName":"search_term_string"}}],"inLanguage":"hr"},{"@type":"Organization","@id":"https:\/\/medicpro.hr\/veleprodaja\/#organization","name":"Medicpro d.o.o.","url":"https:\/\/medicpro.hr\/veleprodaja\/","logo":{"@type":"ImageObject","inLanguage":"hr","@id":"https:\/\/medicpro.hr\/veleprodaja\/#\/schema\/logo\/image\/","url":"https:\/\/medicpro.hr\/veleprodaja\/wp-content\/uploads\/2025\/05\/medicpro_logo.svg","contentUrl":"https:\/\/medicpro.hr\/veleprodaja\/wp-content\/uploads\/2025\/05\/medicpro_logo.svg","width":226,"height":42,"caption":"Medicpro d.o.o."},"image":{"@id":"https:\/\/medicpro.hr\/veleprodaja\/#\/schema\/logo\/image\/"}}]}},"_links":{"self":[{"href":"https:\/\/medicpro.hr\/veleprodaja\/wp-json\/wp\/v2\/product\/62492","targetHints":{"allow":["GET"]}}],"collection":[{"href":"https:\/\/medicpro.hr\/veleprodaja\/wp-json\/wp\/v2\/product"}],"about":[{"href":"https:\/\/medicpro.hr\/veleprodaja\/wp-json\/wp\/v2\/types\/product"}],"replies":[{"embeddable":true,"href":"https:\/\/medicpro.hr\/veleprodaja\/wp-json\/wp\/v2\/comments?post=62492"}],"wp:featuredmedia":[{"embeddable":true,"href":"https:\/\/medicpro.hr\/veleprodaja\/wp-json\/wp\/v2\/media\/54501"}],"wp:attachment":[{"href":"https:\/\/medicpro.hr\/veleprodaja\/wp-json\/wp\/v2\/media?parent=62492"}],"wp:term":[{"taxonomy":"product_brand","embeddable":true,"href":"https:\/\/medicpro.hr\/veleprodaja\/wp-json\/wp\/v2\/product_brand?post=62492"},{"taxonomy":"product_cat","embeddable":true,"href":"https:\/\/medicpro.hr\/veleprodaja\/wp-json\/wp\/v2\/product_cat?post=62492"},{"taxonomy":"product_tag","embeddable":true,"href":"https:\/\/medicpro.hr\/veleprodaja\/wp-json\/wp\/v2\/product_tag?post=62492"}],"curies":[{"name":"wp","href":"https:\/\/api.w.org\/{rel}","templated":true}]}}