{"id":62384,"date":"2025-09-01T03:03:47","date_gmt":"2025-09-01T01:03:47","guid":{"rendered":"https:\/\/zdesmedicpro-velepro.kuhada.net\/?post_type=product&#038;p=62384"},"modified":"2025-09-23T14:54:51","modified_gmt":"2025-09-23T12:54:51","slug":"simulator-za-kateterizaciju-basic-zenski","status":"publish","type":"product","link":"https:\/\/medicpro.hr\/veleprodaja\/proizvod\/simulator-za-kateterizaciju-basic-zenski\/","title":{"rendered":"SIMULATOR ZA KATETERIZACIJU BASIC, \u017dENSKI"},"content":{"rendered":"<p>Simulator kateterizacije Basic za \u017eene omogu\u0107ava <strong>realnu demonstraciju i uvje\u017ebavanje uvo\u0111enja katetera<\/strong> u mokra\u0107ni mjehur kod \u017eena.<\/p>\n<p>Genitalni umetak stavlja se u dr\u017ea\u010d i stoji na mjestu pomo\u0107u magneta. <strong>Materijal umetka je mekan i fleksibilan, a stidne usne su pomi\u010dne i mogu se ra\u0161iriti<\/strong>. Na ovaj na\u010din je mogu\u0107e uvje\u017ebati sve potrebne radnje prilikom postupka kateterizacije. <strong>Materijal daje realan osje\u0107aj prilikom umetanja i va\u0111enja katetera u i iz mjehura, s realnim otporom i dubinom umetanja<\/strong>.<\/p>\n<p>Kada je kateter ispravno postavljen, teku\u0107ina istje\u010de kao kod pravog pacijenta. Uspje\u0161nost postavljanja se mo\u017ee provjeriti kroz prozirni mjehur u bilo kojem trenutku.<\/p>\n<p><strong>Prednosti<\/strong>:<\/p>\n<ul>\n<li>kateterizacija s realnim otporom,<\/li>\n<li>mekan i fleksibilan materijal umetaka,<\/li>\n<li>meke i pokretljive stidne usne,<\/li>\n<li>istjecanje teku\u0107ine iz mjehura ako je kateterizacija uspje\u0161no provedena,<\/li>\n<li>prozirni mjehur,<\/li>\n<li>neklizaju\u0107e nogice zahvaljuju\u0107i kojima simulator sigurno stoji na stolu,<\/li>\n<li>magnetski konektori koji omogu\u0107avaju brzo postavljanje i rastavljanje,<\/li>\n<li>lako se \u010disti, a umetci se mogu potpuno ukloniti.<\/li>\n<\/ul>\n<p><strong>Sadr\u017eaj pakiranja<\/strong>:<\/p>\n<ul>\n<li>stalak s magnetskim priklju\u010dcima za genitalne umetke,<\/li>\n<li>set za kateterizaciju s prozirnim mjehurom,<\/li>\n<li>priklju\u010dci za boce i cijevi.<\/li>\n<\/ul>\n<p><strong>Za kateterizaciju se preporu\u010da kori\u0161tenje katetera sa samo jednom ili dvije drena\u017ene u\u0161ice. Mogu se koristiti i silikonski i PVC kateteri. Preporu\u010duju se sljede\u0107i kateteri<\/strong>:<\/p>\n<ul>\n<li>otvoreno su\u017eenje uretre: Foley kateter vel. CH16 ili CH14;<\/li>\n<li>djelomi\u010dno su\u017eenje uretre: Foley kateter vel. CH14 ili CH12<\/li>\n<\/ul>\n<p><strong>Oprez:<\/strong> ne smiju se koristiti kateteri sa zakrivljenim vrhom.<\/p>\n<p><strong>Preporuka:<\/strong> Prema smjernicama za ispravnu kateterizaciju, \u010dak i tijekom simulacije, potrebno je staviti gel za podmazivanje (nije uklju\u010den u set) u uretru kako bi se osiguralo da se kateter mo\u017ee glatko umetnuti. Alternativno, malo gela za podmazivanje mo\u017ee se staviti na vrh katetera.<\/p>\n<p>Mogu\u0107e je kupiti i <a href=\"https:\/\/medicpro.hr\/veleprodaja\/proizvod\/simulator-za-kateterizaciju-basic-muski\/\">mu\u0161ki simulator kateterizacije<\/a>, kao i<a href=\"https:\/\/medicpro.hr\/veleprodaja\/proizvod\/set-simulatora-za-kateterizaciju-basic-muski-i-zenski\/\"> set u kojem se nalaze i \u017eenski i mu\u0161ki simulator<\/a>.<\/p>\n<p><strong>Proizvedeno u Njema\u010dkoj.<\/strong><\/p>\n","protected":false},"excerpt":{"rendered":"<p>Simulator kateterizacije Basic za \u017eene omogu\u0107ava realnu demonstraciju i uvje\u017ebavanje uvo\u0111enja katetera u mokra\u0107ni mjehur kod \u017eena. Genitalni umetak stavlja<\/p>\n","protected":false},"featured_media":54239,"comment_status":"closed","ping_status":"closed","template":"","meta":[],"product_brand":[],"product_cat":[776,959],"product_tag":[],"class_list":{"0":"post-62384","1":"product","2":"type-product","3":"status-publish","4":"has-post-thumbnail","6":"product_cat-anatomski-modeli-i-simulatori","7":"product_cat-humana-medicina","9":"first","10":"onbackorder","11":"taxable","12":"shipping-taxable","13":"purchasable","14":"product-type-simple"},"acf":[],"yoast_head":"<!-- This site is optimized with the Yoast SEO plugin v27.3 - https:\/\/yoast.com\/product\/yoast-seo-wordpress\/ -->\n<title>SIMULATOR ZA KATETERIZACIJU BASIC, \u017dENSKI - Medicpro<\/title>\n<meta name=\"robots\" content=\"index, follow, max-snippet:-1, max-image-preview:large, max-video-preview:-1\" \/>\n<link rel=\"canonical\" href=\"https:\/\/medicpro.hr\/veleprodaja\/proizvod\/simulator-za-kateterizaciju-basic-zenski\/\" \/>\n<meta property=\"og:locale\" content=\"hr_HR\" \/>\n<meta property=\"og:type\" content=\"article\" \/>\n<meta property=\"og:title\" content=\"SIMULATOR ZA KATETERIZACIJU BASIC, \u017dENSKI - Medicpro\" \/>\n<meta property=\"og:description\" content=\"Simulator kateterizacije Basic za \u017eene omogu\u0107ava realnu demonstraciju i uvje\u017ebavanje uvo\u0111enja katetera u mokra\u0107ni mjehur kod \u017eena. Genitalni umetak stavlja\" \/>\n<meta property=\"og:url\" content=\"https:\/\/medicpro.hr\/veleprodaja\/proizvod\/simulator-za-kateterizaciju-basic-zenski\/\" \/>\n<meta property=\"og:site_name\" content=\"Medicpro\" \/>\n<meta property=\"article:modified_time\" content=\"2025-09-23T12:54:51+00:00\" \/>\n<meta property=\"og:image\" content=\"https:\/\/medicpro.hr\/veleprodaja\/wp-content\/uploads\/2025\/06\/simulator-za-kateterizaciju-basic-zenski-1.jpg\" \/>\n\t<meta property=\"og:image:width\" content=\"1200\" \/>\n\t<meta property=\"og:image:height\" content=\"1200\" \/>\n\t<meta property=\"og:image:type\" content=\"image\/jpeg\" \/>\n<meta name=\"twitter:card\" content=\"summary_large_image\" \/>\n<meta name=\"twitter:label1\" content=\"Procijenjeno vrijeme \u010ditanja\" \/>\n\t<meta name=\"twitter:data1\" content=\"2 minute\" \/>\n<script type=\"application\/ld+json\" class=\"yoast-schema-graph\">{\"@context\":\"https:\\\/\\\/schema.org\",\"@graph\":[{\"@type\":\"WebPage\",\"@id\":\"https:\\\/\\\/medicpro.hr\\\/veleprodaja\\\/proizvod\\\/simulator-za-kateterizaciju-basic-zenski\\\/\",\"url\":\"https:\\\/\\\/medicpro.hr\\\/veleprodaja\\\/proizvod\\\/simulator-za-kateterizaciju-basic-zenski\\\/\",\"name\":\"SIMULATOR ZA KATETERIZACIJU BASIC, \u017dENSKI - Medicpro\",\"isPartOf\":{\"@id\":\"https:\\\/\\\/medicpro.hr\\\/veleprodaja\\\/#website\"},\"primaryImageOfPage\":{\"@id\":\"https:\\\/\\\/medicpro.hr\\\/veleprodaja\\\/proizvod\\\/simulator-za-kateterizaciju-basic-zenski\\\/#primaryimage\"},\"image\":{\"@id\":\"https:\\\/\\\/medicpro.hr\\\/veleprodaja\\\/proizvod\\\/simulator-za-kateterizaciju-basic-zenski\\\/#primaryimage\"},\"thumbnailUrl\":\"https:\\\/\\\/medicpro.hr\\\/veleprodaja\\\/wp-content\\\/uploads\\\/2025\\\/06\\\/simulator-za-kateterizaciju-basic-zenski-1.jpg\",\"datePublished\":\"2025-09-01T01:03:47+00:00\",\"dateModified\":\"2025-09-23T12:54:51+00:00\",\"breadcrumb\":{\"@id\":\"https:\\\/\\\/medicpro.hr\\\/veleprodaja\\\/proizvod\\\/simulator-za-kateterizaciju-basic-zenski\\\/#breadcrumb\"},\"inLanguage\":\"hr\",\"potentialAction\":[{\"@type\":\"ReadAction\",\"target\":[\"https:\\\/\\\/medicpro.hr\\\/veleprodaja\\\/proizvod\\\/simulator-za-kateterizaciju-basic-zenski\\\/\"]}]},{\"@type\":\"ImageObject\",\"inLanguage\":\"hr\",\"@id\":\"https:\\\/\\\/medicpro.hr\\\/veleprodaja\\\/proizvod\\\/simulator-za-kateterizaciju-basic-zenski\\\/#primaryimage\",\"url\":\"https:\\\/\\\/medicpro.hr\\\/veleprodaja\\\/wp-content\\\/uploads\\\/2025\\\/06\\\/simulator-za-kateterizaciju-basic-zenski-1.jpg\",\"contentUrl\":\"https:\\\/\\\/medicpro.hr\\\/veleprodaja\\\/wp-content\\\/uploads\\\/2025\\\/06\\\/simulator-za-kateterizaciju-basic-zenski-1.jpg\",\"width\":1200,\"height\":1200},{\"@type\":\"BreadcrumbList\",\"@id\":\"https:\\\/\\\/medicpro.hr\\\/veleprodaja\\\/proizvod\\\/simulator-za-kateterizaciju-basic-zenski\\\/#breadcrumb\",\"itemListElement\":[{\"@type\":\"ListItem\",\"position\":1,\"name\":\"Po\u010detna stranica\",\"item\":\"https:\\\/\\\/medicpro.hr\\\/veleprodaja\\\/\"},{\"@type\":\"ListItem\",\"position\":2,\"name\":\"Veleprodaja\",\"item\":\"https:\\\/\\\/medicpro.hr\\\/veleprodaja\\\/trgovina\\\/\"},{\"@type\":\"ListItem\",\"position\":3,\"name\":\"SIMULATOR ZA KATETERIZACIJU BASIC, \u017dENSKI\"}]},{\"@type\":\"WebSite\",\"@id\":\"https:\\\/\\\/medicpro.hr\\\/veleprodaja\\\/#website\",\"url\":\"https:\\\/\\\/medicpro.hr\\\/veleprodaja\\\/\",\"name\":\"Medicpro.hr\",\"description\":\"Medicinski potro\u0161ni materijal i oprema\",\"publisher\":{\"@id\":\"https:\\\/\\\/medicpro.hr\\\/veleprodaja\\\/#organization\"},\"potentialAction\":[{\"@type\":\"SearchAction\",\"target\":{\"@type\":\"EntryPoint\",\"urlTemplate\":\"https:\\\/\\\/medicpro.hr\\\/veleprodaja\\\/?s={search_term_string}\"},\"query-input\":{\"@type\":\"PropertyValueSpecification\",\"valueRequired\":true,\"valueName\":\"search_term_string\"}}],\"inLanguage\":\"hr\"},{\"@type\":\"Organization\",\"@id\":\"https:\\\/\\\/medicpro.hr\\\/veleprodaja\\\/#organization\",\"name\":\"Medicpro d.o.o.\",\"url\":\"https:\\\/\\\/medicpro.hr\\\/veleprodaja\\\/\",\"logo\":{\"@type\":\"ImageObject\",\"inLanguage\":\"hr\",\"@id\":\"https:\\\/\\\/medicpro.hr\\\/veleprodaja\\\/#\\\/schema\\\/logo\\\/image\\\/\",\"url\":\"https:\\\/\\\/medicpro.hr\\\/veleprodaja\\\/wp-content\\\/uploads\\\/2025\\\/05\\\/medicpro_logo.svg\",\"contentUrl\":\"https:\\\/\\\/medicpro.hr\\\/veleprodaja\\\/wp-content\\\/uploads\\\/2025\\\/05\\\/medicpro_logo.svg\",\"width\":226,\"height\":42,\"caption\":\"Medicpro d.o.o.\"},\"image\":{\"@id\":\"https:\\\/\\\/medicpro.hr\\\/veleprodaja\\\/#\\\/schema\\\/logo\\\/image\\\/\"}}]}<\/script>\n<!-- \/ Yoast SEO plugin. -->","yoast_head_json":{"title":"SIMULATOR ZA KATETERIZACIJU BASIC, \u017dENSKI - Medicpro","robots":{"index":"index","follow":"follow","max-snippet":"max-snippet:-1","max-image-preview":"max-image-preview:large","max-video-preview":"max-video-preview:-1"},"canonical":"https:\/\/medicpro.hr\/veleprodaja\/proizvod\/simulator-za-kateterizaciju-basic-zenski\/","og_locale":"hr_HR","og_type":"article","og_title":"SIMULATOR ZA KATETERIZACIJU BASIC, \u017dENSKI - Medicpro","og_description":"Simulator kateterizacije Basic za \u017eene omogu\u0107ava realnu demonstraciju i uvje\u017ebavanje uvo\u0111enja katetera u mokra\u0107ni mjehur kod \u017eena. Genitalni umetak stavlja","og_url":"https:\/\/medicpro.hr\/veleprodaja\/proizvod\/simulator-za-kateterizaciju-basic-zenski\/","og_site_name":"Medicpro","article_modified_time":"2025-09-23T12:54:51+00:00","og_image":[{"width":1200,"height":1200,"url":"https:\/\/medicpro.hr\/veleprodaja\/wp-content\/uploads\/2025\/06\/simulator-za-kateterizaciju-basic-zenski-1.jpg","type":"image\/jpeg"}],"twitter_card":"summary_large_image","twitter_misc":{"Procijenjeno vrijeme \u010ditanja":"2 minute"},"schema":{"@context":"https:\/\/schema.org","@graph":[{"@type":"WebPage","@id":"https:\/\/medicpro.hr\/veleprodaja\/proizvod\/simulator-za-kateterizaciju-basic-zenski\/","url":"https:\/\/medicpro.hr\/veleprodaja\/proizvod\/simulator-za-kateterizaciju-basic-zenski\/","name":"SIMULATOR ZA KATETERIZACIJU BASIC, \u017dENSKI - Medicpro","isPartOf":{"@id":"https:\/\/medicpro.hr\/veleprodaja\/#website"},"primaryImageOfPage":{"@id":"https:\/\/medicpro.hr\/veleprodaja\/proizvod\/simulator-za-kateterizaciju-basic-zenski\/#primaryimage"},"image":{"@id":"https:\/\/medicpro.hr\/veleprodaja\/proizvod\/simulator-za-kateterizaciju-basic-zenski\/#primaryimage"},"thumbnailUrl":"https:\/\/medicpro.hr\/veleprodaja\/wp-content\/uploads\/2025\/06\/simulator-za-kateterizaciju-basic-zenski-1.jpg","datePublished":"2025-09-01T01:03:47+00:00","dateModified":"2025-09-23T12:54:51+00:00","breadcrumb":{"@id":"https:\/\/medicpro.hr\/veleprodaja\/proizvod\/simulator-za-kateterizaciju-basic-zenski\/#breadcrumb"},"inLanguage":"hr","potentialAction":[{"@type":"ReadAction","target":["https:\/\/medicpro.hr\/veleprodaja\/proizvod\/simulator-za-kateterizaciju-basic-zenski\/"]}]},{"@type":"ImageObject","inLanguage":"hr","@id":"https:\/\/medicpro.hr\/veleprodaja\/proizvod\/simulator-za-kateterizaciju-basic-zenski\/#primaryimage","url":"https:\/\/medicpro.hr\/veleprodaja\/wp-content\/uploads\/2025\/06\/simulator-za-kateterizaciju-basic-zenski-1.jpg","contentUrl":"https:\/\/medicpro.hr\/veleprodaja\/wp-content\/uploads\/2025\/06\/simulator-za-kateterizaciju-basic-zenski-1.jpg","width":1200,"height":1200},{"@type":"BreadcrumbList","@id":"https:\/\/medicpro.hr\/veleprodaja\/proizvod\/simulator-za-kateterizaciju-basic-zenski\/#breadcrumb","itemListElement":[{"@type":"ListItem","position":1,"name":"Po\u010detna stranica","item":"https:\/\/medicpro.hr\/veleprodaja\/"},{"@type":"ListItem","position":2,"name":"Veleprodaja","item":"https:\/\/medicpro.hr\/veleprodaja\/trgovina\/"},{"@type":"ListItem","position":3,"name":"SIMULATOR ZA KATETERIZACIJU BASIC, \u017dENSKI"}]},{"@type":"WebSite","@id":"https:\/\/medicpro.hr\/veleprodaja\/#website","url":"https:\/\/medicpro.hr\/veleprodaja\/","name":"Medicpro.hr","description":"Medicinski potro\u0161ni materijal i oprema","publisher":{"@id":"https:\/\/medicpro.hr\/veleprodaja\/#organization"},"potentialAction":[{"@type":"SearchAction","target":{"@type":"EntryPoint","urlTemplate":"https:\/\/medicpro.hr\/veleprodaja\/?s={search_term_string}"},"query-input":{"@type":"PropertyValueSpecification","valueRequired":true,"valueName":"search_term_string"}}],"inLanguage":"hr"},{"@type":"Organization","@id":"https:\/\/medicpro.hr\/veleprodaja\/#organization","name":"Medicpro d.o.o.","url":"https:\/\/medicpro.hr\/veleprodaja\/","logo":{"@type":"ImageObject","inLanguage":"hr","@id":"https:\/\/medicpro.hr\/veleprodaja\/#\/schema\/logo\/image\/","url":"https:\/\/medicpro.hr\/veleprodaja\/wp-content\/uploads\/2025\/05\/medicpro_logo.svg","contentUrl":"https:\/\/medicpro.hr\/veleprodaja\/wp-content\/uploads\/2025\/05\/medicpro_logo.svg","width":226,"height":42,"caption":"Medicpro d.o.o."},"image":{"@id":"https:\/\/medicpro.hr\/veleprodaja\/#\/schema\/logo\/image\/"}}]}},"_links":{"self":[{"href":"https:\/\/medicpro.hr\/veleprodaja\/wp-json\/wp\/v2\/product\/62384","targetHints":{"allow":["GET"]}}],"collection":[{"href":"https:\/\/medicpro.hr\/veleprodaja\/wp-json\/wp\/v2\/product"}],"about":[{"href":"https:\/\/medicpro.hr\/veleprodaja\/wp-json\/wp\/v2\/types\/product"}],"replies":[{"embeddable":true,"href":"https:\/\/medicpro.hr\/veleprodaja\/wp-json\/wp\/v2\/comments?post=62384"}],"wp:featuredmedia":[{"embeddable":true,"href":"https:\/\/medicpro.hr\/veleprodaja\/wp-json\/wp\/v2\/media\/54239"}],"wp:attachment":[{"href":"https:\/\/medicpro.hr\/veleprodaja\/wp-json\/wp\/v2\/media?parent=62384"}],"wp:term":[{"taxonomy":"product_brand","embeddable":true,"href":"https:\/\/medicpro.hr\/veleprodaja\/wp-json\/wp\/v2\/product_brand?post=62384"},{"taxonomy":"product_cat","embeddable":true,"href":"https:\/\/medicpro.hr\/veleprodaja\/wp-json\/wp\/v2\/product_cat?post=62384"},{"taxonomy":"product_tag","embeddable":true,"href":"https:\/\/medicpro.hr\/veleprodaja\/wp-json\/wp\/v2\/product_tag?post=62384"}],"curies":[{"name":"wp","href":"https:\/\/api.w.org\/{rel}","templated":true}]}}