{"id":62338,"date":"2025-09-01T03:03:37","date_gmt":"2025-09-01T01:03:37","guid":{"rendered":"https:\/\/zdesmedicpro-velepro.kuhada.net\/?post_type=product&#038;p=62338"},"modified":"2025-09-12T11:02:31","modified_gmt":"2025-09-12T09:02:31","slug":"set-instrumenata-kraniofor-zatezac-glave","status":"publish","type":"product","link":"https:\/\/medicpro.hr\/veleprodaja\/proizvod\/set-instrumenata-kraniofor-zatezac-glave\/","title":{"rendered":"SET INSTRUMENATA (kraniofor, zateza\u010d glave)"},"content":{"rendered":"<p>Ovaj set instrumenata sastoji se od sljede\u0107ih instrumenata:<\/p>\n<ul>\n<li><a href=\"https:\/\/medicpro.hr\/veleprodaja\/proizvod\/kraniofor-mollison\/\">Mollison kraniofor<\/a>;<\/li>\n<li><a href=\"https:\/\/medicpro.hr\/veleprodaja\/proizvod\/zatezac-glave-aurikularni-po-blacku\/\">Zateza\u010d glave aurikularni po Blacku<\/a>.<\/li>\n<\/ul>\n<p><strong>Mollison kraniofor je posebno prikladan za pode\u0161avanje lubanje u horizontalnoj vertikali<\/strong> (uho-oko). Ovaj instrument sastoji se od okomitih metalnih cijevi. Na gornjem kraju cijevi nalaze se popre\u010dne \u0161ipke koje se mogu pomicati gore-dolje i okretati oko osi okomite cijevi. Krajevi ovih \u0161ipki su trokutastog oblika. \u0160ipke koje su namijenjene slu\u0161nim kanalima imaju rubove usmjerene prema gore, dok je rub tre\u0107e \u0161ipke usmjeren prema dolje.<\/p>\n<p>Blackov mjera\u010d visine uha fiksiran je na kraniofor i daje trenutna o\u010ditanja na milimetarskoj skali.<\/p>\n<p><strong>Instrument je sklopiv, \u0161to olak\u0161ava transport.<\/strong><\/p>\n<p><strong>Proizvedeno u \u0160vicarskoj.<\/strong><\/p>\n<p><strong>Oprez<\/strong>: Za \u010di\u0161\u0107enje nije preporu\u010dljivo koristiti aceton ili sredstva za \u010di\u0161\u0107enje koja sadr\u017ee aceton.<\/p>\n","protected":false},"excerpt":{"rendered":"<p>Ovaj set instrumenata sastoji se od sljede\u0107ih instrumenata: Mollison kraniofor; Zateza\u010d glave aurikularni po Blacku. Mollison kraniofor je posebno prikladan<\/p>\n","protected":false},"featured_media":54159,"comment_status":"open","ping_status":"closed","template":"","meta":[],"product_brand":[],"product_cat":[702,717],"product_tag":[],"class_list":{"0":"post-62338","1":"product","2":"type-product","3":"status-publish","4":"has-post-thumbnail","6":"product_cat-dijagnostika","7":"product_cat-antropometrijski-instrumenti","9":"first","10":"onbackorder","11":"taxable","12":"shipping-taxable","13":"purchasable","14":"product-type-simple"},"acf":[],"yoast_head":"<!-- This site is optimized with the Yoast SEO plugin v27.3 - https:\/\/yoast.com\/product\/yoast-seo-wordpress\/ -->\n<title>SET INSTRUMENATA (kraniofor, zateza\u010d glave) - Medicpro<\/title>\n<meta name=\"robots\" content=\"index, follow, max-snippet:-1, max-image-preview:large, max-video-preview:-1\" \/>\n<link rel=\"canonical\" href=\"https:\/\/medicpro.hr\/veleprodaja\/proizvod\/set-instrumenata-kraniofor-zatezac-glave\/\" \/>\n<meta property=\"og:locale\" content=\"hr_HR\" \/>\n<meta property=\"og:type\" content=\"article\" \/>\n<meta property=\"og:title\" content=\"SET INSTRUMENATA (kraniofor, zateza\u010d glave) - Medicpro\" \/>\n<meta property=\"og:description\" content=\"Ovaj set instrumenata sastoji se od sljede\u0107ih instrumenata: Mollison kraniofor; Zateza\u010d glave aurikularni po Blacku. Mollison kraniofor je posebno prikladan\" \/>\n<meta property=\"og:url\" content=\"https:\/\/medicpro.hr\/veleprodaja\/proizvod\/set-instrumenata-kraniofor-zatezac-glave\/\" \/>\n<meta property=\"og:site_name\" content=\"Medicpro\" \/>\n<meta property=\"article:modified_time\" content=\"2025-09-12T09:02:31+00:00\" \/>\n<meta property=\"og:image\" content=\"https:\/\/medicpro.hr\/veleprodaja\/wp-content\/uploads\/2025\/06\/set-instrumenata-kraniofor-zatezac-glave-1.jpg\" \/>\n\t<meta property=\"og:image:width\" content=\"800\" \/>\n\t<meta property=\"og:image:height\" content=\"1040\" \/>\n\t<meta property=\"og:image:type\" content=\"image\/jpeg\" \/>\n<meta name=\"twitter:card\" content=\"summary_large_image\" \/>\n<meta name=\"twitter:label1\" content=\"Procijenjeno vrijeme \u010ditanja\" \/>\n\t<meta name=\"twitter:data1\" content=\"1 minuta\" \/>\n<script type=\"application\/ld+json\" class=\"yoast-schema-graph\">{\"@context\":\"https:\\\/\\\/schema.org\",\"@graph\":[{\"@type\":\"WebPage\",\"@id\":\"https:\\\/\\\/medicpro.hr\\\/veleprodaja\\\/proizvod\\\/set-instrumenata-kraniofor-zatezac-glave\\\/\",\"url\":\"https:\\\/\\\/medicpro.hr\\\/veleprodaja\\\/proizvod\\\/set-instrumenata-kraniofor-zatezac-glave\\\/\",\"name\":\"SET INSTRUMENATA (kraniofor, zateza\u010d glave) - Medicpro\",\"isPartOf\":{\"@id\":\"https:\\\/\\\/medicpro.hr\\\/veleprodaja\\\/#website\"},\"primaryImageOfPage\":{\"@id\":\"https:\\\/\\\/medicpro.hr\\\/veleprodaja\\\/proizvod\\\/set-instrumenata-kraniofor-zatezac-glave\\\/#primaryimage\"},\"image\":{\"@id\":\"https:\\\/\\\/medicpro.hr\\\/veleprodaja\\\/proizvod\\\/set-instrumenata-kraniofor-zatezac-glave\\\/#primaryimage\"},\"thumbnailUrl\":\"https:\\\/\\\/medicpro.hr\\\/veleprodaja\\\/wp-content\\\/uploads\\\/2025\\\/06\\\/set-instrumenata-kraniofor-zatezac-glave-1.jpg\",\"datePublished\":\"2025-09-01T01:03:37+00:00\",\"dateModified\":\"2025-09-12T09:02:31+00:00\",\"breadcrumb\":{\"@id\":\"https:\\\/\\\/medicpro.hr\\\/veleprodaja\\\/proizvod\\\/set-instrumenata-kraniofor-zatezac-glave\\\/#breadcrumb\"},\"inLanguage\":\"hr\",\"potentialAction\":[{\"@type\":\"ReadAction\",\"target\":[\"https:\\\/\\\/medicpro.hr\\\/veleprodaja\\\/proizvod\\\/set-instrumenata-kraniofor-zatezac-glave\\\/\"]}]},{\"@type\":\"ImageObject\",\"inLanguage\":\"hr\",\"@id\":\"https:\\\/\\\/medicpro.hr\\\/veleprodaja\\\/proizvod\\\/set-instrumenata-kraniofor-zatezac-glave\\\/#primaryimage\",\"url\":\"https:\\\/\\\/medicpro.hr\\\/veleprodaja\\\/wp-content\\\/uploads\\\/2025\\\/06\\\/set-instrumenata-kraniofor-zatezac-glave-1.jpg\",\"contentUrl\":\"https:\\\/\\\/medicpro.hr\\\/veleprodaja\\\/wp-content\\\/uploads\\\/2025\\\/06\\\/set-instrumenata-kraniofor-zatezac-glave-1.jpg\",\"width\":800,\"height\":1040},{\"@type\":\"BreadcrumbList\",\"@id\":\"https:\\\/\\\/medicpro.hr\\\/veleprodaja\\\/proizvod\\\/set-instrumenata-kraniofor-zatezac-glave\\\/#breadcrumb\",\"itemListElement\":[{\"@type\":\"ListItem\",\"position\":1,\"name\":\"Po\u010detna stranica\",\"item\":\"https:\\\/\\\/medicpro.hr\\\/veleprodaja\\\/\"},{\"@type\":\"ListItem\",\"position\":2,\"name\":\"Veleprodaja\",\"item\":\"https:\\\/\\\/medicpro.hr\\\/veleprodaja\\\/trgovina\\\/\"},{\"@type\":\"ListItem\",\"position\":3,\"name\":\"SET INSTRUMENATA (kraniofor, zateza\u010d glave)\"}]},{\"@type\":\"WebSite\",\"@id\":\"https:\\\/\\\/medicpro.hr\\\/veleprodaja\\\/#website\",\"url\":\"https:\\\/\\\/medicpro.hr\\\/veleprodaja\\\/\",\"name\":\"Medicpro.hr\",\"description\":\"Medicinski potro\u0161ni materijal i oprema\",\"publisher\":{\"@id\":\"https:\\\/\\\/medicpro.hr\\\/veleprodaja\\\/#organization\"},\"potentialAction\":[{\"@type\":\"SearchAction\",\"target\":{\"@type\":\"EntryPoint\",\"urlTemplate\":\"https:\\\/\\\/medicpro.hr\\\/veleprodaja\\\/?s={search_term_string}\"},\"query-input\":{\"@type\":\"PropertyValueSpecification\",\"valueRequired\":true,\"valueName\":\"search_term_string\"}}],\"inLanguage\":\"hr\"},{\"@type\":\"Organization\",\"@id\":\"https:\\\/\\\/medicpro.hr\\\/veleprodaja\\\/#organization\",\"name\":\"Medicpro d.o.o.\",\"url\":\"https:\\\/\\\/medicpro.hr\\\/veleprodaja\\\/\",\"logo\":{\"@type\":\"ImageObject\",\"inLanguage\":\"hr\",\"@id\":\"https:\\\/\\\/medicpro.hr\\\/veleprodaja\\\/#\\\/schema\\\/logo\\\/image\\\/\",\"url\":\"https:\\\/\\\/medicpro.hr\\\/veleprodaja\\\/wp-content\\\/uploads\\\/2025\\\/05\\\/medicpro_logo.svg\",\"contentUrl\":\"https:\\\/\\\/medicpro.hr\\\/veleprodaja\\\/wp-content\\\/uploads\\\/2025\\\/05\\\/medicpro_logo.svg\",\"width\":226,\"height\":42,\"caption\":\"Medicpro d.o.o.\"},\"image\":{\"@id\":\"https:\\\/\\\/medicpro.hr\\\/veleprodaja\\\/#\\\/schema\\\/logo\\\/image\\\/\"}}]}<\/script>\n<!-- \/ Yoast SEO plugin. -->","yoast_head_json":{"title":"SET INSTRUMENATA (kraniofor, zateza\u010d glave) - Medicpro","robots":{"index":"index","follow":"follow","max-snippet":"max-snippet:-1","max-image-preview":"max-image-preview:large","max-video-preview":"max-video-preview:-1"},"canonical":"https:\/\/medicpro.hr\/veleprodaja\/proizvod\/set-instrumenata-kraniofor-zatezac-glave\/","og_locale":"hr_HR","og_type":"article","og_title":"SET INSTRUMENATA (kraniofor, zateza\u010d glave) - Medicpro","og_description":"Ovaj set instrumenata sastoji se od sljede\u0107ih instrumenata: Mollison kraniofor; Zateza\u010d glave aurikularni po Blacku. Mollison kraniofor je posebno prikladan","og_url":"https:\/\/medicpro.hr\/veleprodaja\/proizvod\/set-instrumenata-kraniofor-zatezac-glave\/","og_site_name":"Medicpro","article_modified_time":"2025-09-12T09:02:31+00:00","og_image":[{"width":800,"height":1040,"url":"https:\/\/medicpro.hr\/veleprodaja\/wp-content\/uploads\/2025\/06\/set-instrumenata-kraniofor-zatezac-glave-1.jpg","type":"image\/jpeg"}],"twitter_card":"summary_large_image","twitter_misc":{"Procijenjeno vrijeme \u010ditanja":"1 minuta"},"schema":{"@context":"https:\/\/schema.org","@graph":[{"@type":"WebPage","@id":"https:\/\/medicpro.hr\/veleprodaja\/proizvod\/set-instrumenata-kraniofor-zatezac-glave\/","url":"https:\/\/medicpro.hr\/veleprodaja\/proizvod\/set-instrumenata-kraniofor-zatezac-glave\/","name":"SET INSTRUMENATA (kraniofor, zateza\u010d glave) - Medicpro","isPartOf":{"@id":"https:\/\/medicpro.hr\/veleprodaja\/#website"},"primaryImageOfPage":{"@id":"https:\/\/medicpro.hr\/veleprodaja\/proizvod\/set-instrumenata-kraniofor-zatezac-glave\/#primaryimage"},"image":{"@id":"https:\/\/medicpro.hr\/veleprodaja\/proizvod\/set-instrumenata-kraniofor-zatezac-glave\/#primaryimage"},"thumbnailUrl":"https:\/\/medicpro.hr\/veleprodaja\/wp-content\/uploads\/2025\/06\/set-instrumenata-kraniofor-zatezac-glave-1.jpg","datePublished":"2025-09-01T01:03:37+00:00","dateModified":"2025-09-12T09:02:31+00:00","breadcrumb":{"@id":"https:\/\/medicpro.hr\/veleprodaja\/proizvod\/set-instrumenata-kraniofor-zatezac-glave\/#breadcrumb"},"inLanguage":"hr","potentialAction":[{"@type":"ReadAction","target":["https:\/\/medicpro.hr\/veleprodaja\/proizvod\/set-instrumenata-kraniofor-zatezac-glave\/"]}]},{"@type":"ImageObject","inLanguage":"hr","@id":"https:\/\/medicpro.hr\/veleprodaja\/proizvod\/set-instrumenata-kraniofor-zatezac-glave\/#primaryimage","url":"https:\/\/medicpro.hr\/veleprodaja\/wp-content\/uploads\/2025\/06\/set-instrumenata-kraniofor-zatezac-glave-1.jpg","contentUrl":"https:\/\/medicpro.hr\/veleprodaja\/wp-content\/uploads\/2025\/06\/set-instrumenata-kraniofor-zatezac-glave-1.jpg","width":800,"height":1040},{"@type":"BreadcrumbList","@id":"https:\/\/medicpro.hr\/veleprodaja\/proizvod\/set-instrumenata-kraniofor-zatezac-glave\/#breadcrumb","itemListElement":[{"@type":"ListItem","position":1,"name":"Po\u010detna stranica","item":"https:\/\/medicpro.hr\/veleprodaja\/"},{"@type":"ListItem","position":2,"name":"Veleprodaja","item":"https:\/\/medicpro.hr\/veleprodaja\/trgovina\/"},{"@type":"ListItem","position":3,"name":"SET INSTRUMENATA (kraniofor, zateza\u010d glave)"}]},{"@type":"WebSite","@id":"https:\/\/medicpro.hr\/veleprodaja\/#website","url":"https:\/\/medicpro.hr\/veleprodaja\/","name":"Medicpro.hr","description":"Medicinski potro\u0161ni materijal i oprema","publisher":{"@id":"https:\/\/medicpro.hr\/veleprodaja\/#organization"},"potentialAction":[{"@type":"SearchAction","target":{"@type":"EntryPoint","urlTemplate":"https:\/\/medicpro.hr\/veleprodaja\/?s={search_term_string}"},"query-input":{"@type":"PropertyValueSpecification","valueRequired":true,"valueName":"search_term_string"}}],"inLanguage":"hr"},{"@type":"Organization","@id":"https:\/\/medicpro.hr\/veleprodaja\/#organization","name":"Medicpro d.o.o.","url":"https:\/\/medicpro.hr\/veleprodaja\/","logo":{"@type":"ImageObject","inLanguage":"hr","@id":"https:\/\/medicpro.hr\/veleprodaja\/#\/schema\/logo\/image\/","url":"https:\/\/medicpro.hr\/veleprodaja\/wp-content\/uploads\/2025\/05\/medicpro_logo.svg","contentUrl":"https:\/\/medicpro.hr\/veleprodaja\/wp-content\/uploads\/2025\/05\/medicpro_logo.svg","width":226,"height":42,"caption":"Medicpro d.o.o."},"image":{"@id":"https:\/\/medicpro.hr\/veleprodaja\/#\/schema\/logo\/image\/"}}]}},"_links":{"self":[{"href":"https:\/\/medicpro.hr\/veleprodaja\/wp-json\/wp\/v2\/product\/62338","targetHints":{"allow":["GET"]}}],"collection":[{"href":"https:\/\/medicpro.hr\/veleprodaja\/wp-json\/wp\/v2\/product"}],"about":[{"href":"https:\/\/medicpro.hr\/veleprodaja\/wp-json\/wp\/v2\/types\/product"}],"replies":[{"embeddable":true,"href":"https:\/\/medicpro.hr\/veleprodaja\/wp-json\/wp\/v2\/comments?post=62338"}],"wp:featuredmedia":[{"embeddable":true,"href":"https:\/\/medicpro.hr\/veleprodaja\/wp-json\/wp\/v2\/media\/54159"}],"wp:attachment":[{"href":"https:\/\/medicpro.hr\/veleprodaja\/wp-json\/wp\/v2\/media?parent=62338"}],"wp:term":[{"taxonomy":"product_brand","embeddable":true,"href":"https:\/\/medicpro.hr\/veleprodaja\/wp-json\/wp\/v2\/product_brand?post=62338"},{"taxonomy":"product_cat","embeddable":true,"href":"https:\/\/medicpro.hr\/veleprodaja\/wp-json\/wp\/v2\/product_cat?post=62338"},{"taxonomy":"product_tag","embeddable":true,"href":"https:\/\/medicpro.hr\/veleprodaja\/wp-json\/wp\/v2\/product_tag?post=62338"}],"curies":[{"name":"wp","href":"https:\/\/api.w.org\/{rel}","templated":true}]}}