{"id":62326,"date":"2025-09-01T03:03:37","date_gmt":"2025-09-01T01:03:37","guid":{"rendered":"https:\/\/zdesmedicpro-velepro.kuhada.net\/?post_type=product&#038;p=62326"},"modified":"2025-09-12T11:02:31","modified_gmt":"2025-09-12T09:02:31","slug":"goniometar-po-mollisonu-0-180","status":"publish","type":"product","link":"https:\/\/medicpro.hr\/veleprodaja\/proizvod\/goniometar-po-mollisonu-0-180\/","title":{"rendered":"GONIOMETAR PO MOLLISONU (0-180\u00b0)"},"content":{"rendered":"<ul>\n<li><strong>Goniometar po Mollisonu (navrtni goniometar) vrlo je prikladan za mjerenje kutova, posebno na licu &#8211; strukturi kostiju lica<\/strong>.<\/li>\n<li>Goniometar se sastoji od niklovanog <strong>kutomjera s rotiraju\u0107im indikatorom<\/strong> postavljenim na krunu tako da je indikator uvijek okrenut prema gore.<\/li>\n<li>Stra\u017enja strana okvira ima omota\u010d s dva pri\u010dvrsna vijka, koji se koriste <strong>za pri\u010dvr\u0161\u0107ivanje goniometra na odgovaraju\u0107i mjerni instrument<\/strong>.<\/li>\n<li>Mo\u017ee se pri\u010dvrstiti na \u0161estar <a href=\"https:\/\/medicpro.hr\/veleprodaja\/proizvod\/antropometar-0-2100-mm-gpm\/\" target=\"_blank\" rel=\"noopener\">antropometra<\/a>, <a href=\"https:\/\/medicpro.hr\/veleprodaja\/proizvod\/kaliper-klizni-po-martinu-0-200-mm\/\" target=\"_blank\" rel=\"noopener\">klizni kaliper po Martinu<\/a>, kaliper sa zaobljenim vrhovima <a href=\"https:\/\/medicpro.hr\/veleprodaja\/proizvod\/kaliper-sa-zaobljenim-vrhovima-0-300-mm\/\" target=\"_blank\" rel=\"noopener\">0-300 mm<\/a> i <a href=\"https:\/\/medicpro.hr\/veleprodaja\/proizvod\/kaliper-sa-zaobljenim-vrhovima-0-600-mm\/\" target=\"_blank\" rel=\"noopener\">0-600 mm<\/a> i kaliper s \u0161iljastim vrhovima <a href=\"https:\/\/medicpro.hr\/veleprodaja\/proizvod\/kaliper-sa-siljastim-vrhovima-0-300-mm\/\" target=\"_blank\" rel=\"noopener\">0-300 mm<\/a> i <a href=\"https:\/\/medicpro.hr\/veleprodaja\/proizvod\/kaliper-sa-siljastim-vrhovima-0-600-mm\/\" target=\"_blank\" rel=\"noopener\">0-600 mm<\/a>.<\/li>\n<li>Kada koristite goniometar na navoj s jednim od gore navedenih instrumenata, posebno vodite ra\u010duna da mjerne to\u010dke le\u017ee u istoj okomitoj ravnini.<\/li>\n<li>Kada koristite \u0161estar (na jednom od \u010deli\u010dnih ravnala) osigurajte da su dvije popre\u010dne \u0161ipke istegnute u istom stupnju.<\/li>\n<li><strong>Primjena:<\/strong> kod mjerenja npr. \u010deonih kutova &#8211; instrument postavite na jednu od dvije strane gornje popre\u010dne \u0161ipke klizne kru\u017enice i pri\u010dvrstite vijkom. Zatim stavite klizni kaliper, popre\u010dno na drugu stranu mjernih to\u010daka i imate o\u010ditanje izravno na luku kuta koji tvori liniju koja prolazi kroz mjerne to\u010dke do ravnine u kojoj je lubanja ili glava poravnata (npr. do razine uha i o\u010diju).<\/li>\n<li>Kada je instrument obrnut, o\u010ditanje \u0107e biti na rubu na stra\u017enjoj strani kazaljke ako se koristi pri\u010dvrsni goniometar u kombinaciji sa \u0161estarom pa se oba \u010deli\u010dna ravnala moraju jednako produ\u017eiti.<\/li>\n<li>Goniometar se tako\u0111er mo\u017ee pri\u010dvrstiti na kaliper jer mjerna \u0161ipka uvijek ide paralelno sa spojnom linijom kroz dva vrha sonde. Ova kombinacija omogu\u0107uje, na primjer, mjerenje kutova koji me\u0111usobno tvore razli\u010dite razine orijentacije.<\/li>\n<li><strong>Proizvedeno u \u0160vicarskoj.<\/strong><\/li>\n<li><strong>Oprez:<\/strong> za \u010di\u0161\u0107enje nemojte koristiti aceton ili sredstva za \u010di\u0161\u0107enje koja sadr\u017ee aceton.<\/li>\n<\/ul>\n","protected":false},"excerpt":{"rendered":"<p>Goniometar po Mollisonu (navrtni goniometar) vrlo je prikladan za mjerenje kutova, posebno na licu &#8211; strukturi kostiju lica. Goniometar se<\/p>\n","protected":false},"featured_media":54147,"comment_status":"open","ping_status":"closed","template":"","meta":[],"product_brand":[],"product_cat":[702,717],"product_tag":[],"class_list":{"0":"post-62326","1":"product","2":"type-product","3":"status-publish","4":"has-post-thumbnail","6":"product_cat-dijagnostika","7":"product_cat-antropometrijski-instrumenti","9":"first","10":"onbackorder","11":"taxable","12":"shipping-taxable","13":"purchasable","14":"product-type-simple"},"acf":[],"yoast_head":"<!-- This site is optimized with the Yoast SEO plugin v27.3 - https:\/\/yoast.com\/product\/yoast-seo-wordpress\/ -->\n<title>GONIOMETAR PO MOLLISONU (0-180\u00b0) - Medicpro<\/title>\n<meta name=\"robots\" content=\"index, follow, max-snippet:-1, max-image-preview:large, max-video-preview:-1\" \/>\n<link rel=\"canonical\" href=\"https:\/\/medicpro.hr\/veleprodaja\/proizvod\/goniometar-po-mollisonu-0-180\/\" \/>\n<meta property=\"og:locale\" content=\"hr_HR\" \/>\n<meta property=\"og:type\" content=\"article\" \/>\n<meta property=\"og:title\" content=\"GONIOMETAR PO MOLLISONU (0-180\u00b0) - Medicpro\" \/>\n<meta property=\"og:description\" content=\"Goniometar po Mollisonu (navrtni goniometar) vrlo je prikladan za mjerenje kutova, posebno na licu &#8211; strukturi kostiju lica. Goniometar se\" \/>\n<meta property=\"og:url\" content=\"https:\/\/medicpro.hr\/veleprodaja\/proizvod\/goniometar-po-mollisonu-0-180\/\" \/>\n<meta property=\"og:site_name\" content=\"Medicpro\" \/>\n<meta property=\"article:modified_time\" content=\"2025-09-12T09:02:31+00:00\" \/>\n<meta property=\"og:image\" content=\"https:\/\/medicpro.hr\/veleprodaja\/wp-content\/uploads\/2025\/06\/goniometar-po-mollisonu-0-180-1.jpg\" \/>\n\t<meta property=\"og:image:width\" content=\"800\" \/>\n\t<meta property=\"og:image:height\" content=\"1040\" \/>\n\t<meta property=\"og:image:type\" content=\"image\/jpeg\" \/>\n<meta name=\"twitter:card\" content=\"summary_large_image\" \/>\n<meta name=\"twitter:label1\" content=\"Procijenjeno vrijeme \u010ditanja\" \/>\n\t<meta name=\"twitter:data1\" content=\"2 minute\" \/>\n<script type=\"application\/ld+json\" class=\"yoast-schema-graph\">{\"@context\":\"https:\\\/\\\/schema.org\",\"@graph\":[{\"@type\":\"WebPage\",\"@id\":\"https:\\\/\\\/medicpro.hr\\\/veleprodaja\\\/proizvod\\\/goniometar-po-mollisonu-0-180\\\/\",\"url\":\"https:\\\/\\\/medicpro.hr\\\/veleprodaja\\\/proizvod\\\/goniometar-po-mollisonu-0-180\\\/\",\"name\":\"GONIOMETAR PO MOLLISONU (0-180\u00b0) - Medicpro\",\"isPartOf\":{\"@id\":\"https:\\\/\\\/medicpro.hr\\\/veleprodaja\\\/#website\"},\"primaryImageOfPage\":{\"@id\":\"https:\\\/\\\/medicpro.hr\\\/veleprodaja\\\/proizvod\\\/goniometar-po-mollisonu-0-180\\\/#primaryimage\"},\"image\":{\"@id\":\"https:\\\/\\\/medicpro.hr\\\/veleprodaja\\\/proizvod\\\/goniometar-po-mollisonu-0-180\\\/#primaryimage\"},\"thumbnailUrl\":\"https:\\\/\\\/medicpro.hr\\\/veleprodaja\\\/wp-content\\\/uploads\\\/2025\\\/06\\\/goniometar-po-mollisonu-0-180-1.jpg\",\"datePublished\":\"2025-09-01T01:03:37+00:00\",\"dateModified\":\"2025-09-12T09:02:31+00:00\",\"breadcrumb\":{\"@id\":\"https:\\\/\\\/medicpro.hr\\\/veleprodaja\\\/proizvod\\\/goniometar-po-mollisonu-0-180\\\/#breadcrumb\"},\"inLanguage\":\"hr\",\"potentialAction\":[{\"@type\":\"ReadAction\",\"target\":[\"https:\\\/\\\/medicpro.hr\\\/veleprodaja\\\/proizvod\\\/goniometar-po-mollisonu-0-180\\\/\"]}]},{\"@type\":\"ImageObject\",\"inLanguage\":\"hr\",\"@id\":\"https:\\\/\\\/medicpro.hr\\\/veleprodaja\\\/proizvod\\\/goniometar-po-mollisonu-0-180\\\/#primaryimage\",\"url\":\"https:\\\/\\\/medicpro.hr\\\/veleprodaja\\\/wp-content\\\/uploads\\\/2025\\\/06\\\/goniometar-po-mollisonu-0-180-1.jpg\",\"contentUrl\":\"https:\\\/\\\/medicpro.hr\\\/veleprodaja\\\/wp-content\\\/uploads\\\/2025\\\/06\\\/goniometar-po-mollisonu-0-180-1.jpg\",\"width\":800,\"height\":1040},{\"@type\":\"BreadcrumbList\",\"@id\":\"https:\\\/\\\/medicpro.hr\\\/veleprodaja\\\/proizvod\\\/goniometar-po-mollisonu-0-180\\\/#breadcrumb\",\"itemListElement\":[{\"@type\":\"ListItem\",\"position\":1,\"name\":\"Po\u010detna stranica\",\"item\":\"https:\\\/\\\/medicpro.hr\\\/veleprodaja\\\/\"},{\"@type\":\"ListItem\",\"position\":2,\"name\":\"Veleprodaja\",\"item\":\"https:\\\/\\\/medicpro.hr\\\/veleprodaja\\\/trgovina\\\/\"},{\"@type\":\"ListItem\",\"position\":3,\"name\":\"GONIOMETAR PO MOLLISONU (0-180\u00b0)\"}]},{\"@type\":\"WebSite\",\"@id\":\"https:\\\/\\\/medicpro.hr\\\/veleprodaja\\\/#website\",\"url\":\"https:\\\/\\\/medicpro.hr\\\/veleprodaja\\\/\",\"name\":\"Medicpro.hr\",\"description\":\"Medicinski potro\u0161ni materijal i oprema\",\"publisher\":{\"@id\":\"https:\\\/\\\/medicpro.hr\\\/veleprodaja\\\/#organization\"},\"potentialAction\":[{\"@type\":\"SearchAction\",\"target\":{\"@type\":\"EntryPoint\",\"urlTemplate\":\"https:\\\/\\\/medicpro.hr\\\/veleprodaja\\\/?s={search_term_string}\"},\"query-input\":{\"@type\":\"PropertyValueSpecification\",\"valueRequired\":true,\"valueName\":\"search_term_string\"}}],\"inLanguage\":\"hr\"},{\"@type\":\"Organization\",\"@id\":\"https:\\\/\\\/medicpro.hr\\\/veleprodaja\\\/#organization\",\"name\":\"Medicpro d.o.o.\",\"url\":\"https:\\\/\\\/medicpro.hr\\\/veleprodaja\\\/\",\"logo\":{\"@type\":\"ImageObject\",\"inLanguage\":\"hr\",\"@id\":\"https:\\\/\\\/medicpro.hr\\\/veleprodaja\\\/#\\\/schema\\\/logo\\\/image\\\/\",\"url\":\"https:\\\/\\\/medicpro.hr\\\/veleprodaja\\\/wp-content\\\/uploads\\\/2025\\\/05\\\/medicpro_logo.svg\",\"contentUrl\":\"https:\\\/\\\/medicpro.hr\\\/veleprodaja\\\/wp-content\\\/uploads\\\/2025\\\/05\\\/medicpro_logo.svg\",\"width\":226,\"height\":42,\"caption\":\"Medicpro d.o.o.\"},\"image\":{\"@id\":\"https:\\\/\\\/medicpro.hr\\\/veleprodaja\\\/#\\\/schema\\\/logo\\\/image\\\/\"}}]}<\/script>\n<!-- \/ Yoast SEO plugin. -->","yoast_head_json":{"title":"GONIOMETAR PO MOLLISONU (0-180\u00b0) - Medicpro","robots":{"index":"index","follow":"follow","max-snippet":"max-snippet:-1","max-image-preview":"max-image-preview:large","max-video-preview":"max-video-preview:-1"},"canonical":"https:\/\/medicpro.hr\/veleprodaja\/proizvod\/goniometar-po-mollisonu-0-180\/","og_locale":"hr_HR","og_type":"article","og_title":"GONIOMETAR PO MOLLISONU (0-180\u00b0) - Medicpro","og_description":"Goniometar po Mollisonu (navrtni goniometar) vrlo je prikladan za mjerenje kutova, posebno na licu &#8211; strukturi kostiju lica. Goniometar se","og_url":"https:\/\/medicpro.hr\/veleprodaja\/proizvod\/goniometar-po-mollisonu-0-180\/","og_site_name":"Medicpro","article_modified_time":"2025-09-12T09:02:31+00:00","og_image":[{"width":800,"height":1040,"url":"https:\/\/medicpro.hr\/veleprodaja\/wp-content\/uploads\/2025\/06\/goniometar-po-mollisonu-0-180-1.jpg","type":"image\/jpeg"}],"twitter_card":"summary_large_image","twitter_misc":{"Procijenjeno vrijeme \u010ditanja":"2 minute"},"schema":{"@context":"https:\/\/schema.org","@graph":[{"@type":"WebPage","@id":"https:\/\/medicpro.hr\/veleprodaja\/proizvod\/goniometar-po-mollisonu-0-180\/","url":"https:\/\/medicpro.hr\/veleprodaja\/proizvod\/goniometar-po-mollisonu-0-180\/","name":"GONIOMETAR PO MOLLISONU (0-180\u00b0) - Medicpro","isPartOf":{"@id":"https:\/\/medicpro.hr\/veleprodaja\/#website"},"primaryImageOfPage":{"@id":"https:\/\/medicpro.hr\/veleprodaja\/proizvod\/goniometar-po-mollisonu-0-180\/#primaryimage"},"image":{"@id":"https:\/\/medicpro.hr\/veleprodaja\/proizvod\/goniometar-po-mollisonu-0-180\/#primaryimage"},"thumbnailUrl":"https:\/\/medicpro.hr\/veleprodaja\/wp-content\/uploads\/2025\/06\/goniometar-po-mollisonu-0-180-1.jpg","datePublished":"2025-09-01T01:03:37+00:00","dateModified":"2025-09-12T09:02:31+00:00","breadcrumb":{"@id":"https:\/\/medicpro.hr\/veleprodaja\/proizvod\/goniometar-po-mollisonu-0-180\/#breadcrumb"},"inLanguage":"hr","potentialAction":[{"@type":"ReadAction","target":["https:\/\/medicpro.hr\/veleprodaja\/proizvod\/goniometar-po-mollisonu-0-180\/"]}]},{"@type":"ImageObject","inLanguage":"hr","@id":"https:\/\/medicpro.hr\/veleprodaja\/proizvod\/goniometar-po-mollisonu-0-180\/#primaryimage","url":"https:\/\/medicpro.hr\/veleprodaja\/wp-content\/uploads\/2025\/06\/goniometar-po-mollisonu-0-180-1.jpg","contentUrl":"https:\/\/medicpro.hr\/veleprodaja\/wp-content\/uploads\/2025\/06\/goniometar-po-mollisonu-0-180-1.jpg","width":800,"height":1040},{"@type":"BreadcrumbList","@id":"https:\/\/medicpro.hr\/veleprodaja\/proizvod\/goniometar-po-mollisonu-0-180\/#breadcrumb","itemListElement":[{"@type":"ListItem","position":1,"name":"Po\u010detna stranica","item":"https:\/\/medicpro.hr\/veleprodaja\/"},{"@type":"ListItem","position":2,"name":"Veleprodaja","item":"https:\/\/medicpro.hr\/veleprodaja\/trgovina\/"},{"@type":"ListItem","position":3,"name":"GONIOMETAR PO MOLLISONU (0-180\u00b0)"}]},{"@type":"WebSite","@id":"https:\/\/medicpro.hr\/veleprodaja\/#website","url":"https:\/\/medicpro.hr\/veleprodaja\/","name":"Medicpro.hr","description":"Medicinski potro\u0161ni materijal i oprema","publisher":{"@id":"https:\/\/medicpro.hr\/veleprodaja\/#organization"},"potentialAction":[{"@type":"SearchAction","target":{"@type":"EntryPoint","urlTemplate":"https:\/\/medicpro.hr\/veleprodaja\/?s={search_term_string}"},"query-input":{"@type":"PropertyValueSpecification","valueRequired":true,"valueName":"search_term_string"}}],"inLanguage":"hr"},{"@type":"Organization","@id":"https:\/\/medicpro.hr\/veleprodaja\/#organization","name":"Medicpro d.o.o.","url":"https:\/\/medicpro.hr\/veleprodaja\/","logo":{"@type":"ImageObject","inLanguage":"hr","@id":"https:\/\/medicpro.hr\/veleprodaja\/#\/schema\/logo\/image\/","url":"https:\/\/medicpro.hr\/veleprodaja\/wp-content\/uploads\/2025\/05\/medicpro_logo.svg","contentUrl":"https:\/\/medicpro.hr\/veleprodaja\/wp-content\/uploads\/2025\/05\/medicpro_logo.svg","width":226,"height":42,"caption":"Medicpro d.o.o."},"image":{"@id":"https:\/\/medicpro.hr\/veleprodaja\/#\/schema\/logo\/image\/"}}]}},"_links":{"self":[{"href":"https:\/\/medicpro.hr\/veleprodaja\/wp-json\/wp\/v2\/product\/62326","targetHints":{"allow":["GET"]}}],"collection":[{"href":"https:\/\/medicpro.hr\/veleprodaja\/wp-json\/wp\/v2\/product"}],"about":[{"href":"https:\/\/medicpro.hr\/veleprodaja\/wp-json\/wp\/v2\/types\/product"}],"replies":[{"embeddable":true,"href":"https:\/\/medicpro.hr\/veleprodaja\/wp-json\/wp\/v2\/comments?post=62326"}],"wp:featuredmedia":[{"embeddable":true,"href":"https:\/\/medicpro.hr\/veleprodaja\/wp-json\/wp\/v2\/media\/54147"}],"wp:attachment":[{"href":"https:\/\/medicpro.hr\/veleprodaja\/wp-json\/wp\/v2\/media?parent=62326"}],"wp:term":[{"taxonomy":"product_brand","embeddable":true,"href":"https:\/\/medicpro.hr\/veleprodaja\/wp-json\/wp\/v2\/product_brand?post=62326"},{"taxonomy":"product_cat","embeddable":true,"href":"https:\/\/medicpro.hr\/veleprodaja\/wp-json\/wp\/v2\/product_cat?post=62326"},{"taxonomy":"product_tag","embeddable":true,"href":"https:\/\/medicpro.hr\/veleprodaja\/wp-json\/wp\/v2\/product_tag?post=62326"}],"curies":[{"name":"wp","href":"https:\/\/api.w.org\/{rel}","templated":true}]}}