{"id":62325,"date":"2025-09-01T03:03:37","date_gmt":"2025-09-01T01:03:37","guid":{"rendered":"https:\/\/zdesmedicpro-velepro.kuhada.net\/?post_type=product&#038;p=62325"},"modified":"2025-09-12T11:02:31","modified_gmt":"2025-09-12T09:02:31","slug":"kaliper-klizni-po-poechu-raspona-0-250-mm-0-140-mm","status":"publish","type":"product","link":"https:\/\/medicpro.hr\/veleprodaja\/proizvod\/kaliper-klizni-po-poechu-raspona-0-250-mm-0-140-mm\/","title":{"rendered":"KALIPER KLIZNI PO POECHU RASPONA 0-250 mm (0-140 mm)"},"content":{"rendered":"<p>Klizni kaliper po Poechu se sastoji <strong>od \u010deli\u010dnog ravnala te dva popre\u010dna ravnala s milimetarskom graduacijom<\/strong>. Na kaliperu se jo\u0161 nalazi i <strong>nonijus<\/strong>, odnosno pomi\u010dna mjerna ljestvica koja daje o\u010ditanje desetinke osnovne jedinice (1\/10 mm).<\/p>\n<p><strong>Ravnalo je graduirano u milimetrima u rasponu od 0 do 250 mm.<\/strong> Pod pravim kutom ravnala nalaze se dva popre\u010dna ravnala duljine 140 mm, od kojih je jedno fiksno, a drugo pomi\u010dno po glavnom ravnalu. Jedan kraj oba popre\u010dna ravnala su\u017eava se u \u0161iljak, dok je drugi kraj ravan. Na kliza\u010du donjeg popre\u010dnog ravnala nalazi se nonijus, kao i prozor\u010di\u0107 s kojega se mo\u017ee o\u010ditati graduacija glavnog ravnala.<\/p>\n<p><strong>Proizvedeno u \u0160vicarskoj.<\/strong><\/p>\n<p><strong>Oprez<\/strong>: Za \u010di\u0161\u0107enje nije preporu\u010dljivo koristiti aceton ili sredstva za \u010di\u0161\u0107enje koja sadr\u017ee aceton.<\/p>\n","protected":false},"excerpt":{"rendered":"<p>Klizni kaliper po Poechu se sastoji od \u010deli\u010dnog ravnala te dva popre\u010dna ravnala s milimetarskom graduacijom. Na kaliperu se jo\u0161<\/p>\n","protected":false},"featured_media":54116,"comment_status":"open","ping_status":"closed","template":"","meta":[],"product_brand":[],"product_cat":[702,717],"product_tag":[],"class_list":{"0":"post-62325","1":"product","2":"type-product","3":"status-publish","4":"has-post-thumbnail","6":"product_cat-dijagnostika","7":"product_cat-antropometrijski-instrumenti","9":"first","10":"onbackorder","11":"taxable","12":"shipping-taxable","13":"purchasable","14":"product-type-simple"},"acf":[],"yoast_head":"<!-- This site is optimized with the Yoast SEO plugin v27.3 - https:\/\/yoast.com\/product\/yoast-seo-wordpress\/ -->\n<title>KALIPER KLIZNI PO POECHU RASPONA 0-250 mm (0-140 mm) - Medicpro<\/title>\n<meta name=\"robots\" content=\"index, follow, max-snippet:-1, max-image-preview:large, max-video-preview:-1\" \/>\n<link rel=\"canonical\" href=\"https:\/\/medicpro.hr\/veleprodaja\/proizvod\/kaliper-klizni-po-poechu-raspona-0-250-mm-0-140-mm\/\" \/>\n<meta property=\"og:locale\" content=\"hr_HR\" \/>\n<meta property=\"og:type\" content=\"article\" \/>\n<meta property=\"og:title\" content=\"KALIPER KLIZNI PO POECHU RASPONA 0-250 mm (0-140 mm) - Medicpro\" \/>\n<meta property=\"og:description\" content=\"Klizni kaliper po Poechu se sastoji od \u010deli\u010dnog ravnala te dva popre\u010dna ravnala s milimetarskom graduacijom. Na kaliperu se jo\u0161\" \/>\n<meta property=\"og:url\" content=\"https:\/\/medicpro.hr\/veleprodaja\/proizvod\/kaliper-klizni-po-poechu-raspona-0-250-mm-0-140-mm\/\" \/>\n<meta property=\"og:site_name\" content=\"Medicpro\" \/>\n<meta property=\"article:modified_time\" content=\"2025-09-12T09:02:31+00:00\" \/>\n<meta property=\"og:image\" content=\"https:\/\/medicpro.hr\/veleprodaja\/wp-content\/uploads\/2025\/06\/kaliper-klizni-po-poechu-raspona-0-250-mm-0-140-mm-1.jpg\" \/>\n\t<meta property=\"og:image:width\" content=\"800\" \/>\n\t<meta property=\"og:image:height\" content=\"1040\" \/>\n\t<meta property=\"og:image:type\" content=\"image\/jpeg\" \/>\n<meta name=\"twitter:card\" content=\"summary_large_image\" \/>\n<meta name=\"twitter:label1\" content=\"Procijenjeno vrijeme \u010ditanja\" \/>\n\t<meta name=\"twitter:data1\" content=\"1 minuta\" \/>\n<script type=\"application\/ld+json\" class=\"yoast-schema-graph\">{\"@context\":\"https:\\\/\\\/schema.org\",\"@graph\":[{\"@type\":\"WebPage\",\"@id\":\"https:\\\/\\\/medicpro.hr\\\/veleprodaja\\\/proizvod\\\/kaliper-klizni-po-poechu-raspona-0-250-mm-0-140-mm\\\/\",\"url\":\"https:\\\/\\\/medicpro.hr\\\/veleprodaja\\\/proizvod\\\/kaliper-klizni-po-poechu-raspona-0-250-mm-0-140-mm\\\/\",\"name\":\"KALIPER KLIZNI PO POECHU RASPONA 0-250 mm (0-140 mm) - Medicpro\",\"isPartOf\":{\"@id\":\"https:\\\/\\\/medicpro.hr\\\/veleprodaja\\\/#website\"},\"primaryImageOfPage\":{\"@id\":\"https:\\\/\\\/medicpro.hr\\\/veleprodaja\\\/proizvod\\\/kaliper-klizni-po-poechu-raspona-0-250-mm-0-140-mm\\\/#primaryimage\"},\"image\":{\"@id\":\"https:\\\/\\\/medicpro.hr\\\/veleprodaja\\\/proizvod\\\/kaliper-klizni-po-poechu-raspona-0-250-mm-0-140-mm\\\/#primaryimage\"},\"thumbnailUrl\":\"https:\\\/\\\/medicpro.hr\\\/veleprodaja\\\/wp-content\\\/uploads\\\/2025\\\/06\\\/kaliper-klizni-po-poechu-raspona-0-250-mm-0-140-mm-1.jpg\",\"datePublished\":\"2025-09-01T01:03:37+00:00\",\"dateModified\":\"2025-09-12T09:02:31+00:00\",\"breadcrumb\":{\"@id\":\"https:\\\/\\\/medicpro.hr\\\/veleprodaja\\\/proizvod\\\/kaliper-klizni-po-poechu-raspona-0-250-mm-0-140-mm\\\/#breadcrumb\"},\"inLanguage\":\"hr\",\"potentialAction\":[{\"@type\":\"ReadAction\",\"target\":[\"https:\\\/\\\/medicpro.hr\\\/veleprodaja\\\/proizvod\\\/kaliper-klizni-po-poechu-raspona-0-250-mm-0-140-mm\\\/\"]}]},{\"@type\":\"ImageObject\",\"inLanguage\":\"hr\",\"@id\":\"https:\\\/\\\/medicpro.hr\\\/veleprodaja\\\/proizvod\\\/kaliper-klizni-po-poechu-raspona-0-250-mm-0-140-mm\\\/#primaryimage\",\"url\":\"https:\\\/\\\/medicpro.hr\\\/veleprodaja\\\/wp-content\\\/uploads\\\/2025\\\/06\\\/kaliper-klizni-po-poechu-raspona-0-250-mm-0-140-mm-1.jpg\",\"contentUrl\":\"https:\\\/\\\/medicpro.hr\\\/veleprodaja\\\/wp-content\\\/uploads\\\/2025\\\/06\\\/kaliper-klizni-po-poechu-raspona-0-250-mm-0-140-mm-1.jpg\",\"width\":800,\"height\":1040},{\"@type\":\"BreadcrumbList\",\"@id\":\"https:\\\/\\\/medicpro.hr\\\/veleprodaja\\\/proizvod\\\/kaliper-klizni-po-poechu-raspona-0-250-mm-0-140-mm\\\/#breadcrumb\",\"itemListElement\":[{\"@type\":\"ListItem\",\"position\":1,\"name\":\"Po\u010detna stranica\",\"item\":\"https:\\\/\\\/medicpro.hr\\\/veleprodaja\\\/\"},{\"@type\":\"ListItem\",\"position\":2,\"name\":\"Veleprodaja\",\"item\":\"https:\\\/\\\/medicpro.hr\\\/veleprodaja\\\/trgovina\\\/\"},{\"@type\":\"ListItem\",\"position\":3,\"name\":\"KALIPER KLIZNI PO POECHU RASPONA 0-250 mm (0-140 mm)\"}]},{\"@type\":\"WebSite\",\"@id\":\"https:\\\/\\\/medicpro.hr\\\/veleprodaja\\\/#website\",\"url\":\"https:\\\/\\\/medicpro.hr\\\/veleprodaja\\\/\",\"name\":\"Medicpro.hr\",\"description\":\"Medicinski potro\u0161ni materijal i oprema\",\"publisher\":{\"@id\":\"https:\\\/\\\/medicpro.hr\\\/veleprodaja\\\/#organization\"},\"potentialAction\":[{\"@type\":\"SearchAction\",\"target\":{\"@type\":\"EntryPoint\",\"urlTemplate\":\"https:\\\/\\\/medicpro.hr\\\/veleprodaja\\\/?s={search_term_string}\"},\"query-input\":{\"@type\":\"PropertyValueSpecification\",\"valueRequired\":true,\"valueName\":\"search_term_string\"}}],\"inLanguage\":\"hr\"},{\"@type\":\"Organization\",\"@id\":\"https:\\\/\\\/medicpro.hr\\\/veleprodaja\\\/#organization\",\"name\":\"Medicpro d.o.o.\",\"url\":\"https:\\\/\\\/medicpro.hr\\\/veleprodaja\\\/\",\"logo\":{\"@type\":\"ImageObject\",\"inLanguage\":\"hr\",\"@id\":\"https:\\\/\\\/medicpro.hr\\\/veleprodaja\\\/#\\\/schema\\\/logo\\\/image\\\/\",\"url\":\"https:\\\/\\\/medicpro.hr\\\/veleprodaja\\\/wp-content\\\/uploads\\\/2025\\\/05\\\/medicpro_logo.svg\",\"contentUrl\":\"https:\\\/\\\/medicpro.hr\\\/veleprodaja\\\/wp-content\\\/uploads\\\/2025\\\/05\\\/medicpro_logo.svg\",\"width\":226,\"height\":42,\"caption\":\"Medicpro d.o.o.\"},\"image\":{\"@id\":\"https:\\\/\\\/medicpro.hr\\\/veleprodaja\\\/#\\\/schema\\\/logo\\\/image\\\/\"}}]}<\/script>\n<!-- \/ Yoast SEO plugin. -->","yoast_head_json":{"title":"KALIPER KLIZNI PO POECHU RASPONA 0-250 mm (0-140 mm) - Medicpro","robots":{"index":"index","follow":"follow","max-snippet":"max-snippet:-1","max-image-preview":"max-image-preview:large","max-video-preview":"max-video-preview:-1"},"canonical":"https:\/\/medicpro.hr\/veleprodaja\/proizvod\/kaliper-klizni-po-poechu-raspona-0-250-mm-0-140-mm\/","og_locale":"hr_HR","og_type":"article","og_title":"KALIPER KLIZNI PO POECHU RASPONA 0-250 mm (0-140 mm) - Medicpro","og_description":"Klizni kaliper po Poechu se sastoji od \u010deli\u010dnog ravnala te dva popre\u010dna ravnala s milimetarskom graduacijom. Na kaliperu se jo\u0161","og_url":"https:\/\/medicpro.hr\/veleprodaja\/proizvod\/kaliper-klizni-po-poechu-raspona-0-250-mm-0-140-mm\/","og_site_name":"Medicpro","article_modified_time":"2025-09-12T09:02:31+00:00","og_image":[{"width":800,"height":1040,"url":"https:\/\/medicpro.hr\/veleprodaja\/wp-content\/uploads\/2025\/06\/kaliper-klizni-po-poechu-raspona-0-250-mm-0-140-mm-1.jpg","type":"image\/jpeg"}],"twitter_card":"summary_large_image","twitter_misc":{"Procijenjeno vrijeme \u010ditanja":"1 minuta"},"schema":{"@context":"https:\/\/schema.org","@graph":[{"@type":"WebPage","@id":"https:\/\/medicpro.hr\/veleprodaja\/proizvod\/kaliper-klizni-po-poechu-raspona-0-250-mm-0-140-mm\/","url":"https:\/\/medicpro.hr\/veleprodaja\/proizvod\/kaliper-klizni-po-poechu-raspona-0-250-mm-0-140-mm\/","name":"KALIPER KLIZNI PO POECHU RASPONA 0-250 mm (0-140 mm) - Medicpro","isPartOf":{"@id":"https:\/\/medicpro.hr\/veleprodaja\/#website"},"primaryImageOfPage":{"@id":"https:\/\/medicpro.hr\/veleprodaja\/proizvod\/kaliper-klizni-po-poechu-raspona-0-250-mm-0-140-mm\/#primaryimage"},"image":{"@id":"https:\/\/medicpro.hr\/veleprodaja\/proizvod\/kaliper-klizni-po-poechu-raspona-0-250-mm-0-140-mm\/#primaryimage"},"thumbnailUrl":"https:\/\/medicpro.hr\/veleprodaja\/wp-content\/uploads\/2025\/06\/kaliper-klizni-po-poechu-raspona-0-250-mm-0-140-mm-1.jpg","datePublished":"2025-09-01T01:03:37+00:00","dateModified":"2025-09-12T09:02:31+00:00","breadcrumb":{"@id":"https:\/\/medicpro.hr\/veleprodaja\/proizvod\/kaliper-klizni-po-poechu-raspona-0-250-mm-0-140-mm\/#breadcrumb"},"inLanguage":"hr","potentialAction":[{"@type":"ReadAction","target":["https:\/\/medicpro.hr\/veleprodaja\/proizvod\/kaliper-klizni-po-poechu-raspona-0-250-mm-0-140-mm\/"]}]},{"@type":"ImageObject","inLanguage":"hr","@id":"https:\/\/medicpro.hr\/veleprodaja\/proizvod\/kaliper-klizni-po-poechu-raspona-0-250-mm-0-140-mm\/#primaryimage","url":"https:\/\/medicpro.hr\/veleprodaja\/wp-content\/uploads\/2025\/06\/kaliper-klizni-po-poechu-raspona-0-250-mm-0-140-mm-1.jpg","contentUrl":"https:\/\/medicpro.hr\/veleprodaja\/wp-content\/uploads\/2025\/06\/kaliper-klizni-po-poechu-raspona-0-250-mm-0-140-mm-1.jpg","width":800,"height":1040},{"@type":"BreadcrumbList","@id":"https:\/\/medicpro.hr\/veleprodaja\/proizvod\/kaliper-klizni-po-poechu-raspona-0-250-mm-0-140-mm\/#breadcrumb","itemListElement":[{"@type":"ListItem","position":1,"name":"Po\u010detna stranica","item":"https:\/\/medicpro.hr\/veleprodaja\/"},{"@type":"ListItem","position":2,"name":"Veleprodaja","item":"https:\/\/medicpro.hr\/veleprodaja\/trgovina\/"},{"@type":"ListItem","position":3,"name":"KALIPER KLIZNI PO POECHU RASPONA 0-250 mm (0-140 mm)"}]},{"@type":"WebSite","@id":"https:\/\/medicpro.hr\/veleprodaja\/#website","url":"https:\/\/medicpro.hr\/veleprodaja\/","name":"Medicpro.hr","description":"Medicinski potro\u0161ni materijal i oprema","publisher":{"@id":"https:\/\/medicpro.hr\/veleprodaja\/#organization"},"potentialAction":[{"@type":"SearchAction","target":{"@type":"EntryPoint","urlTemplate":"https:\/\/medicpro.hr\/veleprodaja\/?s={search_term_string}"},"query-input":{"@type":"PropertyValueSpecification","valueRequired":true,"valueName":"search_term_string"}}],"inLanguage":"hr"},{"@type":"Organization","@id":"https:\/\/medicpro.hr\/veleprodaja\/#organization","name":"Medicpro d.o.o.","url":"https:\/\/medicpro.hr\/veleprodaja\/","logo":{"@type":"ImageObject","inLanguage":"hr","@id":"https:\/\/medicpro.hr\/veleprodaja\/#\/schema\/logo\/image\/","url":"https:\/\/medicpro.hr\/veleprodaja\/wp-content\/uploads\/2025\/05\/medicpro_logo.svg","contentUrl":"https:\/\/medicpro.hr\/veleprodaja\/wp-content\/uploads\/2025\/05\/medicpro_logo.svg","width":226,"height":42,"caption":"Medicpro d.o.o."},"image":{"@id":"https:\/\/medicpro.hr\/veleprodaja\/#\/schema\/logo\/image\/"}}]}},"_links":{"self":[{"href":"https:\/\/medicpro.hr\/veleprodaja\/wp-json\/wp\/v2\/product\/62325","targetHints":{"allow":["GET"]}}],"collection":[{"href":"https:\/\/medicpro.hr\/veleprodaja\/wp-json\/wp\/v2\/product"}],"about":[{"href":"https:\/\/medicpro.hr\/veleprodaja\/wp-json\/wp\/v2\/types\/product"}],"replies":[{"embeddable":true,"href":"https:\/\/medicpro.hr\/veleprodaja\/wp-json\/wp\/v2\/comments?post=62325"}],"wp:featuredmedia":[{"embeddable":true,"href":"https:\/\/medicpro.hr\/veleprodaja\/wp-json\/wp\/v2\/media\/54116"}],"wp:attachment":[{"href":"https:\/\/medicpro.hr\/veleprodaja\/wp-json\/wp\/v2\/media?parent=62325"}],"wp:term":[{"taxonomy":"product_brand","embeddable":true,"href":"https:\/\/medicpro.hr\/veleprodaja\/wp-json\/wp\/v2\/product_brand?post=62325"},{"taxonomy":"product_cat","embeddable":true,"href":"https:\/\/medicpro.hr\/veleprodaja\/wp-json\/wp\/v2\/product_cat?post=62325"},{"taxonomy":"product_tag","embeddable":true,"href":"https:\/\/medicpro.hr\/veleprodaja\/wp-json\/wp\/v2\/product_tag?post=62325"}],"curies":[{"name":"wp","href":"https:\/\/api.w.org\/{rel}","templated":true}]}}