{"id":62287,"date":"2025-09-01T03:03:29","date_gmt":"2025-09-01T01:03:29","guid":{"rendered":"https:\/\/zdesmedicpro-velepro.kuhada.net\/?post_type=product&#038;p=62287"},"modified":"2025-09-12T11:02:41","modified_gmt":"2025-09-12T09:02:41","slug":"kiselina-mlijecna-15-5-l","status":"publish","type":"product","link":"https:\/\/medicpro.hr\/veleprodaja\/proizvod\/kiselina-mlijecna-15-5-l\/","title":{"rendered":"KISELINA MLIJE\u010cNA 15% 5 L"},"content":{"rendered":"<ul>\n<li>Mlije\u010dna kiselina 15% je bezbojno do blago \u017eu\u0107kasta teku\u0107ina.<\/li>\n<li>Upotrebljava se kao laboratorijski reagens i prehrambeni aditiv.<\/li>\n<li>Vreli\u0161te: &gt; 120 \u00b0C.<\/li>\n<li>Prilikom rukovanja teku\u0107inom preporu\u010dljivo je nositi za\u0161titne rukavice\/za\u0161titno odijelo\/za\u0161titu za o\u010di\/za\u0161titu za lice.<\/li>\n<li><strong>U slu\u010daju dodira s o\u010dima ispirati vodom najmanje 15 minuta.<\/strong><\/li>\n<li>Potrebno je izbjegavati jako zagrijavanje.<\/li>\n<li>Cijena se odnosi na pakiranje 5 l.<\/li>\n<\/ul>\n","protected":false},"excerpt":{"rendered":"<p>Mlije\u010dna kiselina 15% je bezbojno do blago \u017eu\u0107kasta teku\u0107ina. Upotrebljava se kao laboratorijski reagens i prehrambeni aditiv. Vreli\u0161te: &gt; 120<\/p>\n","protected":false},"featured_media":0,"comment_status":"open","ping_status":"closed","template":"","meta":[],"product_brand":[],"product_cat":[704],"product_tag":[],"class_list":{"0":"post-62287","1":"product","2":"type-product","3":"status-publish","5":"product_cat-medicinske-tekucine","7":"first","8":"onbackorder","9":"taxable","10":"shipping-taxable","11":"purchasable","12":"product-type-simple"},"acf":[],"yoast_head":"<!-- This site is optimized with the Yoast SEO plugin v27.3 - https:\/\/yoast.com\/product\/yoast-seo-wordpress\/ -->\n<title>KISELINA MLIJE\u010cNA 15% 5 L - Medicpro<\/title>\n<meta name=\"robots\" content=\"index, follow, max-snippet:-1, max-image-preview:large, max-video-preview:-1\" \/>\n<link rel=\"canonical\" href=\"https:\/\/medicpro.hr\/veleprodaja\/proizvod\/kiselina-mlijecna-15-5-l\/\" \/>\n<meta property=\"og:locale\" content=\"hr_HR\" \/>\n<meta property=\"og:type\" content=\"article\" \/>\n<meta property=\"og:title\" content=\"KISELINA MLIJE\u010cNA 15% 5 L - Medicpro\" \/>\n<meta property=\"og:description\" content=\"Mlije\u010dna kiselina 15% je bezbojno do blago \u017eu\u0107kasta teku\u0107ina. Upotrebljava se kao laboratorijski reagens i prehrambeni aditiv. Vreli\u0161te: &gt; 120\" \/>\n<meta property=\"og:url\" content=\"https:\/\/medicpro.hr\/veleprodaja\/proizvod\/kiselina-mlijecna-15-5-l\/\" \/>\n<meta property=\"og:site_name\" content=\"Medicpro\" \/>\n<meta property=\"article:modified_time\" content=\"2025-09-12T09:02:41+00:00\" \/>\n<meta name=\"twitter:card\" content=\"summary_large_image\" \/>\n<script type=\"application\/ld+json\" class=\"yoast-schema-graph\">{\"@context\":\"https:\\\/\\\/schema.org\",\"@graph\":[{\"@type\":\"WebPage\",\"@id\":\"https:\\\/\\\/medicpro.hr\\\/veleprodaja\\\/proizvod\\\/kiselina-mlijecna-15-5-l\\\/\",\"url\":\"https:\\\/\\\/medicpro.hr\\\/veleprodaja\\\/proizvod\\\/kiselina-mlijecna-15-5-l\\\/\",\"name\":\"KISELINA MLIJE\u010cNA 15% 5 L - Medicpro\",\"isPartOf\":{\"@id\":\"https:\\\/\\\/medicpro.hr\\\/veleprodaja\\\/#website\"},\"datePublished\":\"2025-09-01T01:03:29+00:00\",\"dateModified\":\"2025-09-12T09:02:41+00:00\",\"breadcrumb\":{\"@id\":\"https:\\\/\\\/medicpro.hr\\\/veleprodaja\\\/proizvod\\\/kiselina-mlijecna-15-5-l\\\/#breadcrumb\"},\"inLanguage\":\"hr\",\"potentialAction\":[{\"@type\":\"ReadAction\",\"target\":[\"https:\\\/\\\/medicpro.hr\\\/veleprodaja\\\/proizvod\\\/kiselina-mlijecna-15-5-l\\\/\"]}]},{\"@type\":\"BreadcrumbList\",\"@id\":\"https:\\\/\\\/medicpro.hr\\\/veleprodaja\\\/proizvod\\\/kiselina-mlijecna-15-5-l\\\/#breadcrumb\",\"itemListElement\":[{\"@type\":\"ListItem\",\"position\":1,\"name\":\"Po\u010detna stranica\",\"item\":\"https:\\\/\\\/medicpro.hr\\\/veleprodaja\\\/\"},{\"@type\":\"ListItem\",\"position\":2,\"name\":\"Veleprodaja\",\"item\":\"https:\\\/\\\/medicpro.hr\\\/veleprodaja\\\/trgovina\\\/\"},{\"@type\":\"ListItem\",\"position\":3,\"name\":\"KISELINA MLIJE\u010cNA 15% 5 L\"}]},{\"@type\":\"WebSite\",\"@id\":\"https:\\\/\\\/medicpro.hr\\\/veleprodaja\\\/#website\",\"url\":\"https:\\\/\\\/medicpro.hr\\\/veleprodaja\\\/\",\"name\":\"Medicpro.hr\",\"description\":\"Medicinski potro\u0161ni materijal i oprema\",\"publisher\":{\"@id\":\"https:\\\/\\\/medicpro.hr\\\/veleprodaja\\\/#organization\"},\"potentialAction\":[{\"@type\":\"SearchAction\",\"target\":{\"@type\":\"EntryPoint\",\"urlTemplate\":\"https:\\\/\\\/medicpro.hr\\\/veleprodaja\\\/?s={search_term_string}\"},\"query-input\":{\"@type\":\"PropertyValueSpecification\",\"valueRequired\":true,\"valueName\":\"search_term_string\"}}],\"inLanguage\":\"hr\"},{\"@type\":\"Organization\",\"@id\":\"https:\\\/\\\/medicpro.hr\\\/veleprodaja\\\/#organization\",\"name\":\"Medicpro d.o.o.\",\"url\":\"https:\\\/\\\/medicpro.hr\\\/veleprodaja\\\/\",\"logo\":{\"@type\":\"ImageObject\",\"inLanguage\":\"hr\",\"@id\":\"https:\\\/\\\/medicpro.hr\\\/veleprodaja\\\/#\\\/schema\\\/logo\\\/image\\\/\",\"url\":\"https:\\\/\\\/medicpro.hr\\\/veleprodaja\\\/wp-content\\\/uploads\\\/2025\\\/05\\\/medicpro_logo.svg\",\"contentUrl\":\"https:\\\/\\\/medicpro.hr\\\/veleprodaja\\\/wp-content\\\/uploads\\\/2025\\\/05\\\/medicpro_logo.svg\",\"width\":226,\"height\":42,\"caption\":\"Medicpro d.o.o.\"},\"image\":{\"@id\":\"https:\\\/\\\/medicpro.hr\\\/veleprodaja\\\/#\\\/schema\\\/logo\\\/image\\\/\"}}]}<\/script>\n<!-- \/ Yoast SEO plugin. -->","yoast_head_json":{"title":"KISELINA MLIJE\u010cNA 15% 5 L - Medicpro","robots":{"index":"index","follow":"follow","max-snippet":"max-snippet:-1","max-image-preview":"max-image-preview:large","max-video-preview":"max-video-preview:-1"},"canonical":"https:\/\/medicpro.hr\/veleprodaja\/proizvod\/kiselina-mlijecna-15-5-l\/","og_locale":"hr_HR","og_type":"article","og_title":"KISELINA MLIJE\u010cNA 15% 5 L - Medicpro","og_description":"Mlije\u010dna kiselina 15% je bezbojno do blago \u017eu\u0107kasta teku\u0107ina. Upotrebljava se kao laboratorijski reagens i prehrambeni aditiv. Vreli\u0161te: &gt; 120","og_url":"https:\/\/medicpro.hr\/veleprodaja\/proizvod\/kiselina-mlijecna-15-5-l\/","og_site_name":"Medicpro","article_modified_time":"2025-09-12T09:02:41+00:00","twitter_card":"summary_large_image","schema":{"@context":"https:\/\/schema.org","@graph":[{"@type":"WebPage","@id":"https:\/\/medicpro.hr\/veleprodaja\/proizvod\/kiselina-mlijecna-15-5-l\/","url":"https:\/\/medicpro.hr\/veleprodaja\/proizvod\/kiselina-mlijecna-15-5-l\/","name":"KISELINA MLIJE\u010cNA 15% 5 L - Medicpro","isPartOf":{"@id":"https:\/\/medicpro.hr\/veleprodaja\/#website"},"datePublished":"2025-09-01T01:03:29+00:00","dateModified":"2025-09-12T09:02:41+00:00","breadcrumb":{"@id":"https:\/\/medicpro.hr\/veleprodaja\/proizvod\/kiselina-mlijecna-15-5-l\/#breadcrumb"},"inLanguage":"hr","potentialAction":[{"@type":"ReadAction","target":["https:\/\/medicpro.hr\/veleprodaja\/proizvod\/kiselina-mlijecna-15-5-l\/"]}]},{"@type":"BreadcrumbList","@id":"https:\/\/medicpro.hr\/veleprodaja\/proizvod\/kiselina-mlijecna-15-5-l\/#breadcrumb","itemListElement":[{"@type":"ListItem","position":1,"name":"Po\u010detna stranica","item":"https:\/\/medicpro.hr\/veleprodaja\/"},{"@type":"ListItem","position":2,"name":"Veleprodaja","item":"https:\/\/medicpro.hr\/veleprodaja\/trgovina\/"},{"@type":"ListItem","position":3,"name":"KISELINA MLIJE\u010cNA 15% 5 L"}]},{"@type":"WebSite","@id":"https:\/\/medicpro.hr\/veleprodaja\/#website","url":"https:\/\/medicpro.hr\/veleprodaja\/","name":"Medicpro.hr","description":"Medicinski potro\u0161ni materijal i oprema","publisher":{"@id":"https:\/\/medicpro.hr\/veleprodaja\/#organization"},"potentialAction":[{"@type":"SearchAction","target":{"@type":"EntryPoint","urlTemplate":"https:\/\/medicpro.hr\/veleprodaja\/?s={search_term_string}"},"query-input":{"@type":"PropertyValueSpecification","valueRequired":true,"valueName":"search_term_string"}}],"inLanguage":"hr"},{"@type":"Organization","@id":"https:\/\/medicpro.hr\/veleprodaja\/#organization","name":"Medicpro d.o.o.","url":"https:\/\/medicpro.hr\/veleprodaja\/","logo":{"@type":"ImageObject","inLanguage":"hr","@id":"https:\/\/medicpro.hr\/veleprodaja\/#\/schema\/logo\/image\/","url":"https:\/\/medicpro.hr\/veleprodaja\/wp-content\/uploads\/2025\/05\/medicpro_logo.svg","contentUrl":"https:\/\/medicpro.hr\/veleprodaja\/wp-content\/uploads\/2025\/05\/medicpro_logo.svg","width":226,"height":42,"caption":"Medicpro d.o.o."},"image":{"@id":"https:\/\/medicpro.hr\/veleprodaja\/#\/schema\/logo\/image\/"}}]}},"_links":{"self":[{"href":"https:\/\/medicpro.hr\/veleprodaja\/wp-json\/wp\/v2\/product\/62287","targetHints":{"allow":["GET"]}}],"collection":[{"href":"https:\/\/medicpro.hr\/veleprodaja\/wp-json\/wp\/v2\/product"}],"about":[{"href":"https:\/\/medicpro.hr\/veleprodaja\/wp-json\/wp\/v2\/types\/product"}],"replies":[{"embeddable":true,"href":"https:\/\/medicpro.hr\/veleprodaja\/wp-json\/wp\/v2\/comments?post=62287"}],"wp:attachment":[{"href":"https:\/\/medicpro.hr\/veleprodaja\/wp-json\/wp\/v2\/media?parent=62287"}],"wp:term":[{"taxonomy":"product_brand","embeddable":true,"href":"https:\/\/medicpro.hr\/veleprodaja\/wp-json\/wp\/v2\/product_brand?post=62287"},{"taxonomy":"product_cat","embeddable":true,"href":"https:\/\/medicpro.hr\/veleprodaja\/wp-json\/wp\/v2\/product_cat?post=62287"},{"taxonomy":"product_tag","embeddable":true,"href":"https:\/\/medicpro.hr\/veleprodaja\/wp-json\/wp\/v2\/product_tag?post=62287"}],"curies":[{"name":"wp","href":"https:\/\/api.w.org\/{rel}","templated":true}]}}