{"id":62267,"date":"2025-09-01T03:03:29","date_gmt":"2025-09-01T01:03:29","guid":{"rendered":"https:\/\/zdesmedicpro-velepro.kuhada.net\/?post_type=product&#038;p=62267"},"modified":"2025-09-12T11:02:40","modified_gmt":"2025-09-12T09:02:40","slug":"irigator-za-ispiranje-uha-projet-ii","status":"publish","type":"product","link":"https:\/\/medicpro.hr\/veleprodaja\/proizvod\/irigator-za-ispiranje-uha-projet-ii\/","title":{"rendered":"IRIGATOR ZA ISPIRANJE UHA &#8220;ProJet II&#8221;"},"content":{"rendered":"<p>Irigator \u201eProJet II\u201c sustav za ispiranje u\u0161iju omogu\u0107ava brzo i higijensko uklanjanje cerumena (u\u0161nog voska). Dizajniran je za u\u010dinkovitu upotrebu u bolnicama, klinikama, ordinacijama te drugim zdravstvenim ustanovama. Zahvaljuju\u0107i kompaktnom dizajnu i jednostavnosti kori\u0161tenja, idealan je i za ku\u0107nu upotrebu.<\/p>\n<p><strong>Klju\u010dne zna\u010dajke proizvoda:<\/strong><\/p>\n<ul>\n<li>duga\u010dki kabel za napajanje, \u0161to omogu\u0107ava upotrebu ure\u0111aja s mjesta gdje je korisniku najprikladnije,<\/li>\n<li>zidni nosa\u010d, \u010dime se osloba\u0111a radni prostor i pojednostavljuje na\u010din pohrane,<\/li>\n<li>regulator protoka ugra\u0111en na ru\u010dku ure\u0111aja, kojim se protok vode mo\u017ee privremeno zaustaviti ili regulirati,<\/li>\n<li>jednostavno i precizno usmjeravanje mlaza vode zahvaljuju\u0107i tankom vrhu mlaznice,<\/li>\n<li>veliki rezervoar vode sa silikonskim podlo\u0161cima,<\/li>\n<li>jednostavna i sigurna upotreba,<\/li>\n<li>mlazom vode upravlja se s no\u017enim prekida\u010dem, \u0161to upotrebu \u010dini jo\u0161 jednostavnijom,<\/li>\n<li>ravna kontrolna plo\u010da jednostavna za odr\u017eavanje.<\/li>\n<\/ul>\n<p><strong>Standardni pribor<\/strong>:<\/p>\n<ul>\n<li>ure\u0111aj ProJet II,<\/li>\n<li>ru\u010dka s regulatorom protoka,<\/li>\n<li>rezervoar za vodu (500 ml),<\/li>\n<li>nastavci za u\u0161i (10 komada),<\/li>\n<li>mre\u017eni utika\u010d,<\/li>\n<li>no\u017eni prekida\u010d,<\/li>\n<li>upute za kori\u0161tenje.<\/li>\n<\/ul>\n","protected":false},"excerpt":{"rendered":"<p>Irigator \u201eProJet II\u201c sustav za ispiranje u\u0161iju omogu\u0107ava brzo i higijensko uklanjanje cerumena (u\u0161nog voska). Dizajniran je za u\u010dinkovitu upotrebu<\/p>\n","protected":false},"featured_media":53998,"comment_status":"open","ping_status":"closed","template":"","meta":[],"product_brand":[],"product_cat":[700,767],"product_tag":[],"class_list":{"0":"post-62267","1":"product","2":"type-product","3":"status-publish","4":"has-post-thumbnail","6":"product_cat-medicinski-uredaji","7":"product_cat-irigatori-za-usi","9":"first","10":"onbackorder","11":"taxable","12":"shipping-taxable","13":"purchasable","14":"product-type-simple"},"acf":[],"yoast_head":"<!-- This site is optimized with the Yoast SEO plugin v27.3 - https:\/\/yoast.com\/product\/yoast-seo-wordpress\/ -->\n<title>IRIGATOR ZA ISPIRANJE UHA &quot;ProJet II&quot; - Medicpro<\/title>\n<meta name=\"robots\" content=\"index, follow, max-snippet:-1, max-image-preview:large, max-video-preview:-1\" \/>\n<link rel=\"canonical\" href=\"https:\/\/medicpro.hr\/veleprodaja\/proizvod\/irigator-za-ispiranje-uha-projet-ii\/\" \/>\n<meta property=\"og:locale\" content=\"hr_HR\" \/>\n<meta property=\"og:type\" content=\"article\" \/>\n<meta property=\"og:title\" content=\"IRIGATOR ZA ISPIRANJE UHA &quot;ProJet II&quot; - Medicpro\" \/>\n<meta property=\"og:description\" content=\"Irigator \u201eProJet II\u201c sustav za ispiranje u\u0161iju omogu\u0107ava brzo i higijensko uklanjanje cerumena (u\u0161nog voska). Dizajniran je za u\u010dinkovitu upotrebu\" \/>\n<meta property=\"og:url\" content=\"https:\/\/medicpro.hr\/veleprodaja\/proizvod\/irigator-za-ispiranje-uha-projet-ii\/\" \/>\n<meta property=\"og:site_name\" content=\"Medicpro\" \/>\n<meta property=\"article:modified_time\" content=\"2025-09-12T09:02:40+00:00\" \/>\n<meta property=\"og:image\" content=\"https:\/\/medicpro.hr\/veleprodaja\/wp-content\/uploads\/2025\/06\/Irigator-za-ispiranje-uha-ProJet-II-1.webp\" \/>\n\t<meta property=\"og:image:width\" content=\"600\" \/>\n\t<meta property=\"og:image:height\" content=\"600\" \/>\n\t<meta property=\"og:image:type\" content=\"image\/webp\" \/>\n<meta name=\"twitter:card\" content=\"summary_large_image\" \/>\n<meta name=\"twitter:label1\" content=\"Procijenjeno vrijeme \u010ditanja\" \/>\n\t<meta name=\"twitter:data1\" content=\"1 minuta\" \/>\n<script type=\"application\/ld+json\" class=\"yoast-schema-graph\">{\"@context\":\"https:\\\/\\\/schema.org\",\"@graph\":[{\"@type\":\"WebPage\",\"@id\":\"https:\\\/\\\/medicpro.hr\\\/veleprodaja\\\/proizvod\\\/irigator-za-ispiranje-uha-projet-ii\\\/\",\"url\":\"https:\\\/\\\/medicpro.hr\\\/veleprodaja\\\/proizvod\\\/irigator-za-ispiranje-uha-projet-ii\\\/\",\"name\":\"IRIGATOR ZA ISPIRANJE UHA \\\"ProJet II\\\" - Medicpro\",\"isPartOf\":{\"@id\":\"https:\\\/\\\/medicpro.hr\\\/veleprodaja\\\/#website\"},\"primaryImageOfPage\":{\"@id\":\"https:\\\/\\\/medicpro.hr\\\/veleprodaja\\\/proizvod\\\/irigator-za-ispiranje-uha-projet-ii\\\/#primaryimage\"},\"image\":{\"@id\":\"https:\\\/\\\/medicpro.hr\\\/veleprodaja\\\/proizvod\\\/irigator-za-ispiranje-uha-projet-ii\\\/#primaryimage\"},\"thumbnailUrl\":\"https:\\\/\\\/medicpro.hr\\\/veleprodaja\\\/wp-content\\\/uploads\\\/2025\\\/06\\\/Irigator-za-ispiranje-uha-ProJet-II-1.webp\",\"datePublished\":\"2025-09-01T01:03:29+00:00\",\"dateModified\":\"2025-09-12T09:02:40+00:00\",\"breadcrumb\":{\"@id\":\"https:\\\/\\\/medicpro.hr\\\/veleprodaja\\\/proizvod\\\/irigator-za-ispiranje-uha-projet-ii\\\/#breadcrumb\"},\"inLanguage\":\"hr\",\"potentialAction\":[{\"@type\":\"ReadAction\",\"target\":[\"https:\\\/\\\/medicpro.hr\\\/veleprodaja\\\/proizvod\\\/irigator-za-ispiranje-uha-projet-ii\\\/\"]}]},{\"@type\":\"ImageObject\",\"inLanguage\":\"hr\",\"@id\":\"https:\\\/\\\/medicpro.hr\\\/veleprodaja\\\/proizvod\\\/irigator-za-ispiranje-uha-projet-ii\\\/#primaryimage\",\"url\":\"https:\\\/\\\/medicpro.hr\\\/veleprodaja\\\/wp-content\\\/uploads\\\/2025\\\/06\\\/Irigator-za-ispiranje-uha-ProJet-II-1.webp\",\"contentUrl\":\"https:\\\/\\\/medicpro.hr\\\/veleprodaja\\\/wp-content\\\/uploads\\\/2025\\\/06\\\/Irigator-za-ispiranje-uha-ProJet-II-1.webp\",\"width\":600,\"height\":600},{\"@type\":\"BreadcrumbList\",\"@id\":\"https:\\\/\\\/medicpro.hr\\\/veleprodaja\\\/proizvod\\\/irigator-za-ispiranje-uha-projet-ii\\\/#breadcrumb\",\"itemListElement\":[{\"@type\":\"ListItem\",\"position\":1,\"name\":\"Po\u010detna stranica\",\"item\":\"https:\\\/\\\/medicpro.hr\\\/veleprodaja\\\/\"},{\"@type\":\"ListItem\",\"position\":2,\"name\":\"Veleprodaja\",\"item\":\"https:\\\/\\\/medicpro.hr\\\/veleprodaja\\\/trgovina\\\/\"},{\"@type\":\"ListItem\",\"position\":3,\"name\":\"IRIGATOR ZA ISPIRANJE UHA &#8220;ProJet II&#8221;\"}]},{\"@type\":\"WebSite\",\"@id\":\"https:\\\/\\\/medicpro.hr\\\/veleprodaja\\\/#website\",\"url\":\"https:\\\/\\\/medicpro.hr\\\/veleprodaja\\\/\",\"name\":\"Medicpro.hr\",\"description\":\"Medicinski potro\u0161ni materijal i oprema\",\"publisher\":{\"@id\":\"https:\\\/\\\/medicpro.hr\\\/veleprodaja\\\/#organization\"},\"potentialAction\":[{\"@type\":\"SearchAction\",\"target\":{\"@type\":\"EntryPoint\",\"urlTemplate\":\"https:\\\/\\\/medicpro.hr\\\/veleprodaja\\\/?s={search_term_string}\"},\"query-input\":{\"@type\":\"PropertyValueSpecification\",\"valueRequired\":true,\"valueName\":\"search_term_string\"}}],\"inLanguage\":\"hr\"},{\"@type\":\"Organization\",\"@id\":\"https:\\\/\\\/medicpro.hr\\\/veleprodaja\\\/#organization\",\"name\":\"Medicpro d.o.o.\",\"url\":\"https:\\\/\\\/medicpro.hr\\\/veleprodaja\\\/\",\"logo\":{\"@type\":\"ImageObject\",\"inLanguage\":\"hr\",\"@id\":\"https:\\\/\\\/medicpro.hr\\\/veleprodaja\\\/#\\\/schema\\\/logo\\\/image\\\/\",\"url\":\"https:\\\/\\\/medicpro.hr\\\/veleprodaja\\\/wp-content\\\/uploads\\\/2025\\\/05\\\/medicpro_logo.svg\",\"contentUrl\":\"https:\\\/\\\/medicpro.hr\\\/veleprodaja\\\/wp-content\\\/uploads\\\/2025\\\/05\\\/medicpro_logo.svg\",\"width\":226,\"height\":42,\"caption\":\"Medicpro d.o.o.\"},\"image\":{\"@id\":\"https:\\\/\\\/medicpro.hr\\\/veleprodaja\\\/#\\\/schema\\\/logo\\\/image\\\/\"}}]}<\/script>\n<!-- \/ Yoast SEO plugin. -->","yoast_head_json":{"title":"IRIGATOR ZA ISPIRANJE UHA \"ProJet II\" - Medicpro","robots":{"index":"index","follow":"follow","max-snippet":"max-snippet:-1","max-image-preview":"max-image-preview:large","max-video-preview":"max-video-preview:-1"},"canonical":"https:\/\/medicpro.hr\/veleprodaja\/proizvod\/irigator-za-ispiranje-uha-projet-ii\/","og_locale":"hr_HR","og_type":"article","og_title":"IRIGATOR ZA ISPIRANJE UHA \"ProJet II\" - Medicpro","og_description":"Irigator \u201eProJet II\u201c sustav za ispiranje u\u0161iju omogu\u0107ava brzo i higijensko uklanjanje cerumena (u\u0161nog voska). Dizajniran je za u\u010dinkovitu upotrebu","og_url":"https:\/\/medicpro.hr\/veleprodaja\/proizvod\/irigator-za-ispiranje-uha-projet-ii\/","og_site_name":"Medicpro","article_modified_time":"2025-09-12T09:02:40+00:00","og_image":[{"width":600,"height":600,"url":"https:\/\/medicpro.hr\/veleprodaja\/wp-content\/uploads\/2025\/06\/Irigator-za-ispiranje-uha-ProJet-II-1.webp","type":"image\/webp"}],"twitter_card":"summary_large_image","twitter_misc":{"Procijenjeno vrijeme \u010ditanja":"1 minuta"},"schema":{"@context":"https:\/\/schema.org","@graph":[{"@type":"WebPage","@id":"https:\/\/medicpro.hr\/veleprodaja\/proizvod\/irigator-za-ispiranje-uha-projet-ii\/","url":"https:\/\/medicpro.hr\/veleprodaja\/proizvod\/irigator-za-ispiranje-uha-projet-ii\/","name":"IRIGATOR ZA ISPIRANJE UHA \"ProJet II\" - Medicpro","isPartOf":{"@id":"https:\/\/medicpro.hr\/veleprodaja\/#website"},"primaryImageOfPage":{"@id":"https:\/\/medicpro.hr\/veleprodaja\/proizvod\/irigator-za-ispiranje-uha-projet-ii\/#primaryimage"},"image":{"@id":"https:\/\/medicpro.hr\/veleprodaja\/proizvod\/irigator-za-ispiranje-uha-projet-ii\/#primaryimage"},"thumbnailUrl":"https:\/\/medicpro.hr\/veleprodaja\/wp-content\/uploads\/2025\/06\/Irigator-za-ispiranje-uha-ProJet-II-1.webp","datePublished":"2025-09-01T01:03:29+00:00","dateModified":"2025-09-12T09:02:40+00:00","breadcrumb":{"@id":"https:\/\/medicpro.hr\/veleprodaja\/proizvod\/irigator-za-ispiranje-uha-projet-ii\/#breadcrumb"},"inLanguage":"hr","potentialAction":[{"@type":"ReadAction","target":["https:\/\/medicpro.hr\/veleprodaja\/proizvod\/irigator-za-ispiranje-uha-projet-ii\/"]}]},{"@type":"ImageObject","inLanguage":"hr","@id":"https:\/\/medicpro.hr\/veleprodaja\/proizvod\/irigator-za-ispiranje-uha-projet-ii\/#primaryimage","url":"https:\/\/medicpro.hr\/veleprodaja\/wp-content\/uploads\/2025\/06\/Irigator-za-ispiranje-uha-ProJet-II-1.webp","contentUrl":"https:\/\/medicpro.hr\/veleprodaja\/wp-content\/uploads\/2025\/06\/Irigator-za-ispiranje-uha-ProJet-II-1.webp","width":600,"height":600},{"@type":"BreadcrumbList","@id":"https:\/\/medicpro.hr\/veleprodaja\/proizvod\/irigator-za-ispiranje-uha-projet-ii\/#breadcrumb","itemListElement":[{"@type":"ListItem","position":1,"name":"Po\u010detna stranica","item":"https:\/\/medicpro.hr\/veleprodaja\/"},{"@type":"ListItem","position":2,"name":"Veleprodaja","item":"https:\/\/medicpro.hr\/veleprodaja\/trgovina\/"},{"@type":"ListItem","position":3,"name":"IRIGATOR ZA ISPIRANJE UHA &#8220;ProJet II&#8221;"}]},{"@type":"WebSite","@id":"https:\/\/medicpro.hr\/veleprodaja\/#website","url":"https:\/\/medicpro.hr\/veleprodaja\/","name":"Medicpro.hr","description":"Medicinski potro\u0161ni materijal i oprema","publisher":{"@id":"https:\/\/medicpro.hr\/veleprodaja\/#organization"},"potentialAction":[{"@type":"SearchAction","target":{"@type":"EntryPoint","urlTemplate":"https:\/\/medicpro.hr\/veleprodaja\/?s={search_term_string}"},"query-input":{"@type":"PropertyValueSpecification","valueRequired":true,"valueName":"search_term_string"}}],"inLanguage":"hr"},{"@type":"Organization","@id":"https:\/\/medicpro.hr\/veleprodaja\/#organization","name":"Medicpro d.o.o.","url":"https:\/\/medicpro.hr\/veleprodaja\/","logo":{"@type":"ImageObject","inLanguage":"hr","@id":"https:\/\/medicpro.hr\/veleprodaja\/#\/schema\/logo\/image\/","url":"https:\/\/medicpro.hr\/veleprodaja\/wp-content\/uploads\/2025\/05\/medicpro_logo.svg","contentUrl":"https:\/\/medicpro.hr\/veleprodaja\/wp-content\/uploads\/2025\/05\/medicpro_logo.svg","width":226,"height":42,"caption":"Medicpro d.o.o."},"image":{"@id":"https:\/\/medicpro.hr\/veleprodaja\/#\/schema\/logo\/image\/"}}]}},"_links":{"self":[{"href":"https:\/\/medicpro.hr\/veleprodaja\/wp-json\/wp\/v2\/product\/62267","targetHints":{"allow":["GET"]}}],"collection":[{"href":"https:\/\/medicpro.hr\/veleprodaja\/wp-json\/wp\/v2\/product"}],"about":[{"href":"https:\/\/medicpro.hr\/veleprodaja\/wp-json\/wp\/v2\/types\/product"}],"replies":[{"embeddable":true,"href":"https:\/\/medicpro.hr\/veleprodaja\/wp-json\/wp\/v2\/comments?post=62267"}],"wp:featuredmedia":[{"embeddable":true,"href":"https:\/\/medicpro.hr\/veleprodaja\/wp-json\/wp\/v2\/media\/53998"}],"wp:attachment":[{"href":"https:\/\/medicpro.hr\/veleprodaja\/wp-json\/wp\/v2\/media?parent=62267"}],"wp:term":[{"taxonomy":"product_brand","embeddable":true,"href":"https:\/\/medicpro.hr\/veleprodaja\/wp-json\/wp\/v2\/product_brand?post=62267"},{"taxonomy":"product_cat","embeddable":true,"href":"https:\/\/medicpro.hr\/veleprodaja\/wp-json\/wp\/v2\/product_cat?post=62267"},{"taxonomy":"product_tag","embeddable":true,"href":"https:\/\/medicpro.hr\/veleprodaja\/wp-json\/wp\/v2\/product_tag?post=62267"}],"curies":[{"name":"wp","href":"https:\/\/api.w.org\/{rel}","templated":true}]}}