{"id":62250,"date":"2025-09-01T03:03:25","date_gmt":"2025-09-01T01:03:25","guid":{"rendered":"https:\/\/zdesmedicpro-velepro.kuhada.net\/?post_type=product&#038;p=62250"},"modified":"2025-09-12T11:02:41","modified_gmt":"2025-09-12T09:02:41","slug":"easyforce-digitalni-dinamometar","status":"publish","type":"product","link":"https:\/\/medicpro.hr\/veleprodaja\/proizvod\/easyforce-digitalni-dinamometar\/","title":{"rendered":"EasyForce digitalni dinamometar"},"content":{"rendered":"<p>EasyForce je visokokvalitetni potezni <strong>medicinski dinamometar<\/strong> koji omogu\u0107uje <strong>objektivno<\/strong>, <strong>pouzdano<\/strong> i <strong>kvantitativno testiranje mi\u0161i\u0107a<\/strong> u klinikama ili sportskim centrima.<\/p>\n<p>Radi se o novom i u\u010dinkovitom alatu <strong>za mjerenje proizvodnje mi\u0161i\u0107ne sile<\/strong>, koji pridonosi radu stru\u010dnih djelatnika, <strong>\u010dine\u0107i procjene lak\u0161ima nego ikada<\/strong>. Osigurava dosljednost postupaka restitucije opsega kretnji, snage mi\u0161i\u0107a i posturalnog poravnavanja.<\/p>\n<p>Mjeri \u010detiri parametra izometrijske mi\u0161i\u0107ne sile:<\/p>\n<ul>\n<li><strong>vr\u0161nu silu<\/strong><\/li>\n<li><strong>prosje\u010dnu silu<\/strong><\/li>\n<li><strong>vrijeme do vr\u0161ne vrijednosti <\/strong><\/li>\n<li><strong>vrijeme mi\u0161i\u0107a pod optere\u0107enjem<\/strong>.<\/li>\n<\/ul>\n<p>EasyForce koriste <strong>fizioterapeuti,<\/strong> <strong>treneri<\/strong> i <strong>osobni treneri<\/strong>, a <strong>mjerenja su vidljiva u stvarnom vremenu<\/strong> na ekranu s cjelokupnim rezultatima prikazanima po zavr\u0161etku mjerenja.<\/p>\n<p>Temelji se na senzorskoj jedinici koja sadr\u017ei senzor, gumbe i zaslon (sve u jednom), \u0161to \u010dini rad jednostavnim. Mo\u017ee se koristiti kao nadopuna ili umjesto dobro poznatog ru\u010dnog mi\u0161i\u0107nog testa.<\/p>\n<p>EasyForce se lako mo\u017ee spojiti na opremu za teretanu, kao \u0161to su strojevi sa kabelom za mjerenje eksplozivne snage i vr\u0161ne sile (koja ne ovisi samo o te\u017eini ve\u0107 i o brzini povla\u010denja). Jedinica senzora mo\u017ee se povezati s nizom dodataka pomo\u0107u standardnih karabinera koji omogu\u0107uju mnoge vrste mjerenja.<\/p>\n<h5><span style=\"text-decoration: underline\"><strong>Prednosti EasyForce<\/strong><\/span><\/h5>\n<ul>\n<li><strong>\u0160titi terapeuta<\/strong> <strong>jer mjerenja ne zahtijevaju fizi\u010dki kontakt<\/strong> &#8211; smanjuje se rizik od ozljede terapeuta kada je prisutna prekomjerna mi\u0161i\u0107na sila (primjerice izvo\u0111enje testiranja donjih udova sporta\u0161a).<\/li>\n<li><strong>Omogu\u0107uje testiranje mi\u0161i\u0107a bez ruku jer se mo\u017ee pri\u010dvrstiti na fiksne to\u010dke<\/strong> &#8211; omogu\u0107uje terapeutu kori\u0161tenje obje ruke za vo\u0111enje pacijenta.<\/li>\n<li><strong>Jedinstveni zaslon omogu\u0107uje jasnu i to\u010dnu kvantifikaciju statusa pacijenta pomo\u0107u vizualnog mjerenja <\/strong>&#8211; time se pove\u0107ava motivacija pacijenta da se pridr\u017eava plana lije\u010denja.<\/li>\n<li><strong>Omogu\u0107uje objektivnu i kvantitativnu procjenu svih mi\u0161i\u0107a <\/strong>&#8211; klini\u010dko pra\u0107enje i komunikaciju s pacijentom \u010dini preciznijom i konkretnijom.<\/li>\n<li><strong>Terapeut se mo\u017ee fokusirati na pacijenta <\/strong>(a ne na procjenu).<\/li>\n<\/ul>\n<h6>Tehni\u010dke specifikacije:<\/h6>\n<ul>\n<li>Mjerne jedinice: Kg, Lbs, N.<\/li>\n<li>Raspon mjerenja: 0 &#8211; 150 kg.<\/li>\n<li>Prikazani rezultati: vr\u0161na sila, prosje\u010dna snaga, vrijeme do vr\u0161ne snage, vrijeme pod optere\u0107enjem.<\/li>\n<li>Povijest pohrane: 4 mjerenja.<\/li>\n<li>Vrijeme punjenja: 2 sata.<\/li>\n<li>Vrijeme kori\u0161tenja: 2 tjedna (20 minuta kori\u0161tenja\/dan, 5 dana\/tjedan).<\/li>\n<li>Vrijeme pripravnosti: 12 tjedana.<\/li>\n<li>To\u010dnost senzora: \u00b1 1% to\u010dnosti.<\/li>\n<li>Regulatorni status: medicinski ure\u0111aj.<\/li>\n<\/ul>\n<h6>EasyForce set uklju\u010duje:<\/h6>\n<ul>\n<li>senzorsku jedinicu<\/li>\n<li>USB punja\u010d s kabelom<\/li>\n<li>karabinere x 2.<\/li>\n<\/ul>\n<p><strong>Pogledajte kako EasyForce funkcionira<\/strong><a href=\"https:\/\/www.youtube.com\/watch?v=bQe2Cg4YmGc\">\u00a0<strong>ovdje<\/strong><\/a>.<\/p>\n","protected":false},"excerpt":{"rendered":"<p>EasyForce je visokokvalitetni potezni medicinski dinamometar koji omogu\u0107uje objektivno, pouzdano i kvantitativno testiranje mi\u0161i\u0107a u klinikama ili sportskim centrima. Radi<\/p>\n","protected":false},"featured_media":53973,"comment_status":"open","ping_status":"closed","template":"","meta":[],"product_brand":[],"product_cat":[705,759,765,855],"product_tag":[],"class_list":{"0":"post-62250","1":"product","2":"type-product","3":"status-publish","4":"has-post-thumbnail","6":"product_cat-fizikalna-terapija","7":"product_cat-uredaji-za-fizikalnu-terapiju","8":"product_cat-kutak-za-sportase","9":"product_cat-easyangle-i-easyforce","11":"first","12":"instock","13":"taxable","14":"shipping-taxable","15":"purchasable","16":"product-type-simple"},"acf":[],"yoast_head":"<!-- This site is optimized with the Yoast SEO plugin v27.3 - https:\/\/yoast.com\/product\/yoast-seo-wordpress\/ -->\n<title>EasyForce digitalni dinamometar - Medicpro<\/title>\n<meta name=\"robots\" content=\"index, follow, max-snippet:-1, max-image-preview:large, max-video-preview:-1\" \/>\n<link rel=\"canonical\" href=\"https:\/\/medicpro.hr\/veleprodaja\/proizvod\/easyforce-digitalni-dinamometar\/\" \/>\n<meta property=\"og:locale\" content=\"hr_HR\" \/>\n<meta property=\"og:type\" content=\"article\" \/>\n<meta property=\"og:title\" content=\"EasyForce digitalni dinamometar - Medicpro\" \/>\n<meta property=\"og:description\" content=\"EasyForce je visokokvalitetni potezni medicinski dinamometar koji omogu\u0107uje objektivno, pouzdano i kvantitativno testiranje mi\u0161i\u0107a u klinikama ili sportskim centrima. Radi\" \/>\n<meta property=\"og:url\" content=\"https:\/\/medicpro.hr\/veleprodaja\/proizvod\/easyforce-digitalni-dinamometar\/\" \/>\n<meta property=\"og:site_name\" content=\"Medicpro\" \/>\n<meta property=\"article:modified_time\" content=\"2025-09-12T09:02:41+00:00\" \/>\n<meta property=\"og:image\" content=\"https:\/\/medicpro.hr\/veleprodaja\/wp-content\/uploads\/2025\/06\/easyforce-digitalni-dinamometar-1-3.jpg\" \/>\n\t<meta property=\"og:image:width\" content=\"800\" \/>\n\t<meta property=\"og:image:height\" content=\"1040\" \/>\n\t<meta property=\"og:image:type\" content=\"image\/jpeg\" \/>\n<meta name=\"twitter:card\" content=\"summary_large_image\" \/>\n<meta name=\"twitter:label1\" content=\"Procijenjeno vrijeme \u010ditanja\" \/>\n\t<meta name=\"twitter:data1\" content=\"2 minute\" \/>\n<script type=\"application\/ld+json\" class=\"yoast-schema-graph\">{\"@context\":\"https:\\\/\\\/schema.org\",\"@graph\":[{\"@type\":\"WebPage\",\"@id\":\"https:\\\/\\\/medicpro.hr\\\/veleprodaja\\\/proizvod\\\/easyforce-digitalni-dinamometar\\\/\",\"url\":\"https:\\\/\\\/medicpro.hr\\\/veleprodaja\\\/proizvod\\\/easyforce-digitalni-dinamometar\\\/\",\"name\":\"EasyForce digitalni dinamometar - Medicpro\",\"isPartOf\":{\"@id\":\"https:\\\/\\\/medicpro.hr\\\/veleprodaja\\\/#website\"},\"primaryImageOfPage\":{\"@id\":\"https:\\\/\\\/medicpro.hr\\\/veleprodaja\\\/proizvod\\\/easyforce-digitalni-dinamometar\\\/#primaryimage\"},\"image\":{\"@id\":\"https:\\\/\\\/medicpro.hr\\\/veleprodaja\\\/proizvod\\\/easyforce-digitalni-dinamometar\\\/#primaryimage\"},\"thumbnailUrl\":\"https:\\\/\\\/medicpro.hr\\\/veleprodaja\\\/wp-content\\\/uploads\\\/2025\\\/06\\\/easyforce-digitalni-dinamometar-1-3.jpg\",\"datePublished\":\"2025-09-01T01:03:25+00:00\",\"dateModified\":\"2025-09-12T09:02:41+00:00\",\"breadcrumb\":{\"@id\":\"https:\\\/\\\/medicpro.hr\\\/veleprodaja\\\/proizvod\\\/easyforce-digitalni-dinamometar\\\/#breadcrumb\"},\"inLanguage\":\"hr\",\"potentialAction\":[{\"@type\":\"ReadAction\",\"target\":[\"https:\\\/\\\/medicpro.hr\\\/veleprodaja\\\/proizvod\\\/easyforce-digitalni-dinamometar\\\/\"]}]},{\"@type\":\"ImageObject\",\"inLanguage\":\"hr\",\"@id\":\"https:\\\/\\\/medicpro.hr\\\/veleprodaja\\\/proizvod\\\/easyforce-digitalni-dinamometar\\\/#primaryimage\",\"url\":\"https:\\\/\\\/medicpro.hr\\\/veleprodaja\\\/wp-content\\\/uploads\\\/2025\\\/06\\\/easyforce-digitalni-dinamometar-1-3.jpg\",\"contentUrl\":\"https:\\\/\\\/medicpro.hr\\\/veleprodaja\\\/wp-content\\\/uploads\\\/2025\\\/06\\\/easyforce-digitalni-dinamometar-1-3.jpg\",\"width\":800,\"height\":1040},{\"@type\":\"BreadcrumbList\",\"@id\":\"https:\\\/\\\/medicpro.hr\\\/veleprodaja\\\/proizvod\\\/easyforce-digitalni-dinamometar\\\/#breadcrumb\",\"itemListElement\":[{\"@type\":\"ListItem\",\"position\":1,\"name\":\"Po\u010detna stranica\",\"item\":\"https:\\\/\\\/medicpro.hr\\\/veleprodaja\\\/\"},{\"@type\":\"ListItem\",\"position\":2,\"name\":\"Veleprodaja\",\"item\":\"https:\\\/\\\/medicpro.hr\\\/veleprodaja\\\/trgovina\\\/\"},{\"@type\":\"ListItem\",\"position\":3,\"name\":\"EasyForce digitalni dinamometar\"}]},{\"@type\":\"WebSite\",\"@id\":\"https:\\\/\\\/medicpro.hr\\\/veleprodaja\\\/#website\",\"url\":\"https:\\\/\\\/medicpro.hr\\\/veleprodaja\\\/\",\"name\":\"Medicpro.hr\",\"description\":\"Medicinski potro\u0161ni materijal i oprema\",\"publisher\":{\"@id\":\"https:\\\/\\\/medicpro.hr\\\/veleprodaja\\\/#organization\"},\"potentialAction\":[{\"@type\":\"SearchAction\",\"target\":{\"@type\":\"EntryPoint\",\"urlTemplate\":\"https:\\\/\\\/medicpro.hr\\\/veleprodaja\\\/?s={search_term_string}\"},\"query-input\":{\"@type\":\"PropertyValueSpecification\",\"valueRequired\":true,\"valueName\":\"search_term_string\"}}],\"inLanguage\":\"hr\"},{\"@type\":\"Organization\",\"@id\":\"https:\\\/\\\/medicpro.hr\\\/veleprodaja\\\/#organization\",\"name\":\"Medicpro d.o.o.\",\"url\":\"https:\\\/\\\/medicpro.hr\\\/veleprodaja\\\/\",\"logo\":{\"@type\":\"ImageObject\",\"inLanguage\":\"hr\",\"@id\":\"https:\\\/\\\/medicpro.hr\\\/veleprodaja\\\/#\\\/schema\\\/logo\\\/image\\\/\",\"url\":\"https:\\\/\\\/medicpro.hr\\\/veleprodaja\\\/wp-content\\\/uploads\\\/2025\\\/05\\\/medicpro_logo.svg\",\"contentUrl\":\"https:\\\/\\\/medicpro.hr\\\/veleprodaja\\\/wp-content\\\/uploads\\\/2025\\\/05\\\/medicpro_logo.svg\",\"width\":226,\"height\":42,\"caption\":\"Medicpro d.o.o.\"},\"image\":{\"@id\":\"https:\\\/\\\/medicpro.hr\\\/veleprodaja\\\/#\\\/schema\\\/logo\\\/image\\\/\"}}]}<\/script>\n<!-- \/ Yoast SEO plugin. -->","yoast_head_json":{"title":"EasyForce digitalni dinamometar - Medicpro","robots":{"index":"index","follow":"follow","max-snippet":"max-snippet:-1","max-image-preview":"max-image-preview:large","max-video-preview":"max-video-preview:-1"},"canonical":"https:\/\/medicpro.hr\/veleprodaja\/proizvod\/easyforce-digitalni-dinamometar\/","og_locale":"hr_HR","og_type":"article","og_title":"EasyForce digitalni dinamometar - Medicpro","og_description":"EasyForce je visokokvalitetni potezni medicinski dinamometar koji omogu\u0107uje objektivno, pouzdano i kvantitativno testiranje mi\u0161i\u0107a u klinikama ili sportskim centrima. Radi","og_url":"https:\/\/medicpro.hr\/veleprodaja\/proizvod\/easyforce-digitalni-dinamometar\/","og_site_name":"Medicpro","article_modified_time":"2025-09-12T09:02:41+00:00","og_image":[{"width":800,"height":1040,"url":"https:\/\/medicpro.hr\/veleprodaja\/wp-content\/uploads\/2025\/06\/easyforce-digitalni-dinamometar-1-3.jpg","type":"image\/jpeg"}],"twitter_card":"summary_large_image","twitter_misc":{"Procijenjeno vrijeme \u010ditanja":"2 minute"},"schema":{"@context":"https:\/\/schema.org","@graph":[{"@type":"WebPage","@id":"https:\/\/medicpro.hr\/veleprodaja\/proizvod\/easyforce-digitalni-dinamometar\/","url":"https:\/\/medicpro.hr\/veleprodaja\/proizvod\/easyforce-digitalni-dinamometar\/","name":"EasyForce digitalni dinamometar - Medicpro","isPartOf":{"@id":"https:\/\/medicpro.hr\/veleprodaja\/#website"},"primaryImageOfPage":{"@id":"https:\/\/medicpro.hr\/veleprodaja\/proizvod\/easyforce-digitalni-dinamometar\/#primaryimage"},"image":{"@id":"https:\/\/medicpro.hr\/veleprodaja\/proizvod\/easyforce-digitalni-dinamometar\/#primaryimage"},"thumbnailUrl":"https:\/\/medicpro.hr\/veleprodaja\/wp-content\/uploads\/2025\/06\/easyforce-digitalni-dinamometar-1-3.jpg","datePublished":"2025-09-01T01:03:25+00:00","dateModified":"2025-09-12T09:02:41+00:00","breadcrumb":{"@id":"https:\/\/medicpro.hr\/veleprodaja\/proizvod\/easyforce-digitalni-dinamometar\/#breadcrumb"},"inLanguage":"hr","potentialAction":[{"@type":"ReadAction","target":["https:\/\/medicpro.hr\/veleprodaja\/proizvod\/easyforce-digitalni-dinamometar\/"]}]},{"@type":"ImageObject","inLanguage":"hr","@id":"https:\/\/medicpro.hr\/veleprodaja\/proizvod\/easyforce-digitalni-dinamometar\/#primaryimage","url":"https:\/\/medicpro.hr\/veleprodaja\/wp-content\/uploads\/2025\/06\/easyforce-digitalni-dinamometar-1-3.jpg","contentUrl":"https:\/\/medicpro.hr\/veleprodaja\/wp-content\/uploads\/2025\/06\/easyforce-digitalni-dinamometar-1-3.jpg","width":800,"height":1040},{"@type":"BreadcrumbList","@id":"https:\/\/medicpro.hr\/veleprodaja\/proizvod\/easyforce-digitalni-dinamometar\/#breadcrumb","itemListElement":[{"@type":"ListItem","position":1,"name":"Po\u010detna stranica","item":"https:\/\/medicpro.hr\/veleprodaja\/"},{"@type":"ListItem","position":2,"name":"Veleprodaja","item":"https:\/\/medicpro.hr\/veleprodaja\/trgovina\/"},{"@type":"ListItem","position":3,"name":"EasyForce digitalni dinamometar"}]},{"@type":"WebSite","@id":"https:\/\/medicpro.hr\/veleprodaja\/#website","url":"https:\/\/medicpro.hr\/veleprodaja\/","name":"Medicpro.hr","description":"Medicinski potro\u0161ni materijal i oprema","publisher":{"@id":"https:\/\/medicpro.hr\/veleprodaja\/#organization"},"potentialAction":[{"@type":"SearchAction","target":{"@type":"EntryPoint","urlTemplate":"https:\/\/medicpro.hr\/veleprodaja\/?s={search_term_string}"},"query-input":{"@type":"PropertyValueSpecification","valueRequired":true,"valueName":"search_term_string"}}],"inLanguage":"hr"},{"@type":"Organization","@id":"https:\/\/medicpro.hr\/veleprodaja\/#organization","name":"Medicpro d.o.o.","url":"https:\/\/medicpro.hr\/veleprodaja\/","logo":{"@type":"ImageObject","inLanguage":"hr","@id":"https:\/\/medicpro.hr\/veleprodaja\/#\/schema\/logo\/image\/","url":"https:\/\/medicpro.hr\/veleprodaja\/wp-content\/uploads\/2025\/05\/medicpro_logo.svg","contentUrl":"https:\/\/medicpro.hr\/veleprodaja\/wp-content\/uploads\/2025\/05\/medicpro_logo.svg","width":226,"height":42,"caption":"Medicpro d.o.o."},"image":{"@id":"https:\/\/medicpro.hr\/veleprodaja\/#\/schema\/logo\/image\/"}}]}},"_links":{"self":[{"href":"https:\/\/medicpro.hr\/veleprodaja\/wp-json\/wp\/v2\/product\/62250","targetHints":{"allow":["GET"]}}],"collection":[{"href":"https:\/\/medicpro.hr\/veleprodaja\/wp-json\/wp\/v2\/product"}],"about":[{"href":"https:\/\/medicpro.hr\/veleprodaja\/wp-json\/wp\/v2\/types\/product"}],"replies":[{"embeddable":true,"href":"https:\/\/medicpro.hr\/veleprodaja\/wp-json\/wp\/v2\/comments?post=62250"}],"wp:featuredmedia":[{"embeddable":true,"href":"https:\/\/medicpro.hr\/veleprodaja\/wp-json\/wp\/v2\/media\/53973"}],"wp:attachment":[{"href":"https:\/\/medicpro.hr\/veleprodaja\/wp-json\/wp\/v2\/media?parent=62250"}],"wp:term":[{"taxonomy":"product_brand","embeddable":true,"href":"https:\/\/medicpro.hr\/veleprodaja\/wp-json\/wp\/v2\/product_brand?post=62250"},{"taxonomy":"product_cat","embeddable":true,"href":"https:\/\/medicpro.hr\/veleprodaja\/wp-json\/wp\/v2\/product_cat?post=62250"},{"taxonomy":"product_tag","embeddable":true,"href":"https:\/\/medicpro.hr\/veleprodaja\/wp-json\/wp\/v2\/product_tag?post=62250"}],"curies":[{"name":"wp","href":"https:\/\/api.w.org\/{rel}","templated":true}]}}