{"id":62249,"date":"2025-09-01T03:03:25","date_gmt":"2025-09-01T01:03:25","guid":{"rendered":"https:\/\/zdesmedicpro-velepro.kuhada.net\/?post_type=product&#038;p=62249"},"modified":"2026-04-14T09:30:08","modified_gmt":"2026-04-14T07:30:08","slug":"easyangle-digitalni-goniometar","status":"publish","type":"product","link":"https:\/\/medicpro.hr\/veleprodaja\/proizvod\/easyangle-digitalni-goniometar\/","title":{"rendered":"EasyAngle digitalni goniometar"},"content":{"rendered":"<p>EasyAngle je <strong>digitalni goniometar<\/strong> koji mo\u017ee mjeriti raspon pokreta, <strong>brzo i jednostavno<\/strong>. Klikom na gumb, mogu\u0107e je mjeriti <strong>raspon pokreta svih zglobova u svim ravninama<\/strong>.<\/p>\n<p>Dizajniran je za jednostavnu uporabu i prenosivost (mo\u017ee se nositi u d\u017eepu), a <strong>mjerenja mogu biti izvr\u0161ena u svega nekoliko sekundi<\/strong>. Uz EasyAngle, terapeut se mo\u017ee fokusirati na pacijenta, a ne na goniometar.<\/p>\n<p>Svrha EasyAnglea je <strong>olak\u0161ati procjenu opsega kretnji (ROM) i stvarnoga kuta <\/strong>(npr. maksimalnu ekstenziju, fleksiju, addukciju, abdukciju i rotaciju bilo kojega zgloba). Ova procjena mo\u017ee se koristiti primjerice za pra\u0107enje napretka u programu rehabilitacije ili za ispitivanje te\u017eine ozljede.<\/p>\n<p>EasyAngle<strong> mo\u017ee izmjeriti sve kutove<\/strong>, uklju\u010duju\u0107i spinalne i vratne pokrete te pokrete malih zglobova (prstiju). Stoga, EasyAngle mo\u017ee zamijeniti:<\/p>\n<ul>\n<li>goniometar<\/li>\n<li>goniometar za prste<\/li>\n<li>inklinometar<\/li>\n<li>CROM i BROM.<\/li>\n<\/ul>\n<h5><span style=\"text-decoration: underline\"><strong>Prednosti EasyAngle ure\u0111aja<\/strong><\/span><\/h5>\n<ul>\n<li><strong>Dizajniran za rad s jednom rukom<\/strong> \u2013 dizajniran je tako da se koristi jednom rukom, ostavljaju\u0107i drugu ruku slobodnom za podupiranje pacijenta.<\/li>\n<li><strong>Mo\u017ee se koristiti za mjerenje svih zglobova<\/strong> (uklju\u010duju\u0107i i rotacije).<\/li>\n<li><strong>Sprema zadnjih 5 mjerenja<\/strong> \u2013 vi\u0161e ne morate bilje\u017eiti rezultate mjerenja na papir.<\/li>\n<li><strong>Lako \u010ditljiv zaslon<\/strong>.<\/li>\n<li><strong>Klini\u010dki potvr\u0111eno.<\/strong><\/li>\n<\/ul>\n<h6>Tehni\u010dke specifikacije:<\/h6>\n<ul>\n<li>Vrijeme rada: 2 tjedna (12 min\/dan).<\/li>\n<li>Napajanje: ugra\u0111ena, punjiva baterija.<\/li>\n<li>Su\u010delje za punjenje: USB-micro.<\/li>\n<li>Vrijeme pripravnosti: 11 tjedana.<\/li>\n<li>Vrijeme punjenja: 2 sata.<\/li>\n<li>Preciznost senzora (0\u00b0 &#8211; 180\u00b0): \u00b1 1\u00b0.<\/li>\n<li>Radna temperatura: 0\u00b0C do 45\u00b0C.<\/li>\n<li>Ku\u0107i\u0161te: IP4X.<\/li>\n<\/ul>\n<h6>EasyAngle komplet uklju\u010duje:<\/h6>\n<ul>\n<li>senzorsku jedinicu<\/li>\n<li>duga\u010dku vodilicu za poravnanje<\/li>\n<li>USB zidni punja\u010d.<\/li>\n<\/ul>\n<p><strong>Pogledajte kako EasyAngle funkcionira<\/strong> <a href=\"https:\/\/www.youtube.com\/watch?v=dsfLLOLvHsQ\"><strong>ovdje<\/strong><\/a>.<\/p>\n","protected":false},"excerpt":{"rendered":"<p>EasyAngle je digitalni goniometar koji mo\u017ee mjeriti raspon pokreta, brzo i jednostavno. Klikom na gumb, mogu\u0107e je mjeriti raspon pokreta<\/p>\n","protected":false},"featured_media":53970,"comment_status":"open","ping_status":"closed","template":"","meta":[],"product_brand":[],"product_cat":[705,759,765,855],"product_tag":[],"class_list":{"0":"post-62249","1":"product","2":"type-product","3":"status-publish","4":"has-post-thumbnail","6":"product_cat-fizikalna-terapija","7":"product_cat-uredaji-za-fizikalnu-terapiju","8":"product_cat-kutak-za-sportase","9":"product_cat-easyangle-i-easyforce","11":"first","12":"instock","13":"taxable","14":"shipping-taxable","15":"purchasable","16":"product-type-simple"},"acf":[],"yoast_head":"<!-- This site is optimized with the Yoast SEO plugin v27.3 - https:\/\/yoast.com\/product\/yoast-seo-wordpress\/ -->\n<title>EasyAngle digitalni goniometar - Medicpro<\/title>\n<meta name=\"robots\" content=\"index, follow, max-snippet:-1, max-image-preview:large, max-video-preview:-1\" \/>\n<link rel=\"canonical\" href=\"https:\/\/medicpro.hr\/veleprodaja\/proizvod\/easyangle-digitalni-goniometar\/\" \/>\n<meta property=\"og:locale\" content=\"hr_HR\" \/>\n<meta property=\"og:type\" content=\"article\" \/>\n<meta property=\"og:title\" content=\"EasyAngle digitalni goniometar - Medicpro\" \/>\n<meta property=\"og:description\" content=\"EasyAngle je digitalni goniometar koji mo\u017ee mjeriti raspon pokreta, brzo i jednostavno. Klikom na gumb, mogu\u0107e je mjeriti raspon pokreta\" \/>\n<meta property=\"og:url\" content=\"https:\/\/medicpro.hr\/veleprodaja\/proizvod\/easyangle-digitalni-goniometar\/\" \/>\n<meta property=\"og:site_name\" content=\"Medicpro\" \/>\n<meta property=\"article:modified_time\" content=\"2026-04-14T07:30:08+00:00\" \/>\n<meta property=\"og:image\" content=\"https:\/\/medicpro.hr\/veleprodaja\/wp-content\/uploads\/2025\/06\/easyangle-digitalni-goniometar-5.jpg\" \/>\n\t<meta property=\"og:image:width\" content=\"800\" \/>\n\t<meta property=\"og:image:height\" content=\"1040\" \/>\n\t<meta property=\"og:image:type\" content=\"image\/jpeg\" \/>\n<meta name=\"twitter:card\" content=\"summary_large_image\" \/>\n<meta name=\"twitter:label1\" content=\"Procijenjeno vrijeme \u010ditanja\" \/>\n\t<meta name=\"twitter:data1\" content=\"1 minuta\" \/>\n<script type=\"application\/ld+json\" class=\"yoast-schema-graph\">{\"@context\":\"https:\\\/\\\/schema.org\",\"@graph\":[{\"@type\":\"WebPage\",\"@id\":\"https:\\\/\\\/medicpro.hr\\\/veleprodaja\\\/proizvod\\\/easyangle-digitalni-goniometar\\\/\",\"url\":\"https:\\\/\\\/medicpro.hr\\\/veleprodaja\\\/proizvod\\\/easyangle-digitalni-goniometar\\\/\",\"name\":\"EasyAngle digitalni goniometar - Medicpro\",\"isPartOf\":{\"@id\":\"https:\\\/\\\/medicpro.hr\\\/veleprodaja\\\/#website\"},\"primaryImageOfPage\":{\"@id\":\"https:\\\/\\\/medicpro.hr\\\/veleprodaja\\\/proizvod\\\/easyangle-digitalni-goniometar\\\/#primaryimage\"},\"image\":{\"@id\":\"https:\\\/\\\/medicpro.hr\\\/veleprodaja\\\/proizvod\\\/easyangle-digitalni-goniometar\\\/#primaryimage\"},\"thumbnailUrl\":\"https:\\\/\\\/medicpro.hr\\\/veleprodaja\\\/wp-content\\\/uploads\\\/2025\\\/06\\\/easyangle-digitalni-goniometar-5.jpg\",\"datePublished\":\"2025-09-01T01:03:25+00:00\",\"dateModified\":\"2026-04-14T07:30:08+00:00\",\"breadcrumb\":{\"@id\":\"https:\\\/\\\/medicpro.hr\\\/veleprodaja\\\/proizvod\\\/easyangle-digitalni-goniometar\\\/#breadcrumb\"},\"inLanguage\":\"hr\",\"potentialAction\":[{\"@type\":\"ReadAction\",\"target\":[\"https:\\\/\\\/medicpro.hr\\\/veleprodaja\\\/proizvod\\\/easyangle-digitalni-goniometar\\\/\"]}]},{\"@type\":\"ImageObject\",\"inLanguage\":\"hr\",\"@id\":\"https:\\\/\\\/medicpro.hr\\\/veleprodaja\\\/proizvod\\\/easyangle-digitalni-goniometar\\\/#primaryimage\",\"url\":\"https:\\\/\\\/medicpro.hr\\\/veleprodaja\\\/wp-content\\\/uploads\\\/2025\\\/06\\\/easyangle-digitalni-goniometar-5.jpg\",\"contentUrl\":\"https:\\\/\\\/medicpro.hr\\\/veleprodaja\\\/wp-content\\\/uploads\\\/2025\\\/06\\\/easyangle-digitalni-goniometar-5.jpg\",\"width\":800,\"height\":1040},{\"@type\":\"BreadcrumbList\",\"@id\":\"https:\\\/\\\/medicpro.hr\\\/veleprodaja\\\/proizvod\\\/easyangle-digitalni-goniometar\\\/#breadcrumb\",\"itemListElement\":[{\"@type\":\"ListItem\",\"position\":1,\"name\":\"Po\u010detna stranica\",\"item\":\"https:\\\/\\\/medicpro.hr\\\/veleprodaja\\\/\"},{\"@type\":\"ListItem\",\"position\":2,\"name\":\"Veleprodaja\",\"item\":\"https:\\\/\\\/medicpro.hr\\\/veleprodaja\\\/trgovina\\\/\"},{\"@type\":\"ListItem\",\"position\":3,\"name\":\"EasyAngle digitalni goniometar\"}]},{\"@type\":\"WebSite\",\"@id\":\"https:\\\/\\\/medicpro.hr\\\/veleprodaja\\\/#website\",\"url\":\"https:\\\/\\\/medicpro.hr\\\/veleprodaja\\\/\",\"name\":\"Medicpro.hr\",\"description\":\"Medicinski potro\u0161ni materijal i oprema\",\"publisher\":{\"@id\":\"https:\\\/\\\/medicpro.hr\\\/veleprodaja\\\/#organization\"},\"potentialAction\":[{\"@type\":\"SearchAction\",\"target\":{\"@type\":\"EntryPoint\",\"urlTemplate\":\"https:\\\/\\\/medicpro.hr\\\/veleprodaja\\\/?s={search_term_string}\"},\"query-input\":{\"@type\":\"PropertyValueSpecification\",\"valueRequired\":true,\"valueName\":\"search_term_string\"}}],\"inLanguage\":\"hr\"},{\"@type\":\"Organization\",\"@id\":\"https:\\\/\\\/medicpro.hr\\\/veleprodaja\\\/#organization\",\"name\":\"Medicpro d.o.o.\",\"url\":\"https:\\\/\\\/medicpro.hr\\\/veleprodaja\\\/\",\"logo\":{\"@type\":\"ImageObject\",\"inLanguage\":\"hr\",\"@id\":\"https:\\\/\\\/medicpro.hr\\\/veleprodaja\\\/#\\\/schema\\\/logo\\\/image\\\/\",\"url\":\"https:\\\/\\\/medicpro.hr\\\/veleprodaja\\\/wp-content\\\/uploads\\\/2025\\\/05\\\/medicpro_logo.svg\",\"contentUrl\":\"https:\\\/\\\/medicpro.hr\\\/veleprodaja\\\/wp-content\\\/uploads\\\/2025\\\/05\\\/medicpro_logo.svg\",\"width\":226,\"height\":42,\"caption\":\"Medicpro d.o.o.\"},\"image\":{\"@id\":\"https:\\\/\\\/medicpro.hr\\\/veleprodaja\\\/#\\\/schema\\\/logo\\\/image\\\/\"}}]}<\/script>\n<!-- \/ Yoast SEO plugin. -->","yoast_head_json":{"title":"EasyAngle digitalni goniometar - Medicpro","robots":{"index":"index","follow":"follow","max-snippet":"max-snippet:-1","max-image-preview":"max-image-preview:large","max-video-preview":"max-video-preview:-1"},"canonical":"https:\/\/medicpro.hr\/veleprodaja\/proizvod\/easyangle-digitalni-goniometar\/","og_locale":"hr_HR","og_type":"article","og_title":"EasyAngle digitalni goniometar - Medicpro","og_description":"EasyAngle je digitalni goniometar koji mo\u017ee mjeriti raspon pokreta, brzo i jednostavno. Klikom na gumb, mogu\u0107e je mjeriti raspon pokreta","og_url":"https:\/\/medicpro.hr\/veleprodaja\/proizvod\/easyangle-digitalni-goniometar\/","og_site_name":"Medicpro","article_modified_time":"2026-04-14T07:30:08+00:00","og_image":[{"width":800,"height":1040,"url":"https:\/\/medicpro.hr\/veleprodaja\/wp-content\/uploads\/2025\/06\/easyangle-digitalni-goniometar-5.jpg","type":"image\/jpeg"}],"twitter_card":"summary_large_image","twitter_misc":{"Procijenjeno vrijeme \u010ditanja":"1 minuta"},"schema":{"@context":"https:\/\/schema.org","@graph":[{"@type":"WebPage","@id":"https:\/\/medicpro.hr\/veleprodaja\/proizvod\/easyangle-digitalni-goniometar\/","url":"https:\/\/medicpro.hr\/veleprodaja\/proizvod\/easyangle-digitalni-goniometar\/","name":"EasyAngle digitalni goniometar - Medicpro","isPartOf":{"@id":"https:\/\/medicpro.hr\/veleprodaja\/#website"},"primaryImageOfPage":{"@id":"https:\/\/medicpro.hr\/veleprodaja\/proizvod\/easyangle-digitalni-goniometar\/#primaryimage"},"image":{"@id":"https:\/\/medicpro.hr\/veleprodaja\/proizvod\/easyangle-digitalni-goniometar\/#primaryimage"},"thumbnailUrl":"https:\/\/medicpro.hr\/veleprodaja\/wp-content\/uploads\/2025\/06\/easyangle-digitalni-goniometar-5.jpg","datePublished":"2025-09-01T01:03:25+00:00","dateModified":"2026-04-14T07:30:08+00:00","breadcrumb":{"@id":"https:\/\/medicpro.hr\/veleprodaja\/proizvod\/easyangle-digitalni-goniometar\/#breadcrumb"},"inLanguage":"hr","potentialAction":[{"@type":"ReadAction","target":["https:\/\/medicpro.hr\/veleprodaja\/proizvod\/easyangle-digitalni-goniometar\/"]}]},{"@type":"ImageObject","inLanguage":"hr","@id":"https:\/\/medicpro.hr\/veleprodaja\/proizvod\/easyangle-digitalni-goniometar\/#primaryimage","url":"https:\/\/medicpro.hr\/veleprodaja\/wp-content\/uploads\/2025\/06\/easyangle-digitalni-goniometar-5.jpg","contentUrl":"https:\/\/medicpro.hr\/veleprodaja\/wp-content\/uploads\/2025\/06\/easyangle-digitalni-goniometar-5.jpg","width":800,"height":1040},{"@type":"BreadcrumbList","@id":"https:\/\/medicpro.hr\/veleprodaja\/proizvod\/easyangle-digitalni-goniometar\/#breadcrumb","itemListElement":[{"@type":"ListItem","position":1,"name":"Po\u010detna stranica","item":"https:\/\/medicpro.hr\/veleprodaja\/"},{"@type":"ListItem","position":2,"name":"Veleprodaja","item":"https:\/\/medicpro.hr\/veleprodaja\/trgovina\/"},{"@type":"ListItem","position":3,"name":"EasyAngle digitalni goniometar"}]},{"@type":"WebSite","@id":"https:\/\/medicpro.hr\/veleprodaja\/#website","url":"https:\/\/medicpro.hr\/veleprodaja\/","name":"Medicpro.hr","description":"Medicinski potro\u0161ni materijal i oprema","publisher":{"@id":"https:\/\/medicpro.hr\/veleprodaja\/#organization"},"potentialAction":[{"@type":"SearchAction","target":{"@type":"EntryPoint","urlTemplate":"https:\/\/medicpro.hr\/veleprodaja\/?s={search_term_string}"},"query-input":{"@type":"PropertyValueSpecification","valueRequired":true,"valueName":"search_term_string"}}],"inLanguage":"hr"},{"@type":"Organization","@id":"https:\/\/medicpro.hr\/veleprodaja\/#organization","name":"Medicpro d.o.o.","url":"https:\/\/medicpro.hr\/veleprodaja\/","logo":{"@type":"ImageObject","inLanguage":"hr","@id":"https:\/\/medicpro.hr\/veleprodaja\/#\/schema\/logo\/image\/","url":"https:\/\/medicpro.hr\/veleprodaja\/wp-content\/uploads\/2025\/05\/medicpro_logo.svg","contentUrl":"https:\/\/medicpro.hr\/veleprodaja\/wp-content\/uploads\/2025\/05\/medicpro_logo.svg","width":226,"height":42,"caption":"Medicpro d.o.o."},"image":{"@id":"https:\/\/medicpro.hr\/veleprodaja\/#\/schema\/logo\/image\/"}}]}},"_links":{"self":[{"href":"https:\/\/medicpro.hr\/veleprodaja\/wp-json\/wp\/v2\/product\/62249","targetHints":{"allow":["GET"]}}],"collection":[{"href":"https:\/\/medicpro.hr\/veleprodaja\/wp-json\/wp\/v2\/product"}],"about":[{"href":"https:\/\/medicpro.hr\/veleprodaja\/wp-json\/wp\/v2\/types\/product"}],"replies":[{"embeddable":true,"href":"https:\/\/medicpro.hr\/veleprodaja\/wp-json\/wp\/v2\/comments?post=62249"}],"wp:featuredmedia":[{"embeddable":true,"href":"https:\/\/medicpro.hr\/veleprodaja\/wp-json\/wp\/v2\/media\/53970"}],"wp:attachment":[{"href":"https:\/\/medicpro.hr\/veleprodaja\/wp-json\/wp\/v2\/media?parent=62249"}],"wp:term":[{"taxonomy":"product_brand","embeddable":true,"href":"https:\/\/medicpro.hr\/veleprodaja\/wp-json\/wp\/v2\/product_brand?post=62249"},{"taxonomy":"product_cat","embeddable":true,"href":"https:\/\/medicpro.hr\/veleprodaja\/wp-json\/wp\/v2\/product_cat?post=62249"},{"taxonomy":"product_tag","embeddable":true,"href":"https:\/\/medicpro.hr\/veleprodaja\/wp-json\/wp\/v2\/product_tag?post=62249"}],"curies":[{"name":"wp","href":"https:\/\/api.w.org\/{rel}","templated":true}]}}