{"id":62111,"date":"2025-09-01T03:03:06","date_gmt":"2025-09-01T01:03:06","guid":{"rendered":"https:\/\/zdesmedicpro-velepro.kuhada.net\/?post_type=product&#038;p=62111"},"modified":"2025-12-16T13:35:14","modified_gmt":"2025-12-16T12:35:14","slug":"stolac-za-vadenje-krvi-3-djelni-180x54x53-85-cm-elektricno-podizanje-i-namjestanje-naslona-za-leda-i-noge-trendelenburg","status":"publish","type":"product","link":"https:\/\/medicpro.hr\/veleprodaja\/proizvod\/stolac-za-vadenje-krvi-3-djelni-180x54x53-85-cm-elektricno-podizanje-i-namjestanje-naslona-za-leda-i-noge-trendelenburg\/","title":{"rendered":"STOLAC ZA VA\u0110ENJE KRVI, 3-DJELNI, 180x54x53-85 cm, ELEKTRI\u010cNO PODIZANJE I NAMJE\u0160TANJE NASLONA ZA LE\u0110A I NOGE, TRENDELENBURG"},"content":{"rendered":"<ul>\n<li><strong>Stolac se sastoji od tri dijela, s podesivim naslonom za glavu i le\u0111a te dijelom za noge.<\/strong><\/li>\n<li>Naslon za glavu i le\u0111a podesiv je do +90\u00b0.<\/li>\n<li>Dio za noge podesiv je do -90\u00b0, \u010dime je mogu\u0107e posti\u0107i tzv. Trendelenburg polo\u017eaj.<\/li>\n<li>Naj\u010de\u0161\u0107e se koristi prilikom va\u0111enja krvi.<\/li>\n<li><strong>Nudi mogu\u0107nost elektri\u010dne prilagodbe visine stolca.<\/strong><\/li>\n<li><strong>Mogu\u0107e ga je podesiti na visinu od 53 cm do 85 cm.<\/strong><\/li>\n<li>Elektri\u010dnom prilagodbom osigurava se odgovaraju\u0107a radna visina, a pacijentu siguran i jednostavniji pristup stolcu.<\/li>\n<li><strong>S obje strane stolca nalaze se podesivi nasloni za ruke dimenzija 45 cm x 15 cm.<\/strong><\/li>\n<li>Osigurava udobnost pacijentu zahvaljuju\u0107i madracu debljine 4 cm.<\/li>\n<li><strong>\u010cvrsto postolje i nosivost do 180 kg osiguravaju sigurno kori\u0161tenje bez pomicanja ili savijanja.<\/strong><\/li>\n<li>Kako bi se olak\u0161alo manevriranje, <strong>uz stolac dolazi i daljinski ure\u0111aj za podizanje i spu\u0161tanje stolca te namje\u0161tanje polo\u017eaja glave i nogu.<\/strong><\/li>\n<li><strong>Na dnu stolca nalaze se kota\u010di\u0107i koji omogu\u0107avaju jednostavno premje\u0161tanje.<\/strong><\/li>\n<li>Stolac je dostupan u raznim bojama (zelena, plava, be\u017e, \u017euta, naran\u010dasta, bordo, siva, crna).<\/li>\n<li>Uz stolac, dostupni su i sljede\u0107i dodatci:\n<ul>\n<li>Jastuk za glavu za ve\u0107u udobnost pacijenta (na upit).<\/li>\n<li>Metalni dr\u017ea\u010d role papira predvi\u0111en za medicinski papir u roli dimenzija 60 cm x 50 m (na upit).<\/li>\n<li><a href=\"https:\/\/medicpro.hr\/proizvod\/papir-medicinski-60cm-x-50m-rola\/\">Role medicinskog papira dimenzija 60 cm x 50 m<\/a>.<\/li>\n<li>Dr\u017ea\u010d za infuziju s dvije vje\u0161alice (na upit).<\/li>\n<\/ul>\n<\/li>\n<\/ul>\n","protected":false},"excerpt":{"rendered":"<p>Stolac se sastoji od tri dijela, s podesivim naslonom za glavu i le\u0111a te dijelom za noge. Naslon za glavu<\/p>\n","protected":false},"featured_media":53630,"comment_status":"open","ping_status":"closed","template":"","meta":[],"product_brand":[],"product_cat":[705,747,715,716],"product_tag":[],"class_list":{"0":"post-62111","1":"product","2":"type-product","3":"status-publish","4":"has-post-thumbnail","6":"product_cat-fizikalna-terapija","7":"product_cat-oprema-za-fizikalnu-terapiju","8":"product_cat-oprema-za-ordinacije","9":"product_cat-ostala-oprema-za-ordinacije","11":"first","12":"onbackorder","13":"taxable","14":"shipping-taxable","15":"purchasable","16":"product-type-simple"},"acf":[],"yoast_head":"<!-- This site is optimized with the Yoast SEO plugin v27.3 - https:\/\/yoast.com\/product\/yoast-seo-wordpress\/ -->\n<title>STOLAC ZA VA\u0110ENJE KRVI, 3-DJELNI, 180x54x53-85 cm, ELEKTRI\u010cNO PODIZANJE I NAMJE\u0160TANJE NASLONA ZA LE\u0110A I NOGE, TRENDELENBURG - Medicpro<\/title>\n<meta name=\"robots\" content=\"index, follow, max-snippet:-1, max-image-preview:large, max-video-preview:-1\" \/>\n<link rel=\"canonical\" href=\"https:\/\/medicpro.hr\/veleprodaja\/proizvod\/stolac-za-vadenje-krvi-3-djelni-180x54x53-85-cm-elektricno-podizanje-i-namjestanje-naslona-za-leda-i-noge-trendelenburg\/\" \/>\n<meta property=\"og:locale\" content=\"hr_HR\" \/>\n<meta property=\"og:type\" content=\"article\" \/>\n<meta property=\"og:title\" content=\"STOLAC ZA VA\u0110ENJE KRVI, 3-DJELNI, 180x54x53-85 cm, ELEKTRI\u010cNO PODIZANJE I NAMJE\u0160TANJE NASLONA ZA LE\u0110A I NOGE, TRENDELENBURG - Medicpro\" \/>\n<meta property=\"og:description\" content=\"Stolac se sastoji od tri dijela, s podesivim naslonom za glavu i le\u0111a te dijelom za noge. Naslon za glavu\" \/>\n<meta property=\"og:url\" content=\"https:\/\/medicpro.hr\/veleprodaja\/proizvod\/stolac-za-vadenje-krvi-3-djelni-180x54x53-85-cm-elektricno-podizanje-i-namjestanje-naslona-za-leda-i-noge-trendelenburg\/\" \/>\n<meta property=\"og:site_name\" content=\"Medicpro\" \/>\n<meta property=\"article:modified_time\" content=\"2025-12-16T12:35:14+00:00\" \/>\n<meta property=\"og:image\" content=\"https:\/\/medicpro.hr\/veleprodaja\/wp-content\/uploads\/2025\/06\/stolac-za-vadenje-krvi-3-djelni-180x54x53-85-cm-elektricno-podizanje-i-namjestanje-naslon-za-leda-i-noge-trendelenburg-1.jpg\" \/>\n\t<meta property=\"og:image:width\" content=\"600\" \/>\n\t<meta property=\"og:image:height\" content=\"600\" \/>\n\t<meta property=\"og:image:type\" content=\"image\/jpeg\" \/>\n<meta name=\"twitter:card\" content=\"summary_large_image\" \/>\n<meta name=\"twitter:label1\" content=\"Procijenjeno vrijeme \u010ditanja\" \/>\n\t<meta name=\"twitter:data1\" content=\"1 minuta\" \/>\n<script type=\"application\/ld+json\" class=\"yoast-schema-graph\">{\"@context\":\"https:\\\/\\\/schema.org\",\"@graph\":[{\"@type\":\"WebPage\",\"@id\":\"https:\\\/\\\/medicpro.hr\\\/veleprodaja\\\/proizvod\\\/stolac-za-vadenje-krvi-3-djelni-180x54x53-85-cm-elektricno-podizanje-i-namjestanje-naslona-za-leda-i-noge-trendelenburg\\\/\",\"url\":\"https:\\\/\\\/medicpro.hr\\\/veleprodaja\\\/proizvod\\\/stolac-za-vadenje-krvi-3-djelni-180x54x53-85-cm-elektricno-podizanje-i-namjestanje-naslona-za-leda-i-noge-trendelenburg\\\/\",\"name\":\"STOLAC ZA VA\u0110ENJE KRVI, 3-DJELNI, 180x54x53-85 cm, ELEKTRI\u010cNO PODIZANJE I NAMJE\u0160TANJE NASLONA ZA LE\u0110A I NOGE, TRENDELENBURG - Medicpro\",\"isPartOf\":{\"@id\":\"https:\\\/\\\/medicpro.hr\\\/veleprodaja\\\/#website\"},\"primaryImageOfPage\":{\"@id\":\"https:\\\/\\\/medicpro.hr\\\/veleprodaja\\\/proizvod\\\/stolac-za-vadenje-krvi-3-djelni-180x54x53-85-cm-elektricno-podizanje-i-namjestanje-naslona-za-leda-i-noge-trendelenburg\\\/#primaryimage\"},\"image\":{\"@id\":\"https:\\\/\\\/medicpro.hr\\\/veleprodaja\\\/proizvod\\\/stolac-za-vadenje-krvi-3-djelni-180x54x53-85-cm-elektricno-podizanje-i-namjestanje-naslona-za-leda-i-noge-trendelenburg\\\/#primaryimage\"},\"thumbnailUrl\":\"https:\\\/\\\/medicpro.hr\\\/veleprodaja\\\/wp-content\\\/uploads\\\/2025\\\/06\\\/stolac-za-vadenje-krvi-3-djelni-180x54x53-85-cm-elektricno-podizanje-i-namjestanje-naslon-za-leda-i-noge-trendelenburg-1.jpg\",\"datePublished\":\"2025-09-01T01:03:06+00:00\",\"dateModified\":\"2025-12-16T12:35:14+00:00\",\"breadcrumb\":{\"@id\":\"https:\\\/\\\/medicpro.hr\\\/veleprodaja\\\/proizvod\\\/stolac-za-vadenje-krvi-3-djelni-180x54x53-85-cm-elektricno-podizanje-i-namjestanje-naslona-za-leda-i-noge-trendelenburg\\\/#breadcrumb\"},\"inLanguage\":\"hr\",\"potentialAction\":[{\"@type\":\"ReadAction\",\"target\":[\"https:\\\/\\\/medicpro.hr\\\/veleprodaja\\\/proizvod\\\/stolac-za-vadenje-krvi-3-djelni-180x54x53-85-cm-elektricno-podizanje-i-namjestanje-naslona-za-leda-i-noge-trendelenburg\\\/\"]}]},{\"@type\":\"ImageObject\",\"inLanguage\":\"hr\",\"@id\":\"https:\\\/\\\/medicpro.hr\\\/veleprodaja\\\/proizvod\\\/stolac-za-vadenje-krvi-3-djelni-180x54x53-85-cm-elektricno-podizanje-i-namjestanje-naslona-za-leda-i-noge-trendelenburg\\\/#primaryimage\",\"url\":\"https:\\\/\\\/medicpro.hr\\\/veleprodaja\\\/wp-content\\\/uploads\\\/2025\\\/06\\\/stolac-za-vadenje-krvi-3-djelni-180x54x53-85-cm-elektricno-podizanje-i-namjestanje-naslon-za-leda-i-noge-trendelenburg-1.jpg\",\"contentUrl\":\"https:\\\/\\\/medicpro.hr\\\/veleprodaja\\\/wp-content\\\/uploads\\\/2025\\\/06\\\/stolac-za-vadenje-krvi-3-djelni-180x54x53-85-cm-elektricno-podizanje-i-namjestanje-naslon-za-leda-i-noge-trendelenburg-1.jpg\",\"width\":600,\"height\":600},{\"@type\":\"BreadcrumbList\",\"@id\":\"https:\\\/\\\/medicpro.hr\\\/veleprodaja\\\/proizvod\\\/stolac-za-vadenje-krvi-3-djelni-180x54x53-85-cm-elektricno-podizanje-i-namjestanje-naslona-za-leda-i-noge-trendelenburg\\\/#breadcrumb\",\"itemListElement\":[{\"@type\":\"ListItem\",\"position\":1,\"name\":\"Po\u010detna stranica\",\"item\":\"https:\\\/\\\/medicpro.hr\\\/veleprodaja\\\/\"},{\"@type\":\"ListItem\",\"position\":2,\"name\":\"Veleprodaja\",\"item\":\"https:\\\/\\\/medicpro.hr\\\/veleprodaja\\\/trgovina\\\/\"},{\"@type\":\"ListItem\",\"position\":3,\"name\":\"STOLAC ZA VA\u0110ENJE KRVI, 3-DJELNI, 180x54x53-85 cm, ELEKTRI\u010cNO PODIZANJE I NAMJE\u0160TANJE NASLONA ZA LE\u0110A I NOGE, TRENDELENBURG\"}]},{\"@type\":\"WebSite\",\"@id\":\"https:\\\/\\\/medicpro.hr\\\/veleprodaja\\\/#website\",\"url\":\"https:\\\/\\\/medicpro.hr\\\/veleprodaja\\\/\",\"name\":\"Medicpro.hr\",\"description\":\"Medicinski potro\u0161ni materijal i oprema\",\"publisher\":{\"@id\":\"https:\\\/\\\/medicpro.hr\\\/veleprodaja\\\/#organization\"},\"potentialAction\":[{\"@type\":\"SearchAction\",\"target\":{\"@type\":\"EntryPoint\",\"urlTemplate\":\"https:\\\/\\\/medicpro.hr\\\/veleprodaja\\\/?s={search_term_string}\"},\"query-input\":{\"@type\":\"PropertyValueSpecification\",\"valueRequired\":true,\"valueName\":\"search_term_string\"}}],\"inLanguage\":\"hr\"},{\"@type\":\"Organization\",\"@id\":\"https:\\\/\\\/medicpro.hr\\\/veleprodaja\\\/#organization\",\"name\":\"Medicpro d.o.o.\",\"url\":\"https:\\\/\\\/medicpro.hr\\\/veleprodaja\\\/\",\"logo\":{\"@type\":\"ImageObject\",\"inLanguage\":\"hr\",\"@id\":\"https:\\\/\\\/medicpro.hr\\\/veleprodaja\\\/#\\\/schema\\\/logo\\\/image\\\/\",\"url\":\"https:\\\/\\\/medicpro.hr\\\/veleprodaja\\\/wp-content\\\/uploads\\\/2025\\\/05\\\/medicpro_logo.svg\",\"contentUrl\":\"https:\\\/\\\/medicpro.hr\\\/veleprodaja\\\/wp-content\\\/uploads\\\/2025\\\/05\\\/medicpro_logo.svg\",\"width\":226,\"height\":42,\"caption\":\"Medicpro d.o.o.\"},\"image\":{\"@id\":\"https:\\\/\\\/medicpro.hr\\\/veleprodaja\\\/#\\\/schema\\\/logo\\\/image\\\/\"}}]}<\/script>\n<!-- \/ Yoast SEO plugin. -->","yoast_head_json":{"title":"STOLAC ZA VA\u0110ENJE KRVI, 3-DJELNI, 180x54x53-85 cm, ELEKTRI\u010cNO PODIZANJE I NAMJE\u0160TANJE NASLONA ZA LE\u0110A I NOGE, TRENDELENBURG - Medicpro","robots":{"index":"index","follow":"follow","max-snippet":"max-snippet:-1","max-image-preview":"max-image-preview:large","max-video-preview":"max-video-preview:-1"},"canonical":"https:\/\/medicpro.hr\/veleprodaja\/proizvod\/stolac-za-vadenje-krvi-3-djelni-180x54x53-85-cm-elektricno-podizanje-i-namjestanje-naslona-za-leda-i-noge-trendelenburg\/","og_locale":"hr_HR","og_type":"article","og_title":"STOLAC ZA VA\u0110ENJE KRVI, 3-DJELNI, 180x54x53-85 cm, ELEKTRI\u010cNO PODIZANJE I NAMJE\u0160TANJE NASLONA ZA LE\u0110A I NOGE, TRENDELENBURG - Medicpro","og_description":"Stolac se sastoji od tri dijela, s podesivim naslonom za glavu i le\u0111a te dijelom za noge. Naslon za glavu","og_url":"https:\/\/medicpro.hr\/veleprodaja\/proizvod\/stolac-za-vadenje-krvi-3-djelni-180x54x53-85-cm-elektricno-podizanje-i-namjestanje-naslona-za-leda-i-noge-trendelenburg\/","og_site_name":"Medicpro","article_modified_time":"2025-12-16T12:35:14+00:00","og_image":[{"width":600,"height":600,"url":"https:\/\/medicpro.hr\/veleprodaja\/wp-content\/uploads\/2025\/06\/stolac-za-vadenje-krvi-3-djelni-180x54x53-85-cm-elektricno-podizanje-i-namjestanje-naslon-za-leda-i-noge-trendelenburg-1.jpg","type":"image\/jpeg"}],"twitter_card":"summary_large_image","twitter_misc":{"Procijenjeno vrijeme \u010ditanja":"1 minuta"},"schema":{"@context":"https:\/\/schema.org","@graph":[{"@type":"WebPage","@id":"https:\/\/medicpro.hr\/veleprodaja\/proizvod\/stolac-za-vadenje-krvi-3-djelni-180x54x53-85-cm-elektricno-podizanje-i-namjestanje-naslona-za-leda-i-noge-trendelenburg\/","url":"https:\/\/medicpro.hr\/veleprodaja\/proizvod\/stolac-za-vadenje-krvi-3-djelni-180x54x53-85-cm-elektricno-podizanje-i-namjestanje-naslona-za-leda-i-noge-trendelenburg\/","name":"STOLAC ZA VA\u0110ENJE KRVI, 3-DJELNI, 180x54x53-85 cm, ELEKTRI\u010cNO PODIZANJE I NAMJE\u0160TANJE NASLONA ZA LE\u0110A I NOGE, TRENDELENBURG - Medicpro","isPartOf":{"@id":"https:\/\/medicpro.hr\/veleprodaja\/#website"},"primaryImageOfPage":{"@id":"https:\/\/medicpro.hr\/veleprodaja\/proizvod\/stolac-za-vadenje-krvi-3-djelni-180x54x53-85-cm-elektricno-podizanje-i-namjestanje-naslona-za-leda-i-noge-trendelenburg\/#primaryimage"},"image":{"@id":"https:\/\/medicpro.hr\/veleprodaja\/proizvod\/stolac-za-vadenje-krvi-3-djelni-180x54x53-85-cm-elektricno-podizanje-i-namjestanje-naslona-za-leda-i-noge-trendelenburg\/#primaryimage"},"thumbnailUrl":"https:\/\/medicpro.hr\/veleprodaja\/wp-content\/uploads\/2025\/06\/stolac-za-vadenje-krvi-3-djelni-180x54x53-85-cm-elektricno-podizanje-i-namjestanje-naslon-za-leda-i-noge-trendelenburg-1.jpg","datePublished":"2025-09-01T01:03:06+00:00","dateModified":"2025-12-16T12:35:14+00:00","breadcrumb":{"@id":"https:\/\/medicpro.hr\/veleprodaja\/proizvod\/stolac-za-vadenje-krvi-3-djelni-180x54x53-85-cm-elektricno-podizanje-i-namjestanje-naslona-za-leda-i-noge-trendelenburg\/#breadcrumb"},"inLanguage":"hr","potentialAction":[{"@type":"ReadAction","target":["https:\/\/medicpro.hr\/veleprodaja\/proizvod\/stolac-za-vadenje-krvi-3-djelni-180x54x53-85-cm-elektricno-podizanje-i-namjestanje-naslona-za-leda-i-noge-trendelenburg\/"]}]},{"@type":"ImageObject","inLanguage":"hr","@id":"https:\/\/medicpro.hr\/veleprodaja\/proizvod\/stolac-za-vadenje-krvi-3-djelni-180x54x53-85-cm-elektricno-podizanje-i-namjestanje-naslona-za-leda-i-noge-trendelenburg\/#primaryimage","url":"https:\/\/medicpro.hr\/veleprodaja\/wp-content\/uploads\/2025\/06\/stolac-za-vadenje-krvi-3-djelni-180x54x53-85-cm-elektricno-podizanje-i-namjestanje-naslon-za-leda-i-noge-trendelenburg-1.jpg","contentUrl":"https:\/\/medicpro.hr\/veleprodaja\/wp-content\/uploads\/2025\/06\/stolac-za-vadenje-krvi-3-djelni-180x54x53-85-cm-elektricno-podizanje-i-namjestanje-naslon-za-leda-i-noge-trendelenburg-1.jpg","width":600,"height":600},{"@type":"BreadcrumbList","@id":"https:\/\/medicpro.hr\/veleprodaja\/proizvod\/stolac-za-vadenje-krvi-3-djelni-180x54x53-85-cm-elektricno-podizanje-i-namjestanje-naslona-za-leda-i-noge-trendelenburg\/#breadcrumb","itemListElement":[{"@type":"ListItem","position":1,"name":"Po\u010detna stranica","item":"https:\/\/medicpro.hr\/veleprodaja\/"},{"@type":"ListItem","position":2,"name":"Veleprodaja","item":"https:\/\/medicpro.hr\/veleprodaja\/trgovina\/"},{"@type":"ListItem","position":3,"name":"STOLAC ZA VA\u0110ENJE KRVI, 3-DJELNI, 180x54x53-85 cm, ELEKTRI\u010cNO PODIZANJE I NAMJE\u0160TANJE NASLONA ZA LE\u0110A I NOGE, TRENDELENBURG"}]},{"@type":"WebSite","@id":"https:\/\/medicpro.hr\/veleprodaja\/#website","url":"https:\/\/medicpro.hr\/veleprodaja\/","name":"Medicpro.hr","description":"Medicinski potro\u0161ni materijal i oprema","publisher":{"@id":"https:\/\/medicpro.hr\/veleprodaja\/#organization"},"potentialAction":[{"@type":"SearchAction","target":{"@type":"EntryPoint","urlTemplate":"https:\/\/medicpro.hr\/veleprodaja\/?s={search_term_string}"},"query-input":{"@type":"PropertyValueSpecification","valueRequired":true,"valueName":"search_term_string"}}],"inLanguage":"hr"},{"@type":"Organization","@id":"https:\/\/medicpro.hr\/veleprodaja\/#organization","name":"Medicpro d.o.o.","url":"https:\/\/medicpro.hr\/veleprodaja\/","logo":{"@type":"ImageObject","inLanguage":"hr","@id":"https:\/\/medicpro.hr\/veleprodaja\/#\/schema\/logo\/image\/","url":"https:\/\/medicpro.hr\/veleprodaja\/wp-content\/uploads\/2025\/05\/medicpro_logo.svg","contentUrl":"https:\/\/medicpro.hr\/veleprodaja\/wp-content\/uploads\/2025\/05\/medicpro_logo.svg","width":226,"height":42,"caption":"Medicpro d.o.o."},"image":{"@id":"https:\/\/medicpro.hr\/veleprodaja\/#\/schema\/logo\/image\/"}}]}},"_links":{"self":[{"href":"https:\/\/medicpro.hr\/veleprodaja\/wp-json\/wp\/v2\/product\/62111","targetHints":{"allow":["GET"]}}],"collection":[{"href":"https:\/\/medicpro.hr\/veleprodaja\/wp-json\/wp\/v2\/product"}],"about":[{"href":"https:\/\/medicpro.hr\/veleprodaja\/wp-json\/wp\/v2\/types\/product"}],"replies":[{"embeddable":true,"href":"https:\/\/medicpro.hr\/veleprodaja\/wp-json\/wp\/v2\/comments?post=62111"}],"wp:featuredmedia":[{"embeddable":true,"href":"https:\/\/medicpro.hr\/veleprodaja\/wp-json\/wp\/v2\/media\/53630"}],"wp:attachment":[{"href":"https:\/\/medicpro.hr\/veleprodaja\/wp-json\/wp\/v2\/media?parent=62111"}],"wp:term":[{"taxonomy":"product_brand","embeddable":true,"href":"https:\/\/medicpro.hr\/veleprodaja\/wp-json\/wp\/v2\/product_brand?post=62111"},{"taxonomy":"product_cat","embeddable":true,"href":"https:\/\/medicpro.hr\/veleprodaja\/wp-json\/wp\/v2\/product_cat?post=62111"},{"taxonomy":"product_tag","embeddable":true,"href":"https:\/\/medicpro.hr\/veleprodaja\/wp-json\/wp\/v2\/product_tag?post=62111"}],"curies":[{"name":"wp","href":"https:\/\/api.w.org\/{rel}","templated":true}]}}