{"id":62034,"date":"2025-09-01T03:02:54","date_gmt":"2025-09-01T01:02:54","guid":{"rendered":"https:\/\/zdesmedicpro-velepro.kuhada.net\/?post_type=product&#038;p=62034"},"modified":"2026-03-10T09:56:22","modified_gmt":"2026-03-10T08:56:22","slug":"inhalator-clineb-s-regulat-protoka-i-manometrom","status":"publish","type":"product","link":"https:\/\/medicpro.hr\/veleprodaja\/proizvod\/inhalator-clineb-s-regulat-protoka-i-manometrom\/","title":{"rendered":"INHALATOR CLINEB, S REGULAT. PROTOKA I MANOMETROM"},"content":{"rendered":"<ul>\n<li>Profesionalni inhalator za intenzivne tretmane u klinikama i bolnicama.<\/li>\n<li>Dizajn uklju\u010duje veliki spremnik za spremanje pribora i lijekova.<\/li>\n<li>Motor: klipna pumpa-bez odr\u017eavanja i ulja.<\/li>\n<li>Snaga: 230 V &#8211; 50 Hz.<\/li>\n<li>Maksimalni tlak: 2.5 bar, 36 psi, 250 Kpa.<\/li>\n<li>Radni tlak: 1.3 bar, 18.9 psi, 130 Kpa.<\/li>\n<li>Maskimalni protok zraka: 16 L\/min.<\/li>\n<li>Radni protok zraka: 5.2 L\/min.<\/li>\n<li>Te\u017eina: 2.25 kg.<\/li>\n<li>Dimenzije: 23 X 19 X 16 cm.<\/li>\n<li>Komplet uklju\u010duje: HI-FLO mlazni ra\u0161pr\u0161iva\u010d, masku za odrasle, masku za djecu, masku za nos, crijevo za zrak, filter za zrak i torbu.<\/li>\n<\/ul>\n","protected":false},"excerpt":{"rendered":"<p>Profesionalni inhalator za intenzivne tretmane u klinikama i bolnicama. Dizajn uklju\u010duje veliki spremnik za spremanje pribora i lijekova. Motor: klipna<\/p>\n","protected":false},"featured_media":0,"comment_status":"open","ping_status":"closed","template":"","meta":[],"product_brand":[],"product_cat":[700,764],"product_tag":[],"class_list":{"0":"post-62034","1":"product","2":"type-product","3":"status-publish","5":"product_cat-medicinski-uredaji","6":"product_cat-inhalatori","8":"first","9":"onbackorder","10":"taxable","11":"shipping-taxable","12":"purchasable","13":"product-type-simple"},"acf":[],"yoast_head":"<!-- This site is optimized with the Yoast SEO plugin v27.3 - https:\/\/yoast.com\/product\/yoast-seo-wordpress\/ -->\n<title>INHALATOR CLINEB, S REGULAT. PROTOKA I MANOMETROM - Medicpro<\/title>\n<meta name=\"robots\" content=\"index, follow, max-snippet:-1, max-image-preview:large, max-video-preview:-1\" \/>\n<link rel=\"canonical\" href=\"https:\/\/medicpro.hr\/veleprodaja\/proizvod\/inhalator-clineb-s-regulat-protoka-i-manometrom\/\" \/>\n<meta property=\"og:locale\" content=\"hr_HR\" \/>\n<meta property=\"og:type\" content=\"article\" \/>\n<meta property=\"og:title\" content=\"INHALATOR CLINEB, S REGULAT. PROTOKA I MANOMETROM - Medicpro\" \/>\n<meta property=\"og:description\" content=\"Profesionalni inhalator za intenzivne tretmane u klinikama i bolnicama. Dizajn uklju\u010duje veliki spremnik za spremanje pribora i lijekova. Motor: klipna\" \/>\n<meta property=\"og:url\" content=\"https:\/\/medicpro.hr\/veleprodaja\/proizvod\/inhalator-clineb-s-regulat-protoka-i-manometrom\/\" \/>\n<meta property=\"og:site_name\" content=\"Medicpro\" \/>\n<meta property=\"article:modified_time\" content=\"2026-03-10T08:56:22+00:00\" \/>\n<meta name=\"twitter:card\" content=\"summary_large_image\" \/>\n<script type=\"application\/ld+json\" class=\"yoast-schema-graph\">{\"@context\":\"https:\\\/\\\/schema.org\",\"@graph\":[{\"@type\":\"WebPage\",\"@id\":\"https:\\\/\\\/medicpro.hr\\\/veleprodaja\\\/proizvod\\\/inhalator-clineb-s-regulat-protoka-i-manometrom\\\/\",\"url\":\"https:\\\/\\\/medicpro.hr\\\/veleprodaja\\\/proizvod\\\/inhalator-clineb-s-regulat-protoka-i-manometrom\\\/\",\"name\":\"INHALATOR CLINEB, S REGULAT. PROTOKA I MANOMETROM - Medicpro\",\"isPartOf\":{\"@id\":\"https:\\\/\\\/medicpro.hr\\\/veleprodaja\\\/#website\"},\"datePublished\":\"2025-09-01T01:02:54+00:00\",\"dateModified\":\"2026-03-10T08:56:22+00:00\",\"breadcrumb\":{\"@id\":\"https:\\\/\\\/medicpro.hr\\\/veleprodaja\\\/proizvod\\\/inhalator-clineb-s-regulat-protoka-i-manometrom\\\/#breadcrumb\"},\"inLanguage\":\"hr\",\"potentialAction\":[{\"@type\":\"ReadAction\",\"target\":[\"https:\\\/\\\/medicpro.hr\\\/veleprodaja\\\/proizvod\\\/inhalator-clineb-s-regulat-protoka-i-manometrom\\\/\"]}]},{\"@type\":\"BreadcrumbList\",\"@id\":\"https:\\\/\\\/medicpro.hr\\\/veleprodaja\\\/proizvod\\\/inhalator-clineb-s-regulat-protoka-i-manometrom\\\/#breadcrumb\",\"itemListElement\":[{\"@type\":\"ListItem\",\"position\":1,\"name\":\"Po\u010detna stranica\",\"item\":\"https:\\\/\\\/medicpro.hr\\\/veleprodaja\\\/\"},{\"@type\":\"ListItem\",\"position\":2,\"name\":\"Veleprodaja\",\"item\":\"https:\\\/\\\/medicpro.hr\\\/veleprodaja\\\/trgovina\\\/\"},{\"@type\":\"ListItem\",\"position\":3,\"name\":\"INHALATOR CLINEB, S REGULAT. PROTOKA I MANOMETROM\"}]},{\"@type\":\"WebSite\",\"@id\":\"https:\\\/\\\/medicpro.hr\\\/veleprodaja\\\/#website\",\"url\":\"https:\\\/\\\/medicpro.hr\\\/veleprodaja\\\/\",\"name\":\"Medicpro.hr\",\"description\":\"Medicinski potro\u0161ni materijal i oprema\",\"publisher\":{\"@id\":\"https:\\\/\\\/medicpro.hr\\\/veleprodaja\\\/#organization\"},\"potentialAction\":[{\"@type\":\"SearchAction\",\"target\":{\"@type\":\"EntryPoint\",\"urlTemplate\":\"https:\\\/\\\/medicpro.hr\\\/veleprodaja\\\/?s={search_term_string}\"},\"query-input\":{\"@type\":\"PropertyValueSpecification\",\"valueRequired\":true,\"valueName\":\"search_term_string\"}}],\"inLanguage\":\"hr\"},{\"@type\":\"Organization\",\"@id\":\"https:\\\/\\\/medicpro.hr\\\/veleprodaja\\\/#organization\",\"name\":\"Medicpro d.o.o.\",\"url\":\"https:\\\/\\\/medicpro.hr\\\/veleprodaja\\\/\",\"logo\":{\"@type\":\"ImageObject\",\"inLanguage\":\"hr\",\"@id\":\"https:\\\/\\\/medicpro.hr\\\/veleprodaja\\\/#\\\/schema\\\/logo\\\/image\\\/\",\"url\":\"https:\\\/\\\/medicpro.hr\\\/veleprodaja\\\/wp-content\\\/uploads\\\/2025\\\/05\\\/medicpro_logo.svg\",\"contentUrl\":\"https:\\\/\\\/medicpro.hr\\\/veleprodaja\\\/wp-content\\\/uploads\\\/2025\\\/05\\\/medicpro_logo.svg\",\"width\":226,\"height\":42,\"caption\":\"Medicpro d.o.o.\"},\"image\":{\"@id\":\"https:\\\/\\\/medicpro.hr\\\/veleprodaja\\\/#\\\/schema\\\/logo\\\/image\\\/\"}}]}<\/script>\n<!-- \/ Yoast SEO plugin. -->","yoast_head_json":{"title":"INHALATOR CLINEB, S REGULAT. PROTOKA I MANOMETROM - Medicpro","robots":{"index":"index","follow":"follow","max-snippet":"max-snippet:-1","max-image-preview":"max-image-preview:large","max-video-preview":"max-video-preview:-1"},"canonical":"https:\/\/medicpro.hr\/veleprodaja\/proizvod\/inhalator-clineb-s-regulat-protoka-i-manometrom\/","og_locale":"hr_HR","og_type":"article","og_title":"INHALATOR CLINEB, S REGULAT. PROTOKA I MANOMETROM - Medicpro","og_description":"Profesionalni inhalator za intenzivne tretmane u klinikama i bolnicama. Dizajn uklju\u010duje veliki spremnik za spremanje pribora i lijekova. Motor: klipna","og_url":"https:\/\/medicpro.hr\/veleprodaja\/proizvod\/inhalator-clineb-s-regulat-protoka-i-manometrom\/","og_site_name":"Medicpro","article_modified_time":"2026-03-10T08:56:22+00:00","twitter_card":"summary_large_image","schema":{"@context":"https:\/\/schema.org","@graph":[{"@type":"WebPage","@id":"https:\/\/medicpro.hr\/veleprodaja\/proizvod\/inhalator-clineb-s-regulat-protoka-i-manometrom\/","url":"https:\/\/medicpro.hr\/veleprodaja\/proizvod\/inhalator-clineb-s-regulat-protoka-i-manometrom\/","name":"INHALATOR CLINEB, S REGULAT. PROTOKA I MANOMETROM - Medicpro","isPartOf":{"@id":"https:\/\/medicpro.hr\/veleprodaja\/#website"},"datePublished":"2025-09-01T01:02:54+00:00","dateModified":"2026-03-10T08:56:22+00:00","breadcrumb":{"@id":"https:\/\/medicpro.hr\/veleprodaja\/proizvod\/inhalator-clineb-s-regulat-protoka-i-manometrom\/#breadcrumb"},"inLanguage":"hr","potentialAction":[{"@type":"ReadAction","target":["https:\/\/medicpro.hr\/veleprodaja\/proizvod\/inhalator-clineb-s-regulat-protoka-i-manometrom\/"]}]},{"@type":"BreadcrumbList","@id":"https:\/\/medicpro.hr\/veleprodaja\/proizvod\/inhalator-clineb-s-regulat-protoka-i-manometrom\/#breadcrumb","itemListElement":[{"@type":"ListItem","position":1,"name":"Po\u010detna stranica","item":"https:\/\/medicpro.hr\/veleprodaja\/"},{"@type":"ListItem","position":2,"name":"Veleprodaja","item":"https:\/\/medicpro.hr\/veleprodaja\/trgovina\/"},{"@type":"ListItem","position":3,"name":"INHALATOR CLINEB, S REGULAT. PROTOKA I MANOMETROM"}]},{"@type":"WebSite","@id":"https:\/\/medicpro.hr\/veleprodaja\/#website","url":"https:\/\/medicpro.hr\/veleprodaja\/","name":"Medicpro.hr","description":"Medicinski potro\u0161ni materijal i oprema","publisher":{"@id":"https:\/\/medicpro.hr\/veleprodaja\/#organization"},"potentialAction":[{"@type":"SearchAction","target":{"@type":"EntryPoint","urlTemplate":"https:\/\/medicpro.hr\/veleprodaja\/?s={search_term_string}"},"query-input":{"@type":"PropertyValueSpecification","valueRequired":true,"valueName":"search_term_string"}}],"inLanguage":"hr"},{"@type":"Organization","@id":"https:\/\/medicpro.hr\/veleprodaja\/#organization","name":"Medicpro d.o.o.","url":"https:\/\/medicpro.hr\/veleprodaja\/","logo":{"@type":"ImageObject","inLanguage":"hr","@id":"https:\/\/medicpro.hr\/veleprodaja\/#\/schema\/logo\/image\/","url":"https:\/\/medicpro.hr\/veleprodaja\/wp-content\/uploads\/2025\/05\/medicpro_logo.svg","contentUrl":"https:\/\/medicpro.hr\/veleprodaja\/wp-content\/uploads\/2025\/05\/medicpro_logo.svg","width":226,"height":42,"caption":"Medicpro d.o.o."},"image":{"@id":"https:\/\/medicpro.hr\/veleprodaja\/#\/schema\/logo\/image\/"}}]}},"_links":{"self":[{"href":"https:\/\/medicpro.hr\/veleprodaja\/wp-json\/wp\/v2\/product\/62034","targetHints":{"allow":["GET"]}}],"collection":[{"href":"https:\/\/medicpro.hr\/veleprodaja\/wp-json\/wp\/v2\/product"}],"about":[{"href":"https:\/\/medicpro.hr\/veleprodaja\/wp-json\/wp\/v2\/types\/product"}],"replies":[{"embeddable":true,"href":"https:\/\/medicpro.hr\/veleprodaja\/wp-json\/wp\/v2\/comments?post=62034"}],"wp:attachment":[{"href":"https:\/\/medicpro.hr\/veleprodaja\/wp-json\/wp\/v2\/media?parent=62034"}],"wp:term":[{"taxonomy":"product_brand","embeddable":true,"href":"https:\/\/medicpro.hr\/veleprodaja\/wp-json\/wp\/v2\/product_brand?post=62034"},{"taxonomy":"product_cat","embeddable":true,"href":"https:\/\/medicpro.hr\/veleprodaja\/wp-json\/wp\/v2\/product_cat?post=62034"},{"taxonomy":"product_tag","embeddable":true,"href":"https:\/\/medicpro.hr\/veleprodaja\/wp-json\/wp\/v2\/product_tag?post=62034"}],"curies":[{"name":"wp","href":"https:\/\/api.w.org\/{rel}","templated":true}]}}