{"id":61968,"date":"2025-09-01T03:02:45","date_gmt":"2025-09-01T01:02:45","guid":{"rendered":"https:\/\/zdesmedicpro-velepro.kuhada.net\/?post_type=product&#038;p=61968"},"modified":"2026-03-03T09:38:56","modified_gmt":"2026-03-03T08:38:56","slug":"hipguard-pojas-za-zastitu-kukova-velicina-m-83-95-cm","status":"publish","type":"product","link":"https:\/\/medicpro.hr\/veleprodaja\/proizvod\/hipguard-pojas-za-zastitu-kukova-velicina-m-83-95-cm\/","title":{"rendered":"HIP&#8217;GUARD POJAS ZA ZA\u0160TITU KUKOVA, VELI\u010cINA M (83-95 cm)"},"content":{"rendered":"<p><strong>Da li ste znali da istra\u017eivanja pokazuju da 1 od 4 osobe koje slome kuk ne do\u017eive idu\u0107ih godinu dana? Da 2 od 4 starije osobe koje slome kuk nikad ne povrate svoju autonomiju koju su imale prije loma kuka?<\/strong><\/p>\n<p>Starija ste osoba i ve\u0107 se pomalo sa strahom kre\u0107ete i obavljate svakodnevne aktivnosti? Prilikom kretanja djelomi\u010dno ovisite o drugim osobama jer se bojite da ne padnete i slomite kuk?<\/p>\n<p>Nemate samopouzdanja prilikom kretanja jer Vam je hod ote\u017ean i usporen? \u017deljeli biste vratiti svoju sigurnost i neovisnost prilikom kretanja?<\/p>\n<p>Imate roditelje ili druge voljene osobe koje se susre\u0107u s prethodno navedenim problemima i \u017eeljeli biste da budu sigurniji, a Vi bezbri\u017eniji?<\/p>\n<p><strong>Zanima Vas kako je sve to mogu\u0107e?<\/strong><\/p>\n<p>Mogu\u0107e je uz inovativni Hip&#8217;Guard pojas za za\u0161titu kukova koji \u0161titi kuk u slu\u010daju pada. Elektroni\u010dki sustav pojasa detektira pad i automatski aktivira zra\u010dni jastuk.<\/p>\n<p>Hip&#8217;Guard osigurava optimalnu za\u0161titu prilikom udarca u tlo i smanjuje potencijalne lomove vrata bedrene kosti, odnosno kuka.<\/p>\n<p><strong>U 4 koraka opisati \u0107emo Vam kako radi <a href=\"https:\/\/medicpro.hr\/cms\/wp-content\/uploads\/2022\/01\/HipGuard-pojas-za-zastitu-kukova.mp4\">Hip&#8217;Guard<\/a> pojas za za\u0161titu kukova:<\/strong><\/p>\n<p><strong>1<\/strong>. Elektroni\u010dki sustav uz pomo\u0107 senzora prati i analizira kretanje osobe (korisnika pojasa) u stvarnom vremenu.<\/p>\n<p><strong>2<\/strong>. Sustav detektira da osoba pada za samo 200 milisekundi (0,2 sekunde).<\/p>\n<p><strong>3<\/strong>. U roku od 80 milisekundi aktivira se zra\u010dni jastuk na onoj strani na koju osoba pada.<\/p>\n<p><strong>4<\/strong>. Vrat bedrene kosti je za\u0161ti\u0107en prije udarca u tlo.<\/p>\n<p><strong>\u0160to Vama Hip&#8217;Guard pojas za za\u0161titu kukova pru\u017ea?<\/strong><\/p>\n<ul>\n<li><strong>Ono najbitnije<\/strong>: vra\u0107a Vam samopouzdanje i sigurnost prilikom pokreta. Postajete samostalniji i osje\u0107ate se bolje u vlastitoj ko\u017ei.<\/li>\n<li>Hip&#8217;Guard je <strong>100% automatski i jednostavan<\/strong> za uporabu.<\/li>\n<li>Ergonomi\u010dan pojas savr\u0161eno se prilago\u0111ava i pristaje na bokove te Vam <strong>nudi veliku slobodu pokreta<\/strong>.<\/li>\n<li>Lagan, tanak i fleksibilan.Toliko ugodan za no\u0161enje da \u0107ete zaboraviti da ga uop\u0107e imate na sebi.<\/li>\n<li>Plavi protuklizni materijal s unutra\u0161nje strane osigurava da pojas savr\u0161eno prianja uz odje\u0107u i ne klizi.<\/li>\n<li>Dolazi u \u010dak <strong>5 prilagodljivih veli\u010dina<\/strong> pa je sigurno da \u0107ete prona\u0107i veli\u010dinu koja Vam odgovara (tablicu s veli\u010dinama pojasa mo\u017eete prona\u0107i gore me\u0111u slikama proizvoda).<\/li>\n<li>Baterija Hip&#8217;Guard pojasa traje <strong>do 5 dana<\/strong> \u0161to mu daje autonomiju, a Vama slobodu. Sustav \u0107e Vas upozoriti (zvu\u010dnim i svjetlosnim signalima) kada je baterija pri kraju i potrebno ju je ponovno napuniti.<\/li>\n<li>Sustav se <strong>automatski prebacuje u stanje mirovanja<\/strong> kad pojas otkop\u010date ili kad legnete.<\/li>\n<li>Za\u0161titna navlaka mo\u017ee se skinuti i oprati ru\u010dno te u perilici (30 \u00b0C). Na taj na\u010din svoj pojas uvijek mo\u017eete odr\u017eavati \u010distim.<\/li>\n<li>Hip&#8217;Guard sustav namijenjen je za vi\u0161ekratnu uporabu i <strong>mo\u017eete ga ponovno koristiti nakon pada<\/strong>.<\/li>\n<\/ul>\n<p>Kompleksan i sna\u017ean algoritam mjeri pokrete <strong>vi\u0161e od 1000 puta u sekundi<\/strong> i time omogu\u0107ava pouzdanu i ultrabrzu detekciju pada.<\/p>\n<p>Specifi\u010dan dizajn zra\u010dnog jastuka u obliku potkove \u0161titi vrat bedrene kosti okru\u017euju\u0107i ga i preusmjeravaju\u0107i snagu udarca u neposrednu okolinu.<\/p>\n<p>Hip&#8217;Guard <strong>smanjuje silu udarca prilikom pada za vi\u0161e od 85%<\/strong> te stoga poma\u017ee u smanjenju broja lomova kuka.<\/p>\n<p>Pogodan je tako\u0111er za ljude koji imaju ote\u017eano kretanje zbog Parkinsonove bolesti, nakon operativnih zahvata i sl.<\/p>\n<p>Hip&#8217;Guard sustav zra\u010dnog jastuka sastoji se od:<\/p>\n<ul>\n<li>\u00a02 bo\u010dna zra\u010dna jastuka<\/li>\n<li>\u00a02 plinske patrone<\/li>\n<li>\u00a01 elektroni\u010dkog senzora<\/li>\n<\/ul>\n<p>Hip&#8217;Guard je <strong>namijenjen za vi\u0161ekratnu uporabu i mo\u017ee se ponovno koristiti nakon pada<\/strong>. Da biste ga ponovno koristili potrebno je jednostavno:<\/p>\n<p>1. Ponovno slo\u017eiti zra\u010dni jastuk koji se aktivirao prilikom pada<\/p>\n<p>2. Zamijeniti plinsku patronu<\/p>\n<p>Za <strong>uklju\u010divanje<\/strong> Hip&#8217;Guard pojasa potrebno je:<\/p>\n<p>1. Postaviti i prilagoditi pojas na kukove.<\/p>\n<p>2. Zakop\u010dati pojas.<\/p>\n<p>Za<strong> isklju\u010divanje<\/strong>: otkop\u010dati pojas.<\/p>\n<p>Sustav korisnika tako\u0111er upozorava ako:<\/p>\n<ul>\n<li>je pojas okrenut naopa\u010dke<\/li>\n<li>su plinske patrone iskori\u0161tene (prazne) ili nedostaju<\/li>\n<li>je baterija slaba<\/li>\n<\/ul>\n<p>Hip&#8217;Guard pojas za za\u0161titu kukova ima <strong>2 godine jamstva<\/strong>.<\/p>\n<p>Imate li jo\u0161 pitanja u vezi Hip&#8217;Guard pojasa? Zanima Vas vi\u0161e?<\/p>\n<p>Slobodno nam se obratite telefonom (040 314 407) ili e-mailom (info@medicpro.hr). Rado \u0107emo odgovoriti na sva Va\u0161a pitanja.<\/p>\n","protected":false},"excerpt":{"rendered":"<p>Da li ste znali da istra\u017eivanja pokazuju da 1 od 4 osobe koje slome kuk ne do\u017eive idu\u0107ih godinu dana?<\/p>\n","protected":false},"featured_media":2060780,"comment_status":"open","ping_status":"closed","template":"","meta":[],"product_brand":[],"product_cat":[810],"product_tag":[],"class_list":{"0":"post-61968","1":"product","2":"type-product","3":"status-publish","4":"has-post-thumbnail","6":"product_cat-hipguard-pojas-za-zastitu-kukova","8":"first","9":"onbackorder","10":"taxable","11":"shipping-taxable","12":"purchasable","13":"product-type-simple"},"acf":[],"yoast_head":"<!-- This site is optimized with the Yoast SEO plugin v27.3 - https:\/\/yoast.com\/product\/yoast-seo-wordpress\/ -->\n<title>HIP&#039;GUARD POJAS ZA ZA\u0160TITU KUKOVA, VELI\u010cINA M (83-95 cm) - Medicpro<\/title>\n<meta name=\"description\" content=\"Hip&#039;Guard inovativni je pojas za za\u0161titu kukova koji pru\u017ea sigurnost i samopouzdanje prilikom kretanja, posebno starijim osobama i svima s pove\u0107anim rizikom od pada.\" \/>\n<meta name=\"robots\" content=\"index, follow, max-snippet:-1, max-image-preview:large, max-video-preview:-1\" \/>\n<link rel=\"canonical\" href=\"https:\/\/medicpro.hr\/veleprodaja\/proizvod\/hipguard-pojas-za-zastitu-kukova-velicina-m-83-95-cm\/\" \/>\n<meta property=\"og:locale\" content=\"hr_HR\" \/>\n<meta property=\"og:type\" content=\"article\" \/>\n<meta property=\"og:title\" content=\"HIP&#039;GUARD POJAS ZA ZA\u0160TITU KUKOVA, VELI\u010cINA M (83-95 cm) - Medicpro\" \/>\n<meta property=\"og:description\" content=\"Hip&#039;Guard inovativni je pojas za za\u0161titu kukova koji pru\u017ea sigurnost i samopouzdanje prilikom kretanja, posebno starijim osobama i svima s pove\u0107anim rizikom od pada.\" \/>\n<meta property=\"og:url\" content=\"https:\/\/medicpro.hr\/veleprodaja\/proizvod\/hipguard-pojas-za-zastitu-kukova-velicina-m-83-95-cm\/\" \/>\n<meta property=\"og:site_name\" content=\"Medicpro\" \/>\n<meta property=\"article:modified_time\" content=\"2026-03-03T08:38:56+00:00\" \/>\n<meta property=\"og:image\" content=\"https:\/\/medicpro.hr\/veleprodaja\/wp-content\/uploads\/2025\/09\/hip-guard-pojas-za-zastitu-kukova.png\" \/>\n\t<meta property=\"og:image:width\" content=\"1890\" \/>\n\t<meta property=\"og:image:height\" content=\"1890\" \/>\n\t<meta property=\"og:image:type\" content=\"image\/png\" \/>\n<meta name=\"twitter:card\" content=\"summary_large_image\" \/>\n<meta name=\"twitter:label1\" content=\"Procijenjeno vrijeme \u010ditanja\" \/>\n\t<meta name=\"twitter:data1\" content=\"4 minute\" \/>\n<script type=\"application\/ld+json\" class=\"yoast-schema-graph\">{\"@context\":\"https:\\\/\\\/schema.org\",\"@graph\":[{\"@type\":\"WebPage\",\"@id\":\"https:\\\/\\\/medicpro.hr\\\/veleprodaja\\\/proizvod\\\/hipguard-pojas-za-zastitu-kukova-velicina-m-83-95-cm\\\/\",\"url\":\"https:\\\/\\\/medicpro.hr\\\/veleprodaja\\\/proizvod\\\/hipguard-pojas-za-zastitu-kukova-velicina-m-83-95-cm\\\/\",\"name\":\"HIP'GUARD POJAS ZA ZA\u0160TITU KUKOVA, VELI\u010cINA M (83-95 cm) - Medicpro\",\"isPartOf\":{\"@id\":\"https:\\\/\\\/medicpro.hr\\\/veleprodaja\\\/#website\"},\"primaryImageOfPage\":{\"@id\":\"https:\\\/\\\/medicpro.hr\\\/veleprodaja\\\/proizvod\\\/hipguard-pojas-za-zastitu-kukova-velicina-m-83-95-cm\\\/#primaryimage\"},\"image\":{\"@id\":\"https:\\\/\\\/medicpro.hr\\\/veleprodaja\\\/proizvod\\\/hipguard-pojas-za-zastitu-kukova-velicina-m-83-95-cm\\\/#primaryimage\"},\"thumbnailUrl\":\"https:\\\/\\\/medicpro.hr\\\/veleprodaja\\\/wp-content\\\/uploads\\\/2025\\\/09\\\/hip-guard-pojas-za-zastitu-kukova.png\",\"datePublished\":\"2025-09-01T01:02:45+00:00\",\"dateModified\":\"2026-03-03T08:38:56+00:00\",\"description\":\"Hip'Guard inovativni je pojas za za\u0161titu kukova koji pru\u017ea sigurnost i samopouzdanje prilikom kretanja, posebno starijim osobama i svima s pove\u0107anim rizikom od pada.\",\"breadcrumb\":{\"@id\":\"https:\\\/\\\/medicpro.hr\\\/veleprodaja\\\/proizvod\\\/hipguard-pojas-za-zastitu-kukova-velicina-m-83-95-cm\\\/#breadcrumb\"},\"inLanguage\":\"hr\",\"potentialAction\":[{\"@type\":\"ReadAction\",\"target\":[\"https:\\\/\\\/medicpro.hr\\\/veleprodaja\\\/proizvod\\\/hipguard-pojas-za-zastitu-kukova-velicina-m-83-95-cm\\\/\"]}]},{\"@type\":\"ImageObject\",\"inLanguage\":\"hr\",\"@id\":\"https:\\\/\\\/medicpro.hr\\\/veleprodaja\\\/proizvod\\\/hipguard-pojas-za-zastitu-kukova-velicina-m-83-95-cm\\\/#primaryimage\",\"url\":\"https:\\\/\\\/medicpro.hr\\\/veleprodaja\\\/wp-content\\\/uploads\\\/2025\\\/09\\\/hip-guard-pojas-za-zastitu-kukova.png\",\"contentUrl\":\"https:\\\/\\\/medicpro.hr\\\/veleprodaja\\\/wp-content\\\/uploads\\\/2025\\\/09\\\/hip-guard-pojas-za-zastitu-kukova.png\",\"width\":1890,\"height\":1890,\"caption\":\"Pojas Hip Guard za za\u0161titu kukova\"},{\"@type\":\"BreadcrumbList\",\"@id\":\"https:\\\/\\\/medicpro.hr\\\/veleprodaja\\\/proizvod\\\/hipguard-pojas-za-zastitu-kukova-velicina-m-83-95-cm\\\/#breadcrumb\",\"itemListElement\":[{\"@type\":\"ListItem\",\"position\":1,\"name\":\"Po\u010detna stranica\",\"item\":\"https:\\\/\\\/medicpro.hr\\\/veleprodaja\\\/\"},{\"@type\":\"ListItem\",\"position\":2,\"name\":\"Veleprodaja\",\"item\":\"https:\\\/\\\/medicpro.hr\\\/veleprodaja\\\/trgovina\\\/\"},{\"@type\":\"ListItem\",\"position\":3,\"name\":\"HIP&#8217;GUARD POJAS ZA ZA\u0160TITU KUKOVA, VELI\u010cINA M (83-95 cm)\"}]},{\"@type\":\"WebSite\",\"@id\":\"https:\\\/\\\/medicpro.hr\\\/veleprodaja\\\/#website\",\"url\":\"https:\\\/\\\/medicpro.hr\\\/veleprodaja\\\/\",\"name\":\"Medicpro.hr\",\"description\":\"Medicinski potro\u0161ni materijal i oprema\",\"publisher\":{\"@id\":\"https:\\\/\\\/medicpro.hr\\\/veleprodaja\\\/#organization\"},\"potentialAction\":[{\"@type\":\"SearchAction\",\"target\":{\"@type\":\"EntryPoint\",\"urlTemplate\":\"https:\\\/\\\/medicpro.hr\\\/veleprodaja\\\/?s={search_term_string}\"},\"query-input\":{\"@type\":\"PropertyValueSpecification\",\"valueRequired\":true,\"valueName\":\"search_term_string\"}}],\"inLanguage\":\"hr\"},{\"@type\":\"Organization\",\"@id\":\"https:\\\/\\\/medicpro.hr\\\/veleprodaja\\\/#organization\",\"name\":\"Medicpro d.o.o.\",\"url\":\"https:\\\/\\\/medicpro.hr\\\/veleprodaja\\\/\",\"logo\":{\"@type\":\"ImageObject\",\"inLanguage\":\"hr\",\"@id\":\"https:\\\/\\\/medicpro.hr\\\/veleprodaja\\\/#\\\/schema\\\/logo\\\/image\\\/\",\"url\":\"https:\\\/\\\/medicpro.hr\\\/veleprodaja\\\/wp-content\\\/uploads\\\/2025\\\/05\\\/medicpro_logo.svg\",\"contentUrl\":\"https:\\\/\\\/medicpro.hr\\\/veleprodaja\\\/wp-content\\\/uploads\\\/2025\\\/05\\\/medicpro_logo.svg\",\"width\":226,\"height\":42,\"caption\":\"Medicpro d.o.o.\"},\"image\":{\"@id\":\"https:\\\/\\\/medicpro.hr\\\/veleprodaja\\\/#\\\/schema\\\/logo\\\/image\\\/\"}}]}<\/script>\n<!-- \/ Yoast SEO plugin. -->","yoast_head_json":{"title":"HIP'GUARD POJAS ZA ZA\u0160TITU KUKOVA, VELI\u010cINA M (83-95 cm) - Medicpro","description":"Hip'Guard inovativni je pojas za za\u0161titu kukova koji pru\u017ea sigurnost i samopouzdanje prilikom kretanja, posebno starijim osobama i svima s pove\u0107anim rizikom od pada.","robots":{"index":"index","follow":"follow","max-snippet":"max-snippet:-1","max-image-preview":"max-image-preview:large","max-video-preview":"max-video-preview:-1"},"canonical":"https:\/\/medicpro.hr\/veleprodaja\/proizvod\/hipguard-pojas-za-zastitu-kukova-velicina-m-83-95-cm\/","og_locale":"hr_HR","og_type":"article","og_title":"HIP'GUARD POJAS ZA ZA\u0160TITU KUKOVA, VELI\u010cINA M (83-95 cm) - Medicpro","og_description":"Hip'Guard inovativni je pojas za za\u0161titu kukova koji pru\u017ea sigurnost i samopouzdanje prilikom kretanja, posebno starijim osobama i svima s pove\u0107anim rizikom od pada.","og_url":"https:\/\/medicpro.hr\/veleprodaja\/proizvod\/hipguard-pojas-za-zastitu-kukova-velicina-m-83-95-cm\/","og_site_name":"Medicpro","article_modified_time":"2026-03-03T08:38:56+00:00","og_image":[{"width":1890,"height":1890,"url":"https:\/\/medicpro.hr\/veleprodaja\/wp-content\/uploads\/2025\/09\/hip-guard-pojas-za-zastitu-kukova.png","type":"image\/png"}],"twitter_card":"summary_large_image","twitter_misc":{"Procijenjeno vrijeme \u010ditanja":"4 minute"},"schema":{"@context":"https:\/\/schema.org","@graph":[{"@type":"WebPage","@id":"https:\/\/medicpro.hr\/veleprodaja\/proizvod\/hipguard-pojas-za-zastitu-kukova-velicina-m-83-95-cm\/","url":"https:\/\/medicpro.hr\/veleprodaja\/proizvod\/hipguard-pojas-za-zastitu-kukova-velicina-m-83-95-cm\/","name":"HIP'GUARD POJAS ZA ZA\u0160TITU KUKOVA, VELI\u010cINA M (83-95 cm) - Medicpro","isPartOf":{"@id":"https:\/\/medicpro.hr\/veleprodaja\/#website"},"primaryImageOfPage":{"@id":"https:\/\/medicpro.hr\/veleprodaja\/proizvod\/hipguard-pojas-za-zastitu-kukova-velicina-m-83-95-cm\/#primaryimage"},"image":{"@id":"https:\/\/medicpro.hr\/veleprodaja\/proizvod\/hipguard-pojas-za-zastitu-kukova-velicina-m-83-95-cm\/#primaryimage"},"thumbnailUrl":"https:\/\/medicpro.hr\/veleprodaja\/wp-content\/uploads\/2025\/09\/hip-guard-pojas-za-zastitu-kukova.png","datePublished":"2025-09-01T01:02:45+00:00","dateModified":"2026-03-03T08:38:56+00:00","description":"Hip'Guard inovativni je pojas za za\u0161titu kukova koji pru\u017ea sigurnost i samopouzdanje prilikom kretanja, posebno starijim osobama i svima s pove\u0107anim rizikom od pada.","breadcrumb":{"@id":"https:\/\/medicpro.hr\/veleprodaja\/proizvod\/hipguard-pojas-za-zastitu-kukova-velicina-m-83-95-cm\/#breadcrumb"},"inLanguage":"hr","potentialAction":[{"@type":"ReadAction","target":["https:\/\/medicpro.hr\/veleprodaja\/proizvod\/hipguard-pojas-za-zastitu-kukova-velicina-m-83-95-cm\/"]}]},{"@type":"ImageObject","inLanguage":"hr","@id":"https:\/\/medicpro.hr\/veleprodaja\/proizvod\/hipguard-pojas-za-zastitu-kukova-velicina-m-83-95-cm\/#primaryimage","url":"https:\/\/medicpro.hr\/veleprodaja\/wp-content\/uploads\/2025\/09\/hip-guard-pojas-za-zastitu-kukova.png","contentUrl":"https:\/\/medicpro.hr\/veleprodaja\/wp-content\/uploads\/2025\/09\/hip-guard-pojas-za-zastitu-kukova.png","width":1890,"height":1890,"caption":"Pojas Hip Guard za za\u0161titu kukova"},{"@type":"BreadcrumbList","@id":"https:\/\/medicpro.hr\/veleprodaja\/proizvod\/hipguard-pojas-za-zastitu-kukova-velicina-m-83-95-cm\/#breadcrumb","itemListElement":[{"@type":"ListItem","position":1,"name":"Po\u010detna stranica","item":"https:\/\/medicpro.hr\/veleprodaja\/"},{"@type":"ListItem","position":2,"name":"Veleprodaja","item":"https:\/\/medicpro.hr\/veleprodaja\/trgovina\/"},{"@type":"ListItem","position":3,"name":"HIP&#8217;GUARD POJAS ZA ZA\u0160TITU KUKOVA, VELI\u010cINA M (83-95 cm)"}]},{"@type":"WebSite","@id":"https:\/\/medicpro.hr\/veleprodaja\/#website","url":"https:\/\/medicpro.hr\/veleprodaja\/","name":"Medicpro.hr","description":"Medicinski potro\u0161ni materijal i oprema","publisher":{"@id":"https:\/\/medicpro.hr\/veleprodaja\/#organization"},"potentialAction":[{"@type":"SearchAction","target":{"@type":"EntryPoint","urlTemplate":"https:\/\/medicpro.hr\/veleprodaja\/?s={search_term_string}"},"query-input":{"@type":"PropertyValueSpecification","valueRequired":true,"valueName":"search_term_string"}}],"inLanguage":"hr"},{"@type":"Organization","@id":"https:\/\/medicpro.hr\/veleprodaja\/#organization","name":"Medicpro d.o.o.","url":"https:\/\/medicpro.hr\/veleprodaja\/","logo":{"@type":"ImageObject","inLanguage":"hr","@id":"https:\/\/medicpro.hr\/veleprodaja\/#\/schema\/logo\/image\/","url":"https:\/\/medicpro.hr\/veleprodaja\/wp-content\/uploads\/2025\/05\/medicpro_logo.svg","contentUrl":"https:\/\/medicpro.hr\/veleprodaja\/wp-content\/uploads\/2025\/05\/medicpro_logo.svg","width":226,"height":42,"caption":"Medicpro d.o.o."},"image":{"@id":"https:\/\/medicpro.hr\/veleprodaja\/#\/schema\/logo\/image\/"}}]}},"_links":{"self":[{"href":"https:\/\/medicpro.hr\/veleprodaja\/wp-json\/wp\/v2\/product\/61968","targetHints":{"allow":["GET"]}}],"collection":[{"href":"https:\/\/medicpro.hr\/veleprodaja\/wp-json\/wp\/v2\/product"}],"about":[{"href":"https:\/\/medicpro.hr\/veleprodaja\/wp-json\/wp\/v2\/types\/product"}],"replies":[{"embeddable":true,"href":"https:\/\/medicpro.hr\/veleprodaja\/wp-json\/wp\/v2\/comments?post=61968"}],"wp:featuredmedia":[{"embeddable":true,"href":"https:\/\/medicpro.hr\/veleprodaja\/wp-json\/wp\/v2\/media\/2060780"}],"wp:attachment":[{"href":"https:\/\/medicpro.hr\/veleprodaja\/wp-json\/wp\/v2\/media?parent=61968"}],"wp:term":[{"taxonomy":"product_brand","embeddable":true,"href":"https:\/\/medicpro.hr\/veleprodaja\/wp-json\/wp\/v2\/product_brand?post=61968"},{"taxonomy":"product_cat","embeddable":true,"href":"https:\/\/medicpro.hr\/veleprodaja\/wp-json\/wp\/v2\/product_cat?post=61968"},{"taxonomy":"product_tag","embeddable":true,"href":"https:\/\/medicpro.hr\/veleprodaja\/wp-json\/wp\/v2\/product_tag?post=61968"}],"curies":[{"name":"wp","href":"https:\/\/api.w.org\/{rel}","templated":true}]}}