{"id":61719,"date":"2025-09-01T03:02:09","date_gmt":"2025-09-01T01:02:09","guid":{"rendered":"https:\/\/zdesmedicpro-velepro.kuhada.net\/?post_type=product&#038;p=61719"},"modified":"2025-09-12T11:02:45","modified_gmt":"2025-09-12T09:02:45","slug":"vaga-digitalna-duga-platforma-wireless-max-300-kg-seca-657","status":"publish","type":"product","link":"https:\/\/medicpro.hr\/veleprodaja\/proizvod\/vaga-digitalna-duga-platforma-wireless-max-300-kg-seca-657\/","title":{"rendered":"VAGA DIGITALNA, DUGA PLATFORMA, WIRELESS, max 300 kg, SECA 657"},"content":{"rendered":"<ul>\n<li>Vaga s iznimno dugom platformom i inovativnom memorijskom funkcijom.<\/li>\n<li>Iznimno duga platforma omogu\u0107uje vaganje pacijenata na ve\u0107ini standardnih stre\u010dera.<\/li>\n<li>Pacijenti se tako\u0111er mogu izvagati dok sjede u invalidskim kolicima ili na stolici.<\/li>\n<li><strong>Jedinstvena karakterisika: memorijska funkcija<\/strong> \u2013 omogu\u0107ava pohranu te\u017eine kolica i prikaz same te\u017eine pacijenta.<\/li>\n<li>Pregledan LCD zaslon mo\u017ee se postaviti na zid ili stol.<\/li>\n<li>Robusnog dizajna i visokog kapaciteta do 300 kg.<\/li>\n<li>Prakti\u010dni transportni kota\u010di i integrirane dr\u0161ke omogu\u0107uju jednostavan transport.<\/li>\n<li>To\u010dnost: 100 g &lt; 200 kg &gt; 200 g.<\/li>\n<li>Funkcije: TARE, Pre-TARE, HOLD, Auto-HOLD, BMI, Auto-Clear, prigu\u0161enje micanja pacijenta, RESET, SEND\/PRINT.<\/li>\n<\/ul>\n","protected":false},"excerpt":{"rendered":"<p>Vaga s iznimno dugom platformom i inovativnom memorijskom funkcijom. Iznimno duga platforma omogu\u0107uje vaganje pacijenata na ve\u0107ini standardnih stre\u010dera. Pacijenti<\/p>\n","protected":false},"featured_media":0,"comment_status":"open","ping_status":"closed","template":"","meta":[],"product_brand":[],"product_cat":[702,711],"product_tag":[],"class_list":{"0":"post-61719","1":"product","2":"type-product","3":"status-publish","5":"product_cat-dijagnostika","6":"product_cat-medicinske-vage","8":"first","9":"onbackorder","10":"taxable","11":"shipping-taxable","12":"purchasable","13":"product-type-simple"},"acf":[],"yoast_head":"<!-- This site is optimized with the Yoast SEO plugin v27.3 - https:\/\/yoast.com\/product\/yoast-seo-wordpress\/ -->\n<title>VAGA DIGITALNA, DUGA PLATFORMA, WIRELESS, max 300 kg, SECA 657 - Medicpro<\/title>\n<meta name=\"robots\" content=\"index, follow, max-snippet:-1, max-image-preview:large, max-video-preview:-1\" \/>\n<link rel=\"canonical\" href=\"https:\/\/medicpro.hr\/veleprodaja\/proizvod\/vaga-digitalna-duga-platforma-wireless-max-300-kg-seca-657\/\" \/>\n<meta property=\"og:locale\" content=\"hr_HR\" \/>\n<meta property=\"og:type\" content=\"article\" \/>\n<meta property=\"og:title\" content=\"VAGA DIGITALNA, DUGA PLATFORMA, WIRELESS, max 300 kg, SECA 657 - Medicpro\" \/>\n<meta property=\"og:description\" content=\"Vaga s iznimno dugom platformom i inovativnom memorijskom funkcijom. Iznimno duga platforma omogu\u0107uje vaganje pacijenata na ve\u0107ini standardnih stre\u010dera. Pacijenti\" \/>\n<meta property=\"og:url\" content=\"https:\/\/medicpro.hr\/veleprodaja\/proizvod\/vaga-digitalna-duga-platforma-wireless-max-300-kg-seca-657\/\" \/>\n<meta property=\"og:site_name\" content=\"Medicpro\" \/>\n<meta property=\"article:modified_time\" content=\"2025-09-12T09:02:45+00:00\" \/>\n<meta name=\"twitter:card\" content=\"summary_large_image\" \/>\n<meta name=\"twitter:label1\" content=\"Procijenjeno vrijeme \u010ditanja\" \/>\n\t<meta name=\"twitter:data1\" content=\"1 minuta\" \/>\n<script type=\"application\/ld+json\" class=\"yoast-schema-graph\">{\"@context\":\"https:\\\/\\\/schema.org\",\"@graph\":[{\"@type\":\"WebPage\",\"@id\":\"https:\\\/\\\/medicpro.hr\\\/veleprodaja\\\/proizvod\\\/vaga-digitalna-duga-platforma-wireless-max-300-kg-seca-657\\\/\",\"url\":\"https:\\\/\\\/medicpro.hr\\\/veleprodaja\\\/proizvod\\\/vaga-digitalna-duga-platforma-wireless-max-300-kg-seca-657\\\/\",\"name\":\"VAGA DIGITALNA, DUGA PLATFORMA, WIRELESS, max 300 kg, SECA 657 - Medicpro\",\"isPartOf\":{\"@id\":\"https:\\\/\\\/medicpro.hr\\\/veleprodaja\\\/#website\"},\"datePublished\":\"2025-09-01T01:02:09+00:00\",\"dateModified\":\"2025-09-12T09:02:45+00:00\",\"breadcrumb\":{\"@id\":\"https:\\\/\\\/medicpro.hr\\\/veleprodaja\\\/proizvod\\\/vaga-digitalna-duga-platforma-wireless-max-300-kg-seca-657\\\/#breadcrumb\"},\"inLanguage\":\"hr\",\"potentialAction\":[{\"@type\":\"ReadAction\",\"target\":[\"https:\\\/\\\/medicpro.hr\\\/veleprodaja\\\/proizvod\\\/vaga-digitalna-duga-platforma-wireless-max-300-kg-seca-657\\\/\"]}]},{\"@type\":\"BreadcrumbList\",\"@id\":\"https:\\\/\\\/medicpro.hr\\\/veleprodaja\\\/proizvod\\\/vaga-digitalna-duga-platforma-wireless-max-300-kg-seca-657\\\/#breadcrumb\",\"itemListElement\":[{\"@type\":\"ListItem\",\"position\":1,\"name\":\"Po\u010detna stranica\",\"item\":\"https:\\\/\\\/medicpro.hr\\\/veleprodaja\\\/\"},{\"@type\":\"ListItem\",\"position\":2,\"name\":\"Veleprodaja\",\"item\":\"https:\\\/\\\/medicpro.hr\\\/veleprodaja\\\/trgovina\\\/\"},{\"@type\":\"ListItem\",\"position\":3,\"name\":\"VAGA DIGITALNA, DUGA PLATFORMA, WIRELESS, max 300 kg, SECA 657\"}]},{\"@type\":\"WebSite\",\"@id\":\"https:\\\/\\\/medicpro.hr\\\/veleprodaja\\\/#website\",\"url\":\"https:\\\/\\\/medicpro.hr\\\/veleprodaja\\\/\",\"name\":\"Medicpro.hr\",\"description\":\"Medicinski potro\u0161ni materijal i oprema\",\"publisher\":{\"@id\":\"https:\\\/\\\/medicpro.hr\\\/veleprodaja\\\/#organization\"},\"potentialAction\":[{\"@type\":\"SearchAction\",\"target\":{\"@type\":\"EntryPoint\",\"urlTemplate\":\"https:\\\/\\\/medicpro.hr\\\/veleprodaja\\\/?s={search_term_string}\"},\"query-input\":{\"@type\":\"PropertyValueSpecification\",\"valueRequired\":true,\"valueName\":\"search_term_string\"}}],\"inLanguage\":\"hr\"},{\"@type\":\"Organization\",\"@id\":\"https:\\\/\\\/medicpro.hr\\\/veleprodaja\\\/#organization\",\"name\":\"Medicpro d.o.o.\",\"url\":\"https:\\\/\\\/medicpro.hr\\\/veleprodaja\\\/\",\"logo\":{\"@type\":\"ImageObject\",\"inLanguage\":\"hr\",\"@id\":\"https:\\\/\\\/medicpro.hr\\\/veleprodaja\\\/#\\\/schema\\\/logo\\\/image\\\/\",\"url\":\"https:\\\/\\\/medicpro.hr\\\/veleprodaja\\\/wp-content\\\/uploads\\\/2025\\\/05\\\/medicpro_logo.svg\",\"contentUrl\":\"https:\\\/\\\/medicpro.hr\\\/veleprodaja\\\/wp-content\\\/uploads\\\/2025\\\/05\\\/medicpro_logo.svg\",\"width\":226,\"height\":42,\"caption\":\"Medicpro d.o.o.\"},\"image\":{\"@id\":\"https:\\\/\\\/medicpro.hr\\\/veleprodaja\\\/#\\\/schema\\\/logo\\\/image\\\/\"}}]}<\/script>\n<!-- \/ Yoast SEO plugin. -->","yoast_head_json":{"title":"VAGA DIGITALNA, DUGA PLATFORMA, WIRELESS, max 300 kg, SECA 657 - Medicpro","robots":{"index":"index","follow":"follow","max-snippet":"max-snippet:-1","max-image-preview":"max-image-preview:large","max-video-preview":"max-video-preview:-1"},"canonical":"https:\/\/medicpro.hr\/veleprodaja\/proizvod\/vaga-digitalna-duga-platforma-wireless-max-300-kg-seca-657\/","og_locale":"hr_HR","og_type":"article","og_title":"VAGA DIGITALNA, DUGA PLATFORMA, WIRELESS, max 300 kg, SECA 657 - Medicpro","og_description":"Vaga s iznimno dugom platformom i inovativnom memorijskom funkcijom. Iznimno duga platforma omogu\u0107uje vaganje pacijenata na ve\u0107ini standardnih stre\u010dera. Pacijenti","og_url":"https:\/\/medicpro.hr\/veleprodaja\/proizvod\/vaga-digitalna-duga-platforma-wireless-max-300-kg-seca-657\/","og_site_name":"Medicpro","article_modified_time":"2025-09-12T09:02:45+00:00","twitter_card":"summary_large_image","twitter_misc":{"Procijenjeno vrijeme \u010ditanja":"1 minuta"},"schema":{"@context":"https:\/\/schema.org","@graph":[{"@type":"WebPage","@id":"https:\/\/medicpro.hr\/veleprodaja\/proizvod\/vaga-digitalna-duga-platforma-wireless-max-300-kg-seca-657\/","url":"https:\/\/medicpro.hr\/veleprodaja\/proizvod\/vaga-digitalna-duga-platforma-wireless-max-300-kg-seca-657\/","name":"VAGA DIGITALNA, DUGA PLATFORMA, WIRELESS, max 300 kg, SECA 657 - Medicpro","isPartOf":{"@id":"https:\/\/medicpro.hr\/veleprodaja\/#website"},"datePublished":"2025-09-01T01:02:09+00:00","dateModified":"2025-09-12T09:02:45+00:00","breadcrumb":{"@id":"https:\/\/medicpro.hr\/veleprodaja\/proizvod\/vaga-digitalna-duga-platforma-wireless-max-300-kg-seca-657\/#breadcrumb"},"inLanguage":"hr","potentialAction":[{"@type":"ReadAction","target":["https:\/\/medicpro.hr\/veleprodaja\/proizvod\/vaga-digitalna-duga-platforma-wireless-max-300-kg-seca-657\/"]}]},{"@type":"BreadcrumbList","@id":"https:\/\/medicpro.hr\/veleprodaja\/proizvod\/vaga-digitalna-duga-platforma-wireless-max-300-kg-seca-657\/#breadcrumb","itemListElement":[{"@type":"ListItem","position":1,"name":"Po\u010detna stranica","item":"https:\/\/medicpro.hr\/veleprodaja\/"},{"@type":"ListItem","position":2,"name":"Veleprodaja","item":"https:\/\/medicpro.hr\/veleprodaja\/trgovina\/"},{"@type":"ListItem","position":3,"name":"VAGA DIGITALNA, DUGA PLATFORMA, WIRELESS, max 300 kg, SECA 657"}]},{"@type":"WebSite","@id":"https:\/\/medicpro.hr\/veleprodaja\/#website","url":"https:\/\/medicpro.hr\/veleprodaja\/","name":"Medicpro.hr","description":"Medicinski potro\u0161ni materijal i oprema","publisher":{"@id":"https:\/\/medicpro.hr\/veleprodaja\/#organization"},"potentialAction":[{"@type":"SearchAction","target":{"@type":"EntryPoint","urlTemplate":"https:\/\/medicpro.hr\/veleprodaja\/?s={search_term_string}"},"query-input":{"@type":"PropertyValueSpecification","valueRequired":true,"valueName":"search_term_string"}}],"inLanguage":"hr"},{"@type":"Organization","@id":"https:\/\/medicpro.hr\/veleprodaja\/#organization","name":"Medicpro d.o.o.","url":"https:\/\/medicpro.hr\/veleprodaja\/","logo":{"@type":"ImageObject","inLanguage":"hr","@id":"https:\/\/medicpro.hr\/veleprodaja\/#\/schema\/logo\/image\/","url":"https:\/\/medicpro.hr\/veleprodaja\/wp-content\/uploads\/2025\/05\/medicpro_logo.svg","contentUrl":"https:\/\/medicpro.hr\/veleprodaja\/wp-content\/uploads\/2025\/05\/medicpro_logo.svg","width":226,"height":42,"caption":"Medicpro d.o.o."},"image":{"@id":"https:\/\/medicpro.hr\/veleprodaja\/#\/schema\/logo\/image\/"}}]}},"_links":{"self":[{"href":"https:\/\/medicpro.hr\/veleprodaja\/wp-json\/wp\/v2\/product\/61719","targetHints":{"allow":["GET"]}}],"collection":[{"href":"https:\/\/medicpro.hr\/veleprodaja\/wp-json\/wp\/v2\/product"}],"about":[{"href":"https:\/\/medicpro.hr\/veleprodaja\/wp-json\/wp\/v2\/types\/product"}],"replies":[{"embeddable":true,"href":"https:\/\/medicpro.hr\/veleprodaja\/wp-json\/wp\/v2\/comments?post=61719"}],"wp:attachment":[{"href":"https:\/\/medicpro.hr\/veleprodaja\/wp-json\/wp\/v2\/media?parent=61719"}],"wp:term":[{"taxonomy":"product_brand","embeddable":true,"href":"https:\/\/medicpro.hr\/veleprodaja\/wp-json\/wp\/v2\/product_brand?post=61719"},{"taxonomy":"product_cat","embeddable":true,"href":"https:\/\/medicpro.hr\/veleprodaja\/wp-json\/wp\/v2\/product_cat?post=61719"},{"taxonomy":"product_tag","embeddable":true,"href":"https:\/\/medicpro.hr\/veleprodaja\/wp-json\/wp\/v2\/product_tag?post=61719"}],"curies":[{"name":"wp","href":"https:\/\/api.w.org\/{rel}","templated":true}]}}