{"id":61661,"date":"2025-09-01T03:02:01","date_gmt":"2025-09-01T01:02:01","guid":{"rendered":"https:\/\/zdesmedicpro-velepro.kuhada.net\/?post_type=product&#038;p=61661"},"modified":"2025-09-12T11:02:37","modified_gmt":"2025-09-12T09:02:37","slug":"tlakomjer-digitalni-connex-probp-3400-sa-surebp","status":"publish","type":"product","link":"https:\/\/medicpro.hr\/veleprodaja\/proizvod\/tlakomjer-digitalni-connex-probp-3400-sa-surebp\/","title":{"rendered":"TLAKOMJER digitalni Connex ProBP 3400, sa SureBP"},"content":{"rendered":"<ul>\n<li>Digitalni tlakomjer u ru\u010dnoj izedbi.<\/li>\n<li>Brzo i pouzdano mjerenje u samo 15 sekundi.<\/li>\n<li>Kompaktan dizajn, lagan za odr\u017eavanje sa osvijetljenim LCD zaslonom u boji.<\/li>\n<li>Certificirana SureBp NiBP tehnologija pa AAMI\/BHS -AA standardima (mjerenje se vr\u0161i prilikom napuhavanja man\u017eete, skra\u0107eno vrijeme mjerenja, umanjuje pritisak na nadlakticu te smanjuje mogu\u0107nost traume).<\/li>\n<li>Mjerni raspon: 0 do 300 mmHg.<\/li>\n<li>Sistoli\u010dki \/ Dijastoli\u010dki raspon: 60 do 250 mmHg \/ 30 do 160 mmHg.<\/li>\n<li>Izra\u010dun MAP (srednji arterijski tlak) zbrojem prosje\u010dnih vrijednosti 40 do 190 mmHg.<\/li>\n<li>Interna memorija do 50 o\u010ditanja.<\/li>\n<li>Automatski ulazak u \u201dStandby\u201d na\u010din rada nakon 2 minute nekori\u0161tenja i automatsko isklju\u010divanje nakon 30 minuta nekori\u0161tenja radi \u0161tednje baterije.<\/li>\n<li>Punjiva Li-Ion baterija omogu\u0107ava do 100 mjerenja s jednim punjenjem.<\/li>\n<li>U kompletu se isporu\u010duje sa FlexiPort man\u017eetama br.11 (standardna) i br.12 (za ja\u010du ruku).<\/li>\n<li>Mogu\u0107nost kori\u0161tenja jednokratnih Ecocuff ili Soft man\u017eeta \u2013 prevencija \u0161irenja intrahospitalnih infekcija.<\/li>\n<li>Upotreba vi\u0161ekratnih man\u017eeta u veli\u010dinama od pedijatrijske br. 8 do man\u017eete za ja\u010du ruku br. 12.<\/li>\n<\/ul>\n","protected":false},"excerpt":{"rendered":"<p>Digitalni tlakomjer u ru\u010dnoj izedbi. Brzo i pouzdano mjerenje u samo 15 sekundi. Kompaktan dizajn, lagan za odr\u017eavanje sa osvijetljenim<\/p>\n","protected":false},"featured_media":0,"comment_status":"open","ping_status":"closed","template":"","meta":[],"product_brand":[],"product_cat":[702,782],"product_tag":[],"class_list":{"0":"post-61661","1":"product","2":"type-product","3":"status-publish","5":"product_cat-dijagnostika","6":"product_cat-tlakomjeri","8":"first","9":"onbackorder","10":"taxable","11":"shipping-taxable","12":"purchasable","13":"product-type-simple"},"acf":[],"yoast_head":"<!-- This site is optimized with the Yoast SEO plugin v27.3 - https:\/\/yoast.com\/product\/yoast-seo-wordpress\/ -->\n<title>TLAKOMJER digitalni Connex ProBP 3400, sa SureBP - Medicpro<\/title>\n<meta name=\"robots\" content=\"index, follow, max-snippet:-1, max-image-preview:large, max-video-preview:-1\" \/>\n<link rel=\"canonical\" href=\"https:\/\/medicpro.hr\/veleprodaja\/proizvod\/tlakomjer-digitalni-connex-probp-3400-sa-surebp\/\" \/>\n<meta property=\"og:locale\" content=\"hr_HR\" \/>\n<meta property=\"og:type\" content=\"article\" \/>\n<meta property=\"og:title\" content=\"TLAKOMJER digitalni Connex ProBP 3400, sa SureBP - Medicpro\" \/>\n<meta property=\"og:description\" content=\"Digitalni tlakomjer u ru\u010dnoj izedbi. Brzo i pouzdano mjerenje u samo 15 sekundi. Kompaktan dizajn, lagan za odr\u017eavanje sa osvijetljenim\" \/>\n<meta property=\"og:url\" content=\"https:\/\/medicpro.hr\/veleprodaja\/proizvod\/tlakomjer-digitalni-connex-probp-3400-sa-surebp\/\" \/>\n<meta property=\"og:site_name\" content=\"Medicpro\" \/>\n<meta property=\"article:modified_time\" content=\"2025-09-12T09:02:37+00:00\" \/>\n<meta name=\"twitter:card\" content=\"summary_large_image\" \/>\n<meta name=\"twitter:label1\" content=\"Procijenjeno vrijeme \u010ditanja\" \/>\n\t<meta name=\"twitter:data1\" content=\"1 minuta\" \/>\n<script type=\"application\/ld+json\" class=\"yoast-schema-graph\">{\"@context\":\"https:\\\/\\\/schema.org\",\"@graph\":[{\"@type\":\"WebPage\",\"@id\":\"https:\\\/\\\/medicpro.hr\\\/veleprodaja\\\/proizvod\\\/tlakomjer-digitalni-connex-probp-3400-sa-surebp\\\/\",\"url\":\"https:\\\/\\\/medicpro.hr\\\/veleprodaja\\\/proizvod\\\/tlakomjer-digitalni-connex-probp-3400-sa-surebp\\\/\",\"name\":\"TLAKOMJER digitalni Connex ProBP 3400, sa SureBP - Medicpro\",\"isPartOf\":{\"@id\":\"https:\\\/\\\/medicpro.hr\\\/veleprodaja\\\/#website\"},\"datePublished\":\"2025-09-01T01:02:01+00:00\",\"dateModified\":\"2025-09-12T09:02:37+00:00\",\"breadcrumb\":{\"@id\":\"https:\\\/\\\/medicpro.hr\\\/veleprodaja\\\/proizvod\\\/tlakomjer-digitalni-connex-probp-3400-sa-surebp\\\/#breadcrumb\"},\"inLanguage\":\"hr\",\"potentialAction\":[{\"@type\":\"ReadAction\",\"target\":[\"https:\\\/\\\/medicpro.hr\\\/veleprodaja\\\/proizvod\\\/tlakomjer-digitalni-connex-probp-3400-sa-surebp\\\/\"]}]},{\"@type\":\"BreadcrumbList\",\"@id\":\"https:\\\/\\\/medicpro.hr\\\/veleprodaja\\\/proizvod\\\/tlakomjer-digitalni-connex-probp-3400-sa-surebp\\\/#breadcrumb\",\"itemListElement\":[{\"@type\":\"ListItem\",\"position\":1,\"name\":\"Po\u010detna stranica\",\"item\":\"https:\\\/\\\/medicpro.hr\\\/veleprodaja\\\/\"},{\"@type\":\"ListItem\",\"position\":2,\"name\":\"Veleprodaja\",\"item\":\"https:\\\/\\\/medicpro.hr\\\/veleprodaja\\\/trgovina\\\/\"},{\"@type\":\"ListItem\",\"position\":3,\"name\":\"TLAKOMJER digitalni Connex ProBP 3400, sa SureBP\"}]},{\"@type\":\"WebSite\",\"@id\":\"https:\\\/\\\/medicpro.hr\\\/veleprodaja\\\/#website\",\"url\":\"https:\\\/\\\/medicpro.hr\\\/veleprodaja\\\/\",\"name\":\"Medicpro.hr\",\"description\":\"Medicinski potro\u0161ni materijal i oprema\",\"publisher\":{\"@id\":\"https:\\\/\\\/medicpro.hr\\\/veleprodaja\\\/#organization\"},\"potentialAction\":[{\"@type\":\"SearchAction\",\"target\":{\"@type\":\"EntryPoint\",\"urlTemplate\":\"https:\\\/\\\/medicpro.hr\\\/veleprodaja\\\/?s={search_term_string}\"},\"query-input\":{\"@type\":\"PropertyValueSpecification\",\"valueRequired\":true,\"valueName\":\"search_term_string\"}}],\"inLanguage\":\"hr\"},{\"@type\":\"Organization\",\"@id\":\"https:\\\/\\\/medicpro.hr\\\/veleprodaja\\\/#organization\",\"name\":\"Medicpro d.o.o.\",\"url\":\"https:\\\/\\\/medicpro.hr\\\/veleprodaja\\\/\",\"logo\":{\"@type\":\"ImageObject\",\"inLanguage\":\"hr\",\"@id\":\"https:\\\/\\\/medicpro.hr\\\/veleprodaja\\\/#\\\/schema\\\/logo\\\/image\\\/\",\"url\":\"https:\\\/\\\/medicpro.hr\\\/veleprodaja\\\/wp-content\\\/uploads\\\/2025\\\/05\\\/medicpro_logo.svg\",\"contentUrl\":\"https:\\\/\\\/medicpro.hr\\\/veleprodaja\\\/wp-content\\\/uploads\\\/2025\\\/05\\\/medicpro_logo.svg\",\"width\":226,\"height\":42,\"caption\":\"Medicpro d.o.o.\"},\"image\":{\"@id\":\"https:\\\/\\\/medicpro.hr\\\/veleprodaja\\\/#\\\/schema\\\/logo\\\/image\\\/\"}}]}<\/script>\n<!-- \/ Yoast SEO plugin. -->","yoast_head_json":{"title":"TLAKOMJER digitalni Connex ProBP 3400, sa SureBP - Medicpro","robots":{"index":"index","follow":"follow","max-snippet":"max-snippet:-1","max-image-preview":"max-image-preview:large","max-video-preview":"max-video-preview:-1"},"canonical":"https:\/\/medicpro.hr\/veleprodaja\/proizvod\/tlakomjer-digitalni-connex-probp-3400-sa-surebp\/","og_locale":"hr_HR","og_type":"article","og_title":"TLAKOMJER digitalni Connex ProBP 3400, sa SureBP - Medicpro","og_description":"Digitalni tlakomjer u ru\u010dnoj izedbi. Brzo i pouzdano mjerenje u samo 15 sekundi. Kompaktan dizajn, lagan za odr\u017eavanje sa osvijetljenim","og_url":"https:\/\/medicpro.hr\/veleprodaja\/proizvod\/tlakomjer-digitalni-connex-probp-3400-sa-surebp\/","og_site_name":"Medicpro","article_modified_time":"2025-09-12T09:02:37+00:00","twitter_card":"summary_large_image","twitter_misc":{"Procijenjeno vrijeme \u010ditanja":"1 minuta"},"schema":{"@context":"https:\/\/schema.org","@graph":[{"@type":"WebPage","@id":"https:\/\/medicpro.hr\/veleprodaja\/proizvod\/tlakomjer-digitalni-connex-probp-3400-sa-surebp\/","url":"https:\/\/medicpro.hr\/veleprodaja\/proizvod\/tlakomjer-digitalni-connex-probp-3400-sa-surebp\/","name":"TLAKOMJER digitalni Connex ProBP 3400, sa SureBP - Medicpro","isPartOf":{"@id":"https:\/\/medicpro.hr\/veleprodaja\/#website"},"datePublished":"2025-09-01T01:02:01+00:00","dateModified":"2025-09-12T09:02:37+00:00","breadcrumb":{"@id":"https:\/\/medicpro.hr\/veleprodaja\/proizvod\/tlakomjer-digitalni-connex-probp-3400-sa-surebp\/#breadcrumb"},"inLanguage":"hr","potentialAction":[{"@type":"ReadAction","target":["https:\/\/medicpro.hr\/veleprodaja\/proizvod\/tlakomjer-digitalni-connex-probp-3400-sa-surebp\/"]}]},{"@type":"BreadcrumbList","@id":"https:\/\/medicpro.hr\/veleprodaja\/proizvod\/tlakomjer-digitalni-connex-probp-3400-sa-surebp\/#breadcrumb","itemListElement":[{"@type":"ListItem","position":1,"name":"Po\u010detna stranica","item":"https:\/\/medicpro.hr\/veleprodaja\/"},{"@type":"ListItem","position":2,"name":"Veleprodaja","item":"https:\/\/medicpro.hr\/veleprodaja\/trgovina\/"},{"@type":"ListItem","position":3,"name":"TLAKOMJER digitalni Connex ProBP 3400, sa SureBP"}]},{"@type":"WebSite","@id":"https:\/\/medicpro.hr\/veleprodaja\/#website","url":"https:\/\/medicpro.hr\/veleprodaja\/","name":"Medicpro.hr","description":"Medicinski potro\u0161ni materijal i oprema","publisher":{"@id":"https:\/\/medicpro.hr\/veleprodaja\/#organization"},"potentialAction":[{"@type":"SearchAction","target":{"@type":"EntryPoint","urlTemplate":"https:\/\/medicpro.hr\/veleprodaja\/?s={search_term_string}"},"query-input":{"@type":"PropertyValueSpecification","valueRequired":true,"valueName":"search_term_string"}}],"inLanguage":"hr"},{"@type":"Organization","@id":"https:\/\/medicpro.hr\/veleprodaja\/#organization","name":"Medicpro d.o.o.","url":"https:\/\/medicpro.hr\/veleprodaja\/","logo":{"@type":"ImageObject","inLanguage":"hr","@id":"https:\/\/medicpro.hr\/veleprodaja\/#\/schema\/logo\/image\/","url":"https:\/\/medicpro.hr\/veleprodaja\/wp-content\/uploads\/2025\/05\/medicpro_logo.svg","contentUrl":"https:\/\/medicpro.hr\/veleprodaja\/wp-content\/uploads\/2025\/05\/medicpro_logo.svg","width":226,"height":42,"caption":"Medicpro d.o.o."},"image":{"@id":"https:\/\/medicpro.hr\/veleprodaja\/#\/schema\/logo\/image\/"}}]}},"_links":{"self":[{"href":"https:\/\/medicpro.hr\/veleprodaja\/wp-json\/wp\/v2\/product\/61661","targetHints":{"allow":["GET"]}}],"collection":[{"href":"https:\/\/medicpro.hr\/veleprodaja\/wp-json\/wp\/v2\/product"}],"about":[{"href":"https:\/\/medicpro.hr\/veleprodaja\/wp-json\/wp\/v2\/types\/product"}],"replies":[{"embeddable":true,"href":"https:\/\/medicpro.hr\/veleprodaja\/wp-json\/wp\/v2\/comments?post=61661"}],"wp:attachment":[{"href":"https:\/\/medicpro.hr\/veleprodaja\/wp-json\/wp\/v2\/media?parent=61661"}],"wp:term":[{"taxonomy":"product_brand","embeddable":true,"href":"https:\/\/medicpro.hr\/veleprodaja\/wp-json\/wp\/v2\/product_brand?post=61661"},{"taxonomy":"product_cat","embeddable":true,"href":"https:\/\/medicpro.hr\/veleprodaja\/wp-json\/wp\/v2\/product_cat?post=61661"},{"taxonomy":"product_tag","embeddable":true,"href":"https:\/\/medicpro.hr\/veleprodaja\/wp-json\/wp\/v2\/product_tag?post=61661"}],"curies":[{"name":"wp","href":"https:\/\/api.w.org\/{rel}","templated":true}]}}