{"id":61620,"date":"2025-09-01T03:01:56","date_gmt":"2025-09-01T01:01:56","guid":{"rendered":"https:\/\/zdesmedicpro-velepro.kuhada.net\/?post_type=product&#038;p=61620"},"modified":"2025-09-12T11:02:45","modified_gmt":"2025-09-12T09:02:45","slug":"svjetiljka-infracrvena-tgs-therm-3-450wna-stalku","status":"publish","type":"product","link":"https:\/\/medicpro.hr\/veleprodaja\/proizvod\/svjetiljka-infracrvena-tgs-therm-3-450wna-stalku\/","title":{"rendered":"SVJETILJKA INFRACRVENA TGS THERM 3, 450W,NA STALKU"},"content":{"rendered":"<ul>\n<li>Infracrvena lampa na stalku.<\/li>\n<li>Naj\u010de\u0161\u0107e se koristi u fizioterapiji za terapiju toplinom.<\/li>\n<li><strong>Idealna za rje\u0161avanje napetosti u mi\u0161i\u0107ima, lije\u010denje reumatskih bolesti, lumbaga i drugih bolesti kralje\u017enice.<\/strong><\/li>\n<li><strong>Ku\u0107i\u0161te crvenog svjetlosnog radijatora je izra\u0111eno od aluminijskog lima premazanog prahom.<\/strong><\/li>\n<li><strong>Na dnu se nalazi pocin\u010dana za\u0161titna re\u0161etka koja \u0161titi pacijenta od o\u0161te\u0107enja ko\u017ee.<\/strong><\/li>\n<li>Nudi mogu\u0107nost prigu\u0161enja svjetla.<\/li>\n<li><strong>\u017darulje se kontroliraju pomo\u0107u glavnog prekida\u010da.<\/strong><\/li>\n<li>Osim glavnog prekida\u010da, na lampi se nalaze i <strong>zasebni prekida\u010di za svaku \u017earulju.<\/strong><\/li>\n<li>Na glavnom prekida\u010du nalazi se <strong>kontrolno svjetlo.<\/strong><\/li>\n<li>Snaga: 450 W.<\/li>\n<li>Napajanje: 220 V.<\/li>\n<\/ul>\n","protected":false},"excerpt":{"rendered":"<p>Infracrvena lampa na stalku. Naj\u010de\u0161\u0107e se koristi u fizioterapiji za terapiju toplinom. Idealna za rje\u0161avanje napetosti u mi\u0161i\u0107ima, lije\u010denje reumatskih<\/p>\n","protected":false},"featured_media":0,"comment_status":"open","ping_status":"closed","template":"","meta":[],"product_brand":[],"product_cat":[700,811],"product_tag":[],"class_list":{"0":"post-61620","1":"product","2":"type-product","3":"status-publish","5":"product_cat-medicinski-uredaji","6":"product_cat-ostali-medicinski-uredaji","8":"first","9":"onbackorder","10":"taxable","11":"shipping-taxable","12":"purchasable","13":"product-type-simple"},"acf":[],"yoast_head":"<!-- This site is optimized with the Yoast SEO plugin v27.3 - https:\/\/yoast.com\/product\/yoast-seo-wordpress\/ -->\n<title>SVJETILJKA INFRACRVENA TGS THERM 3, 450W,NA STALKU - Medicpro<\/title>\n<meta name=\"robots\" content=\"index, follow, max-snippet:-1, max-image-preview:large, max-video-preview:-1\" \/>\n<link rel=\"canonical\" href=\"https:\/\/medicpro.hr\/veleprodaja\/proizvod\/svjetiljka-infracrvena-tgs-therm-3-450wna-stalku\/\" \/>\n<meta property=\"og:locale\" content=\"hr_HR\" \/>\n<meta property=\"og:type\" content=\"article\" \/>\n<meta property=\"og:title\" content=\"SVJETILJKA INFRACRVENA TGS THERM 3, 450W,NA STALKU - Medicpro\" \/>\n<meta property=\"og:description\" content=\"Infracrvena lampa na stalku. Naj\u010de\u0161\u0107e se koristi u fizioterapiji za terapiju toplinom. Idealna za rje\u0161avanje napetosti u mi\u0161i\u0107ima, lije\u010denje reumatskih\" \/>\n<meta property=\"og:url\" content=\"https:\/\/medicpro.hr\/veleprodaja\/proizvod\/svjetiljka-infracrvena-tgs-therm-3-450wna-stalku\/\" \/>\n<meta property=\"og:site_name\" content=\"Medicpro\" \/>\n<meta property=\"article:modified_time\" content=\"2025-09-12T09:02:45+00:00\" \/>\n<meta name=\"twitter:card\" content=\"summary_large_image\" \/>\n<meta name=\"twitter:label1\" content=\"Procijenjeno vrijeme \u010ditanja\" \/>\n\t<meta name=\"twitter:data1\" content=\"1 minuta\" \/>\n<script type=\"application\/ld+json\" class=\"yoast-schema-graph\">{\"@context\":\"https:\\\/\\\/schema.org\",\"@graph\":[{\"@type\":\"WebPage\",\"@id\":\"https:\\\/\\\/medicpro.hr\\\/veleprodaja\\\/proizvod\\\/svjetiljka-infracrvena-tgs-therm-3-450wna-stalku\\\/\",\"url\":\"https:\\\/\\\/medicpro.hr\\\/veleprodaja\\\/proizvod\\\/svjetiljka-infracrvena-tgs-therm-3-450wna-stalku\\\/\",\"name\":\"SVJETILJKA INFRACRVENA TGS THERM 3, 450W,NA STALKU - Medicpro\",\"isPartOf\":{\"@id\":\"https:\\\/\\\/medicpro.hr\\\/veleprodaja\\\/#website\"},\"datePublished\":\"2025-09-01T01:01:56+00:00\",\"dateModified\":\"2025-09-12T09:02:45+00:00\",\"breadcrumb\":{\"@id\":\"https:\\\/\\\/medicpro.hr\\\/veleprodaja\\\/proizvod\\\/svjetiljka-infracrvena-tgs-therm-3-450wna-stalku\\\/#breadcrumb\"},\"inLanguage\":\"hr\",\"potentialAction\":[{\"@type\":\"ReadAction\",\"target\":[\"https:\\\/\\\/medicpro.hr\\\/veleprodaja\\\/proizvod\\\/svjetiljka-infracrvena-tgs-therm-3-450wna-stalku\\\/\"]}]},{\"@type\":\"BreadcrumbList\",\"@id\":\"https:\\\/\\\/medicpro.hr\\\/veleprodaja\\\/proizvod\\\/svjetiljka-infracrvena-tgs-therm-3-450wna-stalku\\\/#breadcrumb\",\"itemListElement\":[{\"@type\":\"ListItem\",\"position\":1,\"name\":\"Po\u010detna stranica\",\"item\":\"https:\\\/\\\/medicpro.hr\\\/veleprodaja\\\/\"},{\"@type\":\"ListItem\",\"position\":2,\"name\":\"Veleprodaja\",\"item\":\"https:\\\/\\\/medicpro.hr\\\/veleprodaja\\\/trgovina\\\/\"},{\"@type\":\"ListItem\",\"position\":3,\"name\":\"SVJETILJKA INFRACRVENA TGS THERM 3, 450W,NA STALKU\"}]},{\"@type\":\"WebSite\",\"@id\":\"https:\\\/\\\/medicpro.hr\\\/veleprodaja\\\/#website\",\"url\":\"https:\\\/\\\/medicpro.hr\\\/veleprodaja\\\/\",\"name\":\"Medicpro.hr\",\"description\":\"Medicinski potro\u0161ni materijal i oprema\",\"publisher\":{\"@id\":\"https:\\\/\\\/medicpro.hr\\\/veleprodaja\\\/#organization\"},\"potentialAction\":[{\"@type\":\"SearchAction\",\"target\":{\"@type\":\"EntryPoint\",\"urlTemplate\":\"https:\\\/\\\/medicpro.hr\\\/veleprodaja\\\/?s={search_term_string}\"},\"query-input\":{\"@type\":\"PropertyValueSpecification\",\"valueRequired\":true,\"valueName\":\"search_term_string\"}}],\"inLanguage\":\"hr\"},{\"@type\":\"Organization\",\"@id\":\"https:\\\/\\\/medicpro.hr\\\/veleprodaja\\\/#organization\",\"name\":\"Medicpro d.o.o.\",\"url\":\"https:\\\/\\\/medicpro.hr\\\/veleprodaja\\\/\",\"logo\":{\"@type\":\"ImageObject\",\"inLanguage\":\"hr\",\"@id\":\"https:\\\/\\\/medicpro.hr\\\/veleprodaja\\\/#\\\/schema\\\/logo\\\/image\\\/\",\"url\":\"https:\\\/\\\/medicpro.hr\\\/veleprodaja\\\/wp-content\\\/uploads\\\/2025\\\/05\\\/medicpro_logo.svg\",\"contentUrl\":\"https:\\\/\\\/medicpro.hr\\\/veleprodaja\\\/wp-content\\\/uploads\\\/2025\\\/05\\\/medicpro_logo.svg\",\"width\":226,\"height\":42,\"caption\":\"Medicpro d.o.o.\"},\"image\":{\"@id\":\"https:\\\/\\\/medicpro.hr\\\/veleprodaja\\\/#\\\/schema\\\/logo\\\/image\\\/\"}}]}<\/script>\n<!-- \/ Yoast SEO plugin. -->","yoast_head_json":{"title":"SVJETILJKA INFRACRVENA TGS THERM 3, 450W,NA STALKU - Medicpro","robots":{"index":"index","follow":"follow","max-snippet":"max-snippet:-1","max-image-preview":"max-image-preview:large","max-video-preview":"max-video-preview:-1"},"canonical":"https:\/\/medicpro.hr\/veleprodaja\/proizvod\/svjetiljka-infracrvena-tgs-therm-3-450wna-stalku\/","og_locale":"hr_HR","og_type":"article","og_title":"SVJETILJKA INFRACRVENA TGS THERM 3, 450W,NA STALKU - Medicpro","og_description":"Infracrvena lampa na stalku. Naj\u010de\u0161\u0107e se koristi u fizioterapiji za terapiju toplinom. Idealna za rje\u0161avanje napetosti u mi\u0161i\u0107ima, lije\u010denje reumatskih","og_url":"https:\/\/medicpro.hr\/veleprodaja\/proizvod\/svjetiljka-infracrvena-tgs-therm-3-450wna-stalku\/","og_site_name":"Medicpro","article_modified_time":"2025-09-12T09:02:45+00:00","twitter_card":"summary_large_image","twitter_misc":{"Procijenjeno vrijeme \u010ditanja":"1 minuta"},"schema":{"@context":"https:\/\/schema.org","@graph":[{"@type":"WebPage","@id":"https:\/\/medicpro.hr\/veleprodaja\/proizvod\/svjetiljka-infracrvena-tgs-therm-3-450wna-stalku\/","url":"https:\/\/medicpro.hr\/veleprodaja\/proizvod\/svjetiljka-infracrvena-tgs-therm-3-450wna-stalku\/","name":"SVJETILJKA INFRACRVENA TGS THERM 3, 450W,NA STALKU - Medicpro","isPartOf":{"@id":"https:\/\/medicpro.hr\/veleprodaja\/#website"},"datePublished":"2025-09-01T01:01:56+00:00","dateModified":"2025-09-12T09:02:45+00:00","breadcrumb":{"@id":"https:\/\/medicpro.hr\/veleprodaja\/proizvod\/svjetiljka-infracrvena-tgs-therm-3-450wna-stalku\/#breadcrumb"},"inLanguage":"hr","potentialAction":[{"@type":"ReadAction","target":["https:\/\/medicpro.hr\/veleprodaja\/proizvod\/svjetiljka-infracrvena-tgs-therm-3-450wna-stalku\/"]}]},{"@type":"BreadcrumbList","@id":"https:\/\/medicpro.hr\/veleprodaja\/proizvod\/svjetiljka-infracrvena-tgs-therm-3-450wna-stalku\/#breadcrumb","itemListElement":[{"@type":"ListItem","position":1,"name":"Po\u010detna stranica","item":"https:\/\/medicpro.hr\/veleprodaja\/"},{"@type":"ListItem","position":2,"name":"Veleprodaja","item":"https:\/\/medicpro.hr\/veleprodaja\/trgovina\/"},{"@type":"ListItem","position":3,"name":"SVJETILJKA INFRACRVENA TGS THERM 3, 450W,NA STALKU"}]},{"@type":"WebSite","@id":"https:\/\/medicpro.hr\/veleprodaja\/#website","url":"https:\/\/medicpro.hr\/veleprodaja\/","name":"Medicpro.hr","description":"Medicinski potro\u0161ni materijal i oprema","publisher":{"@id":"https:\/\/medicpro.hr\/veleprodaja\/#organization"},"potentialAction":[{"@type":"SearchAction","target":{"@type":"EntryPoint","urlTemplate":"https:\/\/medicpro.hr\/veleprodaja\/?s={search_term_string}"},"query-input":{"@type":"PropertyValueSpecification","valueRequired":true,"valueName":"search_term_string"}}],"inLanguage":"hr"},{"@type":"Organization","@id":"https:\/\/medicpro.hr\/veleprodaja\/#organization","name":"Medicpro d.o.o.","url":"https:\/\/medicpro.hr\/veleprodaja\/","logo":{"@type":"ImageObject","inLanguage":"hr","@id":"https:\/\/medicpro.hr\/veleprodaja\/#\/schema\/logo\/image\/","url":"https:\/\/medicpro.hr\/veleprodaja\/wp-content\/uploads\/2025\/05\/medicpro_logo.svg","contentUrl":"https:\/\/medicpro.hr\/veleprodaja\/wp-content\/uploads\/2025\/05\/medicpro_logo.svg","width":226,"height":42,"caption":"Medicpro d.o.o."},"image":{"@id":"https:\/\/medicpro.hr\/veleprodaja\/#\/schema\/logo\/image\/"}}]}},"_links":{"self":[{"href":"https:\/\/medicpro.hr\/veleprodaja\/wp-json\/wp\/v2\/product\/61620","targetHints":{"allow":["GET"]}}],"collection":[{"href":"https:\/\/medicpro.hr\/veleprodaja\/wp-json\/wp\/v2\/product"}],"about":[{"href":"https:\/\/medicpro.hr\/veleprodaja\/wp-json\/wp\/v2\/types\/product"}],"replies":[{"embeddable":true,"href":"https:\/\/medicpro.hr\/veleprodaja\/wp-json\/wp\/v2\/comments?post=61620"}],"wp:attachment":[{"href":"https:\/\/medicpro.hr\/veleprodaja\/wp-json\/wp\/v2\/media?parent=61620"}],"wp:term":[{"taxonomy":"product_brand","embeddable":true,"href":"https:\/\/medicpro.hr\/veleprodaja\/wp-json\/wp\/v2\/product_brand?post=61620"},{"taxonomy":"product_cat","embeddable":true,"href":"https:\/\/medicpro.hr\/veleprodaja\/wp-json\/wp\/v2\/product_cat?post=61620"},{"taxonomy":"product_tag","embeddable":true,"href":"https:\/\/medicpro.hr\/veleprodaja\/wp-json\/wp\/v2\/product_tag?post=61620"}],"curies":[{"name":"wp","href":"https:\/\/api.w.org\/{rel}","templated":true}]}}