{"id":61549,"date":"2025-09-01T03:01:48","date_gmt":"2025-09-01T01:01:48","guid":{"rendered":"https:\/\/zdesmedicpro-velepro.kuhada.net\/?post_type=product&#038;p=61549"},"modified":"2025-09-12T11:02:43","modified_gmt":"2025-09-12T09:02:43","slug":"spirometar-mir-spirobank-ii-advanced-bez-turbine","status":"publish","type":"product","link":"https:\/\/medicpro.hr\/veleprodaja\/proizvod\/spirometar-mir-spirobank-ii-advanced-bez-turbine\/","title":{"rendered":"SPIROMETAR Mir Spirobank II Advanced (bez turbine)"},"content":{"rendered":"<ul>\n<li><strong>Prijenosni ru\u010dni dijagnosti\u010dki spirometar<\/strong>.<\/li>\n<li>Zaslon: LCD, 160&#215;80 pixela.<\/li>\n<li>Brzo su\u010delje s navigacijskim izbornikom (ikone).<\/li>\n<li>Nudi PRE i POST usporedbu podataka prilikom upotrebe bronhodilatatora.<\/li>\n<li>Daje neposredni prikaz zdravstvenog stanja pacijenta.<\/li>\n<li>Idealan za obiteljske lije\u010dnike, pulmologe, primarnu njegu i medicinu rada.<\/li>\n<li><strong>Memorija: 10.000 mjerenja<\/strong>.<\/li>\n<li>Mogu\u0107nost be\u017ei\u010dnog i USB povezivanja s ra\u010dunalom, \u0161to omogu\u0107ava preuzimanje rezultata i ispitivanje spirometrije u stvarnom vremenu.<\/li>\n<li>Napajanje: punjiva baterija Lithium-Ion 3,7V, 1.100mAh.<\/li>\n<li><strong>Vi\u0161e od 45 mjernih parametara<\/strong>.<\/li>\n<li>Tipkovnica: membranska tipkovnica sa \u0161est tipki.<\/li>\n<li>Nudi mogu\u0107nost oksimetrije.<\/li>\n<li><strong>Osim spirometra, u cijenu su uklju\u010deni<\/strong>:\n<ul>\n<li>torbica,<\/li>\n<li>\u0161tipaljka za nos,<\/li>\n<li>USB kabel,<\/li>\n<li>punjiva baterija,<\/li>\n<li>winspiroPRO software,<\/li>\n<li>vi\u0161ejezi\u010dni priru\u010dnik za upotrebu (CD).<\/li>\n<\/ul>\n<\/li>\n<li>Turbina nije uklju\u010dena u cijenu.<\/li>\n<\/ul>\n","protected":false},"excerpt":{"rendered":"<p>Prijenosni ru\u010dni dijagnosti\u010dki spirometar. Zaslon: LCD, 160&#215;80 pixela. Brzo su\u010delje s navigacijskim izbornikom (ikone). Nudi PRE i POST usporedbu podataka<\/p>\n","protected":false},"featured_media":0,"comment_status":"open","ping_status":"closed","template":"","meta":[],"product_brand":[],"product_cat":[702,730],"product_tag":[],"class_list":{"0":"post-61549","1":"product","2":"type-product","3":"status-publish","5":"product_cat-dijagnostika","6":"product_cat-spirometri","8":"first","9":"onbackorder","10":"taxable","11":"shipping-taxable","12":"purchasable","13":"product-type-simple"},"acf":[],"yoast_head":"<!-- This site is optimized with the Yoast SEO plugin v27.3 - https:\/\/yoast.com\/product\/yoast-seo-wordpress\/ -->\n<title>SPIROMETAR Mir Spirobank II Advanced (bez turbine) - Medicpro<\/title>\n<meta name=\"robots\" content=\"index, follow, max-snippet:-1, max-image-preview:large, max-video-preview:-1\" \/>\n<link rel=\"canonical\" href=\"https:\/\/medicpro.hr\/veleprodaja\/proizvod\/spirometar-mir-spirobank-ii-advanced-bez-turbine\/\" \/>\n<meta property=\"og:locale\" content=\"hr_HR\" \/>\n<meta property=\"og:type\" content=\"article\" \/>\n<meta property=\"og:title\" content=\"SPIROMETAR Mir Spirobank II Advanced (bez turbine) - Medicpro\" \/>\n<meta property=\"og:description\" content=\"Prijenosni ru\u010dni dijagnosti\u010dki spirometar. Zaslon: LCD, 160&#215;80 pixela. Brzo su\u010delje s navigacijskim izbornikom (ikone). Nudi PRE i POST usporedbu podataka\" \/>\n<meta property=\"og:url\" content=\"https:\/\/medicpro.hr\/veleprodaja\/proizvod\/spirometar-mir-spirobank-ii-advanced-bez-turbine\/\" \/>\n<meta property=\"og:site_name\" content=\"Medicpro\" \/>\n<meta property=\"article:modified_time\" content=\"2025-09-12T09:02:43+00:00\" \/>\n<meta name=\"twitter:card\" content=\"summary_large_image\" \/>\n<meta name=\"twitter:label1\" content=\"Procijenjeno vrijeme \u010ditanja\" \/>\n\t<meta name=\"twitter:data1\" content=\"1 minuta\" \/>\n<script type=\"application\/ld+json\" class=\"yoast-schema-graph\">{\"@context\":\"https:\\\/\\\/schema.org\",\"@graph\":[{\"@type\":\"WebPage\",\"@id\":\"https:\\\/\\\/medicpro.hr\\\/veleprodaja\\\/proizvod\\\/spirometar-mir-spirobank-ii-advanced-bez-turbine\\\/\",\"url\":\"https:\\\/\\\/medicpro.hr\\\/veleprodaja\\\/proizvod\\\/spirometar-mir-spirobank-ii-advanced-bez-turbine\\\/\",\"name\":\"SPIROMETAR Mir Spirobank II Advanced (bez turbine) - Medicpro\",\"isPartOf\":{\"@id\":\"https:\\\/\\\/medicpro.hr\\\/veleprodaja\\\/#website\"},\"datePublished\":\"2025-09-01T01:01:48+00:00\",\"dateModified\":\"2025-09-12T09:02:43+00:00\",\"breadcrumb\":{\"@id\":\"https:\\\/\\\/medicpro.hr\\\/veleprodaja\\\/proizvod\\\/spirometar-mir-spirobank-ii-advanced-bez-turbine\\\/#breadcrumb\"},\"inLanguage\":\"hr\",\"potentialAction\":[{\"@type\":\"ReadAction\",\"target\":[\"https:\\\/\\\/medicpro.hr\\\/veleprodaja\\\/proizvod\\\/spirometar-mir-spirobank-ii-advanced-bez-turbine\\\/\"]}]},{\"@type\":\"BreadcrumbList\",\"@id\":\"https:\\\/\\\/medicpro.hr\\\/veleprodaja\\\/proizvod\\\/spirometar-mir-spirobank-ii-advanced-bez-turbine\\\/#breadcrumb\",\"itemListElement\":[{\"@type\":\"ListItem\",\"position\":1,\"name\":\"Po\u010detna stranica\",\"item\":\"https:\\\/\\\/medicpro.hr\\\/veleprodaja\\\/\"},{\"@type\":\"ListItem\",\"position\":2,\"name\":\"Veleprodaja\",\"item\":\"https:\\\/\\\/medicpro.hr\\\/veleprodaja\\\/trgovina\\\/\"},{\"@type\":\"ListItem\",\"position\":3,\"name\":\"SPIROMETAR Mir Spirobank II Advanced (bez turbine)\"}]},{\"@type\":\"WebSite\",\"@id\":\"https:\\\/\\\/medicpro.hr\\\/veleprodaja\\\/#website\",\"url\":\"https:\\\/\\\/medicpro.hr\\\/veleprodaja\\\/\",\"name\":\"Medicpro.hr\",\"description\":\"Medicinski potro\u0161ni materijal i oprema\",\"publisher\":{\"@id\":\"https:\\\/\\\/medicpro.hr\\\/veleprodaja\\\/#organization\"},\"potentialAction\":[{\"@type\":\"SearchAction\",\"target\":{\"@type\":\"EntryPoint\",\"urlTemplate\":\"https:\\\/\\\/medicpro.hr\\\/veleprodaja\\\/?s={search_term_string}\"},\"query-input\":{\"@type\":\"PropertyValueSpecification\",\"valueRequired\":true,\"valueName\":\"search_term_string\"}}],\"inLanguage\":\"hr\"},{\"@type\":\"Organization\",\"@id\":\"https:\\\/\\\/medicpro.hr\\\/veleprodaja\\\/#organization\",\"name\":\"Medicpro d.o.o.\",\"url\":\"https:\\\/\\\/medicpro.hr\\\/veleprodaja\\\/\",\"logo\":{\"@type\":\"ImageObject\",\"inLanguage\":\"hr\",\"@id\":\"https:\\\/\\\/medicpro.hr\\\/veleprodaja\\\/#\\\/schema\\\/logo\\\/image\\\/\",\"url\":\"https:\\\/\\\/medicpro.hr\\\/veleprodaja\\\/wp-content\\\/uploads\\\/2025\\\/05\\\/medicpro_logo.svg\",\"contentUrl\":\"https:\\\/\\\/medicpro.hr\\\/veleprodaja\\\/wp-content\\\/uploads\\\/2025\\\/05\\\/medicpro_logo.svg\",\"width\":226,\"height\":42,\"caption\":\"Medicpro d.o.o.\"},\"image\":{\"@id\":\"https:\\\/\\\/medicpro.hr\\\/veleprodaja\\\/#\\\/schema\\\/logo\\\/image\\\/\"}}]}<\/script>\n<!-- \/ Yoast SEO plugin. -->","yoast_head_json":{"title":"SPIROMETAR Mir Spirobank II Advanced (bez turbine) - Medicpro","robots":{"index":"index","follow":"follow","max-snippet":"max-snippet:-1","max-image-preview":"max-image-preview:large","max-video-preview":"max-video-preview:-1"},"canonical":"https:\/\/medicpro.hr\/veleprodaja\/proizvod\/spirometar-mir-spirobank-ii-advanced-bez-turbine\/","og_locale":"hr_HR","og_type":"article","og_title":"SPIROMETAR Mir Spirobank II Advanced (bez turbine) - Medicpro","og_description":"Prijenosni ru\u010dni dijagnosti\u010dki spirometar. Zaslon: LCD, 160&#215;80 pixela. Brzo su\u010delje s navigacijskim izbornikom (ikone). Nudi PRE i POST usporedbu podataka","og_url":"https:\/\/medicpro.hr\/veleprodaja\/proizvod\/spirometar-mir-spirobank-ii-advanced-bez-turbine\/","og_site_name":"Medicpro","article_modified_time":"2025-09-12T09:02:43+00:00","twitter_card":"summary_large_image","twitter_misc":{"Procijenjeno vrijeme \u010ditanja":"1 minuta"},"schema":{"@context":"https:\/\/schema.org","@graph":[{"@type":"WebPage","@id":"https:\/\/medicpro.hr\/veleprodaja\/proizvod\/spirometar-mir-spirobank-ii-advanced-bez-turbine\/","url":"https:\/\/medicpro.hr\/veleprodaja\/proizvod\/spirometar-mir-spirobank-ii-advanced-bez-turbine\/","name":"SPIROMETAR Mir Spirobank II Advanced (bez turbine) - Medicpro","isPartOf":{"@id":"https:\/\/medicpro.hr\/veleprodaja\/#website"},"datePublished":"2025-09-01T01:01:48+00:00","dateModified":"2025-09-12T09:02:43+00:00","breadcrumb":{"@id":"https:\/\/medicpro.hr\/veleprodaja\/proizvod\/spirometar-mir-spirobank-ii-advanced-bez-turbine\/#breadcrumb"},"inLanguage":"hr","potentialAction":[{"@type":"ReadAction","target":["https:\/\/medicpro.hr\/veleprodaja\/proizvod\/spirometar-mir-spirobank-ii-advanced-bez-turbine\/"]}]},{"@type":"BreadcrumbList","@id":"https:\/\/medicpro.hr\/veleprodaja\/proizvod\/spirometar-mir-spirobank-ii-advanced-bez-turbine\/#breadcrumb","itemListElement":[{"@type":"ListItem","position":1,"name":"Po\u010detna stranica","item":"https:\/\/medicpro.hr\/veleprodaja\/"},{"@type":"ListItem","position":2,"name":"Veleprodaja","item":"https:\/\/medicpro.hr\/veleprodaja\/trgovina\/"},{"@type":"ListItem","position":3,"name":"SPIROMETAR Mir Spirobank II Advanced (bez turbine)"}]},{"@type":"WebSite","@id":"https:\/\/medicpro.hr\/veleprodaja\/#website","url":"https:\/\/medicpro.hr\/veleprodaja\/","name":"Medicpro.hr","description":"Medicinski potro\u0161ni materijal i oprema","publisher":{"@id":"https:\/\/medicpro.hr\/veleprodaja\/#organization"},"potentialAction":[{"@type":"SearchAction","target":{"@type":"EntryPoint","urlTemplate":"https:\/\/medicpro.hr\/veleprodaja\/?s={search_term_string}"},"query-input":{"@type":"PropertyValueSpecification","valueRequired":true,"valueName":"search_term_string"}}],"inLanguage":"hr"},{"@type":"Organization","@id":"https:\/\/medicpro.hr\/veleprodaja\/#organization","name":"Medicpro d.o.o.","url":"https:\/\/medicpro.hr\/veleprodaja\/","logo":{"@type":"ImageObject","inLanguage":"hr","@id":"https:\/\/medicpro.hr\/veleprodaja\/#\/schema\/logo\/image\/","url":"https:\/\/medicpro.hr\/veleprodaja\/wp-content\/uploads\/2025\/05\/medicpro_logo.svg","contentUrl":"https:\/\/medicpro.hr\/veleprodaja\/wp-content\/uploads\/2025\/05\/medicpro_logo.svg","width":226,"height":42,"caption":"Medicpro d.o.o."},"image":{"@id":"https:\/\/medicpro.hr\/veleprodaja\/#\/schema\/logo\/image\/"}}]}},"_links":{"self":[{"href":"https:\/\/medicpro.hr\/veleprodaja\/wp-json\/wp\/v2\/product\/61549","targetHints":{"allow":["GET"]}}],"collection":[{"href":"https:\/\/medicpro.hr\/veleprodaja\/wp-json\/wp\/v2\/product"}],"about":[{"href":"https:\/\/medicpro.hr\/veleprodaja\/wp-json\/wp\/v2\/types\/product"}],"replies":[{"embeddable":true,"href":"https:\/\/medicpro.hr\/veleprodaja\/wp-json\/wp\/v2\/comments?post=61549"}],"wp:attachment":[{"href":"https:\/\/medicpro.hr\/veleprodaja\/wp-json\/wp\/v2\/media?parent=61549"}],"wp:term":[{"taxonomy":"product_brand","embeddable":true,"href":"https:\/\/medicpro.hr\/veleprodaja\/wp-json\/wp\/v2\/product_brand?post=61549"},{"taxonomy":"product_cat","embeddable":true,"href":"https:\/\/medicpro.hr\/veleprodaja\/wp-json\/wp\/v2\/product_cat?post=61549"},{"taxonomy":"product_tag","embeddable":true,"href":"https:\/\/medicpro.hr\/veleprodaja\/wp-json\/wp\/v2\/product_tag?post=61549"}],"curies":[{"name":"wp","href":"https:\/\/api.w.org\/{rel}","templated":true}]}}