{"id":61301,"date":"2025-09-01T03:01:12","date_gmt":"2025-09-01T01:01:12","guid":{"rendered":"https:\/\/zdesmedicpro-velepro.kuhada.net\/?post_type=product&#038;p=61301"},"modified":"2025-09-12T11:02:45","modified_gmt":"2025-09-12T09:02:45","slug":"otoskop-beta-400-f-o-led-s-beta-4-usb-drskom-i-punjacem","status":"publish","type":"product","link":"https:\/\/medicpro.hr\/veleprodaja\/proizvod\/otoskop-beta-400-f-o-led-s-beta-4-usb-drskom-i-punjacem\/","title":{"rendered":"OTOSKOP &#8220;Beta 400&#8221; f.o. LED s Beta 4 USB dr\u0161kom i punja\u010dem"},"content":{"rendered":"<ul>\n<li>Otoskop sa kompletno metalnim ku\u0107i\u0161tem i staklom otpornim na grebanje garantira dugovje\u010dnost bez potrebe za odr\u017eavanjem.<\/li>\n<li>LED sa prakti\u010dki neograni\u010denim radnim vijekom, bez potrebe za zamjenom \u017earulja.<\/li>\n<li>4.2x uve\u0107anje sa LED HQ iluminacijom.<\/li>\n<li>Vi\u0161e detalja anatomskih struktura i jednostavno prepoznavanje stranih tijela.<\/li>\n<li>Iznimna dubina vidnog polja omogu\u0107ava o\u0161tre slike u prikladnom radnom rasponu.<\/li>\n<li>Veliko vidno polje daje potreban pregled i savr\u0161enu orijentaciju tijekom pregleda.<\/li>\n<li>Precizna optika sa vi\u0161eslojnim premazom omogu\u0107ava slike visoke rezolucije bez distorzije.<\/li>\n<li>Fiber Opti\u010dka iluminacija osigurava homogeno, veoma jasno osvjetljenje i nesmetan pogled na u\u0161ni kanal i timpanum.<\/li>\n<li>Specijalno opti\u010dko su\u010delje za preciznu integraciju LED iluminacije sa opti\u010dkim sistemom kako bi se osigurala homogena, jasna iluminacija tijekom pregleda.<\/li>\n<li>Patentirano, jedinstveno, postupno prigu\u0161enje intenziteta svijetla od 3 % do 100 %, vrlo prakti\u010dno pomo\u0107u samo jednog prsta.<\/li>\n<li>Upravljanje jednom rukom.<\/li>\n<li>Beta punjiva dr\u0161ka.<\/li>\n<\/ul>\n","protected":false},"excerpt":{"rendered":"<p>Otoskop sa kompletno metalnim ku\u0107i\u0161tem i staklom otpornim na grebanje garantira dugovje\u010dnost bez potrebe za odr\u017eavanjem. LED sa prakti\u010dki neograni\u010denim<\/p>\n","protected":false},"featured_media":0,"comment_status":"open","ping_status":"closed","template":"","meta":[],"product_brand":[],"product_cat":[702,783],"product_tag":[],"class_list":{"0":"post-61301","1":"product","2":"type-product","3":"status-publish","5":"product_cat-dijagnostika","6":"product_cat-otoskopi","8":"first","9":"onbackorder","10":"taxable","11":"shipping-taxable","12":"purchasable","13":"product-type-simple"},"acf":[],"yoast_head":"<!-- This site is optimized with the Yoast SEO plugin v27.3 - https:\/\/yoast.com\/product\/yoast-seo-wordpress\/ -->\n<title>OTOSKOP &quot;Beta 400&quot; f.o. LED s Beta 4 USB dr\u0161kom i punja\u010dem - Medicpro<\/title>\n<meta name=\"robots\" content=\"index, follow, max-snippet:-1, max-image-preview:large, max-video-preview:-1\" \/>\n<link rel=\"canonical\" href=\"https:\/\/medicpro.hr\/veleprodaja\/proizvod\/otoskop-beta-400-f-o-led-s-beta-4-usb-drskom-i-punjacem\/\" \/>\n<meta property=\"og:locale\" content=\"hr_HR\" \/>\n<meta property=\"og:type\" content=\"article\" \/>\n<meta property=\"og:title\" content=\"OTOSKOP &quot;Beta 400&quot; f.o. LED s Beta 4 USB dr\u0161kom i punja\u010dem - Medicpro\" \/>\n<meta property=\"og:description\" content=\"Otoskop sa kompletno metalnim ku\u0107i\u0161tem i staklom otpornim na grebanje garantira dugovje\u010dnost bez potrebe za odr\u017eavanjem. LED sa prakti\u010dki neograni\u010denim\" \/>\n<meta property=\"og:url\" content=\"https:\/\/medicpro.hr\/veleprodaja\/proizvod\/otoskop-beta-400-f-o-led-s-beta-4-usb-drskom-i-punjacem\/\" \/>\n<meta property=\"og:site_name\" content=\"Medicpro\" \/>\n<meta property=\"article:modified_time\" content=\"2025-09-12T09:02:45+00:00\" \/>\n<meta name=\"twitter:card\" content=\"summary_large_image\" \/>\n<meta name=\"twitter:label1\" content=\"Procijenjeno vrijeme \u010ditanja\" \/>\n\t<meta name=\"twitter:data1\" content=\"1 minuta\" \/>\n<script type=\"application\/ld+json\" class=\"yoast-schema-graph\">{\"@context\":\"https:\\\/\\\/schema.org\",\"@graph\":[{\"@type\":\"WebPage\",\"@id\":\"https:\\\/\\\/medicpro.hr\\\/veleprodaja\\\/proizvod\\\/otoskop-beta-400-f-o-led-s-beta-4-usb-drskom-i-punjacem\\\/\",\"url\":\"https:\\\/\\\/medicpro.hr\\\/veleprodaja\\\/proizvod\\\/otoskop-beta-400-f-o-led-s-beta-4-usb-drskom-i-punjacem\\\/\",\"name\":\"OTOSKOP \\\"Beta 400\\\" f.o. LED s Beta 4 USB dr\u0161kom i punja\u010dem - Medicpro\",\"isPartOf\":{\"@id\":\"https:\\\/\\\/medicpro.hr\\\/veleprodaja\\\/#website\"},\"datePublished\":\"2025-09-01T01:01:12+00:00\",\"dateModified\":\"2025-09-12T09:02:45+00:00\",\"breadcrumb\":{\"@id\":\"https:\\\/\\\/medicpro.hr\\\/veleprodaja\\\/proizvod\\\/otoskop-beta-400-f-o-led-s-beta-4-usb-drskom-i-punjacem\\\/#breadcrumb\"},\"inLanguage\":\"hr\",\"potentialAction\":[{\"@type\":\"ReadAction\",\"target\":[\"https:\\\/\\\/medicpro.hr\\\/veleprodaja\\\/proizvod\\\/otoskop-beta-400-f-o-led-s-beta-4-usb-drskom-i-punjacem\\\/\"]}]},{\"@type\":\"BreadcrumbList\",\"@id\":\"https:\\\/\\\/medicpro.hr\\\/veleprodaja\\\/proizvod\\\/otoskop-beta-400-f-o-led-s-beta-4-usb-drskom-i-punjacem\\\/#breadcrumb\",\"itemListElement\":[{\"@type\":\"ListItem\",\"position\":1,\"name\":\"Po\u010detna stranica\",\"item\":\"https:\\\/\\\/medicpro.hr\\\/veleprodaja\\\/\"},{\"@type\":\"ListItem\",\"position\":2,\"name\":\"Veleprodaja\",\"item\":\"https:\\\/\\\/medicpro.hr\\\/veleprodaja\\\/trgovina\\\/\"},{\"@type\":\"ListItem\",\"position\":3,\"name\":\"OTOSKOP &#8220;Beta 400&#8221; f.o. LED s Beta 4 USB dr\u0161kom i punja\u010dem\"}]},{\"@type\":\"WebSite\",\"@id\":\"https:\\\/\\\/medicpro.hr\\\/veleprodaja\\\/#website\",\"url\":\"https:\\\/\\\/medicpro.hr\\\/veleprodaja\\\/\",\"name\":\"Medicpro.hr\",\"description\":\"Medicinski potro\u0161ni materijal i oprema\",\"publisher\":{\"@id\":\"https:\\\/\\\/medicpro.hr\\\/veleprodaja\\\/#organization\"},\"potentialAction\":[{\"@type\":\"SearchAction\",\"target\":{\"@type\":\"EntryPoint\",\"urlTemplate\":\"https:\\\/\\\/medicpro.hr\\\/veleprodaja\\\/?s={search_term_string}\"},\"query-input\":{\"@type\":\"PropertyValueSpecification\",\"valueRequired\":true,\"valueName\":\"search_term_string\"}}],\"inLanguage\":\"hr\"},{\"@type\":\"Organization\",\"@id\":\"https:\\\/\\\/medicpro.hr\\\/veleprodaja\\\/#organization\",\"name\":\"Medicpro d.o.o.\",\"url\":\"https:\\\/\\\/medicpro.hr\\\/veleprodaja\\\/\",\"logo\":{\"@type\":\"ImageObject\",\"inLanguage\":\"hr\",\"@id\":\"https:\\\/\\\/medicpro.hr\\\/veleprodaja\\\/#\\\/schema\\\/logo\\\/image\\\/\",\"url\":\"https:\\\/\\\/medicpro.hr\\\/veleprodaja\\\/wp-content\\\/uploads\\\/2025\\\/05\\\/medicpro_logo.svg\",\"contentUrl\":\"https:\\\/\\\/medicpro.hr\\\/veleprodaja\\\/wp-content\\\/uploads\\\/2025\\\/05\\\/medicpro_logo.svg\",\"width\":226,\"height\":42,\"caption\":\"Medicpro d.o.o.\"},\"image\":{\"@id\":\"https:\\\/\\\/medicpro.hr\\\/veleprodaja\\\/#\\\/schema\\\/logo\\\/image\\\/\"}}]}<\/script>\n<!-- \/ Yoast SEO plugin. -->","yoast_head_json":{"title":"OTOSKOP \"Beta 400\" f.o. LED s Beta 4 USB dr\u0161kom i punja\u010dem - Medicpro","robots":{"index":"index","follow":"follow","max-snippet":"max-snippet:-1","max-image-preview":"max-image-preview:large","max-video-preview":"max-video-preview:-1"},"canonical":"https:\/\/medicpro.hr\/veleprodaja\/proizvod\/otoskop-beta-400-f-o-led-s-beta-4-usb-drskom-i-punjacem\/","og_locale":"hr_HR","og_type":"article","og_title":"OTOSKOP \"Beta 400\" f.o. LED s Beta 4 USB dr\u0161kom i punja\u010dem - Medicpro","og_description":"Otoskop sa kompletno metalnim ku\u0107i\u0161tem i staklom otpornim na grebanje garantira dugovje\u010dnost bez potrebe za odr\u017eavanjem. LED sa prakti\u010dki neograni\u010denim","og_url":"https:\/\/medicpro.hr\/veleprodaja\/proizvod\/otoskop-beta-400-f-o-led-s-beta-4-usb-drskom-i-punjacem\/","og_site_name":"Medicpro","article_modified_time":"2025-09-12T09:02:45+00:00","twitter_card":"summary_large_image","twitter_misc":{"Procijenjeno vrijeme \u010ditanja":"1 minuta"},"schema":{"@context":"https:\/\/schema.org","@graph":[{"@type":"WebPage","@id":"https:\/\/medicpro.hr\/veleprodaja\/proizvod\/otoskop-beta-400-f-o-led-s-beta-4-usb-drskom-i-punjacem\/","url":"https:\/\/medicpro.hr\/veleprodaja\/proizvod\/otoskop-beta-400-f-o-led-s-beta-4-usb-drskom-i-punjacem\/","name":"OTOSKOP \"Beta 400\" f.o. LED s Beta 4 USB dr\u0161kom i punja\u010dem - Medicpro","isPartOf":{"@id":"https:\/\/medicpro.hr\/veleprodaja\/#website"},"datePublished":"2025-09-01T01:01:12+00:00","dateModified":"2025-09-12T09:02:45+00:00","breadcrumb":{"@id":"https:\/\/medicpro.hr\/veleprodaja\/proizvod\/otoskop-beta-400-f-o-led-s-beta-4-usb-drskom-i-punjacem\/#breadcrumb"},"inLanguage":"hr","potentialAction":[{"@type":"ReadAction","target":["https:\/\/medicpro.hr\/veleprodaja\/proizvod\/otoskop-beta-400-f-o-led-s-beta-4-usb-drskom-i-punjacem\/"]}]},{"@type":"BreadcrumbList","@id":"https:\/\/medicpro.hr\/veleprodaja\/proizvod\/otoskop-beta-400-f-o-led-s-beta-4-usb-drskom-i-punjacem\/#breadcrumb","itemListElement":[{"@type":"ListItem","position":1,"name":"Po\u010detna stranica","item":"https:\/\/medicpro.hr\/veleprodaja\/"},{"@type":"ListItem","position":2,"name":"Veleprodaja","item":"https:\/\/medicpro.hr\/veleprodaja\/trgovina\/"},{"@type":"ListItem","position":3,"name":"OTOSKOP &#8220;Beta 400&#8221; f.o. LED s Beta 4 USB dr\u0161kom i punja\u010dem"}]},{"@type":"WebSite","@id":"https:\/\/medicpro.hr\/veleprodaja\/#website","url":"https:\/\/medicpro.hr\/veleprodaja\/","name":"Medicpro.hr","description":"Medicinski potro\u0161ni materijal i oprema","publisher":{"@id":"https:\/\/medicpro.hr\/veleprodaja\/#organization"},"potentialAction":[{"@type":"SearchAction","target":{"@type":"EntryPoint","urlTemplate":"https:\/\/medicpro.hr\/veleprodaja\/?s={search_term_string}"},"query-input":{"@type":"PropertyValueSpecification","valueRequired":true,"valueName":"search_term_string"}}],"inLanguage":"hr"},{"@type":"Organization","@id":"https:\/\/medicpro.hr\/veleprodaja\/#organization","name":"Medicpro d.o.o.","url":"https:\/\/medicpro.hr\/veleprodaja\/","logo":{"@type":"ImageObject","inLanguage":"hr","@id":"https:\/\/medicpro.hr\/veleprodaja\/#\/schema\/logo\/image\/","url":"https:\/\/medicpro.hr\/veleprodaja\/wp-content\/uploads\/2025\/05\/medicpro_logo.svg","contentUrl":"https:\/\/medicpro.hr\/veleprodaja\/wp-content\/uploads\/2025\/05\/medicpro_logo.svg","width":226,"height":42,"caption":"Medicpro d.o.o."},"image":{"@id":"https:\/\/medicpro.hr\/veleprodaja\/#\/schema\/logo\/image\/"}}]}},"_links":{"self":[{"href":"https:\/\/medicpro.hr\/veleprodaja\/wp-json\/wp\/v2\/product\/61301","targetHints":{"allow":["GET"]}}],"collection":[{"href":"https:\/\/medicpro.hr\/veleprodaja\/wp-json\/wp\/v2\/product"}],"about":[{"href":"https:\/\/medicpro.hr\/veleprodaja\/wp-json\/wp\/v2\/types\/product"}],"replies":[{"embeddable":true,"href":"https:\/\/medicpro.hr\/veleprodaja\/wp-json\/wp\/v2\/comments?post=61301"}],"wp:attachment":[{"href":"https:\/\/medicpro.hr\/veleprodaja\/wp-json\/wp\/v2\/media?parent=61301"}],"wp:term":[{"taxonomy":"product_brand","embeddable":true,"href":"https:\/\/medicpro.hr\/veleprodaja\/wp-json\/wp\/v2\/product_brand?post=61301"},{"taxonomy":"product_cat","embeddable":true,"href":"https:\/\/medicpro.hr\/veleprodaja\/wp-json\/wp\/v2\/product_cat?post=61301"},{"taxonomy":"product_tag","embeddable":true,"href":"https:\/\/medicpro.hr\/veleprodaja\/wp-json\/wp\/v2\/product_tag?post=61301"}],"curies":[{"name":"wp","href":"https:\/\/api.w.org\/{rel}","templated":true}]}}