{"id":61297,"date":"2025-09-01T03:01:12","date_gmt":"2025-09-01T01:01:12","guid":{"rendered":"https:\/\/zdesmedicpro-velepro.kuhada.net\/?post_type=product&#038;p=61297"},"modified":"2025-10-14T12:25:51","modified_gmt":"2025-10-14T10:25:51","slug":"otoskop-heine-mini-3000-led-f-o-s-10-jednokratnih-i-4-visekratna-lijevka","status":"publish","type":"product","link":"https:\/\/medicpro.hr\/veleprodaja\/proizvod\/otoskop-heine-mini-3000-led-f-o-s-10-jednokratnih-i-4-visekratna-lijevka\/","title":{"rendered":"OTOSKOP Heine Mini 3000 LED f.o. s 10 jednokratnih i 4 vi\u0161ekratna lijevka"},"content":{"rendered":"<ul>\n<li>Moderan d\u017eepni otoskop sa LED iluminacijom.<\/li>\n<li>Bez potrebe za odr\u017eavanjem, nema potrebe za zamjenom LED diode.<\/li>\n<li>LED termalno upravljanje za konzistentno osvijetljenje tijekom cijelog radnog vijeka.<\/li>\n<li>Dvostruko ja\u010de svijetlo u odnosu na Xenon Halogen instrumente.<\/li>\n<li>Ekskluzivni indikator stanja baterije: kada se instrument uklju\u010di, prika\u017ee se najve\u0107i intenzitet svijetla, tada se snaga svijetla regulira prema slabijem intezitetu kako bi odgovarala trenutnom stanju napunjenosti baterija, kako biste znali kada trebate zamijeniti baterije.<\/li>\n<li>Distalna F.O. iluminacija: bez refleksija timpanuma ili u\u0161nog kanala.<\/li>\n<li>Prozor za gledanje sa uve\u0107anjem 3x i optimiziranom povr\u0161inom ku\u0107i\u0161ta za jasne slike i minimalne refleksije. Zakretni prozor ugra\u0111en u instrument.<\/li>\n<li>Prekida\u010d za uklju\u010denje \/ isklju\u010denje integriran u kop\u010du. Sigurno, automatsko isklju\u010denje pri vra\u0107anju u d\u017eep. Zagarantirano 20.000 ciklusa uklju\u010denja \/ isklju\u010denja.<\/li>\n<li>Zamjenjive baterije veli\u010dina AA.<\/li>\n<li>Funkcija postupnog smanjena intenziteta svijetla: ja\u010dina se reducira postupno \u010dak i pri vrlo niskom naponu baterija.<\/li>\n<li>Vrijeme rada tipi\u010dno do 10 sati. Smanjena potreba za zamjenom baterija.<\/li>\n<li>U setu se nalazi 10 jednokratnih i 4 vi\u0161ekratna lijevka.<\/li>\n<\/ul>\n","protected":false},"excerpt":{"rendered":"<p>Moderan d\u017eepni otoskop sa LED iluminacijom. Bez potrebe za odr\u017eavanjem, nema potrebe za zamjenom LED diode. LED termalno upravljanje za<\/p>\n","protected":false},"featured_media":0,"comment_status":"open","ping_status":"closed","template":"","meta":[],"product_brand":[],"product_cat":[702,783],"product_tag":[],"class_list":{"0":"post-61297","1":"product","2":"type-product","3":"status-publish","5":"product_cat-dijagnostika","6":"product_cat-otoskopi","8":"first","9":"onbackorder","10":"taxable","11":"shipping-taxable","12":"purchasable","13":"product-type-simple"},"acf":[],"yoast_head":"<!-- This site is optimized with the Yoast SEO plugin v27.3 - https:\/\/yoast.com\/product\/yoast-seo-wordpress\/ -->\n<title>OTOSKOP Heine Mini 3000 LED f.o. s 10 jednokratnih i 4 vi\u0161ekratna lijevka - Medicpro<\/title>\n<meta name=\"robots\" content=\"index, follow, max-snippet:-1, max-image-preview:large, max-video-preview:-1\" \/>\n<link rel=\"canonical\" href=\"https:\/\/medicpro.hr\/veleprodaja\/proizvod\/otoskop-heine-mini-3000-led-f-o-s-10-jednokratnih-i-4-visekratna-lijevka\/\" \/>\n<meta property=\"og:locale\" content=\"hr_HR\" \/>\n<meta property=\"og:type\" content=\"article\" \/>\n<meta property=\"og:title\" content=\"OTOSKOP Heine Mini 3000 LED f.o. s 10 jednokratnih i 4 vi\u0161ekratna lijevka - Medicpro\" \/>\n<meta property=\"og:description\" content=\"Moderan d\u017eepni otoskop sa LED iluminacijom. Bez potrebe za odr\u017eavanjem, nema potrebe za zamjenom LED diode. LED termalno upravljanje za\" \/>\n<meta property=\"og:url\" content=\"https:\/\/medicpro.hr\/veleprodaja\/proizvod\/otoskop-heine-mini-3000-led-f-o-s-10-jednokratnih-i-4-visekratna-lijevka\/\" \/>\n<meta property=\"og:site_name\" content=\"Medicpro\" \/>\n<meta property=\"article:modified_time\" content=\"2025-10-14T10:25:51+00:00\" \/>\n<meta name=\"twitter:card\" content=\"summary_large_image\" \/>\n<meta name=\"twitter:label1\" content=\"Procijenjeno vrijeme \u010ditanja\" \/>\n\t<meta name=\"twitter:data1\" content=\"1 minuta\" \/>\n<script type=\"application\/ld+json\" class=\"yoast-schema-graph\">{\"@context\":\"https:\\\/\\\/schema.org\",\"@graph\":[{\"@type\":\"WebPage\",\"@id\":\"https:\\\/\\\/medicpro.hr\\\/veleprodaja\\\/proizvod\\\/otoskop-heine-mini-3000-led-f-o-s-10-jednokratnih-i-4-visekratna-lijevka\\\/\",\"url\":\"https:\\\/\\\/medicpro.hr\\\/veleprodaja\\\/proizvod\\\/otoskop-heine-mini-3000-led-f-o-s-10-jednokratnih-i-4-visekratna-lijevka\\\/\",\"name\":\"OTOSKOP Heine Mini 3000 LED f.o. s 10 jednokratnih i 4 vi\u0161ekratna lijevka - Medicpro\",\"isPartOf\":{\"@id\":\"https:\\\/\\\/medicpro.hr\\\/veleprodaja\\\/#website\"},\"datePublished\":\"2025-09-01T01:01:12+00:00\",\"dateModified\":\"2025-10-14T10:25:51+00:00\",\"breadcrumb\":{\"@id\":\"https:\\\/\\\/medicpro.hr\\\/veleprodaja\\\/proizvod\\\/otoskop-heine-mini-3000-led-f-o-s-10-jednokratnih-i-4-visekratna-lijevka\\\/#breadcrumb\"},\"inLanguage\":\"hr\",\"potentialAction\":[{\"@type\":\"ReadAction\",\"target\":[\"https:\\\/\\\/medicpro.hr\\\/veleprodaja\\\/proizvod\\\/otoskop-heine-mini-3000-led-f-o-s-10-jednokratnih-i-4-visekratna-lijevka\\\/\"]}]},{\"@type\":\"BreadcrumbList\",\"@id\":\"https:\\\/\\\/medicpro.hr\\\/veleprodaja\\\/proizvod\\\/otoskop-heine-mini-3000-led-f-o-s-10-jednokratnih-i-4-visekratna-lijevka\\\/#breadcrumb\",\"itemListElement\":[{\"@type\":\"ListItem\",\"position\":1,\"name\":\"Po\u010detna stranica\",\"item\":\"https:\\\/\\\/medicpro.hr\\\/veleprodaja\\\/\"},{\"@type\":\"ListItem\",\"position\":2,\"name\":\"Veleprodaja\",\"item\":\"https:\\\/\\\/medicpro.hr\\\/veleprodaja\\\/trgovina\\\/\"},{\"@type\":\"ListItem\",\"position\":3,\"name\":\"OTOSKOP Heine Mini 3000 LED f.o. s 10 jednokratnih i 4 vi\u0161ekratna lijevka\"}]},{\"@type\":\"WebSite\",\"@id\":\"https:\\\/\\\/medicpro.hr\\\/veleprodaja\\\/#website\",\"url\":\"https:\\\/\\\/medicpro.hr\\\/veleprodaja\\\/\",\"name\":\"Medicpro.hr\",\"description\":\"Medicinski potro\u0161ni materijal i oprema\",\"publisher\":{\"@id\":\"https:\\\/\\\/medicpro.hr\\\/veleprodaja\\\/#organization\"},\"potentialAction\":[{\"@type\":\"SearchAction\",\"target\":{\"@type\":\"EntryPoint\",\"urlTemplate\":\"https:\\\/\\\/medicpro.hr\\\/veleprodaja\\\/?s={search_term_string}\"},\"query-input\":{\"@type\":\"PropertyValueSpecification\",\"valueRequired\":true,\"valueName\":\"search_term_string\"}}],\"inLanguage\":\"hr\"},{\"@type\":\"Organization\",\"@id\":\"https:\\\/\\\/medicpro.hr\\\/veleprodaja\\\/#organization\",\"name\":\"Medicpro d.o.o.\",\"url\":\"https:\\\/\\\/medicpro.hr\\\/veleprodaja\\\/\",\"logo\":{\"@type\":\"ImageObject\",\"inLanguage\":\"hr\",\"@id\":\"https:\\\/\\\/medicpro.hr\\\/veleprodaja\\\/#\\\/schema\\\/logo\\\/image\\\/\",\"url\":\"https:\\\/\\\/medicpro.hr\\\/veleprodaja\\\/wp-content\\\/uploads\\\/2025\\\/05\\\/medicpro_logo.svg\",\"contentUrl\":\"https:\\\/\\\/medicpro.hr\\\/veleprodaja\\\/wp-content\\\/uploads\\\/2025\\\/05\\\/medicpro_logo.svg\",\"width\":226,\"height\":42,\"caption\":\"Medicpro d.o.o.\"},\"image\":{\"@id\":\"https:\\\/\\\/medicpro.hr\\\/veleprodaja\\\/#\\\/schema\\\/logo\\\/image\\\/\"}}]}<\/script>\n<!-- \/ Yoast SEO plugin. -->","yoast_head_json":{"title":"OTOSKOP Heine Mini 3000 LED f.o. s 10 jednokratnih i 4 vi\u0161ekratna lijevka - Medicpro","robots":{"index":"index","follow":"follow","max-snippet":"max-snippet:-1","max-image-preview":"max-image-preview:large","max-video-preview":"max-video-preview:-1"},"canonical":"https:\/\/medicpro.hr\/veleprodaja\/proizvod\/otoskop-heine-mini-3000-led-f-o-s-10-jednokratnih-i-4-visekratna-lijevka\/","og_locale":"hr_HR","og_type":"article","og_title":"OTOSKOP Heine Mini 3000 LED f.o. s 10 jednokratnih i 4 vi\u0161ekratna lijevka - Medicpro","og_description":"Moderan d\u017eepni otoskop sa LED iluminacijom. Bez potrebe za odr\u017eavanjem, nema potrebe za zamjenom LED diode. LED termalno upravljanje za","og_url":"https:\/\/medicpro.hr\/veleprodaja\/proizvod\/otoskop-heine-mini-3000-led-f-o-s-10-jednokratnih-i-4-visekratna-lijevka\/","og_site_name":"Medicpro","article_modified_time":"2025-10-14T10:25:51+00:00","twitter_card":"summary_large_image","twitter_misc":{"Procijenjeno vrijeme \u010ditanja":"1 minuta"},"schema":{"@context":"https:\/\/schema.org","@graph":[{"@type":"WebPage","@id":"https:\/\/medicpro.hr\/veleprodaja\/proizvod\/otoskop-heine-mini-3000-led-f-o-s-10-jednokratnih-i-4-visekratna-lijevka\/","url":"https:\/\/medicpro.hr\/veleprodaja\/proizvod\/otoskop-heine-mini-3000-led-f-o-s-10-jednokratnih-i-4-visekratna-lijevka\/","name":"OTOSKOP Heine Mini 3000 LED f.o. s 10 jednokratnih i 4 vi\u0161ekratna lijevka - Medicpro","isPartOf":{"@id":"https:\/\/medicpro.hr\/veleprodaja\/#website"},"datePublished":"2025-09-01T01:01:12+00:00","dateModified":"2025-10-14T10:25:51+00:00","breadcrumb":{"@id":"https:\/\/medicpro.hr\/veleprodaja\/proizvod\/otoskop-heine-mini-3000-led-f-o-s-10-jednokratnih-i-4-visekratna-lijevka\/#breadcrumb"},"inLanguage":"hr","potentialAction":[{"@type":"ReadAction","target":["https:\/\/medicpro.hr\/veleprodaja\/proizvod\/otoskop-heine-mini-3000-led-f-o-s-10-jednokratnih-i-4-visekratna-lijevka\/"]}]},{"@type":"BreadcrumbList","@id":"https:\/\/medicpro.hr\/veleprodaja\/proizvod\/otoskop-heine-mini-3000-led-f-o-s-10-jednokratnih-i-4-visekratna-lijevka\/#breadcrumb","itemListElement":[{"@type":"ListItem","position":1,"name":"Po\u010detna stranica","item":"https:\/\/medicpro.hr\/veleprodaja\/"},{"@type":"ListItem","position":2,"name":"Veleprodaja","item":"https:\/\/medicpro.hr\/veleprodaja\/trgovina\/"},{"@type":"ListItem","position":3,"name":"OTOSKOP Heine Mini 3000 LED f.o. s 10 jednokratnih i 4 vi\u0161ekratna lijevka"}]},{"@type":"WebSite","@id":"https:\/\/medicpro.hr\/veleprodaja\/#website","url":"https:\/\/medicpro.hr\/veleprodaja\/","name":"Medicpro.hr","description":"Medicinski potro\u0161ni materijal i oprema","publisher":{"@id":"https:\/\/medicpro.hr\/veleprodaja\/#organization"},"potentialAction":[{"@type":"SearchAction","target":{"@type":"EntryPoint","urlTemplate":"https:\/\/medicpro.hr\/veleprodaja\/?s={search_term_string}"},"query-input":{"@type":"PropertyValueSpecification","valueRequired":true,"valueName":"search_term_string"}}],"inLanguage":"hr"},{"@type":"Organization","@id":"https:\/\/medicpro.hr\/veleprodaja\/#organization","name":"Medicpro d.o.o.","url":"https:\/\/medicpro.hr\/veleprodaja\/","logo":{"@type":"ImageObject","inLanguage":"hr","@id":"https:\/\/medicpro.hr\/veleprodaja\/#\/schema\/logo\/image\/","url":"https:\/\/medicpro.hr\/veleprodaja\/wp-content\/uploads\/2025\/05\/medicpro_logo.svg","contentUrl":"https:\/\/medicpro.hr\/veleprodaja\/wp-content\/uploads\/2025\/05\/medicpro_logo.svg","width":226,"height":42,"caption":"Medicpro d.o.o."},"image":{"@id":"https:\/\/medicpro.hr\/veleprodaja\/#\/schema\/logo\/image\/"}}]}},"_links":{"self":[{"href":"https:\/\/medicpro.hr\/veleprodaja\/wp-json\/wp\/v2\/product\/61297","targetHints":{"allow":["GET"]}}],"collection":[{"href":"https:\/\/medicpro.hr\/veleprodaja\/wp-json\/wp\/v2\/product"}],"about":[{"href":"https:\/\/medicpro.hr\/veleprodaja\/wp-json\/wp\/v2\/types\/product"}],"replies":[{"embeddable":true,"href":"https:\/\/medicpro.hr\/veleprodaja\/wp-json\/wp\/v2\/comments?post=61297"}],"wp:attachment":[{"href":"https:\/\/medicpro.hr\/veleprodaja\/wp-json\/wp\/v2\/media?parent=61297"}],"wp:term":[{"taxonomy":"product_brand","embeddable":true,"href":"https:\/\/medicpro.hr\/veleprodaja\/wp-json\/wp\/v2\/product_brand?post=61297"},{"taxonomy":"product_cat","embeddable":true,"href":"https:\/\/medicpro.hr\/veleprodaja\/wp-json\/wp\/v2\/product_cat?post=61297"},{"taxonomy":"product_tag","embeddable":true,"href":"https:\/\/medicpro.hr\/veleprodaja\/wp-json\/wp\/v2\/product_tag?post=61297"}],"curies":[{"name":"wp","href":"https:\/\/api.w.org\/{rel}","templated":true}]}}