{"id":61264,"date":"2025-09-01T03:01:08","date_gmt":"2025-09-01T01:01:08","guid":{"rendered":"https:\/\/zdesmedicpro-velepro.kuhada.net\/?post_type=product&#038;p=61264"},"modified":"2025-09-12T11:02:42","modified_gmt":"2025-09-12T09:02:42","slug":"okovratnik-stifneck-select-odr-cvrsti-4-vel","status":"publish","type":"product","link":"https:\/\/medicpro.hr\/veleprodaja\/proizvod\/okovratnik-stifneck-select-odr-cvrsti-4-vel\/","title":{"rendered":"OKOVRATNIK &#8220;STIFNECK SELECT&#8221;, odr., \u010dvrsti, 4 vel."},"content":{"rendered":"<ul>\n<li><strong>Okovratnik Stifneck Select za odrasle<\/strong>.<\/li>\n<li>Omogu\u0107uje <strong>brzu i ispravnu stabilizaciju<\/strong>.<\/li>\n<li><strong>Prilagodljiv u 4 veli\u010dine<\/strong>.<\/li>\n<li>Jednostavan za kori\u0161tenje.<\/li>\n<li><strong>Jednodijelni<\/strong> &#8211; ne zahtijeva nikakvo dodatno sastavljanje.<\/li>\n<li><strong>\u010cvrsti<\/strong>.<\/li>\n<li>Cijena se odnosi na 1 komad.<\/li>\n<\/ul>\n","protected":false},"excerpt":{"rendered":"<p>Okovratnik Stifneck Select za odrasle. Omogu\u0107uje brzu i ispravnu stabilizaciju. Prilagodljiv u 4 veli\u010dine. Jednostavan za kori\u0161tenje. Jednodijelni &#8211; ne<\/p>\n","protected":false},"featured_media":0,"comment_status":"open","ping_status":"closed","template":"","meta":[],"product_brand":[],"product_cat":[708,740],"product_tag":[],"class_list":{"0":"post-61264","1":"product","2":"type-product","3":"status-publish","5":"product_cat-prva-pomoc-i-reanimacija","6":"product_cat-imobilizacija","8":"first","9":"instock","10":"taxable","11":"shipping-taxable","12":"purchasable","13":"product-type-simple"},"acf":[],"yoast_head":"<!-- This site is optimized with the Yoast SEO plugin v27.3 - https:\/\/yoast.com\/product\/yoast-seo-wordpress\/ -->\n<title>OKOVRATNIK &quot;STIFNECK SELECT&quot;, odr., \u010dvrsti, 4 vel. - Medicpro<\/title>\n<meta name=\"robots\" content=\"index, follow, max-snippet:-1, max-image-preview:large, max-video-preview:-1\" \/>\n<link rel=\"canonical\" href=\"https:\/\/medicpro.hr\/veleprodaja\/proizvod\/okovratnik-stifneck-select-odr-cvrsti-4-vel\/\" \/>\n<meta property=\"og:locale\" content=\"hr_HR\" \/>\n<meta property=\"og:type\" content=\"article\" \/>\n<meta property=\"og:title\" content=\"OKOVRATNIK &quot;STIFNECK SELECT&quot;, odr., \u010dvrsti, 4 vel. - Medicpro\" \/>\n<meta property=\"og:description\" content=\"Okovratnik Stifneck Select za odrasle. Omogu\u0107uje brzu i ispravnu stabilizaciju. Prilagodljiv u 4 veli\u010dine. Jednostavan za kori\u0161tenje. Jednodijelni &#8211; ne\" \/>\n<meta property=\"og:url\" content=\"https:\/\/medicpro.hr\/veleprodaja\/proizvod\/okovratnik-stifneck-select-odr-cvrsti-4-vel\/\" \/>\n<meta property=\"og:site_name\" content=\"Medicpro\" \/>\n<meta property=\"article:modified_time\" content=\"2025-09-12T09:02:42+00:00\" \/>\n<meta name=\"twitter:card\" content=\"summary_large_image\" \/>\n<script type=\"application\/ld+json\" class=\"yoast-schema-graph\">{\"@context\":\"https:\\\/\\\/schema.org\",\"@graph\":[{\"@type\":\"WebPage\",\"@id\":\"https:\\\/\\\/medicpro.hr\\\/veleprodaja\\\/proizvod\\\/okovratnik-stifneck-select-odr-cvrsti-4-vel\\\/\",\"url\":\"https:\\\/\\\/medicpro.hr\\\/veleprodaja\\\/proizvod\\\/okovratnik-stifneck-select-odr-cvrsti-4-vel\\\/\",\"name\":\"OKOVRATNIK \\\"STIFNECK SELECT\\\", odr., \u010dvrsti, 4 vel. - Medicpro\",\"isPartOf\":{\"@id\":\"https:\\\/\\\/medicpro.hr\\\/veleprodaja\\\/#website\"},\"datePublished\":\"2025-09-01T01:01:08+00:00\",\"dateModified\":\"2025-09-12T09:02:42+00:00\",\"breadcrumb\":{\"@id\":\"https:\\\/\\\/medicpro.hr\\\/veleprodaja\\\/proizvod\\\/okovratnik-stifneck-select-odr-cvrsti-4-vel\\\/#breadcrumb\"},\"inLanguage\":\"hr\",\"potentialAction\":[{\"@type\":\"ReadAction\",\"target\":[\"https:\\\/\\\/medicpro.hr\\\/veleprodaja\\\/proizvod\\\/okovratnik-stifneck-select-odr-cvrsti-4-vel\\\/\"]}]},{\"@type\":\"BreadcrumbList\",\"@id\":\"https:\\\/\\\/medicpro.hr\\\/veleprodaja\\\/proizvod\\\/okovratnik-stifneck-select-odr-cvrsti-4-vel\\\/#breadcrumb\",\"itemListElement\":[{\"@type\":\"ListItem\",\"position\":1,\"name\":\"Po\u010detna stranica\",\"item\":\"https:\\\/\\\/medicpro.hr\\\/veleprodaja\\\/\"},{\"@type\":\"ListItem\",\"position\":2,\"name\":\"Veleprodaja\",\"item\":\"https:\\\/\\\/medicpro.hr\\\/veleprodaja\\\/trgovina\\\/\"},{\"@type\":\"ListItem\",\"position\":3,\"name\":\"OKOVRATNIK &#8220;STIFNECK SELECT&#8221;, odr., \u010dvrsti, 4 vel.\"}]},{\"@type\":\"WebSite\",\"@id\":\"https:\\\/\\\/medicpro.hr\\\/veleprodaja\\\/#website\",\"url\":\"https:\\\/\\\/medicpro.hr\\\/veleprodaja\\\/\",\"name\":\"Medicpro.hr\",\"description\":\"Medicinski potro\u0161ni materijal i oprema\",\"publisher\":{\"@id\":\"https:\\\/\\\/medicpro.hr\\\/veleprodaja\\\/#organization\"},\"potentialAction\":[{\"@type\":\"SearchAction\",\"target\":{\"@type\":\"EntryPoint\",\"urlTemplate\":\"https:\\\/\\\/medicpro.hr\\\/veleprodaja\\\/?s={search_term_string}\"},\"query-input\":{\"@type\":\"PropertyValueSpecification\",\"valueRequired\":true,\"valueName\":\"search_term_string\"}}],\"inLanguage\":\"hr\"},{\"@type\":\"Organization\",\"@id\":\"https:\\\/\\\/medicpro.hr\\\/veleprodaja\\\/#organization\",\"name\":\"Medicpro d.o.o.\",\"url\":\"https:\\\/\\\/medicpro.hr\\\/veleprodaja\\\/\",\"logo\":{\"@type\":\"ImageObject\",\"inLanguage\":\"hr\",\"@id\":\"https:\\\/\\\/medicpro.hr\\\/veleprodaja\\\/#\\\/schema\\\/logo\\\/image\\\/\",\"url\":\"https:\\\/\\\/medicpro.hr\\\/veleprodaja\\\/wp-content\\\/uploads\\\/2025\\\/05\\\/medicpro_logo.svg\",\"contentUrl\":\"https:\\\/\\\/medicpro.hr\\\/veleprodaja\\\/wp-content\\\/uploads\\\/2025\\\/05\\\/medicpro_logo.svg\",\"width\":226,\"height\":42,\"caption\":\"Medicpro d.o.o.\"},\"image\":{\"@id\":\"https:\\\/\\\/medicpro.hr\\\/veleprodaja\\\/#\\\/schema\\\/logo\\\/image\\\/\"}}]}<\/script>\n<!-- \/ Yoast SEO plugin. -->","yoast_head_json":{"title":"OKOVRATNIK \"STIFNECK SELECT\", odr., \u010dvrsti, 4 vel. - Medicpro","robots":{"index":"index","follow":"follow","max-snippet":"max-snippet:-1","max-image-preview":"max-image-preview:large","max-video-preview":"max-video-preview:-1"},"canonical":"https:\/\/medicpro.hr\/veleprodaja\/proizvod\/okovratnik-stifneck-select-odr-cvrsti-4-vel\/","og_locale":"hr_HR","og_type":"article","og_title":"OKOVRATNIK \"STIFNECK SELECT\", odr., \u010dvrsti, 4 vel. - Medicpro","og_description":"Okovratnik Stifneck Select za odrasle. Omogu\u0107uje brzu i ispravnu stabilizaciju. Prilagodljiv u 4 veli\u010dine. Jednostavan za kori\u0161tenje. Jednodijelni &#8211; ne","og_url":"https:\/\/medicpro.hr\/veleprodaja\/proizvod\/okovratnik-stifneck-select-odr-cvrsti-4-vel\/","og_site_name":"Medicpro","article_modified_time":"2025-09-12T09:02:42+00:00","twitter_card":"summary_large_image","schema":{"@context":"https:\/\/schema.org","@graph":[{"@type":"WebPage","@id":"https:\/\/medicpro.hr\/veleprodaja\/proizvod\/okovratnik-stifneck-select-odr-cvrsti-4-vel\/","url":"https:\/\/medicpro.hr\/veleprodaja\/proizvod\/okovratnik-stifneck-select-odr-cvrsti-4-vel\/","name":"OKOVRATNIK \"STIFNECK SELECT\", odr., \u010dvrsti, 4 vel. - Medicpro","isPartOf":{"@id":"https:\/\/medicpro.hr\/veleprodaja\/#website"},"datePublished":"2025-09-01T01:01:08+00:00","dateModified":"2025-09-12T09:02:42+00:00","breadcrumb":{"@id":"https:\/\/medicpro.hr\/veleprodaja\/proizvod\/okovratnik-stifneck-select-odr-cvrsti-4-vel\/#breadcrumb"},"inLanguage":"hr","potentialAction":[{"@type":"ReadAction","target":["https:\/\/medicpro.hr\/veleprodaja\/proizvod\/okovratnik-stifneck-select-odr-cvrsti-4-vel\/"]}]},{"@type":"BreadcrumbList","@id":"https:\/\/medicpro.hr\/veleprodaja\/proizvod\/okovratnik-stifneck-select-odr-cvrsti-4-vel\/#breadcrumb","itemListElement":[{"@type":"ListItem","position":1,"name":"Po\u010detna stranica","item":"https:\/\/medicpro.hr\/veleprodaja\/"},{"@type":"ListItem","position":2,"name":"Veleprodaja","item":"https:\/\/medicpro.hr\/veleprodaja\/trgovina\/"},{"@type":"ListItem","position":3,"name":"OKOVRATNIK &#8220;STIFNECK SELECT&#8221;, odr., \u010dvrsti, 4 vel."}]},{"@type":"WebSite","@id":"https:\/\/medicpro.hr\/veleprodaja\/#website","url":"https:\/\/medicpro.hr\/veleprodaja\/","name":"Medicpro.hr","description":"Medicinski potro\u0161ni materijal i oprema","publisher":{"@id":"https:\/\/medicpro.hr\/veleprodaja\/#organization"},"potentialAction":[{"@type":"SearchAction","target":{"@type":"EntryPoint","urlTemplate":"https:\/\/medicpro.hr\/veleprodaja\/?s={search_term_string}"},"query-input":{"@type":"PropertyValueSpecification","valueRequired":true,"valueName":"search_term_string"}}],"inLanguage":"hr"},{"@type":"Organization","@id":"https:\/\/medicpro.hr\/veleprodaja\/#organization","name":"Medicpro d.o.o.","url":"https:\/\/medicpro.hr\/veleprodaja\/","logo":{"@type":"ImageObject","inLanguage":"hr","@id":"https:\/\/medicpro.hr\/veleprodaja\/#\/schema\/logo\/image\/","url":"https:\/\/medicpro.hr\/veleprodaja\/wp-content\/uploads\/2025\/05\/medicpro_logo.svg","contentUrl":"https:\/\/medicpro.hr\/veleprodaja\/wp-content\/uploads\/2025\/05\/medicpro_logo.svg","width":226,"height":42,"caption":"Medicpro d.o.o."},"image":{"@id":"https:\/\/medicpro.hr\/veleprodaja\/#\/schema\/logo\/image\/"}}]}},"_links":{"self":[{"href":"https:\/\/medicpro.hr\/veleprodaja\/wp-json\/wp\/v2\/product\/61264","targetHints":{"allow":["GET"]}}],"collection":[{"href":"https:\/\/medicpro.hr\/veleprodaja\/wp-json\/wp\/v2\/product"}],"about":[{"href":"https:\/\/medicpro.hr\/veleprodaja\/wp-json\/wp\/v2\/types\/product"}],"replies":[{"embeddable":true,"href":"https:\/\/medicpro.hr\/veleprodaja\/wp-json\/wp\/v2\/comments?post=61264"}],"wp:attachment":[{"href":"https:\/\/medicpro.hr\/veleprodaja\/wp-json\/wp\/v2\/media?parent=61264"}],"wp:term":[{"taxonomy":"product_brand","embeddable":true,"href":"https:\/\/medicpro.hr\/veleprodaja\/wp-json\/wp\/v2\/product_brand?post=61264"},{"taxonomy":"product_cat","embeddable":true,"href":"https:\/\/medicpro.hr\/veleprodaja\/wp-json\/wp\/v2\/product_cat?post=61264"},{"taxonomy":"product_tag","embeddable":true,"href":"https:\/\/medicpro.hr\/veleprodaja\/wp-json\/wp\/v2\/product_tag?post=61264"}],"curies":[{"name":"wp","href":"https:\/\/api.w.org\/{rel}","templated":true}]}}