{"id":61258,"date":"2025-09-01T03:01:08","date_gmt":"2025-09-01T01:01:08","guid":{"rendered":"https:\/\/zdesmedicpro-velepro.kuhada.net\/?post_type=product&#038;p=61258"},"modified":"2025-09-12T11:02:43","modified_gmt":"2025-09-12T09:02:43","slug":"oftalmoskop-retinoskop-beta-200-s-s-bat-drskom","status":"publish","type":"product","link":"https:\/\/medicpro.hr\/veleprodaja\/proizvod\/oftalmoskop-retinoskop-beta-200-s-s-bat-drskom\/","title":{"rendered":"OFTALMOSKOP \/RETINOSKOP &#8220;Beta 200 S&#8221; s bat. dr\u0161kom"},"content":{"rendered":"<ul>\n<li>Kombinacija vrhunskog Heine oftalmoskopa i retinoskopa u jednoj kutiji.<\/li>\n<li>Set oftalmoskop Beta 200 S XHL + retinoskop Beta 200 XHL, set s baterijskom dr\u0161kom u tvrdoj kutiji.<\/li>\n<li>U setu se nalazi glava oftalmoskopa, glava retinoskopa, jedna zajedni\u010dka dr\u0161ka i tvrda kutija.<\/li>\n<\/ul>\n<p>&nbsp;<\/p>\n<p><strong>Heine Beta 200 S XHL:<\/strong><\/p>\n<ul>\n<li>Jedinstveni Heine Asferi\u010dni opti\u010dki sustav (AOS) eliminira ne\u017eeljene refleksije ro\u017enice i \u0161arenice tako \u0161to odvaja zraku izvora svjetla od zrake promatranja.<\/li>\n<li>Optika s vi\u0161eslojnim premazom za eliminaciju slu\u010dajnih odbljesaka.<\/li>\n<li>\u010cvrsto ku\u010di\u0161te s aluminijskim okvirom, otporno na udarce.<\/li>\n<li>Ku\u010di\u0161te otporno na pra\u0161inu, bez potrebe za odr\u017eavanjem.<\/li>\n<li>Ergonomski oblik ure\u0111aja ugodno pristaje na orbitu, rad s jednom rukom.<\/li>\n<li>28 le\u0107a za 74 koraka promjene dioptrije: od -36 D do +38 D, precizna promjena u koracima od 1D.<\/li>\n<li>Izvrstan fokus \u010dak i na velikim dioptrijama.<\/li>\n<li>Pogodan za velike i male zjenice bez \u0161irenja.<\/li>\n<li>XHL ve\u0107a potro\u0161nja energije, kra\u0107i vijek \u017earuljice nego kod LED verzije.<\/li>\n<li>Jamstvo: 5 godina, punjive baterije 6 mjeseci.<\/li>\n<\/ul>\n<p><strong>Retinoskop \/ Skijaskop Heine Beta 200:<\/strong><\/p>\n<ul>\n<li>Retinoskop vrhunskih karakteristika.<\/li>\n<li>Isti\u010de se kvalitetom, mogu\u0107nostima i trajno\u0161\u0107u. Prvi izbor mnogih profesionalaca.<\/li>\n<li>Ru\u010dni retinoskop za objektivno mjerenje refrakcije.<\/li>\n<li>Mo\u017ee mjeriti miopiju, hiperopiju kao i astigmatizam.<\/li>\n<li>Homogeno i sna\u017eno svjetlo u obliku preciznog procjepa omogu\u0107uje brzo i jednostavno promatranje fundus refleksa.<\/li>\n<li>ParaStop: jedinstveni Heine ParaStop mehanizam za brz i precizan odabir paralelnog snopa svjetlosti. ParaStop pojednostavljuje preciznu detekciju osi cilindra i provjeru korekcije cilindra nakon refrakcije.<\/li>\n<li>Veli\u010dina procjepa: \u0161irina cca 1.1 mm, du\u017eina 35 mm.<\/li>\n<li>XHL \u017earuljica u dvije verzije: procjep-streak (standardno) ili to\u010dka.<\/li>\n<li>Precizna kontrola ja\u010dine svjetla: od 3% do 100% (patentirano).<\/li>\n<li>Jamstvo: 5 godina, punjive baterije 6 mjeseci.<\/li>\n<\/ul>\n<p>&nbsp;<\/p>\n","protected":false},"excerpt":{"rendered":"<p>Kombinacija vrhunskog Heine oftalmoskopa i retinoskopa u jednoj kutiji. Set oftalmoskop Beta 200 S XHL + retinoskop Beta 200 XHL,<\/p>\n","protected":false},"featured_media":0,"comment_status":"open","ping_status":"closed","template":"","meta":[],"product_brand":[],"product_cat":[702,785],"product_tag":[],"class_list":{"0":"post-61258","1":"product","2":"type-product","3":"status-publish","5":"product_cat-dijagnostika","6":"product_cat-otoskop-i-oftalmoskop-kompleti","8":"first","9":"onbackorder","10":"taxable","11":"shipping-taxable","12":"purchasable","13":"product-type-simple"},"acf":[],"yoast_head":"<!-- This site is optimized with the Yoast SEO plugin v27.3 - https:\/\/yoast.com\/product\/yoast-seo-wordpress\/ -->\n<title>OFTALMOSKOP \/RETINOSKOP &quot;Beta 200 S&quot; s bat. dr\u0161kom - Medicpro<\/title>\n<meta name=\"robots\" content=\"index, follow, max-snippet:-1, max-image-preview:large, max-video-preview:-1\" \/>\n<link rel=\"canonical\" href=\"https:\/\/medicpro.hr\/veleprodaja\/proizvod\/oftalmoskop-retinoskop-beta-200-s-s-bat-drskom\/\" \/>\n<meta property=\"og:locale\" content=\"hr_HR\" \/>\n<meta property=\"og:type\" content=\"article\" \/>\n<meta property=\"og:title\" content=\"OFTALMOSKOP \/RETINOSKOP &quot;Beta 200 S&quot; s bat. dr\u0161kom - Medicpro\" \/>\n<meta property=\"og:description\" content=\"Kombinacija vrhunskog Heine oftalmoskopa i retinoskopa u jednoj kutiji. Set oftalmoskop Beta 200 S XHL + retinoskop Beta 200 XHL,\" \/>\n<meta property=\"og:url\" content=\"https:\/\/medicpro.hr\/veleprodaja\/proizvod\/oftalmoskop-retinoskop-beta-200-s-s-bat-drskom\/\" \/>\n<meta property=\"og:site_name\" content=\"Medicpro\" \/>\n<meta property=\"article:modified_time\" content=\"2025-09-12T09:02:43+00:00\" \/>\n<meta name=\"twitter:card\" content=\"summary_large_image\" \/>\n<meta name=\"twitter:label1\" content=\"Procijenjeno vrijeme \u010ditanja\" \/>\n\t<meta name=\"twitter:data1\" content=\"1 minuta\" \/>\n<script type=\"application\/ld+json\" class=\"yoast-schema-graph\">{\"@context\":\"https:\\\/\\\/schema.org\",\"@graph\":[{\"@type\":\"WebPage\",\"@id\":\"https:\\\/\\\/medicpro.hr\\\/veleprodaja\\\/proizvod\\\/oftalmoskop-retinoskop-beta-200-s-s-bat-drskom\\\/\",\"url\":\"https:\\\/\\\/medicpro.hr\\\/veleprodaja\\\/proizvod\\\/oftalmoskop-retinoskop-beta-200-s-s-bat-drskom\\\/\",\"name\":\"OFTALMOSKOP \\\/RETINOSKOP \\\"Beta 200 S\\\" s bat. dr\u0161kom - Medicpro\",\"isPartOf\":{\"@id\":\"https:\\\/\\\/medicpro.hr\\\/veleprodaja\\\/#website\"},\"datePublished\":\"2025-09-01T01:01:08+00:00\",\"dateModified\":\"2025-09-12T09:02:43+00:00\",\"breadcrumb\":{\"@id\":\"https:\\\/\\\/medicpro.hr\\\/veleprodaja\\\/proizvod\\\/oftalmoskop-retinoskop-beta-200-s-s-bat-drskom\\\/#breadcrumb\"},\"inLanguage\":\"hr\",\"potentialAction\":[{\"@type\":\"ReadAction\",\"target\":[\"https:\\\/\\\/medicpro.hr\\\/veleprodaja\\\/proizvod\\\/oftalmoskop-retinoskop-beta-200-s-s-bat-drskom\\\/\"]}]},{\"@type\":\"BreadcrumbList\",\"@id\":\"https:\\\/\\\/medicpro.hr\\\/veleprodaja\\\/proizvod\\\/oftalmoskop-retinoskop-beta-200-s-s-bat-drskom\\\/#breadcrumb\",\"itemListElement\":[{\"@type\":\"ListItem\",\"position\":1,\"name\":\"Po\u010detna stranica\",\"item\":\"https:\\\/\\\/medicpro.hr\\\/veleprodaja\\\/\"},{\"@type\":\"ListItem\",\"position\":2,\"name\":\"Veleprodaja\",\"item\":\"https:\\\/\\\/medicpro.hr\\\/veleprodaja\\\/trgovina\\\/\"},{\"@type\":\"ListItem\",\"position\":3,\"name\":\"OFTALMOSKOP \\\/RETINOSKOP &#8220;Beta 200 S&#8221; s bat. dr\u0161kom\"}]},{\"@type\":\"WebSite\",\"@id\":\"https:\\\/\\\/medicpro.hr\\\/veleprodaja\\\/#website\",\"url\":\"https:\\\/\\\/medicpro.hr\\\/veleprodaja\\\/\",\"name\":\"Medicpro.hr\",\"description\":\"Medicinski potro\u0161ni materijal i oprema\",\"publisher\":{\"@id\":\"https:\\\/\\\/medicpro.hr\\\/veleprodaja\\\/#organization\"},\"potentialAction\":[{\"@type\":\"SearchAction\",\"target\":{\"@type\":\"EntryPoint\",\"urlTemplate\":\"https:\\\/\\\/medicpro.hr\\\/veleprodaja\\\/?s={search_term_string}\"},\"query-input\":{\"@type\":\"PropertyValueSpecification\",\"valueRequired\":true,\"valueName\":\"search_term_string\"}}],\"inLanguage\":\"hr\"},{\"@type\":\"Organization\",\"@id\":\"https:\\\/\\\/medicpro.hr\\\/veleprodaja\\\/#organization\",\"name\":\"Medicpro d.o.o.\",\"url\":\"https:\\\/\\\/medicpro.hr\\\/veleprodaja\\\/\",\"logo\":{\"@type\":\"ImageObject\",\"inLanguage\":\"hr\",\"@id\":\"https:\\\/\\\/medicpro.hr\\\/veleprodaja\\\/#\\\/schema\\\/logo\\\/image\\\/\",\"url\":\"https:\\\/\\\/medicpro.hr\\\/veleprodaja\\\/wp-content\\\/uploads\\\/2025\\\/05\\\/medicpro_logo.svg\",\"contentUrl\":\"https:\\\/\\\/medicpro.hr\\\/veleprodaja\\\/wp-content\\\/uploads\\\/2025\\\/05\\\/medicpro_logo.svg\",\"width\":226,\"height\":42,\"caption\":\"Medicpro d.o.o.\"},\"image\":{\"@id\":\"https:\\\/\\\/medicpro.hr\\\/veleprodaja\\\/#\\\/schema\\\/logo\\\/image\\\/\"}}]}<\/script>\n<!-- \/ Yoast SEO plugin. -->","yoast_head_json":{"title":"OFTALMOSKOP \/RETINOSKOP \"Beta 200 S\" s bat. dr\u0161kom - Medicpro","robots":{"index":"index","follow":"follow","max-snippet":"max-snippet:-1","max-image-preview":"max-image-preview:large","max-video-preview":"max-video-preview:-1"},"canonical":"https:\/\/medicpro.hr\/veleprodaja\/proizvod\/oftalmoskop-retinoskop-beta-200-s-s-bat-drskom\/","og_locale":"hr_HR","og_type":"article","og_title":"OFTALMOSKOP \/RETINOSKOP \"Beta 200 S\" s bat. dr\u0161kom - Medicpro","og_description":"Kombinacija vrhunskog Heine oftalmoskopa i retinoskopa u jednoj kutiji. Set oftalmoskop Beta 200 S XHL + retinoskop Beta 200 XHL,","og_url":"https:\/\/medicpro.hr\/veleprodaja\/proizvod\/oftalmoskop-retinoskop-beta-200-s-s-bat-drskom\/","og_site_name":"Medicpro","article_modified_time":"2025-09-12T09:02:43+00:00","twitter_card":"summary_large_image","twitter_misc":{"Procijenjeno vrijeme \u010ditanja":"1 minuta"},"schema":{"@context":"https:\/\/schema.org","@graph":[{"@type":"WebPage","@id":"https:\/\/medicpro.hr\/veleprodaja\/proizvod\/oftalmoskop-retinoskop-beta-200-s-s-bat-drskom\/","url":"https:\/\/medicpro.hr\/veleprodaja\/proizvod\/oftalmoskop-retinoskop-beta-200-s-s-bat-drskom\/","name":"OFTALMOSKOP \/RETINOSKOP \"Beta 200 S\" s bat. dr\u0161kom - Medicpro","isPartOf":{"@id":"https:\/\/medicpro.hr\/veleprodaja\/#website"},"datePublished":"2025-09-01T01:01:08+00:00","dateModified":"2025-09-12T09:02:43+00:00","breadcrumb":{"@id":"https:\/\/medicpro.hr\/veleprodaja\/proizvod\/oftalmoskop-retinoskop-beta-200-s-s-bat-drskom\/#breadcrumb"},"inLanguage":"hr","potentialAction":[{"@type":"ReadAction","target":["https:\/\/medicpro.hr\/veleprodaja\/proizvod\/oftalmoskop-retinoskop-beta-200-s-s-bat-drskom\/"]}]},{"@type":"BreadcrumbList","@id":"https:\/\/medicpro.hr\/veleprodaja\/proizvod\/oftalmoskop-retinoskop-beta-200-s-s-bat-drskom\/#breadcrumb","itemListElement":[{"@type":"ListItem","position":1,"name":"Po\u010detna stranica","item":"https:\/\/medicpro.hr\/veleprodaja\/"},{"@type":"ListItem","position":2,"name":"Veleprodaja","item":"https:\/\/medicpro.hr\/veleprodaja\/trgovina\/"},{"@type":"ListItem","position":3,"name":"OFTALMOSKOP \/RETINOSKOP &#8220;Beta 200 S&#8221; s bat. dr\u0161kom"}]},{"@type":"WebSite","@id":"https:\/\/medicpro.hr\/veleprodaja\/#website","url":"https:\/\/medicpro.hr\/veleprodaja\/","name":"Medicpro.hr","description":"Medicinski potro\u0161ni materijal i oprema","publisher":{"@id":"https:\/\/medicpro.hr\/veleprodaja\/#organization"},"potentialAction":[{"@type":"SearchAction","target":{"@type":"EntryPoint","urlTemplate":"https:\/\/medicpro.hr\/veleprodaja\/?s={search_term_string}"},"query-input":{"@type":"PropertyValueSpecification","valueRequired":true,"valueName":"search_term_string"}}],"inLanguage":"hr"},{"@type":"Organization","@id":"https:\/\/medicpro.hr\/veleprodaja\/#organization","name":"Medicpro d.o.o.","url":"https:\/\/medicpro.hr\/veleprodaja\/","logo":{"@type":"ImageObject","inLanguage":"hr","@id":"https:\/\/medicpro.hr\/veleprodaja\/#\/schema\/logo\/image\/","url":"https:\/\/medicpro.hr\/veleprodaja\/wp-content\/uploads\/2025\/05\/medicpro_logo.svg","contentUrl":"https:\/\/medicpro.hr\/veleprodaja\/wp-content\/uploads\/2025\/05\/medicpro_logo.svg","width":226,"height":42,"caption":"Medicpro d.o.o."},"image":{"@id":"https:\/\/medicpro.hr\/veleprodaja\/#\/schema\/logo\/image\/"}}]}},"_links":{"self":[{"href":"https:\/\/medicpro.hr\/veleprodaja\/wp-json\/wp\/v2\/product\/61258","targetHints":{"allow":["GET"]}}],"collection":[{"href":"https:\/\/medicpro.hr\/veleprodaja\/wp-json\/wp\/v2\/product"}],"about":[{"href":"https:\/\/medicpro.hr\/veleprodaja\/wp-json\/wp\/v2\/types\/product"}],"replies":[{"embeddable":true,"href":"https:\/\/medicpro.hr\/veleprodaja\/wp-json\/wp\/v2\/comments?post=61258"}],"wp:attachment":[{"href":"https:\/\/medicpro.hr\/veleprodaja\/wp-json\/wp\/v2\/media?parent=61258"}],"wp:term":[{"taxonomy":"product_brand","embeddable":true,"href":"https:\/\/medicpro.hr\/veleprodaja\/wp-json\/wp\/v2\/product_brand?post=61258"},{"taxonomy":"product_cat","embeddable":true,"href":"https:\/\/medicpro.hr\/veleprodaja\/wp-json\/wp\/v2\/product_cat?post=61258"},{"taxonomy":"product_tag","embeddable":true,"href":"https:\/\/medicpro.hr\/veleprodaja\/wp-json\/wp\/v2\/product_tag?post=61258"}],"curies":[{"name":"wp","href":"https:\/\/api.w.org\/{rel}","templated":true}]}}