{"id":60988,"date":"2025-09-01T03:00:33","date_gmt":"2025-09-01T01:00:33","guid":{"rendered":"https:\/\/zdesmedicpro-velepro.kuhada.net\/?post_type=product&#038;p=60988"},"modified":"2025-09-12T11:02:23","modified_gmt":"2025-09-12T09:02:23","slug":"pokretna-kada-za-kupanje-hidraulicna","status":"publish","type":"product","link":"https:\/\/medicpro.hr\/veleprodaja\/proizvod\/pokretna-kada-za-kupanje-hidraulicna\/","title":{"rendered":"POKRETNA KADA ZA KUPANJE- HIDRAULI\u010cNA"},"content":{"rendered":"<p><strong>Pokretna kada idealno je rje\u0161enje za kupanje i transport pacijenata i nepokretnih osoba u bolnicama, domovima za starije i nemo\u0107ne osobe, stacionarima, kao i u ku\u0107noj njezi.<br \/>\n<\/strong>Ergonomski je dizajnirana za \u0161to lak\u0161i i prakti\u010dniji rad njegovatelja s pacijentom.<\/p>\n<p><strong>Madrac i jastuk:<\/strong><\/p>\n<ul>\n<li>Opremljena je vodootpornim i vatrootpornim madracem i jastukom visoke \u010dvrsto\u0107e, punjenim PCM pjenom.<\/li>\n<li>Madrac je lagano nagnut i spojen na crijevo odvoda kako bi se omogu\u0107ilo postupno otjecanje vode.<\/li>\n<li>Crijevo za odvod vode mo\u017ee se produljiti do 1,5 m.<\/li>\n<\/ul>\n<p><strong>Bo\u010dne stranice (smart-lock sustav):<\/strong><\/p>\n<ul>\n<li>Izuzetno \u010dvrste strukture.<\/li>\n<li>Svaki rub stranice je zaobljen.<\/li>\n<li>Mogu se podizati i spu\u0161tati.<\/li>\n<li>Sigurnost pacijenata pobolj\u0161ana je <strong>sustavom pametnog zaklju\u010davanja<\/strong> koji zdravstvenom djelatniku omogu\u0107uje zaklju\u010davanje i otklju\u010davanje stranica jednim pokretom.<\/li>\n<\/ul>\n<p><strong>Kota\u010di:<\/strong><\/p>\n<ul>\n<li>3 gumena kota\u010da s potpunom blokadom i 1 kota\u010d s blokadom smjera (olak\u0161ava transport i smanjuje stres njegovatelja).<\/li>\n<li>Bez ostavljanja tragova.<\/li>\n<\/ul>\n<p><strong>Prilagodba visine:<\/strong><\/p>\n<ul>\n<li>Visina se pode\u0161ava <strong>hidrauli\u010dnom pumpom<\/strong> kojom se mo\u017ee upravljati s obje strane kade pomo\u0107u pedala.<\/li>\n<li>Regulacija visine omogu\u0107uje <strong>lak\u0161i prijenos pacijenata iz kreveta bez upotrebe pomagala za podizanje<\/strong>.<\/li>\n<li>Tijekom kupanja pacijenata, visina se mo\u017ee podesiti na idealan radni polo\u017eaj njegovatelja.<\/li>\n<\/ul>\n<p>Dimenzije pokretne kade prikazane su na slici.<\/p>\n","protected":false},"excerpt":{"rendered":"<p>Pokretna kada idealno je rje\u0161enje za kupanje i transport pacijenata i nepokretnih osoba u bolnicama, domovima za starije i nemo\u0107ne<\/p>\n","protected":false},"featured_media":51858,"comment_status":"open","ping_status":"closed","template":"","meta":[],"product_brand":[],"product_cat":[710],"product_tag":[],"class_list":{"0":"post-60988","1":"product","2":"type-product","3":"status-publish","4":"has-post-thumbnail","6":"product_cat-ostalo","8":"first","9":"onbackorder","10":"taxable","11":"shipping-taxable","12":"purchasable","13":"product-type-simple"},"acf":[],"yoast_head":"<!-- This site is optimized with the Yoast SEO plugin v27.3 - https:\/\/yoast.com\/product\/yoast-seo-wordpress\/ -->\n<title>POKRETNA KADA ZA KUPANJE- HIDRAULI\u010cNA - Medicpro<\/title>\n<meta name=\"robots\" content=\"index, follow, max-snippet:-1, max-image-preview:large, max-video-preview:-1\" \/>\n<link rel=\"canonical\" href=\"https:\/\/medicpro.hr\/veleprodaja\/proizvod\/pokretna-kada-za-kupanje-hidraulicna\/\" \/>\n<meta property=\"og:locale\" content=\"hr_HR\" \/>\n<meta property=\"og:type\" content=\"article\" \/>\n<meta property=\"og:title\" content=\"POKRETNA KADA ZA KUPANJE- HIDRAULI\u010cNA - Medicpro\" \/>\n<meta property=\"og:description\" content=\"Pokretna kada idealno je rje\u0161enje za kupanje i transport pacijenata i nepokretnih osoba u bolnicama, domovima za starije i nemo\u0107ne\" \/>\n<meta property=\"og:url\" content=\"https:\/\/medicpro.hr\/veleprodaja\/proizvod\/pokretna-kada-za-kupanje-hidraulicna\/\" \/>\n<meta property=\"og:site_name\" content=\"Medicpro\" \/>\n<meta property=\"article:modified_time\" content=\"2025-09-12T09:02:23+00:00\" \/>\n<meta property=\"og:image\" content=\"https:\/\/medicpro.hr\/veleprodaja\/wp-content\/uploads\/2025\/06\/pokretna-kada-za-kupanje-s-hidraulikom-4.jpg\" \/>\n\t<meta property=\"og:image:width\" content=\"800\" \/>\n\t<meta property=\"og:image:height\" content=\"600\" \/>\n\t<meta property=\"og:image:type\" content=\"image\/jpeg\" \/>\n<meta name=\"twitter:card\" content=\"summary_large_image\" \/>\n<meta name=\"twitter:label1\" content=\"Procijenjeno vrijeme \u010ditanja\" \/>\n\t<meta name=\"twitter:data1\" content=\"1 minuta\" \/>\n<script type=\"application\/ld+json\" class=\"yoast-schema-graph\">{\"@context\":\"https:\\\/\\\/schema.org\",\"@graph\":[{\"@type\":\"WebPage\",\"@id\":\"https:\\\/\\\/medicpro.hr\\\/veleprodaja\\\/proizvod\\\/pokretna-kada-za-kupanje-hidraulicna\\\/\",\"url\":\"https:\\\/\\\/medicpro.hr\\\/veleprodaja\\\/proizvod\\\/pokretna-kada-za-kupanje-hidraulicna\\\/\",\"name\":\"POKRETNA KADA ZA KUPANJE- HIDRAULI\u010cNA - Medicpro\",\"isPartOf\":{\"@id\":\"https:\\\/\\\/medicpro.hr\\\/veleprodaja\\\/#website\"},\"primaryImageOfPage\":{\"@id\":\"https:\\\/\\\/medicpro.hr\\\/veleprodaja\\\/proizvod\\\/pokretna-kada-za-kupanje-hidraulicna\\\/#primaryimage\"},\"image\":{\"@id\":\"https:\\\/\\\/medicpro.hr\\\/veleprodaja\\\/proizvod\\\/pokretna-kada-za-kupanje-hidraulicna\\\/#primaryimage\"},\"thumbnailUrl\":\"https:\\\/\\\/medicpro.hr\\\/veleprodaja\\\/wp-content\\\/uploads\\\/2025\\\/06\\\/pokretna-kada-za-kupanje-s-hidraulikom-4.jpg\",\"datePublished\":\"2025-09-01T01:00:33+00:00\",\"dateModified\":\"2025-09-12T09:02:23+00:00\",\"breadcrumb\":{\"@id\":\"https:\\\/\\\/medicpro.hr\\\/veleprodaja\\\/proizvod\\\/pokretna-kada-za-kupanje-hidraulicna\\\/#breadcrumb\"},\"inLanguage\":\"hr\",\"potentialAction\":[{\"@type\":\"ReadAction\",\"target\":[\"https:\\\/\\\/medicpro.hr\\\/veleprodaja\\\/proizvod\\\/pokretna-kada-za-kupanje-hidraulicna\\\/\"]}]},{\"@type\":\"ImageObject\",\"inLanguage\":\"hr\",\"@id\":\"https:\\\/\\\/medicpro.hr\\\/veleprodaja\\\/proizvod\\\/pokretna-kada-za-kupanje-hidraulicna\\\/#primaryimage\",\"url\":\"https:\\\/\\\/medicpro.hr\\\/veleprodaja\\\/wp-content\\\/uploads\\\/2025\\\/06\\\/pokretna-kada-za-kupanje-s-hidraulikom-4.jpg\",\"contentUrl\":\"https:\\\/\\\/medicpro.hr\\\/veleprodaja\\\/wp-content\\\/uploads\\\/2025\\\/06\\\/pokretna-kada-za-kupanje-s-hidraulikom-4.jpg\",\"width\":800,\"height\":600},{\"@type\":\"BreadcrumbList\",\"@id\":\"https:\\\/\\\/medicpro.hr\\\/veleprodaja\\\/proizvod\\\/pokretna-kada-za-kupanje-hidraulicna\\\/#breadcrumb\",\"itemListElement\":[{\"@type\":\"ListItem\",\"position\":1,\"name\":\"Po\u010detna stranica\",\"item\":\"https:\\\/\\\/medicpro.hr\\\/veleprodaja\\\/\"},{\"@type\":\"ListItem\",\"position\":2,\"name\":\"Veleprodaja\",\"item\":\"https:\\\/\\\/medicpro.hr\\\/veleprodaja\\\/trgovina\\\/\"},{\"@type\":\"ListItem\",\"position\":3,\"name\":\"POKRETNA KADA ZA KUPANJE- HIDRAULI\u010cNA\"}]},{\"@type\":\"WebSite\",\"@id\":\"https:\\\/\\\/medicpro.hr\\\/veleprodaja\\\/#website\",\"url\":\"https:\\\/\\\/medicpro.hr\\\/veleprodaja\\\/\",\"name\":\"Medicpro.hr\",\"description\":\"Medicinski potro\u0161ni materijal i oprema\",\"publisher\":{\"@id\":\"https:\\\/\\\/medicpro.hr\\\/veleprodaja\\\/#organization\"},\"potentialAction\":[{\"@type\":\"SearchAction\",\"target\":{\"@type\":\"EntryPoint\",\"urlTemplate\":\"https:\\\/\\\/medicpro.hr\\\/veleprodaja\\\/?s={search_term_string}\"},\"query-input\":{\"@type\":\"PropertyValueSpecification\",\"valueRequired\":true,\"valueName\":\"search_term_string\"}}],\"inLanguage\":\"hr\"},{\"@type\":\"Organization\",\"@id\":\"https:\\\/\\\/medicpro.hr\\\/veleprodaja\\\/#organization\",\"name\":\"Medicpro d.o.o.\",\"url\":\"https:\\\/\\\/medicpro.hr\\\/veleprodaja\\\/\",\"logo\":{\"@type\":\"ImageObject\",\"inLanguage\":\"hr\",\"@id\":\"https:\\\/\\\/medicpro.hr\\\/veleprodaja\\\/#\\\/schema\\\/logo\\\/image\\\/\",\"url\":\"https:\\\/\\\/medicpro.hr\\\/veleprodaja\\\/wp-content\\\/uploads\\\/2025\\\/05\\\/medicpro_logo.svg\",\"contentUrl\":\"https:\\\/\\\/medicpro.hr\\\/veleprodaja\\\/wp-content\\\/uploads\\\/2025\\\/05\\\/medicpro_logo.svg\",\"width\":226,\"height\":42,\"caption\":\"Medicpro d.o.o.\"},\"image\":{\"@id\":\"https:\\\/\\\/medicpro.hr\\\/veleprodaja\\\/#\\\/schema\\\/logo\\\/image\\\/\"}}]}<\/script>\n<!-- \/ Yoast SEO plugin. -->","yoast_head_json":{"title":"POKRETNA KADA ZA KUPANJE- HIDRAULI\u010cNA - Medicpro","robots":{"index":"index","follow":"follow","max-snippet":"max-snippet:-1","max-image-preview":"max-image-preview:large","max-video-preview":"max-video-preview:-1"},"canonical":"https:\/\/medicpro.hr\/veleprodaja\/proizvod\/pokretna-kada-za-kupanje-hidraulicna\/","og_locale":"hr_HR","og_type":"article","og_title":"POKRETNA KADA ZA KUPANJE- HIDRAULI\u010cNA - Medicpro","og_description":"Pokretna kada idealno je rje\u0161enje za kupanje i transport pacijenata i nepokretnih osoba u bolnicama, domovima za starije i nemo\u0107ne","og_url":"https:\/\/medicpro.hr\/veleprodaja\/proizvod\/pokretna-kada-za-kupanje-hidraulicna\/","og_site_name":"Medicpro","article_modified_time":"2025-09-12T09:02:23+00:00","og_image":[{"width":800,"height":600,"url":"https:\/\/medicpro.hr\/veleprodaja\/wp-content\/uploads\/2025\/06\/pokretna-kada-za-kupanje-s-hidraulikom-4.jpg","type":"image\/jpeg"}],"twitter_card":"summary_large_image","twitter_misc":{"Procijenjeno vrijeme \u010ditanja":"1 minuta"},"schema":{"@context":"https:\/\/schema.org","@graph":[{"@type":"WebPage","@id":"https:\/\/medicpro.hr\/veleprodaja\/proizvod\/pokretna-kada-za-kupanje-hidraulicna\/","url":"https:\/\/medicpro.hr\/veleprodaja\/proizvod\/pokretna-kada-za-kupanje-hidraulicna\/","name":"POKRETNA KADA ZA KUPANJE- HIDRAULI\u010cNA - Medicpro","isPartOf":{"@id":"https:\/\/medicpro.hr\/veleprodaja\/#website"},"primaryImageOfPage":{"@id":"https:\/\/medicpro.hr\/veleprodaja\/proizvod\/pokretna-kada-za-kupanje-hidraulicna\/#primaryimage"},"image":{"@id":"https:\/\/medicpro.hr\/veleprodaja\/proizvod\/pokretna-kada-za-kupanje-hidraulicna\/#primaryimage"},"thumbnailUrl":"https:\/\/medicpro.hr\/veleprodaja\/wp-content\/uploads\/2025\/06\/pokretna-kada-za-kupanje-s-hidraulikom-4.jpg","datePublished":"2025-09-01T01:00:33+00:00","dateModified":"2025-09-12T09:02:23+00:00","breadcrumb":{"@id":"https:\/\/medicpro.hr\/veleprodaja\/proizvod\/pokretna-kada-za-kupanje-hidraulicna\/#breadcrumb"},"inLanguage":"hr","potentialAction":[{"@type":"ReadAction","target":["https:\/\/medicpro.hr\/veleprodaja\/proizvod\/pokretna-kada-za-kupanje-hidraulicna\/"]}]},{"@type":"ImageObject","inLanguage":"hr","@id":"https:\/\/medicpro.hr\/veleprodaja\/proizvod\/pokretna-kada-za-kupanje-hidraulicna\/#primaryimage","url":"https:\/\/medicpro.hr\/veleprodaja\/wp-content\/uploads\/2025\/06\/pokretna-kada-za-kupanje-s-hidraulikom-4.jpg","contentUrl":"https:\/\/medicpro.hr\/veleprodaja\/wp-content\/uploads\/2025\/06\/pokretna-kada-za-kupanje-s-hidraulikom-4.jpg","width":800,"height":600},{"@type":"BreadcrumbList","@id":"https:\/\/medicpro.hr\/veleprodaja\/proizvod\/pokretna-kada-za-kupanje-hidraulicna\/#breadcrumb","itemListElement":[{"@type":"ListItem","position":1,"name":"Po\u010detna stranica","item":"https:\/\/medicpro.hr\/veleprodaja\/"},{"@type":"ListItem","position":2,"name":"Veleprodaja","item":"https:\/\/medicpro.hr\/veleprodaja\/trgovina\/"},{"@type":"ListItem","position":3,"name":"POKRETNA KADA ZA KUPANJE- HIDRAULI\u010cNA"}]},{"@type":"WebSite","@id":"https:\/\/medicpro.hr\/veleprodaja\/#website","url":"https:\/\/medicpro.hr\/veleprodaja\/","name":"Medicpro.hr","description":"Medicinski potro\u0161ni materijal i oprema","publisher":{"@id":"https:\/\/medicpro.hr\/veleprodaja\/#organization"},"potentialAction":[{"@type":"SearchAction","target":{"@type":"EntryPoint","urlTemplate":"https:\/\/medicpro.hr\/veleprodaja\/?s={search_term_string}"},"query-input":{"@type":"PropertyValueSpecification","valueRequired":true,"valueName":"search_term_string"}}],"inLanguage":"hr"},{"@type":"Organization","@id":"https:\/\/medicpro.hr\/veleprodaja\/#organization","name":"Medicpro d.o.o.","url":"https:\/\/medicpro.hr\/veleprodaja\/","logo":{"@type":"ImageObject","inLanguage":"hr","@id":"https:\/\/medicpro.hr\/veleprodaja\/#\/schema\/logo\/image\/","url":"https:\/\/medicpro.hr\/veleprodaja\/wp-content\/uploads\/2025\/05\/medicpro_logo.svg","contentUrl":"https:\/\/medicpro.hr\/veleprodaja\/wp-content\/uploads\/2025\/05\/medicpro_logo.svg","width":226,"height":42,"caption":"Medicpro d.o.o."},"image":{"@id":"https:\/\/medicpro.hr\/veleprodaja\/#\/schema\/logo\/image\/"}}]}},"_links":{"self":[{"href":"https:\/\/medicpro.hr\/veleprodaja\/wp-json\/wp\/v2\/product\/60988","targetHints":{"allow":["GET"]}}],"collection":[{"href":"https:\/\/medicpro.hr\/veleprodaja\/wp-json\/wp\/v2\/product"}],"about":[{"href":"https:\/\/medicpro.hr\/veleprodaja\/wp-json\/wp\/v2\/types\/product"}],"replies":[{"embeddable":true,"href":"https:\/\/medicpro.hr\/veleprodaja\/wp-json\/wp\/v2\/comments?post=60988"}],"wp:featuredmedia":[{"embeddable":true,"href":"https:\/\/medicpro.hr\/veleprodaja\/wp-json\/wp\/v2\/media\/51858"}],"wp:attachment":[{"href":"https:\/\/medicpro.hr\/veleprodaja\/wp-json\/wp\/v2\/media?parent=60988"}],"wp:term":[{"taxonomy":"product_brand","embeddable":true,"href":"https:\/\/medicpro.hr\/veleprodaja\/wp-json\/wp\/v2\/product_brand?post=60988"},{"taxonomy":"product_cat","embeddable":true,"href":"https:\/\/medicpro.hr\/veleprodaja\/wp-json\/wp\/v2\/product_cat?post=60988"},{"taxonomy":"product_tag","embeddable":true,"href":"https:\/\/medicpro.hr\/veleprodaja\/wp-json\/wp\/v2\/product_tag?post=60988"}],"curies":[{"name":"wp","href":"https:\/\/api.w.org\/{rel}","templated":true}]}}