{"id":60751,"date":"2025-09-01T03:00:02","date_gmt":"2025-09-01T01:00:02","guid":{"rendered":"https:\/\/zdesmedicpro-velepro.kuhada.net\/?post_type=product&#038;p=60751"},"modified":"2025-09-12T11:02:44","modified_gmt":"2025-09-12T09:02:44","slug":"elektroda-pedijatrijske-pedi-padz-ii-za-zoll-aed","status":"publish","type":"product","link":"https:\/\/medicpro.hr\/veleprodaja\/proizvod\/elektroda-pedijatrijske-pedi-padz-ii-za-zoll-aed\/","title":{"rendered":"ELEKTRODA PEDIJATRIJSKE PEDI-PADZ II za Zoll AED +"},"content":{"rendered":"<section id=\"singleProductContent\">\n<div class=\"innerWrap\">\n<ul>\n<li>Pedijatrijske elektrode.<\/li>\n<li>ZOLL Stat-Padz II elektrode kompatibilne su s ZOLL AED Plus i ZOLL AED Pro.<\/li>\n<li>Paket sadr\u017ei dvije elektrode koje se postavljaju na prsni ko\u0161 tijekom sr\u010danog zastoja i procesa reanimacije.<\/li>\n<li>Mogu se isklju\u010diti iz ZOLL AED Plus i priklju\u010diti izravno u ZOLL M, E ili R defibrilator kada profesionalna hitna pomo\u0107 stigne na mjesto doga\u0111aja.<\/li>\n<\/ul>\n<\/div>\n<\/section>\n","protected":false},"excerpt":{"rendered":"<p>Pedijatrijske elektrode. ZOLL Stat-Padz II elektrode kompatibilne su s ZOLL AED Plus i ZOLL AED Pro. Paket sadr\u017ei dvije elektrode<\/p>\n","protected":false},"featured_media":0,"comment_status":"open","ping_status":"closed","template":"","meta":[],"product_brand":[],"product_cat":[708,709],"product_tag":[],"class_list":{"0":"post-60751","1":"product","2":"type-product","3":"status-publish","5":"product_cat-prva-pomoc-i-reanimacija","6":"product_cat-defibrilatori","8":"first","9":"onbackorder","10":"taxable","11":"shipping-taxable","12":"purchasable","13":"product-type-simple"},"acf":[],"yoast_head":"<!-- This site is optimized with the Yoast SEO plugin v27.3 - https:\/\/yoast.com\/product\/yoast-seo-wordpress\/ -->\n<title>ELEKTRODA PEDIJATRIJSKE PEDI-PADZ II za Zoll AED + - Medicpro<\/title>\n<meta name=\"robots\" content=\"index, follow, max-snippet:-1, max-image-preview:large, max-video-preview:-1\" \/>\n<link rel=\"canonical\" href=\"https:\/\/medicpro.hr\/veleprodaja\/proizvod\/elektroda-pedijatrijske-pedi-padz-ii-za-zoll-aed\/\" \/>\n<meta property=\"og:locale\" content=\"hr_HR\" \/>\n<meta property=\"og:type\" content=\"article\" \/>\n<meta property=\"og:title\" content=\"ELEKTRODA PEDIJATRIJSKE PEDI-PADZ II za Zoll AED + - Medicpro\" \/>\n<meta property=\"og:description\" content=\"Pedijatrijske elektrode. ZOLL Stat-Padz II elektrode kompatibilne su s ZOLL AED Plus i ZOLL AED Pro. Paket sadr\u017ei dvije elektrode\" \/>\n<meta property=\"og:url\" content=\"https:\/\/medicpro.hr\/veleprodaja\/proizvod\/elektroda-pedijatrijske-pedi-padz-ii-za-zoll-aed\/\" \/>\n<meta property=\"og:site_name\" content=\"Medicpro\" \/>\n<meta property=\"article:modified_time\" content=\"2025-09-12T09:02:44+00:00\" \/>\n<meta name=\"twitter:card\" content=\"summary_large_image\" \/>\n<script type=\"application\/ld+json\" class=\"yoast-schema-graph\">{\"@context\":\"https:\\\/\\\/schema.org\",\"@graph\":[{\"@type\":\"WebPage\",\"@id\":\"https:\\\/\\\/medicpro.hr\\\/veleprodaja\\\/proizvod\\\/elektroda-pedijatrijske-pedi-padz-ii-za-zoll-aed\\\/\",\"url\":\"https:\\\/\\\/medicpro.hr\\\/veleprodaja\\\/proizvod\\\/elektroda-pedijatrijske-pedi-padz-ii-za-zoll-aed\\\/\",\"name\":\"ELEKTRODA PEDIJATRIJSKE PEDI-PADZ II za Zoll AED + - Medicpro\",\"isPartOf\":{\"@id\":\"https:\\\/\\\/medicpro.hr\\\/veleprodaja\\\/#website\"},\"datePublished\":\"2025-09-01T01:00:02+00:00\",\"dateModified\":\"2025-09-12T09:02:44+00:00\",\"breadcrumb\":{\"@id\":\"https:\\\/\\\/medicpro.hr\\\/veleprodaja\\\/proizvod\\\/elektroda-pedijatrijske-pedi-padz-ii-za-zoll-aed\\\/#breadcrumb\"},\"inLanguage\":\"hr\",\"potentialAction\":[{\"@type\":\"ReadAction\",\"target\":[\"https:\\\/\\\/medicpro.hr\\\/veleprodaja\\\/proizvod\\\/elektroda-pedijatrijske-pedi-padz-ii-za-zoll-aed\\\/\"]}]},{\"@type\":\"BreadcrumbList\",\"@id\":\"https:\\\/\\\/medicpro.hr\\\/veleprodaja\\\/proizvod\\\/elektroda-pedijatrijske-pedi-padz-ii-za-zoll-aed\\\/#breadcrumb\",\"itemListElement\":[{\"@type\":\"ListItem\",\"position\":1,\"name\":\"Po\u010detna stranica\",\"item\":\"https:\\\/\\\/medicpro.hr\\\/veleprodaja\\\/\"},{\"@type\":\"ListItem\",\"position\":2,\"name\":\"Veleprodaja\",\"item\":\"https:\\\/\\\/medicpro.hr\\\/veleprodaja\\\/trgovina\\\/\"},{\"@type\":\"ListItem\",\"position\":3,\"name\":\"ELEKTRODA PEDIJATRIJSKE PEDI-PADZ II za Zoll AED +\"}]},{\"@type\":\"WebSite\",\"@id\":\"https:\\\/\\\/medicpro.hr\\\/veleprodaja\\\/#website\",\"url\":\"https:\\\/\\\/medicpro.hr\\\/veleprodaja\\\/\",\"name\":\"Medicpro.hr\",\"description\":\"Medicinski potro\u0161ni materijal i oprema\",\"publisher\":{\"@id\":\"https:\\\/\\\/medicpro.hr\\\/veleprodaja\\\/#organization\"},\"potentialAction\":[{\"@type\":\"SearchAction\",\"target\":{\"@type\":\"EntryPoint\",\"urlTemplate\":\"https:\\\/\\\/medicpro.hr\\\/veleprodaja\\\/?s={search_term_string}\"},\"query-input\":{\"@type\":\"PropertyValueSpecification\",\"valueRequired\":true,\"valueName\":\"search_term_string\"}}],\"inLanguage\":\"hr\"},{\"@type\":\"Organization\",\"@id\":\"https:\\\/\\\/medicpro.hr\\\/veleprodaja\\\/#organization\",\"name\":\"Medicpro d.o.o.\",\"url\":\"https:\\\/\\\/medicpro.hr\\\/veleprodaja\\\/\",\"logo\":{\"@type\":\"ImageObject\",\"inLanguage\":\"hr\",\"@id\":\"https:\\\/\\\/medicpro.hr\\\/veleprodaja\\\/#\\\/schema\\\/logo\\\/image\\\/\",\"url\":\"https:\\\/\\\/medicpro.hr\\\/veleprodaja\\\/wp-content\\\/uploads\\\/2025\\\/05\\\/medicpro_logo.svg\",\"contentUrl\":\"https:\\\/\\\/medicpro.hr\\\/veleprodaja\\\/wp-content\\\/uploads\\\/2025\\\/05\\\/medicpro_logo.svg\",\"width\":226,\"height\":42,\"caption\":\"Medicpro d.o.o.\"},\"image\":{\"@id\":\"https:\\\/\\\/medicpro.hr\\\/veleprodaja\\\/#\\\/schema\\\/logo\\\/image\\\/\"}}]}<\/script>\n<!-- \/ Yoast SEO plugin. -->","yoast_head_json":{"title":"ELEKTRODA PEDIJATRIJSKE PEDI-PADZ II za Zoll AED + - Medicpro","robots":{"index":"index","follow":"follow","max-snippet":"max-snippet:-1","max-image-preview":"max-image-preview:large","max-video-preview":"max-video-preview:-1"},"canonical":"https:\/\/medicpro.hr\/veleprodaja\/proizvod\/elektroda-pedijatrijske-pedi-padz-ii-za-zoll-aed\/","og_locale":"hr_HR","og_type":"article","og_title":"ELEKTRODA PEDIJATRIJSKE PEDI-PADZ II za Zoll AED + - Medicpro","og_description":"Pedijatrijske elektrode. ZOLL Stat-Padz II elektrode kompatibilne su s ZOLL AED Plus i ZOLL AED Pro. Paket sadr\u017ei dvije elektrode","og_url":"https:\/\/medicpro.hr\/veleprodaja\/proizvod\/elektroda-pedijatrijske-pedi-padz-ii-za-zoll-aed\/","og_site_name":"Medicpro","article_modified_time":"2025-09-12T09:02:44+00:00","twitter_card":"summary_large_image","schema":{"@context":"https:\/\/schema.org","@graph":[{"@type":"WebPage","@id":"https:\/\/medicpro.hr\/veleprodaja\/proizvod\/elektroda-pedijatrijske-pedi-padz-ii-za-zoll-aed\/","url":"https:\/\/medicpro.hr\/veleprodaja\/proizvod\/elektroda-pedijatrijske-pedi-padz-ii-za-zoll-aed\/","name":"ELEKTRODA PEDIJATRIJSKE PEDI-PADZ II za Zoll AED + - Medicpro","isPartOf":{"@id":"https:\/\/medicpro.hr\/veleprodaja\/#website"},"datePublished":"2025-09-01T01:00:02+00:00","dateModified":"2025-09-12T09:02:44+00:00","breadcrumb":{"@id":"https:\/\/medicpro.hr\/veleprodaja\/proizvod\/elektroda-pedijatrijske-pedi-padz-ii-za-zoll-aed\/#breadcrumb"},"inLanguage":"hr","potentialAction":[{"@type":"ReadAction","target":["https:\/\/medicpro.hr\/veleprodaja\/proizvod\/elektroda-pedijatrijske-pedi-padz-ii-za-zoll-aed\/"]}]},{"@type":"BreadcrumbList","@id":"https:\/\/medicpro.hr\/veleprodaja\/proizvod\/elektroda-pedijatrijske-pedi-padz-ii-za-zoll-aed\/#breadcrumb","itemListElement":[{"@type":"ListItem","position":1,"name":"Po\u010detna stranica","item":"https:\/\/medicpro.hr\/veleprodaja\/"},{"@type":"ListItem","position":2,"name":"Veleprodaja","item":"https:\/\/medicpro.hr\/veleprodaja\/trgovina\/"},{"@type":"ListItem","position":3,"name":"ELEKTRODA PEDIJATRIJSKE PEDI-PADZ II za Zoll AED +"}]},{"@type":"WebSite","@id":"https:\/\/medicpro.hr\/veleprodaja\/#website","url":"https:\/\/medicpro.hr\/veleprodaja\/","name":"Medicpro.hr","description":"Medicinski potro\u0161ni materijal i oprema","publisher":{"@id":"https:\/\/medicpro.hr\/veleprodaja\/#organization"},"potentialAction":[{"@type":"SearchAction","target":{"@type":"EntryPoint","urlTemplate":"https:\/\/medicpro.hr\/veleprodaja\/?s={search_term_string}"},"query-input":{"@type":"PropertyValueSpecification","valueRequired":true,"valueName":"search_term_string"}}],"inLanguage":"hr"},{"@type":"Organization","@id":"https:\/\/medicpro.hr\/veleprodaja\/#organization","name":"Medicpro d.o.o.","url":"https:\/\/medicpro.hr\/veleprodaja\/","logo":{"@type":"ImageObject","inLanguage":"hr","@id":"https:\/\/medicpro.hr\/veleprodaja\/#\/schema\/logo\/image\/","url":"https:\/\/medicpro.hr\/veleprodaja\/wp-content\/uploads\/2025\/05\/medicpro_logo.svg","contentUrl":"https:\/\/medicpro.hr\/veleprodaja\/wp-content\/uploads\/2025\/05\/medicpro_logo.svg","width":226,"height":42,"caption":"Medicpro d.o.o."},"image":{"@id":"https:\/\/medicpro.hr\/veleprodaja\/#\/schema\/logo\/image\/"}}]}},"_links":{"self":[{"href":"https:\/\/medicpro.hr\/veleprodaja\/wp-json\/wp\/v2\/product\/60751","targetHints":{"allow":["GET"]}}],"collection":[{"href":"https:\/\/medicpro.hr\/veleprodaja\/wp-json\/wp\/v2\/product"}],"about":[{"href":"https:\/\/medicpro.hr\/veleprodaja\/wp-json\/wp\/v2\/types\/product"}],"replies":[{"embeddable":true,"href":"https:\/\/medicpro.hr\/veleprodaja\/wp-json\/wp\/v2\/comments?post=60751"}],"wp:attachment":[{"href":"https:\/\/medicpro.hr\/veleprodaja\/wp-json\/wp\/v2\/media?parent=60751"}],"wp:term":[{"taxonomy":"product_brand","embeddable":true,"href":"https:\/\/medicpro.hr\/veleprodaja\/wp-json\/wp\/v2\/product_brand?post=60751"},{"taxonomy":"product_cat","embeddable":true,"href":"https:\/\/medicpro.hr\/veleprodaja\/wp-json\/wp\/v2\/product_cat?post=60751"},{"taxonomy":"product_tag","embeddable":true,"href":"https:\/\/medicpro.hr\/veleprodaja\/wp-json\/wp\/v2\/product_tag?post=60751"}],"curies":[{"name":"wp","href":"https:\/\/api.w.org\/{rel}","templated":true}]}}