{"id":60673,"date":"2025-09-01T02:59:52","date_gmt":"2025-09-01T00:59:52","guid":{"rendered":"https:\/\/zdesmedicpro-velepro.kuhada.net\/?post_type=product&#038;p=60673"},"modified":"2025-09-12T11:02:36","modified_gmt":"2025-09-12T09:02:36","slug":"defibrilator-zoll-aed-plus-slikovni-hrv","status":"publish","type":"product","link":"https:\/\/medicpro.hr\/veleprodaja\/proizvod\/defibrilator-zoll-aed-plus-slikovni-hrv\/","title":{"rendered":"DEFIBRILATOR ZOLL AED PLUS, SLIKOVNI, HRV"},"content":{"rendered":"<ul>\n<li>Automatski bifazi\u010dni defibrilator ZOLL AED Plus s jedinstvenim sistemom pra\u0107enja reanimacije.<\/li>\n<li>Sve upute koje aparat daje korisniku (zvu\u010dne i tekstualne)<strong> prevedene su na hrvatski jezik.<\/strong><\/li>\n<li>Na sebi ima <strong>samo 2 tipke<\/strong> (za uklju\u010divanje aparata i defibrilaciju).<\/li>\n<li>Aparat se primjenjuje na na\u010din da se na pacijenta lijepi <a href=\"https:\/\/medicpro.hr\/veleprodaja\/proizvod\/elektroda-zoll-stat-padz-ii-za-def-aed-plus\/\" target=\"_blank\" rel=\"noopener\">set od dvije me\u0111usobno spojene elektrode<\/a> koje osiguravaju pravilno postavljanje na pacijenta. Nakon toga aparat analizira stanje<br \/>\npacijenta i po potrebi sugerira defibrilaciju. Ukoliko je potrebno vr\u0161iti masa\u017eu srca, defibrilator monitorira frekvenciju i dubinu masa\u017ee te korigira spa\u0161avaoca ako je potrebno.<\/li>\n<li>Defibrilator pravovremeno upozorava da treba pozvati pomo\u0107, osloboditi di\u0161ni put itd.<\/li>\n<li>Preko infracrvenog komunikacijskog ulaza defibrilator se mo\u017ee programirati pomo\u0107u ra\u010dunala ili se mogu arhivirati u ra\u010dunalo podaci o reanimaciji.<\/li>\n<li>Softver CODE REVIEW dostupan za korisnike bez licenciranja na ZOLL web stranicama.<\/li>\n<li>Poklopac defibrilatora izveden je tako da slu\u017ei za osloba\u0111anje di\u0161nog puta podmetanjem pod glavu pacijenta.<\/li>\n<li>Uklju\u010dene <a href=\"https:\/\/medicpro.hr\/veleprodaja\/proizvod\/elektroda-zoll-stat-padz-ii-za-def-aed-plus\/\" target=\"_blank\" rel=\"noopener\">CPR-D padz defibrilacijske elektrode<\/a> za odrasle.<\/li>\n<li>Uz ure\u0111aj u paket uklju\u010dena za\u0161titna torba za transport defibrilatora.<\/li>\n<li>Za napajanje se koristi 10 standardnih Duracel baterija, tip 123 koje imaju vijek trajanja 3 godine.<\/li>\n<li>Proizvo\u0111a\u010d: ZOLL Medical, SAD<\/li>\n<\/ul>\n<p>&nbsp;<\/p>\n<p>&nbsp;<\/p>\n","protected":false},"excerpt":{"rendered":"<p>Automatski bifazi\u010dni defibrilator ZOLL AED Plus s jedinstvenim sistemom pra\u0107enja reanimacije. Sve upute koje aparat daje korisniku (zvu\u010dne i tekstualne)<\/p>\n","protected":false},"featured_media":0,"comment_status":"open","ping_status":"closed","template":"","meta":[],"product_brand":[],"product_cat":[708,709],"product_tag":[],"class_list":{"0":"post-60673","1":"product","2":"type-product","3":"status-publish","5":"product_cat-prva-pomoc-i-reanimacija","6":"product_cat-defibrilatori","8":"first","9":"onbackorder","10":"taxable","11":"shipping-taxable","12":"purchasable","13":"product-type-simple"},"acf":[],"yoast_head":"<!-- This site is optimized with the Yoast SEO plugin v27.3 - https:\/\/yoast.com\/product\/yoast-seo-wordpress\/ -->\n<title>DEFIBRILATOR ZOLL AED PLUS, SLIKOVNI, HRV - Medicpro<\/title>\n<meta name=\"robots\" content=\"index, follow, max-snippet:-1, max-image-preview:large, max-video-preview:-1\" \/>\n<link rel=\"canonical\" href=\"https:\/\/medicpro.hr\/veleprodaja\/proizvod\/defibrilator-zoll-aed-plus-slikovni-hrv\/\" \/>\n<meta property=\"og:locale\" content=\"hr_HR\" \/>\n<meta property=\"og:type\" content=\"article\" \/>\n<meta property=\"og:title\" content=\"DEFIBRILATOR ZOLL AED PLUS, SLIKOVNI, HRV - Medicpro\" \/>\n<meta property=\"og:description\" content=\"Automatski bifazi\u010dni defibrilator ZOLL AED Plus s jedinstvenim sistemom pra\u0107enja reanimacije. Sve upute koje aparat daje korisniku (zvu\u010dne i tekstualne)\" \/>\n<meta property=\"og:url\" content=\"https:\/\/medicpro.hr\/veleprodaja\/proizvod\/defibrilator-zoll-aed-plus-slikovni-hrv\/\" \/>\n<meta property=\"og:site_name\" content=\"Medicpro\" \/>\n<meta property=\"article:modified_time\" content=\"2025-09-12T09:02:36+00:00\" \/>\n<meta name=\"twitter:card\" content=\"summary_large_image\" \/>\n<meta name=\"twitter:label1\" content=\"Procijenjeno vrijeme \u010ditanja\" \/>\n\t<meta name=\"twitter:data1\" content=\"1 minuta\" \/>\n<script type=\"application\/ld+json\" class=\"yoast-schema-graph\">{\"@context\":\"https:\\\/\\\/schema.org\",\"@graph\":[{\"@type\":\"WebPage\",\"@id\":\"https:\\\/\\\/medicpro.hr\\\/veleprodaja\\\/proizvod\\\/defibrilator-zoll-aed-plus-slikovni-hrv\\\/\",\"url\":\"https:\\\/\\\/medicpro.hr\\\/veleprodaja\\\/proizvod\\\/defibrilator-zoll-aed-plus-slikovni-hrv\\\/\",\"name\":\"DEFIBRILATOR ZOLL AED PLUS, SLIKOVNI, HRV - Medicpro\",\"isPartOf\":{\"@id\":\"https:\\\/\\\/medicpro.hr\\\/veleprodaja\\\/#website\"},\"datePublished\":\"2025-09-01T00:59:52+00:00\",\"dateModified\":\"2025-09-12T09:02:36+00:00\",\"breadcrumb\":{\"@id\":\"https:\\\/\\\/medicpro.hr\\\/veleprodaja\\\/proizvod\\\/defibrilator-zoll-aed-plus-slikovni-hrv\\\/#breadcrumb\"},\"inLanguage\":\"hr\",\"potentialAction\":[{\"@type\":\"ReadAction\",\"target\":[\"https:\\\/\\\/medicpro.hr\\\/veleprodaja\\\/proizvod\\\/defibrilator-zoll-aed-plus-slikovni-hrv\\\/\"]}]},{\"@type\":\"BreadcrumbList\",\"@id\":\"https:\\\/\\\/medicpro.hr\\\/veleprodaja\\\/proizvod\\\/defibrilator-zoll-aed-plus-slikovni-hrv\\\/#breadcrumb\",\"itemListElement\":[{\"@type\":\"ListItem\",\"position\":1,\"name\":\"Po\u010detna stranica\",\"item\":\"https:\\\/\\\/medicpro.hr\\\/veleprodaja\\\/\"},{\"@type\":\"ListItem\",\"position\":2,\"name\":\"Veleprodaja\",\"item\":\"https:\\\/\\\/medicpro.hr\\\/veleprodaja\\\/trgovina\\\/\"},{\"@type\":\"ListItem\",\"position\":3,\"name\":\"DEFIBRILATOR ZOLL AED PLUS, SLIKOVNI, HRV\"}]},{\"@type\":\"WebSite\",\"@id\":\"https:\\\/\\\/medicpro.hr\\\/veleprodaja\\\/#website\",\"url\":\"https:\\\/\\\/medicpro.hr\\\/veleprodaja\\\/\",\"name\":\"Medicpro.hr\",\"description\":\"Medicinski potro\u0161ni materijal i oprema\",\"publisher\":{\"@id\":\"https:\\\/\\\/medicpro.hr\\\/veleprodaja\\\/#organization\"},\"potentialAction\":[{\"@type\":\"SearchAction\",\"target\":{\"@type\":\"EntryPoint\",\"urlTemplate\":\"https:\\\/\\\/medicpro.hr\\\/veleprodaja\\\/?s={search_term_string}\"},\"query-input\":{\"@type\":\"PropertyValueSpecification\",\"valueRequired\":true,\"valueName\":\"search_term_string\"}}],\"inLanguage\":\"hr\"},{\"@type\":\"Organization\",\"@id\":\"https:\\\/\\\/medicpro.hr\\\/veleprodaja\\\/#organization\",\"name\":\"Medicpro d.o.o.\",\"url\":\"https:\\\/\\\/medicpro.hr\\\/veleprodaja\\\/\",\"logo\":{\"@type\":\"ImageObject\",\"inLanguage\":\"hr\",\"@id\":\"https:\\\/\\\/medicpro.hr\\\/veleprodaja\\\/#\\\/schema\\\/logo\\\/image\\\/\",\"url\":\"https:\\\/\\\/medicpro.hr\\\/veleprodaja\\\/wp-content\\\/uploads\\\/2025\\\/05\\\/medicpro_logo.svg\",\"contentUrl\":\"https:\\\/\\\/medicpro.hr\\\/veleprodaja\\\/wp-content\\\/uploads\\\/2025\\\/05\\\/medicpro_logo.svg\",\"width\":226,\"height\":42,\"caption\":\"Medicpro d.o.o.\"},\"image\":{\"@id\":\"https:\\\/\\\/medicpro.hr\\\/veleprodaja\\\/#\\\/schema\\\/logo\\\/image\\\/\"}}]}<\/script>\n<!-- \/ Yoast SEO plugin. -->","yoast_head_json":{"title":"DEFIBRILATOR ZOLL AED PLUS, SLIKOVNI, HRV - Medicpro","robots":{"index":"index","follow":"follow","max-snippet":"max-snippet:-1","max-image-preview":"max-image-preview:large","max-video-preview":"max-video-preview:-1"},"canonical":"https:\/\/medicpro.hr\/veleprodaja\/proizvod\/defibrilator-zoll-aed-plus-slikovni-hrv\/","og_locale":"hr_HR","og_type":"article","og_title":"DEFIBRILATOR ZOLL AED PLUS, SLIKOVNI, HRV - Medicpro","og_description":"Automatski bifazi\u010dni defibrilator ZOLL AED Plus s jedinstvenim sistemom pra\u0107enja reanimacije. Sve upute koje aparat daje korisniku (zvu\u010dne i tekstualne)","og_url":"https:\/\/medicpro.hr\/veleprodaja\/proizvod\/defibrilator-zoll-aed-plus-slikovni-hrv\/","og_site_name":"Medicpro","article_modified_time":"2025-09-12T09:02:36+00:00","twitter_card":"summary_large_image","twitter_misc":{"Procijenjeno vrijeme \u010ditanja":"1 minuta"},"schema":{"@context":"https:\/\/schema.org","@graph":[{"@type":"WebPage","@id":"https:\/\/medicpro.hr\/veleprodaja\/proizvod\/defibrilator-zoll-aed-plus-slikovni-hrv\/","url":"https:\/\/medicpro.hr\/veleprodaja\/proizvod\/defibrilator-zoll-aed-plus-slikovni-hrv\/","name":"DEFIBRILATOR ZOLL AED PLUS, SLIKOVNI, HRV - Medicpro","isPartOf":{"@id":"https:\/\/medicpro.hr\/veleprodaja\/#website"},"datePublished":"2025-09-01T00:59:52+00:00","dateModified":"2025-09-12T09:02:36+00:00","breadcrumb":{"@id":"https:\/\/medicpro.hr\/veleprodaja\/proizvod\/defibrilator-zoll-aed-plus-slikovni-hrv\/#breadcrumb"},"inLanguage":"hr","potentialAction":[{"@type":"ReadAction","target":["https:\/\/medicpro.hr\/veleprodaja\/proizvod\/defibrilator-zoll-aed-plus-slikovni-hrv\/"]}]},{"@type":"BreadcrumbList","@id":"https:\/\/medicpro.hr\/veleprodaja\/proizvod\/defibrilator-zoll-aed-plus-slikovni-hrv\/#breadcrumb","itemListElement":[{"@type":"ListItem","position":1,"name":"Po\u010detna stranica","item":"https:\/\/medicpro.hr\/veleprodaja\/"},{"@type":"ListItem","position":2,"name":"Veleprodaja","item":"https:\/\/medicpro.hr\/veleprodaja\/trgovina\/"},{"@type":"ListItem","position":3,"name":"DEFIBRILATOR ZOLL AED PLUS, SLIKOVNI, HRV"}]},{"@type":"WebSite","@id":"https:\/\/medicpro.hr\/veleprodaja\/#website","url":"https:\/\/medicpro.hr\/veleprodaja\/","name":"Medicpro.hr","description":"Medicinski potro\u0161ni materijal i oprema","publisher":{"@id":"https:\/\/medicpro.hr\/veleprodaja\/#organization"},"potentialAction":[{"@type":"SearchAction","target":{"@type":"EntryPoint","urlTemplate":"https:\/\/medicpro.hr\/veleprodaja\/?s={search_term_string}"},"query-input":{"@type":"PropertyValueSpecification","valueRequired":true,"valueName":"search_term_string"}}],"inLanguage":"hr"},{"@type":"Organization","@id":"https:\/\/medicpro.hr\/veleprodaja\/#organization","name":"Medicpro d.o.o.","url":"https:\/\/medicpro.hr\/veleprodaja\/","logo":{"@type":"ImageObject","inLanguage":"hr","@id":"https:\/\/medicpro.hr\/veleprodaja\/#\/schema\/logo\/image\/","url":"https:\/\/medicpro.hr\/veleprodaja\/wp-content\/uploads\/2025\/05\/medicpro_logo.svg","contentUrl":"https:\/\/medicpro.hr\/veleprodaja\/wp-content\/uploads\/2025\/05\/medicpro_logo.svg","width":226,"height":42,"caption":"Medicpro d.o.o."},"image":{"@id":"https:\/\/medicpro.hr\/veleprodaja\/#\/schema\/logo\/image\/"}}]}},"_links":{"self":[{"href":"https:\/\/medicpro.hr\/veleprodaja\/wp-json\/wp\/v2\/product\/60673","targetHints":{"allow":["GET"]}}],"collection":[{"href":"https:\/\/medicpro.hr\/veleprodaja\/wp-json\/wp\/v2\/product"}],"about":[{"href":"https:\/\/medicpro.hr\/veleprodaja\/wp-json\/wp\/v2\/types\/product"}],"replies":[{"embeddable":true,"href":"https:\/\/medicpro.hr\/veleprodaja\/wp-json\/wp\/v2\/comments?post=60673"}],"wp:attachment":[{"href":"https:\/\/medicpro.hr\/veleprodaja\/wp-json\/wp\/v2\/media?parent=60673"}],"wp:term":[{"taxonomy":"product_brand","embeddable":true,"href":"https:\/\/medicpro.hr\/veleprodaja\/wp-json\/wp\/v2\/product_brand?post=60673"},{"taxonomy":"product_cat","embeddable":true,"href":"https:\/\/medicpro.hr\/veleprodaja\/wp-json\/wp\/v2\/product_cat?post=60673"},{"taxonomy":"product_tag","embeddable":true,"href":"https:\/\/medicpro.hr\/veleprodaja\/wp-json\/wp\/v2\/product_tag?post=60673"}],"curies":[{"name":"wp","href":"https:\/\/api.w.org\/{rel}","templated":true}]}}