{"id":60506,"date":"2025-09-01T02:59:33","date_gmt":"2025-09-01T00:59:33","guid":{"rendered":"https:\/\/zdesmedicpro-velepro.kuhada.net\/?post_type=product&#038;p=60506"},"modified":"2025-09-23T12:15:13","modified_gmt":"2025-09-23T10:15:13","slug":"model-goveda-15-dijelova-1-3-prirodne-velicine","status":"publish","type":"product","link":"https:\/\/medicpro.hr\/veleprodaja\/proizvod\/model-goveda-15-dijelova-1-3-prirodne-velicine\/","title":{"rendered":"MODEL GOVEDA, 15 DIJELOVA, 1\/3 PRIRODNE VELI\u010cINE"},"content":{"rendered":"<ul>\n<li><strong>Model goveda na stalku u 1\/3 prirodne veli\u010dine.<\/strong><\/li>\n<li><strong>Jedna strana modela prikazuje vanjsku anatomiju goveda, dok druga prikazuje mi\u0161i\u0107ni sustav.<\/strong><\/li>\n<li>Model je podijeljen na 2 dijela u sagitalnoj ravnini \u0161to omogu\u0107uje prikaz unutarnje anatomije gastrointestinalnog, reproduktivnog i izlu\u010dnog sustava.<\/li>\n<li><strong>Model se mo\u017ee rastaviti na 15 dijelova:<\/strong>\n<ul>\n<li>\u00a0jedan ud<\/li>\n<li>srce (2 komada)<\/li>\n<li>plu\u0107a<\/li>\n<li>tanko i debelo crijevo<\/li>\n<li>\u017eeludac (3 komada)<\/li>\n<li>bubreg<\/li>\n<li>maternica s jajnikom (2 komada)<\/li>\n<li>jetra<\/li>\n<li>rep (pola s mi\u0161i\u0107nim sustavom, pola s vanjskom anatomijom)<\/li>\n<\/ul>\n<\/li>\n<li><strong>Kada se uklone unutarnji organi, model pokazuje muskulaturu prsnog ko\u0161a i trbuha.<\/strong><\/li>\n<li>Veli\u010dina modela: 93 x 28 x 49 cm.<\/li>\n<li>Te\u017eina: cca 12 kg<\/li>\n<\/ul>\n","protected":false},"excerpt":{"rendered":"<p>Model goveda na stalku u 1\/3 prirodne veli\u010dine. Jedna strana modela prikazuje vanjsku anatomiju goveda, dok druga prikazuje mi\u0161i\u0107ni sustav.<\/p>\n","protected":false},"featured_media":51242,"comment_status":"open","ping_status":"closed","template":"","meta":[],"product_brand":[],"product_cat":[776,960],"product_tag":[],"class_list":{"0":"post-60506","1":"product","2":"type-product","3":"status-publish","4":"has-post-thumbnail","6":"product_cat-anatomski-modeli-i-simulatori","7":"product_cat-veterina","9":"first","10":"onbackorder","11":"taxable","12":"shipping-taxable","13":"purchasable","14":"product-type-simple"},"acf":[],"yoast_head":"<!-- This site is optimized with the Yoast SEO plugin v27.3 - https:\/\/yoast.com\/product\/yoast-seo-wordpress\/ -->\n<title>MODEL GOVEDA, 15 DIJELOVA, 1\/3 PRIRODNE VELI\u010cINE - Medicpro<\/title>\n<meta name=\"robots\" content=\"index, follow, max-snippet:-1, max-image-preview:large, max-video-preview:-1\" \/>\n<link rel=\"canonical\" href=\"https:\/\/medicpro.hr\/veleprodaja\/proizvod\/model-goveda-15-dijelova-1-3-prirodne-velicine\/\" \/>\n<meta property=\"og:locale\" content=\"hr_HR\" \/>\n<meta property=\"og:type\" content=\"article\" \/>\n<meta property=\"og:title\" content=\"MODEL GOVEDA, 15 DIJELOVA, 1\/3 PRIRODNE VELI\u010cINE - Medicpro\" \/>\n<meta property=\"og:description\" content=\"Model goveda na stalku u 1\/3 prirodne veli\u010dine. Jedna strana modela prikazuje vanjsku anatomiju goveda, dok druga prikazuje mi\u0161i\u0107ni sustav.\" \/>\n<meta property=\"og:url\" content=\"https:\/\/medicpro.hr\/veleprodaja\/proizvod\/model-goveda-15-dijelova-1-3-prirodne-velicine\/\" \/>\n<meta property=\"og:site_name\" content=\"Medicpro\" \/>\n<meta property=\"article:modified_time\" content=\"2025-09-23T10:15:13+00:00\" \/>\n<meta property=\"og:image\" content=\"https:\/\/medicpro.hr\/veleprodaja\/wp-content\/uploads\/2025\/06\/products-7456-1-1.jpg\" \/>\n\t<meta property=\"og:image:width\" content=\"398\" \/>\n\t<meta property=\"og:image:height\" content=\"336\" \/>\n\t<meta property=\"og:image:type\" content=\"image\/jpeg\" \/>\n<meta name=\"twitter:card\" content=\"summary_large_image\" \/>\n<meta name=\"twitter:label1\" content=\"Procijenjeno vrijeme \u010ditanja\" \/>\n\t<meta name=\"twitter:data1\" content=\"1 minuta\" \/>\n<script type=\"application\/ld+json\" class=\"yoast-schema-graph\">{\"@context\":\"https:\\\/\\\/schema.org\",\"@graph\":[{\"@type\":\"WebPage\",\"@id\":\"https:\\\/\\\/medicpro.hr\\\/veleprodaja\\\/proizvod\\\/model-goveda-15-dijelova-1-3-prirodne-velicine\\\/\",\"url\":\"https:\\\/\\\/medicpro.hr\\\/veleprodaja\\\/proizvod\\\/model-goveda-15-dijelova-1-3-prirodne-velicine\\\/\",\"name\":\"MODEL GOVEDA, 15 DIJELOVA, 1\\\/3 PRIRODNE VELI\u010cINE - Medicpro\",\"isPartOf\":{\"@id\":\"https:\\\/\\\/medicpro.hr\\\/veleprodaja\\\/#website\"},\"primaryImageOfPage\":{\"@id\":\"https:\\\/\\\/medicpro.hr\\\/veleprodaja\\\/proizvod\\\/model-goveda-15-dijelova-1-3-prirodne-velicine\\\/#primaryimage\"},\"image\":{\"@id\":\"https:\\\/\\\/medicpro.hr\\\/veleprodaja\\\/proizvod\\\/model-goveda-15-dijelova-1-3-prirodne-velicine\\\/#primaryimage\"},\"thumbnailUrl\":\"https:\\\/\\\/medicpro.hr\\\/veleprodaja\\\/wp-content\\\/uploads\\\/2025\\\/06\\\/products-7456-1-1.jpg\",\"datePublished\":\"2025-09-01T00:59:33+00:00\",\"dateModified\":\"2025-09-23T10:15:13+00:00\",\"breadcrumb\":{\"@id\":\"https:\\\/\\\/medicpro.hr\\\/veleprodaja\\\/proizvod\\\/model-goveda-15-dijelova-1-3-prirodne-velicine\\\/#breadcrumb\"},\"inLanguage\":\"hr\",\"potentialAction\":[{\"@type\":\"ReadAction\",\"target\":[\"https:\\\/\\\/medicpro.hr\\\/veleprodaja\\\/proizvod\\\/model-goveda-15-dijelova-1-3-prirodne-velicine\\\/\"]}]},{\"@type\":\"ImageObject\",\"inLanguage\":\"hr\",\"@id\":\"https:\\\/\\\/medicpro.hr\\\/veleprodaja\\\/proizvod\\\/model-goveda-15-dijelova-1-3-prirodne-velicine\\\/#primaryimage\",\"url\":\"https:\\\/\\\/medicpro.hr\\\/veleprodaja\\\/wp-content\\\/uploads\\\/2025\\\/06\\\/products-7456-1-1.jpg\",\"contentUrl\":\"https:\\\/\\\/medicpro.hr\\\/veleprodaja\\\/wp-content\\\/uploads\\\/2025\\\/06\\\/products-7456-1-1.jpg\",\"width\":398,\"height\":336},{\"@type\":\"BreadcrumbList\",\"@id\":\"https:\\\/\\\/medicpro.hr\\\/veleprodaja\\\/proizvod\\\/model-goveda-15-dijelova-1-3-prirodne-velicine\\\/#breadcrumb\",\"itemListElement\":[{\"@type\":\"ListItem\",\"position\":1,\"name\":\"Po\u010detna stranica\",\"item\":\"https:\\\/\\\/medicpro.hr\\\/veleprodaja\\\/\"},{\"@type\":\"ListItem\",\"position\":2,\"name\":\"Veleprodaja\",\"item\":\"https:\\\/\\\/medicpro.hr\\\/veleprodaja\\\/trgovina\\\/\"},{\"@type\":\"ListItem\",\"position\":3,\"name\":\"MODEL GOVEDA, 15 DIJELOVA, 1\\\/3 PRIRODNE VELI\u010cINE\"}]},{\"@type\":\"WebSite\",\"@id\":\"https:\\\/\\\/medicpro.hr\\\/veleprodaja\\\/#website\",\"url\":\"https:\\\/\\\/medicpro.hr\\\/veleprodaja\\\/\",\"name\":\"Medicpro.hr\",\"description\":\"Medicinski potro\u0161ni materijal i oprema\",\"publisher\":{\"@id\":\"https:\\\/\\\/medicpro.hr\\\/veleprodaja\\\/#organization\"},\"potentialAction\":[{\"@type\":\"SearchAction\",\"target\":{\"@type\":\"EntryPoint\",\"urlTemplate\":\"https:\\\/\\\/medicpro.hr\\\/veleprodaja\\\/?s={search_term_string}\"},\"query-input\":{\"@type\":\"PropertyValueSpecification\",\"valueRequired\":true,\"valueName\":\"search_term_string\"}}],\"inLanguage\":\"hr\"},{\"@type\":\"Organization\",\"@id\":\"https:\\\/\\\/medicpro.hr\\\/veleprodaja\\\/#organization\",\"name\":\"Medicpro d.o.o.\",\"url\":\"https:\\\/\\\/medicpro.hr\\\/veleprodaja\\\/\",\"logo\":{\"@type\":\"ImageObject\",\"inLanguage\":\"hr\",\"@id\":\"https:\\\/\\\/medicpro.hr\\\/veleprodaja\\\/#\\\/schema\\\/logo\\\/image\\\/\",\"url\":\"https:\\\/\\\/medicpro.hr\\\/veleprodaja\\\/wp-content\\\/uploads\\\/2025\\\/05\\\/medicpro_logo.svg\",\"contentUrl\":\"https:\\\/\\\/medicpro.hr\\\/veleprodaja\\\/wp-content\\\/uploads\\\/2025\\\/05\\\/medicpro_logo.svg\",\"width\":226,\"height\":42,\"caption\":\"Medicpro d.o.o.\"},\"image\":{\"@id\":\"https:\\\/\\\/medicpro.hr\\\/veleprodaja\\\/#\\\/schema\\\/logo\\\/image\\\/\"}}]}<\/script>\n<!-- \/ Yoast SEO plugin. -->","yoast_head_json":{"title":"MODEL GOVEDA, 15 DIJELOVA, 1\/3 PRIRODNE VELI\u010cINE - Medicpro","robots":{"index":"index","follow":"follow","max-snippet":"max-snippet:-1","max-image-preview":"max-image-preview:large","max-video-preview":"max-video-preview:-1"},"canonical":"https:\/\/medicpro.hr\/veleprodaja\/proizvod\/model-goveda-15-dijelova-1-3-prirodne-velicine\/","og_locale":"hr_HR","og_type":"article","og_title":"MODEL GOVEDA, 15 DIJELOVA, 1\/3 PRIRODNE VELI\u010cINE - Medicpro","og_description":"Model goveda na stalku u 1\/3 prirodne veli\u010dine. Jedna strana modela prikazuje vanjsku anatomiju goveda, dok druga prikazuje mi\u0161i\u0107ni sustav.","og_url":"https:\/\/medicpro.hr\/veleprodaja\/proizvod\/model-goveda-15-dijelova-1-3-prirodne-velicine\/","og_site_name":"Medicpro","article_modified_time":"2025-09-23T10:15:13+00:00","og_image":[{"width":398,"height":336,"url":"https:\/\/medicpro.hr\/veleprodaja\/wp-content\/uploads\/2025\/06\/products-7456-1-1.jpg","type":"image\/jpeg"}],"twitter_card":"summary_large_image","twitter_misc":{"Procijenjeno vrijeme \u010ditanja":"1 minuta"},"schema":{"@context":"https:\/\/schema.org","@graph":[{"@type":"WebPage","@id":"https:\/\/medicpro.hr\/veleprodaja\/proizvod\/model-goveda-15-dijelova-1-3-prirodne-velicine\/","url":"https:\/\/medicpro.hr\/veleprodaja\/proizvod\/model-goveda-15-dijelova-1-3-prirodne-velicine\/","name":"MODEL GOVEDA, 15 DIJELOVA, 1\/3 PRIRODNE VELI\u010cINE - Medicpro","isPartOf":{"@id":"https:\/\/medicpro.hr\/veleprodaja\/#website"},"primaryImageOfPage":{"@id":"https:\/\/medicpro.hr\/veleprodaja\/proizvod\/model-goveda-15-dijelova-1-3-prirodne-velicine\/#primaryimage"},"image":{"@id":"https:\/\/medicpro.hr\/veleprodaja\/proizvod\/model-goveda-15-dijelova-1-3-prirodne-velicine\/#primaryimage"},"thumbnailUrl":"https:\/\/medicpro.hr\/veleprodaja\/wp-content\/uploads\/2025\/06\/products-7456-1-1.jpg","datePublished":"2025-09-01T00:59:33+00:00","dateModified":"2025-09-23T10:15:13+00:00","breadcrumb":{"@id":"https:\/\/medicpro.hr\/veleprodaja\/proizvod\/model-goveda-15-dijelova-1-3-prirodne-velicine\/#breadcrumb"},"inLanguage":"hr","potentialAction":[{"@type":"ReadAction","target":["https:\/\/medicpro.hr\/veleprodaja\/proizvod\/model-goveda-15-dijelova-1-3-prirodne-velicine\/"]}]},{"@type":"ImageObject","inLanguage":"hr","@id":"https:\/\/medicpro.hr\/veleprodaja\/proizvod\/model-goveda-15-dijelova-1-3-prirodne-velicine\/#primaryimage","url":"https:\/\/medicpro.hr\/veleprodaja\/wp-content\/uploads\/2025\/06\/products-7456-1-1.jpg","contentUrl":"https:\/\/medicpro.hr\/veleprodaja\/wp-content\/uploads\/2025\/06\/products-7456-1-1.jpg","width":398,"height":336},{"@type":"BreadcrumbList","@id":"https:\/\/medicpro.hr\/veleprodaja\/proizvod\/model-goveda-15-dijelova-1-3-prirodne-velicine\/#breadcrumb","itemListElement":[{"@type":"ListItem","position":1,"name":"Po\u010detna stranica","item":"https:\/\/medicpro.hr\/veleprodaja\/"},{"@type":"ListItem","position":2,"name":"Veleprodaja","item":"https:\/\/medicpro.hr\/veleprodaja\/trgovina\/"},{"@type":"ListItem","position":3,"name":"MODEL GOVEDA, 15 DIJELOVA, 1\/3 PRIRODNE VELI\u010cINE"}]},{"@type":"WebSite","@id":"https:\/\/medicpro.hr\/veleprodaja\/#website","url":"https:\/\/medicpro.hr\/veleprodaja\/","name":"Medicpro.hr","description":"Medicinski potro\u0161ni materijal i oprema","publisher":{"@id":"https:\/\/medicpro.hr\/veleprodaja\/#organization"},"potentialAction":[{"@type":"SearchAction","target":{"@type":"EntryPoint","urlTemplate":"https:\/\/medicpro.hr\/veleprodaja\/?s={search_term_string}"},"query-input":{"@type":"PropertyValueSpecification","valueRequired":true,"valueName":"search_term_string"}}],"inLanguage":"hr"},{"@type":"Organization","@id":"https:\/\/medicpro.hr\/veleprodaja\/#organization","name":"Medicpro d.o.o.","url":"https:\/\/medicpro.hr\/veleprodaja\/","logo":{"@type":"ImageObject","inLanguage":"hr","@id":"https:\/\/medicpro.hr\/veleprodaja\/#\/schema\/logo\/image\/","url":"https:\/\/medicpro.hr\/veleprodaja\/wp-content\/uploads\/2025\/05\/medicpro_logo.svg","contentUrl":"https:\/\/medicpro.hr\/veleprodaja\/wp-content\/uploads\/2025\/05\/medicpro_logo.svg","width":226,"height":42,"caption":"Medicpro d.o.o."},"image":{"@id":"https:\/\/medicpro.hr\/veleprodaja\/#\/schema\/logo\/image\/"}}]}},"_links":{"self":[{"href":"https:\/\/medicpro.hr\/veleprodaja\/wp-json\/wp\/v2\/product\/60506","targetHints":{"allow":["GET"]}}],"collection":[{"href":"https:\/\/medicpro.hr\/veleprodaja\/wp-json\/wp\/v2\/product"}],"about":[{"href":"https:\/\/medicpro.hr\/veleprodaja\/wp-json\/wp\/v2\/types\/product"}],"replies":[{"embeddable":true,"href":"https:\/\/medicpro.hr\/veleprodaja\/wp-json\/wp\/v2\/comments?post=60506"}],"wp:featuredmedia":[{"embeddable":true,"href":"https:\/\/medicpro.hr\/veleprodaja\/wp-json\/wp\/v2\/media\/51242"}],"wp:attachment":[{"href":"https:\/\/medicpro.hr\/veleprodaja\/wp-json\/wp\/v2\/media?parent=60506"}],"wp:term":[{"taxonomy":"product_brand","embeddable":true,"href":"https:\/\/medicpro.hr\/veleprodaja\/wp-json\/wp\/v2\/product_brand?post=60506"},{"taxonomy":"product_cat","embeddable":true,"href":"https:\/\/medicpro.hr\/veleprodaja\/wp-json\/wp\/v2\/product_cat?post=60506"},{"taxonomy":"product_tag","embeddable":true,"href":"https:\/\/medicpro.hr\/veleprodaja\/wp-json\/wp\/v2\/product_tag?post=60506"}],"curies":[{"name":"wp","href":"https:\/\/api.w.org\/{rel}","templated":true}]}}