{"id":60451,"date":"2025-09-01T02:59:25","date_gmt":"2025-09-01T00:59:25","guid":{"rendered":"https:\/\/zdesmedicpro-velepro.kuhada.net\/?post_type=product&#038;p=60451"},"modified":"2026-03-05T08:34:47","modified_gmt":"2026-03-05T07:34:47","slug":"i-v-kanila-26g-06x19-ljubicasta","status":"publish","type":"product","link":"https:\/\/medicpro.hr\/veleprodaja\/proizvod\/i-v-kanila-26g-06x19-ljubicasta\/","title":{"rendered":"I.V. KANILA 26G 0,6&#215;19 LJUBI\u010cASTA"},"content":{"rendered":"<ul>\n<li>Intravenska IV kanila veli\u010dine 26G (Gauge) ljubi\u010daste boje.<\/li>\n<li>Kanila s integriranim FEP (teflon) kateterom s krilcima za lak\u0161e uvo\u0111enje igle u ko\u017eu, ventilom za u\u0161trcavanje teku\u0107ine i filter &#8220;snap&#8221; kapicom.<\/li>\n<li><strong>Du\u017eina igle iznosi 19 mm<\/strong> dok je <strong>unutarnji promjer igle<\/strong> kroz koji prolazi teku\u0107ina<strong> 0,6 mm.<\/strong><\/li>\n<li>Protok kanile: 17ml.\/min.<\/li>\n<li>Lako ih se raspoznaje jer su kodirane razli\u010ditim bojama po internacionalnim standardima za raspoznavanje medicinskih instrumenata.<\/li>\n<li>Svaka kanila je sterilna i posebno zapakirana.<\/li>\n<li>Za jednokratnu upotrebu.<\/li>\n<li>Cijena se odnosi na 1 komad kanile.<\/li>\n<\/ul>\n<p>Kanile se u medicini koriste kako bi se omogu\u0107io pristup ljudskom krvnom sustavu za potrebe laboratorijske analize krvi, primjenu infuzijskih otopina, lijekova te je od presudne va\u017enosti kod lije\u010denja i zbrinjavanja vitalno ugro\u017eenih pacijenata.<\/p>\n","protected":false},"excerpt":{"rendered":"<p>Intravenska IV kanila veli\u010dine 26G (Gauge) ljubi\u010daste boje. Kanila s integriranim FEP (teflon) kateterom s krilcima za lak\u0161e uvo\u0111enje igle<\/p>\n","protected":false},"featured_media":2060241,"comment_status":"open","ping_status":"closed","template":"","meta":[],"product_brand":[],"product_cat":[720,853],"product_tag":[],"class_list":{"0":"post-60451","1":"product","2":"type-product","3":"status-publish","4":"has-post-thumbnail","6":"product_cat-injekcijski-materijal","7":"product_cat-intravenske-i-v-kanile","9":"first","10":"instock","11":"taxable","12":"shipping-taxable","13":"purchasable","14":"product-type-simple"},"acf":[],"yoast_head":"<!-- This site is optimized with the Yoast SEO plugin v27.3 - https:\/\/yoast.com\/product\/yoast-seo-wordpress\/ -->\n<title>I.V. KANILA 26G 0,6x19 LJUBI\u010cASTA - Medicpro<\/title>\n<meta name=\"robots\" content=\"index, follow, max-snippet:-1, max-image-preview:large, max-video-preview:-1\" \/>\n<link rel=\"canonical\" href=\"https:\/\/medicpro.hr\/veleprodaja\/proizvod\/i-v-kanila-26g-06x19-ljubicasta\/\" \/>\n<meta property=\"og:locale\" content=\"hr_HR\" \/>\n<meta property=\"og:type\" content=\"article\" \/>\n<meta property=\"og:title\" content=\"I.V. KANILA 26G 0,6x19 LJUBI\u010cASTA - Medicpro\" \/>\n<meta property=\"og:description\" content=\"Intravenska IV kanila veli\u010dine 26G (Gauge) ljubi\u010daste boje. Kanila s integriranim FEP (teflon) kateterom s krilcima za lak\u0161e uvo\u0111enje igle\" \/>\n<meta property=\"og:url\" content=\"https:\/\/medicpro.hr\/veleprodaja\/proizvod\/i-v-kanila-26g-06x19-ljubicasta\/\" \/>\n<meta property=\"og:site_name\" content=\"Medicpro\" \/>\n<meta property=\"article:modified_time\" content=\"2026-03-05T07:34:47+00:00\" \/>\n<meta property=\"og:image\" content=\"https:\/\/medicpro.hr\/veleprodaja\/wp-content\/uploads\/2025\/09\/i-v-kanila-26-g-06-x-19-ljubicasta.png\" \/>\n\t<meta property=\"og:image:width\" content=\"1890\" \/>\n\t<meta property=\"og:image:height\" content=\"1890\" \/>\n\t<meta property=\"og:image:type\" content=\"image\/png\" \/>\n<meta name=\"twitter:card\" content=\"summary_large_image\" \/>\n<meta name=\"twitter:label1\" content=\"Procijenjeno vrijeme \u010ditanja\" \/>\n\t<meta name=\"twitter:data1\" content=\"1 minuta\" \/>\n<script type=\"application\/ld+json\" class=\"yoast-schema-graph\">{\"@context\":\"https:\\\/\\\/schema.org\",\"@graph\":[{\"@type\":\"WebPage\",\"@id\":\"https:\\\/\\\/medicpro.hr\\\/veleprodaja\\\/proizvod\\\/i-v-kanila-26g-06x19-ljubicasta\\\/\",\"url\":\"https:\\\/\\\/medicpro.hr\\\/veleprodaja\\\/proizvod\\\/i-v-kanila-26g-06x19-ljubicasta\\\/\",\"name\":\"I.V. KANILA 26G 0,6x19 LJUBI\u010cASTA - Medicpro\",\"isPartOf\":{\"@id\":\"https:\\\/\\\/medicpro.hr\\\/veleprodaja\\\/#website\"},\"primaryImageOfPage\":{\"@id\":\"https:\\\/\\\/medicpro.hr\\\/veleprodaja\\\/proizvod\\\/i-v-kanila-26g-06x19-ljubicasta\\\/#primaryimage\"},\"image\":{\"@id\":\"https:\\\/\\\/medicpro.hr\\\/veleprodaja\\\/proizvod\\\/i-v-kanila-26g-06x19-ljubicasta\\\/#primaryimage\"},\"thumbnailUrl\":\"https:\\\/\\\/medicpro.hr\\\/veleprodaja\\\/wp-content\\\/uploads\\\/2025\\\/09\\\/i-v-kanila-26-g-06-x-19-ljubicasta.png\",\"datePublished\":\"2025-09-01T00:59:25+00:00\",\"dateModified\":\"2026-03-05T07:34:47+00:00\",\"breadcrumb\":{\"@id\":\"https:\\\/\\\/medicpro.hr\\\/veleprodaja\\\/proizvod\\\/i-v-kanila-26g-06x19-ljubicasta\\\/#breadcrumb\"},\"inLanguage\":\"hr\",\"potentialAction\":[{\"@type\":\"ReadAction\",\"target\":[\"https:\\\/\\\/medicpro.hr\\\/veleprodaja\\\/proizvod\\\/i-v-kanila-26g-06x19-ljubicasta\\\/\"]}]},{\"@type\":\"ImageObject\",\"inLanguage\":\"hr\",\"@id\":\"https:\\\/\\\/medicpro.hr\\\/veleprodaja\\\/proizvod\\\/i-v-kanila-26g-06x19-ljubicasta\\\/#primaryimage\",\"url\":\"https:\\\/\\\/medicpro.hr\\\/veleprodaja\\\/wp-content\\\/uploads\\\/2025\\\/09\\\/i-v-kanila-26-g-06-x-19-ljubicasta.png\",\"contentUrl\":\"https:\\\/\\\/medicpro.hr\\\/veleprodaja\\\/wp-content\\\/uploads\\\/2025\\\/09\\\/i-v-kanila-26-g-06-x-19-ljubicasta.png\",\"width\":1890,\"height\":1890,\"caption\":\"IV kanila 26 G, dimenzije 0,6x19, ljubi\u010daste boje\"},{\"@type\":\"BreadcrumbList\",\"@id\":\"https:\\\/\\\/medicpro.hr\\\/veleprodaja\\\/proizvod\\\/i-v-kanila-26g-06x19-ljubicasta\\\/#breadcrumb\",\"itemListElement\":[{\"@type\":\"ListItem\",\"position\":1,\"name\":\"Po\u010detna stranica\",\"item\":\"https:\\\/\\\/medicpro.hr\\\/veleprodaja\\\/\"},{\"@type\":\"ListItem\",\"position\":2,\"name\":\"Veleprodaja\",\"item\":\"https:\\\/\\\/medicpro.hr\\\/veleprodaja\\\/trgovina\\\/\"},{\"@type\":\"ListItem\",\"position\":3,\"name\":\"I.V. KANILA 26G 0,6&#215;19 LJUBI\u010cASTA\"}]},{\"@type\":\"WebSite\",\"@id\":\"https:\\\/\\\/medicpro.hr\\\/veleprodaja\\\/#website\",\"url\":\"https:\\\/\\\/medicpro.hr\\\/veleprodaja\\\/\",\"name\":\"Medicpro.hr\",\"description\":\"Medicinski potro\u0161ni materijal i oprema\",\"publisher\":{\"@id\":\"https:\\\/\\\/medicpro.hr\\\/veleprodaja\\\/#organization\"},\"potentialAction\":[{\"@type\":\"SearchAction\",\"target\":{\"@type\":\"EntryPoint\",\"urlTemplate\":\"https:\\\/\\\/medicpro.hr\\\/veleprodaja\\\/?s={search_term_string}\"},\"query-input\":{\"@type\":\"PropertyValueSpecification\",\"valueRequired\":true,\"valueName\":\"search_term_string\"}}],\"inLanguage\":\"hr\"},{\"@type\":\"Organization\",\"@id\":\"https:\\\/\\\/medicpro.hr\\\/veleprodaja\\\/#organization\",\"name\":\"Medicpro d.o.o.\",\"url\":\"https:\\\/\\\/medicpro.hr\\\/veleprodaja\\\/\",\"logo\":{\"@type\":\"ImageObject\",\"inLanguage\":\"hr\",\"@id\":\"https:\\\/\\\/medicpro.hr\\\/veleprodaja\\\/#\\\/schema\\\/logo\\\/image\\\/\",\"url\":\"https:\\\/\\\/medicpro.hr\\\/veleprodaja\\\/wp-content\\\/uploads\\\/2025\\\/05\\\/medicpro_logo.svg\",\"contentUrl\":\"https:\\\/\\\/medicpro.hr\\\/veleprodaja\\\/wp-content\\\/uploads\\\/2025\\\/05\\\/medicpro_logo.svg\",\"width\":226,\"height\":42,\"caption\":\"Medicpro d.o.o.\"},\"image\":{\"@id\":\"https:\\\/\\\/medicpro.hr\\\/veleprodaja\\\/#\\\/schema\\\/logo\\\/image\\\/\"}}]}<\/script>\n<!-- \/ Yoast SEO plugin. -->","yoast_head_json":{"title":"I.V. KANILA 26G 0,6x19 LJUBI\u010cASTA - Medicpro","robots":{"index":"index","follow":"follow","max-snippet":"max-snippet:-1","max-image-preview":"max-image-preview:large","max-video-preview":"max-video-preview:-1"},"canonical":"https:\/\/medicpro.hr\/veleprodaja\/proizvod\/i-v-kanila-26g-06x19-ljubicasta\/","og_locale":"hr_HR","og_type":"article","og_title":"I.V. KANILA 26G 0,6x19 LJUBI\u010cASTA - Medicpro","og_description":"Intravenska IV kanila veli\u010dine 26G (Gauge) ljubi\u010daste boje. Kanila s integriranim FEP (teflon) kateterom s krilcima za lak\u0161e uvo\u0111enje igle","og_url":"https:\/\/medicpro.hr\/veleprodaja\/proizvod\/i-v-kanila-26g-06x19-ljubicasta\/","og_site_name":"Medicpro","article_modified_time":"2026-03-05T07:34:47+00:00","og_image":[{"width":1890,"height":1890,"url":"https:\/\/medicpro.hr\/veleprodaja\/wp-content\/uploads\/2025\/09\/i-v-kanila-26-g-06-x-19-ljubicasta.png","type":"image\/png"}],"twitter_card":"summary_large_image","twitter_misc":{"Procijenjeno vrijeme \u010ditanja":"1 minuta"},"schema":{"@context":"https:\/\/schema.org","@graph":[{"@type":"WebPage","@id":"https:\/\/medicpro.hr\/veleprodaja\/proizvod\/i-v-kanila-26g-06x19-ljubicasta\/","url":"https:\/\/medicpro.hr\/veleprodaja\/proizvod\/i-v-kanila-26g-06x19-ljubicasta\/","name":"I.V. KANILA 26G 0,6x19 LJUBI\u010cASTA - Medicpro","isPartOf":{"@id":"https:\/\/medicpro.hr\/veleprodaja\/#website"},"primaryImageOfPage":{"@id":"https:\/\/medicpro.hr\/veleprodaja\/proizvod\/i-v-kanila-26g-06x19-ljubicasta\/#primaryimage"},"image":{"@id":"https:\/\/medicpro.hr\/veleprodaja\/proizvod\/i-v-kanila-26g-06x19-ljubicasta\/#primaryimage"},"thumbnailUrl":"https:\/\/medicpro.hr\/veleprodaja\/wp-content\/uploads\/2025\/09\/i-v-kanila-26-g-06-x-19-ljubicasta.png","datePublished":"2025-09-01T00:59:25+00:00","dateModified":"2026-03-05T07:34:47+00:00","breadcrumb":{"@id":"https:\/\/medicpro.hr\/veleprodaja\/proizvod\/i-v-kanila-26g-06x19-ljubicasta\/#breadcrumb"},"inLanguage":"hr","potentialAction":[{"@type":"ReadAction","target":["https:\/\/medicpro.hr\/veleprodaja\/proizvod\/i-v-kanila-26g-06x19-ljubicasta\/"]}]},{"@type":"ImageObject","inLanguage":"hr","@id":"https:\/\/medicpro.hr\/veleprodaja\/proizvod\/i-v-kanila-26g-06x19-ljubicasta\/#primaryimage","url":"https:\/\/medicpro.hr\/veleprodaja\/wp-content\/uploads\/2025\/09\/i-v-kanila-26-g-06-x-19-ljubicasta.png","contentUrl":"https:\/\/medicpro.hr\/veleprodaja\/wp-content\/uploads\/2025\/09\/i-v-kanila-26-g-06-x-19-ljubicasta.png","width":1890,"height":1890,"caption":"IV kanila 26 G, dimenzije 0,6x19, ljubi\u010daste boje"},{"@type":"BreadcrumbList","@id":"https:\/\/medicpro.hr\/veleprodaja\/proizvod\/i-v-kanila-26g-06x19-ljubicasta\/#breadcrumb","itemListElement":[{"@type":"ListItem","position":1,"name":"Po\u010detna stranica","item":"https:\/\/medicpro.hr\/veleprodaja\/"},{"@type":"ListItem","position":2,"name":"Veleprodaja","item":"https:\/\/medicpro.hr\/veleprodaja\/trgovina\/"},{"@type":"ListItem","position":3,"name":"I.V. KANILA 26G 0,6&#215;19 LJUBI\u010cASTA"}]},{"@type":"WebSite","@id":"https:\/\/medicpro.hr\/veleprodaja\/#website","url":"https:\/\/medicpro.hr\/veleprodaja\/","name":"Medicpro.hr","description":"Medicinski potro\u0161ni materijal i oprema","publisher":{"@id":"https:\/\/medicpro.hr\/veleprodaja\/#organization"},"potentialAction":[{"@type":"SearchAction","target":{"@type":"EntryPoint","urlTemplate":"https:\/\/medicpro.hr\/veleprodaja\/?s={search_term_string}"},"query-input":{"@type":"PropertyValueSpecification","valueRequired":true,"valueName":"search_term_string"}}],"inLanguage":"hr"},{"@type":"Organization","@id":"https:\/\/medicpro.hr\/veleprodaja\/#organization","name":"Medicpro d.o.o.","url":"https:\/\/medicpro.hr\/veleprodaja\/","logo":{"@type":"ImageObject","inLanguage":"hr","@id":"https:\/\/medicpro.hr\/veleprodaja\/#\/schema\/logo\/image\/","url":"https:\/\/medicpro.hr\/veleprodaja\/wp-content\/uploads\/2025\/05\/medicpro_logo.svg","contentUrl":"https:\/\/medicpro.hr\/veleprodaja\/wp-content\/uploads\/2025\/05\/medicpro_logo.svg","width":226,"height":42,"caption":"Medicpro d.o.o."},"image":{"@id":"https:\/\/medicpro.hr\/veleprodaja\/#\/schema\/logo\/image\/"}}]}},"_links":{"self":[{"href":"https:\/\/medicpro.hr\/veleprodaja\/wp-json\/wp\/v2\/product\/60451","targetHints":{"allow":["GET"]}}],"collection":[{"href":"https:\/\/medicpro.hr\/veleprodaja\/wp-json\/wp\/v2\/product"}],"about":[{"href":"https:\/\/medicpro.hr\/veleprodaja\/wp-json\/wp\/v2\/types\/product"}],"replies":[{"embeddable":true,"href":"https:\/\/medicpro.hr\/veleprodaja\/wp-json\/wp\/v2\/comments?post=60451"}],"wp:featuredmedia":[{"embeddable":true,"href":"https:\/\/medicpro.hr\/veleprodaja\/wp-json\/wp\/v2\/media\/2060241"}],"wp:attachment":[{"href":"https:\/\/medicpro.hr\/veleprodaja\/wp-json\/wp\/v2\/media?parent=60451"}],"wp:term":[{"taxonomy":"product_brand","embeddable":true,"href":"https:\/\/medicpro.hr\/veleprodaja\/wp-json\/wp\/v2\/product_brand?post=60451"},{"taxonomy":"product_cat","embeddable":true,"href":"https:\/\/medicpro.hr\/veleprodaja\/wp-json\/wp\/v2\/product_cat?post=60451"},{"taxonomy":"product_tag","embeddable":true,"href":"https:\/\/medicpro.hr\/veleprodaja\/wp-json\/wp\/v2\/product_tag?post=60451"}],"curies":[{"name":"wp","href":"https:\/\/api.w.org\/{rel}","templated":true}]}}