{"id":60392,"date":"2025-09-01T02:59:16","date_gmt":"2025-09-01T00:59:16","guid":{"rendered":"https:\/\/zdesmedicpro-velepro.kuhada.net\/?post_type=product&#038;p=60392"},"modified":"2025-09-12T11:02:21","modified_gmt":"2025-09-12T09:02:21","slug":"gloreha-sinfonia-robotska-rukavica-za-rehabilitaciju-ruke-s-ukljucenom-dodatnom-opremom","status":"publish","type":"product","link":"https:\/\/medicpro.hr\/veleprodaja\/proizvod\/gloreha-sinfonia-robotska-rukavica-za-rehabilitaciju-ruke-s-ukljucenom-dodatnom-opremom\/","title":{"rendered":"GLOREHA SINFONIA &#8211; ROBOTSKA RUKAVICA ZA REHABILITACIJU RUKE S UKLJU\u010cENOM DODATNOM OPREMOM"},"content":{"rendered":"<ul>\n<li>Gloreha Sinfonia je najnapredniji ure\u0111aj za <strong>funkcionalnu rehabilitaciju \u0161ake, opremljen robotskom rukavicom koja mo\u017ee mobilizirati prste, detektirati pacijentove aktivne pokrete i izvoditi bimanualni zrcalni trening.<br \/>\n<\/strong><\/li>\n<li>Gloreha\u00ae Sinfonia robotska rukavica za rehabilitaciju ruke je inovativna naprava za<strong> rehabilitaciju pacijenata nakon mo\u017edanog udara i ostale neurolo\u0161ke simptomatike<\/strong>.<\/li>\n<li><strong>Naj\u010de\u0161\u0107e indikacije su:<\/strong>\n<ul>\n<li>mo\u017edani udar<\/li>\n<li>traumatska ozljeda mozga<\/li>\n<li>ozljeda le\u0111ne mo\u017edine<\/li>\n<li>cerebralna paraliza<\/li>\n<li>Parkinsonova bolest<\/li>\n<li>periferne neuropatije<\/li>\n<li>neurorazvojni poreme\u0107aji.<\/li>\n<\/ul>\n<\/li>\n<li>Gloreha tako\u0111er mo\u017ee biti korisna potpora u <strong>lije\u010denju pacijenata s poreme\u0107ajima mi\u0161i\u0107no-ko\u0161tanog sustava i u postoperativnom razdoblju.<\/strong><\/li>\n<li>Omogu\u0107uje <strong>u\u010dinkovitu, intenzivnu, ranu, ohrabruju\u0107u i fleksibilnu neuromotori\u010dku terapiju<\/strong>.<\/li>\n<li><strong>Pacijent slijedi funkcionalne vje\u017ebe preko 3D animacije na zaslonu<\/strong>, a udobna i lagana rukavica mobilizira zglobove ruke i omogu\u0107ava pacijentu da dohva\u0107a, spu\u0161ta i rukuje sa stvarnim predmetima.<\/li>\n<li><strong>Gloreha robotska rukavica mo\u017ee raditi u razli\u010ditim re\u017eimima:<\/strong>\n<ul>\n<li><strong>BIMANUALNI ZRCALNI TRENING<\/strong> &#8211; zahvaljuju\u0107i Glorehi \u010dak i hemiplegi\u010dni pacijent mo\u017ee aktivno voditi vje\u017ebu. Gloreha prepoznaje pokrete njegove zdrave ruke i reproducira ih na kontralateralnom ekstremitetu kroz robotsku rukavicu.<\/li>\n<li><strong>PASIVNI TRENING<\/strong> &#8211; fleksiju i ekstenziju prstiju generira robotska rukavica prema prilagodljivim parametrima. Mobilizacija je podr\u017eana multisenzornom stimulacijom (3D animacija, zvu\u010dni efekti, glazbena pratnja, glasovno navo\u0111enje, interakcija s objektima) kako bi se osigurala uklju\u010denost pacijenta i pro\u0161irila kortikalna podru\u010dja do kojih dopiru mehanizmi neuroplasti\u010dnosti.<\/li>\n<li><strong>AKTIVNO ASISTIRANI TRENING<\/strong> &#8211; predlo\u017eene vje\u017ebe zahtijevaju da pacijent zapo\u010dne motori\u010dki zadatak autonomno. Robotska rukavica prati aktivnost pacijenta, a motorizirani sustav intervenira kako bi pomogao samo kada je potrebno. Pokazatelji izvedbe daju neposrednu povratnu informaciju o pacijentovom stupnju autonomije u fleksiji i ekstenziji.<\/li>\n<li><strong>AKTIVNI TRENING<\/strong> &#8211; ozbiljne igrice motiviraju pacijenta da da sve od sebe kako bi iskoristio svoj distalni aktivni opseg pokreta. Vje\u017ebe treniraju otvaranje i zatvaranje \u0161ake, fleksiju i ekstenziju pojedinog prsta, tridigitalni hvat. Intuitivni grafikoni na kraju vje\u017ebe pokazuju pacijentu i terapeutu zabilje\u017eeni trend sesiju za sesijom.<\/li>\n<\/ul>\n<\/li>\n<li>Gloreha je opremljena s <strong>2 dinami\u010dke potpore koje omogu\u0107avaju pacijentu da mi\u010de gornji ud bez utjecaja gravitacije<\/strong>.<\/li>\n<li>Razina je kalibrirana u skladu s te\u017einom ruke, rezidualnom kontrolom i mogu\u0107nostima pokreta pacijenata.<\/li>\n<li>Te potpore su <strong>osobito korisne tijekom funkcionalnog treninga jer ina\u010de to \u010desto ne bi bilo mogu\u0107e bez adekvatnog olak\u0161anja te\u017eine za gornji ud<\/strong>.<\/li>\n<li>Uvo\u0111enje kompenzatora te\u017eine gornjeg uda u post mo\u017edanoj rehabilitaciji <strong>pobolj\u0161ava kvalitetu pokreta, smanjuje napore pacijenata i omogu\u0107uje pove\u0107anje broja ponavljanja motornog zadatka<\/strong>.<\/li>\n<li><strong>Dodatna oprema uklju\u010dena u cijenu<\/strong>:\n<ul>\n<li>1x GWS (Gloreha Workstation)<\/li>\n<li>1x GMP (Gloreha minimalni paket za rehabilitacijske centre)<\/li>\n<li>2x DAS (Gloreha dinami\u010dna potpora za ruke: 1x za desnu ruku, 1x za lijevu ruku)<\/li>\n<li>1x GTAZZZC (Gloreha radni stol)<\/li>\n<li>1x GAP (Gloreha Active Package) Programska oprema s licencom za bilateralnu terapiju \/Active-Assisted mobilizacija \/Interaktivne igre<\/li>\n<li>1x GSG0SET (Set Gloreha senzor rukavica)<\/li>\n<li>1x ASS0038 (Elektronski priklju\u010dni komplet za GAP)<\/li>\n<li>1x izobrazba<\/li>\n<\/ul>\n<\/li>\n<li>2 godine jamstva<\/li>\n<\/ul>\n<p>Za sve dodatne informacije slobodno nas kontaktirajte e-mailom na info@medicpro.hr ili telefonom na 040 314 407.<\/p>\n","protected":false},"excerpt":{"rendered":"<p>Gloreha Sinfonia je najnapredniji ure\u0111aj za funkcionalnu rehabilitaciju \u0161ake, opremljen robotskom rukavicom koja mo\u017ee mobilizirati prste, detektirati pacijentove aktivne pokrete<\/p>\n","protected":false},"featured_media":50975,"comment_status":"open","ping_status":"closed","template":"","meta":[],"product_brand":[],"product_cat":[705,759],"product_tag":[],"class_list":{"0":"post-60392","1":"product","2":"type-product","3":"status-publish","4":"has-post-thumbnail","6":"product_cat-fizikalna-terapija","7":"product_cat-uredaji-za-fizikalnu-terapiju","9":"first","10":"onbackorder","11":"taxable","12":"shipping-taxable","13":"purchasable","14":"product-type-simple"},"acf":[],"yoast_head":"<!-- This site is optimized with the Yoast SEO plugin v27.3 - https:\/\/yoast.com\/product\/yoast-seo-wordpress\/ -->\n<title>GLOREHA SINFONIA - ROBOTSKA RUKAVICA ZA REHABILITACIJU RUKE S UKLJU\u010cENOM DODATNOM OPREMOM - Medicpro<\/title>\n<meta name=\"robots\" content=\"index, follow, max-snippet:-1, max-image-preview:large, max-video-preview:-1\" \/>\n<link rel=\"canonical\" href=\"https:\/\/medicpro.hr\/veleprodaja\/proizvod\/gloreha-sinfonia-robotska-rukavica-za-rehabilitaciju-ruke-s-ukljucenom-dodatnom-opremom\/\" \/>\n<meta property=\"og:locale\" content=\"hr_HR\" \/>\n<meta property=\"og:type\" content=\"article\" \/>\n<meta property=\"og:title\" content=\"GLOREHA SINFONIA - ROBOTSKA RUKAVICA ZA REHABILITACIJU RUKE S UKLJU\u010cENOM DODATNOM OPREMOM - Medicpro\" \/>\n<meta property=\"og:description\" content=\"Gloreha Sinfonia je najnapredniji ure\u0111aj za funkcionalnu rehabilitaciju \u0161ake, opremljen robotskom rukavicom koja mo\u017ee mobilizirati prste, detektirati pacijentove aktivne pokrete\" \/>\n<meta property=\"og:url\" content=\"https:\/\/medicpro.hr\/veleprodaja\/proizvod\/gloreha-sinfonia-robotska-rukavica-za-rehabilitaciju-ruke-s-ukljucenom-dodatnom-opremom\/\" \/>\n<meta property=\"og:site_name\" content=\"Medicpro\" \/>\n<meta property=\"article:modified_time\" content=\"2025-09-12T09:02:21+00:00\" \/>\n<meta property=\"og:image\" content=\"https:\/\/medicpro.hr\/veleprodaja\/wp-content\/uploads\/2025\/06\/products-6946-1-1.jpg\" \/>\n\t<meta property=\"og:image:width\" content=\"458\" \/>\n\t<meta property=\"og:image:height\" content=\"458\" \/>\n\t<meta property=\"og:image:type\" content=\"image\/jpeg\" \/>\n<meta name=\"twitter:card\" content=\"summary_large_image\" \/>\n<meta name=\"twitter:label1\" content=\"Procijenjeno vrijeme \u010ditanja\" \/>\n\t<meta name=\"twitter:data1\" content=\"3 minute\" \/>\n<script type=\"application\/ld+json\" class=\"yoast-schema-graph\">{\"@context\":\"https:\\\/\\\/schema.org\",\"@graph\":[{\"@type\":\"WebPage\",\"@id\":\"https:\\\/\\\/medicpro.hr\\\/veleprodaja\\\/proizvod\\\/gloreha-sinfonia-robotska-rukavica-za-rehabilitaciju-ruke-s-ukljucenom-dodatnom-opremom\\\/\",\"url\":\"https:\\\/\\\/medicpro.hr\\\/veleprodaja\\\/proizvod\\\/gloreha-sinfonia-robotska-rukavica-za-rehabilitaciju-ruke-s-ukljucenom-dodatnom-opremom\\\/\",\"name\":\"GLOREHA SINFONIA - ROBOTSKA RUKAVICA ZA REHABILITACIJU RUKE S UKLJU\u010cENOM DODATNOM OPREMOM - Medicpro\",\"isPartOf\":{\"@id\":\"https:\\\/\\\/medicpro.hr\\\/veleprodaja\\\/#website\"},\"primaryImageOfPage\":{\"@id\":\"https:\\\/\\\/medicpro.hr\\\/veleprodaja\\\/proizvod\\\/gloreha-sinfonia-robotska-rukavica-za-rehabilitaciju-ruke-s-ukljucenom-dodatnom-opremom\\\/#primaryimage\"},\"image\":{\"@id\":\"https:\\\/\\\/medicpro.hr\\\/veleprodaja\\\/proizvod\\\/gloreha-sinfonia-robotska-rukavica-za-rehabilitaciju-ruke-s-ukljucenom-dodatnom-opremom\\\/#primaryimage\"},\"thumbnailUrl\":\"https:\\\/\\\/medicpro.hr\\\/veleprodaja\\\/wp-content\\\/uploads\\\/2025\\\/06\\\/products-6946-1-1.jpg\",\"datePublished\":\"2025-09-01T00:59:16+00:00\",\"dateModified\":\"2025-09-12T09:02:21+00:00\",\"breadcrumb\":{\"@id\":\"https:\\\/\\\/medicpro.hr\\\/veleprodaja\\\/proizvod\\\/gloreha-sinfonia-robotska-rukavica-za-rehabilitaciju-ruke-s-ukljucenom-dodatnom-opremom\\\/#breadcrumb\"},\"inLanguage\":\"hr\",\"potentialAction\":[{\"@type\":\"ReadAction\",\"target\":[\"https:\\\/\\\/medicpro.hr\\\/veleprodaja\\\/proizvod\\\/gloreha-sinfonia-robotska-rukavica-za-rehabilitaciju-ruke-s-ukljucenom-dodatnom-opremom\\\/\"]}]},{\"@type\":\"ImageObject\",\"inLanguage\":\"hr\",\"@id\":\"https:\\\/\\\/medicpro.hr\\\/veleprodaja\\\/proizvod\\\/gloreha-sinfonia-robotska-rukavica-za-rehabilitaciju-ruke-s-ukljucenom-dodatnom-opremom\\\/#primaryimage\",\"url\":\"https:\\\/\\\/medicpro.hr\\\/veleprodaja\\\/wp-content\\\/uploads\\\/2025\\\/06\\\/products-6946-1-1.jpg\",\"contentUrl\":\"https:\\\/\\\/medicpro.hr\\\/veleprodaja\\\/wp-content\\\/uploads\\\/2025\\\/06\\\/products-6946-1-1.jpg\",\"width\":458,\"height\":458},{\"@type\":\"BreadcrumbList\",\"@id\":\"https:\\\/\\\/medicpro.hr\\\/veleprodaja\\\/proizvod\\\/gloreha-sinfonia-robotska-rukavica-za-rehabilitaciju-ruke-s-ukljucenom-dodatnom-opremom\\\/#breadcrumb\",\"itemListElement\":[{\"@type\":\"ListItem\",\"position\":1,\"name\":\"Po\u010detna stranica\",\"item\":\"https:\\\/\\\/medicpro.hr\\\/veleprodaja\\\/\"},{\"@type\":\"ListItem\",\"position\":2,\"name\":\"Veleprodaja\",\"item\":\"https:\\\/\\\/medicpro.hr\\\/veleprodaja\\\/trgovina\\\/\"},{\"@type\":\"ListItem\",\"position\":3,\"name\":\"GLOREHA SINFONIA &#8211; ROBOTSKA RUKAVICA ZA REHABILITACIJU RUKE S UKLJU\u010cENOM DODATNOM OPREMOM\"}]},{\"@type\":\"WebSite\",\"@id\":\"https:\\\/\\\/medicpro.hr\\\/veleprodaja\\\/#website\",\"url\":\"https:\\\/\\\/medicpro.hr\\\/veleprodaja\\\/\",\"name\":\"Medicpro.hr\",\"description\":\"Medicinski potro\u0161ni materijal i oprema\",\"publisher\":{\"@id\":\"https:\\\/\\\/medicpro.hr\\\/veleprodaja\\\/#organization\"},\"potentialAction\":[{\"@type\":\"SearchAction\",\"target\":{\"@type\":\"EntryPoint\",\"urlTemplate\":\"https:\\\/\\\/medicpro.hr\\\/veleprodaja\\\/?s={search_term_string}\"},\"query-input\":{\"@type\":\"PropertyValueSpecification\",\"valueRequired\":true,\"valueName\":\"search_term_string\"}}],\"inLanguage\":\"hr\"},{\"@type\":\"Organization\",\"@id\":\"https:\\\/\\\/medicpro.hr\\\/veleprodaja\\\/#organization\",\"name\":\"Medicpro d.o.o.\",\"url\":\"https:\\\/\\\/medicpro.hr\\\/veleprodaja\\\/\",\"logo\":{\"@type\":\"ImageObject\",\"inLanguage\":\"hr\",\"@id\":\"https:\\\/\\\/medicpro.hr\\\/veleprodaja\\\/#\\\/schema\\\/logo\\\/image\\\/\",\"url\":\"https:\\\/\\\/medicpro.hr\\\/veleprodaja\\\/wp-content\\\/uploads\\\/2025\\\/05\\\/medicpro_logo.svg\",\"contentUrl\":\"https:\\\/\\\/medicpro.hr\\\/veleprodaja\\\/wp-content\\\/uploads\\\/2025\\\/05\\\/medicpro_logo.svg\",\"width\":226,\"height\":42,\"caption\":\"Medicpro d.o.o.\"},\"image\":{\"@id\":\"https:\\\/\\\/medicpro.hr\\\/veleprodaja\\\/#\\\/schema\\\/logo\\\/image\\\/\"}}]}<\/script>\n<!-- \/ Yoast SEO plugin. -->","yoast_head_json":{"title":"GLOREHA SINFONIA - ROBOTSKA RUKAVICA ZA REHABILITACIJU RUKE S UKLJU\u010cENOM DODATNOM OPREMOM - Medicpro","robots":{"index":"index","follow":"follow","max-snippet":"max-snippet:-1","max-image-preview":"max-image-preview:large","max-video-preview":"max-video-preview:-1"},"canonical":"https:\/\/medicpro.hr\/veleprodaja\/proizvod\/gloreha-sinfonia-robotska-rukavica-za-rehabilitaciju-ruke-s-ukljucenom-dodatnom-opremom\/","og_locale":"hr_HR","og_type":"article","og_title":"GLOREHA SINFONIA - ROBOTSKA RUKAVICA ZA REHABILITACIJU RUKE S UKLJU\u010cENOM DODATNOM OPREMOM - Medicpro","og_description":"Gloreha Sinfonia je najnapredniji ure\u0111aj za funkcionalnu rehabilitaciju \u0161ake, opremljen robotskom rukavicom koja mo\u017ee mobilizirati prste, detektirati pacijentove aktivne pokrete","og_url":"https:\/\/medicpro.hr\/veleprodaja\/proizvod\/gloreha-sinfonia-robotska-rukavica-za-rehabilitaciju-ruke-s-ukljucenom-dodatnom-opremom\/","og_site_name":"Medicpro","article_modified_time":"2025-09-12T09:02:21+00:00","og_image":[{"width":458,"height":458,"url":"https:\/\/medicpro.hr\/veleprodaja\/wp-content\/uploads\/2025\/06\/products-6946-1-1.jpg","type":"image\/jpeg"}],"twitter_card":"summary_large_image","twitter_misc":{"Procijenjeno vrijeme \u010ditanja":"3 minute"},"schema":{"@context":"https:\/\/schema.org","@graph":[{"@type":"WebPage","@id":"https:\/\/medicpro.hr\/veleprodaja\/proizvod\/gloreha-sinfonia-robotska-rukavica-za-rehabilitaciju-ruke-s-ukljucenom-dodatnom-opremom\/","url":"https:\/\/medicpro.hr\/veleprodaja\/proizvod\/gloreha-sinfonia-robotska-rukavica-za-rehabilitaciju-ruke-s-ukljucenom-dodatnom-opremom\/","name":"GLOREHA SINFONIA - ROBOTSKA RUKAVICA ZA REHABILITACIJU RUKE S UKLJU\u010cENOM DODATNOM OPREMOM - Medicpro","isPartOf":{"@id":"https:\/\/medicpro.hr\/veleprodaja\/#website"},"primaryImageOfPage":{"@id":"https:\/\/medicpro.hr\/veleprodaja\/proizvod\/gloreha-sinfonia-robotska-rukavica-za-rehabilitaciju-ruke-s-ukljucenom-dodatnom-opremom\/#primaryimage"},"image":{"@id":"https:\/\/medicpro.hr\/veleprodaja\/proizvod\/gloreha-sinfonia-robotska-rukavica-za-rehabilitaciju-ruke-s-ukljucenom-dodatnom-opremom\/#primaryimage"},"thumbnailUrl":"https:\/\/medicpro.hr\/veleprodaja\/wp-content\/uploads\/2025\/06\/products-6946-1-1.jpg","datePublished":"2025-09-01T00:59:16+00:00","dateModified":"2025-09-12T09:02:21+00:00","breadcrumb":{"@id":"https:\/\/medicpro.hr\/veleprodaja\/proizvod\/gloreha-sinfonia-robotska-rukavica-za-rehabilitaciju-ruke-s-ukljucenom-dodatnom-opremom\/#breadcrumb"},"inLanguage":"hr","potentialAction":[{"@type":"ReadAction","target":["https:\/\/medicpro.hr\/veleprodaja\/proizvod\/gloreha-sinfonia-robotska-rukavica-za-rehabilitaciju-ruke-s-ukljucenom-dodatnom-opremom\/"]}]},{"@type":"ImageObject","inLanguage":"hr","@id":"https:\/\/medicpro.hr\/veleprodaja\/proizvod\/gloreha-sinfonia-robotska-rukavica-za-rehabilitaciju-ruke-s-ukljucenom-dodatnom-opremom\/#primaryimage","url":"https:\/\/medicpro.hr\/veleprodaja\/wp-content\/uploads\/2025\/06\/products-6946-1-1.jpg","contentUrl":"https:\/\/medicpro.hr\/veleprodaja\/wp-content\/uploads\/2025\/06\/products-6946-1-1.jpg","width":458,"height":458},{"@type":"BreadcrumbList","@id":"https:\/\/medicpro.hr\/veleprodaja\/proizvod\/gloreha-sinfonia-robotska-rukavica-za-rehabilitaciju-ruke-s-ukljucenom-dodatnom-opremom\/#breadcrumb","itemListElement":[{"@type":"ListItem","position":1,"name":"Po\u010detna stranica","item":"https:\/\/medicpro.hr\/veleprodaja\/"},{"@type":"ListItem","position":2,"name":"Veleprodaja","item":"https:\/\/medicpro.hr\/veleprodaja\/trgovina\/"},{"@type":"ListItem","position":3,"name":"GLOREHA SINFONIA &#8211; ROBOTSKA RUKAVICA ZA REHABILITACIJU RUKE S UKLJU\u010cENOM DODATNOM OPREMOM"}]},{"@type":"WebSite","@id":"https:\/\/medicpro.hr\/veleprodaja\/#website","url":"https:\/\/medicpro.hr\/veleprodaja\/","name":"Medicpro.hr","description":"Medicinski potro\u0161ni materijal i oprema","publisher":{"@id":"https:\/\/medicpro.hr\/veleprodaja\/#organization"},"potentialAction":[{"@type":"SearchAction","target":{"@type":"EntryPoint","urlTemplate":"https:\/\/medicpro.hr\/veleprodaja\/?s={search_term_string}"},"query-input":{"@type":"PropertyValueSpecification","valueRequired":true,"valueName":"search_term_string"}}],"inLanguage":"hr"},{"@type":"Organization","@id":"https:\/\/medicpro.hr\/veleprodaja\/#organization","name":"Medicpro d.o.o.","url":"https:\/\/medicpro.hr\/veleprodaja\/","logo":{"@type":"ImageObject","inLanguage":"hr","@id":"https:\/\/medicpro.hr\/veleprodaja\/#\/schema\/logo\/image\/","url":"https:\/\/medicpro.hr\/veleprodaja\/wp-content\/uploads\/2025\/05\/medicpro_logo.svg","contentUrl":"https:\/\/medicpro.hr\/veleprodaja\/wp-content\/uploads\/2025\/05\/medicpro_logo.svg","width":226,"height":42,"caption":"Medicpro d.o.o."},"image":{"@id":"https:\/\/medicpro.hr\/veleprodaja\/#\/schema\/logo\/image\/"}}]}},"_links":{"self":[{"href":"https:\/\/medicpro.hr\/veleprodaja\/wp-json\/wp\/v2\/product\/60392","targetHints":{"allow":["GET"]}}],"collection":[{"href":"https:\/\/medicpro.hr\/veleprodaja\/wp-json\/wp\/v2\/product"}],"about":[{"href":"https:\/\/medicpro.hr\/veleprodaja\/wp-json\/wp\/v2\/types\/product"}],"replies":[{"embeddable":true,"href":"https:\/\/medicpro.hr\/veleprodaja\/wp-json\/wp\/v2\/comments?post=60392"}],"wp:featuredmedia":[{"embeddable":true,"href":"https:\/\/medicpro.hr\/veleprodaja\/wp-json\/wp\/v2\/media\/50975"}],"wp:attachment":[{"href":"https:\/\/medicpro.hr\/veleprodaja\/wp-json\/wp\/v2\/media?parent=60392"}],"wp:term":[{"taxonomy":"product_brand","embeddable":true,"href":"https:\/\/medicpro.hr\/veleprodaja\/wp-json\/wp\/v2\/product_brand?post=60392"},{"taxonomy":"product_cat","embeddable":true,"href":"https:\/\/medicpro.hr\/veleprodaja\/wp-json\/wp\/v2\/product_cat?post=60392"},{"taxonomy":"product_tag","embeddable":true,"href":"https:\/\/medicpro.hr\/veleprodaja\/wp-json\/wp\/v2\/product_tag?post=60392"}],"curies":[{"name":"wp","href":"https:\/\/api.w.org\/{rel}","templated":true}]}}