{"id":60386,"date":"2025-09-01T02:59:16","date_gmt":"2025-09-01T00:59:16","guid":{"rendered":"https:\/\/zdesmedicpro-velepro.kuhada.net\/?post_type=product&#038;p=60386"},"modified":"2025-09-12T11:02:21","modified_gmt":"2025-09-12T09:02:21","slug":"human-tecar-mat-strunjaca-srednje-gustoce-200x54x7-cm-wellness","status":"publish","type":"product","link":"https:\/\/medicpro.hr\/veleprodaja\/proizvod\/human-tecar-mat-strunjaca-srednje-gustoce-200x54x7-cm-wellness\/","title":{"rendered":"HUMAN TECAR &#8220;MAT&#8221; STRUNJA\u010cA SREDNJE GUSTO\u0106E 200x54x7 cm &#8211; WELLNESS"},"content":{"rendered":"<p>Human Tecar strunja\u010de dolaze u setovima koji se sastoje od <strong>proprioceptivnih povr\u0161ina razli\u010ditih veli\u010dina<\/strong>, a lako se postavljaju \u010dak i u ograni\u010denim prostorima. <strong>Izra\u0111ene su od raznih materijala<\/strong>: polietilena (EPE), poliuretana (EPU), visokoelasti\u010dnih materijala, memorijske pjene i materijala posebno dizajniranih za ovu vrstu tehnologije.<\/p>\n<p>Stvaraju razli\u010dite razine nestabilnosti, simuliraju\u0107i razli\u010dite uvjete prirodnog terena i tjeraju\u0107i tijelo da se neprestano prilago\u0111ava tijekom proprioceptivne vje\u017ebe, vra\u0107aju\u0107i ravnote\u017eu te tonus i snagu. <strong>Posebno su dizajnirane kako bi olak\u0161ale trening, rehabilitaciju i oporavak mi\u0161i\u0107nog aparata i ligamenata<\/strong>.<\/p>\n<p><strong>Vje\u017ebanje bosim nogama na razli\u010ditim vrstama proprioceptivnih povr\u0161ina strunja\u010da prirodno stimulira aktivnost \u017eiv\u010danih receptora<\/strong> (proprioceptora) koji se nalaze u skeletnim popre\u010dno-prugastim mi\u0161i\u0107ima, tetivama i zglobovima. Razli\u010dite razine nestabilnosti i te\u017eine strunja\u010de pru\u017eaju idealan trening za kontrolu kretanja i pobolj\u0161avaju proprioceptivnu sposobnost, ravnote\u017eu, agilnost i snagu.<\/p>\n<p><strong>Materijali Human Tecor strunja\u010da omogu\u0107uju<\/strong>:<\/p>\n<ul>\n<li>stimuliranje mehanoreceptora na tabanima,<\/li>\n<li>izbjegavanje mehani\u010dkih naprezanja i preoptere\u0107enja zglobova,<\/li>\n<li>ve\u0107i izlaz energije (oko 25% vi\u0161e u usporedbi s krutom povr\u0161inom).<\/li>\n<\/ul>\n<p><strong>Dimenzije<\/strong>: 200x54x7 cm.<\/p>\n<p>&nbsp;<\/p>\n","protected":false},"excerpt":{"rendered":"<p>Human Tecar strunja\u010de dolaze u setovima koji se sastoje od proprioceptivnih povr\u0161ina razli\u010ditih veli\u010dina, a lako se postavljaju \u010dak i<\/p>\n","protected":false},"featured_media":50963,"comment_status":"open","ping_status":"closed","template":"","meta":[],"product_brand":[],"product_cat":[705,747],"product_tag":[],"class_list":{"0":"post-60386","1":"product","2":"type-product","3":"status-publish","4":"has-post-thumbnail","6":"product_cat-fizikalna-terapija","7":"product_cat-oprema-za-fizikalnu-terapiju","9":"first","10":"onbackorder","11":"taxable","12":"shipping-taxable","13":"purchasable","14":"product-type-simple"},"acf":[],"yoast_head":"<!-- This site is optimized with the Yoast SEO plugin v27.3 - https:\/\/yoast.com\/product\/yoast-seo-wordpress\/ -->\n<title>HUMAN TECAR &quot;MAT&quot; STRUNJA\u010cA SREDNJE GUSTO\u0106E 200x54x7 cm - WELLNESS - Medicpro<\/title>\n<meta name=\"robots\" content=\"index, follow, max-snippet:-1, max-image-preview:large, max-video-preview:-1\" \/>\n<link rel=\"canonical\" href=\"https:\/\/medicpro.hr\/veleprodaja\/proizvod\/human-tecar-mat-strunjaca-srednje-gustoce-200x54x7-cm-wellness\/\" \/>\n<meta property=\"og:locale\" content=\"hr_HR\" \/>\n<meta property=\"og:type\" content=\"article\" \/>\n<meta property=\"og:title\" content=\"HUMAN TECAR &quot;MAT&quot; STRUNJA\u010cA SREDNJE GUSTO\u0106E 200x54x7 cm - WELLNESS - Medicpro\" \/>\n<meta property=\"og:description\" content=\"Human Tecar strunja\u010de dolaze u setovima koji se sastoje od proprioceptivnih povr\u0161ina razli\u010ditih veli\u010dina, a lako se postavljaju \u010dak i\" \/>\n<meta property=\"og:url\" content=\"https:\/\/medicpro.hr\/veleprodaja\/proizvod\/human-tecar-mat-strunjaca-srednje-gustoce-200x54x7-cm-wellness\/\" \/>\n<meta property=\"og:site_name\" content=\"Medicpro\" \/>\n<meta property=\"article:modified_time\" content=\"2025-09-12T09:02:21+00:00\" \/>\n<meta property=\"og:image\" content=\"https:\/\/medicpro.hr\/veleprodaja\/wp-content\/uploads\/2025\/06\/products-6934-1-1.jpg\" \/>\n\t<meta property=\"og:image:width\" content=\"800\" \/>\n\t<meta property=\"og:image:height\" content=\"800\" \/>\n\t<meta property=\"og:image:type\" content=\"image\/jpeg\" \/>\n<meta name=\"twitter:card\" content=\"summary_large_image\" \/>\n<meta name=\"twitter:label1\" content=\"Procijenjeno vrijeme \u010ditanja\" \/>\n\t<meta name=\"twitter:data1\" content=\"1 minuta\" \/>\n<script type=\"application\/ld+json\" class=\"yoast-schema-graph\">{\"@context\":\"https:\\\/\\\/schema.org\",\"@graph\":[{\"@type\":\"WebPage\",\"@id\":\"https:\\\/\\\/medicpro.hr\\\/veleprodaja\\\/proizvod\\\/human-tecar-mat-strunjaca-srednje-gustoce-200x54x7-cm-wellness\\\/\",\"url\":\"https:\\\/\\\/medicpro.hr\\\/veleprodaja\\\/proizvod\\\/human-tecar-mat-strunjaca-srednje-gustoce-200x54x7-cm-wellness\\\/\",\"name\":\"HUMAN TECAR \\\"MAT\\\" STRUNJA\u010cA SREDNJE GUSTO\u0106E 200x54x7 cm - WELLNESS - Medicpro\",\"isPartOf\":{\"@id\":\"https:\\\/\\\/medicpro.hr\\\/veleprodaja\\\/#website\"},\"primaryImageOfPage\":{\"@id\":\"https:\\\/\\\/medicpro.hr\\\/veleprodaja\\\/proizvod\\\/human-tecar-mat-strunjaca-srednje-gustoce-200x54x7-cm-wellness\\\/#primaryimage\"},\"image\":{\"@id\":\"https:\\\/\\\/medicpro.hr\\\/veleprodaja\\\/proizvod\\\/human-tecar-mat-strunjaca-srednje-gustoce-200x54x7-cm-wellness\\\/#primaryimage\"},\"thumbnailUrl\":\"https:\\\/\\\/medicpro.hr\\\/veleprodaja\\\/wp-content\\\/uploads\\\/2025\\\/06\\\/products-6934-1-1.jpg\",\"datePublished\":\"2025-09-01T00:59:16+00:00\",\"dateModified\":\"2025-09-12T09:02:21+00:00\",\"breadcrumb\":{\"@id\":\"https:\\\/\\\/medicpro.hr\\\/veleprodaja\\\/proizvod\\\/human-tecar-mat-strunjaca-srednje-gustoce-200x54x7-cm-wellness\\\/#breadcrumb\"},\"inLanguage\":\"hr\",\"potentialAction\":[{\"@type\":\"ReadAction\",\"target\":[\"https:\\\/\\\/medicpro.hr\\\/veleprodaja\\\/proizvod\\\/human-tecar-mat-strunjaca-srednje-gustoce-200x54x7-cm-wellness\\\/\"]}]},{\"@type\":\"ImageObject\",\"inLanguage\":\"hr\",\"@id\":\"https:\\\/\\\/medicpro.hr\\\/veleprodaja\\\/proizvod\\\/human-tecar-mat-strunjaca-srednje-gustoce-200x54x7-cm-wellness\\\/#primaryimage\",\"url\":\"https:\\\/\\\/medicpro.hr\\\/veleprodaja\\\/wp-content\\\/uploads\\\/2025\\\/06\\\/products-6934-1-1.jpg\",\"contentUrl\":\"https:\\\/\\\/medicpro.hr\\\/veleprodaja\\\/wp-content\\\/uploads\\\/2025\\\/06\\\/products-6934-1-1.jpg\",\"width\":800,\"height\":800},{\"@type\":\"BreadcrumbList\",\"@id\":\"https:\\\/\\\/medicpro.hr\\\/veleprodaja\\\/proizvod\\\/human-tecar-mat-strunjaca-srednje-gustoce-200x54x7-cm-wellness\\\/#breadcrumb\",\"itemListElement\":[{\"@type\":\"ListItem\",\"position\":1,\"name\":\"Po\u010detna stranica\",\"item\":\"https:\\\/\\\/medicpro.hr\\\/veleprodaja\\\/\"},{\"@type\":\"ListItem\",\"position\":2,\"name\":\"Veleprodaja\",\"item\":\"https:\\\/\\\/medicpro.hr\\\/veleprodaja\\\/trgovina\\\/\"},{\"@type\":\"ListItem\",\"position\":3,\"name\":\"HUMAN TECAR &#8220;MAT&#8221; STRUNJA\u010cA SREDNJE GUSTO\u0106E 200x54x7 cm &#8211; WELLNESS\"}]},{\"@type\":\"WebSite\",\"@id\":\"https:\\\/\\\/medicpro.hr\\\/veleprodaja\\\/#website\",\"url\":\"https:\\\/\\\/medicpro.hr\\\/veleprodaja\\\/\",\"name\":\"Medicpro.hr\",\"description\":\"Medicinski potro\u0161ni materijal i oprema\",\"publisher\":{\"@id\":\"https:\\\/\\\/medicpro.hr\\\/veleprodaja\\\/#organization\"},\"potentialAction\":[{\"@type\":\"SearchAction\",\"target\":{\"@type\":\"EntryPoint\",\"urlTemplate\":\"https:\\\/\\\/medicpro.hr\\\/veleprodaja\\\/?s={search_term_string}\"},\"query-input\":{\"@type\":\"PropertyValueSpecification\",\"valueRequired\":true,\"valueName\":\"search_term_string\"}}],\"inLanguage\":\"hr\"},{\"@type\":\"Organization\",\"@id\":\"https:\\\/\\\/medicpro.hr\\\/veleprodaja\\\/#organization\",\"name\":\"Medicpro d.o.o.\",\"url\":\"https:\\\/\\\/medicpro.hr\\\/veleprodaja\\\/\",\"logo\":{\"@type\":\"ImageObject\",\"inLanguage\":\"hr\",\"@id\":\"https:\\\/\\\/medicpro.hr\\\/veleprodaja\\\/#\\\/schema\\\/logo\\\/image\\\/\",\"url\":\"https:\\\/\\\/medicpro.hr\\\/veleprodaja\\\/wp-content\\\/uploads\\\/2025\\\/05\\\/medicpro_logo.svg\",\"contentUrl\":\"https:\\\/\\\/medicpro.hr\\\/veleprodaja\\\/wp-content\\\/uploads\\\/2025\\\/05\\\/medicpro_logo.svg\",\"width\":226,\"height\":42,\"caption\":\"Medicpro d.o.o.\"},\"image\":{\"@id\":\"https:\\\/\\\/medicpro.hr\\\/veleprodaja\\\/#\\\/schema\\\/logo\\\/image\\\/\"}}]}<\/script>\n<!-- \/ Yoast SEO plugin. -->","yoast_head_json":{"title":"HUMAN TECAR \"MAT\" STRUNJA\u010cA SREDNJE GUSTO\u0106E 200x54x7 cm - WELLNESS - Medicpro","robots":{"index":"index","follow":"follow","max-snippet":"max-snippet:-1","max-image-preview":"max-image-preview:large","max-video-preview":"max-video-preview:-1"},"canonical":"https:\/\/medicpro.hr\/veleprodaja\/proizvod\/human-tecar-mat-strunjaca-srednje-gustoce-200x54x7-cm-wellness\/","og_locale":"hr_HR","og_type":"article","og_title":"HUMAN TECAR \"MAT\" STRUNJA\u010cA SREDNJE GUSTO\u0106E 200x54x7 cm - WELLNESS - Medicpro","og_description":"Human Tecar strunja\u010de dolaze u setovima koji se sastoje od proprioceptivnih povr\u0161ina razli\u010ditih veli\u010dina, a lako se postavljaju \u010dak i","og_url":"https:\/\/medicpro.hr\/veleprodaja\/proizvod\/human-tecar-mat-strunjaca-srednje-gustoce-200x54x7-cm-wellness\/","og_site_name":"Medicpro","article_modified_time":"2025-09-12T09:02:21+00:00","og_image":[{"width":800,"height":800,"url":"https:\/\/medicpro.hr\/veleprodaja\/wp-content\/uploads\/2025\/06\/products-6934-1-1.jpg","type":"image\/jpeg"}],"twitter_card":"summary_large_image","twitter_misc":{"Procijenjeno vrijeme \u010ditanja":"1 minuta"},"schema":{"@context":"https:\/\/schema.org","@graph":[{"@type":"WebPage","@id":"https:\/\/medicpro.hr\/veleprodaja\/proizvod\/human-tecar-mat-strunjaca-srednje-gustoce-200x54x7-cm-wellness\/","url":"https:\/\/medicpro.hr\/veleprodaja\/proizvod\/human-tecar-mat-strunjaca-srednje-gustoce-200x54x7-cm-wellness\/","name":"HUMAN TECAR \"MAT\" STRUNJA\u010cA SREDNJE GUSTO\u0106E 200x54x7 cm - WELLNESS - Medicpro","isPartOf":{"@id":"https:\/\/medicpro.hr\/veleprodaja\/#website"},"primaryImageOfPage":{"@id":"https:\/\/medicpro.hr\/veleprodaja\/proizvod\/human-tecar-mat-strunjaca-srednje-gustoce-200x54x7-cm-wellness\/#primaryimage"},"image":{"@id":"https:\/\/medicpro.hr\/veleprodaja\/proizvod\/human-tecar-mat-strunjaca-srednje-gustoce-200x54x7-cm-wellness\/#primaryimage"},"thumbnailUrl":"https:\/\/medicpro.hr\/veleprodaja\/wp-content\/uploads\/2025\/06\/products-6934-1-1.jpg","datePublished":"2025-09-01T00:59:16+00:00","dateModified":"2025-09-12T09:02:21+00:00","breadcrumb":{"@id":"https:\/\/medicpro.hr\/veleprodaja\/proizvod\/human-tecar-mat-strunjaca-srednje-gustoce-200x54x7-cm-wellness\/#breadcrumb"},"inLanguage":"hr","potentialAction":[{"@type":"ReadAction","target":["https:\/\/medicpro.hr\/veleprodaja\/proizvod\/human-tecar-mat-strunjaca-srednje-gustoce-200x54x7-cm-wellness\/"]}]},{"@type":"ImageObject","inLanguage":"hr","@id":"https:\/\/medicpro.hr\/veleprodaja\/proizvod\/human-tecar-mat-strunjaca-srednje-gustoce-200x54x7-cm-wellness\/#primaryimage","url":"https:\/\/medicpro.hr\/veleprodaja\/wp-content\/uploads\/2025\/06\/products-6934-1-1.jpg","contentUrl":"https:\/\/medicpro.hr\/veleprodaja\/wp-content\/uploads\/2025\/06\/products-6934-1-1.jpg","width":800,"height":800},{"@type":"BreadcrumbList","@id":"https:\/\/medicpro.hr\/veleprodaja\/proizvod\/human-tecar-mat-strunjaca-srednje-gustoce-200x54x7-cm-wellness\/#breadcrumb","itemListElement":[{"@type":"ListItem","position":1,"name":"Po\u010detna stranica","item":"https:\/\/medicpro.hr\/veleprodaja\/"},{"@type":"ListItem","position":2,"name":"Veleprodaja","item":"https:\/\/medicpro.hr\/veleprodaja\/trgovina\/"},{"@type":"ListItem","position":3,"name":"HUMAN TECAR &#8220;MAT&#8221; STRUNJA\u010cA SREDNJE GUSTO\u0106E 200x54x7 cm &#8211; WELLNESS"}]},{"@type":"WebSite","@id":"https:\/\/medicpro.hr\/veleprodaja\/#website","url":"https:\/\/medicpro.hr\/veleprodaja\/","name":"Medicpro.hr","description":"Medicinski potro\u0161ni materijal i oprema","publisher":{"@id":"https:\/\/medicpro.hr\/veleprodaja\/#organization"},"potentialAction":[{"@type":"SearchAction","target":{"@type":"EntryPoint","urlTemplate":"https:\/\/medicpro.hr\/veleprodaja\/?s={search_term_string}"},"query-input":{"@type":"PropertyValueSpecification","valueRequired":true,"valueName":"search_term_string"}}],"inLanguage":"hr"},{"@type":"Organization","@id":"https:\/\/medicpro.hr\/veleprodaja\/#organization","name":"Medicpro d.o.o.","url":"https:\/\/medicpro.hr\/veleprodaja\/","logo":{"@type":"ImageObject","inLanguage":"hr","@id":"https:\/\/medicpro.hr\/veleprodaja\/#\/schema\/logo\/image\/","url":"https:\/\/medicpro.hr\/veleprodaja\/wp-content\/uploads\/2025\/05\/medicpro_logo.svg","contentUrl":"https:\/\/medicpro.hr\/veleprodaja\/wp-content\/uploads\/2025\/05\/medicpro_logo.svg","width":226,"height":42,"caption":"Medicpro d.o.o."},"image":{"@id":"https:\/\/medicpro.hr\/veleprodaja\/#\/schema\/logo\/image\/"}}]}},"_links":{"self":[{"href":"https:\/\/medicpro.hr\/veleprodaja\/wp-json\/wp\/v2\/product\/60386","targetHints":{"allow":["GET"]}}],"collection":[{"href":"https:\/\/medicpro.hr\/veleprodaja\/wp-json\/wp\/v2\/product"}],"about":[{"href":"https:\/\/medicpro.hr\/veleprodaja\/wp-json\/wp\/v2\/types\/product"}],"replies":[{"embeddable":true,"href":"https:\/\/medicpro.hr\/veleprodaja\/wp-json\/wp\/v2\/comments?post=60386"}],"wp:featuredmedia":[{"embeddable":true,"href":"https:\/\/medicpro.hr\/veleprodaja\/wp-json\/wp\/v2\/media\/50963"}],"wp:attachment":[{"href":"https:\/\/medicpro.hr\/veleprodaja\/wp-json\/wp\/v2\/media?parent=60386"}],"wp:term":[{"taxonomy":"product_brand","embeddable":true,"href":"https:\/\/medicpro.hr\/veleprodaja\/wp-json\/wp\/v2\/product_brand?post=60386"},{"taxonomy":"product_cat","embeddable":true,"href":"https:\/\/medicpro.hr\/veleprodaja\/wp-json\/wp\/v2\/product_cat?post=60386"},{"taxonomy":"product_tag","embeddable":true,"href":"https:\/\/medicpro.hr\/veleprodaja\/wp-json\/wp\/v2\/product_tag?post=60386"}],"curies":[{"name":"wp","href":"https:\/\/api.w.org\/{rel}","templated":true}]}}