{"id":60383,"date":"2025-09-01T02:59:16","date_gmt":"2025-09-01T00:59:16","guid":{"rendered":"https:\/\/zdesmedicpro-velepro.kuhada.net\/?post_type=product&#038;p=60383"},"modified":"2025-09-12T11:02:21","modified_gmt":"2025-09-12T09:02:21","slug":"uredaj-za-fizioterapiju-hitop-2-touch","status":"publish","type":"product","link":"https:\/\/medicpro.hr\/veleprodaja\/proizvod\/uredaj-za-fizioterapiju-hitop-2-touch\/","title":{"rendered":"URE\u0110AJ ZA FIZIOTERAPIJU HiTop 2 touch"},"content":{"rendered":"<p>Ure\u0111aj HiTop\u00ae 2 touch omogu\u0107uje lije\u010denje razli\u010ditih indikacija, a glavne su: artritis koljena, artritis kuka, sindrom vratnog dijela kralje\u017enice, sindrom slabinskog dijela kralje\u017enice, sindrom rame \u2013 ruka.<\/p>\n<p>Uspje\u0161no se koristi za lije\u010denje <strong>polineuropatije, epikondilitisa<\/strong> te drugih indikacija. Na podru\u010dju kozmeti\u010dke medicine upotrebljavaju se <strong>programi za lipolizu, rje\u0161avanje problema celulita i<\/strong> <strong>masno\u0107a<\/strong> <strong>te oblikovanje tijela<\/strong>.<\/p>\n<p>Primaran cilj HighTone Power terapije je <strong>neposredan u\u010dinak na metabolizam stanica<\/strong>. Raspon frekvencija je <strong>4096 &#8211; 32768 Hz<\/strong>, dok se kod klasi\u010dne terapije koristi frekvencija modulacije izme\u0111u 0 i 200 Hz u niskoj frekvenciji te ve\u0107inom 4000 Hz u srednjoj frekvenciji. Izlazna snaga je <strong>do 5000 mW <\/strong>te\u00a0je<strong> istovremena modulacija frekvencije i amplitude.<\/strong><\/p>\n<p>Razlika izme\u0111u HighTone Power terapije i klasi\u010dne terapije:<\/p>\n<ul>\n<li>Klasi\u010dna terapija traje 5 &#8211; 10 minuta, dok HighTone Power terapija traje <strong>do 60 minuta<\/strong>.<\/li>\n<li>Kod klasi\u010dne terapije se u pravilu upotrebljava 1 kanal i dvije elektrode, dok HiTop\u00ae 2 touch ure\u0111aj omogu\u0107uje upotrebu <strong>2 kanala<\/strong> i <strong>do 10 elektroda<\/strong>.<\/li>\n<\/ul>\n<p>Zna\u010dajke ure\u0111aja:<\/p>\n<ul>\n<li>Dva neovisna kanala za lije\u010denje dva podru\u010dja.<\/li>\n<li>Revitalizacija cijelog tijela.<\/li>\n<li>Jednostavan rad na ure\u0111aju (odabir programa s popisa).<\/li>\n<li>Sigurnosni strujni krug koji spre\u010dava osje\u0107aj elektri\u010dne napetosti koji mo\u017ee biti uzrokovan slabom instalacijom elektroda.<\/li>\n<li>Nema nuspojava.<\/li>\n<\/ul>\n<p>Zdravstveni programi ure\u0111aja:<\/p>\n<ul>\n<li>SimulFAM\u00aei<\/li>\n<li>Rehabilitacija<\/li>\n<li>Mobilizacija<\/li>\n<li>Ja\u010danje mi\u0161i\u0107a<\/li>\n<li>Ozlijede<\/li>\n<li>Limfna drena\u017ea<\/li>\n<li>Edem<\/li>\n<li>Bolovi<\/li>\n<li>Dijabeti\u010dka polineuropatija<\/li>\n<li>\u017div\u010dani sustav<\/li>\n<li>Univerzalan<\/li>\n<\/ul>\n<p>Programi za osje\u0107aj ugode:<\/p>\n<ul>\n<li>Revitalizacija<\/li>\n<li>Sport<\/li>\n<li>Elektromasa\u017ea<\/li>\n<li>Masa\u017ea trenjem<\/li>\n<li>Lipoliza<\/li>\n<li>Rje\u0161avanje masno\u0107a<\/li>\n<li>Oblikovanje tijela<\/li>\n<li>Celulit<\/li>\n<\/ul>\n","protected":false},"excerpt":{"rendered":"<p>Ure\u0111aj HiTop\u00ae 2 touch omogu\u0107uje lije\u010denje razli\u010ditih indikacija, a glavne su: artritis koljena, artritis kuka, sindrom vratnog dijela kralje\u017enice, sindrom<\/p>\n","protected":false},"featured_media":50958,"comment_status":"open","ping_status":"closed","template":"","meta":[],"product_brand":[],"product_cat":[705,759],"product_tag":[],"class_list":{"0":"post-60383","1":"product","2":"type-product","3":"status-publish","4":"has-post-thumbnail","6":"product_cat-fizikalna-terapija","7":"product_cat-uredaji-za-fizikalnu-terapiju","9":"first","10":"onbackorder","11":"taxable","12":"shipping-taxable","13":"purchasable","14":"product-type-simple"},"acf":[],"yoast_head":"<!-- This site is optimized with the Yoast SEO plugin v27.3 - https:\/\/yoast.com\/product\/yoast-seo-wordpress\/ -->\n<title>URE\u0110AJ ZA FIZIOTERAPIJU HiTop 2 touch - Medicpro<\/title>\n<meta name=\"robots\" content=\"index, follow, max-snippet:-1, max-image-preview:large, max-video-preview:-1\" \/>\n<link rel=\"canonical\" href=\"https:\/\/medicpro.hr\/veleprodaja\/proizvod\/uredaj-za-fizioterapiju-hitop-2-touch\/\" \/>\n<meta property=\"og:locale\" content=\"hr_HR\" \/>\n<meta property=\"og:type\" content=\"article\" \/>\n<meta property=\"og:title\" content=\"URE\u0110AJ ZA FIZIOTERAPIJU HiTop 2 touch - Medicpro\" \/>\n<meta property=\"og:description\" content=\"Ure\u0111aj HiTop\u00ae 2 touch omogu\u0107uje lije\u010denje razli\u010ditih indikacija, a glavne su: artritis koljena, artritis kuka, sindrom vratnog dijela kralje\u017enice, sindrom\" \/>\n<meta property=\"og:url\" content=\"https:\/\/medicpro.hr\/veleprodaja\/proizvod\/uredaj-za-fizioterapiju-hitop-2-touch\/\" \/>\n<meta property=\"og:site_name\" content=\"Medicpro\" \/>\n<meta property=\"article:modified_time\" content=\"2025-09-12T09:02:21+00:00\" \/>\n<meta property=\"og:image\" content=\"https:\/\/medicpro.hr\/veleprodaja\/wp-content\/uploads\/2025\/06\/products-6926-1-1.jpg\" \/>\n\t<meta property=\"og:image:width\" content=\"458\" \/>\n\t<meta property=\"og:image:height\" content=\"458\" \/>\n\t<meta property=\"og:image:type\" content=\"image\/jpeg\" \/>\n<meta name=\"twitter:card\" content=\"summary_large_image\" \/>\n<meta name=\"twitter:label1\" content=\"Procijenjeno vrijeme \u010ditanja\" \/>\n\t<meta name=\"twitter:data1\" content=\"1 minuta\" \/>\n<script type=\"application\/ld+json\" class=\"yoast-schema-graph\">{\"@context\":\"https:\\\/\\\/schema.org\",\"@graph\":[{\"@type\":\"WebPage\",\"@id\":\"https:\\\/\\\/medicpro.hr\\\/veleprodaja\\\/proizvod\\\/uredaj-za-fizioterapiju-hitop-2-touch\\\/\",\"url\":\"https:\\\/\\\/medicpro.hr\\\/veleprodaja\\\/proizvod\\\/uredaj-za-fizioterapiju-hitop-2-touch\\\/\",\"name\":\"URE\u0110AJ ZA FIZIOTERAPIJU HiTop 2 touch - Medicpro\",\"isPartOf\":{\"@id\":\"https:\\\/\\\/medicpro.hr\\\/veleprodaja\\\/#website\"},\"primaryImageOfPage\":{\"@id\":\"https:\\\/\\\/medicpro.hr\\\/veleprodaja\\\/proizvod\\\/uredaj-za-fizioterapiju-hitop-2-touch\\\/#primaryimage\"},\"image\":{\"@id\":\"https:\\\/\\\/medicpro.hr\\\/veleprodaja\\\/proizvod\\\/uredaj-za-fizioterapiju-hitop-2-touch\\\/#primaryimage\"},\"thumbnailUrl\":\"https:\\\/\\\/medicpro.hr\\\/veleprodaja\\\/wp-content\\\/uploads\\\/2025\\\/06\\\/products-6926-1-1.jpg\",\"datePublished\":\"2025-09-01T00:59:16+00:00\",\"dateModified\":\"2025-09-12T09:02:21+00:00\",\"breadcrumb\":{\"@id\":\"https:\\\/\\\/medicpro.hr\\\/veleprodaja\\\/proizvod\\\/uredaj-za-fizioterapiju-hitop-2-touch\\\/#breadcrumb\"},\"inLanguage\":\"hr\",\"potentialAction\":[{\"@type\":\"ReadAction\",\"target\":[\"https:\\\/\\\/medicpro.hr\\\/veleprodaja\\\/proizvod\\\/uredaj-za-fizioterapiju-hitop-2-touch\\\/\"]}]},{\"@type\":\"ImageObject\",\"inLanguage\":\"hr\",\"@id\":\"https:\\\/\\\/medicpro.hr\\\/veleprodaja\\\/proizvod\\\/uredaj-za-fizioterapiju-hitop-2-touch\\\/#primaryimage\",\"url\":\"https:\\\/\\\/medicpro.hr\\\/veleprodaja\\\/wp-content\\\/uploads\\\/2025\\\/06\\\/products-6926-1-1.jpg\",\"contentUrl\":\"https:\\\/\\\/medicpro.hr\\\/veleprodaja\\\/wp-content\\\/uploads\\\/2025\\\/06\\\/products-6926-1-1.jpg\",\"width\":458,\"height\":458},{\"@type\":\"BreadcrumbList\",\"@id\":\"https:\\\/\\\/medicpro.hr\\\/veleprodaja\\\/proizvod\\\/uredaj-za-fizioterapiju-hitop-2-touch\\\/#breadcrumb\",\"itemListElement\":[{\"@type\":\"ListItem\",\"position\":1,\"name\":\"Po\u010detna stranica\",\"item\":\"https:\\\/\\\/medicpro.hr\\\/veleprodaja\\\/\"},{\"@type\":\"ListItem\",\"position\":2,\"name\":\"Veleprodaja\",\"item\":\"https:\\\/\\\/medicpro.hr\\\/veleprodaja\\\/trgovina\\\/\"},{\"@type\":\"ListItem\",\"position\":3,\"name\":\"URE\u0110AJ ZA FIZIOTERAPIJU HiTop 2 touch\"}]},{\"@type\":\"WebSite\",\"@id\":\"https:\\\/\\\/medicpro.hr\\\/veleprodaja\\\/#website\",\"url\":\"https:\\\/\\\/medicpro.hr\\\/veleprodaja\\\/\",\"name\":\"Medicpro.hr\",\"description\":\"Medicinski potro\u0161ni materijal i oprema\",\"publisher\":{\"@id\":\"https:\\\/\\\/medicpro.hr\\\/veleprodaja\\\/#organization\"},\"potentialAction\":[{\"@type\":\"SearchAction\",\"target\":{\"@type\":\"EntryPoint\",\"urlTemplate\":\"https:\\\/\\\/medicpro.hr\\\/veleprodaja\\\/?s={search_term_string}\"},\"query-input\":{\"@type\":\"PropertyValueSpecification\",\"valueRequired\":true,\"valueName\":\"search_term_string\"}}],\"inLanguage\":\"hr\"},{\"@type\":\"Organization\",\"@id\":\"https:\\\/\\\/medicpro.hr\\\/veleprodaja\\\/#organization\",\"name\":\"Medicpro d.o.o.\",\"url\":\"https:\\\/\\\/medicpro.hr\\\/veleprodaja\\\/\",\"logo\":{\"@type\":\"ImageObject\",\"inLanguage\":\"hr\",\"@id\":\"https:\\\/\\\/medicpro.hr\\\/veleprodaja\\\/#\\\/schema\\\/logo\\\/image\\\/\",\"url\":\"https:\\\/\\\/medicpro.hr\\\/veleprodaja\\\/wp-content\\\/uploads\\\/2025\\\/05\\\/medicpro_logo.svg\",\"contentUrl\":\"https:\\\/\\\/medicpro.hr\\\/veleprodaja\\\/wp-content\\\/uploads\\\/2025\\\/05\\\/medicpro_logo.svg\",\"width\":226,\"height\":42,\"caption\":\"Medicpro d.o.o.\"},\"image\":{\"@id\":\"https:\\\/\\\/medicpro.hr\\\/veleprodaja\\\/#\\\/schema\\\/logo\\\/image\\\/\"}}]}<\/script>\n<!-- \/ Yoast SEO plugin. -->","yoast_head_json":{"title":"URE\u0110AJ ZA FIZIOTERAPIJU HiTop 2 touch - Medicpro","robots":{"index":"index","follow":"follow","max-snippet":"max-snippet:-1","max-image-preview":"max-image-preview:large","max-video-preview":"max-video-preview:-1"},"canonical":"https:\/\/medicpro.hr\/veleprodaja\/proizvod\/uredaj-za-fizioterapiju-hitop-2-touch\/","og_locale":"hr_HR","og_type":"article","og_title":"URE\u0110AJ ZA FIZIOTERAPIJU HiTop 2 touch - Medicpro","og_description":"Ure\u0111aj HiTop\u00ae 2 touch omogu\u0107uje lije\u010denje razli\u010ditih indikacija, a glavne su: artritis koljena, artritis kuka, sindrom vratnog dijela kralje\u017enice, sindrom","og_url":"https:\/\/medicpro.hr\/veleprodaja\/proizvod\/uredaj-za-fizioterapiju-hitop-2-touch\/","og_site_name":"Medicpro","article_modified_time":"2025-09-12T09:02:21+00:00","og_image":[{"width":458,"height":458,"url":"https:\/\/medicpro.hr\/veleprodaja\/wp-content\/uploads\/2025\/06\/products-6926-1-1.jpg","type":"image\/jpeg"}],"twitter_card":"summary_large_image","twitter_misc":{"Procijenjeno vrijeme \u010ditanja":"1 minuta"},"schema":{"@context":"https:\/\/schema.org","@graph":[{"@type":"WebPage","@id":"https:\/\/medicpro.hr\/veleprodaja\/proizvod\/uredaj-za-fizioterapiju-hitop-2-touch\/","url":"https:\/\/medicpro.hr\/veleprodaja\/proizvod\/uredaj-za-fizioterapiju-hitop-2-touch\/","name":"URE\u0110AJ ZA FIZIOTERAPIJU HiTop 2 touch - Medicpro","isPartOf":{"@id":"https:\/\/medicpro.hr\/veleprodaja\/#website"},"primaryImageOfPage":{"@id":"https:\/\/medicpro.hr\/veleprodaja\/proizvod\/uredaj-za-fizioterapiju-hitop-2-touch\/#primaryimage"},"image":{"@id":"https:\/\/medicpro.hr\/veleprodaja\/proizvod\/uredaj-za-fizioterapiju-hitop-2-touch\/#primaryimage"},"thumbnailUrl":"https:\/\/medicpro.hr\/veleprodaja\/wp-content\/uploads\/2025\/06\/products-6926-1-1.jpg","datePublished":"2025-09-01T00:59:16+00:00","dateModified":"2025-09-12T09:02:21+00:00","breadcrumb":{"@id":"https:\/\/medicpro.hr\/veleprodaja\/proizvod\/uredaj-za-fizioterapiju-hitop-2-touch\/#breadcrumb"},"inLanguage":"hr","potentialAction":[{"@type":"ReadAction","target":["https:\/\/medicpro.hr\/veleprodaja\/proizvod\/uredaj-za-fizioterapiju-hitop-2-touch\/"]}]},{"@type":"ImageObject","inLanguage":"hr","@id":"https:\/\/medicpro.hr\/veleprodaja\/proizvod\/uredaj-za-fizioterapiju-hitop-2-touch\/#primaryimage","url":"https:\/\/medicpro.hr\/veleprodaja\/wp-content\/uploads\/2025\/06\/products-6926-1-1.jpg","contentUrl":"https:\/\/medicpro.hr\/veleprodaja\/wp-content\/uploads\/2025\/06\/products-6926-1-1.jpg","width":458,"height":458},{"@type":"BreadcrumbList","@id":"https:\/\/medicpro.hr\/veleprodaja\/proizvod\/uredaj-za-fizioterapiju-hitop-2-touch\/#breadcrumb","itemListElement":[{"@type":"ListItem","position":1,"name":"Po\u010detna stranica","item":"https:\/\/medicpro.hr\/veleprodaja\/"},{"@type":"ListItem","position":2,"name":"Veleprodaja","item":"https:\/\/medicpro.hr\/veleprodaja\/trgovina\/"},{"@type":"ListItem","position":3,"name":"URE\u0110AJ ZA FIZIOTERAPIJU HiTop 2 touch"}]},{"@type":"WebSite","@id":"https:\/\/medicpro.hr\/veleprodaja\/#website","url":"https:\/\/medicpro.hr\/veleprodaja\/","name":"Medicpro.hr","description":"Medicinski potro\u0161ni materijal i oprema","publisher":{"@id":"https:\/\/medicpro.hr\/veleprodaja\/#organization"},"potentialAction":[{"@type":"SearchAction","target":{"@type":"EntryPoint","urlTemplate":"https:\/\/medicpro.hr\/veleprodaja\/?s={search_term_string}"},"query-input":{"@type":"PropertyValueSpecification","valueRequired":true,"valueName":"search_term_string"}}],"inLanguage":"hr"},{"@type":"Organization","@id":"https:\/\/medicpro.hr\/veleprodaja\/#organization","name":"Medicpro d.o.o.","url":"https:\/\/medicpro.hr\/veleprodaja\/","logo":{"@type":"ImageObject","inLanguage":"hr","@id":"https:\/\/medicpro.hr\/veleprodaja\/#\/schema\/logo\/image\/","url":"https:\/\/medicpro.hr\/veleprodaja\/wp-content\/uploads\/2025\/05\/medicpro_logo.svg","contentUrl":"https:\/\/medicpro.hr\/veleprodaja\/wp-content\/uploads\/2025\/05\/medicpro_logo.svg","width":226,"height":42,"caption":"Medicpro d.o.o."},"image":{"@id":"https:\/\/medicpro.hr\/veleprodaja\/#\/schema\/logo\/image\/"}}]}},"_links":{"self":[{"href":"https:\/\/medicpro.hr\/veleprodaja\/wp-json\/wp\/v2\/product\/60383","targetHints":{"allow":["GET"]}}],"collection":[{"href":"https:\/\/medicpro.hr\/veleprodaja\/wp-json\/wp\/v2\/product"}],"about":[{"href":"https:\/\/medicpro.hr\/veleprodaja\/wp-json\/wp\/v2\/types\/product"}],"replies":[{"embeddable":true,"href":"https:\/\/medicpro.hr\/veleprodaja\/wp-json\/wp\/v2\/comments?post=60383"}],"wp:featuredmedia":[{"embeddable":true,"href":"https:\/\/medicpro.hr\/veleprodaja\/wp-json\/wp\/v2\/media\/50958"}],"wp:attachment":[{"href":"https:\/\/medicpro.hr\/veleprodaja\/wp-json\/wp\/v2\/media?parent=60383"}],"wp:term":[{"taxonomy":"product_brand","embeddable":true,"href":"https:\/\/medicpro.hr\/veleprodaja\/wp-json\/wp\/v2\/product_brand?post=60383"},{"taxonomy":"product_cat","embeddable":true,"href":"https:\/\/medicpro.hr\/veleprodaja\/wp-json\/wp\/v2\/product_cat?post=60383"},{"taxonomy":"product_tag","embeddable":true,"href":"https:\/\/medicpro.hr\/veleprodaja\/wp-json\/wp\/v2\/product_tag?post=60383"}],"curies":[{"name":"wp","href":"https:\/\/api.w.org\/{rel}","templated":true}]}}