{"id":60380,"date":"2025-09-01T02:59:16","date_gmt":"2025-09-01T00:59:16","guid":{"rendered":"https:\/\/zdesmedicpro-velepro.kuhada.net\/?post_type=product&#038;p=60380"},"modified":"2025-09-12T11:02:21","modified_gmt":"2025-09-12T09:02:21","slug":"uredaj-za-terapiju-mikrovalovima-radiotherm-1006-s-ukljucenim-dodacima","status":"publish","type":"product","link":"https:\/\/medicpro.hr\/veleprodaja\/proizvod\/uredaj-za-terapiju-mikrovalovima-radiotherm-1006-s-ukljucenim-dodacima\/","title":{"rendered":"URE\u0110AJ ZA TERAPIJU MIKROVALOVIMA &#8220;RADIOTHERM 1006&#8221; S UKLJU\u010cENIM DODACIMA"},"content":{"rendered":"<div id=\"tw-target-text-container\" class=\"tw-ta-container F0azHf tw-nfl\">\n<p><strong>Visoko u\u010dinkovit ure\u0111aj za mikrovalnu terapiju koji pru\u017ea pouzdanost i snagu kroz dugogodi\u0161nju medicinsku praksu<\/strong>. Zahvaljuju\u0107i tome, ovaj model je postao odli\u010dan izbor za lije\u010dnike i fizioterapeute. Idealan je izbor za kori\u0161tenje u bolnicama i privatnim ordinacijama.<\/p>\n<p><strong>Radiotherm 1006 stvara konstantnu i impulsnu mikrovalnu energiju<\/strong> za toplinsku i netoplinsku primjenu. Uz redukciju potko\u017enog masnog tkiva, mikrovalno zra\u010denje povoljno utje\u010de na mi\u0161i\u0107e, ligamente, tetive i zglobove: <strong>poja\u010dava cirkulaciju krvi i metabolizam stanica<\/strong>. <strong>Jedni od najva\u017enijih u\u010dinaka koji se javljaju ve\u0107 nakon relativno kratkog razdoblja lije\u010denja su spazmoliza i ubla\u017eavanje boli<\/strong>. Podru\u010dje primjene je pro\u0161ireno impulsnim radom, a akutni upalni procesi tako\u0111er mogu biti tretirani ovim ure\u0111ajem.<\/p>\n<p><strong>Energija mikrovalova se na tkivo prenosi nastavcima &#8211; radijatorima razli\u010ditih oblika, gdje se pretvara u toplinsku energiju<\/strong>. Podesiva okretna ruka omogu\u0107ava lako i to\u010dno usmjeravanje radijatora na dio tijela koji se namjerava tretirati. Komande ure\u0111aja su jednostavne i smje\u0161tene na gornjoj plo\u010di ure\u0111aja.<\/p>\n<p>Ovisno o vrsti i mjestu tretmana, mogu\u0107e je odabrati nastavak velike povr\u0161ine, srednje povr\u0161ine ili to\u010dkastog oblika.<\/p>\n<p>Izlazna snaga se prikazuje putem digitalnog zaslona. Vrijeme lije\u010denja postavlja se digitalno pomo\u0107u gumba (vrijednost izme\u0111u 1 i 20 minuta).<\/p>\n<p><strong>Za maksimalnu sigurnost pacijenta, ure\u0111aj automatski prekida napajanje u slu\u010daju kvara ili lo\u0161e funkcije koaksijalnog kabela. Na plo\u010di ure\u0111aja nalaze se opti\u010dki signali koji ukazuju na mogu\u0107e kvarove.<\/strong><\/p>\n<p>Tehni\u010dke specifikacije:<\/p>\n<ul>\n<li>HF izlazna snaga: 200\/600 W (CW\/puls)<\/li>\n<li>Frekvencija: 2,45 GHz \u00b150 MHz<\/li>\n<li>Vrijeme tretmana: 0-20 min (u koracima od 1 min)<\/li>\n<li>Napajanje: 115\/230 V, 50-60 Hz<\/li>\n<li>Ulazna snaga: 690\u00a0 VA<\/li>\n<li>Razred\/stupanj za\u0161tita.: I\/BF (IEC 601-1)<\/li>\n<li>Klasa: IIa MPG<\/li>\n<li>Dimenzije: 420x970x410 mm (\u0160 x V x D)<\/li>\n<li>Te\u017eina: 43 kg<\/li>\n<li>Garancija: 24 mjeseca<\/li>\n<\/ul>\n<p>Dodaci uklju\u010duju kru\u017eni, fokusni radijator, koaksijalni kabel i za\u0161titne nao\u010dale za sigurnost.<\/p>\n<\/div>\n","protected":false},"excerpt":{"rendered":"<p>Visoko u\u010dinkovit ure\u0111aj za mikrovalnu terapiju koji pru\u017ea pouzdanost i snagu kroz dugogodi\u0161nju medicinsku praksu. Zahvaljuju\u0107i tome, ovaj model je<\/p>\n","protected":false},"featured_media":50954,"comment_status":"open","ping_status":"closed","template":"","meta":[],"product_brand":[],"product_cat":[705,759],"product_tag":[],"class_list":{"0":"post-60380","1":"product","2":"type-product","3":"status-publish","4":"has-post-thumbnail","6":"product_cat-fizikalna-terapija","7":"product_cat-uredaji-za-fizikalnu-terapiju","9":"first","10":"onbackorder","11":"taxable","12":"shipping-taxable","13":"purchasable","14":"product-type-simple"},"acf":[],"yoast_head":"<!-- This site is optimized with the Yoast SEO plugin v27.3 - https:\/\/yoast.com\/product\/yoast-seo-wordpress\/ -->\n<title>URE\u0110AJ ZA TERAPIJU MIKROVALOVIMA &quot;RADIOTHERM 1006&quot; S UKLJU\u010cENIM DODACIMA - Medicpro<\/title>\n<meta name=\"robots\" content=\"index, follow, max-snippet:-1, max-image-preview:large, max-video-preview:-1\" \/>\n<link rel=\"canonical\" href=\"https:\/\/medicpro.hr\/veleprodaja\/proizvod\/uredaj-za-terapiju-mikrovalovima-radiotherm-1006-s-ukljucenim-dodacima\/\" \/>\n<meta property=\"og:locale\" content=\"hr_HR\" \/>\n<meta property=\"og:type\" content=\"article\" \/>\n<meta property=\"og:title\" content=\"URE\u0110AJ ZA TERAPIJU MIKROVALOVIMA &quot;RADIOTHERM 1006&quot; S UKLJU\u010cENIM DODACIMA - Medicpro\" \/>\n<meta property=\"og:description\" content=\"Visoko u\u010dinkovit ure\u0111aj za mikrovalnu terapiju koji pru\u017ea pouzdanost i snagu kroz dugogodi\u0161nju medicinsku praksu. Zahvaljuju\u0107i tome, ovaj model je\" \/>\n<meta property=\"og:url\" content=\"https:\/\/medicpro.hr\/veleprodaja\/proizvod\/uredaj-za-terapiju-mikrovalovima-radiotherm-1006-s-ukljucenim-dodacima\/\" \/>\n<meta property=\"og:site_name\" content=\"Medicpro\" \/>\n<meta property=\"article:modified_time\" content=\"2025-09-12T09:02:21+00:00\" \/>\n<meta property=\"og:image\" content=\"https:\/\/medicpro.hr\/veleprodaja\/wp-content\/uploads\/2025\/06\/products-6922-1-1.jpg\" \/>\n\t<meta property=\"og:image:width\" content=\"458\" \/>\n\t<meta property=\"og:image:height\" content=\"458\" \/>\n\t<meta property=\"og:image:type\" content=\"image\/jpeg\" \/>\n<meta name=\"twitter:card\" content=\"summary_large_image\" \/>\n<meta name=\"twitter:label1\" content=\"Procijenjeno vrijeme \u010ditanja\" \/>\n\t<meta name=\"twitter:data1\" content=\"2 minute\" \/>\n<script type=\"application\/ld+json\" class=\"yoast-schema-graph\">{\"@context\":\"https:\\\/\\\/schema.org\",\"@graph\":[{\"@type\":\"WebPage\",\"@id\":\"https:\\\/\\\/medicpro.hr\\\/veleprodaja\\\/proizvod\\\/uredaj-za-terapiju-mikrovalovima-radiotherm-1006-s-ukljucenim-dodacima\\\/\",\"url\":\"https:\\\/\\\/medicpro.hr\\\/veleprodaja\\\/proizvod\\\/uredaj-za-terapiju-mikrovalovima-radiotherm-1006-s-ukljucenim-dodacima\\\/\",\"name\":\"URE\u0110AJ ZA TERAPIJU MIKROVALOVIMA \\\"RADIOTHERM 1006\\\" S UKLJU\u010cENIM DODACIMA - Medicpro\",\"isPartOf\":{\"@id\":\"https:\\\/\\\/medicpro.hr\\\/veleprodaja\\\/#website\"},\"primaryImageOfPage\":{\"@id\":\"https:\\\/\\\/medicpro.hr\\\/veleprodaja\\\/proizvod\\\/uredaj-za-terapiju-mikrovalovima-radiotherm-1006-s-ukljucenim-dodacima\\\/#primaryimage\"},\"image\":{\"@id\":\"https:\\\/\\\/medicpro.hr\\\/veleprodaja\\\/proizvod\\\/uredaj-za-terapiju-mikrovalovima-radiotherm-1006-s-ukljucenim-dodacima\\\/#primaryimage\"},\"thumbnailUrl\":\"https:\\\/\\\/medicpro.hr\\\/veleprodaja\\\/wp-content\\\/uploads\\\/2025\\\/06\\\/products-6922-1-1.jpg\",\"datePublished\":\"2025-09-01T00:59:16+00:00\",\"dateModified\":\"2025-09-12T09:02:21+00:00\",\"breadcrumb\":{\"@id\":\"https:\\\/\\\/medicpro.hr\\\/veleprodaja\\\/proizvod\\\/uredaj-za-terapiju-mikrovalovima-radiotherm-1006-s-ukljucenim-dodacima\\\/#breadcrumb\"},\"inLanguage\":\"hr\",\"potentialAction\":[{\"@type\":\"ReadAction\",\"target\":[\"https:\\\/\\\/medicpro.hr\\\/veleprodaja\\\/proizvod\\\/uredaj-za-terapiju-mikrovalovima-radiotherm-1006-s-ukljucenim-dodacima\\\/\"]}]},{\"@type\":\"ImageObject\",\"inLanguage\":\"hr\",\"@id\":\"https:\\\/\\\/medicpro.hr\\\/veleprodaja\\\/proizvod\\\/uredaj-za-terapiju-mikrovalovima-radiotherm-1006-s-ukljucenim-dodacima\\\/#primaryimage\",\"url\":\"https:\\\/\\\/medicpro.hr\\\/veleprodaja\\\/wp-content\\\/uploads\\\/2025\\\/06\\\/products-6922-1-1.jpg\",\"contentUrl\":\"https:\\\/\\\/medicpro.hr\\\/veleprodaja\\\/wp-content\\\/uploads\\\/2025\\\/06\\\/products-6922-1-1.jpg\",\"width\":458,\"height\":458},{\"@type\":\"BreadcrumbList\",\"@id\":\"https:\\\/\\\/medicpro.hr\\\/veleprodaja\\\/proizvod\\\/uredaj-za-terapiju-mikrovalovima-radiotherm-1006-s-ukljucenim-dodacima\\\/#breadcrumb\",\"itemListElement\":[{\"@type\":\"ListItem\",\"position\":1,\"name\":\"Po\u010detna stranica\",\"item\":\"https:\\\/\\\/medicpro.hr\\\/veleprodaja\\\/\"},{\"@type\":\"ListItem\",\"position\":2,\"name\":\"Veleprodaja\",\"item\":\"https:\\\/\\\/medicpro.hr\\\/veleprodaja\\\/trgovina\\\/\"},{\"@type\":\"ListItem\",\"position\":3,\"name\":\"URE\u0110AJ ZA TERAPIJU MIKROVALOVIMA &#8220;RADIOTHERM 1006&#8221; S UKLJU\u010cENIM DODACIMA\"}]},{\"@type\":\"WebSite\",\"@id\":\"https:\\\/\\\/medicpro.hr\\\/veleprodaja\\\/#website\",\"url\":\"https:\\\/\\\/medicpro.hr\\\/veleprodaja\\\/\",\"name\":\"Medicpro.hr\",\"description\":\"Medicinski potro\u0161ni materijal i oprema\",\"publisher\":{\"@id\":\"https:\\\/\\\/medicpro.hr\\\/veleprodaja\\\/#organization\"},\"potentialAction\":[{\"@type\":\"SearchAction\",\"target\":{\"@type\":\"EntryPoint\",\"urlTemplate\":\"https:\\\/\\\/medicpro.hr\\\/veleprodaja\\\/?s={search_term_string}\"},\"query-input\":{\"@type\":\"PropertyValueSpecification\",\"valueRequired\":true,\"valueName\":\"search_term_string\"}}],\"inLanguage\":\"hr\"},{\"@type\":\"Organization\",\"@id\":\"https:\\\/\\\/medicpro.hr\\\/veleprodaja\\\/#organization\",\"name\":\"Medicpro d.o.o.\",\"url\":\"https:\\\/\\\/medicpro.hr\\\/veleprodaja\\\/\",\"logo\":{\"@type\":\"ImageObject\",\"inLanguage\":\"hr\",\"@id\":\"https:\\\/\\\/medicpro.hr\\\/veleprodaja\\\/#\\\/schema\\\/logo\\\/image\\\/\",\"url\":\"https:\\\/\\\/medicpro.hr\\\/veleprodaja\\\/wp-content\\\/uploads\\\/2025\\\/05\\\/medicpro_logo.svg\",\"contentUrl\":\"https:\\\/\\\/medicpro.hr\\\/veleprodaja\\\/wp-content\\\/uploads\\\/2025\\\/05\\\/medicpro_logo.svg\",\"width\":226,\"height\":42,\"caption\":\"Medicpro d.o.o.\"},\"image\":{\"@id\":\"https:\\\/\\\/medicpro.hr\\\/veleprodaja\\\/#\\\/schema\\\/logo\\\/image\\\/\"}}]}<\/script>\n<!-- \/ Yoast SEO plugin. -->","yoast_head_json":{"title":"URE\u0110AJ ZA TERAPIJU MIKROVALOVIMA \"RADIOTHERM 1006\" S UKLJU\u010cENIM DODACIMA - Medicpro","robots":{"index":"index","follow":"follow","max-snippet":"max-snippet:-1","max-image-preview":"max-image-preview:large","max-video-preview":"max-video-preview:-1"},"canonical":"https:\/\/medicpro.hr\/veleprodaja\/proizvod\/uredaj-za-terapiju-mikrovalovima-radiotherm-1006-s-ukljucenim-dodacima\/","og_locale":"hr_HR","og_type":"article","og_title":"URE\u0110AJ ZA TERAPIJU MIKROVALOVIMA \"RADIOTHERM 1006\" S UKLJU\u010cENIM DODACIMA - Medicpro","og_description":"Visoko u\u010dinkovit ure\u0111aj za mikrovalnu terapiju koji pru\u017ea pouzdanost i snagu kroz dugogodi\u0161nju medicinsku praksu. Zahvaljuju\u0107i tome, ovaj model je","og_url":"https:\/\/medicpro.hr\/veleprodaja\/proizvod\/uredaj-za-terapiju-mikrovalovima-radiotherm-1006-s-ukljucenim-dodacima\/","og_site_name":"Medicpro","article_modified_time":"2025-09-12T09:02:21+00:00","og_image":[{"width":458,"height":458,"url":"https:\/\/medicpro.hr\/veleprodaja\/wp-content\/uploads\/2025\/06\/products-6922-1-1.jpg","type":"image\/jpeg"}],"twitter_card":"summary_large_image","twitter_misc":{"Procijenjeno vrijeme \u010ditanja":"2 minute"},"schema":{"@context":"https:\/\/schema.org","@graph":[{"@type":"WebPage","@id":"https:\/\/medicpro.hr\/veleprodaja\/proizvod\/uredaj-za-terapiju-mikrovalovima-radiotherm-1006-s-ukljucenim-dodacima\/","url":"https:\/\/medicpro.hr\/veleprodaja\/proizvod\/uredaj-za-terapiju-mikrovalovima-radiotherm-1006-s-ukljucenim-dodacima\/","name":"URE\u0110AJ ZA TERAPIJU MIKROVALOVIMA \"RADIOTHERM 1006\" S UKLJU\u010cENIM DODACIMA - Medicpro","isPartOf":{"@id":"https:\/\/medicpro.hr\/veleprodaja\/#website"},"primaryImageOfPage":{"@id":"https:\/\/medicpro.hr\/veleprodaja\/proizvod\/uredaj-za-terapiju-mikrovalovima-radiotherm-1006-s-ukljucenim-dodacima\/#primaryimage"},"image":{"@id":"https:\/\/medicpro.hr\/veleprodaja\/proizvod\/uredaj-za-terapiju-mikrovalovima-radiotherm-1006-s-ukljucenim-dodacima\/#primaryimage"},"thumbnailUrl":"https:\/\/medicpro.hr\/veleprodaja\/wp-content\/uploads\/2025\/06\/products-6922-1-1.jpg","datePublished":"2025-09-01T00:59:16+00:00","dateModified":"2025-09-12T09:02:21+00:00","breadcrumb":{"@id":"https:\/\/medicpro.hr\/veleprodaja\/proizvod\/uredaj-za-terapiju-mikrovalovima-radiotherm-1006-s-ukljucenim-dodacima\/#breadcrumb"},"inLanguage":"hr","potentialAction":[{"@type":"ReadAction","target":["https:\/\/medicpro.hr\/veleprodaja\/proizvod\/uredaj-za-terapiju-mikrovalovima-radiotherm-1006-s-ukljucenim-dodacima\/"]}]},{"@type":"ImageObject","inLanguage":"hr","@id":"https:\/\/medicpro.hr\/veleprodaja\/proizvod\/uredaj-za-terapiju-mikrovalovima-radiotherm-1006-s-ukljucenim-dodacima\/#primaryimage","url":"https:\/\/medicpro.hr\/veleprodaja\/wp-content\/uploads\/2025\/06\/products-6922-1-1.jpg","contentUrl":"https:\/\/medicpro.hr\/veleprodaja\/wp-content\/uploads\/2025\/06\/products-6922-1-1.jpg","width":458,"height":458},{"@type":"BreadcrumbList","@id":"https:\/\/medicpro.hr\/veleprodaja\/proizvod\/uredaj-za-terapiju-mikrovalovima-radiotherm-1006-s-ukljucenim-dodacima\/#breadcrumb","itemListElement":[{"@type":"ListItem","position":1,"name":"Po\u010detna stranica","item":"https:\/\/medicpro.hr\/veleprodaja\/"},{"@type":"ListItem","position":2,"name":"Veleprodaja","item":"https:\/\/medicpro.hr\/veleprodaja\/trgovina\/"},{"@type":"ListItem","position":3,"name":"URE\u0110AJ ZA TERAPIJU MIKROVALOVIMA &#8220;RADIOTHERM 1006&#8221; S UKLJU\u010cENIM DODACIMA"}]},{"@type":"WebSite","@id":"https:\/\/medicpro.hr\/veleprodaja\/#website","url":"https:\/\/medicpro.hr\/veleprodaja\/","name":"Medicpro.hr","description":"Medicinski potro\u0161ni materijal i oprema","publisher":{"@id":"https:\/\/medicpro.hr\/veleprodaja\/#organization"},"potentialAction":[{"@type":"SearchAction","target":{"@type":"EntryPoint","urlTemplate":"https:\/\/medicpro.hr\/veleprodaja\/?s={search_term_string}"},"query-input":{"@type":"PropertyValueSpecification","valueRequired":true,"valueName":"search_term_string"}}],"inLanguage":"hr"},{"@type":"Organization","@id":"https:\/\/medicpro.hr\/veleprodaja\/#organization","name":"Medicpro d.o.o.","url":"https:\/\/medicpro.hr\/veleprodaja\/","logo":{"@type":"ImageObject","inLanguage":"hr","@id":"https:\/\/medicpro.hr\/veleprodaja\/#\/schema\/logo\/image\/","url":"https:\/\/medicpro.hr\/veleprodaja\/wp-content\/uploads\/2025\/05\/medicpro_logo.svg","contentUrl":"https:\/\/medicpro.hr\/veleprodaja\/wp-content\/uploads\/2025\/05\/medicpro_logo.svg","width":226,"height":42,"caption":"Medicpro d.o.o."},"image":{"@id":"https:\/\/medicpro.hr\/veleprodaja\/#\/schema\/logo\/image\/"}}]}},"_links":{"self":[{"href":"https:\/\/medicpro.hr\/veleprodaja\/wp-json\/wp\/v2\/product\/60380","targetHints":{"allow":["GET"]}}],"collection":[{"href":"https:\/\/medicpro.hr\/veleprodaja\/wp-json\/wp\/v2\/product"}],"about":[{"href":"https:\/\/medicpro.hr\/veleprodaja\/wp-json\/wp\/v2\/types\/product"}],"replies":[{"embeddable":true,"href":"https:\/\/medicpro.hr\/veleprodaja\/wp-json\/wp\/v2\/comments?post=60380"}],"wp:featuredmedia":[{"embeddable":true,"href":"https:\/\/medicpro.hr\/veleprodaja\/wp-json\/wp\/v2\/media\/50954"}],"wp:attachment":[{"href":"https:\/\/medicpro.hr\/veleprodaja\/wp-json\/wp\/v2\/media?parent=60380"}],"wp:term":[{"taxonomy":"product_brand","embeddable":true,"href":"https:\/\/medicpro.hr\/veleprodaja\/wp-json\/wp\/v2\/product_brand?post=60380"},{"taxonomy":"product_cat","embeddable":true,"href":"https:\/\/medicpro.hr\/veleprodaja\/wp-json\/wp\/v2\/product_cat?post=60380"},{"taxonomy":"product_tag","embeddable":true,"href":"https:\/\/medicpro.hr\/veleprodaja\/wp-json\/wp\/v2\/product_tag?post=60380"}],"curies":[{"name":"wp","href":"https:\/\/api.w.org\/{rel}","templated":true}]}}