{"id":60351,"date":"2025-09-01T02:59:12","date_gmt":"2025-09-01T00:59:12","guid":{"rendered":"https:\/\/zdesmedicpro-velepro.kuhada.net\/?post_type=product&#038;p=60351"},"modified":"2026-04-08T09:43:43","modified_gmt":"2026-04-08T07:43:43","slug":"uredaj-za-fizioterapiju-hitop-pnp","status":"publish","type":"product","link":"https:\/\/medicpro.hr\/veleprodaja\/proizvod\/uredaj-za-fizioterapiju-hitop-pnp\/","title":{"rendered":"URE\u0110AJ ZA FIZIOTERAPIJU HiToP PNP"},"content":{"rendered":"<ul>\n<li>HiTop\u00ae PNP je <strong>visokofrekventni ure\u0111aj za mi\u0161i\u0107nu stimulaciju<\/strong> koji je prvenstveno namijenjen <strong>lije\u010denju dijabeti\u010dke polineuropatije<\/strong>.<\/li>\n<li>Pacijentima s <strong>dijabetesom tipa II<\/strong> se \u010desto polako razviju bolesti koje su posljedica dijabetesa. Jedna od njih je dijabeti\u010dka polineuropatija.<\/li>\n<li><strong>U tipi\u010dne probleme spada gubitak povr\u0161inskog senzibiliteta, osje\u0107aj tromosti, utrnulosti, gubitak osje\u0107aja za temperaturu i probadaju\u0107a bol.<\/strong><\/li>\n<li>Visokofrekventna terapija temelji se na uvjerenju da izmjenu tvari ne pobolj\u0161ava samo aktivno kretanje (sport), nego i pasivno (u obliku vanjske elektro mi\u0161i\u0107ne stimulacije).<\/li>\n<li>Visokofrekventna terapija djeluje druga\u010dije nego klasi\u010dna elektroterapija (TENS) odnosno <strong>djeluje u dubinu, direktno na mi\u0161i\u0107<\/strong> gdje proizvede intenzivnu, a time i u\u010dinkovitu te ugodnu kontrakciju. Osim toga, visoke <strong>frekvencije izme\u0111u 4000 i 32000 Hz<\/strong> podupiru biokemijske i bioelektri\u010dne procese u stanici i time olak\u0161avaju izmjenu tvari.<\/li>\n<li><strong>HiToP PNP ure\u0111aj:<\/strong>\n<ul>\n<li>U\u010dinkovit oblik mi\u0161i\u0107ne stimulacije.<\/li>\n<li><strong>Olak\u0161ava neuropatske tegobe<\/strong>\u00a0s u\u010destalim bolovima.<\/li>\n<li>Jednostavan za upotrebu kod ku\u0107e.<\/li>\n<li>Pobolj\u0161ava osjetljivost na inzulin.<\/li>\n<li>Rezultati dokazani s vi\u0161e klini\u010dkih studija.<\/li>\n<li>Mogu\u0107a nuspojava pri dugotrajnoj upotrebi je gubitak te\u017eine.<\/li>\n<\/ul>\n<\/li>\n<li>HiToP visokotonska terapija protiv bolova ima <strong>direktan utjecaj na stani\u010dni metabolizam<\/strong>. Tim oblikom terapije u tijelo se dovodi energija koja aktivira stanice i vitalizira tijelo.<\/li>\n<li><span style=\"color: #ff0000;\"><strong>Trajanje jedne terapije je 60 minuta, a da bi rezultati terapije bili vidljivi, u mjesec dana potrebno je odraditi barem 20-25 sati terapija.<\/strong><\/span><\/li>\n<li>Ve\u0107 nakon prve terapije <strong>60 &#8211; 80% pacijenata osjeti znatno smanjenje bolova<\/strong>.<\/li>\n<li>Dok konvencionalna elektroterapija stimulira \u017eivce i mi\u0161i\u0107e, primarni cilj HighTone Power terapije je <strong>neposredan u\u010dinak na metabolizam stanica<\/strong>. HighTone Power predstavlja novi kvantni skok na podru\u010dju elektroterapije.<\/li>\n<li><strong>Dva glavna u\u010dinka HighTone Power terapije:<\/strong>\n<ul>\n<li>Unos energije u tijelo u svrhu aktiviranja stanica i njegove revitalizacije.<\/li>\n<li>Stvaranje rezonancije s namjerom da potakne oscilaciju strukture stanica i tkiva \u0161to pobolj\u0161ava metaboli\u010dke procese i smanjuje bol.<\/li>\n<\/ul>\n<\/li>\n<li><span style=\"color: #0000ff;\"><strong>Ure\u0111aj je mogu\u0107e uzeti u mjese\u010dni najam. Minimalno trajanje najma je 1 mjesec (30 dana), a maksimalno 2 mjeseca (60 dana).<\/strong><\/span><\/li>\n<li><span style=\"color: #0000ff;\"><strong>Cijena mjese\u010dnog najma je 210,00 eura s PDV-om.<\/strong><\/span><\/li>\n<li><span style=\"color: #0000ff;\"><strong>U slu\u010daju kupnje, cijena ure\u0111aja se umanjuje za pla\u0107eni iznos najma.<\/strong><\/span><\/li>\n<li><span style=\"color: #0000ff;\"><strong>Za detaljnije informacije o postupku najma ure\u0111aja, molimo kontaktirajte nas na telefon: 040 314 407 ili e-mail: info@medicpro.hr.<\/strong><\/span><\/li>\n<\/ul>\n","protected":false},"excerpt":{"rendered":"<p>HiTop\u00ae PNP je visokofrekventni ure\u0111aj za mi\u0161i\u0107nu stimulaciju koji je prvenstveno namijenjen lije\u010denju dijabeti\u010dke polineuropatije. Pacijentima s dijabetesom tipa II<\/p>\n","protected":false},"featured_media":50891,"comment_status":"open","ping_status":"closed","template":"","meta":[],"product_brand":[],"product_cat":[705,759],"product_tag":[],"class_list":{"0":"post-60351","1":"product","2":"type-product","3":"status-publish","4":"has-post-thumbnail","6":"product_cat-fizikalna-terapija","7":"product_cat-uredaji-za-fizikalnu-terapiju","9":"first","10":"onbackorder","11":"taxable","12":"shipping-taxable","13":"purchasable","14":"product-type-simple"},"acf":[],"yoast_head":"<!-- This site is optimized with the Yoast SEO plugin v27.3 - https:\/\/yoast.com\/product\/yoast-seo-wordpress\/ -->\n<title>URE\u0110AJ ZA FIZIOTERAPIJU HiToP PNP - Medicpro<\/title>\n<meta name=\"robots\" content=\"index, follow, max-snippet:-1, max-image-preview:large, max-video-preview:-1\" \/>\n<link rel=\"canonical\" href=\"https:\/\/medicpro.hr\/veleprodaja\/proizvod\/uredaj-za-fizioterapiju-hitop-pnp\/\" \/>\n<meta property=\"og:locale\" content=\"hr_HR\" \/>\n<meta property=\"og:type\" content=\"article\" \/>\n<meta property=\"og:title\" content=\"URE\u0110AJ ZA FIZIOTERAPIJU HiToP PNP - Medicpro\" \/>\n<meta property=\"og:description\" content=\"HiTop\u00ae PNP je visokofrekventni ure\u0111aj za mi\u0161i\u0107nu stimulaciju koji je prvenstveno namijenjen lije\u010denju dijabeti\u010dke polineuropatije. Pacijentima s dijabetesom tipa II\" \/>\n<meta property=\"og:url\" content=\"https:\/\/medicpro.hr\/veleprodaja\/proizvod\/uredaj-za-fizioterapiju-hitop-pnp\/\" \/>\n<meta property=\"og:site_name\" content=\"Medicpro\" \/>\n<meta property=\"article:modified_time\" content=\"2026-04-08T07:43:43+00:00\" \/>\n<meta property=\"og:image\" content=\"https:\/\/medicpro.hr\/veleprodaja\/wp-content\/uploads\/2025\/06\/products-6919-1-3.jpg\" \/>\n\t<meta property=\"og:image:width\" content=\"800\" \/>\n\t<meta property=\"og:image:height\" content=\"800\" \/>\n\t<meta property=\"og:image:type\" content=\"image\/jpeg\" \/>\n<meta name=\"twitter:card\" content=\"summary_large_image\" \/>\n<meta name=\"twitter:label1\" content=\"Procijenjeno vrijeme \u010ditanja\" \/>\n\t<meta name=\"twitter:data1\" content=\"3 minute\" \/>\n<script type=\"application\/ld+json\" class=\"yoast-schema-graph\">{\"@context\":\"https:\\\/\\\/schema.org\",\"@graph\":[{\"@type\":\"WebPage\",\"@id\":\"https:\\\/\\\/medicpro.hr\\\/veleprodaja\\\/proizvod\\\/uredaj-za-fizioterapiju-hitop-pnp\\\/\",\"url\":\"https:\\\/\\\/medicpro.hr\\\/veleprodaja\\\/proizvod\\\/uredaj-za-fizioterapiju-hitop-pnp\\\/\",\"name\":\"URE\u0110AJ ZA FIZIOTERAPIJU HiToP PNP - Medicpro\",\"isPartOf\":{\"@id\":\"https:\\\/\\\/medicpro.hr\\\/veleprodaja\\\/#website\"},\"primaryImageOfPage\":{\"@id\":\"https:\\\/\\\/medicpro.hr\\\/veleprodaja\\\/proizvod\\\/uredaj-za-fizioterapiju-hitop-pnp\\\/#primaryimage\"},\"image\":{\"@id\":\"https:\\\/\\\/medicpro.hr\\\/veleprodaja\\\/proizvod\\\/uredaj-za-fizioterapiju-hitop-pnp\\\/#primaryimage\"},\"thumbnailUrl\":\"https:\\\/\\\/medicpro.hr\\\/veleprodaja\\\/wp-content\\\/uploads\\\/2025\\\/06\\\/products-6919-1-3.jpg\",\"datePublished\":\"2025-09-01T00:59:12+00:00\",\"dateModified\":\"2026-04-08T07:43:43+00:00\",\"breadcrumb\":{\"@id\":\"https:\\\/\\\/medicpro.hr\\\/veleprodaja\\\/proizvod\\\/uredaj-za-fizioterapiju-hitop-pnp\\\/#breadcrumb\"},\"inLanguage\":\"hr\",\"potentialAction\":[{\"@type\":\"ReadAction\",\"target\":[\"https:\\\/\\\/medicpro.hr\\\/veleprodaja\\\/proizvod\\\/uredaj-za-fizioterapiju-hitop-pnp\\\/\"]}]},{\"@type\":\"ImageObject\",\"inLanguage\":\"hr\",\"@id\":\"https:\\\/\\\/medicpro.hr\\\/veleprodaja\\\/proizvod\\\/uredaj-za-fizioterapiju-hitop-pnp\\\/#primaryimage\",\"url\":\"https:\\\/\\\/medicpro.hr\\\/veleprodaja\\\/wp-content\\\/uploads\\\/2025\\\/06\\\/products-6919-1-3.jpg\",\"contentUrl\":\"https:\\\/\\\/medicpro.hr\\\/veleprodaja\\\/wp-content\\\/uploads\\\/2025\\\/06\\\/products-6919-1-3.jpg\",\"width\":800,\"height\":800},{\"@type\":\"BreadcrumbList\",\"@id\":\"https:\\\/\\\/medicpro.hr\\\/veleprodaja\\\/proizvod\\\/uredaj-za-fizioterapiju-hitop-pnp\\\/#breadcrumb\",\"itemListElement\":[{\"@type\":\"ListItem\",\"position\":1,\"name\":\"Po\u010detna stranica\",\"item\":\"https:\\\/\\\/medicpro.hr\\\/veleprodaja\\\/\"},{\"@type\":\"ListItem\",\"position\":2,\"name\":\"Veleprodaja\",\"item\":\"https:\\\/\\\/medicpro.hr\\\/veleprodaja\\\/trgovina\\\/\"},{\"@type\":\"ListItem\",\"position\":3,\"name\":\"URE\u0110AJ ZA FIZIOTERAPIJU HiToP PNP\"}]},{\"@type\":\"WebSite\",\"@id\":\"https:\\\/\\\/medicpro.hr\\\/veleprodaja\\\/#website\",\"url\":\"https:\\\/\\\/medicpro.hr\\\/veleprodaja\\\/\",\"name\":\"Medicpro.hr\",\"description\":\"Medicinski potro\u0161ni materijal i oprema\",\"publisher\":{\"@id\":\"https:\\\/\\\/medicpro.hr\\\/veleprodaja\\\/#organization\"},\"potentialAction\":[{\"@type\":\"SearchAction\",\"target\":{\"@type\":\"EntryPoint\",\"urlTemplate\":\"https:\\\/\\\/medicpro.hr\\\/veleprodaja\\\/?s={search_term_string}\"},\"query-input\":{\"@type\":\"PropertyValueSpecification\",\"valueRequired\":true,\"valueName\":\"search_term_string\"}}],\"inLanguage\":\"hr\"},{\"@type\":\"Organization\",\"@id\":\"https:\\\/\\\/medicpro.hr\\\/veleprodaja\\\/#organization\",\"name\":\"Medicpro d.o.o.\",\"url\":\"https:\\\/\\\/medicpro.hr\\\/veleprodaja\\\/\",\"logo\":{\"@type\":\"ImageObject\",\"inLanguage\":\"hr\",\"@id\":\"https:\\\/\\\/medicpro.hr\\\/veleprodaja\\\/#\\\/schema\\\/logo\\\/image\\\/\",\"url\":\"https:\\\/\\\/medicpro.hr\\\/veleprodaja\\\/wp-content\\\/uploads\\\/2025\\\/05\\\/medicpro_logo.svg\",\"contentUrl\":\"https:\\\/\\\/medicpro.hr\\\/veleprodaja\\\/wp-content\\\/uploads\\\/2025\\\/05\\\/medicpro_logo.svg\",\"width\":226,\"height\":42,\"caption\":\"Medicpro d.o.o.\"},\"image\":{\"@id\":\"https:\\\/\\\/medicpro.hr\\\/veleprodaja\\\/#\\\/schema\\\/logo\\\/image\\\/\"}}]}<\/script>\n<!-- \/ Yoast SEO plugin. -->","yoast_head_json":{"title":"URE\u0110AJ ZA FIZIOTERAPIJU HiToP PNP - Medicpro","robots":{"index":"index","follow":"follow","max-snippet":"max-snippet:-1","max-image-preview":"max-image-preview:large","max-video-preview":"max-video-preview:-1"},"canonical":"https:\/\/medicpro.hr\/veleprodaja\/proizvod\/uredaj-za-fizioterapiju-hitop-pnp\/","og_locale":"hr_HR","og_type":"article","og_title":"URE\u0110AJ ZA FIZIOTERAPIJU HiToP PNP - Medicpro","og_description":"HiTop\u00ae PNP je visokofrekventni ure\u0111aj za mi\u0161i\u0107nu stimulaciju koji je prvenstveno namijenjen lije\u010denju dijabeti\u010dke polineuropatije. Pacijentima s dijabetesom tipa II","og_url":"https:\/\/medicpro.hr\/veleprodaja\/proizvod\/uredaj-za-fizioterapiju-hitop-pnp\/","og_site_name":"Medicpro","article_modified_time":"2026-04-08T07:43:43+00:00","og_image":[{"width":800,"height":800,"url":"https:\/\/medicpro.hr\/veleprodaja\/wp-content\/uploads\/2025\/06\/products-6919-1-3.jpg","type":"image\/jpeg"}],"twitter_card":"summary_large_image","twitter_misc":{"Procijenjeno vrijeme \u010ditanja":"3 minute"},"schema":{"@context":"https:\/\/schema.org","@graph":[{"@type":"WebPage","@id":"https:\/\/medicpro.hr\/veleprodaja\/proizvod\/uredaj-za-fizioterapiju-hitop-pnp\/","url":"https:\/\/medicpro.hr\/veleprodaja\/proizvod\/uredaj-za-fizioterapiju-hitop-pnp\/","name":"URE\u0110AJ ZA FIZIOTERAPIJU HiToP PNP - Medicpro","isPartOf":{"@id":"https:\/\/medicpro.hr\/veleprodaja\/#website"},"primaryImageOfPage":{"@id":"https:\/\/medicpro.hr\/veleprodaja\/proizvod\/uredaj-za-fizioterapiju-hitop-pnp\/#primaryimage"},"image":{"@id":"https:\/\/medicpro.hr\/veleprodaja\/proizvod\/uredaj-za-fizioterapiju-hitop-pnp\/#primaryimage"},"thumbnailUrl":"https:\/\/medicpro.hr\/veleprodaja\/wp-content\/uploads\/2025\/06\/products-6919-1-3.jpg","datePublished":"2025-09-01T00:59:12+00:00","dateModified":"2026-04-08T07:43:43+00:00","breadcrumb":{"@id":"https:\/\/medicpro.hr\/veleprodaja\/proizvod\/uredaj-za-fizioterapiju-hitop-pnp\/#breadcrumb"},"inLanguage":"hr","potentialAction":[{"@type":"ReadAction","target":["https:\/\/medicpro.hr\/veleprodaja\/proizvod\/uredaj-za-fizioterapiju-hitop-pnp\/"]}]},{"@type":"ImageObject","inLanguage":"hr","@id":"https:\/\/medicpro.hr\/veleprodaja\/proizvod\/uredaj-za-fizioterapiju-hitop-pnp\/#primaryimage","url":"https:\/\/medicpro.hr\/veleprodaja\/wp-content\/uploads\/2025\/06\/products-6919-1-3.jpg","contentUrl":"https:\/\/medicpro.hr\/veleprodaja\/wp-content\/uploads\/2025\/06\/products-6919-1-3.jpg","width":800,"height":800},{"@type":"BreadcrumbList","@id":"https:\/\/medicpro.hr\/veleprodaja\/proizvod\/uredaj-za-fizioterapiju-hitop-pnp\/#breadcrumb","itemListElement":[{"@type":"ListItem","position":1,"name":"Po\u010detna stranica","item":"https:\/\/medicpro.hr\/veleprodaja\/"},{"@type":"ListItem","position":2,"name":"Veleprodaja","item":"https:\/\/medicpro.hr\/veleprodaja\/trgovina\/"},{"@type":"ListItem","position":3,"name":"URE\u0110AJ ZA FIZIOTERAPIJU HiToP PNP"}]},{"@type":"WebSite","@id":"https:\/\/medicpro.hr\/veleprodaja\/#website","url":"https:\/\/medicpro.hr\/veleprodaja\/","name":"Medicpro.hr","description":"Medicinski potro\u0161ni materijal i oprema","publisher":{"@id":"https:\/\/medicpro.hr\/veleprodaja\/#organization"},"potentialAction":[{"@type":"SearchAction","target":{"@type":"EntryPoint","urlTemplate":"https:\/\/medicpro.hr\/veleprodaja\/?s={search_term_string}"},"query-input":{"@type":"PropertyValueSpecification","valueRequired":true,"valueName":"search_term_string"}}],"inLanguage":"hr"},{"@type":"Organization","@id":"https:\/\/medicpro.hr\/veleprodaja\/#organization","name":"Medicpro d.o.o.","url":"https:\/\/medicpro.hr\/veleprodaja\/","logo":{"@type":"ImageObject","inLanguage":"hr","@id":"https:\/\/medicpro.hr\/veleprodaja\/#\/schema\/logo\/image\/","url":"https:\/\/medicpro.hr\/veleprodaja\/wp-content\/uploads\/2025\/05\/medicpro_logo.svg","contentUrl":"https:\/\/medicpro.hr\/veleprodaja\/wp-content\/uploads\/2025\/05\/medicpro_logo.svg","width":226,"height":42,"caption":"Medicpro d.o.o."},"image":{"@id":"https:\/\/medicpro.hr\/veleprodaja\/#\/schema\/logo\/image\/"}}]}},"_links":{"self":[{"href":"https:\/\/medicpro.hr\/veleprodaja\/wp-json\/wp\/v2\/product\/60351","targetHints":{"allow":["GET"]}}],"collection":[{"href":"https:\/\/medicpro.hr\/veleprodaja\/wp-json\/wp\/v2\/product"}],"about":[{"href":"https:\/\/medicpro.hr\/veleprodaja\/wp-json\/wp\/v2\/types\/product"}],"replies":[{"embeddable":true,"href":"https:\/\/medicpro.hr\/veleprodaja\/wp-json\/wp\/v2\/comments?post=60351"}],"wp:featuredmedia":[{"embeddable":true,"href":"https:\/\/medicpro.hr\/veleprodaja\/wp-json\/wp\/v2\/media\/50891"}],"wp:attachment":[{"href":"https:\/\/medicpro.hr\/veleprodaja\/wp-json\/wp\/v2\/media?parent=60351"}],"wp:term":[{"taxonomy":"product_brand","embeddable":true,"href":"https:\/\/medicpro.hr\/veleprodaja\/wp-json\/wp\/v2\/product_brand?post=60351"},{"taxonomy":"product_cat","embeddable":true,"href":"https:\/\/medicpro.hr\/veleprodaja\/wp-json\/wp\/v2\/product_cat?post=60351"},{"taxonomy":"product_tag","embeddable":true,"href":"https:\/\/medicpro.hr\/veleprodaja\/wp-json\/wp\/v2\/product_tag?post=60351"}],"curies":[{"name":"wp","href":"https:\/\/api.w.org\/{rel}","templated":true}]}}