{"id":60273,"date":"2025-09-01T02:58:56","date_gmt":"2025-09-01T00:58:56","guid":{"rendered":"https:\/\/zdesmedicpro-velepro.kuhada.net\/?post_type=product&#038;p=60273"},"modified":"2025-10-06T11:02:57","modified_gmt":"2025-10-06T09:02:57","slug":"model-za-uvjezbavanje-uvodenja-katetera-zenski","status":"publish","type":"product","link":"https:\/\/medicpro.hr\/veleprodaja\/proizvod\/model-za-uvjezbavanje-uvodenja-katetera-zenski\/","title":{"rendered":"MODEL ZA UVJE\u017dBAVANJE UVO\u0110ENJA KATETERA &#8211; \u017dENSKI"},"content":{"rendered":"<ul>\n<li><strong>Koristite ovaj realisti\u010dan model kateterizacije za vje\u017ebanje pravilnog uvo\u0111enja podmazanog katetera kod \u017eena.<\/strong><\/li>\n<li>Tako\u0111er se mo\u017ee koristiti za podu\u010davanje anatomije i tehnika sterilnog \u010di\u0161\u0107enja prije, tijekom i nakon uvo\u0111enja katetera.<\/li>\n<li>Anatomija ovog modela uklju\u010duje:\n<ul>\n<li>rektum<\/li>\n<li>maternicu<\/li>\n<li>mokra\u0107ni mjehur<\/li>\n<li>zdjeli\u010dnu kost<\/li>\n<li>mi\u0161i\u0107 sfinktera uretre<\/li>\n<li>klitoris<\/li>\n<li>uretralni meatus<\/li>\n<li>labia minora<\/li>\n<li>vaginu<\/li>\n<li>labia majora<\/li>\n<li>zdjeli\u010dno dno<\/li>\n<li>anus<\/li>\n<\/ul>\n<\/li>\n<li>Model se mo\u017ee koristiti s bilo kojim kateterom veli\u010dine CH16 ili manjim.<\/li>\n<li>Uklju\u010duje upute, anatomski dijagram i kutiju za pohranu.<\/li>\n<\/ul>\n","protected":false},"excerpt":{"rendered":"<p>Koristite ovaj realisti\u010dan model kateterizacije za vje\u017ebanje pravilnog uvo\u0111enja podmazanog katetera kod \u017eena. Tako\u0111er se mo\u017ee koristiti za podu\u010davanje anatomije<\/p>\n","protected":false},"featured_media":50715,"comment_status":"open","ping_status":"closed","template":"","meta":[],"product_brand":[],"product_cat":[776,959],"product_tag":[],"class_list":{"0":"post-60273","1":"product","2":"type-product","3":"status-publish","4":"has-post-thumbnail","6":"product_cat-anatomski-modeli-i-simulatori","7":"product_cat-humana-medicina","9":"first","10":"onbackorder","11":"taxable","12":"shipping-taxable","13":"purchasable","14":"product-type-simple"},"acf":[],"yoast_head":"<!-- This site is optimized with the Yoast SEO plugin v27.3 - https:\/\/yoast.com\/product\/yoast-seo-wordpress\/ -->\n<title>MODEL ZA UVJE\u017dBAVANJE UVO\u0110ENJA KATETERA - \u017dENSKI - Medicpro<\/title>\n<meta name=\"robots\" content=\"index, follow, max-snippet:-1, max-image-preview:large, max-video-preview:-1\" \/>\n<link rel=\"canonical\" href=\"https:\/\/medicpro.hr\/veleprodaja\/proizvod\/model-za-uvjezbavanje-uvodenja-katetera-zenski\/\" \/>\n<meta property=\"og:locale\" content=\"hr_HR\" \/>\n<meta property=\"og:type\" content=\"article\" \/>\n<meta property=\"og:title\" content=\"MODEL ZA UVJE\u017dBAVANJE UVO\u0110ENJA KATETERA - \u017dENSKI - Medicpro\" \/>\n<meta property=\"og:description\" content=\"Koristite ovaj realisti\u010dan model kateterizacije za vje\u017ebanje pravilnog uvo\u0111enja podmazanog katetera kod \u017eena. Tako\u0111er se mo\u017ee koristiti za podu\u010davanje anatomije\" \/>\n<meta property=\"og:url\" content=\"https:\/\/medicpro.hr\/veleprodaja\/proizvod\/model-za-uvjezbavanje-uvodenja-katetera-zenski\/\" \/>\n<meta property=\"og:site_name\" content=\"Medicpro\" \/>\n<meta property=\"article:modified_time\" content=\"2025-10-06T09:02:57+00:00\" \/>\n<meta property=\"og:image\" content=\"https:\/\/medicpro.hr\/veleprodaja\/wp-content\/uploads\/2025\/06\/MODEL0036-1.jpg\" \/>\n\t<meta property=\"og:image:width\" content=\"720\" \/>\n\t<meta property=\"og:image:height\" content=\"800\" \/>\n\t<meta property=\"og:image:type\" content=\"image\/jpeg\" \/>\n<meta name=\"twitter:card\" content=\"summary_large_image\" \/>\n<script type=\"application\/ld+json\" class=\"yoast-schema-graph\">{\"@context\":\"https:\\\/\\\/schema.org\",\"@graph\":[{\"@type\":\"WebPage\",\"@id\":\"https:\\\/\\\/medicpro.hr\\\/veleprodaja\\\/proizvod\\\/model-za-uvjezbavanje-uvodenja-katetera-zenski\\\/\",\"url\":\"https:\\\/\\\/medicpro.hr\\\/veleprodaja\\\/proizvod\\\/model-za-uvjezbavanje-uvodenja-katetera-zenski\\\/\",\"name\":\"MODEL ZA UVJE\u017dBAVANJE UVO\u0110ENJA KATETERA - \u017dENSKI - Medicpro\",\"isPartOf\":{\"@id\":\"https:\\\/\\\/medicpro.hr\\\/veleprodaja\\\/#website\"},\"primaryImageOfPage\":{\"@id\":\"https:\\\/\\\/medicpro.hr\\\/veleprodaja\\\/proizvod\\\/model-za-uvjezbavanje-uvodenja-katetera-zenski\\\/#primaryimage\"},\"image\":{\"@id\":\"https:\\\/\\\/medicpro.hr\\\/veleprodaja\\\/proizvod\\\/model-za-uvjezbavanje-uvodenja-katetera-zenski\\\/#primaryimage\"},\"thumbnailUrl\":\"https:\\\/\\\/medicpro.hr\\\/veleprodaja\\\/wp-content\\\/uploads\\\/2025\\\/06\\\/MODEL0036-1.jpg\",\"datePublished\":\"2025-09-01T00:58:56+00:00\",\"dateModified\":\"2025-10-06T09:02:57+00:00\",\"breadcrumb\":{\"@id\":\"https:\\\/\\\/medicpro.hr\\\/veleprodaja\\\/proizvod\\\/model-za-uvjezbavanje-uvodenja-katetera-zenski\\\/#breadcrumb\"},\"inLanguage\":\"hr\",\"potentialAction\":[{\"@type\":\"ReadAction\",\"target\":[\"https:\\\/\\\/medicpro.hr\\\/veleprodaja\\\/proizvod\\\/model-za-uvjezbavanje-uvodenja-katetera-zenski\\\/\"]}]},{\"@type\":\"ImageObject\",\"inLanguage\":\"hr\",\"@id\":\"https:\\\/\\\/medicpro.hr\\\/veleprodaja\\\/proizvod\\\/model-za-uvjezbavanje-uvodenja-katetera-zenski\\\/#primaryimage\",\"url\":\"https:\\\/\\\/medicpro.hr\\\/veleprodaja\\\/wp-content\\\/uploads\\\/2025\\\/06\\\/MODEL0036-1.jpg\",\"contentUrl\":\"https:\\\/\\\/medicpro.hr\\\/veleprodaja\\\/wp-content\\\/uploads\\\/2025\\\/06\\\/MODEL0036-1.jpg\",\"width\":720,\"height\":800},{\"@type\":\"BreadcrumbList\",\"@id\":\"https:\\\/\\\/medicpro.hr\\\/veleprodaja\\\/proizvod\\\/model-za-uvjezbavanje-uvodenja-katetera-zenski\\\/#breadcrumb\",\"itemListElement\":[{\"@type\":\"ListItem\",\"position\":1,\"name\":\"Po\u010detna stranica\",\"item\":\"https:\\\/\\\/medicpro.hr\\\/veleprodaja\\\/\"},{\"@type\":\"ListItem\",\"position\":2,\"name\":\"Veleprodaja\",\"item\":\"https:\\\/\\\/medicpro.hr\\\/veleprodaja\\\/trgovina\\\/\"},{\"@type\":\"ListItem\",\"position\":3,\"name\":\"MODEL ZA UVJE\u017dBAVANJE UVO\u0110ENJA KATETERA &#8211; \u017dENSKI\"}]},{\"@type\":\"WebSite\",\"@id\":\"https:\\\/\\\/medicpro.hr\\\/veleprodaja\\\/#website\",\"url\":\"https:\\\/\\\/medicpro.hr\\\/veleprodaja\\\/\",\"name\":\"Medicpro.hr\",\"description\":\"Medicinski potro\u0161ni materijal i oprema\",\"publisher\":{\"@id\":\"https:\\\/\\\/medicpro.hr\\\/veleprodaja\\\/#organization\"},\"potentialAction\":[{\"@type\":\"SearchAction\",\"target\":{\"@type\":\"EntryPoint\",\"urlTemplate\":\"https:\\\/\\\/medicpro.hr\\\/veleprodaja\\\/?s={search_term_string}\"},\"query-input\":{\"@type\":\"PropertyValueSpecification\",\"valueRequired\":true,\"valueName\":\"search_term_string\"}}],\"inLanguage\":\"hr\"},{\"@type\":\"Organization\",\"@id\":\"https:\\\/\\\/medicpro.hr\\\/veleprodaja\\\/#organization\",\"name\":\"Medicpro d.o.o.\",\"url\":\"https:\\\/\\\/medicpro.hr\\\/veleprodaja\\\/\",\"logo\":{\"@type\":\"ImageObject\",\"inLanguage\":\"hr\",\"@id\":\"https:\\\/\\\/medicpro.hr\\\/veleprodaja\\\/#\\\/schema\\\/logo\\\/image\\\/\",\"url\":\"https:\\\/\\\/medicpro.hr\\\/veleprodaja\\\/wp-content\\\/uploads\\\/2025\\\/05\\\/medicpro_logo.svg\",\"contentUrl\":\"https:\\\/\\\/medicpro.hr\\\/veleprodaja\\\/wp-content\\\/uploads\\\/2025\\\/05\\\/medicpro_logo.svg\",\"width\":226,\"height\":42,\"caption\":\"Medicpro d.o.o.\"},\"image\":{\"@id\":\"https:\\\/\\\/medicpro.hr\\\/veleprodaja\\\/#\\\/schema\\\/logo\\\/image\\\/\"}}]}<\/script>\n<!-- \/ Yoast SEO plugin. -->","yoast_head_json":{"title":"MODEL ZA UVJE\u017dBAVANJE UVO\u0110ENJA KATETERA - \u017dENSKI - Medicpro","robots":{"index":"index","follow":"follow","max-snippet":"max-snippet:-1","max-image-preview":"max-image-preview:large","max-video-preview":"max-video-preview:-1"},"canonical":"https:\/\/medicpro.hr\/veleprodaja\/proizvod\/model-za-uvjezbavanje-uvodenja-katetera-zenski\/","og_locale":"hr_HR","og_type":"article","og_title":"MODEL ZA UVJE\u017dBAVANJE UVO\u0110ENJA KATETERA - \u017dENSKI - Medicpro","og_description":"Koristite ovaj realisti\u010dan model kateterizacije za vje\u017ebanje pravilnog uvo\u0111enja podmazanog katetera kod \u017eena. Tako\u0111er se mo\u017ee koristiti za podu\u010davanje anatomije","og_url":"https:\/\/medicpro.hr\/veleprodaja\/proizvod\/model-za-uvjezbavanje-uvodenja-katetera-zenski\/","og_site_name":"Medicpro","article_modified_time":"2025-10-06T09:02:57+00:00","og_image":[{"width":720,"height":800,"url":"https:\/\/medicpro.hr\/veleprodaja\/wp-content\/uploads\/2025\/06\/MODEL0036-1.jpg","type":"image\/jpeg"}],"twitter_card":"summary_large_image","schema":{"@context":"https:\/\/schema.org","@graph":[{"@type":"WebPage","@id":"https:\/\/medicpro.hr\/veleprodaja\/proizvod\/model-za-uvjezbavanje-uvodenja-katetera-zenski\/","url":"https:\/\/medicpro.hr\/veleprodaja\/proizvod\/model-za-uvjezbavanje-uvodenja-katetera-zenski\/","name":"MODEL ZA UVJE\u017dBAVANJE UVO\u0110ENJA KATETERA - \u017dENSKI - Medicpro","isPartOf":{"@id":"https:\/\/medicpro.hr\/veleprodaja\/#website"},"primaryImageOfPage":{"@id":"https:\/\/medicpro.hr\/veleprodaja\/proizvod\/model-za-uvjezbavanje-uvodenja-katetera-zenski\/#primaryimage"},"image":{"@id":"https:\/\/medicpro.hr\/veleprodaja\/proizvod\/model-za-uvjezbavanje-uvodenja-katetera-zenski\/#primaryimage"},"thumbnailUrl":"https:\/\/medicpro.hr\/veleprodaja\/wp-content\/uploads\/2025\/06\/MODEL0036-1.jpg","datePublished":"2025-09-01T00:58:56+00:00","dateModified":"2025-10-06T09:02:57+00:00","breadcrumb":{"@id":"https:\/\/medicpro.hr\/veleprodaja\/proizvod\/model-za-uvjezbavanje-uvodenja-katetera-zenski\/#breadcrumb"},"inLanguage":"hr","potentialAction":[{"@type":"ReadAction","target":["https:\/\/medicpro.hr\/veleprodaja\/proizvod\/model-za-uvjezbavanje-uvodenja-katetera-zenski\/"]}]},{"@type":"ImageObject","inLanguage":"hr","@id":"https:\/\/medicpro.hr\/veleprodaja\/proizvod\/model-za-uvjezbavanje-uvodenja-katetera-zenski\/#primaryimage","url":"https:\/\/medicpro.hr\/veleprodaja\/wp-content\/uploads\/2025\/06\/MODEL0036-1.jpg","contentUrl":"https:\/\/medicpro.hr\/veleprodaja\/wp-content\/uploads\/2025\/06\/MODEL0036-1.jpg","width":720,"height":800},{"@type":"BreadcrumbList","@id":"https:\/\/medicpro.hr\/veleprodaja\/proizvod\/model-za-uvjezbavanje-uvodenja-katetera-zenski\/#breadcrumb","itemListElement":[{"@type":"ListItem","position":1,"name":"Po\u010detna stranica","item":"https:\/\/medicpro.hr\/veleprodaja\/"},{"@type":"ListItem","position":2,"name":"Veleprodaja","item":"https:\/\/medicpro.hr\/veleprodaja\/trgovina\/"},{"@type":"ListItem","position":3,"name":"MODEL ZA UVJE\u017dBAVANJE UVO\u0110ENJA KATETERA &#8211; \u017dENSKI"}]},{"@type":"WebSite","@id":"https:\/\/medicpro.hr\/veleprodaja\/#website","url":"https:\/\/medicpro.hr\/veleprodaja\/","name":"Medicpro.hr","description":"Medicinski potro\u0161ni materijal i oprema","publisher":{"@id":"https:\/\/medicpro.hr\/veleprodaja\/#organization"},"potentialAction":[{"@type":"SearchAction","target":{"@type":"EntryPoint","urlTemplate":"https:\/\/medicpro.hr\/veleprodaja\/?s={search_term_string}"},"query-input":{"@type":"PropertyValueSpecification","valueRequired":true,"valueName":"search_term_string"}}],"inLanguage":"hr"},{"@type":"Organization","@id":"https:\/\/medicpro.hr\/veleprodaja\/#organization","name":"Medicpro d.o.o.","url":"https:\/\/medicpro.hr\/veleprodaja\/","logo":{"@type":"ImageObject","inLanguage":"hr","@id":"https:\/\/medicpro.hr\/veleprodaja\/#\/schema\/logo\/image\/","url":"https:\/\/medicpro.hr\/veleprodaja\/wp-content\/uploads\/2025\/05\/medicpro_logo.svg","contentUrl":"https:\/\/medicpro.hr\/veleprodaja\/wp-content\/uploads\/2025\/05\/medicpro_logo.svg","width":226,"height":42,"caption":"Medicpro d.o.o."},"image":{"@id":"https:\/\/medicpro.hr\/veleprodaja\/#\/schema\/logo\/image\/"}}]}},"_links":{"self":[{"href":"https:\/\/medicpro.hr\/veleprodaja\/wp-json\/wp\/v2\/product\/60273","targetHints":{"allow":["GET"]}}],"collection":[{"href":"https:\/\/medicpro.hr\/veleprodaja\/wp-json\/wp\/v2\/product"}],"about":[{"href":"https:\/\/medicpro.hr\/veleprodaja\/wp-json\/wp\/v2\/types\/product"}],"replies":[{"embeddable":true,"href":"https:\/\/medicpro.hr\/veleprodaja\/wp-json\/wp\/v2\/comments?post=60273"}],"wp:featuredmedia":[{"embeddable":true,"href":"https:\/\/medicpro.hr\/veleprodaja\/wp-json\/wp\/v2\/media\/50715"}],"wp:attachment":[{"href":"https:\/\/medicpro.hr\/veleprodaja\/wp-json\/wp\/v2\/media?parent=60273"}],"wp:term":[{"taxonomy":"product_brand","embeddable":true,"href":"https:\/\/medicpro.hr\/veleprodaja\/wp-json\/wp\/v2\/product_brand?post=60273"},{"taxonomy":"product_cat","embeddable":true,"href":"https:\/\/medicpro.hr\/veleprodaja\/wp-json\/wp\/v2\/product_cat?post=60273"},{"taxonomy":"product_tag","embeddable":true,"href":"https:\/\/medicpro.hr\/veleprodaja\/wp-json\/wp\/v2\/product_tag?post=60273"}],"curies":[{"name":"wp","href":"https:\/\/api.w.org\/{rel}","templated":true}]}}