{"id":60265,"date":"2025-09-01T02:58:56","date_gmt":"2025-09-01T00:58:56","guid":{"rendered":"https:\/\/zdesmedicpro-velepro.kuhada.net\/?post_type=product&#038;p=60265"},"modified":"2025-10-06T11:02:57","modified_gmt":"2025-10-06T09:02:57","slug":"simulator-poroda-noelle","status":"publish","type":"product","link":"https:\/\/medicpro.hr\/veleprodaja\/proizvod\/simulator-poroda-noelle\/","title":{"rendered":"SIMULATOR PORODA &#8220;NOELLE&#8221;"},"content":{"rendered":"<ul>\n<li><strong>Ovaj simulator dizajniran je da pru\u017ei potpuno iskustvo poro\u0111aja prije, tijekom i nakon poroda.<\/strong><\/li>\n<\/ul>\n<p>Zna\u010dajke:<\/p>\n<ul>\n<li>potpuno pokretljiva \u017eenska lutka u prirodnoj veli\u010dini<\/li>\n<li><strong>mogu\u0107nost intubiranja di\u0161nog puta s podizanjem prsnog ko\u0161a<\/strong><\/li>\n<li>intravenozna ruka za lijekove\/teku\u0107ine<\/li>\n<li>pokrov za trbuh koji se mo\u017ee skinuti<\/li>\n<li>vje\u017ebanje carskog reza i poroda pincetom<\/li>\n<li>vje\u017ebanje Leopoldovih manevara<\/li>\n<li><strong>vi\u0161estruki fetalni sr\u010dani tonovi<\/strong><\/li>\n<li>sustav automatskog ra\u0111anja<\/li>\n<li>mjerenje spu\u0161tanja glave i otvaranja cerviksa<\/li>\n<li>vi\u0161estruki polo\u017eaji posteljice<\/li>\n<li>izmjenjivi rastezljivi cerviksi<\/li>\n<li>vje\u017ebanje \u0161ivanja epiziotomije na 3 razli\u010dita vulvalna umetka<\/li>\n<li>novoro\u0111en\u010de se mo\u017ee intubirati te je mogu\u0107a pup\u010dana kateterizacija<\/li>\n<li><strong>fleksibilna poro\u0111ajna beba s posteljicom i PEDI Blue neonatalnim simulatorom<\/strong><\/li>\n<\/ul>\n<p>Isporu\u010duje se s PEDI Blue\u00ae neonatalnim simulatorom sa SmartSkin\u2122 tehnologijom.<\/p>\n<p><strong>PEDI Blue\u00ae simulator ima jedinstvenu sposobnost promjene boje na temelju po\u010detnog, unaprijed odabranog, stanja i djelotvornosti ventilacije di\u0161nih putova te kompresije prsnog ko\u0161a.<\/strong><\/p>\n<p>Code Blue\u00ae monitor elektroni\u010dki nadzire ventilaciju i kompresiju te utvr\u0111uje zadovoljavaju li konvencionalne standarde za neonatalni CPR. <strong>Ako je rezultat prihvatljiv, monitor mijenja boju ko\u017ee novoro\u0111en\u010deta u zdraviju boju. Ako su ventilacija i kompresija prsnog ko\u0161a nedostatne ili ih nema, monitor mijenja boju ko\u017ee novoro\u0111en\u010deta u plavu nijansu.<\/strong><\/p>\n<p>Te\u017eina: 50 kg.<\/p>\n","protected":false},"excerpt":{"rendered":"<p>Ovaj simulator dizajniran je da pru\u017ei potpuno iskustvo poro\u0111aja prije, tijekom i nakon poroda. Zna\u010dajke: potpuno pokretljiva \u017eenska lutka u<\/p>\n","protected":false},"featured_media":50663,"comment_status":"open","ping_status":"closed","template":"","meta":[],"product_brand":[],"product_cat":[776,959],"product_tag":[],"class_list":{"0":"post-60265","1":"product","2":"type-product","3":"status-publish","4":"has-post-thumbnail","6":"product_cat-anatomski-modeli-i-simulatori","7":"product_cat-humana-medicina","9":"first","10":"onbackorder","11":"taxable","12":"shipping-taxable","13":"purchasable","14":"product-type-simple"},"acf":[],"yoast_head":"<!-- This site is optimized with the Yoast SEO plugin v27.3 - https:\/\/yoast.com\/product\/yoast-seo-wordpress\/ -->\n<title>SIMULATOR PORODA &quot;NOELLE&quot; - Medicpro<\/title>\n<meta name=\"robots\" content=\"index, follow, max-snippet:-1, max-image-preview:large, max-video-preview:-1\" \/>\n<link rel=\"canonical\" href=\"https:\/\/medicpro.hr\/veleprodaja\/proizvod\/simulator-poroda-noelle\/\" \/>\n<meta property=\"og:locale\" content=\"hr_HR\" \/>\n<meta property=\"og:type\" content=\"article\" \/>\n<meta property=\"og:title\" content=\"SIMULATOR PORODA &quot;NOELLE&quot; - Medicpro\" \/>\n<meta property=\"og:description\" content=\"Ovaj simulator dizajniran je da pru\u017ei potpuno iskustvo poro\u0111aja prije, tijekom i nakon poroda. Zna\u010dajke: potpuno pokretljiva \u017eenska lutka u\" \/>\n<meta property=\"og:url\" content=\"https:\/\/medicpro.hr\/veleprodaja\/proizvod\/simulator-poroda-noelle\/\" \/>\n<meta property=\"og:site_name\" content=\"Medicpro\" \/>\n<meta property=\"article:modified_time\" content=\"2025-10-06T09:02:57+00:00\" \/>\n<meta property=\"og:image\" content=\"https:\/\/medicpro.hr\/veleprodaja\/wp-content\/uploads\/2025\/06\/products-6878-1-1.jpg\" \/>\n\t<meta property=\"og:image:width\" content=\"800\" \/>\n\t<meta property=\"og:image:height\" content=\"800\" \/>\n\t<meta property=\"og:image:type\" content=\"image\/jpeg\" \/>\n<meta name=\"twitter:card\" content=\"summary_large_image\" \/>\n<meta name=\"twitter:label1\" content=\"Procijenjeno vrijeme \u010ditanja\" \/>\n\t<meta name=\"twitter:data1\" content=\"1 minuta\" \/>\n<script type=\"application\/ld+json\" class=\"yoast-schema-graph\">{\"@context\":\"https:\\\/\\\/schema.org\",\"@graph\":[{\"@type\":\"WebPage\",\"@id\":\"https:\\\/\\\/medicpro.hr\\\/veleprodaja\\\/proizvod\\\/simulator-poroda-noelle\\\/\",\"url\":\"https:\\\/\\\/medicpro.hr\\\/veleprodaja\\\/proizvod\\\/simulator-poroda-noelle\\\/\",\"name\":\"SIMULATOR PORODA \\\"NOELLE\\\" - Medicpro\",\"isPartOf\":{\"@id\":\"https:\\\/\\\/medicpro.hr\\\/veleprodaja\\\/#website\"},\"primaryImageOfPage\":{\"@id\":\"https:\\\/\\\/medicpro.hr\\\/veleprodaja\\\/proizvod\\\/simulator-poroda-noelle\\\/#primaryimage\"},\"image\":{\"@id\":\"https:\\\/\\\/medicpro.hr\\\/veleprodaja\\\/proizvod\\\/simulator-poroda-noelle\\\/#primaryimage\"},\"thumbnailUrl\":\"https:\\\/\\\/medicpro.hr\\\/veleprodaja\\\/wp-content\\\/uploads\\\/2025\\\/06\\\/products-6878-1-1.jpg\",\"datePublished\":\"2025-09-01T00:58:56+00:00\",\"dateModified\":\"2025-10-06T09:02:57+00:00\",\"breadcrumb\":{\"@id\":\"https:\\\/\\\/medicpro.hr\\\/veleprodaja\\\/proizvod\\\/simulator-poroda-noelle\\\/#breadcrumb\"},\"inLanguage\":\"hr\",\"potentialAction\":[{\"@type\":\"ReadAction\",\"target\":[\"https:\\\/\\\/medicpro.hr\\\/veleprodaja\\\/proizvod\\\/simulator-poroda-noelle\\\/\"]}]},{\"@type\":\"ImageObject\",\"inLanguage\":\"hr\",\"@id\":\"https:\\\/\\\/medicpro.hr\\\/veleprodaja\\\/proizvod\\\/simulator-poroda-noelle\\\/#primaryimage\",\"url\":\"https:\\\/\\\/medicpro.hr\\\/veleprodaja\\\/wp-content\\\/uploads\\\/2025\\\/06\\\/products-6878-1-1.jpg\",\"contentUrl\":\"https:\\\/\\\/medicpro.hr\\\/veleprodaja\\\/wp-content\\\/uploads\\\/2025\\\/06\\\/products-6878-1-1.jpg\",\"width\":800,\"height\":800},{\"@type\":\"BreadcrumbList\",\"@id\":\"https:\\\/\\\/medicpro.hr\\\/veleprodaja\\\/proizvod\\\/simulator-poroda-noelle\\\/#breadcrumb\",\"itemListElement\":[{\"@type\":\"ListItem\",\"position\":1,\"name\":\"Po\u010detna stranica\",\"item\":\"https:\\\/\\\/medicpro.hr\\\/veleprodaja\\\/\"},{\"@type\":\"ListItem\",\"position\":2,\"name\":\"Veleprodaja\",\"item\":\"https:\\\/\\\/medicpro.hr\\\/veleprodaja\\\/trgovina\\\/\"},{\"@type\":\"ListItem\",\"position\":3,\"name\":\"SIMULATOR PORODA &#8220;NOELLE&#8221;\"}]},{\"@type\":\"WebSite\",\"@id\":\"https:\\\/\\\/medicpro.hr\\\/veleprodaja\\\/#website\",\"url\":\"https:\\\/\\\/medicpro.hr\\\/veleprodaja\\\/\",\"name\":\"Medicpro.hr\",\"description\":\"Medicinski potro\u0161ni materijal i oprema\",\"publisher\":{\"@id\":\"https:\\\/\\\/medicpro.hr\\\/veleprodaja\\\/#organization\"},\"potentialAction\":[{\"@type\":\"SearchAction\",\"target\":{\"@type\":\"EntryPoint\",\"urlTemplate\":\"https:\\\/\\\/medicpro.hr\\\/veleprodaja\\\/?s={search_term_string}\"},\"query-input\":{\"@type\":\"PropertyValueSpecification\",\"valueRequired\":true,\"valueName\":\"search_term_string\"}}],\"inLanguage\":\"hr\"},{\"@type\":\"Organization\",\"@id\":\"https:\\\/\\\/medicpro.hr\\\/veleprodaja\\\/#organization\",\"name\":\"Medicpro d.o.o.\",\"url\":\"https:\\\/\\\/medicpro.hr\\\/veleprodaja\\\/\",\"logo\":{\"@type\":\"ImageObject\",\"inLanguage\":\"hr\",\"@id\":\"https:\\\/\\\/medicpro.hr\\\/veleprodaja\\\/#\\\/schema\\\/logo\\\/image\\\/\",\"url\":\"https:\\\/\\\/medicpro.hr\\\/veleprodaja\\\/wp-content\\\/uploads\\\/2025\\\/05\\\/medicpro_logo.svg\",\"contentUrl\":\"https:\\\/\\\/medicpro.hr\\\/veleprodaja\\\/wp-content\\\/uploads\\\/2025\\\/05\\\/medicpro_logo.svg\",\"width\":226,\"height\":42,\"caption\":\"Medicpro d.o.o.\"},\"image\":{\"@id\":\"https:\\\/\\\/medicpro.hr\\\/veleprodaja\\\/#\\\/schema\\\/logo\\\/image\\\/\"}}]}<\/script>\n<!-- \/ Yoast SEO plugin. -->","yoast_head_json":{"title":"SIMULATOR PORODA \"NOELLE\" - Medicpro","robots":{"index":"index","follow":"follow","max-snippet":"max-snippet:-1","max-image-preview":"max-image-preview:large","max-video-preview":"max-video-preview:-1"},"canonical":"https:\/\/medicpro.hr\/veleprodaja\/proizvod\/simulator-poroda-noelle\/","og_locale":"hr_HR","og_type":"article","og_title":"SIMULATOR PORODA \"NOELLE\" - Medicpro","og_description":"Ovaj simulator dizajniran je da pru\u017ei potpuno iskustvo poro\u0111aja prije, tijekom i nakon poroda. Zna\u010dajke: potpuno pokretljiva \u017eenska lutka u","og_url":"https:\/\/medicpro.hr\/veleprodaja\/proizvod\/simulator-poroda-noelle\/","og_site_name":"Medicpro","article_modified_time":"2025-10-06T09:02:57+00:00","og_image":[{"width":800,"height":800,"url":"https:\/\/medicpro.hr\/veleprodaja\/wp-content\/uploads\/2025\/06\/products-6878-1-1.jpg","type":"image\/jpeg"}],"twitter_card":"summary_large_image","twitter_misc":{"Procijenjeno vrijeme \u010ditanja":"1 minuta"},"schema":{"@context":"https:\/\/schema.org","@graph":[{"@type":"WebPage","@id":"https:\/\/medicpro.hr\/veleprodaja\/proizvod\/simulator-poroda-noelle\/","url":"https:\/\/medicpro.hr\/veleprodaja\/proizvod\/simulator-poroda-noelle\/","name":"SIMULATOR PORODA \"NOELLE\" - Medicpro","isPartOf":{"@id":"https:\/\/medicpro.hr\/veleprodaja\/#website"},"primaryImageOfPage":{"@id":"https:\/\/medicpro.hr\/veleprodaja\/proizvod\/simulator-poroda-noelle\/#primaryimage"},"image":{"@id":"https:\/\/medicpro.hr\/veleprodaja\/proizvod\/simulator-poroda-noelle\/#primaryimage"},"thumbnailUrl":"https:\/\/medicpro.hr\/veleprodaja\/wp-content\/uploads\/2025\/06\/products-6878-1-1.jpg","datePublished":"2025-09-01T00:58:56+00:00","dateModified":"2025-10-06T09:02:57+00:00","breadcrumb":{"@id":"https:\/\/medicpro.hr\/veleprodaja\/proizvod\/simulator-poroda-noelle\/#breadcrumb"},"inLanguage":"hr","potentialAction":[{"@type":"ReadAction","target":["https:\/\/medicpro.hr\/veleprodaja\/proizvod\/simulator-poroda-noelle\/"]}]},{"@type":"ImageObject","inLanguage":"hr","@id":"https:\/\/medicpro.hr\/veleprodaja\/proizvod\/simulator-poroda-noelle\/#primaryimage","url":"https:\/\/medicpro.hr\/veleprodaja\/wp-content\/uploads\/2025\/06\/products-6878-1-1.jpg","contentUrl":"https:\/\/medicpro.hr\/veleprodaja\/wp-content\/uploads\/2025\/06\/products-6878-1-1.jpg","width":800,"height":800},{"@type":"BreadcrumbList","@id":"https:\/\/medicpro.hr\/veleprodaja\/proizvod\/simulator-poroda-noelle\/#breadcrumb","itemListElement":[{"@type":"ListItem","position":1,"name":"Po\u010detna stranica","item":"https:\/\/medicpro.hr\/veleprodaja\/"},{"@type":"ListItem","position":2,"name":"Veleprodaja","item":"https:\/\/medicpro.hr\/veleprodaja\/trgovina\/"},{"@type":"ListItem","position":3,"name":"SIMULATOR PORODA &#8220;NOELLE&#8221;"}]},{"@type":"WebSite","@id":"https:\/\/medicpro.hr\/veleprodaja\/#website","url":"https:\/\/medicpro.hr\/veleprodaja\/","name":"Medicpro.hr","description":"Medicinski potro\u0161ni materijal i oprema","publisher":{"@id":"https:\/\/medicpro.hr\/veleprodaja\/#organization"},"potentialAction":[{"@type":"SearchAction","target":{"@type":"EntryPoint","urlTemplate":"https:\/\/medicpro.hr\/veleprodaja\/?s={search_term_string}"},"query-input":{"@type":"PropertyValueSpecification","valueRequired":true,"valueName":"search_term_string"}}],"inLanguage":"hr"},{"@type":"Organization","@id":"https:\/\/medicpro.hr\/veleprodaja\/#organization","name":"Medicpro d.o.o.","url":"https:\/\/medicpro.hr\/veleprodaja\/","logo":{"@type":"ImageObject","inLanguage":"hr","@id":"https:\/\/medicpro.hr\/veleprodaja\/#\/schema\/logo\/image\/","url":"https:\/\/medicpro.hr\/veleprodaja\/wp-content\/uploads\/2025\/05\/medicpro_logo.svg","contentUrl":"https:\/\/medicpro.hr\/veleprodaja\/wp-content\/uploads\/2025\/05\/medicpro_logo.svg","width":226,"height":42,"caption":"Medicpro d.o.o."},"image":{"@id":"https:\/\/medicpro.hr\/veleprodaja\/#\/schema\/logo\/image\/"}}]}},"_links":{"self":[{"href":"https:\/\/medicpro.hr\/veleprodaja\/wp-json\/wp\/v2\/product\/60265","targetHints":{"allow":["GET"]}}],"collection":[{"href":"https:\/\/medicpro.hr\/veleprodaja\/wp-json\/wp\/v2\/product"}],"about":[{"href":"https:\/\/medicpro.hr\/veleprodaja\/wp-json\/wp\/v2\/types\/product"}],"replies":[{"embeddable":true,"href":"https:\/\/medicpro.hr\/veleprodaja\/wp-json\/wp\/v2\/comments?post=60265"}],"wp:featuredmedia":[{"embeddable":true,"href":"https:\/\/medicpro.hr\/veleprodaja\/wp-json\/wp\/v2\/media\/50663"}],"wp:attachment":[{"href":"https:\/\/medicpro.hr\/veleprodaja\/wp-json\/wp\/v2\/media?parent=60265"}],"wp:term":[{"taxonomy":"product_brand","embeddable":true,"href":"https:\/\/medicpro.hr\/veleprodaja\/wp-json\/wp\/v2\/product_brand?post=60265"},{"taxonomy":"product_cat","embeddable":true,"href":"https:\/\/medicpro.hr\/veleprodaja\/wp-json\/wp\/v2\/product_cat?post=60265"},{"taxonomy":"product_tag","embeddable":true,"href":"https:\/\/medicpro.hr\/veleprodaja\/wp-json\/wp\/v2\/product_tag?post=60265"}],"curies":[{"name":"wp","href":"https:\/\/api.w.org\/{rel}","templated":true}]}}