{"id":60262,"date":"2025-09-01T02:58:56","date_gmt":"2025-09-01T00:58:56","guid":{"rendered":"https:\/\/zdesmedicpro-velepro.kuhada.net\/?post_type=product&#038;p=60262"},"modified":"2026-04-14T09:30:07","modified_gmt":"2026-04-14T07:30:07","slug":"simulator-poroda-napredni","status":"publish","type":"product","link":"https:\/\/medicpro.hr\/veleprodaja\/proizvod\/simulator-poroda-napredni\/","title":{"rendered":"SIMULATOR PORODA, NAPREDNI"},"content":{"rendered":"<ul>\n<li><strong>Ovaj svestrani simulator poroda koriste zdravstveni pedagozi diljem svijeta<\/strong>.<\/li>\n<li><strong>Ne samo da u\u010deniku (pripravniku) i nastavniku (treneru) pru\u017ea izvrsnu simulaciju normalnog poroda, nego tako\u0111er pru\u017ea smjernice za porode s pote\u0161ko\u0107ama i vi\u0161estruke porode<\/strong>.<\/li>\n<li><strong>Simulator se mo\u017ee koristiti za demonstriranje sljede\u0107ih opstetri\u010dkih postupaka<\/strong>:\n<ul>\n<li>normalan vaginalni porod<\/li>\n<li>porod na zadak<\/li>\n<li>carski rez<\/li>\n<li>Ritgenov manevar<\/li>\n<li>epiziotomija<\/li>\n<li>prezentacija vertex-a<\/li>\n<li>intrauterini zahvati<\/li>\n<li>vertex\/vertex, vertex\/zadak, zadak\/vertex ili zadak\/zadak prezentacija vi\u0161estrukih poroda<\/li>\n<li>prolaps pupkovine<\/li>\n<li>placenta previa: potpuna, djelomi\u010dna i marginalna<\/li>\n<li>normalan poro\u0111aj pupkovine i posteljice<\/li>\n<li>palpacija fetalnih fontanela<\/li>\n<li>simulirana sukcija nosa i usta<\/li>\n<\/ul>\n<\/li>\n<li><strong>Simulator se sastoji od<\/strong>:\n<ul>\n<li>zavr\u0161ne plo\u010de dijafragme koja se mo\u017ee ukloniti za ru\u010dno pozicioniranje bebe<\/li>\n<li>poklopca za trbuh koji se mo\u017ee skinuti za pozicioniranje bebe<\/li>\n<li>zdjeli\u010dne \u0161upljine u prirodnoj veli\u010dini s najva\u017enijim anatomskim orijentirima<\/li>\n<li>ru\u010dno oslikanog obrisa zdjelice<\/li>\n<li>3 mekana umetka za vje\u017ebanje epiziotomije<\/li>\n<li>modela beba oba spola, oboje s pupkovinom i posteljicom<\/li>\n<li>anatomski precizne kralje\u017enice i fontanela na bebama<\/li>\n<li>trbuha boje ko\u017ee<\/li>\n<li>prozirne navlake za trbuh<\/li>\n<li>4 dodatne pupkovine<\/li>\n<li>2 pup\u010dane stezaljke<\/li>\n<li>pudera u prahu<\/li>\n<li>uputa za upotrebu<\/li>\n<li>torbe za no\u0161enje<\/li>\n<\/ul>\n<\/li>\n<\/ul>\n","protected":false},"excerpt":{"rendered":"<p>Ovaj svestrani simulator poroda koriste zdravstveni pedagozi diljem svijeta. Ne samo da u\u010deniku (pripravniku) i nastavniku (treneru) pru\u017ea izvrsnu simulaciju<\/p>\n","protected":false},"featured_media":50657,"comment_status":"open","ping_status":"closed","template":"","meta":[],"product_brand":[],"product_cat":[776,959],"product_tag":[],"class_list":{"0":"post-60262","1":"product","2":"type-product","3":"status-publish","4":"has-post-thumbnail","6":"product_cat-anatomski-modeli-i-simulatori","7":"product_cat-humana-medicina","9":"first","10":"onbackorder","11":"taxable","12":"shipping-taxable","13":"purchasable","14":"product-type-simple"},"acf":[],"yoast_head":"<!-- This site is optimized with the Yoast SEO plugin v27.3 - https:\/\/yoast.com\/product\/yoast-seo-wordpress\/ -->\n<title>SIMULATOR PORODA, NAPREDNI - Medicpro<\/title>\n<meta name=\"robots\" content=\"index, follow, max-snippet:-1, max-image-preview:large, max-video-preview:-1\" \/>\n<link rel=\"canonical\" href=\"https:\/\/medicpro.hr\/veleprodaja\/proizvod\/simulator-poroda-napredni\/\" \/>\n<meta property=\"og:locale\" content=\"hr_HR\" \/>\n<meta property=\"og:type\" content=\"article\" \/>\n<meta property=\"og:title\" content=\"SIMULATOR PORODA, NAPREDNI - Medicpro\" \/>\n<meta property=\"og:description\" content=\"Ovaj svestrani simulator poroda koriste zdravstveni pedagozi diljem svijeta. Ne samo da u\u010deniku (pripravniku) i nastavniku (treneru) pru\u017ea izvrsnu simulaciju\" \/>\n<meta property=\"og:url\" content=\"https:\/\/medicpro.hr\/veleprodaja\/proizvod\/simulator-poroda-napredni\/\" \/>\n<meta property=\"og:site_name\" content=\"Medicpro\" \/>\n<meta property=\"article:modified_time\" content=\"2026-04-14T07:30:07+00:00\" \/>\n<meta property=\"og:image\" content=\"https:\/\/medicpro.hr\/veleprodaja\/wp-content\/uploads\/2025\/06\/simulator-poroda-napredni_-1.jpg\" \/>\n\t<meta property=\"og:image:width\" content=\"800\" \/>\n\t<meta property=\"og:image:height\" content=\"580\" \/>\n\t<meta property=\"og:image:type\" content=\"image\/jpeg\" \/>\n<meta name=\"twitter:card\" content=\"summary_large_image\" \/>\n<meta name=\"twitter:label1\" content=\"Procijenjeno vrijeme \u010ditanja\" \/>\n\t<meta name=\"twitter:data1\" content=\"1 minuta\" \/>\n<script type=\"application\/ld+json\" class=\"yoast-schema-graph\">{\"@context\":\"https:\\\/\\\/schema.org\",\"@graph\":[{\"@type\":\"WebPage\",\"@id\":\"https:\\\/\\\/medicpro.hr\\\/veleprodaja\\\/proizvod\\\/simulator-poroda-napredni\\\/\",\"url\":\"https:\\\/\\\/medicpro.hr\\\/veleprodaja\\\/proizvod\\\/simulator-poroda-napredni\\\/\",\"name\":\"SIMULATOR PORODA, NAPREDNI - Medicpro\",\"isPartOf\":{\"@id\":\"https:\\\/\\\/medicpro.hr\\\/veleprodaja\\\/#website\"},\"primaryImageOfPage\":{\"@id\":\"https:\\\/\\\/medicpro.hr\\\/veleprodaja\\\/proizvod\\\/simulator-poroda-napredni\\\/#primaryimage\"},\"image\":{\"@id\":\"https:\\\/\\\/medicpro.hr\\\/veleprodaja\\\/proizvod\\\/simulator-poroda-napredni\\\/#primaryimage\"},\"thumbnailUrl\":\"https:\\\/\\\/medicpro.hr\\\/veleprodaja\\\/wp-content\\\/uploads\\\/2025\\\/06\\\/simulator-poroda-napredni_-1.jpg\",\"datePublished\":\"2025-09-01T00:58:56+00:00\",\"dateModified\":\"2026-04-14T07:30:07+00:00\",\"breadcrumb\":{\"@id\":\"https:\\\/\\\/medicpro.hr\\\/veleprodaja\\\/proizvod\\\/simulator-poroda-napredni\\\/#breadcrumb\"},\"inLanguage\":\"hr\",\"potentialAction\":[{\"@type\":\"ReadAction\",\"target\":[\"https:\\\/\\\/medicpro.hr\\\/veleprodaja\\\/proizvod\\\/simulator-poroda-napredni\\\/\"]}]},{\"@type\":\"ImageObject\",\"inLanguage\":\"hr\",\"@id\":\"https:\\\/\\\/medicpro.hr\\\/veleprodaja\\\/proizvod\\\/simulator-poroda-napredni\\\/#primaryimage\",\"url\":\"https:\\\/\\\/medicpro.hr\\\/veleprodaja\\\/wp-content\\\/uploads\\\/2025\\\/06\\\/simulator-poroda-napredni_-1.jpg\",\"contentUrl\":\"https:\\\/\\\/medicpro.hr\\\/veleprodaja\\\/wp-content\\\/uploads\\\/2025\\\/06\\\/simulator-poroda-napredni_-1.jpg\",\"width\":800,\"height\":580},{\"@type\":\"BreadcrumbList\",\"@id\":\"https:\\\/\\\/medicpro.hr\\\/veleprodaja\\\/proizvod\\\/simulator-poroda-napredni\\\/#breadcrumb\",\"itemListElement\":[{\"@type\":\"ListItem\",\"position\":1,\"name\":\"Po\u010detna stranica\",\"item\":\"https:\\\/\\\/medicpro.hr\\\/veleprodaja\\\/\"},{\"@type\":\"ListItem\",\"position\":2,\"name\":\"Veleprodaja\",\"item\":\"https:\\\/\\\/medicpro.hr\\\/veleprodaja\\\/trgovina\\\/\"},{\"@type\":\"ListItem\",\"position\":3,\"name\":\"SIMULATOR PORODA, NAPREDNI\"}]},{\"@type\":\"WebSite\",\"@id\":\"https:\\\/\\\/medicpro.hr\\\/veleprodaja\\\/#website\",\"url\":\"https:\\\/\\\/medicpro.hr\\\/veleprodaja\\\/\",\"name\":\"Medicpro.hr\",\"description\":\"Medicinski potro\u0161ni materijal i oprema\",\"publisher\":{\"@id\":\"https:\\\/\\\/medicpro.hr\\\/veleprodaja\\\/#organization\"},\"potentialAction\":[{\"@type\":\"SearchAction\",\"target\":{\"@type\":\"EntryPoint\",\"urlTemplate\":\"https:\\\/\\\/medicpro.hr\\\/veleprodaja\\\/?s={search_term_string}\"},\"query-input\":{\"@type\":\"PropertyValueSpecification\",\"valueRequired\":true,\"valueName\":\"search_term_string\"}}],\"inLanguage\":\"hr\"},{\"@type\":\"Organization\",\"@id\":\"https:\\\/\\\/medicpro.hr\\\/veleprodaja\\\/#organization\",\"name\":\"Medicpro d.o.o.\",\"url\":\"https:\\\/\\\/medicpro.hr\\\/veleprodaja\\\/\",\"logo\":{\"@type\":\"ImageObject\",\"inLanguage\":\"hr\",\"@id\":\"https:\\\/\\\/medicpro.hr\\\/veleprodaja\\\/#\\\/schema\\\/logo\\\/image\\\/\",\"url\":\"https:\\\/\\\/medicpro.hr\\\/veleprodaja\\\/wp-content\\\/uploads\\\/2025\\\/05\\\/medicpro_logo.svg\",\"contentUrl\":\"https:\\\/\\\/medicpro.hr\\\/veleprodaja\\\/wp-content\\\/uploads\\\/2025\\\/05\\\/medicpro_logo.svg\",\"width\":226,\"height\":42,\"caption\":\"Medicpro d.o.o.\"},\"image\":{\"@id\":\"https:\\\/\\\/medicpro.hr\\\/veleprodaja\\\/#\\\/schema\\\/logo\\\/image\\\/\"}}]}<\/script>\n<!-- \/ Yoast SEO plugin. -->","yoast_head_json":{"title":"SIMULATOR PORODA, NAPREDNI - Medicpro","robots":{"index":"index","follow":"follow","max-snippet":"max-snippet:-1","max-image-preview":"max-image-preview:large","max-video-preview":"max-video-preview:-1"},"canonical":"https:\/\/medicpro.hr\/veleprodaja\/proizvod\/simulator-poroda-napredni\/","og_locale":"hr_HR","og_type":"article","og_title":"SIMULATOR PORODA, NAPREDNI - Medicpro","og_description":"Ovaj svestrani simulator poroda koriste zdravstveni pedagozi diljem svijeta. Ne samo da u\u010deniku (pripravniku) i nastavniku (treneru) pru\u017ea izvrsnu simulaciju","og_url":"https:\/\/medicpro.hr\/veleprodaja\/proizvod\/simulator-poroda-napredni\/","og_site_name":"Medicpro","article_modified_time":"2026-04-14T07:30:07+00:00","og_image":[{"width":800,"height":580,"url":"https:\/\/medicpro.hr\/veleprodaja\/wp-content\/uploads\/2025\/06\/simulator-poroda-napredni_-1.jpg","type":"image\/jpeg"}],"twitter_card":"summary_large_image","twitter_misc":{"Procijenjeno vrijeme \u010ditanja":"1 minuta"},"schema":{"@context":"https:\/\/schema.org","@graph":[{"@type":"WebPage","@id":"https:\/\/medicpro.hr\/veleprodaja\/proizvod\/simulator-poroda-napredni\/","url":"https:\/\/medicpro.hr\/veleprodaja\/proizvod\/simulator-poroda-napredni\/","name":"SIMULATOR PORODA, NAPREDNI - Medicpro","isPartOf":{"@id":"https:\/\/medicpro.hr\/veleprodaja\/#website"},"primaryImageOfPage":{"@id":"https:\/\/medicpro.hr\/veleprodaja\/proizvod\/simulator-poroda-napredni\/#primaryimage"},"image":{"@id":"https:\/\/medicpro.hr\/veleprodaja\/proizvod\/simulator-poroda-napredni\/#primaryimage"},"thumbnailUrl":"https:\/\/medicpro.hr\/veleprodaja\/wp-content\/uploads\/2025\/06\/simulator-poroda-napredni_-1.jpg","datePublished":"2025-09-01T00:58:56+00:00","dateModified":"2026-04-14T07:30:07+00:00","breadcrumb":{"@id":"https:\/\/medicpro.hr\/veleprodaja\/proizvod\/simulator-poroda-napredni\/#breadcrumb"},"inLanguage":"hr","potentialAction":[{"@type":"ReadAction","target":["https:\/\/medicpro.hr\/veleprodaja\/proizvod\/simulator-poroda-napredni\/"]}]},{"@type":"ImageObject","inLanguage":"hr","@id":"https:\/\/medicpro.hr\/veleprodaja\/proizvod\/simulator-poroda-napredni\/#primaryimage","url":"https:\/\/medicpro.hr\/veleprodaja\/wp-content\/uploads\/2025\/06\/simulator-poroda-napredni_-1.jpg","contentUrl":"https:\/\/medicpro.hr\/veleprodaja\/wp-content\/uploads\/2025\/06\/simulator-poroda-napredni_-1.jpg","width":800,"height":580},{"@type":"BreadcrumbList","@id":"https:\/\/medicpro.hr\/veleprodaja\/proizvod\/simulator-poroda-napredni\/#breadcrumb","itemListElement":[{"@type":"ListItem","position":1,"name":"Po\u010detna stranica","item":"https:\/\/medicpro.hr\/veleprodaja\/"},{"@type":"ListItem","position":2,"name":"Veleprodaja","item":"https:\/\/medicpro.hr\/veleprodaja\/trgovina\/"},{"@type":"ListItem","position":3,"name":"SIMULATOR PORODA, NAPREDNI"}]},{"@type":"WebSite","@id":"https:\/\/medicpro.hr\/veleprodaja\/#website","url":"https:\/\/medicpro.hr\/veleprodaja\/","name":"Medicpro.hr","description":"Medicinski potro\u0161ni materijal i oprema","publisher":{"@id":"https:\/\/medicpro.hr\/veleprodaja\/#organization"},"potentialAction":[{"@type":"SearchAction","target":{"@type":"EntryPoint","urlTemplate":"https:\/\/medicpro.hr\/veleprodaja\/?s={search_term_string}"},"query-input":{"@type":"PropertyValueSpecification","valueRequired":true,"valueName":"search_term_string"}}],"inLanguage":"hr"},{"@type":"Organization","@id":"https:\/\/medicpro.hr\/veleprodaja\/#organization","name":"Medicpro d.o.o.","url":"https:\/\/medicpro.hr\/veleprodaja\/","logo":{"@type":"ImageObject","inLanguage":"hr","@id":"https:\/\/medicpro.hr\/veleprodaja\/#\/schema\/logo\/image\/","url":"https:\/\/medicpro.hr\/veleprodaja\/wp-content\/uploads\/2025\/05\/medicpro_logo.svg","contentUrl":"https:\/\/medicpro.hr\/veleprodaja\/wp-content\/uploads\/2025\/05\/medicpro_logo.svg","width":226,"height":42,"caption":"Medicpro d.o.o."},"image":{"@id":"https:\/\/medicpro.hr\/veleprodaja\/#\/schema\/logo\/image\/"}}]}},"_links":{"self":[{"href":"https:\/\/medicpro.hr\/veleprodaja\/wp-json\/wp\/v2\/product\/60262","targetHints":{"allow":["GET"]}}],"collection":[{"href":"https:\/\/medicpro.hr\/veleprodaja\/wp-json\/wp\/v2\/product"}],"about":[{"href":"https:\/\/medicpro.hr\/veleprodaja\/wp-json\/wp\/v2\/types\/product"}],"replies":[{"embeddable":true,"href":"https:\/\/medicpro.hr\/veleprodaja\/wp-json\/wp\/v2\/comments?post=60262"}],"wp:featuredmedia":[{"embeddable":true,"href":"https:\/\/medicpro.hr\/veleprodaja\/wp-json\/wp\/v2\/media\/50657"}],"wp:attachment":[{"href":"https:\/\/medicpro.hr\/veleprodaja\/wp-json\/wp\/v2\/media?parent=60262"}],"wp:term":[{"taxonomy":"product_brand","embeddable":true,"href":"https:\/\/medicpro.hr\/veleprodaja\/wp-json\/wp\/v2\/product_brand?post=60262"},{"taxonomy":"product_cat","embeddable":true,"href":"https:\/\/medicpro.hr\/veleprodaja\/wp-json\/wp\/v2\/product_cat?post=60262"},{"taxonomy":"product_tag","embeddable":true,"href":"https:\/\/medicpro.hr\/veleprodaja\/wp-json\/wp\/v2\/product_tag?post=60262"}],"curies":[{"name":"wp","href":"https:\/\/api.w.org\/{rel}","templated":true}]}}