{"id":60257,"date":"2025-09-01T02:58:55","date_gmt":"2025-09-01T00:58:55","guid":{"rendered":"https:\/\/zdesmedicpro-velepro.kuhada.net\/?post_type=product&#038;p=60257"},"modified":"2025-10-06T11:02:57","modified_gmt":"2025-10-06T09:02:57","slug":"model-srca-2-dijela-3-puta-povecano","status":"publish","type":"product","link":"https:\/\/medicpro.hr\/veleprodaja\/proizvod\/model-srca-2-dijela-3-puta-povecano\/","title":{"rendered":"MODEL SRCA, 2 DIJELA, 3 PUTA POVE\u0106ANO"},"content":{"rendered":"<ul>\n<li><strong>Ovaj model srca, 3 puta ve\u0107i od prirodne veli\u010dine, idealan je za grupnu nastavu u u\u010dionicama.<\/strong><\/li>\n<li>Mo\u017ee se rastaviti u prednjoj ravnini kako bi se vidjele unutarnje strukture uklju\u010duju\u0107i sr\u010dane zaliske i usporednu morfologiju desne i lijeve klijetke.<\/li>\n<li>Dimenzije: 28 x 19 x 26 cm.<\/li>\n<li>Te\u017eina: cca 2 kg.<\/li>\n<\/ul>\n<h4><span style=\"color: #3366ff\"><strong>Augmented Anatomy aplikacija<\/strong><\/span><\/h4>\n<p><strong>Zahvaljuju\u0107i novoj aplikaciji Augmented Anatomy u kombinaciji s ovim visokokvalitetnim anatomskim modelom, u\u010denje je sada jo\u0161 lak\u0161e i u\u010dinkovitije!<\/strong><\/p>\n<p><strong>Ova aplikacija automatski prepoznaje anatomske modele i prikazuje nomenklaturu u pro\u0161irenoj stvarnosti.<\/strong><\/p>\n<p>Kao kupac mo\u017eete ovu aplikaciju koristiti potpuno besplatno i to neograni\u010deno vrijeme.<\/p>\n<ul>\n<li>visokokvalitetna aplikacija za u\u010denje pro\u0161irene stvarnosti<\/li>\n<li>besplatno i bez registracije<\/li>\n<li>nomenklatura dostupna uvijek i svugdje<\/li>\n<li>dodatne internetske poveznice u enciklopediji za u\u010denje<\/li>\n<\/ul>\n<p>Augmented Anatomy aplikacija <strong>radi na svim uobi\u010dajenim pametnim telefonima i tabletima<\/strong>. Mo\u017eete ju <strong>besplatno<\/strong> preuzeti na <a href=\"https:\/\/play.google.com\/store\/apps\/details?id=com.vrketing.AugmentedAnatomy\" target=\"_blank\" rel=\"noopener\">Google Play.<\/a><\/p>\n","protected":false},"excerpt":{"rendered":"<p>Ovaj model srca, 3 puta ve\u0107i od prirodne veli\u010dine, idealan je za grupnu nastavu u u\u010dionicama. Mo\u017ee se rastaviti u<\/p>\n","protected":false},"featured_media":50649,"comment_status":"open","ping_status":"closed","template":"","meta":[],"product_brand":[],"product_cat":[776,959],"product_tag":[],"class_list":{"0":"post-60257","1":"product","2":"type-product","3":"status-publish","4":"has-post-thumbnail","6":"product_cat-anatomski-modeli-i-simulatori","7":"product_cat-humana-medicina","9":"first","10":"onbackorder","11":"taxable","12":"shipping-taxable","13":"purchasable","14":"product-type-simple"},"acf":[],"yoast_head":"<!-- This site is optimized with the Yoast SEO plugin v27.3 - https:\/\/yoast.com\/product\/yoast-seo-wordpress\/ -->\n<title>MODEL SRCA, 2 DIJELA, 3 PUTA POVE\u0106ANO - Medicpro<\/title>\n<meta name=\"robots\" content=\"index, follow, max-snippet:-1, max-image-preview:large, max-video-preview:-1\" \/>\n<link rel=\"canonical\" href=\"https:\/\/medicpro.hr\/veleprodaja\/proizvod\/model-srca-2-dijela-3-puta-povecano\/\" \/>\n<meta property=\"og:locale\" content=\"hr_HR\" \/>\n<meta property=\"og:type\" content=\"article\" \/>\n<meta property=\"og:title\" content=\"MODEL SRCA, 2 DIJELA, 3 PUTA POVE\u0106ANO - Medicpro\" \/>\n<meta property=\"og:description\" content=\"Ovaj model srca, 3 puta ve\u0107i od prirodne veli\u010dine, idealan je za grupnu nastavu u u\u010dionicama. Mo\u017ee se rastaviti u\" \/>\n<meta property=\"og:url\" content=\"https:\/\/medicpro.hr\/veleprodaja\/proizvod\/model-srca-2-dijela-3-puta-povecano\/\" \/>\n<meta property=\"og:site_name\" content=\"Medicpro\" \/>\n<meta property=\"article:modified_time\" content=\"2025-10-06T09:02:57+00:00\" \/>\n<meta property=\"og:image\" content=\"https:\/\/medicpro.hr\/veleprodaja\/wp-content\/uploads\/2025\/06\/products-6790-1-1.jpg\" \/>\n\t<meta property=\"og:image:width\" content=\"800\" \/>\n\t<meta property=\"og:image:height\" content=\"800\" \/>\n\t<meta property=\"og:image:type\" content=\"image\/jpeg\" \/>\n<meta name=\"twitter:card\" content=\"summary_large_image\" \/>\n<meta name=\"twitter:label1\" content=\"Procijenjeno vrijeme \u010ditanja\" \/>\n\t<meta name=\"twitter:data1\" content=\"1 minuta\" \/>\n<script type=\"application\/ld+json\" class=\"yoast-schema-graph\">{\"@context\":\"https:\\\/\\\/schema.org\",\"@graph\":[{\"@type\":\"WebPage\",\"@id\":\"https:\\\/\\\/medicpro.hr\\\/veleprodaja\\\/proizvod\\\/model-srca-2-dijela-3-puta-povecano\\\/\",\"url\":\"https:\\\/\\\/medicpro.hr\\\/veleprodaja\\\/proizvod\\\/model-srca-2-dijela-3-puta-povecano\\\/\",\"name\":\"MODEL SRCA, 2 DIJELA, 3 PUTA POVE\u0106ANO - Medicpro\",\"isPartOf\":{\"@id\":\"https:\\\/\\\/medicpro.hr\\\/veleprodaja\\\/#website\"},\"primaryImageOfPage\":{\"@id\":\"https:\\\/\\\/medicpro.hr\\\/veleprodaja\\\/proizvod\\\/model-srca-2-dijela-3-puta-povecano\\\/#primaryimage\"},\"image\":{\"@id\":\"https:\\\/\\\/medicpro.hr\\\/veleprodaja\\\/proizvod\\\/model-srca-2-dijela-3-puta-povecano\\\/#primaryimage\"},\"thumbnailUrl\":\"https:\\\/\\\/medicpro.hr\\\/veleprodaja\\\/wp-content\\\/uploads\\\/2025\\\/06\\\/products-6790-1-1.jpg\",\"datePublished\":\"2025-09-01T00:58:55+00:00\",\"dateModified\":\"2025-10-06T09:02:57+00:00\",\"breadcrumb\":{\"@id\":\"https:\\\/\\\/medicpro.hr\\\/veleprodaja\\\/proizvod\\\/model-srca-2-dijela-3-puta-povecano\\\/#breadcrumb\"},\"inLanguage\":\"hr\",\"potentialAction\":[{\"@type\":\"ReadAction\",\"target\":[\"https:\\\/\\\/medicpro.hr\\\/veleprodaja\\\/proizvod\\\/model-srca-2-dijela-3-puta-povecano\\\/\"]}]},{\"@type\":\"ImageObject\",\"inLanguage\":\"hr\",\"@id\":\"https:\\\/\\\/medicpro.hr\\\/veleprodaja\\\/proizvod\\\/model-srca-2-dijela-3-puta-povecano\\\/#primaryimage\",\"url\":\"https:\\\/\\\/medicpro.hr\\\/veleprodaja\\\/wp-content\\\/uploads\\\/2025\\\/06\\\/products-6790-1-1.jpg\",\"contentUrl\":\"https:\\\/\\\/medicpro.hr\\\/veleprodaja\\\/wp-content\\\/uploads\\\/2025\\\/06\\\/products-6790-1-1.jpg\",\"width\":800,\"height\":800},{\"@type\":\"BreadcrumbList\",\"@id\":\"https:\\\/\\\/medicpro.hr\\\/veleprodaja\\\/proizvod\\\/model-srca-2-dijela-3-puta-povecano\\\/#breadcrumb\",\"itemListElement\":[{\"@type\":\"ListItem\",\"position\":1,\"name\":\"Po\u010detna stranica\",\"item\":\"https:\\\/\\\/medicpro.hr\\\/veleprodaja\\\/\"},{\"@type\":\"ListItem\",\"position\":2,\"name\":\"Veleprodaja\",\"item\":\"https:\\\/\\\/medicpro.hr\\\/veleprodaja\\\/trgovina\\\/\"},{\"@type\":\"ListItem\",\"position\":3,\"name\":\"MODEL SRCA, 2 DIJELA, 3 PUTA POVE\u0106ANO\"}]},{\"@type\":\"WebSite\",\"@id\":\"https:\\\/\\\/medicpro.hr\\\/veleprodaja\\\/#website\",\"url\":\"https:\\\/\\\/medicpro.hr\\\/veleprodaja\\\/\",\"name\":\"Medicpro.hr\",\"description\":\"Medicinski potro\u0161ni materijal i oprema\",\"publisher\":{\"@id\":\"https:\\\/\\\/medicpro.hr\\\/veleprodaja\\\/#organization\"},\"potentialAction\":[{\"@type\":\"SearchAction\",\"target\":{\"@type\":\"EntryPoint\",\"urlTemplate\":\"https:\\\/\\\/medicpro.hr\\\/veleprodaja\\\/?s={search_term_string}\"},\"query-input\":{\"@type\":\"PropertyValueSpecification\",\"valueRequired\":true,\"valueName\":\"search_term_string\"}}],\"inLanguage\":\"hr\"},{\"@type\":\"Organization\",\"@id\":\"https:\\\/\\\/medicpro.hr\\\/veleprodaja\\\/#organization\",\"name\":\"Medicpro d.o.o.\",\"url\":\"https:\\\/\\\/medicpro.hr\\\/veleprodaja\\\/\",\"logo\":{\"@type\":\"ImageObject\",\"inLanguage\":\"hr\",\"@id\":\"https:\\\/\\\/medicpro.hr\\\/veleprodaja\\\/#\\\/schema\\\/logo\\\/image\\\/\",\"url\":\"https:\\\/\\\/medicpro.hr\\\/veleprodaja\\\/wp-content\\\/uploads\\\/2025\\\/05\\\/medicpro_logo.svg\",\"contentUrl\":\"https:\\\/\\\/medicpro.hr\\\/veleprodaja\\\/wp-content\\\/uploads\\\/2025\\\/05\\\/medicpro_logo.svg\",\"width\":226,\"height\":42,\"caption\":\"Medicpro d.o.o.\"},\"image\":{\"@id\":\"https:\\\/\\\/medicpro.hr\\\/veleprodaja\\\/#\\\/schema\\\/logo\\\/image\\\/\"}}]}<\/script>\n<!-- \/ Yoast SEO plugin. -->","yoast_head_json":{"title":"MODEL SRCA, 2 DIJELA, 3 PUTA POVE\u0106ANO - Medicpro","robots":{"index":"index","follow":"follow","max-snippet":"max-snippet:-1","max-image-preview":"max-image-preview:large","max-video-preview":"max-video-preview:-1"},"canonical":"https:\/\/medicpro.hr\/veleprodaja\/proizvod\/model-srca-2-dijela-3-puta-povecano\/","og_locale":"hr_HR","og_type":"article","og_title":"MODEL SRCA, 2 DIJELA, 3 PUTA POVE\u0106ANO - Medicpro","og_description":"Ovaj model srca, 3 puta ve\u0107i od prirodne veli\u010dine, idealan je za grupnu nastavu u u\u010dionicama. Mo\u017ee se rastaviti u","og_url":"https:\/\/medicpro.hr\/veleprodaja\/proizvod\/model-srca-2-dijela-3-puta-povecano\/","og_site_name":"Medicpro","article_modified_time":"2025-10-06T09:02:57+00:00","og_image":[{"width":800,"height":800,"url":"https:\/\/medicpro.hr\/veleprodaja\/wp-content\/uploads\/2025\/06\/products-6790-1-1.jpg","type":"image\/jpeg"}],"twitter_card":"summary_large_image","twitter_misc":{"Procijenjeno vrijeme \u010ditanja":"1 minuta"},"schema":{"@context":"https:\/\/schema.org","@graph":[{"@type":"WebPage","@id":"https:\/\/medicpro.hr\/veleprodaja\/proizvod\/model-srca-2-dijela-3-puta-povecano\/","url":"https:\/\/medicpro.hr\/veleprodaja\/proizvod\/model-srca-2-dijela-3-puta-povecano\/","name":"MODEL SRCA, 2 DIJELA, 3 PUTA POVE\u0106ANO - Medicpro","isPartOf":{"@id":"https:\/\/medicpro.hr\/veleprodaja\/#website"},"primaryImageOfPage":{"@id":"https:\/\/medicpro.hr\/veleprodaja\/proizvod\/model-srca-2-dijela-3-puta-povecano\/#primaryimage"},"image":{"@id":"https:\/\/medicpro.hr\/veleprodaja\/proizvod\/model-srca-2-dijela-3-puta-povecano\/#primaryimage"},"thumbnailUrl":"https:\/\/medicpro.hr\/veleprodaja\/wp-content\/uploads\/2025\/06\/products-6790-1-1.jpg","datePublished":"2025-09-01T00:58:55+00:00","dateModified":"2025-10-06T09:02:57+00:00","breadcrumb":{"@id":"https:\/\/medicpro.hr\/veleprodaja\/proizvod\/model-srca-2-dijela-3-puta-povecano\/#breadcrumb"},"inLanguage":"hr","potentialAction":[{"@type":"ReadAction","target":["https:\/\/medicpro.hr\/veleprodaja\/proizvod\/model-srca-2-dijela-3-puta-povecano\/"]}]},{"@type":"ImageObject","inLanguage":"hr","@id":"https:\/\/medicpro.hr\/veleprodaja\/proizvod\/model-srca-2-dijela-3-puta-povecano\/#primaryimage","url":"https:\/\/medicpro.hr\/veleprodaja\/wp-content\/uploads\/2025\/06\/products-6790-1-1.jpg","contentUrl":"https:\/\/medicpro.hr\/veleprodaja\/wp-content\/uploads\/2025\/06\/products-6790-1-1.jpg","width":800,"height":800},{"@type":"BreadcrumbList","@id":"https:\/\/medicpro.hr\/veleprodaja\/proizvod\/model-srca-2-dijela-3-puta-povecano\/#breadcrumb","itemListElement":[{"@type":"ListItem","position":1,"name":"Po\u010detna stranica","item":"https:\/\/medicpro.hr\/veleprodaja\/"},{"@type":"ListItem","position":2,"name":"Veleprodaja","item":"https:\/\/medicpro.hr\/veleprodaja\/trgovina\/"},{"@type":"ListItem","position":3,"name":"MODEL SRCA, 2 DIJELA, 3 PUTA POVE\u0106ANO"}]},{"@type":"WebSite","@id":"https:\/\/medicpro.hr\/veleprodaja\/#website","url":"https:\/\/medicpro.hr\/veleprodaja\/","name":"Medicpro.hr","description":"Medicinski potro\u0161ni materijal i oprema","publisher":{"@id":"https:\/\/medicpro.hr\/veleprodaja\/#organization"},"potentialAction":[{"@type":"SearchAction","target":{"@type":"EntryPoint","urlTemplate":"https:\/\/medicpro.hr\/veleprodaja\/?s={search_term_string}"},"query-input":{"@type":"PropertyValueSpecification","valueRequired":true,"valueName":"search_term_string"}}],"inLanguage":"hr"},{"@type":"Organization","@id":"https:\/\/medicpro.hr\/veleprodaja\/#organization","name":"Medicpro d.o.o.","url":"https:\/\/medicpro.hr\/veleprodaja\/","logo":{"@type":"ImageObject","inLanguage":"hr","@id":"https:\/\/medicpro.hr\/veleprodaja\/#\/schema\/logo\/image\/","url":"https:\/\/medicpro.hr\/veleprodaja\/wp-content\/uploads\/2025\/05\/medicpro_logo.svg","contentUrl":"https:\/\/medicpro.hr\/veleprodaja\/wp-content\/uploads\/2025\/05\/medicpro_logo.svg","width":226,"height":42,"caption":"Medicpro d.o.o."},"image":{"@id":"https:\/\/medicpro.hr\/veleprodaja\/#\/schema\/logo\/image\/"}}]}},"_links":{"self":[{"href":"https:\/\/medicpro.hr\/veleprodaja\/wp-json\/wp\/v2\/product\/60257","targetHints":{"allow":["GET"]}}],"collection":[{"href":"https:\/\/medicpro.hr\/veleprodaja\/wp-json\/wp\/v2\/product"}],"about":[{"href":"https:\/\/medicpro.hr\/veleprodaja\/wp-json\/wp\/v2\/types\/product"}],"replies":[{"embeddable":true,"href":"https:\/\/medicpro.hr\/veleprodaja\/wp-json\/wp\/v2\/comments?post=60257"}],"wp:featuredmedia":[{"embeddable":true,"href":"https:\/\/medicpro.hr\/veleprodaja\/wp-json\/wp\/v2\/media\/50649"}],"wp:attachment":[{"href":"https:\/\/medicpro.hr\/veleprodaja\/wp-json\/wp\/v2\/media?parent=60257"}],"wp:term":[{"taxonomy":"product_brand","embeddable":true,"href":"https:\/\/medicpro.hr\/veleprodaja\/wp-json\/wp\/v2\/product_brand?post=60257"},{"taxonomy":"product_cat","embeddable":true,"href":"https:\/\/medicpro.hr\/veleprodaja\/wp-json\/wp\/v2\/product_cat?post=60257"},{"taxonomy":"product_tag","embeddable":true,"href":"https:\/\/medicpro.hr\/veleprodaja\/wp-json\/wp\/v2\/product_tag?post=60257"}],"curies":[{"name":"wp","href":"https:\/\/api.w.org\/{rel}","templated":true}]}}