{"id":60083,"date":"2025-09-01T02:58:31","date_gmt":"2025-09-01T00:58:31","guid":{"rendered":"https:\/\/zdesmedicpro-velepro.kuhada.net\/?post_type=product&#038;p=60083"},"modified":"2025-10-29T09:31:27","modified_gmt":"2025-10-29T08:31:27","slug":"vodik-peroksid-30-200-ml","status":"publish","type":"product","link":"https:\/\/medicpro.hr\/veleprodaja\/proizvod\/vodik-peroksid-30-200-ml\/","title":{"rendered":"VODIK PEROKSID 30% 200 ml"},"content":{"rendered":"<ul>\n<li>Vodik peroksid otopina 30%.<\/li>\n<li>Koristi se kao <strong>laboratorijska kemikalija, proizvodna tvar.<\/strong><\/li>\n<li>Ne smije se koristiti u privatne svrhe (ku\u0107anstvo).<\/li>\n<li>Ne koristiti za proizvode koji dolaze u dodir s hranom i namirnicama, niti za proizvode koji dolaze u neposredni dodir s ko\u017eom.<\/li>\n<li><b><strong>Izbjegavati kontakt s o\u010dima, ustima i ko\u017eom jer mo\u017ee izazvati iritaciju, ote\u017eano disanje, peckanje, crvenilo, \u017earenje, mu\u010dninu, te\u0161ke ozljede oka.<br \/>\n<\/strong><\/b><\/li>\n<li><strong>U slu\u010daju kontakta oprati velikom koli\u010dinom vode!<\/strong><\/li>\n<li>Prilikom rukovanja vodikovim peroksidom potrebno je nositi odgovaraju\u0107u za\u0161titu za tijelo, lice, usta i o\u010di.<\/li>\n<li>Vodikov peroksid 30% dostupan je i u pakiranjima od <a href=\"https:\/\/medicpro.hr\/veleprodaja\/proizvod\/vodik-peroksid-30-ph-eur-1-l\/\" target=\"_blank\" rel=\"noopener\">1 litre<\/a> i <a href=\"https:\/\/medicpro.hr\/veleprodaja\/proizvod\/vodik-peroksid-30-10-l\/\" target=\"_blank\" rel=\"noopener\">10 litara<\/a>.<\/li>\n<li>Molekulska formula: H202.<\/li>\n<li>Mr: 34,01.<\/li>\n<li>EINECS: 231-765-0.<\/li>\n<li>CAS: 7722-84-1.<\/li>\n<li>Cijena se odnosi na pakiranje od 200 ml.<\/li>\n<\/ul>\n<p><strong>Obavijest o ograni\u010denom prekursoru eksploziva<\/strong><\/p>\n<p>Vodikov peroksid u koncentraciji od 30% pripada skupini ograni\u010denih prekursora eksploziva sukladno Prilogu I\u00a0Uredbe (EU) 2019\/1148 od 20. lipnja 2019.<\/p>\n<p>Sukladno \u010dlanku 5. stavku 1. Zakona o provedbi Uredbe\u00a0(EU) 2019\/1148 Europskog parlamenta i vije\u0107a od 20. lipnja 2019. o stavljanju na\u00a0tr\u017ei\u0161te i uporabi prekursora eksploziva te izmjeni Uredbe (EZ) br. 1907\/2006 i\u00a0stavljanju izvan snage Uredbe (EU) br. 98\/2013 (NN 34\/21) du\u017eni smo Vas obavijestiti da sukladno \u010dlanku 5. stavku 1. navedene Uredbe ovaj proizvod <strong>nije dozvoljeno\u00a0stavljati na raspolaganje pojedina\u010dnim korisnicima<\/strong> <strong>niti ih oni smiju uvoditi,\u00a0posjedovati ili upotrebljavati<\/strong>.<\/p>\n<p>Ujedno je obveza gospodarskog subjekta (kupca) koji je preuzeo ograni\u010deni prekursor eksploziva dostaviti dobavlja\u010du (Medicpro d.o.o.) Izjavu iz Priloga IV navedene Uredbe.<\/p>\n<p>Kupcu \u0107e roba biti isporu\u010dena nakon \u0161to dobavlja\u010du (Medicpro d.o.o.) dostavi ispunjenu i potpisanu Izjavu u skladu s potrebnim koli\u010dinama. Sukladno navedenoj Uredbi Medicpro d.o.o. je du\u017ean izvr\u0161iti provjeru svih podataka unesenih u Izjavi.<\/p>\n<p>Izjavu Prilog IV navedene Uredbe mo\u017eete vidjeti <a href=\"https:\/\/medicpro.hr\/veleprodaja\/wp-content\/uploads\/2025\/10\/Prilog-IV-Izjava.pdf\" target=\"_blank\" rel=\"noopener\">ovdje<\/a>.<\/p>\n<p>Ukoliko \u0107ete ovaj proizvod stavljati na raspolaganje drugim gospodarskim subjektima, du\u017eni ste im dostaviti ovakvu obavijest te od njih zatra\u017eiti dostavu Izjave iz Priloga IV Uredbe, odnosno du\u017eni ste postupiti u skladu s navedenom Uredbom i Zakonom.<\/p>\n<p>Sukladno \u010dlanku 9. gore navedene Uredbe, Medicpro d.o.o. ima obvezu prijaviti\u00a0nadle\u017enim tijelima svaku sumnjivu transakciju, zna\u010dajan nestanak ili kra\u0111u tvari\u00a0i smjesa ili tvari koje ih sadr\u017ee.<\/p>\n<p>Ukoliko primijetite sumnjive transakcije, zna\u010dajan nestanak ili kra\u0111u tvari i smjesa ili tvari koje ih sadr\u017ee (tvari iz Priloga I i II Uredbe) du\u017eni ste to prijaviti u roku od 24 sata nakon otkrivanja Nacionalnoj kontakt to\u010dki na e-mail <a href=\"mailto:prekursori@mup.hr\">prekursori@mup.hr<\/a>, telefon 01\/3788-754 ili fax 01\/3704-878.<\/p>\n<p>U slu\u010daju bilo kakvih dodatnih pitanja molimo da nas kontaktirate na e-mail info@medicpro.hr ili telefon 040 314 407.<\/p>\n","protected":false},"excerpt":{"rendered":"<p>Vodik peroksid otopina 30%. Koristi se kao laboratorijska kemikalija, proizvodna tvar. Ne smije se koristiti u privatne svrhe (ku\u0107anstvo). Ne<\/p>\n","protected":false},"featured_media":50231,"comment_status":"open","ping_status":"closed","template":"","meta":[],"product_brand":[],"product_cat":[704],"product_tag":[],"class_list":{"0":"post-60083","1":"product","2":"type-product","3":"status-publish","4":"has-post-thumbnail","6":"product_cat-medicinske-tekucine","8":"first","9":"onbackorder","10":"taxable","11":"shipping-taxable","12":"purchasable","13":"product-type-simple"},"acf":[],"yoast_head":"<!-- This site is optimized with the Yoast SEO plugin v27.3 - https:\/\/yoast.com\/product\/yoast-seo-wordpress\/ -->\n<title>VODIK PEROKSID 30% 200 ml - Medicpro<\/title>\n<meta name=\"robots\" content=\"index, follow, max-snippet:-1, max-image-preview:large, max-video-preview:-1\" \/>\n<link rel=\"canonical\" href=\"https:\/\/medicpro.hr\/veleprodaja\/proizvod\/vodik-peroksid-30-200-ml\/\" \/>\n<meta property=\"og:locale\" content=\"hr_HR\" \/>\n<meta property=\"og:type\" content=\"article\" \/>\n<meta property=\"og:title\" content=\"VODIK PEROKSID 30% 200 ml - Medicpro\" \/>\n<meta property=\"og:description\" content=\"Vodik peroksid otopina 30%. Koristi se kao laboratorijska kemikalija, proizvodna tvar. Ne smije se koristiti u privatne svrhe (ku\u0107anstvo). Ne\" \/>\n<meta property=\"og:url\" content=\"https:\/\/medicpro.hr\/veleprodaja\/proizvod\/vodik-peroksid-30-200-ml\/\" \/>\n<meta property=\"og:site_name\" content=\"Medicpro\" \/>\n<meta property=\"article:modified_time\" content=\"2025-10-29T08:31:27+00:00\" \/>\n<meta property=\"og:image\" content=\"https:\/\/medicpro.hr\/veleprodaja\/wp-content\/uploads\/2025\/06\/VODIK-PEROKSID-30-200-ml-1.jpg\" \/>\n\t<meta property=\"og:image:width\" content=\"1000\" \/>\n\t<meta property=\"og:image:height\" content=\"1300\" \/>\n\t<meta property=\"og:image:type\" content=\"image\/jpeg\" \/>\n<meta name=\"twitter:card\" content=\"summary_large_image\" \/>\n<meta name=\"twitter:label1\" content=\"Procijenjeno vrijeme \u010ditanja\" \/>\n\t<meta name=\"twitter:data1\" content=\"3 minute\" \/>\n<script type=\"application\/ld+json\" class=\"yoast-schema-graph\">{\"@context\":\"https:\\\/\\\/schema.org\",\"@graph\":[{\"@type\":\"WebPage\",\"@id\":\"https:\\\/\\\/medicpro.hr\\\/veleprodaja\\\/proizvod\\\/vodik-peroksid-30-200-ml\\\/\",\"url\":\"https:\\\/\\\/medicpro.hr\\\/veleprodaja\\\/proizvod\\\/vodik-peroksid-30-200-ml\\\/\",\"name\":\"VODIK PEROKSID 30% 200 ml - Medicpro\",\"isPartOf\":{\"@id\":\"https:\\\/\\\/medicpro.hr\\\/veleprodaja\\\/#website\"},\"primaryImageOfPage\":{\"@id\":\"https:\\\/\\\/medicpro.hr\\\/veleprodaja\\\/proizvod\\\/vodik-peroksid-30-200-ml\\\/#primaryimage\"},\"image\":{\"@id\":\"https:\\\/\\\/medicpro.hr\\\/veleprodaja\\\/proizvod\\\/vodik-peroksid-30-200-ml\\\/#primaryimage\"},\"thumbnailUrl\":\"https:\\\/\\\/medicpro.hr\\\/veleprodaja\\\/wp-content\\\/uploads\\\/2025\\\/06\\\/VODIK-PEROKSID-30-200-ml-1.jpg\",\"datePublished\":\"2025-09-01T00:58:31+00:00\",\"dateModified\":\"2025-10-29T08:31:27+00:00\",\"breadcrumb\":{\"@id\":\"https:\\\/\\\/medicpro.hr\\\/veleprodaja\\\/proizvod\\\/vodik-peroksid-30-200-ml\\\/#breadcrumb\"},\"inLanguage\":\"hr\",\"potentialAction\":[{\"@type\":\"ReadAction\",\"target\":[\"https:\\\/\\\/medicpro.hr\\\/veleprodaja\\\/proizvod\\\/vodik-peroksid-30-200-ml\\\/\"]}]},{\"@type\":\"ImageObject\",\"inLanguage\":\"hr\",\"@id\":\"https:\\\/\\\/medicpro.hr\\\/veleprodaja\\\/proizvod\\\/vodik-peroksid-30-200-ml\\\/#primaryimage\",\"url\":\"https:\\\/\\\/medicpro.hr\\\/veleprodaja\\\/wp-content\\\/uploads\\\/2025\\\/06\\\/VODIK-PEROKSID-30-200-ml-1.jpg\",\"contentUrl\":\"https:\\\/\\\/medicpro.hr\\\/veleprodaja\\\/wp-content\\\/uploads\\\/2025\\\/06\\\/VODIK-PEROKSID-30-200-ml-1.jpg\",\"width\":1000,\"height\":1300},{\"@type\":\"BreadcrumbList\",\"@id\":\"https:\\\/\\\/medicpro.hr\\\/veleprodaja\\\/proizvod\\\/vodik-peroksid-30-200-ml\\\/#breadcrumb\",\"itemListElement\":[{\"@type\":\"ListItem\",\"position\":1,\"name\":\"Po\u010detna stranica\",\"item\":\"https:\\\/\\\/medicpro.hr\\\/veleprodaja\\\/\"},{\"@type\":\"ListItem\",\"position\":2,\"name\":\"Veleprodaja\",\"item\":\"https:\\\/\\\/medicpro.hr\\\/veleprodaja\\\/trgovina\\\/\"},{\"@type\":\"ListItem\",\"position\":3,\"name\":\"VODIK PEROKSID 30% 200 ml\"}]},{\"@type\":\"WebSite\",\"@id\":\"https:\\\/\\\/medicpro.hr\\\/veleprodaja\\\/#website\",\"url\":\"https:\\\/\\\/medicpro.hr\\\/veleprodaja\\\/\",\"name\":\"Medicpro.hr\",\"description\":\"Medicinski potro\u0161ni materijal i oprema\",\"publisher\":{\"@id\":\"https:\\\/\\\/medicpro.hr\\\/veleprodaja\\\/#organization\"},\"potentialAction\":[{\"@type\":\"SearchAction\",\"target\":{\"@type\":\"EntryPoint\",\"urlTemplate\":\"https:\\\/\\\/medicpro.hr\\\/veleprodaja\\\/?s={search_term_string}\"},\"query-input\":{\"@type\":\"PropertyValueSpecification\",\"valueRequired\":true,\"valueName\":\"search_term_string\"}}],\"inLanguage\":\"hr\"},{\"@type\":\"Organization\",\"@id\":\"https:\\\/\\\/medicpro.hr\\\/veleprodaja\\\/#organization\",\"name\":\"Medicpro d.o.o.\",\"url\":\"https:\\\/\\\/medicpro.hr\\\/veleprodaja\\\/\",\"logo\":{\"@type\":\"ImageObject\",\"inLanguage\":\"hr\",\"@id\":\"https:\\\/\\\/medicpro.hr\\\/veleprodaja\\\/#\\\/schema\\\/logo\\\/image\\\/\",\"url\":\"https:\\\/\\\/medicpro.hr\\\/veleprodaja\\\/wp-content\\\/uploads\\\/2025\\\/05\\\/medicpro_logo.svg\",\"contentUrl\":\"https:\\\/\\\/medicpro.hr\\\/veleprodaja\\\/wp-content\\\/uploads\\\/2025\\\/05\\\/medicpro_logo.svg\",\"width\":226,\"height\":42,\"caption\":\"Medicpro d.o.o.\"},\"image\":{\"@id\":\"https:\\\/\\\/medicpro.hr\\\/veleprodaja\\\/#\\\/schema\\\/logo\\\/image\\\/\"}}]}<\/script>\n<!-- \/ Yoast SEO plugin. -->","yoast_head_json":{"title":"VODIK PEROKSID 30% 200 ml - Medicpro","robots":{"index":"index","follow":"follow","max-snippet":"max-snippet:-1","max-image-preview":"max-image-preview:large","max-video-preview":"max-video-preview:-1"},"canonical":"https:\/\/medicpro.hr\/veleprodaja\/proizvod\/vodik-peroksid-30-200-ml\/","og_locale":"hr_HR","og_type":"article","og_title":"VODIK PEROKSID 30% 200 ml - Medicpro","og_description":"Vodik peroksid otopina 30%. Koristi se kao laboratorijska kemikalija, proizvodna tvar. Ne smije se koristiti u privatne svrhe (ku\u0107anstvo). Ne","og_url":"https:\/\/medicpro.hr\/veleprodaja\/proizvod\/vodik-peroksid-30-200-ml\/","og_site_name":"Medicpro","article_modified_time":"2025-10-29T08:31:27+00:00","og_image":[{"width":1000,"height":1300,"url":"https:\/\/medicpro.hr\/veleprodaja\/wp-content\/uploads\/2025\/06\/VODIK-PEROKSID-30-200-ml-1.jpg","type":"image\/jpeg"}],"twitter_card":"summary_large_image","twitter_misc":{"Procijenjeno vrijeme \u010ditanja":"3 minute"},"schema":{"@context":"https:\/\/schema.org","@graph":[{"@type":"WebPage","@id":"https:\/\/medicpro.hr\/veleprodaja\/proizvod\/vodik-peroksid-30-200-ml\/","url":"https:\/\/medicpro.hr\/veleprodaja\/proizvod\/vodik-peroksid-30-200-ml\/","name":"VODIK PEROKSID 30% 200 ml - Medicpro","isPartOf":{"@id":"https:\/\/medicpro.hr\/veleprodaja\/#website"},"primaryImageOfPage":{"@id":"https:\/\/medicpro.hr\/veleprodaja\/proizvod\/vodik-peroksid-30-200-ml\/#primaryimage"},"image":{"@id":"https:\/\/medicpro.hr\/veleprodaja\/proizvod\/vodik-peroksid-30-200-ml\/#primaryimage"},"thumbnailUrl":"https:\/\/medicpro.hr\/veleprodaja\/wp-content\/uploads\/2025\/06\/VODIK-PEROKSID-30-200-ml-1.jpg","datePublished":"2025-09-01T00:58:31+00:00","dateModified":"2025-10-29T08:31:27+00:00","breadcrumb":{"@id":"https:\/\/medicpro.hr\/veleprodaja\/proizvod\/vodik-peroksid-30-200-ml\/#breadcrumb"},"inLanguage":"hr","potentialAction":[{"@type":"ReadAction","target":["https:\/\/medicpro.hr\/veleprodaja\/proizvod\/vodik-peroksid-30-200-ml\/"]}]},{"@type":"ImageObject","inLanguage":"hr","@id":"https:\/\/medicpro.hr\/veleprodaja\/proizvod\/vodik-peroksid-30-200-ml\/#primaryimage","url":"https:\/\/medicpro.hr\/veleprodaja\/wp-content\/uploads\/2025\/06\/VODIK-PEROKSID-30-200-ml-1.jpg","contentUrl":"https:\/\/medicpro.hr\/veleprodaja\/wp-content\/uploads\/2025\/06\/VODIK-PEROKSID-30-200-ml-1.jpg","width":1000,"height":1300},{"@type":"BreadcrumbList","@id":"https:\/\/medicpro.hr\/veleprodaja\/proizvod\/vodik-peroksid-30-200-ml\/#breadcrumb","itemListElement":[{"@type":"ListItem","position":1,"name":"Po\u010detna stranica","item":"https:\/\/medicpro.hr\/veleprodaja\/"},{"@type":"ListItem","position":2,"name":"Veleprodaja","item":"https:\/\/medicpro.hr\/veleprodaja\/trgovina\/"},{"@type":"ListItem","position":3,"name":"VODIK PEROKSID 30% 200 ml"}]},{"@type":"WebSite","@id":"https:\/\/medicpro.hr\/veleprodaja\/#website","url":"https:\/\/medicpro.hr\/veleprodaja\/","name":"Medicpro.hr","description":"Medicinski potro\u0161ni materijal i oprema","publisher":{"@id":"https:\/\/medicpro.hr\/veleprodaja\/#organization"},"potentialAction":[{"@type":"SearchAction","target":{"@type":"EntryPoint","urlTemplate":"https:\/\/medicpro.hr\/veleprodaja\/?s={search_term_string}"},"query-input":{"@type":"PropertyValueSpecification","valueRequired":true,"valueName":"search_term_string"}}],"inLanguage":"hr"},{"@type":"Organization","@id":"https:\/\/medicpro.hr\/veleprodaja\/#organization","name":"Medicpro d.o.o.","url":"https:\/\/medicpro.hr\/veleprodaja\/","logo":{"@type":"ImageObject","inLanguage":"hr","@id":"https:\/\/medicpro.hr\/veleprodaja\/#\/schema\/logo\/image\/","url":"https:\/\/medicpro.hr\/veleprodaja\/wp-content\/uploads\/2025\/05\/medicpro_logo.svg","contentUrl":"https:\/\/medicpro.hr\/veleprodaja\/wp-content\/uploads\/2025\/05\/medicpro_logo.svg","width":226,"height":42,"caption":"Medicpro d.o.o."},"image":{"@id":"https:\/\/medicpro.hr\/veleprodaja\/#\/schema\/logo\/image\/"}}]}},"_links":{"self":[{"href":"https:\/\/medicpro.hr\/veleprodaja\/wp-json\/wp\/v2\/product\/60083","targetHints":{"allow":["GET"]}}],"collection":[{"href":"https:\/\/medicpro.hr\/veleprodaja\/wp-json\/wp\/v2\/product"}],"about":[{"href":"https:\/\/medicpro.hr\/veleprodaja\/wp-json\/wp\/v2\/types\/product"}],"replies":[{"embeddable":true,"href":"https:\/\/medicpro.hr\/veleprodaja\/wp-json\/wp\/v2\/comments?post=60083"}],"wp:featuredmedia":[{"embeddable":true,"href":"https:\/\/medicpro.hr\/veleprodaja\/wp-json\/wp\/v2\/media\/50231"}],"wp:attachment":[{"href":"https:\/\/medicpro.hr\/veleprodaja\/wp-json\/wp\/v2\/media?parent=60083"}],"wp:term":[{"taxonomy":"product_brand","embeddable":true,"href":"https:\/\/medicpro.hr\/veleprodaja\/wp-json\/wp\/v2\/product_brand?post=60083"},{"taxonomy":"product_cat","embeddable":true,"href":"https:\/\/medicpro.hr\/veleprodaja\/wp-json\/wp\/v2\/product_cat?post=60083"},{"taxonomy":"product_tag","embeddable":true,"href":"https:\/\/medicpro.hr\/veleprodaja\/wp-json\/wp\/v2\/product_tag?post=60083"}],"curies":[{"name":"wp","href":"https:\/\/api.w.org\/{rel}","templated":true}]}}