{"id":60019,"date":"2025-09-01T02:58:22","date_gmt":"2025-09-01T00:58:22","guid":{"rendered":"https:\/\/zdesmedicpro-velepro.kuhada.net\/?post_type=product&#038;p=60019"},"modified":"2025-09-12T11:02:20","modified_gmt":"2025-09-12T09:02:20","slug":"galileo-fit-standard","status":"publish","type":"product","link":"https:\/\/medicpro.hr\/veleprodaja\/proizvod\/galileo-fit-standard\/","title":{"rendered":"GALILEO FIT STANDARD"},"content":{"rendered":"<div class=\"rte\">\n<p>Standardni model za dobro opremljenu fitnes sobu.<\/p>\n<p>Princip Galilea temelji se na prirodnom kretanju ljudskog hoda. Galileovo bo\u010dno izmjeni\u010dno kretanje sli\u010dno je kretanju klackalice s promjenjivom amplitudom i frekvencijom, te stoga poti\u010de uzorak kretanja sli\u010dan ljudskom hodu. Brzo kretanje platforme za vje\u017ebanje uzrokuje naginjanje pokreta zdjelice, ba\u0161 kao i kod hodanja, ali mnogo \u010de\u0161\u0107e. Za kompenzaciju, tijelo reagira ritmi\u010dkim kontrakcijama mi\u0161i\u0107a, naizmjeni\u010dno izme\u0111u lijeve i desne strane tijela. Uz frekvenciju od oko 10 herca nadalje, ove kontrakcije mi\u0161i\u0107a nisu svjesni proces, ve\u0107 refleksni. Ovaj \u00a0refleks rastezanja aktivira mi\u0161i\u0107e u nogama, trbuhu i le\u0111ima prenose\u0107i informacije ravno u mo\u017edano deblo.<\/p>\n<p>Vibracije koje generira Galileo mogu se kontinuirano mijenjati u amplitudi i frekvenciji neovisno o tjelesnoj te\u017eini.<\/p>\n<p>Frekvenciju u hercima (ciklusi u sekundi) potrebno je odabrati i postaviti na ure\u0111aj, a uvijek se bira prema cilju treninga. Dakle, niske frekvencije se koriste za mobilizaciju, srednje frekvencije za treniranje mi\u0161i\u0107ne funkcije i visoke frekvencije za pove\u0107anje u\u010dinkovitosti mi\u0161i\u0107a.<\/p>\n<p>Za razliku od drugih trening platformi s vertikalnim (gore i dolje) pokretom, nagibni pokret Galileo terapije simulira ljudski hod na fiziolo\u0161ki na\u010din.<\/p>\n<p>Ure\u0111aj je jedinstven zbog pomicanja bo\u010dnih strana, pa je tijekom Galileo terapije kralje\u017enica stimulirana i blagim bo\u010dnim nagibom zdjelice. Kod svih ostalih platformi za vje\u017ebanje s vertikalnim kretanjem, kralje\u017enica se, zbog sile koja djeluje isklju\u010divo vertikalno, neprestano gotovo isklju\u010divo komprimira i raste\u017ee.<\/p>\n<p>Fiziolo\u0161ka stimulacija kralje\u017enice s Galileovom naizmjeni\u010dnom funkcijom omogu\u0107uje, s toga, bolje djelovanje na mi\u0161i\u0107e le\u0111a i trbuha.<\/p>\n<p>Indikacije za uporabu Galileo ure\u0111aja: slabost mi\u0161i\u0107a i propadanje mi\u0161i\u0107a uslijed gubitka fizi\u010dke spreme, pobolj\u0161anje kompenzacijskih performansa mi\u0161i\u0107a pri razli\u010ditim oblicima mi\u0161i\u0107ne distrofije, osteoporoza, spasticne pareses \u2013 npr. nakon mo\u017edanog udara i MS, paraplegija. Parkinson, \u00a0inkontinencija uzrokovana stresom, bolovi u le\u0111ima, pobolj\u0161anja cirkulacija, ograni\u010dena pokretljivost zglobova, prevencija padanja&#8230;<\/p>\n<p>Detalje o proizvodu mo\u017eete prona\u0107i na sljede\u0107em linku:\u00a0\u00a0<a href=\"https:\/\/www.galileo-training.com\/us-english\/products\/galileo-training-devices.html\">https:\/\/www.galileo-training.com\/us-english\/products\/galileo-training-devices.html.<\/a><\/p>\n<p><span style=\"color: #0000ff;\"><strong>Nudimo mogu\u0107nost najma Galileo demo ure\u0111aja u trajanju od minimalno 30 dana, a maksimalno 60 dana.<br \/>\n<\/strong><\/span><\/p>\n<p><span style=\"color: #0000ff;\"><strong>Cijena najma je 250,00 eura s PDV-om.<\/strong><\/span><\/p>\n<p><span style=\"color: #0000ff;\"><strong>U slu\u010daju kupnje, cijena ure\u0111aja se umanjuje za pla\u0107eni iznos najma.<\/strong><\/span><\/p>\n<p><span style=\"color: #0000ff;\"><strong>Za detaljnije informacije o postupku najma ure\u0111aja, molimo kontaktirajte nas na telefon: 040 314 407 ili e-mail: info@medicpro.hr.<\/strong><\/span><\/p>\n<p>Technical data:<\/p>\n<p>Type numbers: 8N057410, 8N057411<br \/>\nMedical device: No<br \/>\nCertificate: CE<br \/>\nHand rail: Yes<br \/>\nExternal control: Mounted on hand rail<br \/>\nInternal control: Yes<br \/>\nRemote control: Yes<br \/>\nFrequency range (from\/to): 5..36 Hz<br \/>\nAmplitude (from\/to): 0..+\/-5,2 mm<br \/>\nStroke: 0..10,4 mm<br \/>\nMax. acceleration: 27,1 g<br \/>\nDimensions base unit (l\/w\/h): 780 x 615 x 140 mm<br \/>\nDimensions footplate (l\/w): 580 x 370 mm<br \/>\nOverall dimensions (l\/w\/h): 780 x 880 x 1300 mm<br \/>\nWeight base unit: 42 kg<br \/>\nTotal weight: 64 kg<br \/>\nMax. load (body weight): 200 kg<br \/>\nPower consumption: 800 VA<br \/>\nCategorisation: professional<br \/>\nWobbel function: Yes<br \/>\nGalileo\u00ae Smart Coaching: Yes<br \/>\nTower with control panel incl. key switch Dimensions: 730 x 880 x 1300 mm, Weight: 22 kg<\/p>\n<p>Options:<\/p>\n<p>Option: Chip version<br \/>\nOption: Galileo\u00ae Personal Trainer (PT)<\/p>\n<\/div>\n","protected":false},"excerpt":{"rendered":"<p>Standardni model za dobro opremljenu fitnes sobu. Princip Galilea temelji se na prirodnom kretanju ljudskog hoda. Galileovo bo\u010dno izmjeni\u010dno kretanje<\/p>\n","protected":false},"featured_media":50100,"comment_status":"open","ping_status":"closed","template":"","meta":[],"product_brand":[],"product_cat":[705,755],"product_tag":[],"class_list":{"0":"post-60019","1":"product","2":"type-product","3":"status-publish","4":"has-post-thumbnail","6":"product_cat-fizikalna-terapija","7":"product_cat-galileo-uredaji","9":"first","10":"onbackorder","11":"taxable","12":"shipping-taxable","13":"purchasable","14":"product-type-simple"},"acf":[],"yoast_head":"<!-- This site is optimized with the Yoast SEO plugin v27.3 - https:\/\/yoast.com\/product\/yoast-seo-wordpress\/ -->\n<title>GALILEO FIT STANDARD - Medicpro<\/title>\n<meta name=\"robots\" content=\"index, follow, max-snippet:-1, max-image-preview:large, max-video-preview:-1\" \/>\n<link rel=\"canonical\" href=\"https:\/\/medicpro.hr\/veleprodaja\/proizvod\/galileo-fit-standard\/\" \/>\n<meta property=\"og:locale\" content=\"hr_HR\" \/>\n<meta property=\"og:type\" content=\"article\" \/>\n<meta property=\"og:title\" content=\"GALILEO FIT STANDARD - Medicpro\" \/>\n<meta property=\"og:description\" content=\"Standardni model za dobro opremljenu fitnes sobu. Princip Galilea temelji se na prirodnom kretanju ljudskog hoda. Galileovo bo\u010dno izmjeni\u010dno kretanje\" \/>\n<meta property=\"og:url\" content=\"https:\/\/medicpro.hr\/veleprodaja\/proizvod\/galileo-fit-standard\/\" \/>\n<meta property=\"og:site_name\" content=\"Medicpro\" \/>\n<meta property=\"article:modified_time\" content=\"2025-09-12T09:02:20+00:00\" \/>\n<meta property=\"og:image\" content=\"https:\/\/medicpro.hr\/veleprodaja\/wp-content\/uploads\/2025\/06\/products-6653-1-1.jpg\" \/>\n\t<meta property=\"og:image:width\" content=\"800\" \/>\n\t<meta property=\"og:image:height\" content=\"1195\" \/>\n\t<meta property=\"og:image:type\" content=\"image\/jpeg\" \/>\n<meta name=\"twitter:card\" content=\"summary_large_image\" \/>\n<meta name=\"twitter:label1\" content=\"Procijenjeno vrijeme \u010ditanja\" \/>\n\t<meta name=\"twitter:data1\" content=\"3 minute\" \/>\n<script type=\"application\/ld+json\" class=\"yoast-schema-graph\">{\"@context\":\"https:\\\/\\\/schema.org\",\"@graph\":[{\"@type\":\"WebPage\",\"@id\":\"https:\\\/\\\/medicpro.hr\\\/veleprodaja\\\/proizvod\\\/galileo-fit-standard\\\/\",\"url\":\"https:\\\/\\\/medicpro.hr\\\/veleprodaja\\\/proizvod\\\/galileo-fit-standard\\\/\",\"name\":\"GALILEO FIT STANDARD - Medicpro\",\"isPartOf\":{\"@id\":\"https:\\\/\\\/medicpro.hr\\\/veleprodaja\\\/#website\"},\"primaryImageOfPage\":{\"@id\":\"https:\\\/\\\/medicpro.hr\\\/veleprodaja\\\/proizvod\\\/galileo-fit-standard\\\/#primaryimage\"},\"image\":{\"@id\":\"https:\\\/\\\/medicpro.hr\\\/veleprodaja\\\/proizvod\\\/galileo-fit-standard\\\/#primaryimage\"},\"thumbnailUrl\":\"https:\\\/\\\/medicpro.hr\\\/veleprodaja\\\/wp-content\\\/uploads\\\/2025\\\/06\\\/products-6653-1-1.jpg\",\"datePublished\":\"2025-09-01T00:58:22+00:00\",\"dateModified\":\"2025-09-12T09:02:20+00:00\",\"breadcrumb\":{\"@id\":\"https:\\\/\\\/medicpro.hr\\\/veleprodaja\\\/proizvod\\\/galileo-fit-standard\\\/#breadcrumb\"},\"inLanguage\":\"hr\",\"potentialAction\":[{\"@type\":\"ReadAction\",\"target\":[\"https:\\\/\\\/medicpro.hr\\\/veleprodaja\\\/proizvod\\\/galileo-fit-standard\\\/\"]}]},{\"@type\":\"ImageObject\",\"inLanguage\":\"hr\",\"@id\":\"https:\\\/\\\/medicpro.hr\\\/veleprodaja\\\/proizvod\\\/galileo-fit-standard\\\/#primaryimage\",\"url\":\"https:\\\/\\\/medicpro.hr\\\/veleprodaja\\\/wp-content\\\/uploads\\\/2025\\\/06\\\/products-6653-1-1.jpg\",\"contentUrl\":\"https:\\\/\\\/medicpro.hr\\\/veleprodaja\\\/wp-content\\\/uploads\\\/2025\\\/06\\\/products-6653-1-1.jpg\",\"width\":800,\"height\":1195},{\"@type\":\"BreadcrumbList\",\"@id\":\"https:\\\/\\\/medicpro.hr\\\/veleprodaja\\\/proizvod\\\/galileo-fit-standard\\\/#breadcrumb\",\"itemListElement\":[{\"@type\":\"ListItem\",\"position\":1,\"name\":\"Po\u010detna stranica\",\"item\":\"https:\\\/\\\/medicpro.hr\\\/veleprodaja\\\/\"},{\"@type\":\"ListItem\",\"position\":2,\"name\":\"Veleprodaja\",\"item\":\"https:\\\/\\\/medicpro.hr\\\/veleprodaja\\\/trgovina\\\/\"},{\"@type\":\"ListItem\",\"position\":3,\"name\":\"GALILEO FIT STANDARD\"}]},{\"@type\":\"WebSite\",\"@id\":\"https:\\\/\\\/medicpro.hr\\\/veleprodaja\\\/#website\",\"url\":\"https:\\\/\\\/medicpro.hr\\\/veleprodaja\\\/\",\"name\":\"Medicpro.hr\",\"description\":\"Medicinski potro\u0161ni materijal i oprema\",\"publisher\":{\"@id\":\"https:\\\/\\\/medicpro.hr\\\/veleprodaja\\\/#organization\"},\"potentialAction\":[{\"@type\":\"SearchAction\",\"target\":{\"@type\":\"EntryPoint\",\"urlTemplate\":\"https:\\\/\\\/medicpro.hr\\\/veleprodaja\\\/?s={search_term_string}\"},\"query-input\":{\"@type\":\"PropertyValueSpecification\",\"valueRequired\":true,\"valueName\":\"search_term_string\"}}],\"inLanguage\":\"hr\"},{\"@type\":\"Organization\",\"@id\":\"https:\\\/\\\/medicpro.hr\\\/veleprodaja\\\/#organization\",\"name\":\"Medicpro d.o.o.\",\"url\":\"https:\\\/\\\/medicpro.hr\\\/veleprodaja\\\/\",\"logo\":{\"@type\":\"ImageObject\",\"inLanguage\":\"hr\",\"@id\":\"https:\\\/\\\/medicpro.hr\\\/veleprodaja\\\/#\\\/schema\\\/logo\\\/image\\\/\",\"url\":\"https:\\\/\\\/medicpro.hr\\\/veleprodaja\\\/wp-content\\\/uploads\\\/2025\\\/05\\\/medicpro_logo.svg\",\"contentUrl\":\"https:\\\/\\\/medicpro.hr\\\/veleprodaja\\\/wp-content\\\/uploads\\\/2025\\\/05\\\/medicpro_logo.svg\",\"width\":226,\"height\":42,\"caption\":\"Medicpro d.o.o.\"},\"image\":{\"@id\":\"https:\\\/\\\/medicpro.hr\\\/veleprodaja\\\/#\\\/schema\\\/logo\\\/image\\\/\"}}]}<\/script>\n<!-- \/ Yoast SEO plugin. -->","yoast_head_json":{"title":"GALILEO FIT STANDARD - Medicpro","robots":{"index":"index","follow":"follow","max-snippet":"max-snippet:-1","max-image-preview":"max-image-preview:large","max-video-preview":"max-video-preview:-1"},"canonical":"https:\/\/medicpro.hr\/veleprodaja\/proizvod\/galileo-fit-standard\/","og_locale":"hr_HR","og_type":"article","og_title":"GALILEO FIT STANDARD - Medicpro","og_description":"Standardni model za dobro opremljenu fitnes sobu. Princip Galilea temelji se na prirodnom kretanju ljudskog hoda. Galileovo bo\u010dno izmjeni\u010dno kretanje","og_url":"https:\/\/medicpro.hr\/veleprodaja\/proizvod\/galileo-fit-standard\/","og_site_name":"Medicpro","article_modified_time":"2025-09-12T09:02:20+00:00","og_image":[{"width":800,"height":1195,"url":"https:\/\/medicpro.hr\/veleprodaja\/wp-content\/uploads\/2025\/06\/products-6653-1-1.jpg","type":"image\/jpeg"}],"twitter_card":"summary_large_image","twitter_misc":{"Procijenjeno vrijeme \u010ditanja":"3 minute"},"schema":{"@context":"https:\/\/schema.org","@graph":[{"@type":"WebPage","@id":"https:\/\/medicpro.hr\/veleprodaja\/proizvod\/galileo-fit-standard\/","url":"https:\/\/medicpro.hr\/veleprodaja\/proizvod\/galileo-fit-standard\/","name":"GALILEO FIT STANDARD - Medicpro","isPartOf":{"@id":"https:\/\/medicpro.hr\/veleprodaja\/#website"},"primaryImageOfPage":{"@id":"https:\/\/medicpro.hr\/veleprodaja\/proizvod\/galileo-fit-standard\/#primaryimage"},"image":{"@id":"https:\/\/medicpro.hr\/veleprodaja\/proizvod\/galileo-fit-standard\/#primaryimage"},"thumbnailUrl":"https:\/\/medicpro.hr\/veleprodaja\/wp-content\/uploads\/2025\/06\/products-6653-1-1.jpg","datePublished":"2025-09-01T00:58:22+00:00","dateModified":"2025-09-12T09:02:20+00:00","breadcrumb":{"@id":"https:\/\/medicpro.hr\/veleprodaja\/proizvod\/galileo-fit-standard\/#breadcrumb"},"inLanguage":"hr","potentialAction":[{"@type":"ReadAction","target":["https:\/\/medicpro.hr\/veleprodaja\/proizvod\/galileo-fit-standard\/"]}]},{"@type":"ImageObject","inLanguage":"hr","@id":"https:\/\/medicpro.hr\/veleprodaja\/proizvod\/galileo-fit-standard\/#primaryimage","url":"https:\/\/medicpro.hr\/veleprodaja\/wp-content\/uploads\/2025\/06\/products-6653-1-1.jpg","contentUrl":"https:\/\/medicpro.hr\/veleprodaja\/wp-content\/uploads\/2025\/06\/products-6653-1-1.jpg","width":800,"height":1195},{"@type":"BreadcrumbList","@id":"https:\/\/medicpro.hr\/veleprodaja\/proizvod\/galileo-fit-standard\/#breadcrumb","itemListElement":[{"@type":"ListItem","position":1,"name":"Po\u010detna stranica","item":"https:\/\/medicpro.hr\/veleprodaja\/"},{"@type":"ListItem","position":2,"name":"Veleprodaja","item":"https:\/\/medicpro.hr\/veleprodaja\/trgovina\/"},{"@type":"ListItem","position":3,"name":"GALILEO FIT STANDARD"}]},{"@type":"WebSite","@id":"https:\/\/medicpro.hr\/veleprodaja\/#website","url":"https:\/\/medicpro.hr\/veleprodaja\/","name":"Medicpro.hr","description":"Medicinski potro\u0161ni materijal i oprema","publisher":{"@id":"https:\/\/medicpro.hr\/veleprodaja\/#organization"},"potentialAction":[{"@type":"SearchAction","target":{"@type":"EntryPoint","urlTemplate":"https:\/\/medicpro.hr\/veleprodaja\/?s={search_term_string}"},"query-input":{"@type":"PropertyValueSpecification","valueRequired":true,"valueName":"search_term_string"}}],"inLanguage":"hr"},{"@type":"Organization","@id":"https:\/\/medicpro.hr\/veleprodaja\/#organization","name":"Medicpro d.o.o.","url":"https:\/\/medicpro.hr\/veleprodaja\/","logo":{"@type":"ImageObject","inLanguage":"hr","@id":"https:\/\/medicpro.hr\/veleprodaja\/#\/schema\/logo\/image\/","url":"https:\/\/medicpro.hr\/veleprodaja\/wp-content\/uploads\/2025\/05\/medicpro_logo.svg","contentUrl":"https:\/\/medicpro.hr\/veleprodaja\/wp-content\/uploads\/2025\/05\/medicpro_logo.svg","width":226,"height":42,"caption":"Medicpro d.o.o."},"image":{"@id":"https:\/\/medicpro.hr\/veleprodaja\/#\/schema\/logo\/image\/"}}]}},"_links":{"self":[{"href":"https:\/\/medicpro.hr\/veleprodaja\/wp-json\/wp\/v2\/product\/60019","targetHints":{"allow":["GET"]}}],"collection":[{"href":"https:\/\/medicpro.hr\/veleprodaja\/wp-json\/wp\/v2\/product"}],"about":[{"href":"https:\/\/medicpro.hr\/veleprodaja\/wp-json\/wp\/v2\/types\/product"}],"replies":[{"embeddable":true,"href":"https:\/\/medicpro.hr\/veleprodaja\/wp-json\/wp\/v2\/comments?post=60019"}],"wp:featuredmedia":[{"embeddable":true,"href":"https:\/\/medicpro.hr\/veleprodaja\/wp-json\/wp\/v2\/media\/50100"}],"wp:attachment":[{"href":"https:\/\/medicpro.hr\/veleprodaja\/wp-json\/wp\/v2\/media?parent=60019"}],"wp:term":[{"taxonomy":"product_brand","embeddable":true,"href":"https:\/\/medicpro.hr\/veleprodaja\/wp-json\/wp\/v2\/product_brand?post=60019"},{"taxonomy":"product_cat","embeddable":true,"href":"https:\/\/medicpro.hr\/veleprodaja\/wp-json\/wp\/v2\/product_cat?post=60019"},{"taxonomy":"product_tag","embeddable":true,"href":"https:\/\/medicpro.hr\/veleprodaja\/wp-json\/wp\/v2\/product_tag?post=60019"}],"curies":[{"name":"wp","href":"https:\/\/api.w.org\/{rel}","templated":true}]}}