{"id":59922,"date":"2025-09-01T02:58:05","date_gmt":"2025-09-01T00:58:05","guid":{"rendered":"https:\/\/zdesmedicpro-velepro.kuhada.net\/?post_type=product&#038;p=59922"},"modified":"2025-09-12T11:02:26","modified_gmt":"2025-09-12T09:02:26","slug":"tlakomjer-precisa-n-aluminium-adult-velcro-cuff","status":"publish","type":"product","link":"https:\/\/medicpro.hr\/veleprodaja\/proizvod\/tlakomjer-precisa-n-aluminium-adult-velcro-cuff\/","title":{"rendered":"TLAKOMJER PRECISA N ALUMINIUM, ADULT VELCRO CUFF"},"content":{"rendered":"<ul>\n<li>Tlakomjer precisa\u00ae N Riester za mjerenje krvnog tlaka.<\/li>\n<li>Sadr\u017ei <strong>precizan ventil za ispu\u0161tanje zraka<\/strong> s finim pode\u0161avanjem.<\/li>\n<li>Mikrofilter sfigmomanometra \u0161titi ventil za ispu\u0161tanje zraka te mjerni sustav.<\/li>\n<li><strong>Dijafragma je posebno kaljena od legure bakra i berilija te<\/strong> <strong>gotovo da i ne zastarijeva<\/strong>.<\/li>\n<li>Kapacitet pritiska dijafragme: do 600 mm Hg.<\/li>\n<li>Materijal pumpice za napuhavanje man\u017eete: lateks.<\/li>\n<li>Postolje ventila je metalno.<\/li>\n<li><strong>Ergonomska dr\u0161ka u obliku \u017elice od nehr\u0111aju\u0107eg \u010delika<\/strong>.<\/li>\n<li>Aluminijsko ku\u0107i\u0161te.<\/li>\n<li>Skala ljestvice: od 0 do 300 mm Hg (lako \u010ditljiva).<\/li>\n<li>Maksimalna tolerancija gre\u0161ke: +\/- 3 mm Hg.<\/li>\n<li><strong>Proizvedeno u Njema\u010dkoj.<\/strong><\/li>\n<\/ul>\n","protected":false},"excerpt":{"rendered":"<p>Tlakomjer precisa\u00ae N Riester za mjerenje krvnog tlaka. Sadr\u017ei precizan ventil za ispu\u0161tanje zraka s finim pode\u0161avanjem. Mikrofilter sfigmomanometra \u0161titi<\/p>\n","protected":false},"featured_media":0,"comment_status":"open","ping_status":"closed","template":"","meta":[],"product_brand":[],"product_cat":[702,782],"product_tag":[],"class_list":{"0":"post-59922","1":"product","2":"type-product","3":"status-publish","5":"product_cat-dijagnostika","6":"product_cat-tlakomjeri","8":"first","9":"onbackorder","10":"taxable","11":"shipping-taxable","12":"purchasable","13":"product-type-simple"},"acf":[],"yoast_head":"<!-- This site is optimized with the Yoast SEO plugin v27.3 - https:\/\/yoast.com\/product\/yoast-seo-wordpress\/ -->\n<title>TLAKOMJER PRECISA N ALUMINIUM, ADULT VELCRO CUFF - Medicpro<\/title>\n<meta name=\"robots\" content=\"index, follow, max-snippet:-1, max-image-preview:large, max-video-preview:-1\" \/>\n<link rel=\"canonical\" href=\"https:\/\/medicpro.hr\/veleprodaja\/proizvod\/tlakomjer-precisa-n-aluminium-adult-velcro-cuff\/\" \/>\n<meta property=\"og:locale\" content=\"hr_HR\" \/>\n<meta property=\"og:type\" content=\"article\" \/>\n<meta property=\"og:title\" content=\"TLAKOMJER PRECISA N ALUMINIUM, ADULT VELCRO CUFF - Medicpro\" \/>\n<meta property=\"og:description\" content=\"Tlakomjer precisa\u00ae N Riester za mjerenje krvnog tlaka. Sadr\u017ei precizan ventil za ispu\u0161tanje zraka s finim pode\u0161avanjem. Mikrofilter sfigmomanometra \u0161titi\" \/>\n<meta property=\"og:url\" content=\"https:\/\/medicpro.hr\/veleprodaja\/proizvod\/tlakomjer-precisa-n-aluminium-adult-velcro-cuff\/\" \/>\n<meta property=\"og:site_name\" content=\"Medicpro\" \/>\n<meta property=\"article:modified_time\" content=\"2025-09-12T09:02:26+00:00\" \/>\n<meta name=\"twitter:card\" content=\"summary_large_image\" \/>\n<script type=\"application\/ld+json\" class=\"yoast-schema-graph\">{\"@context\":\"https:\\\/\\\/schema.org\",\"@graph\":[{\"@type\":\"WebPage\",\"@id\":\"https:\\\/\\\/medicpro.hr\\\/veleprodaja\\\/proizvod\\\/tlakomjer-precisa-n-aluminium-adult-velcro-cuff\\\/\",\"url\":\"https:\\\/\\\/medicpro.hr\\\/veleprodaja\\\/proizvod\\\/tlakomjer-precisa-n-aluminium-adult-velcro-cuff\\\/\",\"name\":\"TLAKOMJER PRECISA N ALUMINIUM, ADULT VELCRO CUFF - Medicpro\",\"isPartOf\":{\"@id\":\"https:\\\/\\\/medicpro.hr\\\/veleprodaja\\\/#website\"},\"datePublished\":\"2025-09-01T00:58:05+00:00\",\"dateModified\":\"2025-09-12T09:02:26+00:00\",\"breadcrumb\":{\"@id\":\"https:\\\/\\\/medicpro.hr\\\/veleprodaja\\\/proizvod\\\/tlakomjer-precisa-n-aluminium-adult-velcro-cuff\\\/#breadcrumb\"},\"inLanguage\":\"hr\",\"potentialAction\":[{\"@type\":\"ReadAction\",\"target\":[\"https:\\\/\\\/medicpro.hr\\\/veleprodaja\\\/proizvod\\\/tlakomjer-precisa-n-aluminium-adult-velcro-cuff\\\/\"]}]},{\"@type\":\"BreadcrumbList\",\"@id\":\"https:\\\/\\\/medicpro.hr\\\/veleprodaja\\\/proizvod\\\/tlakomjer-precisa-n-aluminium-adult-velcro-cuff\\\/#breadcrumb\",\"itemListElement\":[{\"@type\":\"ListItem\",\"position\":1,\"name\":\"Po\u010detna stranica\",\"item\":\"https:\\\/\\\/medicpro.hr\\\/veleprodaja\\\/\"},{\"@type\":\"ListItem\",\"position\":2,\"name\":\"Veleprodaja\",\"item\":\"https:\\\/\\\/medicpro.hr\\\/veleprodaja\\\/trgovina\\\/\"},{\"@type\":\"ListItem\",\"position\":3,\"name\":\"TLAKOMJER PRECISA N ALUMINIUM, ADULT VELCRO CUFF\"}]},{\"@type\":\"WebSite\",\"@id\":\"https:\\\/\\\/medicpro.hr\\\/veleprodaja\\\/#website\",\"url\":\"https:\\\/\\\/medicpro.hr\\\/veleprodaja\\\/\",\"name\":\"Medicpro.hr\",\"description\":\"Medicinski potro\u0161ni materijal i oprema\",\"publisher\":{\"@id\":\"https:\\\/\\\/medicpro.hr\\\/veleprodaja\\\/#organization\"},\"potentialAction\":[{\"@type\":\"SearchAction\",\"target\":{\"@type\":\"EntryPoint\",\"urlTemplate\":\"https:\\\/\\\/medicpro.hr\\\/veleprodaja\\\/?s={search_term_string}\"},\"query-input\":{\"@type\":\"PropertyValueSpecification\",\"valueRequired\":true,\"valueName\":\"search_term_string\"}}],\"inLanguage\":\"hr\"},{\"@type\":\"Organization\",\"@id\":\"https:\\\/\\\/medicpro.hr\\\/veleprodaja\\\/#organization\",\"name\":\"Medicpro d.o.o.\",\"url\":\"https:\\\/\\\/medicpro.hr\\\/veleprodaja\\\/\",\"logo\":{\"@type\":\"ImageObject\",\"inLanguage\":\"hr\",\"@id\":\"https:\\\/\\\/medicpro.hr\\\/veleprodaja\\\/#\\\/schema\\\/logo\\\/image\\\/\",\"url\":\"https:\\\/\\\/medicpro.hr\\\/veleprodaja\\\/wp-content\\\/uploads\\\/2025\\\/05\\\/medicpro_logo.svg\",\"contentUrl\":\"https:\\\/\\\/medicpro.hr\\\/veleprodaja\\\/wp-content\\\/uploads\\\/2025\\\/05\\\/medicpro_logo.svg\",\"width\":226,\"height\":42,\"caption\":\"Medicpro d.o.o.\"},\"image\":{\"@id\":\"https:\\\/\\\/medicpro.hr\\\/veleprodaja\\\/#\\\/schema\\\/logo\\\/image\\\/\"}}]}<\/script>\n<!-- \/ Yoast SEO plugin. -->","yoast_head_json":{"title":"TLAKOMJER PRECISA N ALUMINIUM, ADULT VELCRO CUFF - Medicpro","robots":{"index":"index","follow":"follow","max-snippet":"max-snippet:-1","max-image-preview":"max-image-preview:large","max-video-preview":"max-video-preview:-1"},"canonical":"https:\/\/medicpro.hr\/veleprodaja\/proizvod\/tlakomjer-precisa-n-aluminium-adult-velcro-cuff\/","og_locale":"hr_HR","og_type":"article","og_title":"TLAKOMJER PRECISA N ALUMINIUM, ADULT VELCRO CUFF - Medicpro","og_description":"Tlakomjer precisa\u00ae N Riester za mjerenje krvnog tlaka. Sadr\u017ei precizan ventil za ispu\u0161tanje zraka s finim pode\u0161avanjem. Mikrofilter sfigmomanometra \u0161titi","og_url":"https:\/\/medicpro.hr\/veleprodaja\/proizvod\/tlakomjer-precisa-n-aluminium-adult-velcro-cuff\/","og_site_name":"Medicpro","article_modified_time":"2025-09-12T09:02:26+00:00","twitter_card":"summary_large_image","schema":{"@context":"https:\/\/schema.org","@graph":[{"@type":"WebPage","@id":"https:\/\/medicpro.hr\/veleprodaja\/proizvod\/tlakomjer-precisa-n-aluminium-adult-velcro-cuff\/","url":"https:\/\/medicpro.hr\/veleprodaja\/proizvod\/tlakomjer-precisa-n-aluminium-adult-velcro-cuff\/","name":"TLAKOMJER PRECISA N ALUMINIUM, ADULT VELCRO CUFF - Medicpro","isPartOf":{"@id":"https:\/\/medicpro.hr\/veleprodaja\/#website"},"datePublished":"2025-09-01T00:58:05+00:00","dateModified":"2025-09-12T09:02:26+00:00","breadcrumb":{"@id":"https:\/\/medicpro.hr\/veleprodaja\/proizvod\/tlakomjer-precisa-n-aluminium-adult-velcro-cuff\/#breadcrumb"},"inLanguage":"hr","potentialAction":[{"@type":"ReadAction","target":["https:\/\/medicpro.hr\/veleprodaja\/proizvod\/tlakomjer-precisa-n-aluminium-adult-velcro-cuff\/"]}]},{"@type":"BreadcrumbList","@id":"https:\/\/medicpro.hr\/veleprodaja\/proizvod\/tlakomjer-precisa-n-aluminium-adult-velcro-cuff\/#breadcrumb","itemListElement":[{"@type":"ListItem","position":1,"name":"Po\u010detna stranica","item":"https:\/\/medicpro.hr\/veleprodaja\/"},{"@type":"ListItem","position":2,"name":"Veleprodaja","item":"https:\/\/medicpro.hr\/veleprodaja\/trgovina\/"},{"@type":"ListItem","position":3,"name":"TLAKOMJER PRECISA N ALUMINIUM, ADULT VELCRO CUFF"}]},{"@type":"WebSite","@id":"https:\/\/medicpro.hr\/veleprodaja\/#website","url":"https:\/\/medicpro.hr\/veleprodaja\/","name":"Medicpro.hr","description":"Medicinski potro\u0161ni materijal i oprema","publisher":{"@id":"https:\/\/medicpro.hr\/veleprodaja\/#organization"},"potentialAction":[{"@type":"SearchAction","target":{"@type":"EntryPoint","urlTemplate":"https:\/\/medicpro.hr\/veleprodaja\/?s={search_term_string}"},"query-input":{"@type":"PropertyValueSpecification","valueRequired":true,"valueName":"search_term_string"}}],"inLanguage":"hr"},{"@type":"Organization","@id":"https:\/\/medicpro.hr\/veleprodaja\/#organization","name":"Medicpro d.o.o.","url":"https:\/\/medicpro.hr\/veleprodaja\/","logo":{"@type":"ImageObject","inLanguage":"hr","@id":"https:\/\/medicpro.hr\/veleprodaja\/#\/schema\/logo\/image\/","url":"https:\/\/medicpro.hr\/veleprodaja\/wp-content\/uploads\/2025\/05\/medicpro_logo.svg","contentUrl":"https:\/\/medicpro.hr\/veleprodaja\/wp-content\/uploads\/2025\/05\/medicpro_logo.svg","width":226,"height":42,"caption":"Medicpro d.o.o."},"image":{"@id":"https:\/\/medicpro.hr\/veleprodaja\/#\/schema\/logo\/image\/"}}]}},"_links":{"self":[{"href":"https:\/\/medicpro.hr\/veleprodaja\/wp-json\/wp\/v2\/product\/59922","targetHints":{"allow":["GET"]}}],"collection":[{"href":"https:\/\/medicpro.hr\/veleprodaja\/wp-json\/wp\/v2\/product"}],"about":[{"href":"https:\/\/medicpro.hr\/veleprodaja\/wp-json\/wp\/v2\/types\/product"}],"replies":[{"embeddable":true,"href":"https:\/\/medicpro.hr\/veleprodaja\/wp-json\/wp\/v2\/comments?post=59922"}],"wp:attachment":[{"href":"https:\/\/medicpro.hr\/veleprodaja\/wp-json\/wp\/v2\/media?parent=59922"}],"wp:term":[{"taxonomy":"product_brand","embeddable":true,"href":"https:\/\/medicpro.hr\/veleprodaja\/wp-json\/wp\/v2\/product_brand?post=59922"},{"taxonomy":"product_cat","embeddable":true,"href":"https:\/\/medicpro.hr\/veleprodaja\/wp-json\/wp\/v2\/product_cat?post=59922"},{"taxonomy":"product_tag","embeddable":true,"href":"https:\/\/medicpro.hr\/veleprodaja\/wp-json\/wp\/v2\/product_tag?post=59922"}],"curies":[{"name":"wp","href":"https:\/\/api.w.org\/{rel}","templated":true}]}}